{"id":66929,"date":"2023-02-27T19:50:24","date_gmt":"2023-02-27T18:50:24","guid":{"rendered":"http:\/\/shop.bantam.ch\/produit\/refrigerateur-coolmatic\/"},"modified":"2026-05-02T22:01:42","modified_gmt":"2026-05-02T20:01:42","slug":"refrigerateur-coolmatic","status":"publish","type":"product","link":"https:\/\/shop.bantam.ch\/fr\/produit\/refrigerateur-coolmatic\/","title":{"rendered":"R\u00e9frig\u00e9rateur CoolMatic"},"content":{"rendered":"<p>Les r\u00e9frig\u00e9rateurs \u00e0 compresseur de la gamme CoolMatic CRX sont de grands artistes de la transformation. Leur astuce : aucun secret, mais une d\u00e9couverte brevet\u00e9e de Dometic. Le compartiment freezer peut \u00eatre retir\u00e9 enti\u00e8rement pour faire de la place \u00e0 un r\u00e9frig\u00e9rateur ou un cong\u00e9lateur plus grand. La temp\u00e9rature s\u00e9lectionn\u00e9e est r\u00e9gl\u00e9e sur le panneau de commande Soft-Touch int\u00e9gr\u00e9 affleurant l\u00e9g\u00e8rement dans la paroi int\u00e9rieure et int\u00e9grant de mani\u00e8re \u00e9l\u00e9gante l\u2018\u00e9clairage LED. Derri\u00e8re tout \u00e7a se cache un syst\u00e8me \u00e9lectronique intelligent &#8211; le syst\u00e8me optimise le r\u00e9gime du compresseur et permet d\u2018\u00e9conomiser jusqu\u2018\u00e0 25 % d\u2018\u00e9nergie.<\/p>\n<ul>\n<li>R\u00e9gulation parfaite de la temp\u00e9rature \u00e0 cinq niveaux gr\u00e2ce \u00e0 un panneau de commande Soft-Touch<\/li>\n<li>Compresseur puissant \u00e0 vitesse variable sur trois niveaux pour un fonctionnement efficace et silencieux.<\/li>\n<li>La vitesse du ventilateur s&rsquo;adapte \u00e0 la temp\u00e9rature ambiante &#8211; puissance maximale \u00e0 haute temp\u00e9rature, faible puissance \u00e0 basse temp\u00e9rature.<\/li>\n<li>Double verrouillage de la porte (en haut \/ en bas)<\/li>\n<li>Plaque d\u00e9corative\u00a0: mat argent\u00e9 (design acier inoxydable bross\u00e9)<\/li>\n<li>Bo\u00eetier\u00a0: noir<\/li>\n<li>Cadre de porte\u00a0: argent\u00e9<\/li>\n<\/ul>\n<p>\u00a0<\/p>\n","protected":false},"excerpt":{"rendered":"<p>Les r\u00e9frig\u00e9rateurs \u00e0 compresseur de la gamme CoolMatic CRX sont de grands artistes de la transformation. Leur astuce : aucun secret, mais une d\u00e9couverte brevet\u00e9e de Dometic. Le compartiment freezer peut \u00eatre retir\u00e9 enti\u00e8rement pour faire de la place \u00e0 un r\u00e9frig\u00e9rateur ou un cong\u00e9lateur plus grand. La temp\u00e9rature s\u00e9lectionn\u00e9e est r\u00e9gl\u00e9e sur le panneau [&hellip;]<\/p>\n","protected":false},"featured_media":66919,"template":"","meta":{"_acf_changed":false},"product_featured_cat":[],"product_brand":[3028],"product_cat":[4549],"product_tag":[],"class_list":{"0":"post-66929","1":"product","2":"type-product","3":"status-publish","4":"has-post-thumbnail","6":"product_brand-dometic","7":"product_cat-refrigerateurs-a-compresseur","9":"first","10":"instock","11":"taxable","12":"shipping-taxable","13":"purchasable","14":"product-type-variable"},"acf":[],"yoast_head":"<!-- This site is optimized with the Yoast SEO plugin v27.5 - https:\/\/yoast.com\/product\/yoast-seo-wordpress\/ -->\n<title>R\u00e9frig\u00e9rateur CoolMatic - Bantam<\/title>\n<meta name=\"robots\" content=\"index, follow, max-snippet:-1, max-image-preview:large, max-video-preview:-1\" \/>\n<link rel=\"canonical\" href=\"https:\/\/shop.bantam.ch\/fr\/produit\/refrigerateur-coolmatic\/\" \/>\n<meta property=\"og:locale\" content=\"fr_FR\" \/>\n<meta property=\"og:type\" content=\"article\" \/>\n<meta property=\"og:title\" content=\"R\u00e9frig\u00e9rateur CoolMatic - Bantam\" \/>\n<meta property=\"og:description\" content=\"Les r\u00e9frig\u00e9rateurs \u00e0 compresseur de la gamme CoolMatic CRX sont de grands artistes de la transformation. Leur astuce : aucun secret, mais une d\u00e9couverte brevet\u00e9e de Dometic. Le compartiment freezer peut \u00eatre retir\u00e9 enti\u00e8rement pour faire de la place \u00e0 un r\u00e9frig\u00e9rateur ou un cong\u00e9lateur plus grand. La temp\u00e9rature s\u00e9lectionn\u00e9e est r\u00e9gl\u00e9e sur le panneau [&hellip;]\" \/>\n<meta property=\"og:url\" content=\"https:\/\/shop.bantam.ch\/fr\/produit\/refrigerateur-coolmatic\/\" \/>\n<meta property=\"og:site_name\" content=\"Bantam\" \/>\n<meta property=\"article:modified_time\" content=\"2026-05-02T20:01:42+00:00\" \/>\n<meta property=\"og:image\" content=\"https:\/\/shop.bantam.ch\/wp-content\/uploads\/2023\/02\/9951538-100-1-3.jpg\" \/>\n\t<meta property=\"og:image:width\" content=\"1000\" \/>\n\t<meta property=\"og:image:height\" content=\"1000\" \/>\n\t<meta property=\"og:image:type\" content=\"image\/jpeg\" \/>\n<meta name=\"twitter:card\" content=\"summary_large_image\" \/>\n<meta name=\"twitter:label1\" content=\"Dur\u00e9e de lecture estim\u00e9e\" \/>\n\t<meta name=\"twitter:data1\" content=\"1 minute\" \/>\n<script type=\"application\/ld+json\" class=\"yoast-schema-graph\">{\"@context\":\"https:\\\/\\\/schema.org\",\"@graph\":[{\"@type\":\"WebPage\",\"@id\":\"https:\\\/\\\/shop.bantam.ch\\\/fr\\\/produit\\\/refrigerateur-coolmatic\\\/\",\"url\":\"https:\\\/\\\/shop.bantam.ch\\\/fr\\\/produit\\\/refrigerateur-coolmatic\\\/\",\"name\":\"R\u00e9frig\u00e9rateur CoolMatic - Bantam\",\"isPartOf\":{\"@id\":\"https:\\\/\\\/shop.bantam.ch\\\/fr\\\/#website\"},\"primaryImageOfPage\":{\"@id\":\"https:\\\/\\\/shop.bantam.ch\\\/fr\\\/produit\\\/refrigerateur-coolmatic\\\/#primaryimage\"},\"image\":{\"@id\":\"https:\\\/\\\/shop.bantam.ch\\\/fr\\\/produit\\\/refrigerateur-coolmatic\\\/#primaryimage\"},\"thumbnailUrl\":\"https:\\\/\\\/shop.bantam.ch\\\/wp-content\\\/uploads\\\/2023\\\/02\\\/9951538-100-1-3.jpg\",\"datePublished\":\"2023-02-27T18:50:24+00:00\",\"dateModified\":\"2026-05-02T20:01:42+00:00\",\"breadcrumb\":{\"@id\":\"https:\\\/\\\/shop.bantam.ch\\\/fr\\\/produit\\\/refrigerateur-coolmatic\\\/#breadcrumb\"},\"inLanguage\":\"fr-FR\",\"potentialAction\":[{\"@type\":\"ReadAction\",\"target\":[\"https:\\\/\\\/shop.bantam.ch\\\/fr\\\/produit\\\/refrigerateur-coolmatic\\\/\"]}]},{\"@type\":\"ImageObject\",\"inLanguage\":\"fr-FR\",\"@id\":\"https:\\\/\\\/shop.bantam.ch\\\/fr\\\/produit\\\/refrigerateur-coolmatic\\\/#primaryimage\",\"url\":\"https:\\\/\\\/shop.bantam.ch\\\/wp-content\\\/uploads\\\/2023\\\/02\\\/9951538-100-1-3.jpg\",\"contentUrl\":\"https:\\\/\\\/shop.bantam.ch\\\/wp-content\\\/uploads\\\/2023\\\/02\\\/9951538-100-1-3.jpg\",\"width\":1000,\"height\":1000},{\"@type\":\"BreadcrumbList\",\"@id\":\"https:\\\/\\\/shop.bantam.ch\\\/fr\\\/produit\\\/refrigerateur-coolmatic\\\/#breadcrumb\",\"itemListElement\":[{\"@type\":\"ListItem\",\"position\":1,\"name\":\"Accueil\",\"item\":\"https:\\\/\\\/shop.bantam.ch\\\/fr\\\/\"},{\"@type\":\"ListItem\",\"position\":2,\"name\":\"Boutique\",\"item\":\"https:\\\/\\\/shop.bantam.ch\\\/fr\\\/boutique\\\/\"},{\"@type\":\"ListItem\",\"position\":3,\"name\":\"R\u00e9frig\u00e9rateur CoolMatic\"}]},{\"@type\":\"WebSite\",\"@id\":\"https:\\\/\\\/shop.bantam.ch\\\/fr\\\/#website\",\"url\":\"https:\\\/\\\/shop.bantam.ch\\\/fr\\\/\",\"name\":\"Bantam\",\"description\":\"\",\"publisher\":{\"@id\":\"https:\\\/\\\/shop.bantam.ch\\\/fr\\\/#organization\"},\"inLanguage\":\"fr-FR\"},{\"@type\":\"Organization\",\"@id\":\"https:\\\/\\\/shop.bantam.ch\\\/fr\\\/#organization\",\"name\":\"Bantam\",\"url\":\"https:\\\/\\\/shop.bantam.ch\\\/fr\\\/\",\"logo\":{\"@type\":\"ImageObject\",\"inLanguage\":\"fr-FR\",\"@id\":\"https:\\\/\\\/shop.bantam.ch\\\/fr\\\/#\\\/schema\\\/logo\\\/image\\\/\",\"url\":\"https:\\\/\\\/shop.bantam.ch\\\/wp-content\\\/uploads\\\/2022\\\/12\\\/bantam-logo.png\",\"contentUrl\":\"https:\\\/\\\/shop.bantam.ch\\\/wp-content\\\/uploads\\\/2022\\\/12\\\/bantam-logo.png\",\"width\":320,\"height\":71,\"caption\":\"Bantam\"},\"image\":{\"@id\":\"https:\\\/\\\/shop.bantam.ch\\\/fr\\\/#\\\/schema\\\/logo\\\/image\\\/\"}}]}<\/script>\n<!-- \/ Yoast SEO plugin. -->","yoast_head_json":{"title":"R\u00e9frig\u00e9rateur CoolMatic - Bantam","robots":{"index":"index","follow":"follow","max-snippet":"max-snippet:-1","max-image-preview":"max-image-preview:large","max-video-preview":"max-video-preview:-1"},"canonical":"https:\/\/shop.bantam.ch\/fr\/produit\/refrigerateur-coolmatic\/","og_locale":"fr_FR","og_type":"article","og_title":"R\u00e9frig\u00e9rateur CoolMatic - Bantam","og_description":"Les r\u00e9frig\u00e9rateurs \u00e0 compresseur de la gamme CoolMatic CRX sont de grands artistes de la transformation. Leur astuce : aucun secret, mais une d\u00e9couverte brevet\u00e9e de Dometic. Le compartiment freezer peut \u00eatre retir\u00e9 enti\u00e8rement pour faire de la place \u00e0 un r\u00e9frig\u00e9rateur ou un cong\u00e9lateur plus grand. La temp\u00e9rature s\u00e9lectionn\u00e9e est r\u00e9gl\u00e9e sur le panneau [&hellip;]","og_url":"https:\/\/shop.bantam.ch\/fr\/produit\/refrigerateur-coolmatic\/","og_site_name":"Bantam","article_modified_time":"2026-05-02T20:01:42+00:00","og_image":[{"width":1000,"height":1000,"url":"https:\/\/shop.bantam.ch\/wp-content\/uploads\/2023\/02\/9951538-100-1-3.jpg","type":"image\/jpeg"}],"twitter_card":"summary_large_image","twitter_misc":{"Dur\u00e9e de lecture estim\u00e9e":"1 minute"},"schema":{"@context":"https:\/\/schema.org","@graph":[{"@type":"WebPage","@id":"https:\/\/shop.bantam.ch\/fr\/produit\/refrigerateur-coolmatic\/","url":"https:\/\/shop.bantam.ch\/fr\/produit\/refrigerateur-coolmatic\/","name":"R\u00e9frig\u00e9rateur CoolMatic - Bantam","isPartOf":{"@id":"https:\/\/shop.bantam.ch\/fr\/#website"},"primaryImageOfPage":{"@id":"https:\/\/shop.bantam.ch\/fr\/produit\/refrigerateur-coolmatic\/#primaryimage"},"image":{"@id":"https:\/\/shop.bantam.ch\/fr\/produit\/refrigerateur-coolmatic\/#primaryimage"},"thumbnailUrl":"https:\/\/shop.bantam.ch\/wp-content\/uploads\/2023\/02\/9951538-100-1-3.jpg","datePublished":"2023-02-27T18:50:24+00:00","dateModified":"2026-05-02T20:01:42+00:00","breadcrumb":{"@id":"https:\/\/shop.bantam.ch\/fr\/produit\/refrigerateur-coolmatic\/#breadcrumb"},"inLanguage":"fr-FR","potentialAction":[{"@type":"ReadAction","target":["https:\/\/shop.bantam.ch\/fr\/produit\/refrigerateur-coolmatic\/"]}]},{"@type":"ImageObject","inLanguage":"fr-FR","@id":"https:\/\/shop.bantam.ch\/fr\/produit\/refrigerateur-coolmatic\/#primaryimage","url":"https:\/\/shop.bantam.ch\/wp-content\/uploads\/2023\/02\/9951538-100-1-3.jpg","contentUrl":"https:\/\/shop.bantam.ch\/wp-content\/uploads\/2023\/02\/9951538-100-1-3.jpg","width":1000,"height":1000},{"@type":"BreadcrumbList","@id":"https:\/\/shop.bantam.ch\/fr\/produit\/refrigerateur-coolmatic\/#breadcrumb","itemListElement":[{"@type":"ListItem","position":1,"name":"Accueil","item":"https:\/\/shop.bantam.ch\/fr\/"},{"@type":"ListItem","position":2,"name":"Boutique","item":"https:\/\/shop.bantam.ch\/fr\/boutique\/"},{"@type":"ListItem","position":3,"name":"R\u00e9frig\u00e9rateur CoolMatic"}]},{"@type":"WebSite","@id":"https:\/\/shop.bantam.ch\/fr\/#website","url":"https:\/\/shop.bantam.ch\/fr\/","name":"Bantam","description":"","publisher":{"@id":"https:\/\/shop.bantam.ch\/fr\/#organization"},"inLanguage":"fr-FR"},{"@type":"Organization","@id":"https:\/\/shop.bantam.ch\/fr\/#organization","name":"Bantam","url":"https:\/\/shop.bantam.ch\/fr\/","logo":{"@type":"ImageObject","inLanguage":"fr-FR","@id":"https:\/\/shop.bantam.ch\/fr\/#\/schema\/logo\/image\/","url":"https:\/\/shop.bantam.ch\/wp-content\/uploads\/2022\/12\/bantam-logo.png","contentUrl":"https:\/\/shop.bantam.ch\/wp-content\/uploads\/2022\/12\/bantam-logo.png","width":320,"height":71,"caption":"Bantam"},"image":{"@id":"https:\/\/shop.bantam.ch\/fr\/#\/schema\/logo\/image\/"}}]}},"_links":{"self":[{"href":"https:\/\/shop.bantam.ch\/fr\/wp-json\/wp\/v2\/product\/66929","targetHints":{"allow":["GET"]}}],"collection":[{"href":"https:\/\/shop.bantam.ch\/fr\/wp-json\/wp\/v2\/product"}],"about":[{"href":"https:\/\/shop.bantam.ch\/fr\/wp-json\/wp\/v2\/types\/product"}],"wp:featuredmedia":[{"embeddable":true,"href":"https:\/\/shop.bantam.ch\/fr\/wp-json\/wp\/v2\/media\/66919"}],"wp:attachment":[{"href":"https:\/\/shop.bantam.ch\/fr\/wp-json\/wp\/v2\/media?parent=66929"}],"wp:term":[{"taxonomy":"product_featured_cat","embeddable":true,"href":"https:\/\/shop.bantam.ch\/fr\/wp-json\/wp\/v2\/product_featured_cat?post=66929"},{"taxonomy":"product_brand","embeddable":true,"href":"https:\/\/shop.bantam.ch\/fr\/wp-json\/wp\/v2\/product_brand?post=66929"},{"taxonomy":"product_cat","embeddable":true,"href":"https:\/\/shop.bantam.ch\/fr\/wp-json\/wp\/v2\/product_cat?post=66929"},{"taxonomy":"product_tag","embeddable":true,"href":"https:\/\/shop.bantam.ch\/fr\/wp-json\/wp\/v2\/product_tag?post=66929"}],"curies":[{"name":"wp","href":"https:\/\/api.w.org\/{rel}","templated":true}]}}