{"id":66843,"date":"2023-02-27T19:48:34","date_gmt":"2023-02-27T18:48:34","guid":{"rendered":"http:\/\/shop.bantam.ch\/produit\/filet-de-rangement-double-noir\/"},"modified":"2026-04-17T22:01:47","modified_gmt":"2026-04-17T20:01:47","slug":"filet-de-rangement-double-noir","status":"publish","type":"product","link":"https:\/\/shop.bantam.ch\/fr\/produit\/filet-de-rangement-double-noir\/","title":{"rendered":"Filet de rangement doubl\u00e9 noir"},"content":{"rendered":"<p>Pour camping-cars, \u00e0 la maison, dans la cuisine, dans la chambre \u00e0 coucher ou dans l&rsquo;atelier. Mettez en filet ce que vous voulez, o\u00f9 vous voulez. Au mur, au plafond, dans les placards ou m\u00eame sous le plateau de table. Le filet de rangement \u00e9lastique permet de serrer et de ranger de nombreux objets du quotidien. Le filet est r\u00e9sistant aux UV, \u00e9lastique et utilise seulement 16 mm une fois mont\u00e9. Dans les caravanes ou camping-cars, nous recommandons l&rsquo;installation d&rsquo;une baguette de finition s\u2019il n\u2019est pas fix\u00e9 \u00e0 proximit\u00e9 du sol.<\/p>\n<p>Mat\u00e9riau :<br \/>70 % polyester<br \/>30 % \u00e9lasthanne<\/p>\n<p>Contenu de la livraison : <br \/>Avec gabarit de montage et instruction, vis \u00e0 m\u00e9taux et \u00e0 bois<\/p>\n","protected":false},"excerpt":{"rendered":"<p>Pour camping-cars, \u00e0 la maison, dans la cuisine, dans la chambre \u00e0 coucher ou dans l&rsquo;atelier. Mettez en filet ce que vous voulez, o\u00f9 vous voulez. Au mur, au plafond, dans les placards ou m\u00eame sous le plateau de table. Le filet de rangement \u00e9lastique permet de serrer et de ranger de nombreux objets du [&hellip;]<\/p>\n","protected":false},"featured_media":66819,"template":"","meta":{"_acf_changed":false},"product_featured_cat":[],"product_brand":[3394],"product_cat":[4317],"product_tag":[],"class_list":{"0":"post-66843","1":"product","2":"type-product","3":"status-publish","4":"has-post-thumbnail","6":"product_brand-kiiper","7":"product_cat-filets-de-rangement","9":"first","10":"instock","11":"taxable","12":"shipping-taxable","13":"purchasable","14":"product-type-variable"},"acf":[],"yoast_head":"<!-- This site is optimized with the Yoast SEO plugin v27.4 - https:\/\/yoast.com\/product\/yoast-seo-wordpress\/ -->\n<title>Filet de rangement doubl\u00e9 noir - Bantam Wankm\u00fcller SA<\/title>\n<meta name=\"robots\" content=\"index, follow, max-snippet:-1, max-image-preview:large, max-video-preview:-1\" \/>\n<link rel=\"canonical\" href=\"https:\/\/shop.bantam.ch\/fr\/produit\/filet-de-rangement-double-noir\/\" \/>\n<meta property=\"og:locale\" content=\"fr_FR\" \/>\n<meta property=\"og:type\" content=\"article\" \/>\n<meta property=\"og:title\" content=\"Filet de rangement doubl\u00e9 noir - Bantam Wankm\u00fcller SA\" \/>\n<meta property=\"og:description\" content=\"Pour camping-cars, \u00e0 la maison, dans la cuisine, dans la chambre \u00e0 coucher ou dans l&rsquo;atelier. Mettez en filet ce que vous voulez, o\u00f9 vous voulez. Au mur, au plafond, dans les placards ou m\u00eame sous le plateau de table. Le filet de rangement \u00e9lastique permet de serrer et de ranger de nombreux objets du [&hellip;]\" \/>\n<meta property=\"og:url\" content=\"https:\/\/shop.bantam.ch\/fr\/produit\/filet-de-rangement-double-noir\/\" \/>\n<meta property=\"og:site_name\" content=\"Bantam Wankm\u00fcller SA\" \/>\n<meta property=\"article:modified_time\" content=\"2026-04-17T20:01:47+00:00\" \/>\n<meta property=\"og:image\" content=\"https:\/\/shop.bantam.ch\/wp-content\/uploads\/2023\/02\/9930466-100-1-3.jpg\" \/>\n\t<meta property=\"og:image:width\" content=\"500\" \/>\n\t<meta property=\"og:image:height\" content=\"300\" \/>\n\t<meta property=\"og:image:type\" content=\"image\/jpeg\" \/>\n<meta name=\"twitter:card\" content=\"summary_large_image\" \/>\n<meta name=\"twitter:label1\" content=\"Dur\u00e9e de lecture estim\u00e9e\" \/>\n\t<meta name=\"twitter:data1\" content=\"1 minute\" \/>\n<script type=\"application\/ld+json\" class=\"yoast-schema-graph\">{\"@context\":\"https:\\\/\\\/schema.org\",\"@graph\":[{\"@type\":\"WebPage\",\"@id\":\"https:\\\/\\\/shop.bantam.ch\\\/fr\\\/produit\\\/filet-de-rangement-double-noir\\\/\",\"url\":\"https:\\\/\\\/shop.bantam.ch\\\/fr\\\/produit\\\/filet-de-rangement-double-noir\\\/\",\"name\":\"Filet de rangement doubl\u00e9 noir - Bantam Wankm\u00fcller SA\",\"isPartOf\":{\"@id\":\"https:\\\/\\\/shop.bantam.ch\\\/fr\\\/#website\"},\"primaryImageOfPage\":{\"@id\":\"https:\\\/\\\/shop.bantam.ch\\\/fr\\\/produit\\\/filet-de-rangement-double-noir\\\/#primaryimage\"},\"image\":{\"@id\":\"https:\\\/\\\/shop.bantam.ch\\\/fr\\\/produit\\\/filet-de-rangement-double-noir\\\/#primaryimage\"},\"thumbnailUrl\":\"https:\\\/\\\/shop.bantam.ch\\\/wp-content\\\/uploads\\\/2023\\\/02\\\/9930466-100-1-3.jpg\",\"datePublished\":\"2023-02-27T18:48:34+00:00\",\"dateModified\":\"2026-04-17T20:01:47+00:00\",\"breadcrumb\":{\"@id\":\"https:\\\/\\\/shop.bantam.ch\\\/fr\\\/produit\\\/filet-de-rangement-double-noir\\\/#breadcrumb\"},\"inLanguage\":\"fr-FR\",\"potentialAction\":[{\"@type\":\"ReadAction\",\"target\":[\"https:\\\/\\\/shop.bantam.ch\\\/fr\\\/produit\\\/filet-de-rangement-double-noir\\\/\"]}]},{\"@type\":\"ImageObject\",\"inLanguage\":\"fr-FR\",\"@id\":\"https:\\\/\\\/shop.bantam.ch\\\/fr\\\/produit\\\/filet-de-rangement-double-noir\\\/#primaryimage\",\"url\":\"https:\\\/\\\/shop.bantam.ch\\\/wp-content\\\/uploads\\\/2023\\\/02\\\/9930466-100-1-3.jpg\",\"contentUrl\":\"https:\\\/\\\/shop.bantam.ch\\\/wp-content\\\/uploads\\\/2023\\\/02\\\/9930466-100-1-3.jpg\",\"width\":500,\"height\":300},{\"@type\":\"BreadcrumbList\",\"@id\":\"https:\\\/\\\/shop.bantam.ch\\\/fr\\\/produit\\\/filet-de-rangement-double-noir\\\/#breadcrumb\",\"itemListElement\":[{\"@type\":\"ListItem\",\"position\":1,\"name\":\"Accueil\",\"item\":\"https:\\\/\\\/shop.bantam.ch\\\/fr\\\/\"},{\"@type\":\"ListItem\",\"position\":2,\"name\":\"Boutique\",\"item\":\"https:\\\/\\\/shop.bantam.ch\\\/fr\\\/boutique\\\/\"},{\"@type\":\"ListItem\",\"position\":3,\"name\":\"Filet de rangement doubl\u00e9 noir\"}]},{\"@type\":\"WebSite\",\"@id\":\"https:\\\/\\\/shop.bantam.ch\\\/fr\\\/#website\",\"url\":\"https:\\\/\\\/shop.bantam.ch\\\/fr\\\/\",\"name\":\"Bantam Wankm\u00fcller SA\",\"description\":\"\",\"publisher\":{\"@id\":\"https:\\\/\\\/shop.bantam.ch\\\/fr\\\/#organization\"},\"inLanguage\":\"fr-FR\"},{\"@type\":\"Organization\",\"@id\":\"https:\\\/\\\/shop.bantam.ch\\\/fr\\\/#organization\",\"name\":\"Bantam Wankm\u00fcller SA\",\"url\":\"https:\\\/\\\/shop.bantam.ch\\\/fr\\\/\",\"logo\":{\"@type\":\"ImageObject\",\"inLanguage\":\"fr-FR\",\"@id\":\"https:\\\/\\\/shop.bantam.ch\\\/fr\\\/#\\\/schema\\\/logo\\\/image\\\/\",\"url\":\"https:\\\/\\\/shop.bantam.ch\\\/wp-content\\\/uploads\\\/2022\\\/12\\\/bantam-logo.png\",\"contentUrl\":\"https:\\\/\\\/shop.bantam.ch\\\/wp-content\\\/uploads\\\/2022\\\/12\\\/bantam-logo.png\",\"width\":320,\"height\":71,\"caption\":\"Bantam Wankm\u00fcller SA\"},\"image\":{\"@id\":\"https:\\\/\\\/shop.bantam.ch\\\/fr\\\/#\\\/schema\\\/logo\\\/image\\\/\"}}]}<\/script>\n<!-- \/ Yoast SEO plugin. -->","yoast_head_json":{"title":"Filet de rangement doubl\u00e9 noir - Bantam Wankm\u00fcller SA","robots":{"index":"index","follow":"follow","max-snippet":"max-snippet:-1","max-image-preview":"max-image-preview:large","max-video-preview":"max-video-preview:-1"},"canonical":"https:\/\/shop.bantam.ch\/fr\/produit\/filet-de-rangement-double-noir\/","og_locale":"fr_FR","og_type":"article","og_title":"Filet de rangement doubl\u00e9 noir - Bantam Wankm\u00fcller SA","og_description":"Pour camping-cars, \u00e0 la maison, dans la cuisine, dans la chambre \u00e0 coucher ou dans l&rsquo;atelier. Mettez en filet ce que vous voulez, o\u00f9 vous voulez. Au mur, au plafond, dans les placards ou m\u00eame sous le plateau de table. Le filet de rangement \u00e9lastique permet de serrer et de ranger de nombreux objets du [&hellip;]","og_url":"https:\/\/shop.bantam.ch\/fr\/produit\/filet-de-rangement-double-noir\/","og_site_name":"Bantam Wankm\u00fcller SA","article_modified_time":"2026-04-17T20:01:47+00:00","og_image":[{"width":500,"height":300,"url":"https:\/\/shop.bantam.ch\/wp-content\/uploads\/2023\/02\/9930466-100-1-3.jpg","type":"image\/jpeg"}],"twitter_card":"summary_large_image","twitter_misc":{"Dur\u00e9e de lecture estim\u00e9e":"1 minute"},"schema":{"@context":"https:\/\/schema.org","@graph":[{"@type":"WebPage","@id":"https:\/\/shop.bantam.ch\/fr\/produit\/filet-de-rangement-double-noir\/","url":"https:\/\/shop.bantam.ch\/fr\/produit\/filet-de-rangement-double-noir\/","name":"Filet de rangement doubl\u00e9 noir - Bantam Wankm\u00fcller SA","isPartOf":{"@id":"https:\/\/shop.bantam.ch\/fr\/#website"},"primaryImageOfPage":{"@id":"https:\/\/shop.bantam.ch\/fr\/produit\/filet-de-rangement-double-noir\/#primaryimage"},"image":{"@id":"https:\/\/shop.bantam.ch\/fr\/produit\/filet-de-rangement-double-noir\/#primaryimage"},"thumbnailUrl":"https:\/\/shop.bantam.ch\/wp-content\/uploads\/2023\/02\/9930466-100-1-3.jpg","datePublished":"2023-02-27T18:48:34+00:00","dateModified":"2026-04-17T20:01:47+00:00","breadcrumb":{"@id":"https:\/\/shop.bantam.ch\/fr\/produit\/filet-de-rangement-double-noir\/#breadcrumb"},"inLanguage":"fr-FR","potentialAction":[{"@type":"ReadAction","target":["https:\/\/shop.bantam.ch\/fr\/produit\/filet-de-rangement-double-noir\/"]}]},{"@type":"ImageObject","inLanguage":"fr-FR","@id":"https:\/\/shop.bantam.ch\/fr\/produit\/filet-de-rangement-double-noir\/#primaryimage","url":"https:\/\/shop.bantam.ch\/wp-content\/uploads\/2023\/02\/9930466-100-1-3.jpg","contentUrl":"https:\/\/shop.bantam.ch\/wp-content\/uploads\/2023\/02\/9930466-100-1-3.jpg","width":500,"height":300},{"@type":"BreadcrumbList","@id":"https:\/\/shop.bantam.ch\/fr\/produit\/filet-de-rangement-double-noir\/#breadcrumb","itemListElement":[{"@type":"ListItem","position":1,"name":"Accueil","item":"https:\/\/shop.bantam.ch\/fr\/"},{"@type":"ListItem","position":2,"name":"Boutique","item":"https:\/\/shop.bantam.ch\/fr\/boutique\/"},{"@type":"ListItem","position":3,"name":"Filet de rangement doubl\u00e9 noir"}]},{"@type":"WebSite","@id":"https:\/\/shop.bantam.ch\/fr\/#website","url":"https:\/\/shop.bantam.ch\/fr\/","name":"Bantam Wankm\u00fcller SA","description":"","publisher":{"@id":"https:\/\/shop.bantam.ch\/fr\/#organization"},"inLanguage":"fr-FR"},{"@type":"Organization","@id":"https:\/\/shop.bantam.ch\/fr\/#organization","name":"Bantam Wankm\u00fcller SA","url":"https:\/\/shop.bantam.ch\/fr\/","logo":{"@type":"ImageObject","inLanguage":"fr-FR","@id":"https:\/\/shop.bantam.ch\/fr\/#\/schema\/logo\/image\/","url":"https:\/\/shop.bantam.ch\/wp-content\/uploads\/2022\/12\/bantam-logo.png","contentUrl":"https:\/\/shop.bantam.ch\/wp-content\/uploads\/2022\/12\/bantam-logo.png","width":320,"height":71,"caption":"Bantam Wankm\u00fcller SA"},"image":{"@id":"https:\/\/shop.bantam.ch\/fr\/#\/schema\/logo\/image\/"}}]}},"_links":{"self":[{"href":"https:\/\/shop.bantam.ch\/fr\/wp-json\/wp\/v2\/product\/66843","targetHints":{"allow":["GET"]}}],"collection":[{"href":"https:\/\/shop.bantam.ch\/fr\/wp-json\/wp\/v2\/product"}],"about":[{"href":"https:\/\/shop.bantam.ch\/fr\/wp-json\/wp\/v2\/types\/product"}],"wp:featuredmedia":[{"embeddable":true,"href":"https:\/\/shop.bantam.ch\/fr\/wp-json\/wp\/v2\/media\/66819"}],"wp:attachment":[{"href":"https:\/\/shop.bantam.ch\/fr\/wp-json\/wp\/v2\/media?parent=66843"}],"wp:term":[{"taxonomy":"product_featured_cat","embeddable":true,"href":"https:\/\/shop.bantam.ch\/fr\/wp-json\/wp\/v2\/product_featured_cat?post=66843"},{"taxonomy":"product_brand","embeddable":true,"href":"https:\/\/shop.bantam.ch\/fr\/wp-json\/wp\/v2\/product_brand?post=66843"},{"taxonomy":"product_cat","embeddable":true,"href":"https:\/\/shop.bantam.ch\/fr\/wp-json\/wp\/v2\/product_cat?post=66843"},{"taxonomy":"product_tag","embeddable":true,"href":"https:\/\/shop.bantam.ch\/fr\/wp-json\/wp\/v2\/product_tag?post=66843"}],"curies":[{"name":"wp","href":"https:\/\/api.w.org\/{rel}","templated":true}]}}