{"id":66575,"date":"2023-02-27T19:43:21","date_gmt":"2023-02-27T18:43:21","guid":{"rendered":"http:\/\/shop.bantam.ch\/produit\/systeme-de-raccordement-pour-petites-bouteilles\/"},"modified":"2026-04-17T21:11:52","modified_gmt":"2026-04-17T19:11:52","slug":"systeme-de-raccordement-pour-petites-bouteilles","status":"publish","type":"product","link":"https:\/\/shop.bantam.ch\/fr\/produit\/systeme-de-raccordement-pour-petites-bouteilles\/","title":{"rendered":"Set r\u00e9glage GOK Type EN61 DS G 1 \/ 4 LH-\u00dcM x RVS 8 x 400 mm"},"content":{"rendered":"<p>Convient pour toutes les installations \u00e0 petite bouteille de gaz (par ex. radiateurs, barbecues \u00e0 gaz, etc.) en int\u00e9rieur ainsi que les installations professionnelles avec petite bouteille de gaz \u00e0 l\u2018ext\u00e9rieur (par ex. march\u00e9s)\u00a0! Kit comprenant : D\u00e9tendeur basse pression type EN61-DS avec dispositifs de s\u00e9curit\u00e9 et conduite flexible moyenne pression (caoutchouc avec garniture textile ; dimensions du flexible 6,3 x 3,5 mm) G \u00bc LH-\u00dcM x G \u00bc LH-\u00dcM x G \u00bc LH-\u00dcM x 400 mm.<\/p>\n","protected":false},"excerpt":{"rendered":"<p>Convient pour toutes les installations \u00e0 petite bouteille de gaz (par ex. radiateurs, barbecues \u00e0 gaz, etc.) en int\u00e9rieur ainsi que les installations professionnelles avec petite bouteille de gaz \u00e0 l\u2018ext\u00e9rieur (par ex. march\u00e9s)\u00a0! Kit comprenant : D\u00e9tendeur basse pression type EN61-DS avec dispositifs de s\u00e9curit\u00e9 et conduite flexible moyenne pression (caoutchouc avec garniture textile [&hellip;]<\/p>\n","protected":false},"featured_media":66573,"template":"","meta":{"_acf_changed":false},"product_featured_cat":[],"product_brand":[3254],"product_cat":[4491],"product_tag":[],"class_list":{"0":"post-66575","1":"product","2":"type-product","3":"status-publish","4":"has-post-thumbnail","6":"product_brand-gok","7":"product_cat-detendeurs-gaz","9":"first","10":"instock","11":"taxable","12":"shipping-taxable","13":"purchasable","14":"product-type-simple"},"acf":[],"yoast_head":"<!-- This site is optimized with the Yoast SEO plugin v27.4 - https:\/\/yoast.com\/product\/yoast-seo-wordpress\/ -->\n<title>Set r\u00e9glage GOK Type EN61 DS G 1 \/ 4 LH-\u00dcM x RVS 8 x 400 mm - Bantam Wankm\u00fcller SA<\/title>\n<meta name=\"robots\" content=\"index, follow, max-snippet:-1, max-image-preview:large, max-video-preview:-1\" \/>\n<link rel=\"canonical\" href=\"https:\/\/shop.bantam.ch\/fr\/produit\/systeme-de-raccordement-pour-petites-bouteilles\/\" \/>\n<meta property=\"og:locale\" content=\"fr_FR\" \/>\n<meta property=\"og:type\" content=\"article\" \/>\n<meta property=\"og:title\" content=\"Set r\u00e9glage GOK Type EN61 DS G 1 \/ 4 LH-\u00dcM x RVS 8 x 400 mm - Bantam Wankm\u00fcller SA\" \/>\n<meta property=\"og:description\" content=\"Convient pour toutes les installations \u00e0 petite bouteille de gaz (par ex. radiateurs, barbecues \u00e0 gaz, etc.) en int\u00e9rieur ainsi que les installations professionnelles avec petite bouteille de gaz \u00e0 l\u2018ext\u00e9rieur (par ex. march\u00e9s)\u00a0! Kit comprenant : D\u00e9tendeur basse pression type EN61-DS avec dispositifs de s\u00e9curit\u00e9 et conduite flexible moyenne pression (caoutchouc avec garniture textile [&hellip;]\" \/>\n<meta property=\"og:url\" content=\"https:\/\/shop.bantam.ch\/fr\/produit\/systeme-de-raccordement-pour-petites-bouteilles\/\" \/>\n<meta property=\"og:site_name\" content=\"Bantam Wankm\u00fcller SA\" \/>\n<meta property=\"article:modified_time\" content=\"2026-04-17T19:11:52+00:00\" \/>\n<meta property=\"og:image\" content=\"https:\/\/shop.bantam.ch\/wp-content\/uploads\/2023\/02\/9952390-100-1-3.jpg\" \/>\n\t<meta property=\"og:image:width\" content=\"835\" \/>\n\t<meta property=\"og:image:height\" content=\"1000\" \/>\n\t<meta property=\"og:image:type\" content=\"image\/jpeg\" \/>\n<meta name=\"twitter:card\" content=\"summary_large_image\" \/>\n<script type=\"application\/ld+json\" class=\"yoast-schema-graph\">{\"@context\":\"https:\\\/\\\/schema.org\",\"@graph\":[{\"@type\":\"WebPage\",\"@id\":\"https:\\\/\\\/shop.bantam.ch\\\/fr\\\/produit\\\/systeme-de-raccordement-pour-petites-bouteilles\\\/\",\"url\":\"https:\\\/\\\/shop.bantam.ch\\\/fr\\\/produit\\\/systeme-de-raccordement-pour-petites-bouteilles\\\/\",\"name\":\"Set r\u00e9glage GOK Type EN61 DS G 1 \\\/ 4 LH-\u00dcM x RVS 8 x 400 mm - Bantam Wankm\u00fcller SA\",\"isPartOf\":{\"@id\":\"https:\\\/\\\/shop.bantam.ch\\\/fr\\\/#website\"},\"primaryImageOfPage\":{\"@id\":\"https:\\\/\\\/shop.bantam.ch\\\/fr\\\/produit\\\/systeme-de-raccordement-pour-petites-bouteilles\\\/#primaryimage\"},\"image\":{\"@id\":\"https:\\\/\\\/shop.bantam.ch\\\/fr\\\/produit\\\/systeme-de-raccordement-pour-petites-bouteilles\\\/#primaryimage\"},\"thumbnailUrl\":\"https:\\\/\\\/shop.bantam.ch\\\/wp-content\\\/uploads\\\/2023\\\/02\\\/9952390-100-1-3.jpg\",\"datePublished\":\"2023-02-27T18:43:21+00:00\",\"dateModified\":\"2026-04-17T19:11:52+00:00\",\"breadcrumb\":{\"@id\":\"https:\\\/\\\/shop.bantam.ch\\\/fr\\\/produit\\\/systeme-de-raccordement-pour-petites-bouteilles\\\/#breadcrumb\"},\"inLanguage\":\"fr-FR\",\"potentialAction\":[{\"@type\":\"ReadAction\",\"target\":[\"https:\\\/\\\/shop.bantam.ch\\\/fr\\\/produit\\\/systeme-de-raccordement-pour-petites-bouteilles\\\/\"]}]},{\"@type\":\"ImageObject\",\"inLanguage\":\"fr-FR\",\"@id\":\"https:\\\/\\\/shop.bantam.ch\\\/fr\\\/produit\\\/systeme-de-raccordement-pour-petites-bouteilles\\\/#primaryimage\",\"url\":\"https:\\\/\\\/shop.bantam.ch\\\/wp-content\\\/uploads\\\/2023\\\/02\\\/9952390-100-1-3.jpg\",\"contentUrl\":\"https:\\\/\\\/shop.bantam.ch\\\/wp-content\\\/uploads\\\/2023\\\/02\\\/9952390-100-1-3.jpg\",\"width\":835,\"height\":1000},{\"@type\":\"BreadcrumbList\",\"@id\":\"https:\\\/\\\/shop.bantam.ch\\\/fr\\\/produit\\\/systeme-de-raccordement-pour-petites-bouteilles\\\/#breadcrumb\",\"itemListElement\":[{\"@type\":\"ListItem\",\"position\":1,\"name\":\"Accueil\",\"item\":\"https:\\\/\\\/shop.bantam.ch\\\/fr\\\/\"},{\"@type\":\"ListItem\",\"position\":2,\"name\":\"Boutique\",\"item\":\"https:\\\/\\\/shop.bantam.ch\\\/fr\\\/boutique\\\/\"},{\"@type\":\"ListItem\",\"position\":3,\"name\":\"Set r\u00e9glage GOK Type EN61 DS G 1 \\\/ 4 LH-\u00dcM x RVS 8 x 400 mm\"}]},{\"@type\":\"WebSite\",\"@id\":\"https:\\\/\\\/shop.bantam.ch\\\/fr\\\/#website\",\"url\":\"https:\\\/\\\/shop.bantam.ch\\\/fr\\\/\",\"name\":\"Bantam Wankm\u00fcller SA\",\"description\":\"\",\"publisher\":{\"@id\":\"https:\\\/\\\/shop.bantam.ch\\\/fr\\\/#organization\"},\"inLanguage\":\"fr-FR\"},{\"@type\":\"Organization\",\"@id\":\"https:\\\/\\\/shop.bantam.ch\\\/fr\\\/#organization\",\"name\":\"Bantam Wankm\u00fcller SA\",\"url\":\"https:\\\/\\\/shop.bantam.ch\\\/fr\\\/\",\"logo\":{\"@type\":\"ImageObject\",\"inLanguage\":\"fr-FR\",\"@id\":\"https:\\\/\\\/shop.bantam.ch\\\/fr\\\/#\\\/schema\\\/logo\\\/image\\\/\",\"url\":\"https:\\\/\\\/shop.bantam.ch\\\/wp-content\\\/uploads\\\/2022\\\/12\\\/bantam-logo.png\",\"contentUrl\":\"https:\\\/\\\/shop.bantam.ch\\\/wp-content\\\/uploads\\\/2022\\\/12\\\/bantam-logo.png\",\"width\":320,\"height\":71,\"caption\":\"Bantam Wankm\u00fcller SA\"},\"image\":{\"@id\":\"https:\\\/\\\/shop.bantam.ch\\\/fr\\\/#\\\/schema\\\/logo\\\/image\\\/\"}}]}<\/script>\n<!-- \/ Yoast SEO plugin. -->","yoast_head_json":{"title":"Set r\u00e9glage GOK Type EN61 DS G 1 \/ 4 LH-\u00dcM x RVS 8 x 400 mm - Bantam Wankm\u00fcller SA","robots":{"index":"index","follow":"follow","max-snippet":"max-snippet:-1","max-image-preview":"max-image-preview:large","max-video-preview":"max-video-preview:-1"},"canonical":"https:\/\/shop.bantam.ch\/fr\/produit\/systeme-de-raccordement-pour-petites-bouteilles\/","og_locale":"fr_FR","og_type":"article","og_title":"Set r\u00e9glage GOK Type EN61 DS G 1 \/ 4 LH-\u00dcM x RVS 8 x 400 mm - Bantam Wankm\u00fcller SA","og_description":"Convient pour toutes les installations \u00e0 petite bouteille de gaz (par ex. radiateurs, barbecues \u00e0 gaz, etc.) en int\u00e9rieur ainsi que les installations professionnelles avec petite bouteille de gaz \u00e0 l\u2018ext\u00e9rieur (par ex. march\u00e9s)\u00a0! Kit comprenant : D\u00e9tendeur basse pression type EN61-DS avec dispositifs de s\u00e9curit\u00e9 et conduite flexible moyenne pression (caoutchouc avec garniture textile [&hellip;]","og_url":"https:\/\/shop.bantam.ch\/fr\/produit\/systeme-de-raccordement-pour-petites-bouteilles\/","og_site_name":"Bantam Wankm\u00fcller SA","article_modified_time":"2026-04-17T19:11:52+00:00","og_image":[{"width":835,"height":1000,"url":"https:\/\/shop.bantam.ch\/wp-content\/uploads\/2023\/02\/9952390-100-1-3.jpg","type":"image\/jpeg"}],"twitter_card":"summary_large_image","schema":{"@context":"https:\/\/schema.org","@graph":[{"@type":"WebPage","@id":"https:\/\/shop.bantam.ch\/fr\/produit\/systeme-de-raccordement-pour-petites-bouteilles\/","url":"https:\/\/shop.bantam.ch\/fr\/produit\/systeme-de-raccordement-pour-petites-bouteilles\/","name":"Set r\u00e9glage GOK Type EN61 DS G 1 \/ 4 LH-\u00dcM x RVS 8 x 400 mm - Bantam Wankm\u00fcller SA","isPartOf":{"@id":"https:\/\/shop.bantam.ch\/fr\/#website"},"primaryImageOfPage":{"@id":"https:\/\/shop.bantam.ch\/fr\/produit\/systeme-de-raccordement-pour-petites-bouteilles\/#primaryimage"},"image":{"@id":"https:\/\/shop.bantam.ch\/fr\/produit\/systeme-de-raccordement-pour-petites-bouteilles\/#primaryimage"},"thumbnailUrl":"https:\/\/shop.bantam.ch\/wp-content\/uploads\/2023\/02\/9952390-100-1-3.jpg","datePublished":"2023-02-27T18:43:21+00:00","dateModified":"2026-04-17T19:11:52+00:00","breadcrumb":{"@id":"https:\/\/shop.bantam.ch\/fr\/produit\/systeme-de-raccordement-pour-petites-bouteilles\/#breadcrumb"},"inLanguage":"fr-FR","potentialAction":[{"@type":"ReadAction","target":["https:\/\/shop.bantam.ch\/fr\/produit\/systeme-de-raccordement-pour-petites-bouteilles\/"]}]},{"@type":"ImageObject","inLanguage":"fr-FR","@id":"https:\/\/shop.bantam.ch\/fr\/produit\/systeme-de-raccordement-pour-petites-bouteilles\/#primaryimage","url":"https:\/\/shop.bantam.ch\/wp-content\/uploads\/2023\/02\/9952390-100-1-3.jpg","contentUrl":"https:\/\/shop.bantam.ch\/wp-content\/uploads\/2023\/02\/9952390-100-1-3.jpg","width":835,"height":1000},{"@type":"BreadcrumbList","@id":"https:\/\/shop.bantam.ch\/fr\/produit\/systeme-de-raccordement-pour-petites-bouteilles\/#breadcrumb","itemListElement":[{"@type":"ListItem","position":1,"name":"Accueil","item":"https:\/\/shop.bantam.ch\/fr\/"},{"@type":"ListItem","position":2,"name":"Boutique","item":"https:\/\/shop.bantam.ch\/fr\/boutique\/"},{"@type":"ListItem","position":3,"name":"Set r\u00e9glage GOK Type EN61 DS G 1 \/ 4 LH-\u00dcM x RVS 8 x 400 mm"}]},{"@type":"WebSite","@id":"https:\/\/shop.bantam.ch\/fr\/#website","url":"https:\/\/shop.bantam.ch\/fr\/","name":"Bantam Wankm\u00fcller SA","description":"","publisher":{"@id":"https:\/\/shop.bantam.ch\/fr\/#organization"},"inLanguage":"fr-FR"},{"@type":"Organization","@id":"https:\/\/shop.bantam.ch\/fr\/#organization","name":"Bantam Wankm\u00fcller SA","url":"https:\/\/shop.bantam.ch\/fr\/","logo":{"@type":"ImageObject","inLanguage":"fr-FR","@id":"https:\/\/shop.bantam.ch\/fr\/#\/schema\/logo\/image\/","url":"https:\/\/shop.bantam.ch\/wp-content\/uploads\/2022\/12\/bantam-logo.png","contentUrl":"https:\/\/shop.bantam.ch\/wp-content\/uploads\/2022\/12\/bantam-logo.png","width":320,"height":71,"caption":"Bantam Wankm\u00fcller SA"},"image":{"@id":"https:\/\/shop.bantam.ch\/fr\/#\/schema\/logo\/image\/"}}]}},"_links":{"self":[{"href":"https:\/\/shop.bantam.ch\/fr\/wp-json\/wp\/v2\/product\/66575","targetHints":{"allow":["GET"]}}],"collection":[{"href":"https:\/\/shop.bantam.ch\/fr\/wp-json\/wp\/v2\/product"}],"about":[{"href":"https:\/\/shop.bantam.ch\/fr\/wp-json\/wp\/v2\/types\/product"}],"wp:featuredmedia":[{"embeddable":true,"href":"https:\/\/shop.bantam.ch\/fr\/wp-json\/wp\/v2\/media\/66573"}],"wp:attachment":[{"href":"https:\/\/shop.bantam.ch\/fr\/wp-json\/wp\/v2\/media?parent=66575"}],"wp:term":[{"taxonomy":"product_featured_cat","embeddable":true,"href":"https:\/\/shop.bantam.ch\/fr\/wp-json\/wp\/v2\/product_featured_cat?post=66575"},{"taxonomy":"product_brand","embeddable":true,"href":"https:\/\/shop.bantam.ch\/fr\/wp-json\/wp\/v2\/product_brand?post=66575"},{"taxonomy":"product_cat","embeddable":true,"href":"https:\/\/shop.bantam.ch\/fr\/wp-json\/wp\/v2\/product_cat?post=66575"},{"taxonomy":"product_tag","embeddable":true,"href":"https:\/\/shop.bantam.ch\/fr\/wp-json\/wp\/v2\/product_tag?post=66575"}],"curies":[{"name":"wp","href":"https:\/\/api.w.org\/{rel}","templated":true}]}}