{"id":66571,"date":"2023-02-27T19:43:15","date_gmt":"2023-02-27T18:43:15","guid":{"rendered":"http:\/\/shop.bantam.ch\/produit\/kit-regulateurs-tuyau-gok-type-en61-15-kg-h-50-mbar-klf-x-g-%c2%bc-lh-um-tuyau-400-mm-minitool\/"},"modified":"2026-04-17T21:11:52","modified_gmt":"2026-04-17T19:11:52","slug":"kit-regulateurs-tuyau-gok-type-en61-15-kg-h-50-mbar-klf-x-g-%c2%bc-lh-um-tuyau-400-mm-minitool","status":"publish","type":"product","link":"https:\/\/shop.bantam.ch\/fr\/produit\/kit-regulateurs-tuyau-gok-type-en61-15-kg-h-50-mbar-klf-x-g-%c2%bc-lh-um-tuyau-400-mm-minitool\/","title":{"rendered":"Set r\u00e9glage GOK, type EN 61 DS G 1 \/ 4 LH-\u00dcM x G 1 \/ 4 LH-\u00dcM x RST\u00a0400\u00a0mm"},"content":{"rendered":"<p>Dispositif \u00e0 bouteille unique pour les petites bouteilles PS 16 bar pour raccorder aux appareils gaz \u00e0 la pression ad\u00e9quate de l\u2019appareil \u00e0 gaz.<\/p>\n<p>D\u00e9tendeur type EN61 et lyre moyenne pression G \u00bc LH-\u00dcM x G \u00bc LH-\u00dcMx400 mm. Kit pour raccordement sur un appareil \u00e0 gaz.  Dispositif \u00e0 bouteille unique pour petites bouteilles KLF x G \u00bc LH-\u00dcM 50 mbar.<\/p>\n","protected":false},"excerpt":{"rendered":"<p>Dispositif \u00e0 bouteille unique pour les petites bouteilles PS 16 bar pour raccorder aux appareils gaz \u00e0 la pression ad\u00e9quate de l\u2019appareil \u00e0 gaz. D\u00e9tendeur type EN61 et lyre moyenne pression G \u00bc LH-\u00dcM x G \u00bc LH-\u00dcMx400 mm. Kit pour raccordement sur un appareil \u00e0 gaz. Dispositif \u00e0 bouteille unique pour petites bouteilles KLF [&hellip;]<\/p>\n","protected":false},"featured_media":66569,"template":"","meta":{"_acf_changed":false},"product_featured_cat":[],"product_brand":[3254],"product_cat":[4491],"product_tag":[],"class_list":{"0":"post-66571","1":"product","2":"type-product","3":"status-publish","4":"has-post-thumbnail","6":"product_brand-gok","7":"product_cat-detendeurs-gaz","9":"first","10":"instock","11":"taxable","12":"shipping-taxable","13":"purchasable","14":"product-type-simple"},"acf":[],"yoast_head":"<!-- This site is optimized with the Yoast SEO plugin v27.4 - https:\/\/yoast.com\/product\/yoast-seo-wordpress\/ -->\n<title>Set r\u00e9glage GOK, type EN 61 DS G 1 \/ 4 LH-\u00dcM x G 1 \/ 4 LH-\u00dcM x RST\u00a0400\u00a0mm - Bantam Wankm\u00fcller SA<\/title>\n<meta name=\"robots\" content=\"index, follow, max-snippet:-1, max-image-preview:large, max-video-preview:-1\" \/>\n<link rel=\"canonical\" href=\"https:\/\/shop.bantam.ch\/fr\/produit\/kit-regulateurs-tuyau-gok-type-en61-15-kg-h-50-mbar-klf-x-g-%c2%bc-lh-um-tuyau-400-mm-minitool\/\" \/>\n<meta property=\"og:locale\" content=\"fr_FR\" \/>\n<meta property=\"og:type\" content=\"article\" \/>\n<meta property=\"og:title\" content=\"Set r\u00e9glage GOK, type EN 61 DS G 1 \/ 4 LH-\u00dcM x G 1 \/ 4 LH-\u00dcM x RST\u00a0400\u00a0mm - Bantam Wankm\u00fcller SA\" \/>\n<meta property=\"og:description\" content=\"Dispositif \u00e0 bouteille unique pour les petites bouteilles PS 16 bar pour raccorder aux appareils gaz \u00e0 la pression ad\u00e9quate de l\u2019appareil \u00e0 gaz. D\u00e9tendeur type EN61 et lyre moyenne pression G \u00bc LH-\u00dcM x G \u00bc LH-\u00dcMx400 mm. Kit pour raccordement sur un appareil \u00e0 gaz. Dispositif \u00e0 bouteille unique pour petites bouteilles KLF [&hellip;]\" \/>\n<meta property=\"og:url\" content=\"https:\/\/shop.bantam.ch\/fr\/produit\/kit-regulateurs-tuyau-gok-type-en61-15-kg-h-50-mbar-klf-x-g-%c2%bc-lh-um-tuyau-400-mm-minitool\/\" \/>\n<meta property=\"og:site_name\" content=\"Bantam Wankm\u00fcller SA\" \/>\n<meta property=\"article:modified_time\" content=\"2026-04-17T19:11:52+00:00\" \/>\n<meta property=\"og:image\" content=\"https:\/\/shop.bantam.ch\/wp-content\/uploads\/2023\/02\/9952386-100-1-3-1.jpg\" \/>\n\t<meta property=\"og:image:width\" content=\"1000\" \/>\n\t<meta property=\"og:image:height\" content=\"896\" \/>\n\t<meta property=\"og:image:type\" content=\"image\/jpeg\" \/>\n<meta name=\"twitter:card\" content=\"summary_large_image\" \/>\n<script type=\"application\/ld+json\" class=\"yoast-schema-graph\">{\"@context\":\"https:\\\/\\\/schema.org\",\"@graph\":[{\"@type\":\"WebPage\",\"@id\":\"https:\\\/\\\/shop.bantam.ch\\\/fr\\\/produit\\\/kit-regulateurs-tuyau-gok-type-en61-15-kg-h-50-mbar-klf-x-g-%c2%bc-lh-um-tuyau-400-mm-minitool\\\/\",\"url\":\"https:\\\/\\\/shop.bantam.ch\\\/fr\\\/produit\\\/kit-regulateurs-tuyau-gok-type-en61-15-kg-h-50-mbar-klf-x-g-%c2%bc-lh-um-tuyau-400-mm-minitool\\\/\",\"name\":\"Set r\u00e9glage GOK, type EN 61 DS G 1 \\\/ 4 LH-\u00dcM x G 1 \\\/ 4 LH-\u00dcM x RST\u00a0400\u00a0mm - Bantam Wankm\u00fcller SA\",\"isPartOf\":{\"@id\":\"https:\\\/\\\/shop.bantam.ch\\\/fr\\\/#website\"},\"primaryImageOfPage\":{\"@id\":\"https:\\\/\\\/shop.bantam.ch\\\/fr\\\/produit\\\/kit-regulateurs-tuyau-gok-type-en61-15-kg-h-50-mbar-klf-x-g-%c2%bc-lh-um-tuyau-400-mm-minitool\\\/#primaryimage\"},\"image\":{\"@id\":\"https:\\\/\\\/shop.bantam.ch\\\/fr\\\/produit\\\/kit-regulateurs-tuyau-gok-type-en61-15-kg-h-50-mbar-klf-x-g-%c2%bc-lh-um-tuyau-400-mm-minitool\\\/#primaryimage\"},\"thumbnailUrl\":\"https:\\\/\\\/shop.bantam.ch\\\/wp-content\\\/uploads\\\/2023\\\/02\\\/9952386-100-1-3-1.jpg\",\"datePublished\":\"2023-02-27T18:43:15+00:00\",\"dateModified\":\"2026-04-17T19:11:52+00:00\",\"breadcrumb\":{\"@id\":\"https:\\\/\\\/shop.bantam.ch\\\/fr\\\/produit\\\/kit-regulateurs-tuyau-gok-type-en61-15-kg-h-50-mbar-klf-x-g-%c2%bc-lh-um-tuyau-400-mm-minitool\\\/#breadcrumb\"},\"inLanguage\":\"fr-FR\",\"potentialAction\":[{\"@type\":\"ReadAction\",\"target\":[\"https:\\\/\\\/shop.bantam.ch\\\/fr\\\/produit\\\/kit-regulateurs-tuyau-gok-type-en61-15-kg-h-50-mbar-klf-x-g-%c2%bc-lh-um-tuyau-400-mm-minitool\\\/\"]}]},{\"@type\":\"ImageObject\",\"inLanguage\":\"fr-FR\",\"@id\":\"https:\\\/\\\/shop.bantam.ch\\\/fr\\\/produit\\\/kit-regulateurs-tuyau-gok-type-en61-15-kg-h-50-mbar-klf-x-g-%c2%bc-lh-um-tuyau-400-mm-minitool\\\/#primaryimage\",\"url\":\"https:\\\/\\\/shop.bantam.ch\\\/wp-content\\\/uploads\\\/2023\\\/02\\\/9952386-100-1-3-1.jpg\",\"contentUrl\":\"https:\\\/\\\/shop.bantam.ch\\\/wp-content\\\/uploads\\\/2023\\\/02\\\/9952386-100-1-3-1.jpg\",\"width\":1000,\"height\":896},{\"@type\":\"BreadcrumbList\",\"@id\":\"https:\\\/\\\/shop.bantam.ch\\\/fr\\\/produit\\\/kit-regulateurs-tuyau-gok-type-en61-15-kg-h-50-mbar-klf-x-g-%c2%bc-lh-um-tuyau-400-mm-minitool\\\/#breadcrumb\",\"itemListElement\":[{\"@type\":\"ListItem\",\"position\":1,\"name\":\"Accueil\",\"item\":\"https:\\\/\\\/shop.bantam.ch\\\/fr\\\/\"},{\"@type\":\"ListItem\",\"position\":2,\"name\":\"Boutique\",\"item\":\"https:\\\/\\\/shop.bantam.ch\\\/fr\\\/boutique\\\/\"},{\"@type\":\"ListItem\",\"position\":3,\"name\":\"Set r\u00e9glage GOK, type EN 61 DS G 1 \\\/ 4 LH-\u00dcM x G 1 \\\/ 4 LH-\u00dcM x RST\u00a0400\u00a0mm\"}]},{\"@type\":\"WebSite\",\"@id\":\"https:\\\/\\\/shop.bantam.ch\\\/fr\\\/#website\",\"url\":\"https:\\\/\\\/shop.bantam.ch\\\/fr\\\/\",\"name\":\"Bantam Wankm\u00fcller SA\",\"description\":\"\",\"publisher\":{\"@id\":\"https:\\\/\\\/shop.bantam.ch\\\/fr\\\/#organization\"},\"inLanguage\":\"fr-FR\"},{\"@type\":\"Organization\",\"@id\":\"https:\\\/\\\/shop.bantam.ch\\\/fr\\\/#organization\",\"name\":\"Bantam Wankm\u00fcller SA\",\"url\":\"https:\\\/\\\/shop.bantam.ch\\\/fr\\\/\",\"logo\":{\"@type\":\"ImageObject\",\"inLanguage\":\"fr-FR\",\"@id\":\"https:\\\/\\\/shop.bantam.ch\\\/fr\\\/#\\\/schema\\\/logo\\\/image\\\/\",\"url\":\"https:\\\/\\\/shop.bantam.ch\\\/wp-content\\\/uploads\\\/2022\\\/12\\\/bantam-logo.png\",\"contentUrl\":\"https:\\\/\\\/shop.bantam.ch\\\/wp-content\\\/uploads\\\/2022\\\/12\\\/bantam-logo.png\",\"width\":320,\"height\":71,\"caption\":\"Bantam Wankm\u00fcller SA\"},\"image\":{\"@id\":\"https:\\\/\\\/shop.bantam.ch\\\/fr\\\/#\\\/schema\\\/logo\\\/image\\\/\"}}]}<\/script>\n<!-- \/ Yoast SEO plugin. -->","yoast_head_json":{"title":"Set r\u00e9glage GOK, type EN 61 DS G 1 \/ 4 LH-\u00dcM x G 1 \/ 4 LH-\u00dcM x RST\u00a0400\u00a0mm - Bantam Wankm\u00fcller SA","robots":{"index":"index","follow":"follow","max-snippet":"max-snippet:-1","max-image-preview":"max-image-preview:large","max-video-preview":"max-video-preview:-1"},"canonical":"https:\/\/shop.bantam.ch\/fr\/produit\/kit-regulateurs-tuyau-gok-type-en61-15-kg-h-50-mbar-klf-x-g-%c2%bc-lh-um-tuyau-400-mm-minitool\/","og_locale":"fr_FR","og_type":"article","og_title":"Set r\u00e9glage GOK, type EN 61 DS G 1 \/ 4 LH-\u00dcM x G 1 \/ 4 LH-\u00dcM x RST\u00a0400\u00a0mm - Bantam Wankm\u00fcller SA","og_description":"Dispositif \u00e0 bouteille unique pour les petites bouteilles PS 16 bar pour raccorder aux appareils gaz \u00e0 la pression ad\u00e9quate de l\u2019appareil \u00e0 gaz. D\u00e9tendeur type EN61 et lyre moyenne pression G \u00bc LH-\u00dcM x G \u00bc LH-\u00dcMx400 mm. Kit pour raccordement sur un appareil \u00e0 gaz. Dispositif \u00e0 bouteille unique pour petites bouteilles KLF [&hellip;]","og_url":"https:\/\/shop.bantam.ch\/fr\/produit\/kit-regulateurs-tuyau-gok-type-en61-15-kg-h-50-mbar-klf-x-g-%c2%bc-lh-um-tuyau-400-mm-minitool\/","og_site_name":"Bantam Wankm\u00fcller SA","article_modified_time":"2026-04-17T19:11:52+00:00","og_image":[{"width":1000,"height":896,"url":"https:\/\/shop.bantam.ch\/wp-content\/uploads\/2023\/02\/9952386-100-1-3-1.jpg","type":"image\/jpeg"}],"twitter_card":"summary_large_image","schema":{"@context":"https:\/\/schema.org","@graph":[{"@type":"WebPage","@id":"https:\/\/shop.bantam.ch\/fr\/produit\/kit-regulateurs-tuyau-gok-type-en61-15-kg-h-50-mbar-klf-x-g-%c2%bc-lh-um-tuyau-400-mm-minitool\/","url":"https:\/\/shop.bantam.ch\/fr\/produit\/kit-regulateurs-tuyau-gok-type-en61-15-kg-h-50-mbar-klf-x-g-%c2%bc-lh-um-tuyau-400-mm-minitool\/","name":"Set r\u00e9glage GOK, type EN 61 DS G 1 \/ 4 LH-\u00dcM x G 1 \/ 4 LH-\u00dcM x RST\u00a0400\u00a0mm - Bantam Wankm\u00fcller SA","isPartOf":{"@id":"https:\/\/shop.bantam.ch\/fr\/#website"},"primaryImageOfPage":{"@id":"https:\/\/shop.bantam.ch\/fr\/produit\/kit-regulateurs-tuyau-gok-type-en61-15-kg-h-50-mbar-klf-x-g-%c2%bc-lh-um-tuyau-400-mm-minitool\/#primaryimage"},"image":{"@id":"https:\/\/shop.bantam.ch\/fr\/produit\/kit-regulateurs-tuyau-gok-type-en61-15-kg-h-50-mbar-klf-x-g-%c2%bc-lh-um-tuyau-400-mm-minitool\/#primaryimage"},"thumbnailUrl":"https:\/\/shop.bantam.ch\/wp-content\/uploads\/2023\/02\/9952386-100-1-3-1.jpg","datePublished":"2023-02-27T18:43:15+00:00","dateModified":"2026-04-17T19:11:52+00:00","breadcrumb":{"@id":"https:\/\/shop.bantam.ch\/fr\/produit\/kit-regulateurs-tuyau-gok-type-en61-15-kg-h-50-mbar-klf-x-g-%c2%bc-lh-um-tuyau-400-mm-minitool\/#breadcrumb"},"inLanguage":"fr-FR","potentialAction":[{"@type":"ReadAction","target":["https:\/\/shop.bantam.ch\/fr\/produit\/kit-regulateurs-tuyau-gok-type-en61-15-kg-h-50-mbar-klf-x-g-%c2%bc-lh-um-tuyau-400-mm-minitool\/"]}]},{"@type":"ImageObject","inLanguage":"fr-FR","@id":"https:\/\/shop.bantam.ch\/fr\/produit\/kit-regulateurs-tuyau-gok-type-en61-15-kg-h-50-mbar-klf-x-g-%c2%bc-lh-um-tuyau-400-mm-minitool\/#primaryimage","url":"https:\/\/shop.bantam.ch\/wp-content\/uploads\/2023\/02\/9952386-100-1-3-1.jpg","contentUrl":"https:\/\/shop.bantam.ch\/wp-content\/uploads\/2023\/02\/9952386-100-1-3-1.jpg","width":1000,"height":896},{"@type":"BreadcrumbList","@id":"https:\/\/shop.bantam.ch\/fr\/produit\/kit-regulateurs-tuyau-gok-type-en61-15-kg-h-50-mbar-klf-x-g-%c2%bc-lh-um-tuyau-400-mm-minitool\/#breadcrumb","itemListElement":[{"@type":"ListItem","position":1,"name":"Accueil","item":"https:\/\/shop.bantam.ch\/fr\/"},{"@type":"ListItem","position":2,"name":"Boutique","item":"https:\/\/shop.bantam.ch\/fr\/boutique\/"},{"@type":"ListItem","position":3,"name":"Set r\u00e9glage GOK, type EN 61 DS G 1 \/ 4 LH-\u00dcM x G 1 \/ 4 LH-\u00dcM x RST\u00a0400\u00a0mm"}]},{"@type":"WebSite","@id":"https:\/\/shop.bantam.ch\/fr\/#website","url":"https:\/\/shop.bantam.ch\/fr\/","name":"Bantam Wankm\u00fcller SA","description":"","publisher":{"@id":"https:\/\/shop.bantam.ch\/fr\/#organization"},"inLanguage":"fr-FR"},{"@type":"Organization","@id":"https:\/\/shop.bantam.ch\/fr\/#organization","name":"Bantam Wankm\u00fcller SA","url":"https:\/\/shop.bantam.ch\/fr\/","logo":{"@type":"ImageObject","inLanguage":"fr-FR","@id":"https:\/\/shop.bantam.ch\/fr\/#\/schema\/logo\/image\/","url":"https:\/\/shop.bantam.ch\/wp-content\/uploads\/2022\/12\/bantam-logo.png","contentUrl":"https:\/\/shop.bantam.ch\/wp-content\/uploads\/2022\/12\/bantam-logo.png","width":320,"height":71,"caption":"Bantam Wankm\u00fcller SA"},"image":{"@id":"https:\/\/shop.bantam.ch\/fr\/#\/schema\/logo\/image\/"}}]}},"_links":{"self":[{"href":"https:\/\/shop.bantam.ch\/fr\/wp-json\/wp\/v2\/product\/66571","targetHints":{"allow":["GET"]}}],"collection":[{"href":"https:\/\/shop.bantam.ch\/fr\/wp-json\/wp\/v2\/product"}],"about":[{"href":"https:\/\/shop.bantam.ch\/fr\/wp-json\/wp\/v2\/types\/product"}],"wp:featuredmedia":[{"embeddable":true,"href":"https:\/\/shop.bantam.ch\/fr\/wp-json\/wp\/v2\/media\/66569"}],"wp:attachment":[{"href":"https:\/\/shop.bantam.ch\/fr\/wp-json\/wp\/v2\/media?parent=66571"}],"wp:term":[{"taxonomy":"product_featured_cat","embeddable":true,"href":"https:\/\/shop.bantam.ch\/fr\/wp-json\/wp\/v2\/product_featured_cat?post=66571"},{"taxonomy":"product_brand","embeddable":true,"href":"https:\/\/shop.bantam.ch\/fr\/wp-json\/wp\/v2\/product_brand?post=66571"},{"taxonomy":"product_cat","embeddable":true,"href":"https:\/\/shop.bantam.ch\/fr\/wp-json\/wp\/v2\/product_cat?post=66571"},{"taxonomy":"product_tag","embeddable":true,"href":"https:\/\/shop.bantam.ch\/fr\/wp-json\/wp\/v2\/product_tag?post=66571"}],"curies":[{"name":"wp","href":"https:\/\/api.w.org\/{rel}","templated":true}]}}