{"id":66567,"date":"2023-02-27T19:43:10","date_gmt":"2023-02-27T18:43:10","guid":{"rendered":"http:\/\/shop.bantam.ch\/produit\/kit-regulateur-tuyau-en61-15-kg-h-50-mbar-klf-x-63-x-35-400-5-8-unf-uem\/"},"modified":"2026-04-17T21:11:46","modified_gmt":"2026-04-17T19:11:46","slug":"kit-regulateur-tuyau-en61-15-kg-h-50-mbar-klf-x-63-x-35-400-5-8-unf-uem","status":"publish","type":"product","link":"https:\/\/shop.bantam.ch\/fr\/produit\/kit-regulateur-tuyau-en61-15-kg-h-50-mbar-klf-x-63-x-35-400-5-8-unf-uem\/","title":{"rendered":"Kit d\u00e9tendeur GOK Typ EN61 1,5 kg\/h 50 mbar KLF x 6,3&#215;3,5-800 5\/8 UNF"},"content":{"rendered":"<p>Pour grills \u00e0 gaz avec un filetage de raccord (AG 5\/8 UNF), par exemple Outdoor chef, pour une bouteille de gaz allemande.<br \/>Flexible de gaz r\u00e9sistant au froid jusqu&rsquo;\u00e0 -30 \u00b0 C. Armatures test\u00e9es ind\u00e9pendamment conform\u00e9ment aux normes DIN-DVGW et DVGW.<br \/>D\u00e9tendeur basse pression EN 61 (50 mbar), lyre moyenne pression en caoutchouc avec insert en tissu (longueur 800 mm), Mini Tool.<\/p>\n","protected":false},"excerpt":{"rendered":"<p>Pour grills \u00e0 gaz avec un filetage de raccord (AG 5\/8 UNF), par exemple Outdoor chef, pour une bouteille de gaz allemande.Flexible de gaz r\u00e9sistant au froid jusqu&rsquo;\u00e0 -30 \u00b0 C. Armatures test\u00e9es ind\u00e9pendamment conform\u00e9ment aux normes DIN-DVGW et DVGW.D\u00e9tendeur basse pression EN 61 (50 mbar), lyre moyenne pression en caoutchouc avec insert en tissu [&hellip;]<\/p>\n","protected":false},"featured_media":66565,"template":"","meta":{"_acf_changed":false},"product_featured_cat":[],"product_brand":[3254],"product_cat":[4491],"product_tag":[],"class_list":{"0":"post-66567","1":"product","2":"type-product","3":"status-publish","4":"has-post-thumbnail","6":"product_brand-gok","7":"product_cat-detendeurs-gaz","9":"first","10":"instock","11":"taxable","12":"shipping-taxable","13":"purchasable","14":"product-type-simple"},"acf":[],"yoast_head":"<!-- This site is optimized with the Yoast SEO plugin v27.4 - https:\/\/yoast.com\/product\/yoast-seo-wordpress\/ -->\n<title>Kit d\u00e9tendeur GOK Typ EN61 1,5 kg\/h 50 mbar KLF x 6,3x3,5-800 5\/8 UNF - Bantam Wankm\u00fcller SA<\/title>\n<meta name=\"robots\" content=\"index, follow, max-snippet:-1, max-image-preview:large, max-video-preview:-1\" \/>\n<link rel=\"canonical\" href=\"https:\/\/shop.bantam.ch\/fr\/produit\/kit-regulateur-tuyau-en61-15-kg-h-50-mbar-klf-x-63-x-35-400-5-8-unf-uem\/\" \/>\n<meta property=\"og:locale\" content=\"fr_FR\" \/>\n<meta property=\"og:type\" content=\"article\" \/>\n<meta property=\"og:title\" content=\"Kit d\u00e9tendeur GOK Typ EN61 1,5 kg\/h 50 mbar KLF x 6,3x3,5-800 5\/8 UNF - Bantam Wankm\u00fcller SA\" \/>\n<meta property=\"og:description\" content=\"Pour grills \u00e0 gaz avec un filetage de raccord (AG 5\/8 UNF), par exemple Outdoor chef, pour une bouteille de gaz allemande.Flexible de gaz r\u00e9sistant au froid jusqu&rsquo;\u00e0 -30 \u00b0 C. Armatures test\u00e9es ind\u00e9pendamment conform\u00e9ment aux normes DIN-DVGW et DVGW.D\u00e9tendeur basse pression EN 61 (50 mbar), lyre moyenne pression en caoutchouc avec insert en tissu [&hellip;]\" \/>\n<meta property=\"og:url\" content=\"https:\/\/shop.bantam.ch\/fr\/produit\/kit-regulateur-tuyau-en61-15-kg-h-50-mbar-klf-x-63-x-35-400-5-8-unf-uem\/\" \/>\n<meta property=\"og:site_name\" content=\"Bantam Wankm\u00fcller SA\" \/>\n<meta property=\"article:modified_time\" content=\"2026-04-17T19:11:46+00:00\" \/>\n<meta property=\"og:image\" content=\"https:\/\/shop.bantam.ch\/wp-content\/uploads\/2023\/02\/9952386-100-1-3.jpg\" \/>\n\t<meta property=\"og:image:width\" content=\"1000\" \/>\n\t<meta property=\"og:image:height\" content=\"896\" \/>\n\t<meta property=\"og:image:type\" content=\"image\/jpeg\" \/>\n<meta name=\"twitter:card\" content=\"summary_large_image\" \/>\n<script type=\"application\/ld+json\" class=\"yoast-schema-graph\">{\"@context\":\"https:\\\/\\\/schema.org\",\"@graph\":[{\"@type\":\"WebPage\",\"@id\":\"https:\\\/\\\/shop.bantam.ch\\\/fr\\\/produit\\\/kit-regulateur-tuyau-en61-15-kg-h-50-mbar-klf-x-63-x-35-400-5-8-unf-uem\\\/\",\"url\":\"https:\\\/\\\/shop.bantam.ch\\\/fr\\\/produit\\\/kit-regulateur-tuyau-en61-15-kg-h-50-mbar-klf-x-63-x-35-400-5-8-unf-uem\\\/\",\"name\":\"Kit d\u00e9tendeur GOK Typ EN61 1,5 kg\\\/h 50 mbar KLF x 6,3x3,5-800 5\\\/8 UNF - Bantam Wankm\u00fcller SA\",\"isPartOf\":{\"@id\":\"https:\\\/\\\/shop.bantam.ch\\\/fr\\\/#website\"},\"primaryImageOfPage\":{\"@id\":\"https:\\\/\\\/shop.bantam.ch\\\/fr\\\/produit\\\/kit-regulateur-tuyau-en61-15-kg-h-50-mbar-klf-x-63-x-35-400-5-8-unf-uem\\\/#primaryimage\"},\"image\":{\"@id\":\"https:\\\/\\\/shop.bantam.ch\\\/fr\\\/produit\\\/kit-regulateur-tuyau-en61-15-kg-h-50-mbar-klf-x-63-x-35-400-5-8-unf-uem\\\/#primaryimage\"},\"thumbnailUrl\":\"https:\\\/\\\/shop.bantam.ch\\\/wp-content\\\/uploads\\\/2023\\\/02\\\/9952386-100-1-3.jpg\",\"datePublished\":\"2023-02-27T18:43:10+00:00\",\"dateModified\":\"2026-04-17T19:11:46+00:00\",\"breadcrumb\":{\"@id\":\"https:\\\/\\\/shop.bantam.ch\\\/fr\\\/produit\\\/kit-regulateur-tuyau-en61-15-kg-h-50-mbar-klf-x-63-x-35-400-5-8-unf-uem\\\/#breadcrumb\"},\"inLanguage\":\"fr-FR\",\"potentialAction\":[{\"@type\":\"ReadAction\",\"target\":[\"https:\\\/\\\/shop.bantam.ch\\\/fr\\\/produit\\\/kit-regulateur-tuyau-en61-15-kg-h-50-mbar-klf-x-63-x-35-400-5-8-unf-uem\\\/\"]}]},{\"@type\":\"ImageObject\",\"inLanguage\":\"fr-FR\",\"@id\":\"https:\\\/\\\/shop.bantam.ch\\\/fr\\\/produit\\\/kit-regulateur-tuyau-en61-15-kg-h-50-mbar-klf-x-63-x-35-400-5-8-unf-uem\\\/#primaryimage\",\"url\":\"https:\\\/\\\/shop.bantam.ch\\\/wp-content\\\/uploads\\\/2023\\\/02\\\/9952386-100-1-3.jpg\",\"contentUrl\":\"https:\\\/\\\/shop.bantam.ch\\\/wp-content\\\/uploads\\\/2023\\\/02\\\/9952386-100-1-3.jpg\",\"width\":1000,\"height\":896},{\"@type\":\"BreadcrumbList\",\"@id\":\"https:\\\/\\\/shop.bantam.ch\\\/fr\\\/produit\\\/kit-regulateur-tuyau-en61-15-kg-h-50-mbar-klf-x-63-x-35-400-5-8-unf-uem\\\/#breadcrumb\",\"itemListElement\":[{\"@type\":\"ListItem\",\"position\":1,\"name\":\"Accueil\",\"item\":\"https:\\\/\\\/shop.bantam.ch\\\/fr\\\/\"},{\"@type\":\"ListItem\",\"position\":2,\"name\":\"Boutique\",\"item\":\"https:\\\/\\\/shop.bantam.ch\\\/fr\\\/boutique\\\/\"},{\"@type\":\"ListItem\",\"position\":3,\"name\":\"Kit d\u00e9tendeur GOK Typ EN61 1,5 kg\\\/h 50 mbar KLF x 6,3&#215;3,5-800 5\\\/8 UNF\"}]},{\"@type\":\"WebSite\",\"@id\":\"https:\\\/\\\/shop.bantam.ch\\\/fr\\\/#website\",\"url\":\"https:\\\/\\\/shop.bantam.ch\\\/fr\\\/\",\"name\":\"Bantam Wankm\u00fcller SA\",\"description\":\"\",\"publisher\":{\"@id\":\"https:\\\/\\\/shop.bantam.ch\\\/fr\\\/#organization\"},\"inLanguage\":\"fr-FR\"},{\"@type\":\"Organization\",\"@id\":\"https:\\\/\\\/shop.bantam.ch\\\/fr\\\/#organization\",\"name\":\"Bantam Wankm\u00fcller SA\",\"url\":\"https:\\\/\\\/shop.bantam.ch\\\/fr\\\/\",\"logo\":{\"@type\":\"ImageObject\",\"inLanguage\":\"fr-FR\",\"@id\":\"https:\\\/\\\/shop.bantam.ch\\\/fr\\\/#\\\/schema\\\/logo\\\/image\\\/\",\"url\":\"https:\\\/\\\/shop.bantam.ch\\\/wp-content\\\/uploads\\\/2022\\\/12\\\/bantam-logo.png\",\"contentUrl\":\"https:\\\/\\\/shop.bantam.ch\\\/wp-content\\\/uploads\\\/2022\\\/12\\\/bantam-logo.png\",\"width\":320,\"height\":71,\"caption\":\"Bantam Wankm\u00fcller SA\"},\"image\":{\"@id\":\"https:\\\/\\\/shop.bantam.ch\\\/fr\\\/#\\\/schema\\\/logo\\\/image\\\/\"}}]}<\/script>\n<!-- \/ Yoast SEO plugin. -->","yoast_head_json":{"title":"Kit d\u00e9tendeur GOK Typ EN61 1,5 kg\/h 50 mbar KLF x 6,3x3,5-800 5\/8 UNF - Bantam Wankm\u00fcller SA","robots":{"index":"index","follow":"follow","max-snippet":"max-snippet:-1","max-image-preview":"max-image-preview:large","max-video-preview":"max-video-preview:-1"},"canonical":"https:\/\/shop.bantam.ch\/fr\/produit\/kit-regulateur-tuyau-en61-15-kg-h-50-mbar-klf-x-63-x-35-400-5-8-unf-uem\/","og_locale":"fr_FR","og_type":"article","og_title":"Kit d\u00e9tendeur GOK Typ EN61 1,5 kg\/h 50 mbar KLF x 6,3x3,5-800 5\/8 UNF - Bantam Wankm\u00fcller SA","og_description":"Pour grills \u00e0 gaz avec un filetage de raccord (AG 5\/8 UNF), par exemple Outdoor chef, pour une bouteille de gaz allemande.Flexible de gaz r\u00e9sistant au froid jusqu&rsquo;\u00e0 -30 \u00b0 C. Armatures test\u00e9es ind\u00e9pendamment conform\u00e9ment aux normes DIN-DVGW et DVGW.D\u00e9tendeur basse pression EN 61 (50 mbar), lyre moyenne pression en caoutchouc avec insert en tissu [&hellip;]","og_url":"https:\/\/shop.bantam.ch\/fr\/produit\/kit-regulateur-tuyau-en61-15-kg-h-50-mbar-klf-x-63-x-35-400-5-8-unf-uem\/","og_site_name":"Bantam Wankm\u00fcller SA","article_modified_time":"2026-04-17T19:11:46+00:00","og_image":[{"width":1000,"height":896,"url":"https:\/\/shop.bantam.ch\/wp-content\/uploads\/2023\/02\/9952386-100-1-3.jpg","type":"image\/jpeg"}],"twitter_card":"summary_large_image","schema":{"@context":"https:\/\/schema.org","@graph":[{"@type":"WebPage","@id":"https:\/\/shop.bantam.ch\/fr\/produit\/kit-regulateur-tuyau-en61-15-kg-h-50-mbar-klf-x-63-x-35-400-5-8-unf-uem\/","url":"https:\/\/shop.bantam.ch\/fr\/produit\/kit-regulateur-tuyau-en61-15-kg-h-50-mbar-klf-x-63-x-35-400-5-8-unf-uem\/","name":"Kit d\u00e9tendeur GOK Typ EN61 1,5 kg\/h 50 mbar KLF x 6,3x3,5-800 5\/8 UNF - Bantam Wankm\u00fcller SA","isPartOf":{"@id":"https:\/\/shop.bantam.ch\/fr\/#website"},"primaryImageOfPage":{"@id":"https:\/\/shop.bantam.ch\/fr\/produit\/kit-regulateur-tuyau-en61-15-kg-h-50-mbar-klf-x-63-x-35-400-5-8-unf-uem\/#primaryimage"},"image":{"@id":"https:\/\/shop.bantam.ch\/fr\/produit\/kit-regulateur-tuyau-en61-15-kg-h-50-mbar-klf-x-63-x-35-400-5-8-unf-uem\/#primaryimage"},"thumbnailUrl":"https:\/\/shop.bantam.ch\/wp-content\/uploads\/2023\/02\/9952386-100-1-3.jpg","datePublished":"2023-02-27T18:43:10+00:00","dateModified":"2026-04-17T19:11:46+00:00","breadcrumb":{"@id":"https:\/\/shop.bantam.ch\/fr\/produit\/kit-regulateur-tuyau-en61-15-kg-h-50-mbar-klf-x-63-x-35-400-5-8-unf-uem\/#breadcrumb"},"inLanguage":"fr-FR","potentialAction":[{"@type":"ReadAction","target":["https:\/\/shop.bantam.ch\/fr\/produit\/kit-regulateur-tuyau-en61-15-kg-h-50-mbar-klf-x-63-x-35-400-5-8-unf-uem\/"]}]},{"@type":"ImageObject","inLanguage":"fr-FR","@id":"https:\/\/shop.bantam.ch\/fr\/produit\/kit-regulateur-tuyau-en61-15-kg-h-50-mbar-klf-x-63-x-35-400-5-8-unf-uem\/#primaryimage","url":"https:\/\/shop.bantam.ch\/wp-content\/uploads\/2023\/02\/9952386-100-1-3.jpg","contentUrl":"https:\/\/shop.bantam.ch\/wp-content\/uploads\/2023\/02\/9952386-100-1-3.jpg","width":1000,"height":896},{"@type":"BreadcrumbList","@id":"https:\/\/shop.bantam.ch\/fr\/produit\/kit-regulateur-tuyau-en61-15-kg-h-50-mbar-klf-x-63-x-35-400-5-8-unf-uem\/#breadcrumb","itemListElement":[{"@type":"ListItem","position":1,"name":"Accueil","item":"https:\/\/shop.bantam.ch\/fr\/"},{"@type":"ListItem","position":2,"name":"Boutique","item":"https:\/\/shop.bantam.ch\/fr\/boutique\/"},{"@type":"ListItem","position":3,"name":"Kit d\u00e9tendeur GOK Typ EN61 1,5 kg\/h 50 mbar KLF x 6,3&#215;3,5-800 5\/8 UNF"}]},{"@type":"WebSite","@id":"https:\/\/shop.bantam.ch\/fr\/#website","url":"https:\/\/shop.bantam.ch\/fr\/","name":"Bantam Wankm\u00fcller SA","description":"","publisher":{"@id":"https:\/\/shop.bantam.ch\/fr\/#organization"},"inLanguage":"fr-FR"},{"@type":"Organization","@id":"https:\/\/shop.bantam.ch\/fr\/#organization","name":"Bantam Wankm\u00fcller SA","url":"https:\/\/shop.bantam.ch\/fr\/","logo":{"@type":"ImageObject","inLanguage":"fr-FR","@id":"https:\/\/shop.bantam.ch\/fr\/#\/schema\/logo\/image\/","url":"https:\/\/shop.bantam.ch\/wp-content\/uploads\/2022\/12\/bantam-logo.png","contentUrl":"https:\/\/shop.bantam.ch\/wp-content\/uploads\/2022\/12\/bantam-logo.png","width":320,"height":71,"caption":"Bantam Wankm\u00fcller SA"},"image":{"@id":"https:\/\/shop.bantam.ch\/fr\/#\/schema\/logo\/image\/"}}]}},"_links":{"self":[{"href":"https:\/\/shop.bantam.ch\/fr\/wp-json\/wp\/v2\/product\/66567","targetHints":{"allow":["GET"]}}],"collection":[{"href":"https:\/\/shop.bantam.ch\/fr\/wp-json\/wp\/v2\/product"}],"about":[{"href":"https:\/\/shop.bantam.ch\/fr\/wp-json\/wp\/v2\/types\/product"}],"wp:featuredmedia":[{"embeddable":true,"href":"https:\/\/shop.bantam.ch\/fr\/wp-json\/wp\/v2\/media\/66565"}],"wp:attachment":[{"href":"https:\/\/shop.bantam.ch\/fr\/wp-json\/wp\/v2\/media?parent=66567"}],"wp:term":[{"taxonomy":"product_featured_cat","embeddable":true,"href":"https:\/\/shop.bantam.ch\/fr\/wp-json\/wp\/v2\/product_featured_cat?post=66567"},{"taxonomy":"product_brand","embeddable":true,"href":"https:\/\/shop.bantam.ch\/fr\/wp-json\/wp\/v2\/product_brand?post=66567"},{"taxonomy":"product_cat","embeddable":true,"href":"https:\/\/shop.bantam.ch\/fr\/wp-json\/wp\/v2\/product_cat?post=66567"},{"taxonomy":"product_tag","embeddable":true,"href":"https:\/\/shop.bantam.ch\/fr\/wp-json\/wp\/v2\/product_tag?post=66567"}],"curies":[{"name":"wp","href":"https:\/\/api.w.org\/{rel}","templated":true}]}}