{"id":66491,"date":"2023-02-27T19:41:23","date_gmt":"2023-02-27T18:41:23","guid":{"rendered":"http:\/\/shop.bantam.ch\/produit\/detendeur-basse-pression-marineline-type-en-61-08-kg-h\/"},"modified":"2026-04-17T21:59:34","modified_gmt":"2026-04-17T19:59:34","slug":"detendeur-basse-pression-marineline-type-en-61-08-kg-h","status":"publish","type":"product","link":"https:\/\/shop.bantam.ch\/fr\/produit\/detendeur-basse-pression-marineline-type-en-61-08-kg-h\/","title":{"rendered":"D\u00e9tendeur basse pression MarineLine type EN 61 0,8 kg\/h"},"content":{"rendered":"<p>R\u00e9gulateur de gaz con\u00e7u sp\u00e9cialement pour le domaine marin (examen de type DGR de l\u2019UE \/ r\u00e9sistance \u00e0 la corrosion selon la norme EN 16129, annexe M).  Mat\u00e9riaux inoxydables et protection renforc\u00e9e contre la corrosion. R\u00e9gulateur (0,8 kg\/h), sortie 90\u00b0<\/p>\n","protected":false},"excerpt":{"rendered":"<p>R\u00e9gulateur de gaz con\u00e7u sp\u00e9cialement pour le domaine marin (examen de type DGR de l\u2019UE \/ r\u00e9sistance \u00e0 la corrosion selon la norme EN 16129, annexe M). Mat\u00e9riaux inoxydables et protection renforc\u00e9e contre la corrosion. R\u00e9gulateur (0,8 kg\/h), sortie 90\u00b0<\/p>\n","protected":false},"featured_media":66487,"template":"","meta":{"_acf_changed":false},"product_featured_cat":[],"product_brand":[3254],"product_cat":[4491],"product_tag":[],"class_list":{"0":"post-66491","1":"product","2":"type-product","3":"status-publish","4":"has-post-thumbnail","6":"product_brand-gok","7":"product_cat-detendeurs-gaz","9":"first","10":"instock","11":"taxable","12":"shipping-taxable","13":"purchasable","14":"product-type-variable"},"acf":[],"yoast_head":"<!-- This site is optimized with the Yoast SEO plugin v27.4 - https:\/\/yoast.com\/product\/yoast-seo-wordpress\/ -->\n<title>D\u00e9tendeur basse pression MarineLine type EN 61 0,8 kg\/h - Bantam Wankm\u00fcller SA<\/title>\n<meta name=\"robots\" content=\"index, follow, max-snippet:-1, max-image-preview:large, max-video-preview:-1\" \/>\n<link rel=\"canonical\" href=\"https:\/\/shop.bantam.ch\/fr\/produit\/detendeur-basse-pression-marineline-type-en-61-08-kg-h\/\" \/>\n<meta property=\"og:locale\" content=\"fr_FR\" \/>\n<meta property=\"og:type\" content=\"article\" \/>\n<meta property=\"og:title\" content=\"D\u00e9tendeur basse pression MarineLine type EN 61 0,8 kg\/h - Bantam Wankm\u00fcller SA\" \/>\n<meta property=\"og:description\" content=\"R\u00e9gulateur de gaz con\u00e7u sp\u00e9cialement pour le domaine marin (examen de type DGR de l\u2019UE \/ r\u00e9sistance \u00e0 la corrosion selon la norme EN 16129, annexe M). Mat\u00e9riaux inoxydables et protection renforc\u00e9e contre la corrosion. R\u00e9gulateur (0,8 kg\/h), sortie 90\u00b0\" \/>\n<meta property=\"og:url\" content=\"https:\/\/shop.bantam.ch\/fr\/produit\/detendeur-basse-pression-marineline-type-en-61-08-kg-h\/\" \/>\n<meta property=\"og:site_name\" content=\"Bantam Wankm\u00fcller SA\" \/>\n<meta property=\"article:modified_time\" content=\"2026-04-17T19:59:34+00:00\" \/>\n<meta property=\"og:image\" content=\"https:\/\/shop.bantam.ch\/wp-content\/uploads\/2023\/02\/9952376-100-1-3.jpg\" \/>\n\t<meta property=\"og:image:width\" content=\"1000\" \/>\n\t<meta property=\"og:image:height\" content=\"725\" \/>\n\t<meta property=\"og:image:type\" content=\"image\/jpeg\" \/>\n<meta name=\"twitter:card\" content=\"summary_large_image\" \/>\n<script type=\"application\/ld+json\" class=\"yoast-schema-graph\">{\"@context\":\"https:\\\/\\\/schema.org\",\"@graph\":[{\"@type\":\"WebPage\",\"@id\":\"https:\\\/\\\/shop.bantam.ch\\\/fr\\\/produit\\\/detendeur-basse-pression-marineline-type-en-61-08-kg-h\\\/\",\"url\":\"https:\\\/\\\/shop.bantam.ch\\\/fr\\\/produit\\\/detendeur-basse-pression-marineline-type-en-61-08-kg-h\\\/\",\"name\":\"D\u00e9tendeur basse pression MarineLine type EN 61 0,8 kg\\\/h - Bantam Wankm\u00fcller SA\",\"isPartOf\":{\"@id\":\"https:\\\/\\\/shop.bantam.ch\\\/fr\\\/#website\"},\"primaryImageOfPage\":{\"@id\":\"https:\\\/\\\/shop.bantam.ch\\\/fr\\\/produit\\\/detendeur-basse-pression-marineline-type-en-61-08-kg-h\\\/#primaryimage\"},\"image\":{\"@id\":\"https:\\\/\\\/shop.bantam.ch\\\/fr\\\/produit\\\/detendeur-basse-pression-marineline-type-en-61-08-kg-h\\\/#primaryimage\"},\"thumbnailUrl\":\"https:\\\/\\\/shop.bantam.ch\\\/wp-content\\\/uploads\\\/2023\\\/02\\\/9952376-100-1-3.jpg\",\"datePublished\":\"2023-02-27T18:41:23+00:00\",\"dateModified\":\"2026-04-17T19:59:34+00:00\",\"breadcrumb\":{\"@id\":\"https:\\\/\\\/shop.bantam.ch\\\/fr\\\/produit\\\/detendeur-basse-pression-marineline-type-en-61-08-kg-h\\\/#breadcrumb\"},\"inLanguage\":\"fr-FR\",\"potentialAction\":[{\"@type\":\"ReadAction\",\"target\":[\"https:\\\/\\\/shop.bantam.ch\\\/fr\\\/produit\\\/detendeur-basse-pression-marineline-type-en-61-08-kg-h\\\/\"]}]},{\"@type\":\"ImageObject\",\"inLanguage\":\"fr-FR\",\"@id\":\"https:\\\/\\\/shop.bantam.ch\\\/fr\\\/produit\\\/detendeur-basse-pression-marineline-type-en-61-08-kg-h\\\/#primaryimage\",\"url\":\"https:\\\/\\\/shop.bantam.ch\\\/wp-content\\\/uploads\\\/2023\\\/02\\\/9952376-100-1-3.jpg\",\"contentUrl\":\"https:\\\/\\\/shop.bantam.ch\\\/wp-content\\\/uploads\\\/2023\\\/02\\\/9952376-100-1-3.jpg\",\"width\":1000,\"height\":725},{\"@type\":\"BreadcrumbList\",\"@id\":\"https:\\\/\\\/shop.bantam.ch\\\/fr\\\/produit\\\/detendeur-basse-pression-marineline-type-en-61-08-kg-h\\\/#breadcrumb\",\"itemListElement\":[{\"@type\":\"ListItem\",\"position\":1,\"name\":\"Accueil\",\"item\":\"https:\\\/\\\/shop.bantam.ch\\\/fr\\\/\"},{\"@type\":\"ListItem\",\"position\":2,\"name\":\"Boutique\",\"item\":\"https:\\\/\\\/shop.bantam.ch\\\/fr\\\/boutique\\\/\"},{\"@type\":\"ListItem\",\"position\":3,\"name\":\"D\u00e9tendeur basse pression MarineLine type EN 61 0,8 kg\\\/h\"}]},{\"@type\":\"WebSite\",\"@id\":\"https:\\\/\\\/shop.bantam.ch\\\/fr\\\/#website\",\"url\":\"https:\\\/\\\/shop.bantam.ch\\\/fr\\\/\",\"name\":\"Bantam Wankm\u00fcller SA\",\"description\":\"\",\"publisher\":{\"@id\":\"https:\\\/\\\/shop.bantam.ch\\\/fr\\\/#organization\"},\"inLanguage\":\"fr-FR\"},{\"@type\":\"Organization\",\"@id\":\"https:\\\/\\\/shop.bantam.ch\\\/fr\\\/#organization\",\"name\":\"Bantam Wankm\u00fcller SA\",\"url\":\"https:\\\/\\\/shop.bantam.ch\\\/fr\\\/\",\"logo\":{\"@type\":\"ImageObject\",\"inLanguage\":\"fr-FR\",\"@id\":\"https:\\\/\\\/shop.bantam.ch\\\/fr\\\/#\\\/schema\\\/logo\\\/image\\\/\",\"url\":\"https:\\\/\\\/shop.bantam.ch\\\/wp-content\\\/uploads\\\/2022\\\/12\\\/bantam-logo.png\",\"contentUrl\":\"https:\\\/\\\/shop.bantam.ch\\\/wp-content\\\/uploads\\\/2022\\\/12\\\/bantam-logo.png\",\"width\":320,\"height\":71,\"caption\":\"Bantam Wankm\u00fcller SA\"},\"image\":{\"@id\":\"https:\\\/\\\/shop.bantam.ch\\\/fr\\\/#\\\/schema\\\/logo\\\/image\\\/\"}}]}<\/script>\n<!-- \/ Yoast SEO plugin. -->","yoast_head_json":{"title":"D\u00e9tendeur basse pression MarineLine type EN 61 0,8 kg\/h - Bantam Wankm\u00fcller SA","robots":{"index":"index","follow":"follow","max-snippet":"max-snippet:-1","max-image-preview":"max-image-preview:large","max-video-preview":"max-video-preview:-1"},"canonical":"https:\/\/shop.bantam.ch\/fr\/produit\/detendeur-basse-pression-marineline-type-en-61-08-kg-h\/","og_locale":"fr_FR","og_type":"article","og_title":"D\u00e9tendeur basse pression MarineLine type EN 61 0,8 kg\/h - Bantam Wankm\u00fcller SA","og_description":"R\u00e9gulateur de gaz con\u00e7u sp\u00e9cialement pour le domaine marin (examen de type DGR de l\u2019UE \/ r\u00e9sistance \u00e0 la corrosion selon la norme EN 16129, annexe M). Mat\u00e9riaux inoxydables et protection renforc\u00e9e contre la corrosion. R\u00e9gulateur (0,8 kg\/h), sortie 90\u00b0","og_url":"https:\/\/shop.bantam.ch\/fr\/produit\/detendeur-basse-pression-marineline-type-en-61-08-kg-h\/","og_site_name":"Bantam Wankm\u00fcller SA","article_modified_time":"2026-04-17T19:59:34+00:00","og_image":[{"width":1000,"height":725,"url":"https:\/\/shop.bantam.ch\/wp-content\/uploads\/2023\/02\/9952376-100-1-3.jpg","type":"image\/jpeg"}],"twitter_card":"summary_large_image","schema":{"@context":"https:\/\/schema.org","@graph":[{"@type":"WebPage","@id":"https:\/\/shop.bantam.ch\/fr\/produit\/detendeur-basse-pression-marineline-type-en-61-08-kg-h\/","url":"https:\/\/shop.bantam.ch\/fr\/produit\/detendeur-basse-pression-marineline-type-en-61-08-kg-h\/","name":"D\u00e9tendeur basse pression MarineLine type EN 61 0,8 kg\/h - Bantam Wankm\u00fcller SA","isPartOf":{"@id":"https:\/\/shop.bantam.ch\/fr\/#website"},"primaryImageOfPage":{"@id":"https:\/\/shop.bantam.ch\/fr\/produit\/detendeur-basse-pression-marineline-type-en-61-08-kg-h\/#primaryimage"},"image":{"@id":"https:\/\/shop.bantam.ch\/fr\/produit\/detendeur-basse-pression-marineline-type-en-61-08-kg-h\/#primaryimage"},"thumbnailUrl":"https:\/\/shop.bantam.ch\/wp-content\/uploads\/2023\/02\/9952376-100-1-3.jpg","datePublished":"2023-02-27T18:41:23+00:00","dateModified":"2026-04-17T19:59:34+00:00","breadcrumb":{"@id":"https:\/\/shop.bantam.ch\/fr\/produit\/detendeur-basse-pression-marineline-type-en-61-08-kg-h\/#breadcrumb"},"inLanguage":"fr-FR","potentialAction":[{"@type":"ReadAction","target":["https:\/\/shop.bantam.ch\/fr\/produit\/detendeur-basse-pression-marineline-type-en-61-08-kg-h\/"]}]},{"@type":"ImageObject","inLanguage":"fr-FR","@id":"https:\/\/shop.bantam.ch\/fr\/produit\/detendeur-basse-pression-marineline-type-en-61-08-kg-h\/#primaryimage","url":"https:\/\/shop.bantam.ch\/wp-content\/uploads\/2023\/02\/9952376-100-1-3.jpg","contentUrl":"https:\/\/shop.bantam.ch\/wp-content\/uploads\/2023\/02\/9952376-100-1-3.jpg","width":1000,"height":725},{"@type":"BreadcrumbList","@id":"https:\/\/shop.bantam.ch\/fr\/produit\/detendeur-basse-pression-marineline-type-en-61-08-kg-h\/#breadcrumb","itemListElement":[{"@type":"ListItem","position":1,"name":"Accueil","item":"https:\/\/shop.bantam.ch\/fr\/"},{"@type":"ListItem","position":2,"name":"Boutique","item":"https:\/\/shop.bantam.ch\/fr\/boutique\/"},{"@type":"ListItem","position":3,"name":"D\u00e9tendeur basse pression MarineLine type EN 61 0,8 kg\/h"}]},{"@type":"WebSite","@id":"https:\/\/shop.bantam.ch\/fr\/#website","url":"https:\/\/shop.bantam.ch\/fr\/","name":"Bantam Wankm\u00fcller SA","description":"","publisher":{"@id":"https:\/\/shop.bantam.ch\/fr\/#organization"},"inLanguage":"fr-FR"},{"@type":"Organization","@id":"https:\/\/shop.bantam.ch\/fr\/#organization","name":"Bantam Wankm\u00fcller SA","url":"https:\/\/shop.bantam.ch\/fr\/","logo":{"@type":"ImageObject","inLanguage":"fr-FR","@id":"https:\/\/shop.bantam.ch\/fr\/#\/schema\/logo\/image\/","url":"https:\/\/shop.bantam.ch\/wp-content\/uploads\/2022\/12\/bantam-logo.png","contentUrl":"https:\/\/shop.bantam.ch\/wp-content\/uploads\/2022\/12\/bantam-logo.png","width":320,"height":71,"caption":"Bantam Wankm\u00fcller SA"},"image":{"@id":"https:\/\/shop.bantam.ch\/fr\/#\/schema\/logo\/image\/"}}]}},"_links":{"self":[{"href":"https:\/\/shop.bantam.ch\/fr\/wp-json\/wp\/v2\/product\/66491","targetHints":{"allow":["GET"]}}],"collection":[{"href":"https:\/\/shop.bantam.ch\/fr\/wp-json\/wp\/v2\/product"}],"about":[{"href":"https:\/\/shop.bantam.ch\/fr\/wp-json\/wp\/v2\/types\/product"}],"wp:featuredmedia":[{"embeddable":true,"href":"https:\/\/shop.bantam.ch\/fr\/wp-json\/wp\/v2\/media\/66487"}],"wp:attachment":[{"href":"https:\/\/shop.bantam.ch\/fr\/wp-json\/wp\/v2\/media?parent=66491"}],"wp:term":[{"taxonomy":"product_featured_cat","embeddable":true,"href":"https:\/\/shop.bantam.ch\/fr\/wp-json\/wp\/v2\/product_featured_cat?post=66491"},{"taxonomy":"product_brand","embeddable":true,"href":"https:\/\/shop.bantam.ch\/fr\/wp-json\/wp\/v2\/product_brand?post=66491"},{"taxonomy":"product_cat","embeddable":true,"href":"https:\/\/shop.bantam.ch\/fr\/wp-json\/wp\/v2\/product_cat?post=66491"},{"taxonomy":"product_tag","embeddable":true,"href":"https:\/\/shop.bantam.ch\/fr\/wp-json\/wp\/v2\/product_tag?post=66491"}],"curies":[{"name":"wp","href":"https:\/\/api.w.org\/{rel}","templated":true}]}}