{"id":66351,"date":"2023-02-27T19:38:15","date_gmt":"2023-02-27T18:38:15","guid":{"rendered":"http:\/\/shop.bantam.ch\/produit\/store-de-toit-f40-van-270-270-x-225-cm-tissu-royal-grey-boitier-deep-black\/"},"modified":"2026-04-20T21:11:45","modified_gmt":"2026-04-20T19:11:45","slug":"store-de-toit-f40-van-270-270-x-225-cm-tissu-royal-grey-boitier-deep-black","status":"publish","type":"product","link":"https:\/\/shop.bantam.ch\/fr\/produit\/store-de-toit-f40-van-270-270-x-225-cm-tissu-royal-grey-boitier-deep-black\/","title":{"rendered":"Store de toit F40 Van 270, 270 x 225 cm, tissu royal grey, bo\u00eetier deep black"},"content":{"rendered":"<p>Store au design compact, le compl\u00e9ment id\u00e9al pour votre v\u00e9hicule. Il s\u2019int\u00e8gre sur le monospace gr\u00e2ce \u00e0 ses supports bas. Rapport qualit\u00e9-prix optimal. Le store est mont\u00e9 sur le toit de la camionnette et occupe peu de place gr\u00e2ce aux fixation profond\u00e9ment enfonc\u00e9es. Les moindres d\u00e9tails du store sont peaufin\u00e9s. La toile se d\u00e9roule par le haut, garantissant ainsi sa tension et son efficacit\u00e9.<\/p>\n<p>Montage :<\/p>\n<p>Ne convient pas pour les v\u00e9hicules \u00e0 toit pop-up ni pour la Volkswagen California. Si le v\u00e9hicule est \u00e9quip\u00e9 d&rsquo;un rail en C, celui-ci doit \u00eatre retir\u00e9 et les supports fix\u00e9s sur les points d&rsquo;usine. Les kits de montage sont disponibles en option. L&rsquo;assemblage est encore plus facile gr\u00e2ce aux points pr\u00e9vus pour la fixation et sans per\u00e7age.<\/p>\n<p>Caract\u00e9ristiques techniques :<\/p>\n<ul>\n<li>Bras articul\u00e9s renforc\u00e9s \u00e0 section r\u00e9duite, qui se d\u00e9placent tout droit et dont la face avant peut \u00eatre l\u00e9g\u00e8rement relev\u00e9e. L\u2019ouverture du store n\u2019affecte pas l&rsquo;ouverture et la fermeture de la porte lat\u00e9rale.<\/li>\n<li>Transmission \u00e0 gauche<\/li>\n<li>Pieds de support plats avec ouverture pr\u00e9r\u00e9gl\u00e9e<\/li>\n<\/ul>\n<p>Mat\u00e9riau :<br \/> Mati\u00e8re en toile PVC<\/p>\n<p>\u00a0<\/p>\n","protected":false},"excerpt":{"rendered":"<p>Store au design compact, le compl\u00e9ment id\u00e9al pour votre v\u00e9hicule. Il s\u2019int\u00e8gre sur le monospace gr\u00e2ce \u00e0 ses supports bas. Rapport qualit\u00e9-prix optimal. Le store est mont\u00e9 sur le toit de la camionnette et occupe peu de place gr\u00e2ce aux fixation profond\u00e9ment enfonc\u00e9es. Les moindres d\u00e9tails du store sont peaufin\u00e9s. La toile se d\u00e9roule par [&hellip;]<\/p>\n","protected":false},"featured_media":66335,"template":"","meta":{"_acf_changed":false},"product_featured_cat":[],"product_brand":[3034],"product_cat":[4213],"product_tag":[],"class_list":{"0":"post-66351","1":"product","2":"type-product","3":"status-publish","4":"has-post-thumbnail","6":"product_brand-fiamma","7":"product_cat-stores-a-cassette","9":"first","10":"instock","11":"taxable","12":"shipping-taxable","13":"purchasable","14":"product-type-simple"},"acf":[],"yoast_head":"<!-- This site is optimized with the Yoast SEO plugin v27.4 - https:\/\/yoast.com\/product\/yoast-seo-wordpress\/ -->\n<title>Store de toit F40 Van 270, 270 x 225 cm, tissu royal grey, bo\u00eetier deep black - Bantam Wankm\u00fcller SA<\/title>\n<meta name=\"robots\" content=\"index, follow, max-snippet:-1, max-image-preview:large, max-video-preview:-1\" \/>\n<link rel=\"canonical\" href=\"https:\/\/shop.bantam.ch\/fr\/produit\/store-de-toit-f40-van-270-270-x-225-cm-tissu-royal-grey-boitier-deep-black\/\" \/>\n<meta property=\"og:locale\" content=\"fr_FR\" \/>\n<meta property=\"og:type\" content=\"article\" \/>\n<meta property=\"og:title\" content=\"Store de toit F40 Van 270, 270 x 225 cm, tissu royal grey, bo\u00eetier deep black - Bantam Wankm\u00fcller SA\" \/>\n<meta property=\"og:description\" content=\"Store au design compact, le compl\u00e9ment id\u00e9al pour votre v\u00e9hicule. Il s\u2019int\u00e8gre sur le monospace gr\u00e2ce \u00e0 ses supports bas. Rapport qualit\u00e9-prix optimal. Le store est mont\u00e9 sur le toit de la camionnette et occupe peu de place gr\u00e2ce aux fixation profond\u00e9ment enfonc\u00e9es. Les moindres d\u00e9tails du store sont peaufin\u00e9s. La toile se d\u00e9roule par [&hellip;]\" \/>\n<meta property=\"og:url\" content=\"https:\/\/shop.bantam.ch\/fr\/produit\/store-de-toit-f40-van-270-270-x-225-cm-tissu-royal-grey-boitier-deep-black\/\" \/>\n<meta property=\"og:site_name\" content=\"Bantam Wankm\u00fcller SA\" \/>\n<meta property=\"article:modified_time\" content=\"2026-04-20T19:11:45+00:00\" \/>\n<meta property=\"og:image\" content=\"https:\/\/shop.bantam.ch\/wp-content\/uploads\/2023\/02\/9940987-100-1-3.jpg\" \/>\n\t<meta property=\"og:image:width\" content=\"1000\" \/>\n\t<meta property=\"og:image:height\" content=\"561\" \/>\n\t<meta property=\"og:image:type\" content=\"image\/jpeg\" \/>\n<meta name=\"twitter:card\" content=\"summary_large_image\" \/>\n<meta name=\"twitter:label1\" content=\"Dur\u00e9e de lecture estim\u00e9e\" \/>\n\t<meta name=\"twitter:data1\" content=\"1 minute\" \/>\n<script type=\"application\/ld+json\" class=\"yoast-schema-graph\">{\"@context\":\"https:\\\/\\\/schema.org\",\"@graph\":[{\"@type\":\"WebPage\",\"@id\":\"https:\\\/\\\/shop.bantam.ch\\\/fr\\\/produit\\\/store-de-toit-f40-van-270-270-x-225-cm-tissu-royal-grey-boitier-deep-black\\\/\",\"url\":\"https:\\\/\\\/shop.bantam.ch\\\/fr\\\/produit\\\/store-de-toit-f40-van-270-270-x-225-cm-tissu-royal-grey-boitier-deep-black\\\/\",\"name\":\"Store de toit F40 Van 270, 270 x 225 cm, tissu royal grey, bo\u00eetier deep black - Bantam Wankm\u00fcller SA\",\"isPartOf\":{\"@id\":\"https:\\\/\\\/shop.bantam.ch\\\/fr\\\/#website\"},\"primaryImageOfPage\":{\"@id\":\"https:\\\/\\\/shop.bantam.ch\\\/fr\\\/produit\\\/store-de-toit-f40-van-270-270-x-225-cm-tissu-royal-grey-boitier-deep-black\\\/#primaryimage\"},\"image\":{\"@id\":\"https:\\\/\\\/shop.bantam.ch\\\/fr\\\/produit\\\/store-de-toit-f40-van-270-270-x-225-cm-tissu-royal-grey-boitier-deep-black\\\/#primaryimage\"},\"thumbnailUrl\":\"https:\\\/\\\/shop.bantam.ch\\\/wp-content\\\/uploads\\\/2023\\\/02\\\/9940987-100-1-3.jpg\",\"datePublished\":\"2023-02-27T18:38:15+00:00\",\"dateModified\":\"2026-04-20T19:11:45+00:00\",\"breadcrumb\":{\"@id\":\"https:\\\/\\\/shop.bantam.ch\\\/fr\\\/produit\\\/store-de-toit-f40-van-270-270-x-225-cm-tissu-royal-grey-boitier-deep-black\\\/#breadcrumb\"},\"inLanguage\":\"fr-FR\",\"potentialAction\":[{\"@type\":\"ReadAction\",\"target\":[\"https:\\\/\\\/shop.bantam.ch\\\/fr\\\/produit\\\/store-de-toit-f40-van-270-270-x-225-cm-tissu-royal-grey-boitier-deep-black\\\/\"]}]},{\"@type\":\"ImageObject\",\"inLanguage\":\"fr-FR\",\"@id\":\"https:\\\/\\\/shop.bantam.ch\\\/fr\\\/produit\\\/store-de-toit-f40-van-270-270-x-225-cm-tissu-royal-grey-boitier-deep-black\\\/#primaryimage\",\"url\":\"https:\\\/\\\/shop.bantam.ch\\\/wp-content\\\/uploads\\\/2023\\\/02\\\/9940987-100-1-3.jpg\",\"contentUrl\":\"https:\\\/\\\/shop.bantam.ch\\\/wp-content\\\/uploads\\\/2023\\\/02\\\/9940987-100-1-3.jpg\",\"width\":1000,\"height\":561},{\"@type\":\"BreadcrumbList\",\"@id\":\"https:\\\/\\\/shop.bantam.ch\\\/fr\\\/produit\\\/store-de-toit-f40-van-270-270-x-225-cm-tissu-royal-grey-boitier-deep-black\\\/#breadcrumb\",\"itemListElement\":[{\"@type\":\"ListItem\",\"position\":1,\"name\":\"Accueil\",\"item\":\"https:\\\/\\\/shop.bantam.ch\\\/fr\\\/\"},{\"@type\":\"ListItem\",\"position\":2,\"name\":\"Boutique\",\"item\":\"https:\\\/\\\/shop.bantam.ch\\\/fr\\\/boutique\\\/\"},{\"@type\":\"ListItem\",\"position\":3,\"name\":\"Store de toit F40 Van 270, 270 x 225 cm, tissu royal grey, bo\u00eetier deep black\"}]},{\"@type\":\"WebSite\",\"@id\":\"https:\\\/\\\/shop.bantam.ch\\\/fr\\\/#website\",\"url\":\"https:\\\/\\\/shop.bantam.ch\\\/fr\\\/\",\"name\":\"Bantam Wankm\u00fcller SA\",\"description\":\"\",\"publisher\":{\"@id\":\"https:\\\/\\\/shop.bantam.ch\\\/fr\\\/#organization\"},\"inLanguage\":\"fr-FR\"},{\"@type\":\"Organization\",\"@id\":\"https:\\\/\\\/shop.bantam.ch\\\/fr\\\/#organization\",\"name\":\"Bantam Wankm\u00fcller SA\",\"url\":\"https:\\\/\\\/shop.bantam.ch\\\/fr\\\/\",\"logo\":{\"@type\":\"ImageObject\",\"inLanguage\":\"fr-FR\",\"@id\":\"https:\\\/\\\/shop.bantam.ch\\\/fr\\\/#\\\/schema\\\/logo\\\/image\\\/\",\"url\":\"https:\\\/\\\/shop.bantam.ch\\\/wp-content\\\/uploads\\\/2022\\\/12\\\/bantam-logo.png\",\"contentUrl\":\"https:\\\/\\\/shop.bantam.ch\\\/wp-content\\\/uploads\\\/2022\\\/12\\\/bantam-logo.png\",\"width\":320,\"height\":71,\"caption\":\"Bantam Wankm\u00fcller SA\"},\"image\":{\"@id\":\"https:\\\/\\\/shop.bantam.ch\\\/fr\\\/#\\\/schema\\\/logo\\\/image\\\/\"}}]}<\/script>\n<!-- \/ Yoast SEO plugin. -->","yoast_head_json":{"title":"Store de toit F40 Van 270, 270 x 225 cm, tissu royal grey, bo\u00eetier deep black - Bantam Wankm\u00fcller SA","robots":{"index":"index","follow":"follow","max-snippet":"max-snippet:-1","max-image-preview":"max-image-preview:large","max-video-preview":"max-video-preview:-1"},"canonical":"https:\/\/shop.bantam.ch\/fr\/produit\/store-de-toit-f40-van-270-270-x-225-cm-tissu-royal-grey-boitier-deep-black\/","og_locale":"fr_FR","og_type":"article","og_title":"Store de toit F40 Van 270, 270 x 225 cm, tissu royal grey, bo\u00eetier deep black - Bantam Wankm\u00fcller SA","og_description":"Store au design compact, le compl\u00e9ment id\u00e9al pour votre v\u00e9hicule. Il s\u2019int\u00e8gre sur le monospace gr\u00e2ce \u00e0 ses supports bas. Rapport qualit\u00e9-prix optimal. Le store est mont\u00e9 sur le toit de la camionnette et occupe peu de place gr\u00e2ce aux fixation profond\u00e9ment enfonc\u00e9es. Les moindres d\u00e9tails du store sont peaufin\u00e9s. La toile se d\u00e9roule par [&hellip;]","og_url":"https:\/\/shop.bantam.ch\/fr\/produit\/store-de-toit-f40-van-270-270-x-225-cm-tissu-royal-grey-boitier-deep-black\/","og_site_name":"Bantam Wankm\u00fcller SA","article_modified_time":"2026-04-20T19:11:45+00:00","og_image":[{"width":1000,"height":561,"url":"https:\/\/shop.bantam.ch\/wp-content\/uploads\/2023\/02\/9940987-100-1-3.jpg","type":"image\/jpeg"}],"twitter_card":"summary_large_image","twitter_misc":{"Dur\u00e9e de lecture estim\u00e9e":"1 minute"},"schema":{"@context":"https:\/\/schema.org","@graph":[{"@type":"WebPage","@id":"https:\/\/shop.bantam.ch\/fr\/produit\/store-de-toit-f40-van-270-270-x-225-cm-tissu-royal-grey-boitier-deep-black\/","url":"https:\/\/shop.bantam.ch\/fr\/produit\/store-de-toit-f40-van-270-270-x-225-cm-tissu-royal-grey-boitier-deep-black\/","name":"Store de toit F40 Van 270, 270 x 225 cm, tissu royal grey, bo\u00eetier deep black - Bantam Wankm\u00fcller SA","isPartOf":{"@id":"https:\/\/shop.bantam.ch\/fr\/#website"},"primaryImageOfPage":{"@id":"https:\/\/shop.bantam.ch\/fr\/produit\/store-de-toit-f40-van-270-270-x-225-cm-tissu-royal-grey-boitier-deep-black\/#primaryimage"},"image":{"@id":"https:\/\/shop.bantam.ch\/fr\/produit\/store-de-toit-f40-van-270-270-x-225-cm-tissu-royal-grey-boitier-deep-black\/#primaryimage"},"thumbnailUrl":"https:\/\/shop.bantam.ch\/wp-content\/uploads\/2023\/02\/9940987-100-1-3.jpg","datePublished":"2023-02-27T18:38:15+00:00","dateModified":"2026-04-20T19:11:45+00:00","breadcrumb":{"@id":"https:\/\/shop.bantam.ch\/fr\/produit\/store-de-toit-f40-van-270-270-x-225-cm-tissu-royal-grey-boitier-deep-black\/#breadcrumb"},"inLanguage":"fr-FR","potentialAction":[{"@type":"ReadAction","target":["https:\/\/shop.bantam.ch\/fr\/produit\/store-de-toit-f40-van-270-270-x-225-cm-tissu-royal-grey-boitier-deep-black\/"]}]},{"@type":"ImageObject","inLanguage":"fr-FR","@id":"https:\/\/shop.bantam.ch\/fr\/produit\/store-de-toit-f40-van-270-270-x-225-cm-tissu-royal-grey-boitier-deep-black\/#primaryimage","url":"https:\/\/shop.bantam.ch\/wp-content\/uploads\/2023\/02\/9940987-100-1-3.jpg","contentUrl":"https:\/\/shop.bantam.ch\/wp-content\/uploads\/2023\/02\/9940987-100-1-3.jpg","width":1000,"height":561},{"@type":"BreadcrumbList","@id":"https:\/\/shop.bantam.ch\/fr\/produit\/store-de-toit-f40-van-270-270-x-225-cm-tissu-royal-grey-boitier-deep-black\/#breadcrumb","itemListElement":[{"@type":"ListItem","position":1,"name":"Accueil","item":"https:\/\/shop.bantam.ch\/fr\/"},{"@type":"ListItem","position":2,"name":"Boutique","item":"https:\/\/shop.bantam.ch\/fr\/boutique\/"},{"@type":"ListItem","position":3,"name":"Store de toit F40 Van 270, 270 x 225 cm, tissu royal grey, bo\u00eetier deep black"}]},{"@type":"WebSite","@id":"https:\/\/shop.bantam.ch\/fr\/#website","url":"https:\/\/shop.bantam.ch\/fr\/","name":"Bantam Wankm\u00fcller SA","description":"","publisher":{"@id":"https:\/\/shop.bantam.ch\/fr\/#organization"},"inLanguage":"fr-FR"},{"@type":"Organization","@id":"https:\/\/shop.bantam.ch\/fr\/#organization","name":"Bantam Wankm\u00fcller SA","url":"https:\/\/shop.bantam.ch\/fr\/","logo":{"@type":"ImageObject","inLanguage":"fr-FR","@id":"https:\/\/shop.bantam.ch\/fr\/#\/schema\/logo\/image\/","url":"https:\/\/shop.bantam.ch\/wp-content\/uploads\/2022\/12\/bantam-logo.png","contentUrl":"https:\/\/shop.bantam.ch\/wp-content\/uploads\/2022\/12\/bantam-logo.png","width":320,"height":71,"caption":"Bantam Wankm\u00fcller SA"},"image":{"@id":"https:\/\/shop.bantam.ch\/fr\/#\/schema\/logo\/image\/"}}]}},"_links":{"self":[{"href":"https:\/\/shop.bantam.ch\/fr\/wp-json\/wp\/v2\/product\/66351","targetHints":{"allow":["GET"]}}],"collection":[{"href":"https:\/\/shop.bantam.ch\/fr\/wp-json\/wp\/v2\/product"}],"about":[{"href":"https:\/\/shop.bantam.ch\/fr\/wp-json\/wp\/v2\/types\/product"}],"wp:featuredmedia":[{"embeddable":true,"href":"https:\/\/shop.bantam.ch\/fr\/wp-json\/wp\/v2\/media\/66335"}],"wp:attachment":[{"href":"https:\/\/shop.bantam.ch\/fr\/wp-json\/wp\/v2\/media?parent=66351"}],"wp:term":[{"taxonomy":"product_featured_cat","embeddable":true,"href":"https:\/\/shop.bantam.ch\/fr\/wp-json\/wp\/v2\/product_featured_cat?post=66351"},{"taxonomy":"product_brand","embeddable":true,"href":"https:\/\/shop.bantam.ch\/fr\/wp-json\/wp\/v2\/product_brand?post=66351"},{"taxonomy":"product_cat","embeddable":true,"href":"https:\/\/shop.bantam.ch\/fr\/wp-json\/wp\/v2\/product_cat?post=66351"},{"taxonomy":"product_tag","embeddable":true,"href":"https:\/\/shop.bantam.ch\/fr\/wp-json\/wp\/v2\/product_tag?post=66351"}],"curies":[{"name":"wp","href":"https:\/\/api.w.org\/{rel}","templated":true}]}}