{"id":66309,"date":"2023-02-27T19:37:33","date_gmt":"2023-02-27T18:37:33","guid":{"rendered":"http:\/\/shop.bantam.ch\/produit\/mitigeur-monocommande-reich-keramik-trend-c-avec-interrupteur-tube-uni-quick-coude\/"},"modified":"2026-05-02T21:11:04","modified_gmt":"2026-05-02T19:11:04","slug":"mitigeur-monocommande-reich-keramik-trend-c-avec-interrupteur-tube-uni-quick-coude","status":"publish","type":"product","link":"https:\/\/shop.bantam.ch\/fr\/produit\/mitigeur-monocommande-reich-keramik-trend-c-avec-interrupteur-tube-uni-quick-coude\/","title":{"rendered":"Mitigeur mono-levier Reich c\u00e9ramique Trend C chrom\u00e9, avec interrupteur Tube Uni Quick"},"content":{"rendered":"<p>Robinetterie de cuisine haut de gamme avec cartouche c\u00e9ramique mont\u00e9e en diagonale et long bec verseur coud\u00e9.<\/p>\n<ul>\n<li>Raccordement\u00a0: I5 (le chiffre situ\u00e9 derri\u00e8re le type de raccordement indique avec quelle<br \/>\npression d\u2018entr\u00e9e maximale la robinetterie peut \u00eatre utilis\u00e9e)<\/li>\n<li>Convient pour les tuyaux flexibles en plastique de 10 \u00e0 12 mm ou les tuyaux flexibles en nylon avec embouts de 8 \u00e0 10 mm.<\/li>\n<li>Longueur du filetage 29 mm<\/li>\n<li>Sp\u00e9cialement pour v\u00e9hicules LMC \/ TEC.<\/li>\n<\/ul>\n<p>\u00a0<\/p>\n","protected":false},"excerpt":{"rendered":"<p>Robinetterie de cuisine haut de gamme avec cartouche c\u00e9ramique mont\u00e9e en diagonale et long bec verseur coud\u00e9. Raccordement\u00a0: I5 (le chiffre situ\u00e9 derri\u00e8re le type de raccordement indique avec quelle pression d\u2018entr\u00e9e maximale la robinetterie peut \u00eatre utilis\u00e9e) Convient pour les tuyaux flexibles en plastique de 10 \u00e0 12 mm ou les tuyaux flexibles en [&hellip;]<\/p>\n","protected":false},"featured_media":66307,"template":"","meta":{"_acf_changed":false},"product_featured_cat":[],"product_brand":[3112],"product_cat":[4573],"product_tag":[],"class_list":{"0":"post-66309","1":"product","2":"type-product","3":"status-publish","4":"has-post-thumbnail","6":"product_brand-reich","7":"product_cat-mitigeurs-et-robinets-deau-froide","9":"first","10":"instock","11":"taxable","12":"shipping-taxable","13":"purchasable","14":"product-type-simple"},"acf":[],"yoast_head":"<!-- This site is optimized with the Yoast SEO plugin v27.5 - https:\/\/yoast.com\/product\/yoast-seo-wordpress\/ -->\n<title>Mitigeur mono-levier Reich c\u00e9ramique Trend C chrom\u00e9, avec interrupteur Tube Uni Quick - Bantam<\/title>\n<meta name=\"robots\" content=\"index, follow, max-snippet:-1, max-image-preview:large, max-video-preview:-1\" \/>\n<link rel=\"canonical\" href=\"https:\/\/shop.bantam.ch\/fr\/produit\/mitigeur-monocommande-reich-keramik-trend-c-avec-interrupteur-tube-uni-quick-coude\/\" \/>\n<meta property=\"og:locale\" content=\"fr_FR\" \/>\n<meta property=\"og:type\" content=\"article\" \/>\n<meta property=\"og:title\" content=\"Mitigeur mono-levier Reich c\u00e9ramique Trend C chrom\u00e9, avec interrupteur Tube Uni Quick - Bantam\" \/>\n<meta property=\"og:description\" content=\"Robinetterie de cuisine haut de gamme avec cartouche c\u00e9ramique mont\u00e9e en diagonale et long bec verseur coud\u00e9. Raccordement\u00a0: I5 (le chiffre situ\u00e9 derri\u00e8re le type de raccordement indique avec quelle pression d\u2018entr\u00e9e maximale la robinetterie peut \u00eatre utilis\u00e9e) Convient pour les tuyaux flexibles en plastique de 10 \u00e0 12 mm ou les tuyaux flexibles en [&hellip;]\" \/>\n<meta property=\"og:url\" content=\"https:\/\/shop.bantam.ch\/fr\/produit\/mitigeur-monocommande-reich-keramik-trend-c-avec-interrupteur-tube-uni-quick-coude\/\" \/>\n<meta property=\"og:site_name\" content=\"Bantam\" \/>\n<meta property=\"article:modified_time\" content=\"2026-05-02T19:11:04+00:00\" \/>\n<meta property=\"og:image\" content=\"https:\/\/shop.bantam.ch\/wp-content\/uploads\/2023\/02\/992399711.jpg\" \/>\n\t<meta property=\"og:image:width\" content=\"1000\" \/>\n\t<meta property=\"og:image:height\" content=\"635\" \/>\n\t<meta property=\"og:image:type\" content=\"image\/jpeg\" \/>\n<meta name=\"twitter:card\" content=\"summary_large_image\" \/>\n<script type=\"application\/ld+json\" class=\"yoast-schema-graph\">{\"@context\":\"https:\\\/\\\/schema.org\",\"@graph\":[{\"@type\":\"WebPage\",\"@id\":\"https:\\\/\\\/shop.bantam.ch\\\/fr\\\/produit\\\/mitigeur-monocommande-reich-keramik-trend-c-avec-interrupteur-tube-uni-quick-coude\\\/\",\"url\":\"https:\\\/\\\/shop.bantam.ch\\\/fr\\\/produit\\\/mitigeur-monocommande-reich-keramik-trend-c-avec-interrupteur-tube-uni-quick-coude\\\/\",\"name\":\"Mitigeur mono-levier Reich c\u00e9ramique Trend C chrom\u00e9, avec interrupteur Tube Uni Quick - Bantam\",\"isPartOf\":{\"@id\":\"https:\\\/\\\/shop.bantam.ch\\\/fr\\\/#website\"},\"primaryImageOfPage\":{\"@id\":\"https:\\\/\\\/shop.bantam.ch\\\/fr\\\/produit\\\/mitigeur-monocommande-reich-keramik-trend-c-avec-interrupteur-tube-uni-quick-coude\\\/#primaryimage\"},\"image\":{\"@id\":\"https:\\\/\\\/shop.bantam.ch\\\/fr\\\/produit\\\/mitigeur-monocommande-reich-keramik-trend-c-avec-interrupteur-tube-uni-quick-coude\\\/#primaryimage\"},\"thumbnailUrl\":\"https:\\\/\\\/shop.bantam.ch\\\/wp-content\\\/uploads\\\/2023\\\/02\\\/992399711.jpg\",\"datePublished\":\"2023-02-27T18:37:33+00:00\",\"dateModified\":\"2026-05-02T19:11:04+00:00\",\"breadcrumb\":{\"@id\":\"https:\\\/\\\/shop.bantam.ch\\\/fr\\\/produit\\\/mitigeur-monocommande-reich-keramik-trend-c-avec-interrupteur-tube-uni-quick-coude\\\/#breadcrumb\"},\"inLanguage\":\"fr-FR\",\"potentialAction\":[{\"@type\":\"ReadAction\",\"target\":[\"https:\\\/\\\/shop.bantam.ch\\\/fr\\\/produit\\\/mitigeur-monocommande-reich-keramik-trend-c-avec-interrupteur-tube-uni-quick-coude\\\/\"]}]},{\"@type\":\"ImageObject\",\"inLanguage\":\"fr-FR\",\"@id\":\"https:\\\/\\\/shop.bantam.ch\\\/fr\\\/produit\\\/mitigeur-monocommande-reich-keramik-trend-c-avec-interrupteur-tube-uni-quick-coude\\\/#primaryimage\",\"url\":\"https:\\\/\\\/shop.bantam.ch\\\/wp-content\\\/uploads\\\/2023\\\/02\\\/992399711.jpg\",\"contentUrl\":\"https:\\\/\\\/shop.bantam.ch\\\/wp-content\\\/uploads\\\/2023\\\/02\\\/992399711.jpg\",\"width\":1000,\"height\":635},{\"@type\":\"BreadcrumbList\",\"@id\":\"https:\\\/\\\/shop.bantam.ch\\\/fr\\\/produit\\\/mitigeur-monocommande-reich-keramik-trend-c-avec-interrupteur-tube-uni-quick-coude\\\/#breadcrumb\",\"itemListElement\":[{\"@type\":\"ListItem\",\"position\":1,\"name\":\"Accueil\",\"item\":\"https:\\\/\\\/shop.bantam.ch\\\/fr\\\/\"},{\"@type\":\"ListItem\",\"position\":2,\"name\":\"Boutique\",\"item\":\"https:\\\/\\\/shop.bantam.ch\\\/fr\\\/boutique\\\/\"},{\"@type\":\"ListItem\",\"position\":3,\"name\":\"Mitigeur mono-levier Reich c\u00e9ramique Trend C chrom\u00e9, avec interrupteur Tube Uni Quick\"}]},{\"@type\":\"WebSite\",\"@id\":\"https:\\\/\\\/shop.bantam.ch\\\/fr\\\/#website\",\"url\":\"https:\\\/\\\/shop.bantam.ch\\\/fr\\\/\",\"name\":\"Bantam\",\"description\":\"\",\"publisher\":{\"@id\":\"https:\\\/\\\/shop.bantam.ch\\\/fr\\\/#organization\"},\"inLanguage\":\"fr-FR\"},{\"@type\":\"Organization\",\"@id\":\"https:\\\/\\\/shop.bantam.ch\\\/fr\\\/#organization\",\"name\":\"Bantam\",\"url\":\"https:\\\/\\\/shop.bantam.ch\\\/fr\\\/\",\"logo\":{\"@type\":\"ImageObject\",\"inLanguage\":\"fr-FR\",\"@id\":\"https:\\\/\\\/shop.bantam.ch\\\/fr\\\/#\\\/schema\\\/logo\\\/image\\\/\",\"url\":\"https:\\\/\\\/shop.bantam.ch\\\/wp-content\\\/uploads\\\/2022\\\/12\\\/bantam-logo.png\",\"contentUrl\":\"https:\\\/\\\/shop.bantam.ch\\\/wp-content\\\/uploads\\\/2022\\\/12\\\/bantam-logo.png\",\"width\":320,\"height\":71,\"caption\":\"Bantam\"},\"image\":{\"@id\":\"https:\\\/\\\/shop.bantam.ch\\\/fr\\\/#\\\/schema\\\/logo\\\/image\\\/\"}}]}<\/script>\n<!-- \/ Yoast SEO plugin. -->","yoast_head_json":{"title":"Mitigeur mono-levier Reich c\u00e9ramique Trend C chrom\u00e9, avec interrupteur Tube Uni Quick - Bantam","robots":{"index":"index","follow":"follow","max-snippet":"max-snippet:-1","max-image-preview":"max-image-preview:large","max-video-preview":"max-video-preview:-1"},"canonical":"https:\/\/shop.bantam.ch\/fr\/produit\/mitigeur-monocommande-reich-keramik-trend-c-avec-interrupteur-tube-uni-quick-coude\/","og_locale":"fr_FR","og_type":"article","og_title":"Mitigeur mono-levier Reich c\u00e9ramique Trend C chrom\u00e9, avec interrupteur Tube Uni Quick - Bantam","og_description":"Robinetterie de cuisine haut de gamme avec cartouche c\u00e9ramique mont\u00e9e en diagonale et long bec verseur coud\u00e9. Raccordement\u00a0: I5 (le chiffre situ\u00e9 derri\u00e8re le type de raccordement indique avec quelle pression d\u2018entr\u00e9e maximale la robinetterie peut \u00eatre utilis\u00e9e) Convient pour les tuyaux flexibles en plastique de 10 \u00e0 12 mm ou les tuyaux flexibles en [&hellip;]","og_url":"https:\/\/shop.bantam.ch\/fr\/produit\/mitigeur-monocommande-reich-keramik-trend-c-avec-interrupteur-tube-uni-quick-coude\/","og_site_name":"Bantam","article_modified_time":"2026-05-02T19:11:04+00:00","og_image":[{"width":1000,"height":635,"url":"https:\/\/shop.bantam.ch\/wp-content\/uploads\/2023\/02\/992399711.jpg","type":"image\/jpeg"}],"twitter_card":"summary_large_image","schema":{"@context":"https:\/\/schema.org","@graph":[{"@type":"WebPage","@id":"https:\/\/shop.bantam.ch\/fr\/produit\/mitigeur-monocommande-reich-keramik-trend-c-avec-interrupteur-tube-uni-quick-coude\/","url":"https:\/\/shop.bantam.ch\/fr\/produit\/mitigeur-monocommande-reich-keramik-trend-c-avec-interrupteur-tube-uni-quick-coude\/","name":"Mitigeur mono-levier Reich c\u00e9ramique Trend C chrom\u00e9, avec interrupteur Tube Uni Quick - Bantam","isPartOf":{"@id":"https:\/\/shop.bantam.ch\/fr\/#website"},"primaryImageOfPage":{"@id":"https:\/\/shop.bantam.ch\/fr\/produit\/mitigeur-monocommande-reich-keramik-trend-c-avec-interrupteur-tube-uni-quick-coude\/#primaryimage"},"image":{"@id":"https:\/\/shop.bantam.ch\/fr\/produit\/mitigeur-monocommande-reich-keramik-trend-c-avec-interrupteur-tube-uni-quick-coude\/#primaryimage"},"thumbnailUrl":"https:\/\/shop.bantam.ch\/wp-content\/uploads\/2023\/02\/992399711.jpg","datePublished":"2023-02-27T18:37:33+00:00","dateModified":"2026-05-02T19:11:04+00:00","breadcrumb":{"@id":"https:\/\/shop.bantam.ch\/fr\/produit\/mitigeur-monocommande-reich-keramik-trend-c-avec-interrupteur-tube-uni-quick-coude\/#breadcrumb"},"inLanguage":"fr-FR","potentialAction":[{"@type":"ReadAction","target":["https:\/\/shop.bantam.ch\/fr\/produit\/mitigeur-monocommande-reich-keramik-trend-c-avec-interrupteur-tube-uni-quick-coude\/"]}]},{"@type":"ImageObject","inLanguage":"fr-FR","@id":"https:\/\/shop.bantam.ch\/fr\/produit\/mitigeur-monocommande-reich-keramik-trend-c-avec-interrupteur-tube-uni-quick-coude\/#primaryimage","url":"https:\/\/shop.bantam.ch\/wp-content\/uploads\/2023\/02\/992399711.jpg","contentUrl":"https:\/\/shop.bantam.ch\/wp-content\/uploads\/2023\/02\/992399711.jpg","width":1000,"height":635},{"@type":"BreadcrumbList","@id":"https:\/\/shop.bantam.ch\/fr\/produit\/mitigeur-monocommande-reich-keramik-trend-c-avec-interrupteur-tube-uni-quick-coude\/#breadcrumb","itemListElement":[{"@type":"ListItem","position":1,"name":"Accueil","item":"https:\/\/shop.bantam.ch\/fr\/"},{"@type":"ListItem","position":2,"name":"Boutique","item":"https:\/\/shop.bantam.ch\/fr\/boutique\/"},{"@type":"ListItem","position":3,"name":"Mitigeur mono-levier Reich c\u00e9ramique Trend C chrom\u00e9, avec interrupteur Tube Uni Quick"}]},{"@type":"WebSite","@id":"https:\/\/shop.bantam.ch\/fr\/#website","url":"https:\/\/shop.bantam.ch\/fr\/","name":"Bantam","description":"","publisher":{"@id":"https:\/\/shop.bantam.ch\/fr\/#organization"},"inLanguage":"fr-FR"},{"@type":"Organization","@id":"https:\/\/shop.bantam.ch\/fr\/#organization","name":"Bantam","url":"https:\/\/shop.bantam.ch\/fr\/","logo":{"@type":"ImageObject","inLanguage":"fr-FR","@id":"https:\/\/shop.bantam.ch\/fr\/#\/schema\/logo\/image\/","url":"https:\/\/shop.bantam.ch\/wp-content\/uploads\/2022\/12\/bantam-logo.png","contentUrl":"https:\/\/shop.bantam.ch\/wp-content\/uploads\/2022\/12\/bantam-logo.png","width":320,"height":71,"caption":"Bantam"},"image":{"@id":"https:\/\/shop.bantam.ch\/fr\/#\/schema\/logo\/image\/"}}]}},"_links":{"self":[{"href":"https:\/\/shop.bantam.ch\/fr\/wp-json\/wp\/v2\/product\/66309","targetHints":{"allow":["GET"]}}],"collection":[{"href":"https:\/\/shop.bantam.ch\/fr\/wp-json\/wp\/v2\/product"}],"about":[{"href":"https:\/\/shop.bantam.ch\/fr\/wp-json\/wp\/v2\/types\/product"}],"wp:featuredmedia":[{"embeddable":true,"href":"https:\/\/shop.bantam.ch\/fr\/wp-json\/wp\/v2\/media\/66307"}],"wp:attachment":[{"href":"https:\/\/shop.bantam.ch\/fr\/wp-json\/wp\/v2\/media?parent=66309"}],"wp:term":[{"taxonomy":"product_featured_cat","embeddable":true,"href":"https:\/\/shop.bantam.ch\/fr\/wp-json\/wp\/v2\/product_featured_cat?post=66309"},{"taxonomy":"product_brand","embeddable":true,"href":"https:\/\/shop.bantam.ch\/fr\/wp-json\/wp\/v2\/product_brand?post=66309"},{"taxonomy":"product_cat","embeddable":true,"href":"https:\/\/shop.bantam.ch\/fr\/wp-json\/wp\/v2\/product_cat?post=66309"},{"taxonomy":"product_tag","embeddable":true,"href":"https:\/\/shop.bantam.ch\/fr\/wp-json\/wp\/v2\/product_tag?post=66309"}],"curies":[{"name":"wp","href":"https:\/\/api.w.org\/{rel}","templated":true}]}}