{"id":64985,"date":"2023-02-27T19:14:35","date_gmt":"2023-02-27T18:14:35","guid":{"rendered":"http:\/\/shop.bantam.ch\/produit\/antenne-mobile-automatique-satlight-track-50-hd-avec-s-s-c-s-s-c-hd\/"},"modified":"2026-04-18T21:11:28","modified_gmt":"2026-04-18T19:11:28","slug":"antenne-mobile-automatique-satlight-track-50-hd-avec-s-s-c-s-s-c-hd","status":"publish","type":"product","link":"https:\/\/shop.bantam.ch\/fr\/produit\/antenne-mobile-automatique-satlight-track-50-hd-avec-s-s-c-s-s-c-hd\/","title":{"rendered":"Antenne sat. automat. ALDEN Satlight-Track 50 S.S.C. mobile avec module de commande S.S.C. HD"},"content":{"rendered":"<p>La nouvelle antenne automatique mobile Alden Satlight Track 50 fournit une port\u00e9e de r\u00e9ception hors pair pour un dispositif portable.  Flexible, elle se place \u00e0 l\u2019ext\u00e9rieur du v\u00e9hicule et une pression de bouton suffit pour qu\u2019elle s\u2019aligne vers le satellite souhait\u00e9.  <br \/>Avec ses dimensions compactes et son dispositif de transport, elle peut facilement \u00eatre rang\u00e9e, manipul\u00e9e ou attach\u00e9e au moyen de la poign\u00e9e avec un c\u00e2ble en acier ou une cha\u00eene pour la prot\u00e9ger contre le vol.<\/p>\n<p>Contenu de la livraison :<br \/>Prise de raccordement incluse<\/p>\n","protected":false},"excerpt":{"rendered":"<p>La nouvelle antenne automatique mobile Alden Satlight Track 50 fournit une port\u00e9e de r\u00e9ception hors pair pour un dispositif portable. Flexible, elle se place \u00e0 l\u2019ext\u00e9rieur du v\u00e9hicule et une pression de bouton suffit pour qu\u2019elle s\u2019aligne vers le satellite souhait\u00e9. Avec ses dimensions compactes et son dispositif de transport, elle peut facilement \u00eatre rang\u00e9e, [&hellip;]<\/p>\n","protected":false},"featured_media":64983,"template":"","meta":{"_acf_changed":false},"product_featured_cat":[],"product_brand":[3076],"product_cat":[4523],"product_tag":[],"class_list":{"0":"post-64985","1":"product","2":"type-product","3":"status-publish","4":"has-post-thumbnail","6":"product_brand-alden","7":"product_cat-systemes-satellitaires","9":"first","10":"instock","11":"taxable","12":"shipping-taxable","13":"purchasable","14":"product-type-simple"},"acf":[],"yoast_head":"<!-- This site is optimized with the Yoast SEO plugin v27.4 - https:\/\/yoast.com\/product\/yoast-seo-wordpress\/ -->\n<title>Antenne sat. automat. ALDEN Satlight-Track 50 S.S.C. mobile avec module de commande S.S.C. HD - Bantam Wankm\u00fcller SA<\/title>\n<meta name=\"robots\" content=\"index, follow, max-snippet:-1, max-image-preview:large, max-video-preview:-1\" \/>\n<link rel=\"canonical\" href=\"https:\/\/shop.bantam.ch\/fr\/produit\/antenne-mobile-automatique-satlight-track-50-hd-avec-s-s-c-s-s-c-hd\/\" \/>\n<meta property=\"og:locale\" content=\"fr_FR\" \/>\n<meta property=\"og:type\" content=\"article\" \/>\n<meta property=\"og:title\" content=\"Antenne sat. automat. ALDEN Satlight-Track 50 S.S.C. mobile avec module de commande S.S.C. HD - Bantam Wankm\u00fcller SA\" \/>\n<meta property=\"og:description\" content=\"La nouvelle antenne automatique mobile Alden Satlight Track 50 fournit une port\u00e9e de r\u00e9ception hors pair pour un dispositif portable. Flexible, elle se place \u00e0 l\u2019ext\u00e9rieur du v\u00e9hicule et une pression de bouton suffit pour qu\u2019elle s\u2019aligne vers le satellite souhait\u00e9. Avec ses dimensions compactes et son dispositif de transport, elle peut facilement \u00eatre rang\u00e9e, [&hellip;]\" \/>\n<meta property=\"og:url\" content=\"https:\/\/shop.bantam.ch\/fr\/produit\/antenne-mobile-automatique-satlight-track-50-hd-avec-s-s-c-s-s-c-hd\/\" \/>\n<meta property=\"og:site_name\" content=\"Bantam Wankm\u00fcller SA\" \/>\n<meta property=\"article:modified_time\" content=\"2026-04-18T19:11:28+00:00\" \/>\n<meta property=\"og:image\" content=\"https:\/\/shop.bantam.ch\/wp-content\/uploads\/2023\/02\/995199611.jpg\" \/>\n\t<meta property=\"og:image:width\" content=\"994\" \/>\n\t<meta property=\"og:image:height\" content=\"1000\" \/>\n\t<meta property=\"og:image:type\" content=\"image\/jpeg\" \/>\n<meta name=\"twitter:card\" content=\"summary_large_image\" \/>\n<script type=\"application\/ld+json\" class=\"yoast-schema-graph\">{\"@context\":\"https:\\\/\\\/schema.org\",\"@graph\":[{\"@type\":\"WebPage\",\"@id\":\"https:\\\/\\\/shop.bantam.ch\\\/fr\\\/produit\\\/antenne-mobile-automatique-satlight-track-50-hd-avec-s-s-c-s-s-c-hd\\\/\",\"url\":\"https:\\\/\\\/shop.bantam.ch\\\/fr\\\/produit\\\/antenne-mobile-automatique-satlight-track-50-hd-avec-s-s-c-s-s-c-hd\\\/\",\"name\":\"Antenne sat. automat. ALDEN Satlight-Track 50 S.S.C. mobile avec module de commande S.S.C. HD - Bantam Wankm\u00fcller SA\",\"isPartOf\":{\"@id\":\"https:\\\/\\\/shop.bantam.ch\\\/fr\\\/#website\"},\"primaryImageOfPage\":{\"@id\":\"https:\\\/\\\/shop.bantam.ch\\\/fr\\\/produit\\\/antenne-mobile-automatique-satlight-track-50-hd-avec-s-s-c-s-s-c-hd\\\/#primaryimage\"},\"image\":{\"@id\":\"https:\\\/\\\/shop.bantam.ch\\\/fr\\\/produit\\\/antenne-mobile-automatique-satlight-track-50-hd-avec-s-s-c-s-s-c-hd\\\/#primaryimage\"},\"thumbnailUrl\":\"https:\\\/\\\/shop.bantam.ch\\\/wp-content\\\/uploads\\\/2023\\\/02\\\/995199611.jpg\",\"datePublished\":\"2023-02-27T18:14:35+00:00\",\"dateModified\":\"2026-04-18T19:11:28+00:00\",\"breadcrumb\":{\"@id\":\"https:\\\/\\\/shop.bantam.ch\\\/fr\\\/produit\\\/antenne-mobile-automatique-satlight-track-50-hd-avec-s-s-c-s-s-c-hd\\\/#breadcrumb\"},\"inLanguage\":\"fr-FR\",\"potentialAction\":[{\"@type\":\"ReadAction\",\"target\":[\"https:\\\/\\\/shop.bantam.ch\\\/fr\\\/produit\\\/antenne-mobile-automatique-satlight-track-50-hd-avec-s-s-c-s-s-c-hd\\\/\"]}]},{\"@type\":\"ImageObject\",\"inLanguage\":\"fr-FR\",\"@id\":\"https:\\\/\\\/shop.bantam.ch\\\/fr\\\/produit\\\/antenne-mobile-automatique-satlight-track-50-hd-avec-s-s-c-s-s-c-hd\\\/#primaryimage\",\"url\":\"https:\\\/\\\/shop.bantam.ch\\\/wp-content\\\/uploads\\\/2023\\\/02\\\/995199611.jpg\",\"contentUrl\":\"https:\\\/\\\/shop.bantam.ch\\\/wp-content\\\/uploads\\\/2023\\\/02\\\/995199611.jpg\",\"width\":994,\"height\":1000},{\"@type\":\"BreadcrumbList\",\"@id\":\"https:\\\/\\\/shop.bantam.ch\\\/fr\\\/produit\\\/antenne-mobile-automatique-satlight-track-50-hd-avec-s-s-c-s-s-c-hd\\\/#breadcrumb\",\"itemListElement\":[{\"@type\":\"ListItem\",\"position\":1,\"name\":\"Accueil\",\"item\":\"https:\\\/\\\/shop.bantam.ch\\\/fr\\\/\"},{\"@type\":\"ListItem\",\"position\":2,\"name\":\"Boutique\",\"item\":\"https:\\\/\\\/shop.bantam.ch\\\/fr\\\/boutique\\\/\"},{\"@type\":\"ListItem\",\"position\":3,\"name\":\"Antenne sat. automat. ALDEN Satlight-Track 50 S.S.C. mobile avec module de commande S.S.C. HD\"}]},{\"@type\":\"WebSite\",\"@id\":\"https:\\\/\\\/shop.bantam.ch\\\/fr\\\/#website\",\"url\":\"https:\\\/\\\/shop.bantam.ch\\\/fr\\\/\",\"name\":\"Bantam Wankm\u00fcller SA\",\"description\":\"\",\"publisher\":{\"@id\":\"https:\\\/\\\/shop.bantam.ch\\\/fr\\\/#organization\"},\"inLanguage\":\"fr-FR\"},{\"@type\":\"Organization\",\"@id\":\"https:\\\/\\\/shop.bantam.ch\\\/fr\\\/#organization\",\"name\":\"Bantam Wankm\u00fcller SA\",\"url\":\"https:\\\/\\\/shop.bantam.ch\\\/fr\\\/\",\"logo\":{\"@type\":\"ImageObject\",\"inLanguage\":\"fr-FR\",\"@id\":\"https:\\\/\\\/shop.bantam.ch\\\/fr\\\/#\\\/schema\\\/logo\\\/image\\\/\",\"url\":\"https:\\\/\\\/shop.bantam.ch\\\/wp-content\\\/uploads\\\/2022\\\/12\\\/bantam-logo.png\",\"contentUrl\":\"https:\\\/\\\/shop.bantam.ch\\\/wp-content\\\/uploads\\\/2022\\\/12\\\/bantam-logo.png\",\"width\":320,\"height\":71,\"caption\":\"Bantam Wankm\u00fcller SA\"},\"image\":{\"@id\":\"https:\\\/\\\/shop.bantam.ch\\\/fr\\\/#\\\/schema\\\/logo\\\/image\\\/\"}}]}<\/script>\n<!-- \/ Yoast SEO plugin. -->","yoast_head_json":{"title":"Antenne sat. automat. ALDEN Satlight-Track 50 S.S.C. mobile avec module de commande S.S.C. HD - Bantam Wankm\u00fcller SA","robots":{"index":"index","follow":"follow","max-snippet":"max-snippet:-1","max-image-preview":"max-image-preview:large","max-video-preview":"max-video-preview:-1"},"canonical":"https:\/\/shop.bantam.ch\/fr\/produit\/antenne-mobile-automatique-satlight-track-50-hd-avec-s-s-c-s-s-c-hd\/","og_locale":"fr_FR","og_type":"article","og_title":"Antenne sat. automat. ALDEN Satlight-Track 50 S.S.C. mobile avec module de commande S.S.C. HD - Bantam Wankm\u00fcller SA","og_description":"La nouvelle antenne automatique mobile Alden Satlight Track 50 fournit une port\u00e9e de r\u00e9ception hors pair pour un dispositif portable. Flexible, elle se place \u00e0 l\u2019ext\u00e9rieur du v\u00e9hicule et une pression de bouton suffit pour qu\u2019elle s\u2019aligne vers le satellite souhait\u00e9. Avec ses dimensions compactes et son dispositif de transport, elle peut facilement \u00eatre rang\u00e9e, [&hellip;]","og_url":"https:\/\/shop.bantam.ch\/fr\/produit\/antenne-mobile-automatique-satlight-track-50-hd-avec-s-s-c-s-s-c-hd\/","og_site_name":"Bantam Wankm\u00fcller SA","article_modified_time":"2026-04-18T19:11:28+00:00","og_image":[{"width":994,"height":1000,"url":"https:\/\/shop.bantam.ch\/wp-content\/uploads\/2023\/02\/995199611.jpg","type":"image\/jpeg"}],"twitter_card":"summary_large_image","schema":{"@context":"https:\/\/schema.org","@graph":[{"@type":"WebPage","@id":"https:\/\/shop.bantam.ch\/fr\/produit\/antenne-mobile-automatique-satlight-track-50-hd-avec-s-s-c-s-s-c-hd\/","url":"https:\/\/shop.bantam.ch\/fr\/produit\/antenne-mobile-automatique-satlight-track-50-hd-avec-s-s-c-s-s-c-hd\/","name":"Antenne sat. automat. ALDEN Satlight-Track 50 S.S.C. mobile avec module de commande S.S.C. HD - Bantam Wankm\u00fcller SA","isPartOf":{"@id":"https:\/\/shop.bantam.ch\/fr\/#website"},"primaryImageOfPage":{"@id":"https:\/\/shop.bantam.ch\/fr\/produit\/antenne-mobile-automatique-satlight-track-50-hd-avec-s-s-c-s-s-c-hd\/#primaryimage"},"image":{"@id":"https:\/\/shop.bantam.ch\/fr\/produit\/antenne-mobile-automatique-satlight-track-50-hd-avec-s-s-c-s-s-c-hd\/#primaryimage"},"thumbnailUrl":"https:\/\/shop.bantam.ch\/wp-content\/uploads\/2023\/02\/995199611.jpg","datePublished":"2023-02-27T18:14:35+00:00","dateModified":"2026-04-18T19:11:28+00:00","breadcrumb":{"@id":"https:\/\/shop.bantam.ch\/fr\/produit\/antenne-mobile-automatique-satlight-track-50-hd-avec-s-s-c-s-s-c-hd\/#breadcrumb"},"inLanguage":"fr-FR","potentialAction":[{"@type":"ReadAction","target":["https:\/\/shop.bantam.ch\/fr\/produit\/antenne-mobile-automatique-satlight-track-50-hd-avec-s-s-c-s-s-c-hd\/"]}]},{"@type":"ImageObject","inLanguage":"fr-FR","@id":"https:\/\/shop.bantam.ch\/fr\/produit\/antenne-mobile-automatique-satlight-track-50-hd-avec-s-s-c-s-s-c-hd\/#primaryimage","url":"https:\/\/shop.bantam.ch\/wp-content\/uploads\/2023\/02\/995199611.jpg","contentUrl":"https:\/\/shop.bantam.ch\/wp-content\/uploads\/2023\/02\/995199611.jpg","width":994,"height":1000},{"@type":"BreadcrumbList","@id":"https:\/\/shop.bantam.ch\/fr\/produit\/antenne-mobile-automatique-satlight-track-50-hd-avec-s-s-c-s-s-c-hd\/#breadcrumb","itemListElement":[{"@type":"ListItem","position":1,"name":"Accueil","item":"https:\/\/shop.bantam.ch\/fr\/"},{"@type":"ListItem","position":2,"name":"Boutique","item":"https:\/\/shop.bantam.ch\/fr\/boutique\/"},{"@type":"ListItem","position":3,"name":"Antenne sat. automat. ALDEN Satlight-Track 50 S.S.C. mobile avec module de commande S.S.C. HD"}]},{"@type":"WebSite","@id":"https:\/\/shop.bantam.ch\/fr\/#website","url":"https:\/\/shop.bantam.ch\/fr\/","name":"Bantam Wankm\u00fcller SA","description":"","publisher":{"@id":"https:\/\/shop.bantam.ch\/fr\/#organization"},"inLanguage":"fr-FR"},{"@type":"Organization","@id":"https:\/\/shop.bantam.ch\/fr\/#organization","name":"Bantam Wankm\u00fcller SA","url":"https:\/\/shop.bantam.ch\/fr\/","logo":{"@type":"ImageObject","inLanguage":"fr-FR","@id":"https:\/\/shop.bantam.ch\/fr\/#\/schema\/logo\/image\/","url":"https:\/\/shop.bantam.ch\/wp-content\/uploads\/2022\/12\/bantam-logo.png","contentUrl":"https:\/\/shop.bantam.ch\/wp-content\/uploads\/2022\/12\/bantam-logo.png","width":320,"height":71,"caption":"Bantam Wankm\u00fcller SA"},"image":{"@id":"https:\/\/shop.bantam.ch\/fr\/#\/schema\/logo\/image\/"}}]}},"_links":{"self":[{"href":"https:\/\/shop.bantam.ch\/fr\/wp-json\/wp\/v2\/product\/64985","targetHints":{"allow":["GET"]}}],"collection":[{"href":"https:\/\/shop.bantam.ch\/fr\/wp-json\/wp\/v2\/product"}],"about":[{"href":"https:\/\/shop.bantam.ch\/fr\/wp-json\/wp\/v2\/types\/product"}],"wp:featuredmedia":[{"embeddable":true,"href":"https:\/\/shop.bantam.ch\/fr\/wp-json\/wp\/v2\/media\/64983"}],"wp:attachment":[{"href":"https:\/\/shop.bantam.ch\/fr\/wp-json\/wp\/v2\/media?parent=64985"}],"wp:term":[{"taxonomy":"product_featured_cat","embeddable":true,"href":"https:\/\/shop.bantam.ch\/fr\/wp-json\/wp\/v2\/product_featured_cat?post=64985"},{"taxonomy":"product_brand","embeddable":true,"href":"https:\/\/shop.bantam.ch\/fr\/wp-json\/wp\/v2\/product_brand?post=64985"},{"taxonomy":"product_cat","embeddable":true,"href":"https:\/\/shop.bantam.ch\/fr\/wp-json\/wp\/v2\/product_cat?post=64985"},{"taxonomy":"product_tag","embeddable":true,"href":"https:\/\/shop.bantam.ch\/fr\/wp-json\/wp\/v2\/product_tag?post=64985"}],"curies":[{"name":"wp","href":"https:\/\/api.w.org\/{rel}","templated":true}]}}