{"id":64977,"date":"2023-02-27T19:14:24","date_gmt":"2023-02-27T18:14:24","guid":{"rendered":"http:\/\/shop.bantam.ch\/produit\/capteur-externe-pour-alarme-trigas\/"},"modified":"2026-04-17T21:11:02","modified_gmt":"2026-04-17T19:11:02","slug":"capteur-externe-pour-alarme-trigas","status":"publish","type":"product","link":"https:\/\/shop.bantam.ch\/fr\/produit\/capteur-externe-pour-alarme-trigas\/","title":{"rendered":"Capteur externe Linnepe pour alarme TriGas"},"content":{"rendered":"<p>En option, vous pouvez raccorder un deuxi\u00e8me d\u00e9tecteur suppl\u00e9mentaire \u00e0 l&rsquo;alarme Tri Gas. Le d\u00e9tecteur suppl\u00e9mentaire a les m\u00eames capacit\u00e9s que le d\u00e9tecteur int\u00e9gr\u00e9. Avec le deuxi\u00e8me d\u00e9tecteur, vous \u00eates prot\u00e9g\u00e9 contre les gaz montants et descendants.<\/p>\n<ul>\n<li>Raccordement simple \u00e0 l\u2019alarme Tri Gas<\/li>\n<li>M\u00eame technologie de d\u00e9tection que pour l&rsquo;alarme Tri Gas<\/li>\n<li>S\u00e9curit\u00e9 face aux gaz montants et descendants <\/li>\n<li>Convient aux grands camping-cars<\/li>\n<\/ul>\n","protected":false},"excerpt":{"rendered":"<p>En option, vous pouvez raccorder un deuxi\u00e8me d\u00e9tecteur suppl\u00e9mentaire \u00e0 l&rsquo;alarme Tri Gas. Le d\u00e9tecteur suppl\u00e9mentaire a les m\u00eames capacit\u00e9s que le d\u00e9tecteur int\u00e9gr\u00e9. Avec le deuxi\u00e8me d\u00e9tecteur, vous \u00eates prot\u00e9g\u00e9 contre les gaz montants et descendants. Raccordement simple \u00e0 l\u2019alarme Tri Gas M\u00eame technologie de d\u00e9tection que pour l&rsquo;alarme Tri Gas S\u00e9curit\u00e9 face aux [&hellip;]<\/p>\n","protected":false},"featured_media":64975,"template":"","meta":{"_acf_changed":false},"product_featured_cat":[],"product_brand":[3146],"product_cat":[5053],"product_tag":[],"class_list":{"0":"post-64977","1":"product","2":"type-product","3":"status-publish","4":"has-post-thumbnail","6":"product_brand-linnepe","7":"product_cat-alarmes-a-gaz","9":"first","10":"instock","11":"taxable","12":"shipping-taxable","13":"purchasable","14":"product-type-simple"},"acf":[],"yoast_head":"<!-- This site is optimized with the Yoast SEO plugin v27.4 - https:\/\/yoast.com\/product\/yoast-seo-wordpress\/ -->\n<title>Capteur externe Linnepe pour alarme TriGas - Bantam Wankm\u00fcller SA<\/title>\n<meta name=\"robots\" content=\"index, follow, max-snippet:-1, max-image-preview:large, max-video-preview:-1\" \/>\n<link rel=\"canonical\" href=\"https:\/\/shop.bantam.ch\/fr\/produit\/capteur-externe-pour-alarme-trigas\/\" \/>\n<meta property=\"og:locale\" content=\"fr_FR\" \/>\n<meta property=\"og:type\" content=\"article\" \/>\n<meta property=\"og:title\" content=\"Capteur externe Linnepe pour alarme TriGas - Bantam Wankm\u00fcller SA\" \/>\n<meta property=\"og:description\" content=\"En option, vous pouvez raccorder un deuxi\u00e8me d\u00e9tecteur suppl\u00e9mentaire \u00e0 l&rsquo;alarme Tri Gas. Le d\u00e9tecteur suppl\u00e9mentaire a les m\u00eames capacit\u00e9s que le d\u00e9tecteur int\u00e9gr\u00e9. Avec le deuxi\u00e8me d\u00e9tecteur, vous \u00eates prot\u00e9g\u00e9 contre les gaz montants et descendants. Raccordement simple \u00e0 l\u2019alarme Tri Gas M\u00eame technologie de d\u00e9tection que pour l&rsquo;alarme Tri Gas S\u00e9curit\u00e9 face aux [&hellip;]\" \/>\n<meta property=\"og:url\" content=\"https:\/\/shop.bantam.ch\/fr\/produit\/capteur-externe-pour-alarme-trigas\/\" \/>\n<meta property=\"og:site_name\" content=\"Bantam Wankm\u00fcller SA\" \/>\n<meta property=\"article:modified_time\" content=\"2026-04-17T19:11:02+00:00\" \/>\n<meta property=\"og:image\" content=\"https:\/\/shop.bantam.ch\/wp-content\/uploads\/2023\/02\/9940956-100-1-3.jpg\" \/>\n\t<meta property=\"og:image:width\" content=\"1000\" \/>\n\t<meta property=\"og:image:height\" content=\"667\" \/>\n\t<meta property=\"og:image:type\" content=\"image\/jpeg\" \/>\n<meta name=\"twitter:card\" content=\"summary_large_image\" \/>\n<script type=\"application\/ld+json\" class=\"yoast-schema-graph\">{\"@context\":\"https:\\\/\\\/schema.org\",\"@graph\":[{\"@type\":\"WebPage\",\"@id\":\"https:\\\/\\\/shop.bantam.ch\\\/fr\\\/produit\\\/capteur-externe-pour-alarme-trigas\\\/\",\"url\":\"https:\\\/\\\/shop.bantam.ch\\\/fr\\\/produit\\\/capteur-externe-pour-alarme-trigas\\\/\",\"name\":\"Capteur externe Linnepe pour alarme TriGas - Bantam Wankm\u00fcller SA\",\"isPartOf\":{\"@id\":\"https:\\\/\\\/shop.bantam.ch\\\/fr\\\/#website\"},\"primaryImageOfPage\":{\"@id\":\"https:\\\/\\\/shop.bantam.ch\\\/fr\\\/produit\\\/capteur-externe-pour-alarme-trigas\\\/#primaryimage\"},\"image\":{\"@id\":\"https:\\\/\\\/shop.bantam.ch\\\/fr\\\/produit\\\/capteur-externe-pour-alarme-trigas\\\/#primaryimage\"},\"thumbnailUrl\":\"https:\\\/\\\/shop.bantam.ch\\\/wp-content\\\/uploads\\\/2023\\\/02\\\/9940956-100-1-3.jpg\",\"datePublished\":\"2023-02-27T18:14:24+00:00\",\"dateModified\":\"2026-04-17T19:11:02+00:00\",\"breadcrumb\":{\"@id\":\"https:\\\/\\\/shop.bantam.ch\\\/fr\\\/produit\\\/capteur-externe-pour-alarme-trigas\\\/#breadcrumb\"},\"inLanguage\":\"fr-FR\",\"potentialAction\":[{\"@type\":\"ReadAction\",\"target\":[\"https:\\\/\\\/shop.bantam.ch\\\/fr\\\/produit\\\/capteur-externe-pour-alarme-trigas\\\/\"]}]},{\"@type\":\"ImageObject\",\"inLanguage\":\"fr-FR\",\"@id\":\"https:\\\/\\\/shop.bantam.ch\\\/fr\\\/produit\\\/capteur-externe-pour-alarme-trigas\\\/#primaryimage\",\"url\":\"https:\\\/\\\/shop.bantam.ch\\\/wp-content\\\/uploads\\\/2023\\\/02\\\/9940956-100-1-3.jpg\",\"contentUrl\":\"https:\\\/\\\/shop.bantam.ch\\\/wp-content\\\/uploads\\\/2023\\\/02\\\/9940956-100-1-3.jpg\",\"width\":1000,\"height\":667},{\"@type\":\"BreadcrumbList\",\"@id\":\"https:\\\/\\\/shop.bantam.ch\\\/fr\\\/produit\\\/capteur-externe-pour-alarme-trigas\\\/#breadcrumb\",\"itemListElement\":[{\"@type\":\"ListItem\",\"position\":1,\"name\":\"Accueil\",\"item\":\"https:\\\/\\\/shop.bantam.ch\\\/fr\\\/\"},{\"@type\":\"ListItem\",\"position\":2,\"name\":\"Boutique\",\"item\":\"https:\\\/\\\/shop.bantam.ch\\\/fr\\\/boutique\\\/\"},{\"@type\":\"ListItem\",\"position\":3,\"name\":\"Capteur externe Linnepe pour alarme TriGas\"}]},{\"@type\":\"WebSite\",\"@id\":\"https:\\\/\\\/shop.bantam.ch\\\/fr\\\/#website\",\"url\":\"https:\\\/\\\/shop.bantam.ch\\\/fr\\\/\",\"name\":\"Bantam Wankm\u00fcller SA\",\"description\":\"\",\"publisher\":{\"@id\":\"https:\\\/\\\/shop.bantam.ch\\\/fr\\\/#organization\"},\"inLanguage\":\"fr-FR\"},{\"@type\":\"Organization\",\"@id\":\"https:\\\/\\\/shop.bantam.ch\\\/fr\\\/#organization\",\"name\":\"Bantam Wankm\u00fcller SA\",\"url\":\"https:\\\/\\\/shop.bantam.ch\\\/fr\\\/\",\"logo\":{\"@type\":\"ImageObject\",\"inLanguage\":\"fr-FR\",\"@id\":\"https:\\\/\\\/shop.bantam.ch\\\/fr\\\/#\\\/schema\\\/logo\\\/image\\\/\",\"url\":\"https:\\\/\\\/shop.bantam.ch\\\/wp-content\\\/uploads\\\/2022\\\/12\\\/bantam-logo.png\",\"contentUrl\":\"https:\\\/\\\/shop.bantam.ch\\\/wp-content\\\/uploads\\\/2022\\\/12\\\/bantam-logo.png\",\"width\":320,\"height\":71,\"caption\":\"Bantam Wankm\u00fcller SA\"},\"image\":{\"@id\":\"https:\\\/\\\/shop.bantam.ch\\\/fr\\\/#\\\/schema\\\/logo\\\/image\\\/\"}}]}<\/script>\n<!-- \/ Yoast SEO plugin. -->","yoast_head_json":{"title":"Capteur externe Linnepe pour alarme TriGas - Bantam Wankm\u00fcller SA","robots":{"index":"index","follow":"follow","max-snippet":"max-snippet:-1","max-image-preview":"max-image-preview:large","max-video-preview":"max-video-preview:-1"},"canonical":"https:\/\/shop.bantam.ch\/fr\/produit\/capteur-externe-pour-alarme-trigas\/","og_locale":"fr_FR","og_type":"article","og_title":"Capteur externe Linnepe pour alarme TriGas - Bantam Wankm\u00fcller SA","og_description":"En option, vous pouvez raccorder un deuxi\u00e8me d\u00e9tecteur suppl\u00e9mentaire \u00e0 l&rsquo;alarme Tri Gas. Le d\u00e9tecteur suppl\u00e9mentaire a les m\u00eames capacit\u00e9s que le d\u00e9tecteur int\u00e9gr\u00e9. Avec le deuxi\u00e8me d\u00e9tecteur, vous \u00eates prot\u00e9g\u00e9 contre les gaz montants et descendants. Raccordement simple \u00e0 l\u2019alarme Tri Gas M\u00eame technologie de d\u00e9tection que pour l&rsquo;alarme Tri Gas S\u00e9curit\u00e9 face aux [&hellip;]","og_url":"https:\/\/shop.bantam.ch\/fr\/produit\/capteur-externe-pour-alarme-trigas\/","og_site_name":"Bantam Wankm\u00fcller SA","article_modified_time":"2026-04-17T19:11:02+00:00","og_image":[{"width":1000,"height":667,"url":"https:\/\/shop.bantam.ch\/wp-content\/uploads\/2023\/02\/9940956-100-1-3.jpg","type":"image\/jpeg"}],"twitter_card":"summary_large_image","schema":{"@context":"https:\/\/schema.org","@graph":[{"@type":"WebPage","@id":"https:\/\/shop.bantam.ch\/fr\/produit\/capteur-externe-pour-alarme-trigas\/","url":"https:\/\/shop.bantam.ch\/fr\/produit\/capteur-externe-pour-alarme-trigas\/","name":"Capteur externe Linnepe pour alarme TriGas - Bantam Wankm\u00fcller SA","isPartOf":{"@id":"https:\/\/shop.bantam.ch\/fr\/#website"},"primaryImageOfPage":{"@id":"https:\/\/shop.bantam.ch\/fr\/produit\/capteur-externe-pour-alarme-trigas\/#primaryimage"},"image":{"@id":"https:\/\/shop.bantam.ch\/fr\/produit\/capteur-externe-pour-alarme-trigas\/#primaryimage"},"thumbnailUrl":"https:\/\/shop.bantam.ch\/wp-content\/uploads\/2023\/02\/9940956-100-1-3.jpg","datePublished":"2023-02-27T18:14:24+00:00","dateModified":"2026-04-17T19:11:02+00:00","breadcrumb":{"@id":"https:\/\/shop.bantam.ch\/fr\/produit\/capteur-externe-pour-alarme-trigas\/#breadcrumb"},"inLanguage":"fr-FR","potentialAction":[{"@type":"ReadAction","target":["https:\/\/shop.bantam.ch\/fr\/produit\/capteur-externe-pour-alarme-trigas\/"]}]},{"@type":"ImageObject","inLanguage":"fr-FR","@id":"https:\/\/shop.bantam.ch\/fr\/produit\/capteur-externe-pour-alarme-trigas\/#primaryimage","url":"https:\/\/shop.bantam.ch\/wp-content\/uploads\/2023\/02\/9940956-100-1-3.jpg","contentUrl":"https:\/\/shop.bantam.ch\/wp-content\/uploads\/2023\/02\/9940956-100-1-3.jpg","width":1000,"height":667},{"@type":"BreadcrumbList","@id":"https:\/\/shop.bantam.ch\/fr\/produit\/capteur-externe-pour-alarme-trigas\/#breadcrumb","itemListElement":[{"@type":"ListItem","position":1,"name":"Accueil","item":"https:\/\/shop.bantam.ch\/fr\/"},{"@type":"ListItem","position":2,"name":"Boutique","item":"https:\/\/shop.bantam.ch\/fr\/boutique\/"},{"@type":"ListItem","position":3,"name":"Capteur externe Linnepe pour alarme TriGas"}]},{"@type":"WebSite","@id":"https:\/\/shop.bantam.ch\/fr\/#website","url":"https:\/\/shop.bantam.ch\/fr\/","name":"Bantam Wankm\u00fcller SA","description":"","publisher":{"@id":"https:\/\/shop.bantam.ch\/fr\/#organization"},"inLanguage":"fr-FR"},{"@type":"Organization","@id":"https:\/\/shop.bantam.ch\/fr\/#organization","name":"Bantam Wankm\u00fcller SA","url":"https:\/\/shop.bantam.ch\/fr\/","logo":{"@type":"ImageObject","inLanguage":"fr-FR","@id":"https:\/\/shop.bantam.ch\/fr\/#\/schema\/logo\/image\/","url":"https:\/\/shop.bantam.ch\/wp-content\/uploads\/2022\/12\/bantam-logo.png","contentUrl":"https:\/\/shop.bantam.ch\/wp-content\/uploads\/2022\/12\/bantam-logo.png","width":320,"height":71,"caption":"Bantam Wankm\u00fcller SA"},"image":{"@id":"https:\/\/shop.bantam.ch\/fr\/#\/schema\/logo\/image\/"}}]}},"_links":{"self":[{"href":"https:\/\/shop.bantam.ch\/fr\/wp-json\/wp\/v2\/product\/64977","targetHints":{"allow":["GET"]}}],"collection":[{"href":"https:\/\/shop.bantam.ch\/fr\/wp-json\/wp\/v2\/product"}],"about":[{"href":"https:\/\/shop.bantam.ch\/fr\/wp-json\/wp\/v2\/types\/product"}],"wp:featuredmedia":[{"embeddable":true,"href":"https:\/\/shop.bantam.ch\/fr\/wp-json\/wp\/v2\/media\/64975"}],"wp:attachment":[{"href":"https:\/\/shop.bantam.ch\/fr\/wp-json\/wp\/v2\/media?parent=64977"}],"wp:term":[{"taxonomy":"product_featured_cat","embeddable":true,"href":"https:\/\/shop.bantam.ch\/fr\/wp-json\/wp\/v2\/product_featured_cat?post=64977"},{"taxonomy":"product_brand","embeddable":true,"href":"https:\/\/shop.bantam.ch\/fr\/wp-json\/wp\/v2\/product_brand?post=64977"},{"taxonomy":"product_cat","embeddable":true,"href":"https:\/\/shop.bantam.ch\/fr\/wp-json\/wp\/v2\/product_cat?post=64977"},{"taxonomy":"product_tag","embeddable":true,"href":"https:\/\/shop.bantam.ch\/fr\/wp-json\/wp\/v2\/product_tag?post=64977"}],"curies":[{"name":"wp","href":"https:\/\/api.w.org\/{rel}","templated":true}]}}