{"id":64931,"date":"2023-02-27T19:13:38","date_gmt":"2023-02-27T18:13:38","guid":{"rendered":"http:\/\/shop.bantam.ch\/produit\/chargeur-onduleur-kombi-3000-si-n-avec-remote-control\/"},"modified":"2026-04-17T21:10:55","modified_gmt":"2026-04-17T19:10:55","slug":"chargeur-onduleur-kombi-3000-si-n-avec-remote-control","status":"publish","type":"product","link":"https:\/\/shop.bantam.ch\/fr\/produit\/chargeur-onduleur-kombi-3000-si-n-avec-remote-control\/","title":{"rendered":"Onduleur B\u00fcttner Combinaison convertisseur\/chargeur 3000 Si-N \/ 120 A avec t\u00e9l\u00e9commande"},"content":{"rendered":"<p>Cette combinaison chargeur \/ onduleur (ICC) est consid\u00e9r\u00e9e comme une alimentation universelle pour les v\u00e9hicules de voyage. Avec l\u2019alimentation \u00e0 quai, le chargeur automatique d\u00e9marre automatiquement et charge les batteries de bord et, si n\u00e9cessaire, la batterie de d\u00e9marrage, en fonction du type et de la capacit\u00e9 de la batterie (tous deux r\u00e9glables). Si le c\u00e2ble d&rsquo;alimentation \u00e0 quai est faiblement prot\u00e9g\u00e9, les appareils peuvent \u00eatre limit\u00e9s. Si des courants de d\u00e9marrage \u00e9lev\u00e9s (par exemple, pour la climatisation) sont n\u00e9cessaires, ils sont temporairement disponibles gr\u00e2ce \u00e0 la batterie de bord. L\u2019onduleur \u00e0 onde sinuso\u00efdale int\u00e9gr\u00e9 avec commutation de ligne assure cette fonction. Un d\u00e9tecteur de charge int\u00e9gr\u00e9 met l&rsquo;onduleur en mode \u00e9conomie d&rsquo;\u00e9nergie lorsqu&rsquo;il n&rsquo;est pas utilis\u00e9 pendant une longue p\u00e9riode. La livraison comprend une t\u00e9l\u00e9commande pour l&rsquo;int\u00e9rieur. L&rsquo;onduleur est d\u00e9marr\u00e9 via celle-ci et peut \u00eatre commut\u00e9 sur le mode automatique, continu ou nuit. Il indique \u00e9galement si l&rsquo;alimentation \u00e0 quai est branch\u00e9e et la sortie de puissance instantan\u00e9e de l&rsquo;onduleur. A<\/p>\n<ul>\n<li>Poids : 18,8 kg<\/li>\n<li>Puissance constante\/de pointe : 3000 W\/5000 W<\/li>\n<li>Tension d\u2018entr\u00e9e : 10,5 &#8211; 15 V<\/li>\n<li>Courant de charge : 0 &#8211; 120 A<\/li>\n<li>Consommation d\u2019\u00e9nergie en veille : 0,29 A<\/li>\n<\/ul>\n<p>\u00a0<\/p>\n","protected":false},"excerpt":{"rendered":"<p>Cette combinaison chargeur \/ onduleur (ICC) est consid\u00e9r\u00e9e comme une alimentation universelle pour les v\u00e9hicules de voyage. Avec l\u2019alimentation \u00e0 quai, le chargeur automatique d\u00e9marre automatiquement et charge les batteries de bord et, si n\u00e9cessaire, la batterie de d\u00e9marrage, en fonction du type et de la capacit\u00e9 de la batterie (tous deux r\u00e9glables). Si le [&hellip;]<\/p>\n","protected":false},"featured_media":64927,"template":"","meta":{"_acf_changed":false},"product_featured_cat":[],"product_brand":[3068],"product_cat":[4169],"product_tag":[],"class_list":{"0":"post-64931","1":"product","2":"type-product","3":"status-publish","4":"has-post-thumbnail","6":"product_brand-buttner-elektronik","7":"product_cat-onduleurs","9":"first","10":"instock","11":"taxable","12":"shipping-taxable","13":"purchasable","14":"product-type-simple"},"acf":[],"yoast_head":"<!-- This site is optimized with the Yoast SEO plugin v27.4 - https:\/\/yoast.com\/product\/yoast-seo-wordpress\/ -->\n<title>Onduleur B\u00fcttner Combinaison convertisseur\/chargeur 3000 Si-N \/ 120 A avec t\u00e9l\u00e9commande - Bantam Wankm\u00fcller SA<\/title>\n<meta name=\"robots\" content=\"index, follow, max-snippet:-1, max-image-preview:large, max-video-preview:-1\" \/>\n<link rel=\"canonical\" href=\"https:\/\/shop.bantam.ch\/fr\/produit\/chargeur-onduleur-kombi-3000-si-n-avec-remote-control\/\" \/>\n<meta property=\"og:locale\" content=\"fr_FR\" \/>\n<meta property=\"og:type\" content=\"article\" \/>\n<meta property=\"og:title\" content=\"Onduleur B\u00fcttner Combinaison convertisseur\/chargeur 3000 Si-N \/ 120 A avec t\u00e9l\u00e9commande - Bantam Wankm\u00fcller SA\" \/>\n<meta property=\"og:description\" content=\"Cette combinaison chargeur \/ onduleur (ICC) est consid\u00e9r\u00e9e comme une alimentation universelle pour les v\u00e9hicules de voyage. Avec l\u2019alimentation \u00e0 quai, le chargeur automatique d\u00e9marre automatiquement et charge les batteries de bord et, si n\u00e9cessaire, la batterie de d\u00e9marrage, en fonction du type et de la capacit\u00e9 de la batterie (tous deux r\u00e9glables). Si le [&hellip;]\" \/>\n<meta property=\"og:url\" content=\"https:\/\/shop.bantam.ch\/fr\/produit\/chargeur-onduleur-kombi-3000-si-n-avec-remote-control\/\" \/>\n<meta property=\"og:site_name\" content=\"Bantam Wankm\u00fcller SA\" \/>\n<meta property=\"article:modified_time\" content=\"2026-04-17T19:10:55+00:00\" \/>\n<meta property=\"og:image\" content=\"https:\/\/shop.bantam.ch\/wp-content\/uploads\/2023\/02\/9930715-100-1-3.jpg\" \/>\n\t<meta property=\"og:image:width\" content=\"1000\" \/>\n\t<meta property=\"og:image:height\" content=\"917\" \/>\n\t<meta property=\"og:image:type\" content=\"image\/jpeg\" \/>\n<meta name=\"twitter:card\" content=\"summary_large_image\" \/>\n<meta name=\"twitter:label1\" content=\"Dur\u00e9e de lecture estim\u00e9e\" \/>\n\t<meta name=\"twitter:data1\" content=\"1 minute\" \/>\n<script type=\"application\/ld+json\" class=\"yoast-schema-graph\">{\"@context\":\"https:\\\/\\\/schema.org\",\"@graph\":[{\"@type\":\"WebPage\",\"@id\":\"https:\\\/\\\/shop.bantam.ch\\\/fr\\\/produit\\\/chargeur-onduleur-kombi-3000-si-n-avec-remote-control\\\/\",\"url\":\"https:\\\/\\\/shop.bantam.ch\\\/fr\\\/produit\\\/chargeur-onduleur-kombi-3000-si-n-avec-remote-control\\\/\",\"name\":\"Onduleur B\u00fcttner Combinaison convertisseur\\\/chargeur 3000 Si-N \\\/ 120 A avec t\u00e9l\u00e9commande - Bantam Wankm\u00fcller SA\",\"isPartOf\":{\"@id\":\"https:\\\/\\\/shop.bantam.ch\\\/fr\\\/#website\"},\"primaryImageOfPage\":{\"@id\":\"https:\\\/\\\/shop.bantam.ch\\\/fr\\\/produit\\\/chargeur-onduleur-kombi-3000-si-n-avec-remote-control\\\/#primaryimage\"},\"image\":{\"@id\":\"https:\\\/\\\/shop.bantam.ch\\\/fr\\\/produit\\\/chargeur-onduleur-kombi-3000-si-n-avec-remote-control\\\/#primaryimage\"},\"thumbnailUrl\":\"https:\\\/\\\/shop.bantam.ch\\\/wp-content\\\/uploads\\\/2023\\\/02\\\/9930715-100-1-3.jpg\",\"datePublished\":\"2023-02-27T18:13:38+00:00\",\"dateModified\":\"2026-04-17T19:10:55+00:00\",\"breadcrumb\":{\"@id\":\"https:\\\/\\\/shop.bantam.ch\\\/fr\\\/produit\\\/chargeur-onduleur-kombi-3000-si-n-avec-remote-control\\\/#breadcrumb\"},\"inLanguage\":\"fr-FR\",\"potentialAction\":[{\"@type\":\"ReadAction\",\"target\":[\"https:\\\/\\\/shop.bantam.ch\\\/fr\\\/produit\\\/chargeur-onduleur-kombi-3000-si-n-avec-remote-control\\\/\"]}]},{\"@type\":\"ImageObject\",\"inLanguage\":\"fr-FR\",\"@id\":\"https:\\\/\\\/shop.bantam.ch\\\/fr\\\/produit\\\/chargeur-onduleur-kombi-3000-si-n-avec-remote-control\\\/#primaryimage\",\"url\":\"https:\\\/\\\/shop.bantam.ch\\\/wp-content\\\/uploads\\\/2023\\\/02\\\/9930715-100-1-3.jpg\",\"contentUrl\":\"https:\\\/\\\/shop.bantam.ch\\\/wp-content\\\/uploads\\\/2023\\\/02\\\/9930715-100-1-3.jpg\",\"width\":1000,\"height\":917},{\"@type\":\"BreadcrumbList\",\"@id\":\"https:\\\/\\\/shop.bantam.ch\\\/fr\\\/produit\\\/chargeur-onduleur-kombi-3000-si-n-avec-remote-control\\\/#breadcrumb\",\"itemListElement\":[{\"@type\":\"ListItem\",\"position\":1,\"name\":\"Accueil\",\"item\":\"https:\\\/\\\/shop.bantam.ch\\\/fr\\\/\"},{\"@type\":\"ListItem\",\"position\":2,\"name\":\"Boutique\",\"item\":\"https:\\\/\\\/shop.bantam.ch\\\/fr\\\/boutique\\\/\"},{\"@type\":\"ListItem\",\"position\":3,\"name\":\"Onduleur B\u00fcttner Combinaison convertisseur\\\/chargeur 3000 Si-N \\\/ 120 A avec t\u00e9l\u00e9commande\"}]},{\"@type\":\"WebSite\",\"@id\":\"https:\\\/\\\/shop.bantam.ch\\\/fr\\\/#website\",\"url\":\"https:\\\/\\\/shop.bantam.ch\\\/fr\\\/\",\"name\":\"Bantam Wankm\u00fcller SA\",\"description\":\"\",\"publisher\":{\"@id\":\"https:\\\/\\\/shop.bantam.ch\\\/fr\\\/#organization\"},\"inLanguage\":\"fr-FR\"},{\"@type\":\"Organization\",\"@id\":\"https:\\\/\\\/shop.bantam.ch\\\/fr\\\/#organization\",\"name\":\"Bantam Wankm\u00fcller SA\",\"url\":\"https:\\\/\\\/shop.bantam.ch\\\/fr\\\/\",\"logo\":{\"@type\":\"ImageObject\",\"inLanguage\":\"fr-FR\",\"@id\":\"https:\\\/\\\/shop.bantam.ch\\\/fr\\\/#\\\/schema\\\/logo\\\/image\\\/\",\"url\":\"https:\\\/\\\/shop.bantam.ch\\\/wp-content\\\/uploads\\\/2022\\\/12\\\/bantam-logo.png\",\"contentUrl\":\"https:\\\/\\\/shop.bantam.ch\\\/wp-content\\\/uploads\\\/2022\\\/12\\\/bantam-logo.png\",\"width\":320,\"height\":71,\"caption\":\"Bantam Wankm\u00fcller SA\"},\"image\":{\"@id\":\"https:\\\/\\\/shop.bantam.ch\\\/fr\\\/#\\\/schema\\\/logo\\\/image\\\/\"}}]}<\/script>\n<!-- \/ Yoast SEO plugin. -->","yoast_head_json":{"title":"Onduleur B\u00fcttner Combinaison convertisseur\/chargeur 3000 Si-N \/ 120 A avec t\u00e9l\u00e9commande - Bantam Wankm\u00fcller SA","robots":{"index":"index","follow":"follow","max-snippet":"max-snippet:-1","max-image-preview":"max-image-preview:large","max-video-preview":"max-video-preview:-1"},"canonical":"https:\/\/shop.bantam.ch\/fr\/produit\/chargeur-onduleur-kombi-3000-si-n-avec-remote-control\/","og_locale":"fr_FR","og_type":"article","og_title":"Onduleur B\u00fcttner Combinaison convertisseur\/chargeur 3000 Si-N \/ 120 A avec t\u00e9l\u00e9commande - Bantam Wankm\u00fcller SA","og_description":"Cette combinaison chargeur \/ onduleur (ICC) est consid\u00e9r\u00e9e comme une alimentation universelle pour les v\u00e9hicules de voyage. Avec l\u2019alimentation \u00e0 quai, le chargeur automatique d\u00e9marre automatiquement et charge les batteries de bord et, si n\u00e9cessaire, la batterie de d\u00e9marrage, en fonction du type et de la capacit\u00e9 de la batterie (tous deux r\u00e9glables). Si le [&hellip;]","og_url":"https:\/\/shop.bantam.ch\/fr\/produit\/chargeur-onduleur-kombi-3000-si-n-avec-remote-control\/","og_site_name":"Bantam Wankm\u00fcller SA","article_modified_time":"2026-04-17T19:10:55+00:00","og_image":[{"width":1000,"height":917,"url":"https:\/\/shop.bantam.ch\/wp-content\/uploads\/2023\/02\/9930715-100-1-3.jpg","type":"image\/jpeg"}],"twitter_card":"summary_large_image","twitter_misc":{"Dur\u00e9e de lecture estim\u00e9e":"1 minute"},"schema":{"@context":"https:\/\/schema.org","@graph":[{"@type":"WebPage","@id":"https:\/\/shop.bantam.ch\/fr\/produit\/chargeur-onduleur-kombi-3000-si-n-avec-remote-control\/","url":"https:\/\/shop.bantam.ch\/fr\/produit\/chargeur-onduleur-kombi-3000-si-n-avec-remote-control\/","name":"Onduleur B\u00fcttner Combinaison convertisseur\/chargeur 3000 Si-N \/ 120 A avec t\u00e9l\u00e9commande - Bantam Wankm\u00fcller SA","isPartOf":{"@id":"https:\/\/shop.bantam.ch\/fr\/#website"},"primaryImageOfPage":{"@id":"https:\/\/shop.bantam.ch\/fr\/produit\/chargeur-onduleur-kombi-3000-si-n-avec-remote-control\/#primaryimage"},"image":{"@id":"https:\/\/shop.bantam.ch\/fr\/produit\/chargeur-onduleur-kombi-3000-si-n-avec-remote-control\/#primaryimage"},"thumbnailUrl":"https:\/\/shop.bantam.ch\/wp-content\/uploads\/2023\/02\/9930715-100-1-3.jpg","datePublished":"2023-02-27T18:13:38+00:00","dateModified":"2026-04-17T19:10:55+00:00","breadcrumb":{"@id":"https:\/\/shop.bantam.ch\/fr\/produit\/chargeur-onduleur-kombi-3000-si-n-avec-remote-control\/#breadcrumb"},"inLanguage":"fr-FR","potentialAction":[{"@type":"ReadAction","target":["https:\/\/shop.bantam.ch\/fr\/produit\/chargeur-onduleur-kombi-3000-si-n-avec-remote-control\/"]}]},{"@type":"ImageObject","inLanguage":"fr-FR","@id":"https:\/\/shop.bantam.ch\/fr\/produit\/chargeur-onduleur-kombi-3000-si-n-avec-remote-control\/#primaryimage","url":"https:\/\/shop.bantam.ch\/wp-content\/uploads\/2023\/02\/9930715-100-1-3.jpg","contentUrl":"https:\/\/shop.bantam.ch\/wp-content\/uploads\/2023\/02\/9930715-100-1-3.jpg","width":1000,"height":917},{"@type":"BreadcrumbList","@id":"https:\/\/shop.bantam.ch\/fr\/produit\/chargeur-onduleur-kombi-3000-si-n-avec-remote-control\/#breadcrumb","itemListElement":[{"@type":"ListItem","position":1,"name":"Accueil","item":"https:\/\/shop.bantam.ch\/fr\/"},{"@type":"ListItem","position":2,"name":"Boutique","item":"https:\/\/shop.bantam.ch\/fr\/boutique\/"},{"@type":"ListItem","position":3,"name":"Onduleur B\u00fcttner Combinaison convertisseur\/chargeur 3000 Si-N \/ 120 A avec t\u00e9l\u00e9commande"}]},{"@type":"WebSite","@id":"https:\/\/shop.bantam.ch\/fr\/#website","url":"https:\/\/shop.bantam.ch\/fr\/","name":"Bantam Wankm\u00fcller SA","description":"","publisher":{"@id":"https:\/\/shop.bantam.ch\/fr\/#organization"},"inLanguage":"fr-FR"},{"@type":"Organization","@id":"https:\/\/shop.bantam.ch\/fr\/#organization","name":"Bantam Wankm\u00fcller SA","url":"https:\/\/shop.bantam.ch\/fr\/","logo":{"@type":"ImageObject","inLanguage":"fr-FR","@id":"https:\/\/shop.bantam.ch\/fr\/#\/schema\/logo\/image\/","url":"https:\/\/shop.bantam.ch\/wp-content\/uploads\/2022\/12\/bantam-logo.png","contentUrl":"https:\/\/shop.bantam.ch\/wp-content\/uploads\/2022\/12\/bantam-logo.png","width":320,"height":71,"caption":"Bantam Wankm\u00fcller SA"},"image":{"@id":"https:\/\/shop.bantam.ch\/fr\/#\/schema\/logo\/image\/"}}]}},"_links":{"self":[{"href":"https:\/\/shop.bantam.ch\/fr\/wp-json\/wp\/v2\/product\/64931","targetHints":{"allow":["GET"]}}],"collection":[{"href":"https:\/\/shop.bantam.ch\/fr\/wp-json\/wp\/v2\/product"}],"about":[{"href":"https:\/\/shop.bantam.ch\/fr\/wp-json\/wp\/v2\/types\/product"}],"wp:featuredmedia":[{"embeddable":true,"href":"https:\/\/shop.bantam.ch\/fr\/wp-json\/wp\/v2\/media\/64927"}],"wp:attachment":[{"href":"https:\/\/shop.bantam.ch\/fr\/wp-json\/wp\/v2\/media?parent=64931"}],"wp:term":[{"taxonomy":"product_featured_cat","embeddable":true,"href":"https:\/\/shop.bantam.ch\/fr\/wp-json\/wp\/v2\/product_featured_cat?post=64931"},{"taxonomy":"product_brand","embeddable":true,"href":"https:\/\/shop.bantam.ch\/fr\/wp-json\/wp\/v2\/product_brand?post=64931"},{"taxonomy":"product_cat","embeddable":true,"href":"https:\/\/shop.bantam.ch\/fr\/wp-json\/wp\/v2\/product_cat?post=64931"},{"taxonomy":"product_tag","embeddable":true,"href":"https:\/\/shop.bantam.ch\/fr\/wp-json\/wp\/v2\/product_tag?post=64931"}],"curies":[{"name":"wp","href":"https:\/\/api.w.org\/{rel}","templated":true}]}}