{"id":64787,"date":"2023-02-27T19:10:38","date_gmt":"2023-02-27T18:10:38","guid":{"rendered":"http:\/\/shop.bantam.ch\/produit\/systeme-daide-a-la-manoeuvre-ranger-ts411-variante-tandem\/"},"modified":"2026-04-17T21:10:41","modified_gmt":"2026-04-17T19:10:41","slug":"systeme-daide-a-la-manoeuvre-ranger-ts411-variante-tandem","status":"publish","type":"product","link":"https:\/\/shop.bantam.ch\/fr\/produit\/systeme-daide-a-la-manoeuvre-ranger-ts411-variante-tandem\/","title":{"rendered":"Syst\u00e8me de man\u0153uvre Al-Ko Ranger TS 411 mod\u00e8le Tandem"},"content":{"rendered":"<p>Le nouveau mod\u00e8le d&rsquo;entr\u00e9e de gamme puissant pour les caravane-tandem jusqu&rsquo;\u00e0 2,5 tonne. Man\u0153uvrer avec une pr\u00e9cision au millim\u00e8tre pr\u00e8s, sans assistance, m\u00eame sur un terrain accident\u00e9.<\/p>\n<p>Mat\u00e9riau\u00a0: <br \/>Acier rev\u00eatu et plastique<\/p>\n<p>Puissance :<\/p>\n<p>Le RANGER ma\u00eetrise les obstacles jusqu\u2019\u00e0 deux centim\u00e8tres de hauteur avec une capacit\u00e9 d\u2019escalade maximale de 18%.<\/p>\n<p>Vos avantages\u00a0:<\/p>\n<p>\u00a0<\/p>\n<ul>\n<li>Design et qualit\u00e9 AL-KO<\/li>\n<li>Capacit\u00e9 d\u2019escalade jusqu&rsquo;\u00e0 18\u00a0% (d\u00e9clivit\u00e9 longue) \/ plus de 18% (d\u00e9clivit\u00e9 courte, par\u00a0ex.: rampes)<\/li>\n<li>Connexion de ch\u00e2ssis AL-KO parfaite et test\u00e9e par le leader europ\u00e9en du march\u00e9 des ch\u00e2ssis<\/li>\n<li>Softstart et Softstop<\/li>\n<li>T\u00e9l\u00e9commande ergonomique avec cordon<\/li>\n<li>Indicateur LED sur le bo\u00eetier de commande et la t\u00e9l\u00e9commande en cas de surcharge ou de dysfonctionnement<\/li>\n<li>Convient \u00e0 presque toutes les caravanes jusqu&rsquo;\u00e0 2,5 t (tandem)<\/li>\n<li>M\u00e9canique Prot\u00e9g\u00e9e<\/li>\n<li>R\u00e9seau de service dans le monde entier<\/li>\n<li>5 ans de garantie conform\u00e9ment aux conditions AL-KO relatives \u00e0 la garantie<\/li>\n<li>Garde au sol optimale<\/li>\n<li>Vitesse maximale : environ 9 cm par seconde<\/li>\n<li>Consommation \u00e9lectrique moyenne (terrain plat) : 20 amp\u00e8res<\/li>\n<li>Charge totale autoris\u00e9e : Essieu tandem (2 moteurs) 1 800 kg (1 500 kg \u00e0 18% d&rsquo;inclinaison) Essieu tandem (4 moteurs) 2 500 kg (1 800 kg \u00e0 18% d&rsquo;inclinaison)<\/li>\n<li>Poids Consommation \u00e9lectrique\u00a0: 100 amp\u00e8res<\/li>\n<li>Courant de fonctionnement : LiFePO4: 12V, 20Ah \/ plomb : 12 V, 70 Ah (min.)<\/li>\n<li>Largeur (mm) : Largeur minimale (caravane \/ remorque) 1 800 mm<\/li>\n<li>Largeur maximale (caravane \/ remorque) 2 500 mm<\/li>\n<li>Fr\u00e9quence : T\u00e9l\u00e9commande\u00a0: 868 MHz<\/li>\n<\/ul>\n<p>\u00a0<\/p>\n","protected":false},"excerpt":{"rendered":"<p>Le nouveau mod\u00e8le d&rsquo;entr\u00e9e de gamme puissant pour les caravane-tandem jusqu&rsquo;\u00e0 2,5 tonne. Man\u0153uvrer avec une pr\u00e9cision au millim\u00e8tre pr\u00e8s, sans assistance, m\u00eame sur un terrain accident\u00e9. Mat\u00e9riau\u00a0: Acier rev\u00eatu et plastique Puissance : Le RANGER ma\u00eetrise les obstacles jusqu\u2019\u00e0 deux centim\u00e8tres de hauteur avec une capacit\u00e9 d\u2019escalade maximale de 18%. Vos avantages\u00a0: \u00a0 Design [&hellip;]<\/p>\n","protected":false},"featured_media":64775,"template":"","meta":{"_acf_changed":false},"product_featured_cat":[],"product_brand":[3134],"product_cat":[4821],"product_tag":[],"class_list":{"0":"post-64787","1":"product","2":"type-product","3":"status-publish","4":"has-post-thumbnail","6":"product_brand-al-ko","7":"product_cat-aide-a-la-manoeuvre","9":"first","10":"instock","11":"taxable","12":"shipping-taxable","13":"purchasable","14":"product-type-simple"},"acf":[],"yoast_head":"<!-- This site is optimized with the Yoast SEO plugin v27.4 - https:\/\/yoast.com\/product\/yoast-seo-wordpress\/ -->\n<title>Syst\u00e8me de man\u0153uvre Al-Ko Ranger TS 411 mod\u00e8le Tandem - Bantam Wankm\u00fcller SA<\/title>\n<meta name=\"robots\" content=\"index, follow, max-snippet:-1, max-image-preview:large, max-video-preview:-1\" \/>\n<link rel=\"canonical\" href=\"https:\/\/shop.bantam.ch\/fr\/produit\/systeme-daide-a-la-manoeuvre-ranger-ts411-variante-tandem\/\" \/>\n<meta property=\"og:locale\" content=\"fr_FR\" \/>\n<meta property=\"og:type\" content=\"article\" \/>\n<meta property=\"og:title\" content=\"Syst\u00e8me de man\u0153uvre Al-Ko Ranger TS 411 mod\u00e8le Tandem - Bantam Wankm\u00fcller SA\" \/>\n<meta property=\"og:description\" content=\"Le nouveau mod\u00e8le d&rsquo;entr\u00e9e de gamme puissant pour les caravane-tandem jusqu&rsquo;\u00e0 2,5 tonne. Man\u0153uvrer avec une pr\u00e9cision au millim\u00e8tre pr\u00e8s, sans assistance, m\u00eame sur un terrain accident\u00e9. Mat\u00e9riau\u00a0: Acier rev\u00eatu et plastique Puissance : Le RANGER ma\u00eetrise les obstacles jusqu\u2019\u00e0 deux centim\u00e8tres de hauteur avec une capacit\u00e9 d\u2019escalade maximale de 18%. Vos avantages\u00a0: \u00a0 Design [&hellip;]\" \/>\n<meta property=\"og:url\" content=\"https:\/\/shop.bantam.ch\/fr\/produit\/systeme-daide-a-la-manoeuvre-ranger-ts411-variante-tandem\/\" \/>\n<meta property=\"og:site_name\" content=\"Bantam Wankm\u00fcller SA\" \/>\n<meta property=\"article:modified_time\" content=\"2026-04-17T19:10:41+00:00\" \/>\n<meta property=\"og:image\" content=\"https:\/\/shop.bantam.ch\/wp-content\/uploads\/2023\/02\/9940795-100-1-3-1.jpg\" \/>\n\t<meta property=\"og:image:width\" content=\"1000\" \/>\n\t<meta property=\"og:image:height\" content=\"707\" \/>\n\t<meta property=\"og:image:type\" content=\"image\/jpeg\" \/>\n<meta name=\"twitter:card\" content=\"summary_large_image\" \/>\n<meta name=\"twitter:label1\" content=\"Dur\u00e9e de lecture estim\u00e9e\" \/>\n\t<meta name=\"twitter:data1\" content=\"1 minute\" \/>\n<script type=\"application\/ld+json\" class=\"yoast-schema-graph\">{\"@context\":\"https:\\\/\\\/schema.org\",\"@graph\":[{\"@type\":\"WebPage\",\"@id\":\"https:\\\/\\\/shop.bantam.ch\\\/fr\\\/produit\\\/systeme-daide-a-la-manoeuvre-ranger-ts411-variante-tandem\\\/\",\"url\":\"https:\\\/\\\/shop.bantam.ch\\\/fr\\\/produit\\\/systeme-daide-a-la-manoeuvre-ranger-ts411-variante-tandem\\\/\",\"name\":\"Syst\u00e8me de man\u0153uvre Al-Ko Ranger TS 411 mod\u00e8le Tandem - Bantam Wankm\u00fcller SA\",\"isPartOf\":{\"@id\":\"https:\\\/\\\/shop.bantam.ch\\\/fr\\\/#website\"},\"primaryImageOfPage\":{\"@id\":\"https:\\\/\\\/shop.bantam.ch\\\/fr\\\/produit\\\/systeme-daide-a-la-manoeuvre-ranger-ts411-variante-tandem\\\/#primaryimage\"},\"image\":{\"@id\":\"https:\\\/\\\/shop.bantam.ch\\\/fr\\\/produit\\\/systeme-daide-a-la-manoeuvre-ranger-ts411-variante-tandem\\\/#primaryimage\"},\"thumbnailUrl\":\"https:\\\/\\\/shop.bantam.ch\\\/wp-content\\\/uploads\\\/2023\\\/02\\\/9940795-100-1-3-1.jpg\",\"datePublished\":\"2023-02-27T18:10:38+00:00\",\"dateModified\":\"2026-04-17T19:10:41+00:00\",\"breadcrumb\":{\"@id\":\"https:\\\/\\\/shop.bantam.ch\\\/fr\\\/produit\\\/systeme-daide-a-la-manoeuvre-ranger-ts411-variante-tandem\\\/#breadcrumb\"},\"inLanguage\":\"fr-FR\",\"potentialAction\":[{\"@type\":\"ReadAction\",\"target\":[\"https:\\\/\\\/shop.bantam.ch\\\/fr\\\/produit\\\/systeme-daide-a-la-manoeuvre-ranger-ts411-variante-tandem\\\/\"]}]},{\"@type\":\"ImageObject\",\"inLanguage\":\"fr-FR\",\"@id\":\"https:\\\/\\\/shop.bantam.ch\\\/fr\\\/produit\\\/systeme-daide-a-la-manoeuvre-ranger-ts411-variante-tandem\\\/#primaryimage\",\"url\":\"https:\\\/\\\/shop.bantam.ch\\\/wp-content\\\/uploads\\\/2023\\\/02\\\/9940795-100-1-3-1.jpg\",\"contentUrl\":\"https:\\\/\\\/shop.bantam.ch\\\/wp-content\\\/uploads\\\/2023\\\/02\\\/9940795-100-1-3-1.jpg\",\"width\":1000,\"height\":707},{\"@type\":\"BreadcrumbList\",\"@id\":\"https:\\\/\\\/shop.bantam.ch\\\/fr\\\/produit\\\/systeme-daide-a-la-manoeuvre-ranger-ts411-variante-tandem\\\/#breadcrumb\",\"itemListElement\":[{\"@type\":\"ListItem\",\"position\":1,\"name\":\"Accueil\",\"item\":\"https:\\\/\\\/shop.bantam.ch\\\/fr\\\/\"},{\"@type\":\"ListItem\",\"position\":2,\"name\":\"Boutique\",\"item\":\"https:\\\/\\\/shop.bantam.ch\\\/fr\\\/boutique\\\/\"},{\"@type\":\"ListItem\",\"position\":3,\"name\":\"Syst\u00e8me de man\u0153uvre Al-Ko Ranger TS 411 mod\u00e8le Tandem\"}]},{\"@type\":\"WebSite\",\"@id\":\"https:\\\/\\\/shop.bantam.ch\\\/fr\\\/#website\",\"url\":\"https:\\\/\\\/shop.bantam.ch\\\/fr\\\/\",\"name\":\"Bantam Wankm\u00fcller SA\",\"description\":\"\",\"publisher\":{\"@id\":\"https:\\\/\\\/shop.bantam.ch\\\/fr\\\/#organization\"},\"inLanguage\":\"fr-FR\"},{\"@type\":\"Organization\",\"@id\":\"https:\\\/\\\/shop.bantam.ch\\\/fr\\\/#organization\",\"name\":\"Bantam Wankm\u00fcller SA\",\"url\":\"https:\\\/\\\/shop.bantam.ch\\\/fr\\\/\",\"logo\":{\"@type\":\"ImageObject\",\"inLanguage\":\"fr-FR\",\"@id\":\"https:\\\/\\\/shop.bantam.ch\\\/fr\\\/#\\\/schema\\\/logo\\\/image\\\/\",\"url\":\"https:\\\/\\\/shop.bantam.ch\\\/wp-content\\\/uploads\\\/2022\\\/12\\\/bantam-logo.png\",\"contentUrl\":\"https:\\\/\\\/shop.bantam.ch\\\/wp-content\\\/uploads\\\/2022\\\/12\\\/bantam-logo.png\",\"width\":320,\"height\":71,\"caption\":\"Bantam Wankm\u00fcller SA\"},\"image\":{\"@id\":\"https:\\\/\\\/shop.bantam.ch\\\/fr\\\/#\\\/schema\\\/logo\\\/image\\\/\"}}]}<\/script>\n<!-- \/ Yoast SEO plugin. -->","yoast_head_json":{"title":"Syst\u00e8me de man\u0153uvre Al-Ko Ranger TS 411 mod\u00e8le Tandem - Bantam Wankm\u00fcller SA","robots":{"index":"index","follow":"follow","max-snippet":"max-snippet:-1","max-image-preview":"max-image-preview:large","max-video-preview":"max-video-preview:-1"},"canonical":"https:\/\/shop.bantam.ch\/fr\/produit\/systeme-daide-a-la-manoeuvre-ranger-ts411-variante-tandem\/","og_locale":"fr_FR","og_type":"article","og_title":"Syst\u00e8me de man\u0153uvre Al-Ko Ranger TS 411 mod\u00e8le Tandem - Bantam Wankm\u00fcller SA","og_description":"Le nouveau mod\u00e8le d&rsquo;entr\u00e9e de gamme puissant pour les caravane-tandem jusqu&rsquo;\u00e0 2,5 tonne. Man\u0153uvrer avec une pr\u00e9cision au millim\u00e8tre pr\u00e8s, sans assistance, m\u00eame sur un terrain accident\u00e9. Mat\u00e9riau\u00a0: Acier rev\u00eatu et plastique Puissance : Le RANGER ma\u00eetrise les obstacles jusqu\u2019\u00e0 deux centim\u00e8tres de hauteur avec une capacit\u00e9 d\u2019escalade maximale de 18%. Vos avantages\u00a0: \u00a0 Design [&hellip;]","og_url":"https:\/\/shop.bantam.ch\/fr\/produit\/systeme-daide-a-la-manoeuvre-ranger-ts411-variante-tandem\/","og_site_name":"Bantam Wankm\u00fcller SA","article_modified_time":"2026-04-17T19:10:41+00:00","og_image":[{"width":1000,"height":707,"url":"https:\/\/shop.bantam.ch\/wp-content\/uploads\/2023\/02\/9940795-100-1-3-1.jpg","type":"image\/jpeg"}],"twitter_card":"summary_large_image","twitter_misc":{"Dur\u00e9e de lecture estim\u00e9e":"1 minute"},"schema":{"@context":"https:\/\/schema.org","@graph":[{"@type":"WebPage","@id":"https:\/\/shop.bantam.ch\/fr\/produit\/systeme-daide-a-la-manoeuvre-ranger-ts411-variante-tandem\/","url":"https:\/\/shop.bantam.ch\/fr\/produit\/systeme-daide-a-la-manoeuvre-ranger-ts411-variante-tandem\/","name":"Syst\u00e8me de man\u0153uvre Al-Ko Ranger TS 411 mod\u00e8le Tandem - Bantam Wankm\u00fcller SA","isPartOf":{"@id":"https:\/\/shop.bantam.ch\/fr\/#website"},"primaryImageOfPage":{"@id":"https:\/\/shop.bantam.ch\/fr\/produit\/systeme-daide-a-la-manoeuvre-ranger-ts411-variante-tandem\/#primaryimage"},"image":{"@id":"https:\/\/shop.bantam.ch\/fr\/produit\/systeme-daide-a-la-manoeuvre-ranger-ts411-variante-tandem\/#primaryimage"},"thumbnailUrl":"https:\/\/shop.bantam.ch\/wp-content\/uploads\/2023\/02\/9940795-100-1-3-1.jpg","datePublished":"2023-02-27T18:10:38+00:00","dateModified":"2026-04-17T19:10:41+00:00","breadcrumb":{"@id":"https:\/\/shop.bantam.ch\/fr\/produit\/systeme-daide-a-la-manoeuvre-ranger-ts411-variante-tandem\/#breadcrumb"},"inLanguage":"fr-FR","potentialAction":[{"@type":"ReadAction","target":["https:\/\/shop.bantam.ch\/fr\/produit\/systeme-daide-a-la-manoeuvre-ranger-ts411-variante-tandem\/"]}]},{"@type":"ImageObject","inLanguage":"fr-FR","@id":"https:\/\/shop.bantam.ch\/fr\/produit\/systeme-daide-a-la-manoeuvre-ranger-ts411-variante-tandem\/#primaryimage","url":"https:\/\/shop.bantam.ch\/wp-content\/uploads\/2023\/02\/9940795-100-1-3-1.jpg","contentUrl":"https:\/\/shop.bantam.ch\/wp-content\/uploads\/2023\/02\/9940795-100-1-3-1.jpg","width":1000,"height":707},{"@type":"BreadcrumbList","@id":"https:\/\/shop.bantam.ch\/fr\/produit\/systeme-daide-a-la-manoeuvre-ranger-ts411-variante-tandem\/#breadcrumb","itemListElement":[{"@type":"ListItem","position":1,"name":"Accueil","item":"https:\/\/shop.bantam.ch\/fr\/"},{"@type":"ListItem","position":2,"name":"Boutique","item":"https:\/\/shop.bantam.ch\/fr\/boutique\/"},{"@type":"ListItem","position":3,"name":"Syst\u00e8me de man\u0153uvre Al-Ko Ranger TS 411 mod\u00e8le Tandem"}]},{"@type":"WebSite","@id":"https:\/\/shop.bantam.ch\/fr\/#website","url":"https:\/\/shop.bantam.ch\/fr\/","name":"Bantam Wankm\u00fcller SA","description":"","publisher":{"@id":"https:\/\/shop.bantam.ch\/fr\/#organization"},"inLanguage":"fr-FR"},{"@type":"Organization","@id":"https:\/\/shop.bantam.ch\/fr\/#organization","name":"Bantam Wankm\u00fcller SA","url":"https:\/\/shop.bantam.ch\/fr\/","logo":{"@type":"ImageObject","inLanguage":"fr-FR","@id":"https:\/\/shop.bantam.ch\/fr\/#\/schema\/logo\/image\/","url":"https:\/\/shop.bantam.ch\/wp-content\/uploads\/2022\/12\/bantam-logo.png","contentUrl":"https:\/\/shop.bantam.ch\/wp-content\/uploads\/2022\/12\/bantam-logo.png","width":320,"height":71,"caption":"Bantam Wankm\u00fcller SA"},"image":{"@id":"https:\/\/shop.bantam.ch\/fr\/#\/schema\/logo\/image\/"}}]}},"_links":{"self":[{"href":"https:\/\/shop.bantam.ch\/fr\/wp-json\/wp\/v2\/product\/64787","targetHints":{"allow":["GET"]}}],"collection":[{"href":"https:\/\/shop.bantam.ch\/fr\/wp-json\/wp\/v2\/product"}],"about":[{"href":"https:\/\/shop.bantam.ch\/fr\/wp-json\/wp\/v2\/types\/product"}],"wp:featuredmedia":[{"embeddable":true,"href":"https:\/\/shop.bantam.ch\/fr\/wp-json\/wp\/v2\/media\/64775"}],"wp:attachment":[{"href":"https:\/\/shop.bantam.ch\/fr\/wp-json\/wp\/v2\/media?parent=64787"}],"wp:term":[{"taxonomy":"product_featured_cat","embeddable":true,"href":"https:\/\/shop.bantam.ch\/fr\/wp-json\/wp\/v2\/product_featured_cat?post=64787"},{"taxonomy":"product_brand","embeddable":true,"href":"https:\/\/shop.bantam.ch\/fr\/wp-json\/wp\/v2\/product_brand?post=64787"},{"taxonomy":"product_cat","embeddable":true,"href":"https:\/\/shop.bantam.ch\/fr\/wp-json\/wp\/v2\/product_cat?post=64787"},{"taxonomy":"product_tag","embeddable":true,"href":"https:\/\/shop.bantam.ch\/fr\/wp-json\/wp\/v2\/product_tag?post=64787"}],"curies":[{"name":"wp","href":"https:\/\/api.w.org\/{rel}","templated":true}]}}