{"id":64763,"date":"2023-02-27T19:10:17","date_gmt":"2023-02-27T18:10:17","guid":{"rendered":"http:\/\/shop.bantam.ch\/produit\/detecteur-sat-digital-1-hd\/"},"modified":"2026-05-09T21:10:27","modified_gmt":"2026-05-09T19:10:27","slug":"detecteur-sat-digital-1-hd","status":"publish","type":"product","link":"https:\/\/shop.bantam.ch\/fr\/produit\/detecteur-sat-digital-1-hd\/","title":{"rendered":"D\u00e9tecteur signal satellite Megasat Digital\u00a01 HD"},"content":{"rendered":"<p>3 heures max. d\u2019autonomie gr\u00e2ce \u00e0 la batterie int\u00e9gr\u00e9e. \u00c9cran de 3,5 pouces pour v\u00e9rifier directement l&rsquo;image TV (r\u00e9cepteur int\u00e9gr\u00e9). Affichage LED extra large pour le niveau du signal. Mesure des cha\u00eenes SD et HD et syst\u00e8mes Unicable. Diagramme de spectre et de constellation en temps r\u00e9el pour l\u2019analyse des erreurs. Sauvegarde interne des donn\u00e9es de mesure s\u00e9lectionn\u00e9es. La d\u00e9tection automatique des satellites NIT vous indique imm\u00e9diatement sur quel satellite vous vous trouvez. Liste des cha\u00eenes pr\u00e9-programm\u00e9es des satellites courants (Astra 1, Hotbird, &#8230;). Fonction de charge avec le c\u00e2ble de charge pour v\u00e9hicule fourni. Affichage num\u00e9rique avec barres de niveau et de qualit\u00e9 de r\u00e9ception. Protection et alarme de court-circuit LNB. Importation et exportation de listes de cha\u00eenes et de satellites vers une cl\u00e9 USB. Entr\u00e9e AV et sortie 12 volts pour le raccordement d&rsquo;appareils r\u00e9cepteurs suppl\u00e9mentaires (par ex. pour l&rsquo;installation de cam\u00e9ras de surveillance, etc.) Menu principal multilingue, clair et intuitif.<\/p>\n<ul>\n<li>Poids : 0,44 kg<\/li>\n<\/ul>\n","protected":false},"excerpt":{"rendered":"<p>3 heures max. d\u2019autonomie gr\u00e2ce \u00e0 la batterie int\u00e9gr\u00e9e. \u00c9cran de 3,5 pouces pour v\u00e9rifier directement l&rsquo;image TV (r\u00e9cepteur int\u00e9gr\u00e9). Affichage LED extra large pour le niveau du signal. Mesure des cha\u00eenes SD et HD et syst\u00e8mes Unicable. Diagramme de spectre et de constellation en temps r\u00e9el pour l\u2019analyse des erreurs. Sauvegarde interne des donn\u00e9es [&hellip;]<\/p>\n","protected":false},"featured_media":64761,"template":"","meta":{"_acf_changed":false},"product_featured_cat":[],"product_brand":[3200],"product_cat":[4525],"product_tag":[],"class_list":{"0":"post-64763","1":"product","2":"type-product","3":"status-publish","4":"has-post-thumbnail","6":"product_brand-megasat","7":"product_cat-sat-finder","9":"first","10":"instock","11":"taxable","12":"shipping-taxable","13":"purchasable","14":"product-type-simple"},"acf":[],"yoast_head":"<!-- This site is optimized with the Yoast SEO plugin v27.5 - https:\/\/yoast.com\/product\/yoast-seo-wordpress\/ -->\n<title>D\u00e9tecteur signal satellite Megasat Digital\u00a01 HD - Bantam<\/title>\n<meta name=\"robots\" content=\"index, follow, max-snippet:-1, max-image-preview:large, max-video-preview:-1\" \/>\n<link rel=\"canonical\" href=\"https:\/\/shop.bantam.ch\/fr\/produit\/detecteur-sat-digital-1-hd\/\" \/>\n<meta property=\"og:locale\" content=\"fr_FR\" \/>\n<meta property=\"og:type\" content=\"article\" \/>\n<meta property=\"og:title\" content=\"D\u00e9tecteur signal satellite Megasat Digital\u00a01 HD - Bantam\" \/>\n<meta property=\"og:description\" content=\"3 heures max. d\u2019autonomie gr\u00e2ce \u00e0 la batterie int\u00e9gr\u00e9e. \u00c9cran de 3,5 pouces pour v\u00e9rifier directement l&rsquo;image TV (r\u00e9cepteur int\u00e9gr\u00e9). Affichage LED extra large pour le niveau du signal. Mesure des cha\u00eenes SD et HD et syst\u00e8mes Unicable. Diagramme de spectre et de constellation en temps r\u00e9el pour l\u2019analyse des erreurs. Sauvegarde interne des donn\u00e9es [&hellip;]\" \/>\n<meta property=\"og:url\" content=\"https:\/\/shop.bantam.ch\/fr\/produit\/detecteur-sat-digital-1-hd\/\" \/>\n<meta property=\"og:site_name\" content=\"Bantam\" \/>\n<meta property=\"article:modified_time\" content=\"2026-05-09T19:10:27+00:00\" \/>\n<meta property=\"og:image\" content=\"https:\/\/shop.bantam.ch\/wp-content\/uploads\/2023\/02\/9951593-100-1-3.jpg\" \/>\n\t<meta property=\"og:image:width\" content=\"444\" \/>\n\t<meta property=\"og:image:height\" content=\"1000\" \/>\n\t<meta property=\"og:image:type\" content=\"image\/jpeg\" \/>\n<meta name=\"twitter:card\" content=\"summary_large_image\" \/>\n<meta name=\"twitter:label1\" content=\"Dur\u00e9e de lecture estim\u00e9e\" \/>\n\t<meta name=\"twitter:data1\" content=\"1 minute\" \/>\n<script type=\"application\/ld+json\" class=\"yoast-schema-graph\">{\"@context\":\"https:\\\/\\\/schema.org\",\"@graph\":[{\"@type\":\"WebPage\",\"@id\":\"https:\\\/\\\/shop.bantam.ch\\\/fr\\\/produit\\\/detecteur-sat-digital-1-hd\\\/\",\"url\":\"https:\\\/\\\/shop.bantam.ch\\\/fr\\\/produit\\\/detecteur-sat-digital-1-hd\\\/\",\"name\":\"D\u00e9tecteur signal satellite Megasat Digital\u00a01 HD - Bantam\",\"isPartOf\":{\"@id\":\"https:\\\/\\\/shop.bantam.ch\\\/fr\\\/#website\"},\"primaryImageOfPage\":{\"@id\":\"https:\\\/\\\/shop.bantam.ch\\\/fr\\\/produit\\\/detecteur-sat-digital-1-hd\\\/#primaryimage\"},\"image\":{\"@id\":\"https:\\\/\\\/shop.bantam.ch\\\/fr\\\/produit\\\/detecteur-sat-digital-1-hd\\\/#primaryimage\"},\"thumbnailUrl\":\"https:\\\/\\\/shop.bantam.ch\\\/wp-content\\\/uploads\\\/2023\\\/02\\\/9951593-100-1-3.jpg\",\"datePublished\":\"2023-02-27T18:10:17+00:00\",\"dateModified\":\"2026-05-09T19:10:27+00:00\",\"breadcrumb\":{\"@id\":\"https:\\\/\\\/shop.bantam.ch\\\/fr\\\/produit\\\/detecteur-sat-digital-1-hd\\\/#breadcrumb\"},\"inLanguage\":\"fr-FR\",\"potentialAction\":[{\"@type\":\"ReadAction\",\"target\":[\"https:\\\/\\\/shop.bantam.ch\\\/fr\\\/produit\\\/detecteur-sat-digital-1-hd\\\/\"]}]},{\"@type\":\"ImageObject\",\"inLanguage\":\"fr-FR\",\"@id\":\"https:\\\/\\\/shop.bantam.ch\\\/fr\\\/produit\\\/detecteur-sat-digital-1-hd\\\/#primaryimage\",\"url\":\"https:\\\/\\\/shop.bantam.ch\\\/wp-content\\\/uploads\\\/2023\\\/02\\\/9951593-100-1-3.jpg\",\"contentUrl\":\"https:\\\/\\\/shop.bantam.ch\\\/wp-content\\\/uploads\\\/2023\\\/02\\\/9951593-100-1-3.jpg\",\"width\":444,\"height\":1000},{\"@type\":\"BreadcrumbList\",\"@id\":\"https:\\\/\\\/shop.bantam.ch\\\/fr\\\/produit\\\/detecteur-sat-digital-1-hd\\\/#breadcrumb\",\"itemListElement\":[{\"@type\":\"ListItem\",\"position\":1,\"name\":\"Accueil\",\"item\":\"https:\\\/\\\/shop.bantam.ch\\\/fr\\\/\"},{\"@type\":\"ListItem\",\"position\":2,\"name\":\"Boutique\",\"item\":\"https:\\\/\\\/shop.bantam.ch\\\/fr\\\/boutique\\\/\"},{\"@type\":\"ListItem\",\"position\":3,\"name\":\"D\u00e9tecteur signal satellite Megasat Digital\u00a01 HD\"}]},{\"@type\":\"WebSite\",\"@id\":\"https:\\\/\\\/shop.bantam.ch\\\/fr\\\/#website\",\"url\":\"https:\\\/\\\/shop.bantam.ch\\\/fr\\\/\",\"name\":\"Bantam\",\"description\":\"\",\"publisher\":{\"@id\":\"https:\\\/\\\/shop.bantam.ch\\\/fr\\\/#organization\"},\"inLanguage\":\"fr-FR\"},{\"@type\":\"Organization\",\"@id\":\"https:\\\/\\\/shop.bantam.ch\\\/fr\\\/#organization\",\"name\":\"Bantam\",\"url\":\"https:\\\/\\\/shop.bantam.ch\\\/fr\\\/\",\"logo\":{\"@type\":\"ImageObject\",\"inLanguage\":\"fr-FR\",\"@id\":\"https:\\\/\\\/shop.bantam.ch\\\/fr\\\/#\\\/schema\\\/logo\\\/image\\\/\",\"url\":\"https:\\\/\\\/shop.bantam.ch\\\/wp-content\\\/uploads\\\/2022\\\/12\\\/bantam-logo.png\",\"contentUrl\":\"https:\\\/\\\/shop.bantam.ch\\\/wp-content\\\/uploads\\\/2022\\\/12\\\/bantam-logo.png\",\"width\":320,\"height\":71,\"caption\":\"Bantam\"},\"image\":{\"@id\":\"https:\\\/\\\/shop.bantam.ch\\\/fr\\\/#\\\/schema\\\/logo\\\/image\\\/\"}}]}<\/script>\n<!-- \/ Yoast SEO plugin. -->","yoast_head_json":{"title":"D\u00e9tecteur signal satellite Megasat Digital\u00a01 HD - Bantam","robots":{"index":"index","follow":"follow","max-snippet":"max-snippet:-1","max-image-preview":"max-image-preview:large","max-video-preview":"max-video-preview:-1"},"canonical":"https:\/\/shop.bantam.ch\/fr\/produit\/detecteur-sat-digital-1-hd\/","og_locale":"fr_FR","og_type":"article","og_title":"D\u00e9tecteur signal satellite Megasat Digital\u00a01 HD - Bantam","og_description":"3 heures max. d\u2019autonomie gr\u00e2ce \u00e0 la batterie int\u00e9gr\u00e9e. \u00c9cran de 3,5 pouces pour v\u00e9rifier directement l&rsquo;image TV (r\u00e9cepteur int\u00e9gr\u00e9). Affichage LED extra large pour le niveau du signal. Mesure des cha\u00eenes SD et HD et syst\u00e8mes Unicable. Diagramme de spectre et de constellation en temps r\u00e9el pour l\u2019analyse des erreurs. Sauvegarde interne des donn\u00e9es [&hellip;]","og_url":"https:\/\/shop.bantam.ch\/fr\/produit\/detecteur-sat-digital-1-hd\/","og_site_name":"Bantam","article_modified_time":"2026-05-09T19:10:27+00:00","og_image":[{"width":444,"height":1000,"url":"https:\/\/shop.bantam.ch\/wp-content\/uploads\/2023\/02\/9951593-100-1-3.jpg","type":"image\/jpeg"}],"twitter_card":"summary_large_image","twitter_misc":{"Dur\u00e9e de lecture estim\u00e9e":"1 minute"},"schema":{"@context":"https:\/\/schema.org","@graph":[{"@type":"WebPage","@id":"https:\/\/shop.bantam.ch\/fr\/produit\/detecteur-sat-digital-1-hd\/","url":"https:\/\/shop.bantam.ch\/fr\/produit\/detecteur-sat-digital-1-hd\/","name":"D\u00e9tecteur signal satellite Megasat Digital\u00a01 HD - Bantam","isPartOf":{"@id":"https:\/\/shop.bantam.ch\/fr\/#website"},"primaryImageOfPage":{"@id":"https:\/\/shop.bantam.ch\/fr\/produit\/detecteur-sat-digital-1-hd\/#primaryimage"},"image":{"@id":"https:\/\/shop.bantam.ch\/fr\/produit\/detecteur-sat-digital-1-hd\/#primaryimage"},"thumbnailUrl":"https:\/\/shop.bantam.ch\/wp-content\/uploads\/2023\/02\/9951593-100-1-3.jpg","datePublished":"2023-02-27T18:10:17+00:00","dateModified":"2026-05-09T19:10:27+00:00","breadcrumb":{"@id":"https:\/\/shop.bantam.ch\/fr\/produit\/detecteur-sat-digital-1-hd\/#breadcrumb"},"inLanguage":"fr-FR","potentialAction":[{"@type":"ReadAction","target":["https:\/\/shop.bantam.ch\/fr\/produit\/detecteur-sat-digital-1-hd\/"]}]},{"@type":"ImageObject","inLanguage":"fr-FR","@id":"https:\/\/shop.bantam.ch\/fr\/produit\/detecteur-sat-digital-1-hd\/#primaryimage","url":"https:\/\/shop.bantam.ch\/wp-content\/uploads\/2023\/02\/9951593-100-1-3.jpg","contentUrl":"https:\/\/shop.bantam.ch\/wp-content\/uploads\/2023\/02\/9951593-100-1-3.jpg","width":444,"height":1000},{"@type":"BreadcrumbList","@id":"https:\/\/shop.bantam.ch\/fr\/produit\/detecteur-sat-digital-1-hd\/#breadcrumb","itemListElement":[{"@type":"ListItem","position":1,"name":"Accueil","item":"https:\/\/shop.bantam.ch\/fr\/"},{"@type":"ListItem","position":2,"name":"Boutique","item":"https:\/\/shop.bantam.ch\/fr\/boutique\/"},{"@type":"ListItem","position":3,"name":"D\u00e9tecteur signal satellite Megasat Digital\u00a01 HD"}]},{"@type":"WebSite","@id":"https:\/\/shop.bantam.ch\/fr\/#website","url":"https:\/\/shop.bantam.ch\/fr\/","name":"Bantam","description":"","publisher":{"@id":"https:\/\/shop.bantam.ch\/fr\/#organization"},"inLanguage":"fr-FR"},{"@type":"Organization","@id":"https:\/\/shop.bantam.ch\/fr\/#organization","name":"Bantam","url":"https:\/\/shop.bantam.ch\/fr\/","logo":{"@type":"ImageObject","inLanguage":"fr-FR","@id":"https:\/\/shop.bantam.ch\/fr\/#\/schema\/logo\/image\/","url":"https:\/\/shop.bantam.ch\/wp-content\/uploads\/2022\/12\/bantam-logo.png","contentUrl":"https:\/\/shop.bantam.ch\/wp-content\/uploads\/2022\/12\/bantam-logo.png","width":320,"height":71,"caption":"Bantam"},"image":{"@id":"https:\/\/shop.bantam.ch\/fr\/#\/schema\/logo\/image\/"}}]}},"_links":{"self":[{"href":"https:\/\/shop.bantam.ch\/fr\/wp-json\/wp\/v2\/product\/64763","targetHints":{"allow":["GET"]}}],"collection":[{"href":"https:\/\/shop.bantam.ch\/fr\/wp-json\/wp\/v2\/product"}],"about":[{"href":"https:\/\/shop.bantam.ch\/fr\/wp-json\/wp\/v2\/types\/product"}],"wp:featuredmedia":[{"embeddable":true,"href":"https:\/\/shop.bantam.ch\/fr\/wp-json\/wp\/v2\/media\/64761"}],"wp:attachment":[{"href":"https:\/\/shop.bantam.ch\/fr\/wp-json\/wp\/v2\/media?parent=64763"}],"wp:term":[{"taxonomy":"product_featured_cat","embeddable":true,"href":"https:\/\/shop.bantam.ch\/fr\/wp-json\/wp\/v2\/product_featured_cat?post=64763"},{"taxonomy":"product_brand","embeddable":true,"href":"https:\/\/shop.bantam.ch\/fr\/wp-json\/wp\/v2\/product_brand?post=64763"},{"taxonomy":"product_cat","embeddable":true,"href":"https:\/\/shop.bantam.ch\/fr\/wp-json\/wp\/v2\/product_cat?post=64763"},{"taxonomy":"product_tag","embeddable":true,"href":"https:\/\/shop.bantam.ch\/fr\/wp-json\/wp\/v2\/product_tag?post=64763"}],"curies":[{"name":"wp","href":"https:\/\/api.w.org\/{rel}","templated":true}]}}