{"id":64751,"date":"2023-02-27T19:10:00","date_gmt":"2023-02-27T18:10:00","guid":{"rendered":"http:\/\/shop.bantam.ch\/produit\/antenne-satellite-de-camping-mobile-avec-tete-lnb-et-cable\/"},"modified":"2026-05-09T21:10:27","modified_gmt":"2026-05-09T19:10:27","slug":"antenne-satellite-de-camping-mobile-avec-tete-lnb-et-cable","status":"publish","type":"product","link":"https:\/\/shop.bantam.ch\/fr\/produit\/antenne-satellite-de-camping-mobile-avec-tete-lnb-et-cable\/","title":{"rendered":"Valise de camping Mobile Antenne sat. avec LNB et c\u00e2ble C\u00e2ble"},"content":{"rendered":"<p>Compos\u00e9 d\u2018un r\u00e9flecteur satellite de 40 cm de diam\u00e8tre et de diff\u00e9rentes fixations. Le pied ventouse garantit un montage solide et fiable sur toutes les surfaces lisses. Sinon, les \u00e9triers de fixation vous permettront de la fixer sur un m\u00e2t par exemple.  Livr\u00e9 avec LNB Single, 10 m de c\u00e2ble coaxial et connecteur F. <\/p>\n<p>\u00a0<\/p>\n<ul>\n<li>Poids : 3,6 kg<\/li>\n<\/ul>\n<p>\u00a0<\/p>\n","protected":false},"excerpt":{"rendered":"<p>Compos\u00e9 d\u2018un r\u00e9flecteur satellite de 40 cm de diam\u00e8tre et de diff\u00e9rentes fixations. Le pied ventouse garantit un montage solide et fiable sur toutes les surfaces lisses. Sinon, les \u00e9triers de fixation vous permettront de la fixer sur un m\u00e2t par exemple. Livr\u00e9 avec LNB Single, 10 m de c\u00e2ble coaxial et connecteur F. \u00a0 [&hellip;]<\/p>\n","protected":false},"featured_media":64749,"template":"","meta":{"_acf_changed":false},"product_featured_cat":[],"product_brand":[3200],"product_cat":[4523],"product_tag":[],"class_list":{"0":"post-64751","1":"product","2":"type-product","3":"status-publish","4":"has-post-thumbnail","6":"product_brand-megasat","7":"product_cat-systemes-satellitaires","9":"first","10":"instock","11":"taxable","12":"shipping-taxable","13":"purchasable","14":"product-type-simple"},"acf":[],"yoast_head":"<!-- This site is optimized with the Yoast SEO plugin v27.5 - https:\/\/yoast.com\/product\/yoast-seo-wordpress\/ -->\n<title>Valise de camping Mobile Antenne sat. avec LNB et c\u00e2ble C\u00e2ble - Bantam<\/title>\n<meta name=\"robots\" content=\"index, follow, max-snippet:-1, max-image-preview:large, max-video-preview:-1\" \/>\n<link rel=\"canonical\" href=\"https:\/\/shop.bantam.ch\/fr\/produit\/antenne-satellite-de-camping-mobile-avec-tete-lnb-et-cable\/\" \/>\n<meta property=\"og:locale\" content=\"fr_FR\" \/>\n<meta property=\"og:type\" content=\"article\" \/>\n<meta property=\"og:title\" content=\"Valise de camping Mobile Antenne sat. avec LNB et c\u00e2ble C\u00e2ble - Bantam\" \/>\n<meta property=\"og:description\" content=\"Compos\u00e9 d\u2018un r\u00e9flecteur satellite de 40 cm de diam\u00e8tre et de diff\u00e9rentes fixations. Le pied ventouse garantit un montage solide et fiable sur toutes les surfaces lisses. Sinon, les \u00e9triers de fixation vous permettront de la fixer sur un m\u00e2t par exemple. Livr\u00e9 avec LNB Single, 10 m de c\u00e2ble coaxial et connecteur F. \u00a0 [&hellip;]\" \/>\n<meta property=\"og:url\" content=\"https:\/\/shop.bantam.ch\/fr\/produit\/antenne-satellite-de-camping-mobile-avec-tete-lnb-et-cable\/\" \/>\n<meta property=\"og:site_name\" content=\"Bantam\" \/>\n<meta property=\"article:modified_time\" content=\"2026-05-09T19:10:27+00:00\" \/>\n<meta property=\"og:image\" content=\"https:\/\/shop.bantam.ch\/wp-content\/uploads\/2023\/02\/995158811.jpg\" \/>\n\t<meta property=\"og:image:width\" content=\"1000\" \/>\n\t<meta property=\"og:image:height\" content=\"809\" \/>\n\t<meta property=\"og:image:type\" content=\"image\/jpeg\" \/>\n<meta name=\"twitter:card\" content=\"summary_large_image\" \/>\n<script type=\"application\/ld+json\" class=\"yoast-schema-graph\">{\"@context\":\"https:\\\/\\\/schema.org\",\"@graph\":[{\"@type\":\"WebPage\",\"@id\":\"https:\\\/\\\/shop.bantam.ch\\\/fr\\\/produit\\\/antenne-satellite-de-camping-mobile-avec-tete-lnb-et-cable\\\/\",\"url\":\"https:\\\/\\\/shop.bantam.ch\\\/fr\\\/produit\\\/antenne-satellite-de-camping-mobile-avec-tete-lnb-et-cable\\\/\",\"name\":\"Valise de camping Mobile Antenne sat. avec LNB et c\u00e2ble C\u00e2ble - Bantam\",\"isPartOf\":{\"@id\":\"https:\\\/\\\/shop.bantam.ch\\\/fr\\\/#website\"},\"primaryImageOfPage\":{\"@id\":\"https:\\\/\\\/shop.bantam.ch\\\/fr\\\/produit\\\/antenne-satellite-de-camping-mobile-avec-tete-lnb-et-cable\\\/#primaryimage\"},\"image\":{\"@id\":\"https:\\\/\\\/shop.bantam.ch\\\/fr\\\/produit\\\/antenne-satellite-de-camping-mobile-avec-tete-lnb-et-cable\\\/#primaryimage\"},\"thumbnailUrl\":\"https:\\\/\\\/shop.bantam.ch\\\/wp-content\\\/uploads\\\/2023\\\/02\\\/995158811.jpg\",\"datePublished\":\"2023-02-27T18:10:00+00:00\",\"dateModified\":\"2026-05-09T19:10:27+00:00\",\"breadcrumb\":{\"@id\":\"https:\\\/\\\/shop.bantam.ch\\\/fr\\\/produit\\\/antenne-satellite-de-camping-mobile-avec-tete-lnb-et-cable\\\/#breadcrumb\"},\"inLanguage\":\"fr-FR\",\"potentialAction\":[{\"@type\":\"ReadAction\",\"target\":[\"https:\\\/\\\/shop.bantam.ch\\\/fr\\\/produit\\\/antenne-satellite-de-camping-mobile-avec-tete-lnb-et-cable\\\/\"]}]},{\"@type\":\"ImageObject\",\"inLanguage\":\"fr-FR\",\"@id\":\"https:\\\/\\\/shop.bantam.ch\\\/fr\\\/produit\\\/antenne-satellite-de-camping-mobile-avec-tete-lnb-et-cable\\\/#primaryimage\",\"url\":\"https:\\\/\\\/shop.bantam.ch\\\/wp-content\\\/uploads\\\/2023\\\/02\\\/995158811.jpg\",\"contentUrl\":\"https:\\\/\\\/shop.bantam.ch\\\/wp-content\\\/uploads\\\/2023\\\/02\\\/995158811.jpg\",\"width\":1000,\"height\":809},{\"@type\":\"BreadcrumbList\",\"@id\":\"https:\\\/\\\/shop.bantam.ch\\\/fr\\\/produit\\\/antenne-satellite-de-camping-mobile-avec-tete-lnb-et-cable\\\/#breadcrumb\",\"itemListElement\":[{\"@type\":\"ListItem\",\"position\":1,\"name\":\"Accueil\",\"item\":\"https:\\\/\\\/shop.bantam.ch\\\/fr\\\/\"},{\"@type\":\"ListItem\",\"position\":2,\"name\":\"Boutique\",\"item\":\"https:\\\/\\\/shop.bantam.ch\\\/fr\\\/boutique\\\/\"},{\"@type\":\"ListItem\",\"position\":3,\"name\":\"Valise de camping Mobile Antenne sat. avec LNB et c\u00e2ble C\u00e2ble\"}]},{\"@type\":\"WebSite\",\"@id\":\"https:\\\/\\\/shop.bantam.ch\\\/fr\\\/#website\",\"url\":\"https:\\\/\\\/shop.bantam.ch\\\/fr\\\/\",\"name\":\"Bantam\",\"description\":\"\",\"publisher\":{\"@id\":\"https:\\\/\\\/shop.bantam.ch\\\/fr\\\/#organization\"},\"inLanguage\":\"fr-FR\"},{\"@type\":\"Organization\",\"@id\":\"https:\\\/\\\/shop.bantam.ch\\\/fr\\\/#organization\",\"name\":\"Bantam\",\"url\":\"https:\\\/\\\/shop.bantam.ch\\\/fr\\\/\",\"logo\":{\"@type\":\"ImageObject\",\"inLanguage\":\"fr-FR\",\"@id\":\"https:\\\/\\\/shop.bantam.ch\\\/fr\\\/#\\\/schema\\\/logo\\\/image\\\/\",\"url\":\"https:\\\/\\\/shop.bantam.ch\\\/wp-content\\\/uploads\\\/2022\\\/12\\\/bantam-logo.png\",\"contentUrl\":\"https:\\\/\\\/shop.bantam.ch\\\/wp-content\\\/uploads\\\/2022\\\/12\\\/bantam-logo.png\",\"width\":320,\"height\":71,\"caption\":\"Bantam\"},\"image\":{\"@id\":\"https:\\\/\\\/shop.bantam.ch\\\/fr\\\/#\\\/schema\\\/logo\\\/image\\\/\"}}]}<\/script>\n<!-- \/ Yoast SEO plugin. -->","yoast_head_json":{"title":"Valise de camping Mobile Antenne sat. avec LNB et c\u00e2ble C\u00e2ble - Bantam","robots":{"index":"index","follow":"follow","max-snippet":"max-snippet:-1","max-image-preview":"max-image-preview:large","max-video-preview":"max-video-preview:-1"},"canonical":"https:\/\/shop.bantam.ch\/fr\/produit\/antenne-satellite-de-camping-mobile-avec-tete-lnb-et-cable\/","og_locale":"fr_FR","og_type":"article","og_title":"Valise de camping Mobile Antenne sat. avec LNB et c\u00e2ble C\u00e2ble - Bantam","og_description":"Compos\u00e9 d\u2018un r\u00e9flecteur satellite de 40 cm de diam\u00e8tre et de diff\u00e9rentes fixations. Le pied ventouse garantit un montage solide et fiable sur toutes les surfaces lisses. Sinon, les \u00e9triers de fixation vous permettront de la fixer sur un m\u00e2t par exemple. Livr\u00e9 avec LNB Single, 10 m de c\u00e2ble coaxial et connecteur F. \u00a0 [&hellip;]","og_url":"https:\/\/shop.bantam.ch\/fr\/produit\/antenne-satellite-de-camping-mobile-avec-tete-lnb-et-cable\/","og_site_name":"Bantam","article_modified_time":"2026-05-09T19:10:27+00:00","og_image":[{"width":1000,"height":809,"url":"https:\/\/shop.bantam.ch\/wp-content\/uploads\/2023\/02\/995158811.jpg","type":"image\/jpeg"}],"twitter_card":"summary_large_image","schema":{"@context":"https:\/\/schema.org","@graph":[{"@type":"WebPage","@id":"https:\/\/shop.bantam.ch\/fr\/produit\/antenne-satellite-de-camping-mobile-avec-tete-lnb-et-cable\/","url":"https:\/\/shop.bantam.ch\/fr\/produit\/antenne-satellite-de-camping-mobile-avec-tete-lnb-et-cable\/","name":"Valise de camping Mobile Antenne sat. avec LNB et c\u00e2ble C\u00e2ble - Bantam","isPartOf":{"@id":"https:\/\/shop.bantam.ch\/fr\/#website"},"primaryImageOfPage":{"@id":"https:\/\/shop.bantam.ch\/fr\/produit\/antenne-satellite-de-camping-mobile-avec-tete-lnb-et-cable\/#primaryimage"},"image":{"@id":"https:\/\/shop.bantam.ch\/fr\/produit\/antenne-satellite-de-camping-mobile-avec-tete-lnb-et-cable\/#primaryimage"},"thumbnailUrl":"https:\/\/shop.bantam.ch\/wp-content\/uploads\/2023\/02\/995158811.jpg","datePublished":"2023-02-27T18:10:00+00:00","dateModified":"2026-05-09T19:10:27+00:00","breadcrumb":{"@id":"https:\/\/shop.bantam.ch\/fr\/produit\/antenne-satellite-de-camping-mobile-avec-tete-lnb-et-cable\/#breadcrumb"},"inLanguage":"fr-FR","potentialAction":[{"@type":"ReadAction","target":["https:\/\/shop.bantam.ch\/fr\/produit\/antenne-satellite-de-camping-mobile-avec-tete-lnb-et-cable\/"]}]},{"@type":"ImageObject","inLanguage":"fr-FR","@id":"https:\/\/shop.bantam.ch\/fr\/produit\/antenne-satellite-de-camping-mobile-avec-tete-lnb-et-cable\/#primaryimage","url":"https:\/\/shop.bantam.ch\/wp-content\/uploads\/2023\/02\/995158811.jpg","contentUrl":"https:\/\/shop.bantam.ch\/wp-content\/uploads\/2023\/02\/995158811.jpg","width":1000,"height":809},{"@type":"BreadcrumbList","@id":"https:\/\/shop.bantam.ch\/fr\/produit\/antenne-satellite-de-camping-mobile-avec-tete-lnb-et-cable\/#breadcrumb","itemListElement":[{"@type":"ListItem","position":1,"name":"Accueil","item":"https:\/\/shop.bantam.ch\/fr\/"},{"@type":"ListItem","position":2,"name":"Boutique","item":"https:\/\/shop.bantam.ch\/fr\/boutique\/"},{"@type":"ListItem","position":3,"name":"Valise de camping Mobile Antenne sat. avec LNB et c\u00e2ble C\u00e2ble"}]},{"@type":"WebSite","@id":"https:\/\/shop.bantam.ch\/fr\/#website","url":"https:\/\/shop.bantam.ch\/fr\/","name":"Bantam","description":"","publisher":{"@id":"https:\/\/shop.bantam.ch\/fr\/#organization"},"inLanguage":"fr-FR"},{"@type":"Organization","@id":"https:\/\/shop.bantam.ch\/fr\/#organization","name":"Bantam","url":"https:\/\/shop.bantam.ch\/fr\/","logo":{"@type":"ImageObject","inLanguage":"fr-FR","@id":"https:\/\/shop.bantam.ch\/fr\/#\/schema\/logo\/image\/","url":"https:\/\/shop.bantam.ch\/wp-content\/uploads\/2022\/12\/bantam-logo.png","contentUrl":"https:\/\/shop.bantam.ch\/wp-content\/uploads\/2022\/12\/bantam-logo.png","width":320,"height":71,"caption":"Bantam"},"image":{"@id":"https:\/\/shop.bantam.ch\/fr\/#\/schema\/logo\/image\/"}}]}},"_links":{"self":[{"href":"https:\/\/shop.bantam.ch\/fr\/wp-json\/wp\/v2\/product\/64751","targetHints":{"allow":["GET"]}}],"collection":[{"href":"https:\/\/shop.bantam.ch\/fr\/wp-json\/wp\/v2\/product"}],"about":[{"href":"https:\/\/shop.bantam.ch\/fr\/wp-json\/wp\/v2\/types\/product"}],"wp:featuredmedia":[{"embeddable":true,"href":"https:\/\/shop.bantam.ch\/fr\/wp-json\/wp\/v2\/media\/64749"}],"wp:attachment":[{"href":"https:\/\/shop.bantam.ch\/fr\/wp-json\/wp\/v2\/media?parent=64751"}],"wp:term":[{"taxonomy":"product_featured_cat","embeddable":true,"href":"https:\/\/shop.bantam.ch\/fr\/wp-json\/wp\/v2\/product_featured_cat?post=64751"},{"taxonomy":"product_brand","embeddable":true,"href":"https:\/\/shop.bantam.ch\/fr\/wp-json\/wp\/v2\/product_brand?post=64751"},{"taxonomy":"product_cat","embeddable":true,"href":"https:\/\/shop.bantam.ch\/fr\/wp-json\/wp\/v2\/product_cat?post=64751"},{"taxonomy":"product_tag","embeddable":true,"href":"https:\/\/shop.bantam.ch\/fr\/wp-json\/wp\/v2\/product_tag?post=64751"}],"curies":[{"name":"wp","href":"https:\/\/api.w.org\/{rel}","templated":true}]}}