{"id":64689,"date":"2023-02-27T19:08:31","date_gmt":"2023-02-27T18:08:31","guid":{"rendered":"http:\/\/shop.bantam.ch\/produit\/isolation-de-pare-brise-universelle-pour-camping-car\/"},"modified":"2026-04-17T21:54:32","modified_gmt":"2026-04-17T19:54:32","slug":"isolation-de-pare-brise-universelle-pour-camping-car","status":"publish","type":"product","link":"https:\/\/shop.bantam.ch\/fr\/produit\/isolation-de-pare-brise-universelle-pour-camping-car\/","title":{"rendered":"Isolation de pare-brise universelle pour camping-car"},"content":{"rendered":"<p>Un tendeur en caoutchouc interne le long du bord sup\u00e9rieur assure une \u00e9tanch\u00e9it\u00e9 parfaite et permet une fixation rapide. 5 lani\u00e8res de serrage avec \u0153illets en plastique se trouvent le long du bord inf\u00e9rieur. En r\u00e8gle g\u00e9n\u00e9rale, les essuie-glaces peuvent \u00e9galement \u00eatre recouverts ou pos\u00e9s sur le tapis comme support suppl\u00e9mentaire. La livraison comprend diff\u00e9rents tendeurs en caoutchouc et un tendeur pour le canal le long du bord sup\u00e9rieur. Les tendeurs en caoutchouc peuvent \u00eatre raccourcis \u00e0 l&rsquo;aide de ciseaux si n\u00e9cessaire. Il est aussi possible de fixer les tendeurs en caoutchouc aux boutons-poussoirs LOXX (en option) dont les parties inf\u00e9rieures peuvent \u00eatre coll\u00e9es ou viss\u00e9es \u00e0 votre guise.<\/p>\n<p>Thermo-feuille sur les bords pour l&rsquo;isolation du pare-brise, aucune ouverture de l&rsquo;avant possible.<\/p>\n<p>\u00a0<\/p>\n<ul>\n<li>Poids\u00a0: 1,8 kg.<\/li>\n<\/ul>\n<p>\u00a0<\/p>\n","protected":false},"excerpt":{"rendered":"<p>Un tendeur en caoutchouc interne le long du bord sup\u00e9rieur assure une \u00e9tanch\u00e9it\u00e9 parfaite et permet une fixation rapide. 5 lani\u00e8res de serrage avec \u0153illets en plastique se trouvent le long du bord inf\u00e9rieur. En r\u00e8gle g\u00e9n\u00e9rale, les essuie-glaces peuvent \u00e9galement \u00eatre recouverts ou pos\u00e9s sur le tapis comme support suppl\u00e9mentaire. La livraison comprend diff\u00e9rents [&hellip;]<\/p>\n","protected":false},"featured_media":64673,"template":"","meta":{"_acf_changed":false},"product_featured_cat":[],"product_brand":[3040],"product_cat":[4641],"product_tag":[],"class_list":{"0":"post-64689","1":"product","2":"type-product","3":"status-publish","4":"has-post-thumbnail","6":"product_brand-hindermann","7":"product_cat-matelas-et-rideaux-thermiques","9":"first","10":"instock","11":"taxable","12":"shipping-taxable","13":"purchasable","14":"product-type-variable"},"acf":[],"yoast_head":"<!-- This site is optimized with the Yoast SEO plugin v27.4 - https:\/\/yoast.com\/product\/yoast-seo-wordpress\/ -->\n<title>Isolation de pare-brise universelle pour camping-car - Bantam Wankm\u00fcller SA<\/title>\n<meta name=\"robots\" content=\"index, follow, max-snippet:-1, max-image-preview:large, max-video-preview:-1\" \/>\n<link rel=\"canonical\" href=\"https:\/\/shop.bantam.ch\/fr\/produit\/isolation-de-pare-brise-universelle-pour-camping-car\/\" \/>\n<meta property=\"og:locale\" content=\"fr_FR\" \/>\n<meta property=\"og:type\" content=\"article\" \/>\n<meta property=\"og:title\" content=\"Isolation de pare-brise universelle pour camping-car - Bantam Wankm\u00fcller SA\" \/>\n<meta property=\"og:description\" content=\"Un tendeur en caoutchouc interne le long du bord sup\u00e9rieur assure une \u00e9tanch\u00e9it\u00e9 parfaite et permet une fixation rapide. 5 lani\u00e8res de serrage avec \u0153illets en plastique se trouvent le long du bord inf\u00e9rieur. En r\u00e8gle g\u00e9n\u00e9rale, les essuie-glaces peuvent \u00e9galement \u00eatre recouverts ou pos\u00e9s sur le tapis comme support suppl\u00e9mentaire. La livraison comprend diff\u00e9rents [&hellip;]\" \/>\n<meta property=\"og:url\" content=\"https:\/\/shop.bantam.ch\/fr\/produit\/isolation-de-pare-brise-universelle-pour-camping-car\/\" \/>\n<meta property=\"og:site_name\" content=\"Bantam Wankm\u00fcller SA\" \/>\n<meta property=\"article:modified_time\" content=\"2026-04-17T19:54:32+00:00\" \/>\n<meta property=\"og:image\" content=\"https:\/\/shop.bantam.ch\/wp-content\/uploads\/2023\/02\/994090911.jpg\" \/>\n\t<meta property=\"og:image:width\" content=\"1500\" \/>\n\t<meta property=\"og:image:height\" content=\"999\" \/>\n\t<meta property=\"og:image:type\" content=\"image\/jpeg\" \/>\n<meta name=\"twitter:card\" content=\"summary_large_image\" \/>\n<meta name=\"twitter:label1\" content=\"Dur\u00e9e de lecture estim\u00e9e\" \/>\n\t<meta name=\"twitter:data1\" content=\"1 minute\" \/>\n<script type=\"application\/ld+json\" class=\"yoast-schema-graph\">{\"@context\":\"https:\\\/\\\/schema.org\",\"@graph\":[{\"@type\":\"WebPage\",\"@id\":\"https:\\\/\\\/shop.bantam.ch\\\/fr\\\/produit\\\/isolation-de-pare-brise-universelle-pour-camping-car\\\/\",\"url\":\"https:\\\/\\\/shop.bantam.ch\\\/fr\\\/produit\\\/isolation-de-pare-brise-universelle-pour-camping-car\\\/\",\"name\":\"Isolation de pare-brise universelle pour camping-car - Bantam Wankm\u00fcller SA\",\"isPartOf\":{\"@id\":\"https:\\\/\\\/shop.bantam.ch\\\/fr\\\/#website\"},\"primaryImageOfPage\":{\"@id\":\"https:\\\/\\\/shop.bantam.ch\\\/fr\\\/produit\\\/isolation-de-pare-brise-universelle-pour-camping-car\\\/#primaryimage\"},\"image\":{\"@id\":\"https:\\\/\\\/shop.bantam.ch\\\/fr\\\/produit\\\/isolation-de-pare-brise-universelle-pour-camping-car\\\/#primaryimage\"},\"thumbnailUrl\":\"https:\\\/\\\/shop.bantam.ch\\\/wp-content\\\/uploads\\\/2023\\\/02\\\/994090911.jpg\",\"datePublished\":\"2023-02-27T18:08:31+00:00\",\"dateModified\":\"2026-04-17T19:54:32+00:00\",\"breadcrumb\":{\"@id\":\"https:\\\/\\\/shop.bantam.ch\\\/fr\\\/produit\\\/isolation-de-pare-brise-universelle-pour-camping-car\\\/#breadcrumb\"},\"inLanguage\":\"fr-FR\",\"potentialAction\":[{\"@type\":\"ReadAction\",\"target\":[\"https:\\\/\\\/shop.bantam.ch\\\/fr\\\/produit\\\/isolation-de-pare-brise-universelle-pour-camping-car\\\/\"]}]},{\"@type\":\"ImageObject\",\"inLanguage\":\"fr-FR\",\"@id\":\"https:\\\/\\\/shop.bantam.ch\\\/fr\\\/produit\\\/isolation-de-pare-brise-universelle-pour-camping-car\\\/#primaryimage\",\"url\":\"https:\\\/\\\/shop.bantam.ch\\\/wp-content\\\/uploads\\\/2023\\\/02\\\/994090911.jpg\",\"contentUrl\":\"https:\\\/\\\/shop.bantam.ch\\\/wp-content\\\/uploads\\\/2023\\\/02\\\/994090911.jpg\",\"width\":1500,\"height\":999},{\"@type\":\"BreadcrumbList\",\"@id\":\"https:\\\/\\\/shop.bantam.ch\\\/fr\\\/produit\\\/isolation-de-pare-brise-universelle-pour-camping-car\\\/#breadcrumb\",\"itemListElement\":[{\"@type\":\"ListItem\",\"position\":1,\"name\":\"Accueil\",\"item\":\"https:\\\/\\\/shop.bantam.ch\\\/fr\\\/\"},{\"@type\":\"ListItem\",\"position\":2,\"name\":\"Boutique\",\"item\":\"https:\\\/\\\/shop.bantam.ch\\\/fr\\\/boutique\\\/\"},{\"@type\":\"ListItem\",\"position\":3,\"name\":\"Isolation de pare-brise universelle pour camping-car\"}]},{\"@type\":\"WebSite\",\"@id\":\"https:\\\/\\\/shop.bantam.ch\\\/fr\\\/#website\",\"url\":\"https:\\\/\\\/shop.bantam.ch\\\/fr\\\/\",\"name\":\"Bantam Wankm\u00fcller SA\",\"description\":\"\",\"publisher\":{\"@id\":\"https:\\\/\\\/shop.bantam.ch\\\/fr\\\/#organization\"},\"inLanguage\":\"fr-FR\"},{\"@type\":\"Organization\",\"@id\":\"https:\\\/\\\/shop.bantam.ch\\\/fr\\\/#organization\",\"name\":\"Bantam Wankm\u00fcller SA\",\"url\":\"https:\\\/\\\/shop.bantam.ch\\\/fr\\\/\",\"logo\":{\"@type\":\"ImageObject\",\"inLanguage\":\"fr-FR\",\"@id\":\"https:\\\/\\\/shop.bantam.ch\\\/fr\\\/#\\\/schema\\\/logo\\\/image\\\/\",\"url\":\"https:\\\/\\\/shop.bantam.ch\\\/wp-content\\\/uploads\\\/2022\\\/12\\\/bantam-logo.png\",\"contentUrl\":\"https:\\\/\\\/shop.bantam.ch\\\/wp-content\\\/uploads\\\/2022\\\/12\\\/bantam-logo.png\",\"width\":320,\"height\":71,\"caption\":\"Bantam Wankm\u00fcller SA\"},\"image\":{\"@id\":\"https:\\\/\\\/shop.bantam.ch\\\/fr\\\/#\\\/schema\\\/logo\\\/image\\\/\"}}]}<\/script>\n<!-- \/ Yoast SEO plugin. -->","yoast_head_json":{"title":"Isolation de pare-brise universelle pour camping-car - Bantam Wankm\u00fcller SA","robots":{"index":"index","follow":"follow","max-snippet":"max-snippet:-1","max-image-preview":"max-image-preview:large","max-video-preview":"max-video-preview:-1"},"canonical":"https:\/\/shop.bantam.ch\/fr\/produit\/isolation-de-pare-brise-universelle-pour-camping-car\/","og_locale":"fr_FR","og_type":"article","og_title":"Isolation de pare-brise universelle pour camping-car - Bantam Wankm\u00fcller SA","og_description":"Un tendeur en caoutchouc interne le long du bord sup\u00e9rieur assure une \u00e9tanch\u00e9it\u00e9 parfaite et permet une fixation rapide. 5 lani\u00e8res de serrage avec \u0153illets en plastique se trouvent le long du bord inf\u00e9rieur. En r\u00e8gle g\u00e9n\u00e9rale, les essuie-glaces peuvent \u00e9galement \u00eatre recouverts ou pos\u00e9s sur le tapis comme support suppl\u00e9mentaire. La livraison comprend diff\u00e9rents [&hellip;]","og_url":"https:\/\/shop.bantam.ch\/fr\/produit\/isolation-de-pare-brise-universelle-pour-camping-car\/","og_site_name":"Bantam Wankm\u00fcller SA","article_modified_time":"2026-04-17T19:54:32+00:00","og_image":[{"width":1500,"height":999,"url":"https:\/\/shop.bantam.ch\/wp-content\/uploads\/2023\/02\/994090911.jpg","type":"image\/jpeg"}],"twitter_card":"summary_large_image","twitter_misc":{"Dur\u00e9e de lecture estim\u00e9e":"1 minute"},"schema":{"@context":"https:\/\/schema.org","@graph":[{"@type":"WebPage","@id":"https:\/\/shop.bantam.ch\/fr\/produit\/isolation-de-pare-brise-universelle-pour-camping-car\/","url":"https:\/\/shop.bantam.ch\/fr\/produit\/isolation-de-pare-brise-universelle-pour-camping-car\/","name":"Isolation de pare-brise universelle pour camping-car - Bantam Wankm\u00fcller SA","isPartOf":{"@id":"https:\/\/shop.bantam.ch\/fr\/#website"},"primaryImageOfPage":{"@id":"https:\/\/shop.bantam.ch\/fr\/produit\/isolation-de-pare-brise-universelle-pour-camping-car\/#primaryimage"},"image":{"@id":"https:\/\/shop.bantam.ch\/fr\/produit\/isolation-de-pare-brise-universelle-pour-camping-car\/#primaryimage"},"thumbnailUrl":"https:\/\/shop.bantam.ch\/wp-content\/uploads\/2023\/02\/994090911.jpg","datePublished":"2023-02-27T18:08:31+00:00","dateModified":"2026-04-17T19:54:32+00:00","breadcrumb":{"@id":"https:\/\/shop.bantam.ch\/fr\/produit\/isolation-de-pare-brise-universelle-pour-camping-car\/#breadcrumb"},"inLanguage":"fr-FR","potentialAction":[{"@type":"ReadAction","target":["https:\/\/shop.bantam.ch\/fr\/produit\/isolation-de-pare-brise-universelle-pour-camping-car\/"]}]},{"@type":"ImageObject","inLanguage":"fr-FR","@id":"https:\/\/shop.bantam.ch\/fr\/produit\/isolation-de-pare-brise-universelle-pour-camping-car\/#primaryimage","url":"https:\/\/shop.bantam.ch\/wp-content\/uploads\/2023\/02\/994090911.jpg","contentUrl":"https:\/\/shop.bantam.ch\/wp-content\/uploads\/2023\/02\/994090911.jpg","width":1500,"height":999},{"@type":"BreadcrumbList","@id":"https:\/\/shop.bantam.ch\/fr\/produit\/isolation-de-pare-brise-universelle-pour-camping-car\/#breadcrumb","itemListElement":[{"@type":"ListItem","position":1,"name":"Accueil","item":"https:\/\/shop.bantam.ch\/fr\/"},{"@type":"ListItem","position":2,"name":"Boutique","item":"https:\/\/shop.bantam.ch\/fr\/boutique\/"},{"@type":"ListItem","position":3,"name":"Isolation de pare-brise universelle pour camping-car"}]},{"@type":"WebSite","@id":"https:\/\/shop.bantam.ch\/fr\/#website","url":"https:\/\/shop.bantam.ch\/fr\/","name":"Bantam Wankm\u00fcller SA","description":"","publisher":{"@id":"https:\/\/shop.bantam.ch\/fr\/#organization"},"inLanguage":"fr-FR"},{"@type":"Organization","@id":"https:\/\/shop.bantam.ch\/fr\/#organization","name":"Bantam Wankm\u00fcller SA","url":"https:\/\/shop.bantam.ch\/fr\/","logo":{"@type":"ImageObject","inLanguage":"fr-FR","@id":"https:\/\/shop.bantam.ch\/fr\/#\/schema\/logo\/image\/","url":"https:\/\/shop.bantam.ch\/wp-content\/uploads\/2022\/12\/bantam-logo.png","contentUrl":"https:\/\/shop.bantam.ch\/wp-content\/uploads\/2022\/12\/bantam-logo.png","width":320,"height":71,"caption":"Bantam Wankm\u00fcller SA"},"image":{"@id":"https:\/\/shop.bantam.ch\/fr\/#\/schema\/logo\/image\/"}}]}},"_links":{"self":[{"href":"https:\/\/shop.bantam.ch\/fr\/wp-json\/wp\/v2\/product\/64689","targetHints":{"allow":["GET"]}}],"collection":[{"href":"https:\/\/shop.bantam.ch\/fr\/wp-json\/wp\/v2\/product"}],"about":[{"href":"https:\/\/shop.bantam.ch\/fr\/wp-json\/wp\/v2\/types\/product"}],"wp:featuredmedia":[{"embeddable":true,"href":"https:\/\/shop.bantam.ch\/fr\/wp-json\/wp\/v2\/media\/64673"}],"wp:attachment":[{"href":"https:\/\/shop.bantam.ch\/fr\/wp-json\/wp\/v2\/media?parent=64689"}],"wp:term":[{"taxonomy":"product_featured_cat","embeddable":true,"href":"https:\/\/shop.bantam.ch\/fr\/wp-json\/wp\/v2\/product_featured_cat?post=64689"},{"taxonomy":"product_brand","embeddable":true,"href":"https:\/\/shop.bantam.ch\/fr\/wp-json\/wp\/v2\/product_brand?post=64689"},{"taxonomy":"product_cat","embeddable":true,"href":"https:\/\/shop.bantam.ch\/fr\/wp-json\/wp\/v2\/product_cat?post=64689"},{"taxonomy":"product_tag","embeddable":true,"href":"https:\/\/shop.bantam.ch\/fr\/wp-json\/wp\/v2\/product_tag?post=64689"}],"curies":[{"name":"wp","href":"https:\/\/api.w.org\/{rel}","templated":true}]}}