{"id":64671,"date":"2023-02-27T19:08:22","date_gmt":"2023-02-27T18:08:22","guid":{"rendered":"http:\/\/shop.bantam.ch\/produit\/bouton-de-commande-one-touch-easy\/"},"modified":"2026-04-19T21:11:47","modified_gmt":"2026-04-19T19:11:47","slug":"bouton-de-commande-one-touch-easy","status":"publish","type":"product","link":"https:\/\/shop.bantam.ch\/fr\/produit\/bouton-de-commande-one-touch-easy\/","title":{"rendered":"Bouton de commande Alden One Touch Easy pour S.S.C. module de recherche HD"},"content":{"rendered":"<p>Une seule touche pour piloter le syst\u00e8me SAT\/TV Alden. Avec \u00abOne Touch Easy\u00bb, le syst\u00e8me TV SAT se laisse \u00e9teindre ou allumer sans aucun risque de mauvaise manipulation. Le bouton de commande intelligent est actionn\u00e9 ind\u00e9pendamment de tous les appareils. One Touch Easy peut \u00eatre install\u00e9 \u00e0 l\u2019emplacement le plus ad\u00e9quat et reli\u00e9 au module de commande S.S.C.\u00ae HD par un c\u00e2ble de raccordement de 5 m\u00e8tres. Module de commande HD raccord\u00e9. Deux possibilit\u00e9s de montage par fixation par l&rsquo;arri\u00e8re, ou \u00e0 l&rsquo;avant. <\/p>\n","protected":false},"excerpt":{"rendered":"<p>Une seule touche pour piloter le syst\u00e8me SAT\/TV Alden. Avec \u00abOne Touch Easy\u00bb, le syst\u00e8me TV SAT se laisse \u00e9teindre ou allumer sans aucun risque de mauvaise manipulation. Le bouton de commande intelligent est actionn\u00e9 ind\u00e9pendamment de tous les appareils. One Touch Easy peut \u00eatre install\u00e9 \u00e0 l\u2019emplacement le plus ad\u00e9quat et reli\u00e9 au module [&hellip;]<\/p>\n","protected":false},"featured_media":64669,"template":"","meta":{"_acf_changed":false},"product_featured_cat":[],"product_brand":[3076],"product_cat":[5015],"product_tag":[],"class_list":{"0":"post-64671","1":"product","2":"type-product","3":"status-publish","4":"has-post-thumbnail","6":"product_brand-alden","7":"product_cat-autres-accessoires-pour-installations-satellites","9":"first","10":"instock","11":"taxable","12":"shipping-taxable","13":"purchasable","14":"product-type-simple"},"acf":[],"yoast_head":"<!-- This site is optimized with the Yoast SEO plugin v27.4 - https:\/\/yoast.com\/product\/yoast-seo-wordpress\/ -->\n<title>Bouton de commande Alden One Touch Easy pour S.S.C. module de recherche HD - Bantam Wankm\u00fcller SA<\/title>\n<meta name=\"robots\" content=\"index, follow, max-snippet:-1, max-image-preview:large, max-video-preview:-1\" \/>\n<link rel=\"canonical\" href=\"https:\/\/shop.bantam.ch\/fr\/produit\/bouton-de-commande-one-touch-easy\/\" \/>\n<meta property=\"og:locale\" content=\"fr_FR\" \/>\n<meta property=\"og:type\" content=\"article\" \/>\n<meta property=\"og:title\" content=\"Bouton de commande Alden One Touch Easy pour S.S.C. module de recherche HD - Bantam Wankm\u00fcller SA\" \/>\n<meta property=\"og:description\" content=\"Une seule touche pour piloter le syst\u00e8me SAT\/TV Alden. Avec \u00abOne Touch Easy\u00bb, le syst\u00e8me TV SAT se laisse \u00e9teindre ou allumer sans aucun risque de mauvaise manipulation. Le bouton de commande intelligent est actionn\u00e9 ind\u00e9pendamment de tous les appareils. One Touch Easy peut \u00eatre install\u00e9 \u00e0 l\u2019emplacement le plus ad\u00e9quat et reli\u00e9 au module [&hellip;]\" \/>\n<meta property=\"og:url\" content=\"https:\/\/shop.bantam.ch\/fr\/produit\/bouton-de-commande-one-touch-easy\/\" \/>\n<meta property=\"og:site_name\" content=\"Bantam Wankm\u00fcller SA\" \/>\n<meta property=\"article:modified_time\" content=\"2026-04-19T19:11:47+00:00\" \/>\n<meta property=\"og:image\" content=\"https:\/\/shop.bantam.ch\/wp-content\/uploads\/2023\/02\/9951947-100-1-3.jpg\" \/>\n\t<meta property=\"og:image:width\" content=\"1000\" \/>\n\t<meta property=\"og:image:height\" content=\"763\" \/>\n\t<meta property=\"og:image:type\" content=\"image\/jpeg\" \/>\n<meta name=\"twitter:card\" content=\"summary_large_image\" \/>\n<script type=\"application\/ld+json\" class=\"yoast-schema-graph\">{\"@context\":\"https:\\\/\\\/schema.org\",\"@graph\":[{\"@type\":\"WebPage\",\"@id\":\"https:\\\/\\\/shop.bantam.ch\\\/fr\\\/produit\\\/bouton-de-commande-one-touch-easy\\\/\",\"url\":\"https:\\\/\\\/shop.bantam.ch\\\/fr\\\/produit\\\/bouton-de-commande-one-touch-easy\\\/\",\"name\":\"Bouton de commande Alden One Touch Easy pour S.S.C. module de recherche HD - Bantam Wankm\u00fcller SA\",\"isPartOf\":{\"@id\":\"https:\\\/\\\/shop.bantam.ch\\\/fr\\\/#website\"},\"primaryImageOfPage\":{\"@id\":\"https:\\\/\\\/shop.bantam.ch\\\/fr\\\/produit\\\/bouton-de-commande-one-touch-easy\\\/#primaryimage\"},\"image\":{\"@id\":\"https:\\\/\\\/shop.bantam.ch\\\/fr\\\/produit\\\/bouton-de-commande-one-touch-easy\\\/#primaryimage\"},\"thumbnailUrl\":\"https:\\\/\\\/shop.bantam.ch\\\/wp-content\\\/uploads\\\/2023\\\/02\\\/9951947-100-1-3.jpg\",\"datePublished\":\"2023-02-27T18:08:22+00:00\",\"dateModified\":\"2026-04-19T19:11:47+00:00\",\"breadcrumb\":{\"@id\":\"https:\\\/\\\/shop.bantam.ch\\\/fr\\\/produit\\\/bouton-de-commande-one-touch-easy\\\/#breadcrumb\"},\"inLanguage\":\"fr-FR\",\"potentialAction\":[{\"@type\":\"ReadAction\",\"target\":[\"https:\\\/\\\/shop.bantam.ch\\\/fr\\\/produit\\\/bouton-de-commande-one-touch-easy\\\/\"]}]},{\"@type\":\"ImageObject\",\"inLanguage\":\"fr-FR\",\"@id\":\"https:\\\/\\\/shop.bantam.ch\\\/fr\\\/produit\\\/bouton-de-commande-one-touch-easy\\\/#primaryimage\",\"url\":\"https:\\\/\\\/shop.bantam.ch\\\/wp-content\\\/uploads\\\/2023\\\/02\\\/9951947-100-1-3.jpg\",\"contentUrl\":\"https:\\\/\\\/shop.bantam.ch\\\/wp-content\\\/uploads\\\/2023\\\/02\\\/9951947-100-1-3.jpg\",\"width\":1000,\"height\":763},{\"@type\":\"BreadcrumbList\",\"@id\":\"https:\\\/\\\/shop.bantam.ch\\\/fr\\\/produit\\\/bouton-de-commande-one-touch-easy\\\/#breadcrumb\",\"itemListElement\":[{\"@type\":\"ListItem\",\"position\":1,\"name\":\"Accueil\",\"item\":\"https:\\\/\\\/shop.bantam.ch\\\/fr\\\/\"},{\"@type\":\"ListItem\",\"position\":2,\"name\":\"Boutique\",\"item\":\"https:\\\/\\\/shop.bantam.ch\\\/fr\\\/boutique\\\/\"},{\"@type\":\"ListItem\",\"position\":3,\"name\":\"Bouton de commande Alden One Touch Easy pour S.S.C. module de recherche HD\"}]},{\"@type\":\"WebSite\",\"@id\":\"https:\\\/\\\/shop.bantam.ch\\\/fr\\\/#website\",\"url\":\"https:\\\/\\\/shop.bantam.ch\\\/fr\\\/\",\"name\":\"Bantam Wankm\u00fcller SA\",\"description\":\"\",\"publisher\":{\"@id\":\"https:\\\/\\\/shop.bantam.ch\\\/fr\\\/#organization\"},\"inLanguage\":\"fr-FR\"},{\"@type\":\"Organization\",\"@id\":\"https:\\\/\\\/shop.bantam.ch\\\/fr\\\/#organization\",\"name\":\"Bantam Wankm\u00fcller SA\",\"url\":\"https:\\\/\\\/shop.bantam.ch\\\/fr\\\/\",\"logo\":{\"@type\":\"ImageObject\",\"inLanguage\":\"fr-FR\",\"@id\":\"https:\\\/\\\/shop.bantam.ch\\\/fr\\\/#\\\/schema\\\/logo\\\/image\\\/\",\"url\":\"https:\\\/\\\/shop.bantam.ch\\\/wp-content\\\/uploads\\\/2022\\\/12\\\/bantam-logo.png\",\"contentUrl\":\"https:\\\/\\\/shop.bantam.ch\\\/wp-content\\\/uploads\\\/2022\\\/12\\\/bantam-logo.png\",\"width\":320,\"height\":71,\"caption\":\"Bantam Wankm\u00fcller SA\"},\"image\":{\"@id\":\"https:\\\/\\\/shop.bantam.ch\\\/fr\\\/#\\\/schema\\\/logo\\\/image\\\/\"}}]}<\/script>\n<!-- \/ Yoast SEO plugin. -->","yoast_head_json":{"title":"Bouton de commande Alden One Touch Easy pour S.S.C. module de recherche HD - Bantam Wankm\u00fcller SA","robots":{"index":"index","follow":"follow","max-snippet":"max-snippet:-1","max-image-preview":"max-image-preview:large","max-video-preview":"max-video-preview:-1"},"canonical":"https:\/\/shop.bantam.ch\/fr\/produit\/bouton-de-commande-one-touch-easy\/","og_locale":"fr_FR","og_type":"article","og_title":"Bouton de commande Alden One Touch Easy pour S.S.C. module de recherche HD - Bantam Wankm\u00fcller SA","og_description":"Une seule touche pour piloter le syst\u00e8me SAT\/TV Alden. Avec \u00abOne Touch Easy\u00bb, le syst\u00e8me TV SAT se laisse \u00e9teindre ou allumer sans aucun risque de mauvaise manipulation. Le bouton de commande intelligent est actionn\u00e9 ind\u00e9pendamment de tous les appareils. One Touch Easy peut \u00eatre install\u00e9 \u00e0 l\u2019emplacement le plus ad\u00e9quat et reli\u00e9 au module [&hellip;]","og_url":"https:\/\/shop.bantam.ch\/fr\/produit\/bouton-de-commande-one-touch-easy\/","og_site_name":"Bantam Wankm\u00fcller SA","article_modified_time":"2026-04-19T19:11:47+00:00","og_image":[{"width":1000,"height":763,"url":"https:\/\/shop.bantam.ch\/wp-content\/uploads\/2023\/02\/9951947-100-1-3.jpg","type":"image\/jpeg"}],"twitter_card":"summary_large_image","schema":{"@context":"https:\/\/schema.org","@graph":[{"@type":"WebPage","@id":"https:\/\/shop.bantam.ch\/fr\/produit\/bouton-de-commande-one-touch-easy\/","url":"https:\/\/shop.bantam.ch\/fr\/produit\/bouton-de-commande-one-touch-easy\/","name":"Bouton de commande Alden One Touch Easy pour S.S.C. module de recherche HD - Bantam Wankm\u00fcller SA","isPartOf":{"@id":"https:\/\/shop.bantam.ch\/fr\/#website"},"primaryImageOfPage":{"@id":"https:\/\/shop.bantam.ch\/fr\/produit\/bouton-de-commande-one-touch-easy\/#primaryimage"},"image":{"@id":"https:\/\/shop.bantam.ch\/fr\/produit\/bouton-de-commande-one-touch-easy\/#primaryimage"},"thumbnailUrl":"https:\/\/shop.bantam.ch\/wp-content\/uploads\/2023\/02\/9951947-100-1-3.jpg","datePublished":"2023-02-27T18:08:22+00:00","dateModified":"2026-04-19T19:11:47+00:00","breadcrumb":{"@id":"https:\/\/shop.bantam.ch\/fr\/produit\/bouton-de-commande-one-touch-easy\/#breadcrumb"},"inLanguage":"fr-FR","potentialAction":[{"@type":"ReadAction","target":["https:\/\/shop.bantam.ch\/fr\/produit\/bouton-de-commande-one-touch-easy\/"]}]},{"@type":"ImageObject","inLanguage":"fr-FR","@id":"https:\/\/shop.bantam.ch\/fr\/produit\/bouton-de-commande-one-touch-easy\/#primaryimage","url":"https:\/\/shop.bantam.ch\/wp-content\/uploads\/2023\/02\/9951947-100-1-3.jpg","contentUrl":"https:\/\/shop.bantam.ch\/wp-content\/uploads\/2023\/02\/9951947-100-1-3.jpg","width":1000,"height":763},{"@type":"BreadcrumbList","@id":"https:\/\/shop.bantam.ch\/fr\/produit\/bouton-de-commande-one-touch-easy\/#breadcrumb","itemListElement":[{"@type":"ListItem","position":1,"name":"Accueil","item":"https:\/\/shop.bantam.ch\/fr\/"},{"@type":"ListItem","position":2,"name":"Boutique","item":"https:\/\/shop.bantam.ch\/fr\/boutique\/"},{"@type":"ListItem","position":3,"name":"Bouton de commande Alden One Touch Easy pour S.S.C. module de recherche HD"}]},{"@type":"WebSite","@id":"https:\/\/shop.bantam.ch\/fr\/#website","url":"https:\/\/shop.bantam.ch\/fr\/","name":"Bantam Wankm\u00fcller SA","description":"","publisher":{"@id":"https:\/\/shop.bantam.ch\/fr\/#organization"},"inLanguage":"fr-FR"},{"@type":"Organization","@id":"https:\/\/shop.bantam.ch\/fr\/#organization","name":"Bantam Wankm\u00fcller SA","url":"https:\/\/shop.bantam.ch\/fr\/","logo":{"@type":"ImageObject","inLanguage":"fr-FR","@id":"https:\/\/shop.bantam.ch\/fr\/#\/schema\/logo\/image\/","url":"https:\/\/shop.bantam.ch\/wp-content\/uploads\/2022\/12\/bantam-logo.png","contentUrl":"https:\/\/shop.bantam.ch\/wp-content\/uploads\/2022\/12\/bantam-logo.png","width":320,"height":71,"caption":"Bantam Wankm\u00fcller SA"},"image":{"@id":"https:\/\/shop.bantam.ch\/fr\/#\/schema\/logo\/image\/"}}]}},"_links":{"self":[{"href":"https:\/\/shop.bantam.ch\/fr\/wp-json\/wp\/v2\/product\/64671","targetHints":{"allow":["GET"]}}],"collection":[{"href":"https:\/\/shop.bantam.ch\/fr\/wp-json\/wp\/v2\/product"}],"about":[{"href":"https:\/\/shop.bantam.ch\/fr\/wp-json\/wp\/v2\/types\/product"}],"wp:featuredmedia":[{"embeddable":true,"href":"https:\/\/shop.bantam.ch\/fr\/wp-json\/wp\/v2\/media\/64669"}],"wp:attachment":[{"href":"https:\/\/shop.bantam.ch\/fr\/wp-json\/wp\/v2\/media?parent=64671"}],"wp:term":[{"taxonomy":"product_featured_cat","embeddable":true,"href":"https:\/\/shop.bantam.ch\/fr\/wp-json\/wp\/v2\/product_featured_cat?post=64671"},{"taxonomy":"product_brand","embeddable":true,"href":"https:\/\/shop.bantam.ch\/fr\/wp-json\/wp\/v2\/product_brand?post=64671"},{"taxonomy":"product_cat","embeddable":true,"href":"https:\/\/shop.bantam.ch\/fr\/wp-json\/wp\/v2\/product_cat?post=64671"},{"taxonomy":"product_tag","embeddable":true,"href":"https:\/\/shop.bantam.ch\/fr\/wp-json\/wp\/v2\/product_tag?post=64671"}],"curies":[{"name":"wp","href":"https:\/\/api.w.org\/{rel}","templated":true}]}}