{"id":64615,"date":"2023-02-27T19:07:06","date_gmt":"2023-02-27T18:07:06","guid":{"rendered":"http:\/\/shop.bantam.ch\/produit\/bol-a-cereales-mix-and-match-diam-144-cm-bleu-blanc\/"},"modified":"2026-04-19T21:11:39","modified_gmt":"2026-04-19T19:11:39","slug":"bol-a-cereales-mix-and-match-diam-144-cm-bleu-blanc","status":"publish","type":"product","link":"https:\/\/shop.bantam.ch\/fr\/produit\/bol-a-cereales-mix-and-match-diam-144-cm-bleu-blanc\/","title":{"rendered":"Bol \u00e0 c\u00e9r\u00e9ales m\u00e9lamin\u00e9 Rosti Mepal Mix and Match Diam. 14,4 cm bleu\/blanc"},"content":{"rendered":"<p>Un m\u00e9lange d\u2019\u00e9l\u00e9gance et d fonctionnalit\u00e9, voil\u00e0 le secret de la vaisselle Rosti Mepal. Vaisselle en plastique de haute qualit\u00e9, non seulement r\u00e9sistante \u00e0 la chaleur, mais aussi robuste, inrayable et l\u00e9g\u00e8re. Cette vaisselle est donc id\u00e9ale pour manger \u00e0 l&rsquo;ext\u00e9rieur, en bateau ou en camping.<\/p>\n","protected":false},"excerpt":{"rendered":"<p>Un m\u00e9lange d\u2019\u00e9l\u00e9gance et d fonctionnalit\u00e9, voil\u00e0 le secret de la vaisselle Rosti Mepal. Vaisselle en plastique de haute qualit\u00e9, non seulement r\u00e9sistante \u00e0 la chaleur, mais aussi robuste, inrayable et l\u00e9g\u00e8re. Cette vaisselle est donc id\u00e9ale pour manger \u00e0 l&rsquo;ext\u00e9rieur, en bateau ou en camping.<\/p>\n","protected":false},"featured_media":64613,"template":"","meta":{"_acf_changed":false},"product_featured_cat":[5319],"product_brand":[3326],"product_cat":[4275],"product_tag":[],"class_list":{"0":"post-64615","1":"product","2":"type-product","3":"status-publish","4":"has-post-thumbnail","6":"product_featured_cat-offres-speciales-vaisselle","7":"product_brand-mepal","8":"product_cat-saladiers-et-bols","10":"first","11":"instock","12":"sale","13":"taxable","14":"shipping-taxable","15":"purchasable","16":"product-type-simple"},"acf":[],"yoast_head":"<!-- This site is optimized with the Yoast SEO plugin v27.4 - https:\/\/yoast.com\/product\/yoast-seo-wordpress\/ -->\n<title>Bol \u00e0 c\u00e9r\u00e9ales m\u00e9lamin\u00e9 Rosti Mepal Mix and Match Diam. 14,4 cm bleu\/blanc - Bantam Wankm\u00fcller SA<\/title>\n<meta name=\"robots\" content=\"index, follow, max-snippet:-1, max-image-preview:large, max-video-preview:-1\" \/>\n<link rel=\"canonical\" href=\"https:\/\/shop.bantam.ch\/fr\/produit\/bol-a-cereales-mix-and-match-diam-144-cm-bleu-blanc\/\" \/>\n<meta property=\"og:locale\" content=\"fr_FR\" \/>\n<meta property=\"og:type\" content=\"article\" \/>\n<meta property=\"og:title\" content=\"Bol \u00e0 c\u00e9r\u00e9ales m\u00e9lamin\u00e9 Rosti Mepal Mix and Match Diam. 14,4 cm bleu\/blanc - Bantam Wankm\u00fcller SA\" \/>\n<meta property=\"og:description\" content=\"Un m\u00e9lange d\u2019\u00e9l\u00e9gance et d fonctionnalit\u00e9, voil\u00e0 le secret de la vaisselle Rosti Mepal. Vaisselle en plastique de haute qualit\u00e9, non seulement r\u00e9sistante \u00e0 la chaleur, mais aussi robuste, inrayable et l\u00e9g\u00e8re. Cette vaisselle est donc id\u00e9ale pour manger \u00e0 l&rsquo;ext\u00e9rieur, en bateau ou en camping.\" \/>\n<meta property=\"og:url\" content=\"https:\/\/shop.bantam.ch\/fr\/produit\/bol-a-cereales-mix-and-match-diam-144-cm-bleu-blanc\/\" \/>\n<meta property=\"og:site_name\" content=\"Bantam Wankm\u00fcller SA\" \/>\n<meta property=\"article:modified_time\" content=\"2026-04-19T19:11:39+00:00\" \/>\n<meta property=\"og:image\" content=\"https:\/\/shop.bantam.ch\/wp-content\/uploads\/2023\/02\/9951526-100-1-3.jpg\" \/>\n\t<meta property=\"og:image:width\" content=\"991\" \/>\n\t<meta property=\"og:image:height\" content=\"1000\" \/>\n\t<meta property=\"og:image:type\" content=\"image\/jpeg\" \/>\n<meta name=\"twitter:card\" content=\"summary_large_image\" \/>\n<script type=\"application\/ld+json\" class=\"yoast-schema-graph\">{\"@context\":\"https:\\\/\\\/schema.org\",\"@graph\":[{\"@type\":\"WebPage\",\"@id\":\"https:\\\/\\\/shop.bantam.ch\\\/fr\\\/produit\\\/bol-a-cereales-mix-and-match-diam-144-cm-bleu-blanc\\\/\",\"url\":\"https:\\\/\\\/shop.bantam.ch\\\/fr\\\/produit\\\/bol-a-cereales-mix-and-match-diam-144-cm-bleu-blanc\\\/\",\"name\":\"Bol \u00e0 c\u00e9r\u00e9ales m\u00e9lamin\u00e9 Rosti Mepal Mix and Match Diam. 14,4 cm bleu\\\/blanc - Bantam Wankm\u00fcller SA\",\"isPartOf\":{\"@id\":\"https:\\\/\\\/shop.bantam.ch\\\/fr\\\/#website\"},\"primaryImageOfPage\":{\"@id\":\"https:\\\/\\\/shop.bantam.ch\\\/fr\\\/produit\\\/bol-a-cereales-mix-and-match-diam-144-cm-bleu-blanc\\\/#primaryimage\"},\"image\":{\"@id\":\"https:\\\/\\\/shop.bantam.ch\\\/fr\\\/produit\\\/bol-a-cereales-mix-and-match-diam-144-cm-bleu-blanc\\\/#primaryimage\"},\"thumbnailUrl\":\"https:\\\/\\\/shop.bantam.ch\\\/wp-content\\\/uploads\\\/2023\\\/02\\\/9951526-100-1-3.jpg\",\"datePublished\":\"2023-02-27T18:07:06+00:00\",\"dateModified\":\"2026-04-19T19:11:39+00:00\",\"breadcrumb\":{\"@id\":\"https:\\\/\\\/shop.bantam.ch\\\/fr\\\/produit\\\/bol-a-cereales-mix-and-match-diam-144-cm-bleu-blanc\\\/#breadcrumb\"},\"inLanguage\":\"fr-FR\",\"potentialAction\":[{\"@type\":\"ReadAction\",\"target\":[\"https:\\\/\\\/shop.bantam.ch\\\/fr\\\/produit\\\/bol-a-cereales-mix-and-match-diam-144-cm-bleu-blanc\\\/\"]}]},{\"@type\":\"ImageObject\",\"inLanguage\":\"fr-FR\",\"@id\":\"https:\\\/\\\/shop.bantam.ch\\\/fr\\\/produit\\\/bol-a-cereales-mix-and-match-diam-144-cm-bleu-blanc\\\/#primaryimage\",\"url\":\"https:\\\/\\\/shop.bantam.ch\\\/wp-content\\\/uploads\\\/2023\\\/02\\\/9951526-100-1-3.jpg\",\"contentUrl\":\"https:\\\/\\\/shop.bantam.ch\\\/wp-content\\\/uploads\\\/2023\\\/02\\\/9951526-100-1-3.jpg\",\"width\":991,\"height\":1000},{\"@type\":\"BreadcrumbList\",\"@id\":\"https:\\\/\\\/shop.bantam.ch\\\/fr\\\/produit\\\/bol-a-cereales-mix-and-match-diam-144-cm-bleu-blanc\\\/#breadcrumb\",\"itemListElement\":[{\"@type\":\"ListItem\",\"position\":1,\"name\":\"Accueil\",\"item\":\"https:\\\/\\\/shop.bantam.ch\\\/fr\\\/\"},{\"@type\":\"ListItem\",\"position\":2,\"name\":\"Boutique\",\"item\":\"https:\\\/\\\/shop.bantam.ch\\\/fr\\\/boutique\\\/\"},{\"@type\":\"ListItem\",\"position\":3,\"name\":\"Bol \u00e0 c\u00e9r\u00e9ales m\u00e9lamin\u00e9 Rosti Mepal Mix and Match Diam. 14,4 cm bleu\\\/blanc\"}]},{\"@type\":\"WebSite\",\"@id\":\"https:\\\/\\\/shop.bantam.ch\\\/fr\\\/#website\",\"url\":\"https:\\\/\\\/shop.bantam.ch\\\/fr\\\/\",\"name\":\"Bantam Wankm\u00fcller SA\",\"description\":\"\",\"publisher\":{\"@id\":\"https:\\\/\\\/shop.bantam.ch\\\/fr\\\/#organization\"},\"inLanguage\":\"fr-FR\"},{\"@type\":\"Organization\",\"@id\":\"https:\\\/\\\/shop.bantam.ch\\\/fr\\\/#organization\",\"name\":\"Bantam Wankm\u00fcller SA\",\"url\":\"https:\\\/\\\/shop.bantam.ch\\\/fr\\\/\",\"logo\":{\"@type\":\"ImageObject\",\"inLanguage\":\"fr-FR\",\"@id\":\"https:\\\/\\\/shop.bantam.ch\\\/fr\\\/#\\\/schema\\\/logo\\\/image\\\/\",\"url\":\"https:\\\/\\\/shop.bantam.ch\\\/wp-content\\\/uploads\\\/2022\\\/12\\\/bantam-logo.png\",\"contentUrl\":\"https:\\\/\\\/shop.bantam.ch\\\/wp-content\\\/uploads\\\/2022\\\/12\\\/bantam-logo.png\",\"width\":320,\"height\":71,\"caption\":\"Bantam Wankm\u00fcller SA\"},\"image\":{\"@id\":\"https:\\\/\\\/shop.bantam.ch\\\/fr\\\/#\\\/schema\\\/logo\\\/image\\\/\"}}]}<\/script>\n<!-- \/ Yoast SEO plugin. -->","yoast_head_json":{"title":"Bol \u00e0 c\u00e9r\u00e9ales m\u00e9lamin\u00e9 Rosti Mepal Mix and Match Diam. 14,4 cm bleu\/blanc - Bantam Wankm\u00fcller SA","robots":{"index":"index","follow":"follow","max-snippet":"max-snippet:-1","max-image-preview":"max-image-preview:large","max-video-preview":"max-video-preview:-1"},"canonical":"https:\/\/shop.bantam.ch\/fr\/produit\/bol-a-cereales-mix-and-match-diam-144-cm-bleu-blanc\/","og_locale":"fr_FR","og_type":"article","og_title":"Bol \u00e0 c\u00e9r\u00e9ales m\u00e9lamin\u00e9 Rosti Mepal Mix and Match Diam. 14,4 cm bleu\/blanc - Bantam Wankm\u00fcller SA","og_description":"Un m\u00e9lange d\u2019\u00e9l\u00e9gance et d fonctionnalit\u00e9, voil\u00e0 le secret de la vaisselle Rosti Mepal. Vaisselle en plastique de haute qualit\u00e9, non seulement r\u00e9sistante \u00e0 la chaleur, mais aussi robuste, inrayable et l\u00e9g\u00e8re. Cette vaisselle est donc id\u00e9ale pour manger \u00e0 l&rsquo;ext\u00e9rieur, en bateau ou en camping.","og_url":"https:\/\/shop.bantam.ch\/fr\/produit\/bol-a-cereales-mix-and-match-diam-144-cm-bleu-blanc\/","og_site_name":"Bantam Wankm\u00fcller SA","article_modified_time":"2026-04-19T19:11:39+00:00","og_image":[{"width":991,"height":1000,"url":"https:\/\/shop.bantam.ch\/wp-content\/uploads\/2023\/02\/9951526-100-1-3.jpg","type":"image\/jpeg"}],"twitter_card":"summary_large_image","schema":{"@context":"https:\/\/schema.org","@graph":[{"@type":"WebPage","@id":"https:\/\/shop.bantam.ch\/fr\/produit\/bol-a-cereales-mix-and-match-diam-144-cm-bleu-blanc\/","url":"https:\/\/shop.bantam.ch\/fr\/produit\/bol-a-cereales-mix-and-match-diam-144-cm-bleu-blanc\/","name":"Bol \u00e0 c\u00e9r\u00e9ales m\u00e9lamin\u00e9 Rosti Mepal Mix and Match Diam. 14,4 cm bleu\/blanc - Bantam Wankm\u00fcller SA","isPartOf":{"@id":"https:\/\/shop.bantam.ch\/fr\/#website"},"primaryImageOfPage":{"@id":"https:\/\/shop.bantam.ch\/fr\/produit\/bol-a-cereales-mix-and-match-diam-144-cm-bleu-blanc\/#primaryimage"},"image":{"@id":"https:\/\/shop.bantam.ch\/fr\/produit\/bol-a-cereales-mix-and-match-diam-144-cm-bleu-blanc\/#primaryimage"},"thumbnailUrl":"https:\/\/shop.bantam.ch\/wp-content\/uploads\/2023\/02\/9951526-100-1-3.jpg","datePublished":"2023-02-27T18:07:06+00:00","dateModified":"2026-04-19T19:11:39+00:00","breadcrumb":{"@id":"https:\/\/shop.bantam.ch\/fr\/produit\/bol-a-cereales-mix-and-match-diam-144-cm-bleu-blanc\/#breadcrumb"},"inLanguage":"fr-FR","potentialAction":[{"@type":"ReadAction","target":["https:\/\/shop.bantam.ch\/fr\/produit\/bol-a-cereales-mix-and-match-diam-144-cm-bleu-blanc\/"]}]},{"@type":"ImageObject","inLanguage":"fr-FR","@id":"https:\/\/shop.bantam.ch\/fr\/produit\/bol-a-cereales-mix-and-match-diam-144-cm-bleu-blanc\/#primaryimage","url":"https:\/\/shop.bantam.ch\/wp-content\/uploads\/2023\/02\/9951526-100-1-3.jpg","contentUrl":"https:\/\/shop.bantam.ch\/wp-content\/uploads\/2023\/02\/9951526-100-1-3.jpg","width":991,"height":1000},{"@type":"BreadcrumbList","@id":"https:\/\/shop.bantam.ch\/fr\/produit\/bol-a-cereales-mix-and-match-diam-144-cm-bleu-blanc\/#breadcrumb","itemListElement":[{"@type":"ListItem","position":1,"name":"Accueil","item":"https:\/\/shop.bantam.ch\/fr\/"},{"@type":"ListItem","position":2,"name":"Boutique","item":"https:\/\/shop.bantam.ch\/fr\/boutique\/"},{"@type":"ListItem","position":3,"name":"Bol \u00e0 c\u00e9r\u00e9ales m\u00e9lamin\u00e9 Rosti Mepal Mix and Match Diam. 14,4 cm bleu\/blanc"}]},{"@type":"WebSite","@id":"https:\/\/shop.bantam.ch\/fr\/#website","url":"https:\/\/shop.bantam.ch\/fr\/","name":"Bantam Wankm\u00fcller SA","description":"","publisher":{"@id":"https:\/\/shop.bantam.ch\/fr\/#organization"},"inLanguage":"fr-FR"},{"@type":"Organization","@id":"https:\/\/shop.bantam.ch\/fr\/#organization","name":"Bantam Wankm\u00fcller SA","url":"https:\/\/shop.bantam.ch\/fr\/","logo":{"@type":"ImageObject","inLanguage":"fr-FR","@id":"https:\/\/shop.bantam.ch\/fr\/#\/schema\/logo\/image\/","url":"https:\/\/shop.bantam.ch\/wp-content\/uploads\/2022\/12\/bantam-logo.png","contentUrl":"https:\/\/shop.bantam.ch\/wp-content\/uploads\/2022\/12\/bantam-logo.png","width":320,"height":71,"caption":"Bantam Wankm\u00fcller SA"},"image":{"@id":"https:\/\/shop.bantam.ch\/fr\/#\/schema\/logo\/image\/"}}]}},"_links":{"self":[{"href":"https:\/\/shop.bantam.ch\/fr\/wp-json\/wp\/v2\/product\/64615","targetHints":{"allow":["GET"]}}],"collection":[{"href":"https:\/\/shop.bantam.ch\/fr\/wp-json\/wp\/v2\/product"}],"about":[{"href":"https:\/\/shop.bantam.ch\/fr\/wp-json\/wp\/v2\/types\/product"}],"wp:featuredmedia":[{"embeddable":true,"href":"https:\/\/shop.bantam.ch\/fr\/wp-json\/wp\/v2\/media\/64613"}],"wp:attachment":[{"href":"https:\/\/shop.bantam.ch\/fr\/wp-json\/wp\/v2\/media?parent=64615"}],"wp:term":[{"taxonomy":"product_featured_cat","embeddable":true,"href":"https:\/\/shop.bantam.ch\/fr\/wp-json\/wp\/v2\/product_featured_cat?post=64615"},{"taxonomy":"product_brand","embeddable":true,"href":"https:\/\/shop.bantam.ch\/fr\/wp-json\/wp\/v2\/product_brand?post=64615"},{"taxonomy":"product_cat","embeddable":true,"href":"https:\/\/shop.bantam.ch\/fr\/wp-json\/wp\/v2\/product_cat?post=64615"},{"taxonomy":"product_tag","embeddable":true,"href":"https:\/\/shop.bantam.ch\/fr\/wp-json\/wp\/v2\/product_tag?post=64615"}],"curies":[{"name":"wp","href":"https:\/\/api.w.org\/{rel}","templated":true}]}}