{"id":64589,"date":"2023-02-27T19:06:37","date_gmt":"2023-02-27T18:06:37","guid":{"rendered":"http:\/\/shop.bantam.ch\/produit\/extincteur-pd-6-ga-avec-manometre\/"},"modified":"2026-04-19T21:11:32","modified_gmt":"2026-04-19T19:11:32","slug":"extincteur-pd-6-ga-avec-manometre","status":"publish","type":"product","link":"https:\/\/shop.bantam.ch\/fr\/produit\/extincteur-pd-6-ga-avec-manometre\/","title":{"rendered":"Extincteur Gloria PD 6 GA 6\u00a0kg avec manom\u00e8tre"},"content":{"rendered":"<p>Extincteur \u00e0 poudre portatif conforme \u00e0 la norme DIN EN 3 pour la classe de feu A, B, C Extincteur \u00e0 pression continue avec propulseur N2 et raccord pour levier de pression en t\u00f4le d&rsquo;acier de qualit\u00e9, laqu\u00e9e \u00e9poxy noir et rouge.<br \/>Corps de vanne en laiton durable et \u00e9prouv\u00e9 avec valve de contr\u00f4le et manom\u00e8tre.<br \/>Agent d&rsquo;extinction 6 kg, Poudre d&rsquo;extinction haute performance GLORIA ABC, R\u00e9cipient avec rev\u00eatement en r\u00e9sine polyester, rouge, RAL 3000, sans TGIC avec patte de suspension. Anneau de support en plastique avec support de pistolet d&rsquo;extinction.<\/p>\n<ul>\n<li>Inscription par s\u00e9rigraphie r\u00e9sistante<\/li>\n<li>Bilingue (Allemand\/Anglais)<\/li>\n<li>Marquage GS<\/li>\n<li>Peut \u00eatre utilis\u00e9 sur des syst\u00e8mes \u00e9lectriques jusqu&rsquo;\u00e0 1\u00a0000 volts<\/li>\n<li>Intervalle minimum : 1 m<\/li>\n<li>Plage de fonctionnement : -30 \u00b0 C \u00e0 + 60 \u00b0 C<\/li>\n<li>Classe de feu A : Capacit\u00e9 d\u2019extinction : 43 A = 12 LE <\/li>\n<li>Classe de feu B : Capacit\u00e9 d\u2019extinction : 233 B = 15<\/li>\n<li>Unit\u00e9s d&rsquo;extinction (LE) pour les classes d&rsquo;incendie A et B : 12 LE<\/li>\n<\/ul>\n<p>Contenu de la livraison :<br \/>Support mural avec deux suspensions et tampons en caoutchouc<br \/>Mode d&#8217;emploi et carte de r\u00e9ponse du service de maintenance joints<\/p>\n","protected":false},"excerpt":{"rendered":"<p>Extincteur \u00e0 poudre portatif conforme \u00e0 la norme DIN EN 3 pour la classe de feu A, B, C Extincteur \u00e0 pression continue avec propulseur N2 et raccord pour levier de pression en t\u00f4le d&rsquo;acier de qualit\u00e9, laqu\u00e9e \u00e9poxy noir et rouge.Corps de vanne en laiton durable et \u00e9prouv\u00e9 avec valve de contr\u00f4le et manom\u00e8tre.Agent [&hellip;]<\/p>\n","protected":false},"featured_media":64585,"template":"","meta":{"_acf_changed":false},"product_featured_cat":[],"product_brand":[3362],"product_cat":[4659],"product_tag":[],"class_list":{"0":"post-64589","1":"product","2":"type-product","3":"status-publish","4":"has-post-thumbnail","6":"product_brand-gloria","7":"product_cat-extincteurs","9":"first","10":"instock","11":"taxable","12":"shipping-taxable","13":"purchasable","14":"product-type-simple"},"acf":[],"yoast_head":"<!-- This site is optimized with the Yoast SEO plugin v27.4 - https:\/\/yoast.com\/product\/yoast-seo-wordpress\/ -->\n<title>Extincteur Gloria PD 6 GA 6\u00a0kg avec manom\u00e8tre - Bantam Wankm\u00fcller SA<\/title>\n<meta name=\"robots\" content=\"index, follow, max-snippet:-1, max-image-preview:large, max-video-preview:-1\" \/>\n<link rel=\"canonical\" href=\"https:\/\/shop.bantam.ch\/fr\/produit\/extincteur-pd-6-ga-avec-manometre\/\" \/>\n<meta property=\"og:locale\" content=\"fr_FR\" \/>\n<meta property=\"og:type\" content=\"article\" \/>\n<meta property=\"og:title\" content=\"Extincteur Gloria PD 6 GA 6\u00a0kg avec manom\u00e8tre - Bantam Wankm\u00fcller SA\" \/>\n<meta property=\"og:description\" content=\"Extincteur \u00e0 poudre portatif conforme \u00e0 la norme DIN EN 3 pour la classe de feu A, B, C Extincteur \u00e0 pression continue avec propulseur N2 et raccord pour levier de pression en t\u00f4le d&rsquo;acier de qualit\u00e9, laqu\u00e9e \u00e9poxy noir et rouge.Corps de vanne en laiton durable et \u00e9prouv\u00e9 avec valve de contr\u00f4le et manom\u00e8tre.Agent [&hellip;]\" \/>\n<meta property=\"og:url\" content=\"https:\/\/shop.bantam.ch\/fr\/produit\/extincteur-pd-6-ga-avec-manometre\/\" \/>\n<meta property=\"og:site_name\" content=\"Bantam Wankm\u00fcller SA\" \/>\n<meta property=\"article:modified_time\" content=\"2026-04-19T19:11:32+00:00\" \/>\n<meta property=\"og:image\" content=\"https:\/\/shop.bantam.ch\/wp-content\/uploads\/2023\/02\/9940777-100-1-3.jpg\" \/>\n\t<meta property=\"og:image:width\" content=\"667\" \/>\n\t<meta property=\"og:image:height\" content=\"1000\" \/>\n\t<meta property=\"og:image:type\" content=\"image\/jpeg\" \/>\n<meta name=\"twitter:card\" content=\"summary_large_image\" \/>\n<meta name=\"twitter:label1\" content=\"Dur\u00e9e de lecture estim\u00e9e\" \/>\n\t<meta name=\"twitter:data1\" content=\"1 minute\" \/>\n<script type=\"application\/ld+json\" class=\"yoast-schema-graph\">{\"@context\":\"https:\\\/\\\/schema.org\",\"@graph\":[{\"@type\":\"WebPage\",\"@id\":\"https:\\\/\\\/shop.bantam.ch\\\/fr\\\/produit\\\/extincteur-pd-6-ga-avec-manometre\\\/\",\"url\":\"https:\\\/\\\/shop.bantam.ch\\\/fr\\\/produit\\\/extincteur-pd-6-ga-avec-manometre\\\/\",\"name\":\"Extincteur Gloria PD 6 GA 6\u00a0kg avec manom\u00e8tre - Bantam Wankm\u00fcller SA\",\"isPartOf\":{\"@id\":\"https:\\\/\\\/shop.bantam.ch\\\/fr\\\/#website\"},\"primaryImageOfPage\":{\"@id\":\"https:\\\/\\\/shop.bantam.ch\\\/fr\\\/produit\\\/extincteur-pd-6-ga-avec-manometre\\\/#primaryimage\"},\"image\":{\"@id\":\"https:\\\/\\\/shop.bantam.ch\\\/fr\\\/produit\\\/extincteur-pd-6-ga-avec-manometre\\\/#primaryimage\"},\"thumbnailUrl\":\"https:\\\/\\\/shop.bantam.ch\\\/wp-content\\\/uploads\\\/2023\\\/02\\\/9940777-100-1-3.jpg\",\"datePublished\":\"2023-02-27T18:06:37+00:00\",\"dateModified\":\"2026-04-19T19:11:32+00:00\",\"breadcrumb\":{\"@id\":\"https:\\\/\\\/shop.bantam.ch\\\/fr\\\/produit\\\/extincteur-pd-6-ga-avec-manometre\\\/#breadcrumb\"},\"inLanguage\":\"fr-FR\",\"potentialAction\":[{\"@type\":\"ReadAction\",\"target\":[\"https:\\\/\\\/shop.bantam.ch\\\/fr\\\/produit\\\/extincteur-pd-6-ga-avec-manometre\\\/\"]}]},{\"@type\":\"ImageObject\",\"inLanguage\":\"fr-FR\",\"@id\":\"https:\\\/\\\/shop.bantam.ch\\\/fr\\\/produit\\\/extincteur-pd-6-ga-avec-manometre\\\/#primaryimage\",\"url\":\"https:\\\/\\\/shop.bantam.ch\\\/wp-content\\\/uploads\\\/2023\\\/02\\\/9940777-100-1-3.jpg\",\"contentUrl\":\"https:\\\/\\\/shop.bantam.ch\\\/wp-content\\\/uploads\\\/2023\\\/02\\\/9940777-100-1-3.jpg\",\"width\":667,\"height\":1000},{\"@type\":\"BreadcrumbList\",\"@id\":\"https:\\\/\\\/shop.bantam.ch\\\/fr\\\/produit\\\/extincteur-pd-6-ga-avec-manometre\\\/#breadcrumb\",\"itemListElement\":[{\"@type\":\"ListItem\",\"position\":1,\"name\":\"Accueil\",\"item\":\"https:\\\/\\\/shop.bantam.ch\\\/fr\\\/\"},{\"@type\":\"ListItem\",\"position\":2,\"name\":\"Boutique\",\"item\":\"https:\\\/\\\/shop.bantam.ch\\\/fr\\\/boutique\\\/\"},{\"@type\":\"ListItem\",\"position\":3,\"name\":\"Extincteur Gloria PD 6 GA 6\u00a0kg avec manom\u00e8tre\"}]},{\"@type\":\"WebSite\",\"@id\":\"https:\\\/\\\/shop.bantam.ch\\\/fr\\\/#website\",\"url\":\"https:\\\/\\\/shop.bantam.ch\\\/fr\\\/\",\"name\":\"Bantam Wankm\u00fcller SA\",\"description\":\"\",\"publisher\":{\"@id\":\"https:\\\/\\\/shop.bantam.ch\\\/fr\\\/#organization\"},\"inLanguage\":\"fr-FR\"},{\"@type\":\"Organization\",\"@id\":\"https:\\\/\\\/shop.bantam.ch\\\/fr\\\/#organization\",\"name\":\"Bantam Wankm\u00fcller SA\",\"url\":\"https:\\\/\\\/shop.bantam.ch\\\/fr\\\/\",\"logo\":{\"@type\":\"ImageObject\",\"inLanguage\":\"fr-FR\",\"@id\":\"https:\\\/\\\/shop.bantam.ch\\\/fr\\\/#\\\/schema\\\/logo\\\/image\\\/\",\"url\":\"https:\\\/\\\/shop.bantam.ch\\\/wp-content\\\/uploads\\\/2022\\\/12\\\/bantam-logo.png\",\"contentUrl\":\"https:\\\/\\\/shop.bantam.ch\\\/wp-content\\\/uploads\\\/2022\\\/12\\\/bantam-logo.png\",\"width\":320,\"height\":71,\"caption\":\"Bantam Wankm\u00fcller SA\"},\"image\":{\"@id\":\"https:\\\/\\\/shop.bantam.ch\\\/fr\\\/#\\\/schema\\\/logo\\\/image\\\/\"}}]}<\/script>\n<!-- \/ Yoast SEO plugin. -->","yoast_head_json":{"title":"Extincteur Gloria PD 6 GA 6\u00a0kg avec manom\u00e8tre - Bantam Wankm\u00fcller SA","robots":{"index":"index","follow":"follow","max-snippet":"max-snippet:-1","max-image-preview":"max-image-preview:large","max-video-preview":"max-video-preview:-1"},"canonical":"https:\/\/shop.bantam.ch\/fr\/produit\/extincteur-pd-6-ga-avec-manometre\/","og_locale":"fr_FR","og_type":"article","og_title":"Extincteur Gloria PD 6 GA 6\u00a0kg avec manom\u00e8tre - Bantam Wankm\u00fcller SA","og_description":"Extincteur \u00e0 poudre portatif conforme \u00e0 la norme DIN EN 3 pour la classe de feu A, B, C Extincteur \u00e0 pression continue avec propulseur N2 et raccord pour levier de pression en t\u00f4le d&rsquo;acier de qualit\u00e9, laqu\u00e9e \u00e9poxy noir et rouge.Corps de vanne en laiton durable et \u00e9prouv\u00e9 avec valve de contr\u00f4le et manom\u00e8tre.Agent [&hellip;]","og_url":"https:\/\/shop.bantam.ch\/fr\/produit\/extincteur-pd-6-ga-avec-manometre\/","og_site_name":"Bantam Wankm\u00fcller SA","article_modified_time":"2026-04-19T19:11:32+00:00","og_image":[{"width":667,"height":1000,"url":"https:\/\/shop.bantam.ch\/wp-content\/uploads\/2023\/02\/9940777-100-1-3.jpg","type":"image\/jpeg"}],"twitter_card":"summary_large_image","twitter_misc":{"Dur\u00e9e de lecture estim\u00e9e":"1 minute"},"schema":{"@context":"https:\/\/schema.org","@graph":[{"@type":"WebPage","@id":"https:\/\/shop.bantam.ch\/fr\/produit\/extincteur-pd-6-ga-avec-manometre\/","url":"https:\/\/shop.bantam.ch\/fr\/produit\/extincteur-pd-6-ga-avec-manometre\/","name":"Extincteur Gloria PD 6 GA 6\u00a0kg avec manom\u00e8tre - Bantam Wankm\u00fcller SA","isPartOf":{"@id":"https:\/\/shop.bantam.ch\/fr\/#website"},"primaryImageOfPage":{"@id":"https:\/\/shop.bantam.ch\/fr\/produit\/extincteur-pd-6-ga-avec-manometre\/#primaryimage"},"image":{"@id":"https:\/\/shop.bantam.ch\/fr\/produit\/extincteur-pd-6-ga-avec-manometre\/#primaryimage"},"thumbnailUrl":"https:\/\/shop.bantam.ch\/wp-content\/uploads\/2023\/02\/9940777-100-1-3.jpg","datePublished":"2023-02-27T18:06:37+00:00","dateModified":"2026-04-19T19:11:32+00:00","breadcrumb":{"@id":"https:\/\/shop.bantam.ch\/fr\/produit\/extincteur-pd-6-ga-avec-manometre\/#breadcrumb"},"inLanguage":"fr-FR","potentialAction":[{"@type":"ReadAction","target":["https:\/\/shop.bantam.ch\/fr\/produit\/extincteur-pd-6-ga-avec-manometre\/"]}]},{"@type":"ImageObject","inLanguage":"fr-FR","@id":"https:\/\/shop.bantam.ch\/fr\/produit\/extincteur-pd-6-ga-avec-manometre\/#primaryimage","url":"https:\/\/shop.bantam.ch\/wp-content\/uploads\/2023\/02\/9940777-100-1-3.jpg","contentUrl":"https:\/\/shop.bantam.ch\/wp-content\/uploads\/2023\/02\/9940777-100-1-3.jpg","width":667,"height":1000},{"@type":"BreadcrumbList","@id":"https:\/\/shop.bantam.ch\/fr\/produit\/extincteur-pd-6-ga-avec-manometre\/#breadcrumb","itemListElement":[{"@type":"ListItem","position":1,"name":"Accueil","item":"https:\/\/shop.bantam.ch\/fr\/"},{"@type":"ListItem","position":2,"name":"Boutique","item":"https:\/\/shop.bantam.ch\/fr\/boutique\/"},{"@type":"ListItem","position":3,"name":"Extincteur Gloria PD 6 GA 6\u00a0kg avec manom\u00e8tre"}]},{"@type":"WebSite","@id":"https:\/\/shop.bantam.ch\/fr\/#website","url":"https:\/\/shop.bantam.ch\/fr\/","name":"Bantam Wankm\u00fcller SA","description":"","publisher":{"@id":"https:\/\/shop.bantam.ch\/fr\/#organization"},"inLanguage":"fr-FR"},{"@type":"Organization","@id":"https:\/\/shop.bantam.ch\/fr\/#organization","name":"Bantam Wankm\u00fcller SA","url":"https:\/\/shop.bantam.ch\/fr\/","logo":{"@type":"ImageObject","inLanguage":"fr-FR","@id":"https:\/\/shop.bantam.ch\/fr\/#\/schema\/logo\/image\/","url":"https:\/\/shop.bantam.ch\/wp-content\/uploads\/2022\/12\/bantam-logo.png","contentUrl":"https:\/\/shop.bantam.ch\/wp-content\/uploads\/2022\/12\/bantam-logo.png","width":320,"height":71,"caption":"Bantam Wankm\u00fcller SA"},"image":{"@id":"https:\/\/shop.bantam.ch\/fr\/#\/schema\/logo\/image\/"}}]}},"_links":{"self":[{"href":"https:\/\/shop.bantam.ch\/fr\/wp-json\/wp\/v2\/product\/64589","targetHints":{"allow":["GET"]}}],"collection":[{"href":"https:\/\/shop.bantam.ch\/fr\/wp-json\/wp\/v2\/product"}],"about":[{"href":"https:\/\/shop.bantam.ch\/fr\/wp-json\/wp\/v2\/types\/product"}],"wp:featuredmedia":[{"embeddable":true,"href":"https:\/\/shop.bantam.ch\/fr\/wp-json\/wp\/v2\/media\/64585"}],"wp:attachment":[{"href":"https:\/\/shop.bantam.ch\/fr\/wp-json\/wp\/v2\/media?parent=64589"}],"wp:term":[{"taxonomy":"product_featured_cat","embeddable":true,"href":"https:\/\/shop.bantam.ch\/fr\/wp-json\/wp\/v2\/product_featured_cat?post=64589"},{"taxonomy":"product_brand","embeddable":true,"href":"https:\/\/shop.bantam.ch\/fr\/wp-json\/wp\/v2\/product_brand?post=64589"},{"taxonomy":"product_cat","embeddable":true,"href":"https:\/\/shop.bantam.ch\/fr\/wp-json\/wp\/v2\/product_cat?post=64589"},{"taxonomy":"product_tag","embeddable":true,"href":"https:\/\/shop.bantam.ch\/fr\/wp-json\/wp\/v2\/product_tag?post=64589"}],"curies":[{"name":"wp","href":"https:\/\/api.w.org\/{rel}","templated":true}]}}