{"id":64239,"date":"2023-02-27T18:59:36","date_gmt":"2023-02-27T17:59:36","guid":{"rendered":"http:\/\/shop.bantam.ch\/produit\/vehicule-avec-caravane\/"},"modified":"2026-05-10T21:10:37","modified_gmt":"2026-05-10T19:10:37","slug":"vehicule-avec-caravane","status":"publish","type":"product","link":"https:\/\/shop.bantam.ch\/fr\/produit\/vehicule-avec-caravane\/","title":{"rendered":"Voiture Siku avec caravane"},"content":{"rendered":"<p>Association d\u2018une Porsche Cayenne Turbo comme v\u00e9hicule de traction, avec une caravane \u00ab\u00a0Exclusiv Emotion\u00a0\u00bb Dethleffs et accessoires. La Porsche Cayenne noire a \u00e9t\u00e9 encore peaufin\u00e9e sur le plan de la technologie d&rsquo;impression. La r\u00e9alisation \u00e9labor\u00e9e de nombreux petits d\u00e9tails sur la caravane Dethleffs ainsi que l&rsquo;impression compl\u00e8te de la maquette montrent que ce jouet fera \u00e9galement bonne figure dans une vitrine de collection. Le toit amovible est une autre particularit\u00e9 de la caravane. Vous pouvez \u00e9galement repr\u00e9senter des sc\u00e8nes de jeu \u00e0 l&rsquo;int\u00e9rieur de la caravane \u00e0 l&rsquo;aide des personnages fournis. Outre les diff\u00e9rentes personnages, vous trouverez \u00e9galement un \u00e9quipement de camping presque complet, compos\u00e9 de 2 chaises de jardin, une table, un parasol, une chaise longue et un barbecue.<\/p>\n<p>Association d\u2018une Porsche Cayenne Turbo comme v\u00e9hicule de traction, avec une caravane \u00ab\u00a0Exclusiv Emotion\u00a0\u00bb Dethleffs et accessoires. Toit amovible. \u00c9chelle 1:55.<\/p>\n","protected":false},"excerpt":{"rendered":"<p>Association d\u2018une Porsche Cayenne Turbo comme v\u00e9hicule de traction, avec une caravane \u00ab\u00a0Exclusiv Emotion\u00a0\u00bb Dethleffs et accessoires. La Porsche Cayenne noire a \u00e9t\u00e9 encore peaufin\u00e9e sur le plan de la technologie d&rsquo;impression. La r\u00e9alisation \u00e9labor\u00e9e de nombreux petits d\u00e9tails sur la caravane Dethleffs ainsi que l&rsquo;impression compl\u00e8te de la maquette montrent que ce jouet fera [&hellip;]<\/p>\n","protected":false},"featured_media":64235,"template":"","meta":{"_acf_changed":false},"product_featured_cat":[],"product_brand":[3416],"product_cat":[4457],"product_tag":[],"class_list":{"0":"post-64239","1":"product","2":"type-product","3":"status-publish","4":"has-post-thumbnail","6":"product_brand-siku","7":"product_cat-jouets","9":"first","10":"instock","11":"taxable","12":"shipping-taxable","13":"purchasable","14":"product-type-simple"},"acf":[],"yoast_head":"<!-- This site is optimized with the Yoast SEO plugin v27.5 - https:\/\/yoast.com\/product\/yoast-seo-wordpress\/ -->\n<title>Voiture Siku avec caravane - Bantam<\/title>\n<meta name=\"robots\" content=\"index, follow, max-snippet:-1, max-image-preview:large, max-video-preview:-1\" \/>\n<link rel=\"canonical\" href=\"https:\/\/shop.bantam.ch\/fr\/produit\/vehicule-avec-caravane\/\" \/>\n<meta property=\"og:locale\" content=\"fr_FR\" \/>\n<meta property=\"og:type\" content=\"article\" \/>\n<meta property=\"og:title\" content=\"Voiture Siku avec caravane - Bantam\" \/>\n<meta property=\"og:description\" content=\"Association d\u2018une Porsche Cayenne Turbo comme v\u00e9hicule de traction, avec une caravane \u00ab\u00a0Exclusiv Emotion\u00a0\u00bb Dethleffs et accessoires. La Porsche Cayenne noire a \u00e9t\u00e9 encore peaufin\u00e9e sur le plan de la technologie d&rsquo;impression. La r\u00e9alisation \u00e9labor\u00e9e de nombreux petits d\u00e9tails sur la caravane Dethleffs ainsi que l&rsquo;impression compl\u00e8te de la maquette montrent que ce jouet fera [&hellip;]\" \/>\n<meta property=\"og:url\" content=\"https:\/\/shop.bantam.ch\/fr\/produit\/vehicule-avec-caravane\/\" \/>\n<meta property=\"og:site_name\" content=\"Bantam\" \/>\n<meta property=\"article:modified_time\" content=\"2026-05-10T19:10:37+00:00\" \/>\n<meta property=\"og:image\" content=\"https:\/\/shop.bantam.ch\/wp-content\/uploads\/2023\/02\/9928954-100-1-3.jpg\" \/>\n\t<meta property=\"og:image:width\" content=\"500\" \/>\n\t<meta property=\"og:image:height\" content=\"300\" \/>\n\t<meta property=\"og:image:type\" content=\"image\/jpeg\" \/>\n<meta name=\"twitter:card\" content=\"summary_large_image\" \/>\n<meta name=\"twitter:label1\" content=\"Dur\u00e9e de lecture estim\u00e9e\" \/>\n\t<meta name=\"twitter:data1\" content=\"1 minute\" \/>\n<script type=\"application\/ld+json\" class=\"yoast-schema-graph\">{\"@context\":\"https:\\\/\\\/schema.org\",\"@graph\":[{\"@type\":\"WebPage\",\"@id\":\"https:\\\/\\\/shop.bantam.ch\\\/fr\\\/produit\\\/vehicule-avec-caravane\\\/\",\"url\":\"https:\\\/\\\/shop.bantam.ch\\\/fr\\\/produit\\\/vehicule-avec-caravane\\\/\",\"name\":\"Voiture Siku avec caravane - Bantam\",\"isPartOf\":{\"@id\":\"https:\\\/\\\/shop.bantam.ch\\\/fr\\\/#website\"},\"primaryImageOfPage\":{\"@id\":\"https:\\\/\\\/shop.bantam.ch\\\/fr\\\/produit\\\/vehicule-avec-caravane\\\/#primaryimage\"},\"image\":{\"@id\":\"https:\\\/\\\/shop.bantam.ch\\\/fr\\\/produit\\\/vehicule-avec-caravane\\\/#primaryimage\"},\"thumbnailUrl\":\"https:\\\/\\\/shop.bantam.ch\\\/wp-content\\\/uploads\\\/2023\\\/02\\\/9928954-100-1-3.jpg\",\"datePublished\":\"2023-02-27T17:59:36+00:00\",\"dateModified\":\"2026-05-10T19:10:37+00:00\",\"breadcrumb\":{\"@id\":\"https:\\\/\\\/shop.bantam.ch\\\/fr\\\/produit\\\/vehicule-avec-caravane\\\/#breadcrumb\"},\"inLanguage\":\"fr-FR\",\"potentialAction\":[{\"@type\":\"ReadAction\",\"target\":[\"https:\\\/\\\/shop.bantam.ch\\\/fr\\\/produit\\\/vehicule-avec-caravane\\\/\"]}]},{\"@type\":\"ImageObject\",\"inLanguage\":\"fr-FR\",\"@id\":\"https:\\\/\\\/shop.bantam.ch\\\/fr\\\/produit\\\/vehicule-avec-caravane\\\/#primaryimage\",\"url\":\"https:\\\/\\\/shop.bantam.ch\\\/wp-content\\\/uploads\\\/2023\\\/02\\\/9928954-100-1-3.jpg\",\"contentUrl\":\"https:\\\/\\\/shop.bantam.ch\\\/wp-content\\\/uploads\\\/2023\\\/02\\\/9928954-100-1-3.jpg\",\"width\":500,\"height\":300},{\"@type\":\"BreadcrumbList\",\"@id\":\"https:\\\/\\\/shop.bantam.ch\\\/fr\\\/produit\\\/vehicule-avec-caravane\\\/#breadcrumb\",\"itemListElement\":[{\"@type\":\"ListItem\",\"position\":1,\"name\":\"Accueil\",\"item\":\"https:\\\/\\\/shop.bantam.ch\\\/fr\\\/\"},{\"@type\":\"ListItem\",\"position\":2,\"name\":\"Boutique\",\"item\":\"https:\\\/\\\/shop.bantam.ch\\\/fr\\\/boutique\\\/\"},{\"@type\":\"ListItem\",\"position\":3,\"name\":\"Voiture Siku avec caravane\"}]},{\"@type\":\"WebSite\",\"@id\":\"https:\\\/\\\/shop.bantam.ch\\\/fr\\\/#website\",\"url\":\"https:\\\/\\\/shop.bantam.ch\\\/fr\\\/\",\"name\":\"Bantam\",\"description\":\"\",\"publisher\":{\"@id\":\"https:\\\/\\\/shop.bantam.ch\\\/fr\\\/#organization\"},\"inLanguage\":\"fr-FR\"},{\"@type\":\"Organization\",\"@id\":\"https:\\\/\\\/shop.bantam.ch\\\/fr\\\/#organization\",\"name\":\"Bantam\",\"url\":\"https:\\\/\\\/shop.bantam.ch\\\/fr\\\/\",\"logo\":{\"@type\":\"ImageObject\",\"inLanguage\":\"fr-FR\",\"@id\":\"https:\\\/\\\/shop.bantam.ch\\\/fr\\\/#\\\/schema\\\/logo\\\/image\\\/\",\"url\":\"https:\\\/\\\/shop.bantam.ch\\\/wp-content\\\/uploads\\\/2022\\\/12\\\/bantam-logo.png\",\"contentUrl\":\"https:\\\/\\\/shop.bantam.ch\\\/wp-content\\\/uploads\\\/2022\\\/12\\\/bantam-logo.png\",\"width\":320,\"height\":71,\"caption\":\"Bantam\"},\"image\":{\"@id\":\"https:\\\/\\\/shop.bantam.ch\\\/fr\\\/#\\\/schema\\\/logo\\\/image\\\/\"}}]}<\/script>\n<!-- \/ Yoast SEO plugin. -->","yoast_head_json":{"title":"Voiture Siku avec caravane - Bantam","robots":{"index":"index","follow":"follow","max-snippet":"max-snippet:-1","max-image-preview":"max-image-preview:large","max-video-preview":"max-video-preview:-1"},"canonical":"https:\/\/shop.bantam.ch\/fr\/produit\/vehicule-avec-caravane\/","og_locale":"fr_FR","og_type":"article","og_title":"Voiture Siku avec caravane - Bantam","og_description":"Association d\u2018une Porsche Cayenne Turbo comme v\u00e9hicule de traction, avec une caravane \u00ab\u00a0Exclusiv Emotion\u00a0\u00bb Dethleffs et accessoires. La Porsche Cayenne noire a \u00e9t\u00e9 encore peaufin\u00e9e sur le plan de la technologie d&rsquo;impression. La r\u00e9alisation \u00e9labor\u00e9e de nombreux petits d\u00e9tails sur la caravane Dethleffs ainsi que l&rsquo;impression compl\u00e8te de la maquette montrent que ce jouet fera [&hellip;]","og_url":"https:\/\/shop.bantam.ch\/fr\/produit\/vehicule-avec-caravane\/","og_site_name":"Bantam","article_modified_time":"2026-05-10T19:10:37+00:00","og_image":[{"width":500,"height":300,"url":"https:\/\/shop.bantam.ch\/wp-content\/uploads\/2023\/02\/9928954-100-1-3.jpg","type":"image\/jpeg"}],"twitter_card":"summary_large_image","twitter_misc":{"Dur\u00e9e de lecture estim\u00e9e":"1 minute"},"schema":{"@context":"https:\/\/schema.org","@graph":[{"@type":"WebPage","@id":"https:\/\/shop.bantam.ch\/fr\/produit\/vehicule-avec-caravane\/","url":"https:\/\/shop.bantam.ch\/fr\/produit\/vehicule-avec-caravane\/","name":"Voiture Siku avec caravane - Bantam","isPartOf":{"@id":"https:\/\/shop.bantam.ch\/fr\/#website"},"primaryImageOfPage":{"@id":"https:\/\/shop.bantam.ch\/fr\/produit\/vehicule-avec-caravane\/#primaryimage"},"image":{"@id":"https:\/\/shop.bantam.ch\/fr\/produit\/vehicule-avec-caravane\/#primaryimage"},"thumbnailUrl":"https:\/\/shop.bantam.ch\/wp-content\/uploads\/2023\/02\/9928954-100-1-3.jpg","datePublished":"2023-02-27T17:59:36+00:00","dateModified":"2026-05-10T19:10:37+00:00","breadcrumb":{"@id":"https:\/\/shop.bantam.ch\/fr\/produit\/vehicule-avec-caravane\/#breadcrumb"},"inLanguage":"fr-FR","potentialAction":[{"@type":"ReadAction","target":["https:\/\/shop.bantam.ch\/fr\/produit\/vehicule-avec-caravane\/"]}]},{"@type":"ImageObject","inLanguage":"fr-FR","@id":"https:\/\/shop.bantam.ch\/fr\/produit\/vehicule-avec-caravane\/#primaryimage","url":"https:\/\/shop.bantam.ch\/wp-content\/uploads\/2023\/02\/9928954-100-1-3.jpg","contentUrl":"https:\/\/shop.bantam.ch\/wp-content\/uploads\/2023\/02\/9928954-100-1-3.jpg","width":500,"height":300},{"@type":"BreadcrumbList","@id":"https:\/\/shop.bantam.ch\/fr\/produit\/vehicule-avec-caravane\/#breadcrumb","itemListElement":[{"@type":"ListItem","position":1,"name":"Accueil","item":"https:\/\/shop.bantam.ch\/fr\/"},{"@type":"ListItem","position":2,"name":"Boutique","item":"https:\/\/shop.bantam.ch\/fr\/boutique\/"},{"@type":"ListItem","position":3,"name":"Voiture Siku avec caravane"}]},{"@type":"WebSite","@id":"https:\/\/shop.bantam.ch\/fr\/#website","url":"https:\/\/shop.bantam.ch\/fr\/","name":"Bantam","description":"","publisher":{"@id":"https:\/\/shop.bantam.ch\/fr\/#organization"},"inLanguage":"fr-FR"},{"@type":"Organization","@id":"https:\/\/shop.bantam.ch\/fr\/#organization","name":"Bantam","url":"https:\/\/shop.bantam.ch\/fr\/","logo":{"@type":"ImageObject","inLanguage":"fr-FR","@id":"https:\/\/shop.bantam.ch\/fr\/#\/schema\/logo\/image\/","url":"https:\/\/shop.bantam.ch\/wp-content\/uploads\/2022\/12\/bantam-logo.png","contentUrl":"https:\/\/shop.bantam.ch\/wp-content\/uploads\/2022\/12\/bantam-logo.png","width":320,"height":71,"caption":"Bantam"},"image":{"@id":"https:\/\/shop.bantam.ch\/fr\/#\/schema\/logo\/image\/"}}]}},"_links":{"self":[{"href":"https:\/\/shop.bantam.ch\/fr\/wp-json\/wp\/v2\/product\/64239","targetHints":{"allow":["GET"]}}],"collection":[{"href":"https:\/\/shop.bantam.ch\/fr\/wp-json\/wp\/v2\/product"}],"about":[{"href":"https:\/\/shop.bantam.ch\/fr\/wp-json\/wp\/v2\/types\/product"}],"wp:featuredmedia":[{"embeddable":true,"href":"https:\/\/shop.bantam.ch\/fr\/wp-json\/wp\/v2\/media\/64235"}],"wp:attachment":[{"href":"https:\/\/shop.bantam.ch\/fr\/wp-json\/wp\/v2\/media?parent=64239"}],"wp:term":[{"taxonomy":"product_featured_cat","embeddable":true,"href":"https:\/\/shop.bantam.ch\/fr\/wp-json\/wp\/v2\/product_featured_cat?post=64239"},{"taxonomy":"product_brand","embeddable":true,"href":"https:\/\/shop.bantam.ch\/fr\/wp-json\/wp\/v2\/product_brand?post=64239"},{"taxonomy":"product_cat","embeddable":true,"href":"https:\/\/shop.bantam.ch\/fr\/wp-json\/wp\/v2\/product_cat?post=64239"},{"taxonomy":"product_tag","embeddable":true,"href":"https:\/\/shop.bantam.ch\/fr\/wp-json\/wp\/v2\/product_tag?post=64239"}],"curies":[{"name":"wp","href":"https:\/\/api.w.org\/{rel}","templated":true}]}}