{"id":64095,"date":"2023-02-27T18:56:25","date_gmt":"2023-02-27T17:56:25","guid":{"rendered":"http:\/\/shop.bantam.ch\/produit\/poele-inox-campfire-s-s-diam-25-cm\/"},"modified":"2026-04-19T21:10:49","modified_gmt":"2026-04-19T19:10:49","slug":"poele-inox-campfire-s-s-diam-25-cm","status":"publish","type":"product","link":"https:\/\/shop.bantam.ch\/fr\/produit\/poele-inox-campfire-s-s-diam-25-cm\/","title":{"rendered":"Po\u00eale inox Primus Campfire S.S. diam. 25 cm"},"content":{"rendered":"<p>Po\u00eale \u00e0 frire robuste en acier 18\/8, fond en aluminium pour une diffusion r\u00e9guli\u00e8re de la chaleur.  La po\u00eale peut \u00eatre utilis\u00e9e directement sur feu ouvert et prend peu de place une fois rang\u00e9e gr\u00e2ce \u00e0 la poign\u00e9e en acier rabattable. <\/p>\n<p>Contenu de la livraison :<br \/>sac fourni<\/p>\n<p>Mat\u00e9riau\u00a0:<br \/>acier inoxydable 18\/8<\/p>\n<ul>\n<li>Poids : 0,53 kg<\/li>\n<\/ul>\n","protected":false},"excerpt":{"rendered":"<p>Po\u00eale \u00e0 frire robuste en acier 18\/8, fond en aluminium pour une diffusion r\u00e9guli\u00e8re de la chaleur. La po\u00eale peut \u00eatre utilis\u00e9e directement sur feu ouvert et prend peu de place une fois rang\u00e9e gr\u00e2ce \u00e0 la poign\u00e9e en acier rabattable. Contenu de la livraison :sac fourni Mat\u00e9riau\u00a0:acier inoxydable 18\/8 Poids : 0,53 kg<\/p>\n","protected":false},"featured_media":64093,"template":"","meta":{"_acf_changed":false},"product_featured_cat":[],"product_brand":[3414],"product_cat":[4265],"product_tag":[],"class_list":{"0":"post-64095","1":"product","2":"type-product","3":"status-publish","4":"has-post-thumbnail","6":"product_brand-primus","7":"product_cat-casseroles-poeles-et-sets","9":"first","10":"instock","11":"taxable","12":"shipping-taxable","13":"purchasable","14":"product-type-simple"},"acf":[],"yoast_head":"<!-- This site is optimized with the Yoast SEO plugin v27.4 - https:\/\/yoast.com\/product\/yoast-seo-wordpress\/ -->\n<title>Po\u00eale inox Primus Campfire S.S. diam. 25 cm - Bantam Wankm\u00fcller SA<\/title>\n<meta name=\"robots\" content=\"index, follow, max-snippet:-1, max-image-preview:large, max-video-preview:-1\" \/>\n<link rel=\"canonical\" href=\"https:\/\/shop.bantam.ch\/fr\/produit\/poele-inox-campfire-s-s-diam-25-cm\/\" \/>\n<meta property=\"og:locale\" content=\"fr_FR\" \/>\n<meta property=\"og:type\" content=\"article\" \/>\n<meta property=\"og:title\" content=\"Po\u00eale inox Primus Campfire S.S. diam. 25 cm - Bantam Wankm\u00fcller SA\" \/>\n<meta property=\"og:description\" content=\"Po\u00eale \u00e0 frire robuste en acier 18\/8, fond en aluminium pour une diffusion r\u00e9guli\u00e8re de la chaleur. La po\u00eale peut \u00eatre utilis\u00e9e directement sur feu ouvert et prend peu de place une fois rang\u00e9e gr\u00e2ce \u00e0 la poign\u00e9e en acier rabattable. Contenu de la livraison :sac fourni Mat\u00e9riau\u00a0:acier inoxydable 18\/8 Poids : 0,53 kg\" \/>\n<meta property=\"og:url\" content=\"https:\/\/shop.bantam.ch\/fr\/produit\/poele-inox-campfire-s-s-diam-25-cm\/\" \/>\n<meta property=\"og:site_name\" content=\"Bantam Wankm\u00fcller SA\" \/>\n<meta property=\"article:modified_time\" content=\"2026-04-19T19:10:49+00:00\" \/>\n<meta property=\"og:image\" content=\"https:\/\/shop.bantam.ch\/wp-content\/uploads\/2023\/02\/9951353-100-1-3.jpg\" \/>\n\t<meta property=\"og:image:width\" content=\"1000\" \/>\n\t<meta property=\"og:image:height\" content=\"751\" \/>\n\t<meta property=\"og:image:type\" content=\"image\/jpeg\" \/>\n<meta name=\"twitter:card\" content=\"summary_large_image\" \/>\n<script type=\"application\/ld+json\" class=\"yoast-schema-graph\">{\"@context\":\"https:\\\/\\\/schema.org\",\"@graph\":[{\"@type\":\"WebPage\",\"@id\":\"https:\\\/\\\/shop.bantam.ch\\\/fr\\\/produit\\\/poele-inox-campfire-s-s-diam-25-cm\\\/\",\"url\":\"https:\\\/\\\/shop.bantam.ch\\\/fr\\\/produit\\\/poele-inox-campfire-s-s-diam-25-cm\\\/\",\"name\":\"Po\u00eale inox Primus Campfire S.S. diam. 25 cm - Bantam Wankm\u00fcller SA\",\"isPartOf\":{\"@id\":\"https:\\\/\\\/shop.bantam.ch\\\/fr\\\/#website\"},\"primaryImageOfPage\":{\"@id\":\"https:\\\/\\\/shop.bantam.ch\\\/fr\\\/produit\\\/poele-inox-campfire-s-s-diam-25-cm\\\/#primaryimage\"},\"image\":{\"@id\":\"https:\\\/\\\/shop.bantam.ch\\\/fr\\\/produit\\\/poele-inox-campfire-s-s-diam-25-cm\\\/#primaryimage\"},\"thumbnailUrl\":\"https:\\\/\\\/shop.bantam.ch\\\/wp-content\\\/uploads\\\/2023\\\/02\\\/9951353-100-1-3.jpg\",\"datePublished\":\"2023-02-27T17:56:25+00:00\",\"dateModified\":\"2026-04-19T19:10:49+00:00\",\"breadcrumb\":{\"@id\":\"https:\\\/\\\/shop.bantam.ch\\\/fr\\\/produit\\\/poele-inox-campfire-s-s-diam-25-cm\\\/#breadcrumb\"},\"inLanguage\":\"fr-FR\",\"potentialAction\":[{\"@type\":\"ReadAction\",\"target\":[\"https:\\\/\\\/shop.bantam.ch\\\/fr\\\/produit\\\/poele-inox-campfire-s-s-diam-25-cm\\\/\"]}]},{\"@type\":\"ImageObject\",\"inLanguage\":\"fr-FR\",\"@id\":\"https:\\\/\\\/shop.bantam.ch\\\/fr\\\/produit\\\/poele-inox-campfire-s-s-diam-25-cm\\\/#primaryimage\",\"url\":\"https:\\\/\\\/shop.bantam.ch\\\/wp-content\\\/uploads\\\/2023\\\/02\\\/9951353-100-1-3.jpg\",\"contentUrl\":\"https:\\\/\\\/shop.bantam.ch\\\/wp-content\\\/uploads\\\/2023\\\/02\\\/9951353-100-1-3.jpg\",\"width\":1000,\"height\":751},{\"@type\":\"BreadcrumbList\",\"@id\":\"https:\\\/\\\/shop.bantam.ch\\\/fr\\\/produit\\\/poele-inox-campfire-s-s-diam-25-cm\\\/#breadcrumb\",\"itemListElement\":[{\"@type\":\"ListItem\",\"position\":1,\"name\":\"Accueil\",\"item\":\"https:\\\/\\\/shop.bantam.ch\\\/fr\\\/\"},{\"@type\":\"ListItem\",\"position\":2,\"name\":\"Boutique\",\"item\":\"https:\\\/\\\/shop.bantam.ch\\\/fr\\\/boutique\\\/\"},{\"@type\":\"ListItem\",\"position\":3,\"name\":\"Po\u00eale inox Primus Campfire S.S. diam. 25 cm\"}]},{\"@type\":\"WebSite\",\"@id\":\"https:\\\/\\\/shop.bantam.ch\\\/fr\\\/#website\",\"url\":\"https:\\\/\\\/shop.bantam.ch\\\/fr\\\/\",\"name\":\"Bantam Wankm\u00fcller SA\",\"description\":\"\",\"publisher\":{\"@id\":\"https:\\\/\\\/shop.bantam.ch\\\/fr\\\/#organization\"},\"inLanguage\":\"fr-FR\"},{\"@type\":\"Organization\",\"@id\":\"https:\\\/\\\/shop.bantam.ch\\\/fr\\\/#organization\",\"name\":\"Bantam Wankm\u00fcller SA\",\"url\":\"https:\\\/\\\/shop.bantam.ch\\\/fr\\\/\",\"logo\":{\"@type\":\"ImageObject\",\"inLanguage\":\"fr-FR\",\"@id\":\"https:\\\/\\\/shop.bantam.ch\\\/fr\\\/#\\\/schema\\\/logo\\\/image\\\/\",\"url\":\"https:\\\/\\\/shop.bantam.ch\\\/wp-content\\\/uploads\\\/2022\\\/12\\\/bantam-logo.png\",\"contentUrl\":\"https:\\\/\\\/shop.bantam.ch\\\/wp-content\\\/uploads\\\/2022\\\/12\\\/bantam-logo.png\",\"width\":320,\"height\":71,\"caption\":\"Bantam Wankm\u00fcller SA\"},\"image\":{\"@id\":\"https:\\\/\\\/shop.bantam.ch\\\/fr\\\/#\\\/schema\\\/logo\\\/image\\\/\"}}]}<\/script>\n<!-- \/ Yoast SEO plugin. -->","yoast_head_json":{"title":"Po\u00eale inox Primus Campfire S.S. diam. 25 cm - Bantam Wankm\u00fcller SA","robots":{"index":"index","follow":"follow","max-snippet":"max-snippet:-1","max-image-preview":"max-image-preview:large","max-video-preview":"max-video-preview:-1"},"canonical":"https:\/\/shop.bantam.ch\/fr\/produit\/poele-inox-campfire-s-s-diam-25-cm\/","og_locale":"fr_FR","og_type":"article","og_title":"Po\u00eale inox Primus Campfire S.S. diam. 25 cm - Bantam Wankm\u00fcller SA","og_description":"Po\u00eale \u00e0 frire robuste en acier 18\/8, fond en aluminium pour une diffusion r\u00e9guli\u00e8re de la chaleur. La po\u00eale peut \u00eatre utilis\u00e9e directement sur feu ouvert et prend peu de place une fois rang\u00e9e gr\u00e2ce \u00e0 la poign\u00e9e en acier rabattable. Contenu de la livraison :sac fourni Mat\u00e9riau\u00a0:acier inoxydable 18\/8 Poids : 0,53 kg","og_url":"https:\/\/shop.bantam.ch\/fr\/produit\/poele-inox-campfire-s-s-diam-25-cm\/","og_site_name":"Bantam Wankm\u00fcller SA","article_modified_time":"2026-04-19T19:10:49+00:00","og_image":[{"width":1000,"height":751,"url":"https:\/\/shop.bantam.ch\/wp-content\/uploads\/2023\/02\/9951353-100-1-3.jpg","type":"image\/jpeg"}],"twitter_card":"summary_large_image","schema":{"@context":"https:\/\/schema.org","@graph":[{"@type":"WebPage","@id":"https:\/\/shop.bantam.ch\/fr\/produit\/poele-inox-campfire-s-s-diam-25-cm\/","url":"https:\/\/shop.bantam.ch\/fr\/produit\/poele-inox-campfire-s-s-diam-25-cm\/","name":"Po\u00eale inox Primus Campfire S.S. diam. 25 cm - Bantam Wankm\u00fcller SA","isPartOf":{"@id":"https:\/\/shop.bantam.ch\/fr\/#website"},"primaryImageOfPage":{"@id":"https:\/\/shop.bantam.ch\/fr\/produit\/poele-inox-campfire-s-s-diam-25-cm\/#primaryimage"},"image":{"@id":"https:\/\/shop.bantam.ch\/fr\/produit\/poele-inox-campfire-s-s-diam-25-cm\/#primaryimage"},"thumbnailUrl":"https:\/\/shop.bantam.ch\/wp-content\/uploads\/2023\/02\/9951353-100-1-3.jpg","datePublished":"2023-02-27T17:56:25+00:00","dateModified":"2026-04-19T19:10:49+00:00","breadcrumb":{"@id":"https:\/\/shop.bantam.ch\/fr\/produit\/poele-inox-campfire-s-s-diam-25-cm\/#breadcrumb"},"inLanguage":"fr-FR","potentialAction":[{"@type":"ReadAction","target":["https:\/\/shop.bantam.ch\/fr\/produit\/poele-inox-campfire-s-s-diam-25-cm\/"]}]},{"@type":"ImageObject","inLanguage":"fr-FR","@id":"https:\/\/shop.bantam.ch\/fr\/produit\/poele-inox-campfire-s-s-diam-25-cm\/#primaryimage","url":"https:\/\/shop.bantam.ch\/wp-content\/uploads\/2023\/02\/9951353-100-1-3.jpg","contentUrl":"https:\/\/shop.bantam.ch\/wp-content\/uploads\/2023\/02\/9951353-100-1-3.jpg","width":1000,"height":751},{"@type":"BreadcrumbList","@id":"https:\/\/shop.bantam.ch\/fr\/produit\/poele-inox-campfire-s-s-diam-25-cm\/#breadcrumb","itemListElement":[{"@type":"ListItem","position":1,"name":"Accueil","item":"https:\/\/shop.bantam.ch\/fr\/"},{"@type":"ListItem","position":2,"name":"Boutique","item":"https:\/\/shop.bantam.ch\/fr\/boutique\/"},{"@type":"ListItem","position":3,"name":"Po\u00eale inox Primus Campfire S.S. diam. 25 cm"}]},{"@type":"WebSite","@id":"https:\/\/shop.bantam.ch\/fr\/#website","url":"https:\/\/shop.bantam.ch\/fr\/","name":"Bantam Wankm\u00fcller SA","description":"","publisher":{"@id":"https:\/\/shop.bantam.ch\/fr\/#organization"},"inLanguage":"fr-FR"},{"@type":"Organization","@id":"https:\/\/shop.bantam.ch\/fr\/#organization","name":"Bantam Wankm\u00fcller SA","url":"https:\/\/shop.bantam.ch\/fr\/","logo":{"@type":"ImageObject","inLanguage":"fr-FR","@id":"https:\/\/shop.bantam.ch\/fr\/#\/schema\/logo\/image\/","url":"https:\/\/shop.bantam.ch\/wp-content\/uploads\/2022\/12\/bantam-logo.png","contentUrl":"https:\/\/shop.bantam.ch\/wp-content\/uploads\/2022\/12\/bantam-logo.png","width":320,"height":71,"caption":"Bantam Wankm\u00fcller SA"},"image":{"@id":"https:\/\/shop.bantam.ch\/fr\/#\/schema\/logo\/image\/"}}]}},"_links":{"self":[{"href":"https:\/\/shop.bantam.ch\/fr\/wp-json\/wp\/v2\/product\/64095","targetHints":{"allow":["GET"]}}],"collection":[{"href":"https:\/\/shop.bantam.ch\/fr\/wp-json\/wp\/v2\/product"}],"about":[{"href":"https:\/\/shop.bantam.ch\/fr\/wp-json\/wp\/v2\/types\/product"}],"wp:featuredmedia":[{"embeddable":true,"href":"https:\/\/shop.bantam.ch\/fr\/wp-json\/wp\/v2\/media\/64093"}],"wp:attachment":[{"href":"https:\/\/shop.bantam.ch\/fr\/wp-json\/wp\/v2\/media?parent=64095"}],"wp:term":[{"taxonomy":"product_featured_cat","embeddable":true,"href":"https:\/\/shop.bantam.ch\/fr\/wp-json\/wp\/v2\/product_featured_cat?post=64095"},{"taxonomy":"product_brand","embeddable":true,"href":"https:\/\/shop.bantam.ch\/fr\/wp-json\/wp\/v2\/product_brand?post=64095"},{"taxonomy":"product_cat","embeddable":true,"href":"https:\/\/shop.bantam.ch\/fr\/wp-json\/wp\/v2\/product_cat?post=64095"},{"taxonomy":"product_tag","embeddable":true,"href":"https:\/\/shop.bantam.ch\/fr\/wp-json\/wp\/v2\/product_tag?post=64095"}],"curies":[{"name":"wp","href":"https:\/\/api.w.org\/{rel}","templated":true}]}}