{"id":63989,"date":"2023-02-27T18:54:55","date_gmt":"2023-02-27T17:54:55","guid":{"rendered":"http:\/\/shop.bantam.ch\/produit\/aspirateur-a-main-sur-batterie-2-en-1-jaune-noir\/"},"modified":"2026-04-18T21:09:51","modified_gmt":"2026-04-18T19:09:51","slug":"aspirateur-a-main-sur-batterie-2-en-1-jaune-noir","status":"publish","type":"product","link":"https:\/\/shop.bantam.ch\/fr\/produit\/aspirateur-a-main-sur-batterie-2-en-1-jaune-noir\/","title":{"rendered":"Aspirateur \u00e0 main sur batterie 2 en 1, jaune\/noir"},"content":{"rendered":"<p>D\u00e9sormais, miettes, peluches et autres n&rsquo;ont plus aucune chance ! Avec l&rsquo;aspirateur \u00e0 main sur batterie, vous disposez toujours d&rsquo;une aide rapide contre la salet\u00e9, qu&rsquo;elle soit solide ou liquide ! Plus besoin, surtout pour les petits incidents, de sortir du placard le grand aspirateur encombrant avec son c\u00e2ble d&rsquo;un m\u00e8tre de long &#8211; d\u00e9sormais, cet aspirateur \u00e0 main compact et mobile vous assistera chez vous. Enlevez les miettes de votre clavier de PC ou de votre table de cuisine, nettoyez vos si\u00e8ges d&rsquo;auto facilement et sans fil ou tout simplement aspirez le caf\u00e9 renvers\u00e9.<\/p>\n<ul>\n<li>Poids : 1,6\u00a0kg<\/li>\n<li>Batterie : 1500 mAh lithium-ion<\/li>\n<li>R\u00e9servoir \u00e0 salet\u00e9 100 ml<\/li>\n<\/ul>\n<p>Mat\u00e9riau\u00a0:<br \/>\nABS, PP<\/p>\n<p>Contenu de la livraison :<br \/>\nAvec brosse, suceur, buse mouill\u00e9e\/s\u00e8che et c\u00e2ble de chargement<\/p>\n","protected":false},"excerpt":{"rendered":"<p>D\u00e9sormais, miettes, peluches et autres n&rsquo;ont plus aucune chance ! Avec l&rsquo;aspirateur \u00e0 main sur batterie, vous disposez toujours d&rsquo;une aide rapide contre la salet\u00e9, qu&rsquo;elle soit solide ou liquide ! Plus besoin, surtout pour les petits incidents, de sortir du placard le grand aspirateur encombrant avec son c\u00e2ble d&rsquo;un m\u00e8tre de long &#8211; d\u00e9sormais, [&hellip;]<\/p>\n","protected":false},"featured_media":63979,"template":"","meta":{"_acf_changed":false},"product_featured_cat":[],"product_brand":[3410],"product_cat":[5147],"product_tag":[],"class_list":{"0":"post-63989","1":"product","2":"type-product","3":"status-publish","4":"has-post-thumbnail","6":"product_brand-cleanmaxx","7":"product_cat-autres-appareils-electromenagers","9":"first","10":"instock","11":"taxable","12":"shipping-taxable","13":"purchasable","14":"product-type-simple"},"acf":[],"yoast_head":"<!-- This site is optimized with the Yoast SEO plugin v27.4 - https:\/\/yoast.com\/product\/yoast-seo-wordpress\/ -->\n<title>Aspirateur \u00e0 main sur batterie 2 en 1, jaune\/noir - Bantam Wankm\u00fcller SA<\/title>\n<meta name=\"robots\" content=\"index, follow, max-snippet:-1, max-image-preview:large, max-video-preview:-1\" \/>\n<link rel=\"canonical\" href=\"https:\/\/shop.bantam.ch\/fr\/produit\/aspirateur-a-main-sur-batterie-2-en-1-jaune-noir\/\" \/>\n<meta property=\"og:locale\" content=\"fr_FR\" \/>\n<meta property=\"og:type\" content=\"article\" \/>\n<meta property=\"og:title\" content=\"Aspirateur \u00e0 main sur batterie 2 en 1, jaune\/noir - Bantam Wankm\u00fcller SA\" \/>\n<meta property=\"og:description\" content=\"D\u00e9sormais, miettes, peluches et autres n&rsquo;ont plus aucune chance ! Avec l&rsquo;aspirateur \u00e0 main sur batterie, vous disposez toujours d&rsquo;une aide rapide contre la salet\u00e9, qu&rsquo;elle soit solide ou liquide ! Plus besoin, surtout pour les petits incidents, de sortir du placard le grand aspirateur encombrant avec son c\u00e2ble d&rsquo;un m\u00e8tre de long &#8211; d\u00e9sormais, [&hellip;]\" \/>\n<meta property=\"og:url\" content=\"https:\/\/shop.bantam.ch\/fr\/produit\/aspirateur-a-main-sur-batterie-2-en-1-jaune-noir\/\" \/>\n<meta property=\"og:site_name\" content=\"Bantam Wankm\u00fcller SA\" \/>\n<meta property=\"article:modified_time\" content=\"2026-04-18T19:09:51+00:00\" \/>\n<meta property=\"og:image\" content=\"https:\/\/shop.bantam.ch\/wp-content\/uploads\/2023\/02\/9951306-100-1-3.jpg\" \/>\n\t<meta property=\"og:image:width\" content=\"1000\" \/>\n\t<meta property=\"og:image:height\" content=\"659\" \/>\n\t<meta property=\"og:image:type\" content=\"image\/jpeg\" \/>\n<meta name=\"twitter:card\" content=\"summary_large_image\" \/>\n<meta name=\"twitter:label1\" content=\"Dur\u00e9e de lecture estim\u00e9e\" \/>\n\t<meta name=\"twitter:data1\" content=\"1 minute\" \/>\n<script type=\"application\/ld+json\" class=\"yoast-schema-graph\">{\"@context\":\"https:\\\/\\\/schema.org\",\"@graph\":[{\"@type\":\"WebPage\",\"@id\":\"https:\\\/\\\/shop.bantam.ch\\\/fr\\\/produit\\\/aspirateur-a-main-sur-batterie-2-en-1-jaune-noir\\\/\",\"url\":\"https:\\\/\\\/shop.bantam.ch\\\/fr\\\/produit\\\/aspirateur-a-main-sur-batterie-2-en-1-jaune-noir\\\/\",\"name\":\"Aspirateur \u00e0 main sur batterie 2 en 1, jaune\\\/noir - Bantam Wankm\u00fcller SA\",\"isPartOf\":{\"@id\":\"https:\\\/\\\/shop.bantam.ch\\\/fr\\\/#website\"},\"primaryImageOfPage\":{\"@id\":\"https:\\\/\\\/shop.bantam.ch\\\/fr\\\/produit\\\/aspirateur-a-main-sur-batterie-2-en-1-jaune-noir\\\/#primaryimage\"},\"image\":{\"@id\":\"https:\\\/\\\/shop.bantam.ch\\\/fr\\\/produit\\\/aspirateur-a-main-sur-batterie-2-en-1-jaune-noir\\\/#primaryimage\"},\"thumbnailUrl\":\"https:\\\/\\\/shop.bantam.ch\\\/wp-content\\\/uploads\\\/2023\\\/02\\\/9951306-100-1-3.jpg\",\"datePublished\":\"2023-02-27T17:54:55+00:00\",\"dateModified\":\"2026-04-18T19:09:51+00:00\",\"breadcrumb\":{\"@id\":\"https:\\\/\\\/shop.bantam.ch\\\/fr\\\/produit\\\/aspirateur-a-main-sur-batterie-2-en-1-jaune-noir\\\/#breadcrumb\"},\"inLanguage\":\"fr-FR\",\"potentialAction\":[{\"@type\":\"ReadAction\",\"target\":[\"https:\\\/\\\/shop.bantam.ch\\\/fr\\\/produit\\\/aspirateur-a-main-sur-batterie-2-en-1-jaune-noir\\\/\"]}]},{\"@type\":\"ImageObject\",\"inLanguage\":\"fr-FR\",\"@id\":\"https:\\\/\\\/shop.bantam.ch\\\/fr\\\/produit\\\/aspirateur-a-main-sur-batterie-2-en-1-jaune-noir\\\/#primaryimage\",\"url\":\"https:\\\/\\\/shop.bantam.ch\\\/wp-content\\\/uploads\\\/2023\\\/02\\\/9951306-100-1-3.jpg\",\"contentUrl\":\"https:\\\/\\\/shop.bantam.ch\\\/wp-content\\\/uploads\\\/2023\\\/02\\\/9951306-100-1-3.jpg\",\"width\":1000,\"height\":659},{\"@type\":\"BreadcrumbList\",\"@id\":\"https:\\\/\\\/shop.bantam.ch\\\/fr\\\/produit\\\/aspirateur-a-main-sur-batterie-2-en-1-jaune-noir\\\/#breadcrumb\",\"itemListElement\":[{\"@type\":\"ListItem\",\"position\":1,\"name\":\"Accueil\",\"item\":\"https:\\\/\\\/shop.bantam.ch\\\/fr\\\/\"},{\"@type\":\"ListItem\",\"position\":2,\"name\":\"Boutique\",\"item\":\"https:\\\/\\\/shop.bantam.ch\\\/fr\\\/boutique\\\/\"},{\"@type\":\"ListItem\",\"position\":3,\"name\":\"Aspirateur \u00e0 main sur batterie 2 en 1, jaune\\\/noir\"}]},{\"@type\":\"WebSite\",\"@id\":\"https:\\\/\\\/shop.bantam.ch\\\/fr\\\/#website\",\"url\":\"https:\\\/\\\/shop.bantam.ch\\\/fr\\\/\",\"name\":\"Bantam Wankm\u00fcller SA\",\"description\":\"\",\"publisher\":{\"@id\":\"https:\\\/\\\/shop.bantam.ch\\\/fr\\\/#organization\"},\"inLanguage\":\"fr-FR\"},{\"@type\":\"Organization\",\"@id\":\"https:\\\/\\\/shop.bantam.ch\\\/fr\\\/#organization\",\"name\":\"Bantam Wankm\u00fcller SA\",\"url\":\"https:\\\/\\\/shop.bantam.ch\\\/fr\\\/\",\"logo\":{\"@type\":\"ImageObject\",\"inLanguage\":\"fr-FR\",\"@id\":\"https:\\\/\\\/shop.bantam.ch\\\/fr\\\/#\\\/schema\\\/logo\\\/image\\\/\",\"url\":\"https:\\\/\\\/shop.bantam.ch\\\/wp-content\\\/uploads\\\/2022\\\/12\\\/bantam-logo.png\",\"contentUrl\":\"https:\\\/\\\/shop.bantam.ch\\\/wp-content\\\/uploads\\\/2022\\\/12\\\/bantam-logo.png\",\"width\":320,\"height\":71,\"caption\":\"Bantam Wankm\u00fcller SA\"},\"image\":{\"@id\":\"https:\\\/\\\/shop.bantam.ch\\\/fr\\\/#\\\/schema\\\/logo\\\/image\\\/\"}}]}<\/script>\n<!-- \/ Yoast SEO plugin. -->","yoast_head_json":{"title":"Aspirateur \u00e0 main sur batterie 2 en 1, jaune\/noir - Bantam Wankm\u00fcller SA","robots":{"index":"index","follow":"follow","max-snippet":"max-snippet:-1","max-image-preview":"max-image-preview:large","max-video-preview":"max-video-preview:-1"},"canonical":"https:\/\/shop.bantam.ch\/fr\/produit\/aspirateur-a-main-sur-batterie-2-en-1-jaune-noir\/","og_locale":"fr_FR","og_type":"article","og_title":"Aspirateur \u00e0 main sur batterie 2 en 1, jaune\/noir - Bantam Wankm\u00fcller SA","og_description":"D\u00e9sormais, miettes, peluches et autres n&rsquo;ont plus aucune chance ! Avec l&rsquo;aspirateur \u00e0 main sur batterie, vous disposez toujours d&rsquo;une aide rapide contre la salet\u00e9, qu&rsquo;elle soit solide ou liquide ! Plus besoin, surtout pour les petits incidents, de sortir du placard le grand aspirateur encombrant avec son c\u00e2ble d&rsquo;un m\u00e8tre de long &#8211; d\u00e9sormais, [&hellip;]","og_url":"https:\/\/shop.bantam.ch\/fr\/produit\/aspirateur-a-main-sur-batterie-2-en-1-jaune-noir\/","og_site_name":"Bantam Wankm\u00fcller SA","article_modified_time":"2026-04-18T19:09:51+00:00","og_image":[{"width":1000,"height":659,"url":"https:\/\/shop.bantam.ch\/wp-content\/uploads\/2023\/02\/9951306-100-1-3.jpg","type":"image\/jpeg"}],"twitter_card":"summary_large_image","twitter_misc":{"Dur\u00e9e de lecture estim\u00e9e":"1 minute"},"schema":{"@context":"https:\/\/schema.org","@graph":[{"@type":"WebPage","@id":"https:\/\/shop.bantam.ch\/fr\/produit\/aspirateur-a-main-sur-batterie-2-en-1-jaune-noir\/","url":"https:\/\/shop.bantam.ch\/fr\/produit\/aspirateur-a-main-sur-batterie-2-en-1-jaune-noir\/","name":"Aspirateur \u00e0 main sur batterie 2 en 1, jaune\/noir - Bantam Wankm\u00fcller SA","isPartOf":{"@id":"https:\/\/shop.bantam.ch\/fr\/#website"},"primaryImageOfPage":{"@id":"https:\/\/shop.bantam.ch\/fr\/produit\/aspirateur-a-main-sur-batterie-2-en-1-jaune-noir\/#primaryimage"},"image":{"@id":"https:\/\/shop.bantam.ch\/fr\/produit\/aspirateur-a-main-sur-batterie-2-en-1-jaune-noir\/#primaryimage"},"thumbnailUrl":"https:\/\/shop.bantam.ch\/wp-content\/uploads\/2023\/02\/9951306-100-1-3.jpg","datePublished":"2023-02-27T17:54:55+00:00","dateModified":"2026-04-18T19:09:51+00:00","breadcrumb":{"@id":"https:\/\/shop.bantam.ch\/fr\/produit\/aspirateur-a-main-sur-batterie-2-en-1-jaune-noir\/#breadcrumb"},"inLanguage":"fr-FR","potentialAction":[{"@type":"ReadAction","target":["https:\/\/shop.bantam.ch\/fr\/produit\/aspirateur-a-main-sur-batterie-2-en-1-jaune-noir\/"]}]},{"@type":"ImageObject","inLanguage":"fr-FR","@id":"https:\/\/shop.bantam.ch\/fr\/produit\/aspirateur-a-main-sur-batterie-2-en-1-jaune-noir\/#primaryimage","url":"https:\/\/shop.bantam.ch\/wp-content\/uploads\/2023\/02\/9951306-100-1-3.jpg","contentUrl":"https:\/\/shop.bantam.ch\/wp-content\/uploads\/2023\/02\/9951306-100-1-3.jpg","width":1000,"height":659},{"@type":"BreadcrumbList","@id":"https:\/\/shop.bantam.ch\/fr\/produit\/aspirateur-a-main-sur-batterie-2-en-1-jaune-noir\/#breadcrumb","itemListElement":[{"@type":"ListItem","position":1,"name":"Accueil","item":"https:\/\/shop.bantam.ch\/fr\/"},{"@type":"ListItem","position":2,"name":"Boutique","item":"https:\/\/shop.bantam.ch\/fr\/boutique\/"},{"@type":"ListItem","position":3,"name":"Aspirateur \u00e0 main sur batterie 2 en 1, jaune\/noir"}]},{"@type":"WebSite","@id":"https:\/\/shop.bantam.ch\/fr\/#website","url":"https:\/\/shop.bantam.ch\/fr\/","name":"Bantam Wankm\u00fcller SA","description":"","publisher":{"@id":"https:\/\/shop.bantam.ch\/fr\/#organization"},"inLanguage":"fr-FR"},{"@type":"Organization","@id":"https:\/\/shop.bantam.ch\/fr\/#organization","name":"Bantam Wankm\u00fcller SA","url":"https:\/\/shop.bantam.ch\/fr\/","logo":{"@type":"ImageObject","inLanguage":"fr-FR","@id":"https:\/\/shop.bantam.ch\/fr\/#\/schema\/logo\/image\/","url":"https:\/\/shop.bantam.ch\/wp-content\/uploads\/2022\/12\/bantam-logo.png","contentUrl":"https:\/\/shop.bantam.ch\/wp-content\/uploads\/2022\/12\/bantam-logo.png","width":320,"height":71,"caption":"Bantam Wankm\u00fcller SA"},"image":{"@id":"https:\/\/shop.bantam.ch\/fr\/#\/schema\/logo\/image\/"}}]}},"_links":{"self":[{"href":"https:\/\/shop.bantam.ch\/fr\/wp-json\/wp\/v2\/product\/63989","targetHints":{"allow":["GET"]}}],"collection":[{"href":"https:\/\/shop.bantam.ch\/fr\/wp-json\/wp\/v2\/product"}],"about":[{"href":"https:\/\/shop.bantam.ch\/fr\/wp-json\/wp\/v2\/types\/product"}],"wp:featuredmedia":[{"embeddable":true,"href":"https:\/\/shop.bantam.ch\/fr\/wp-json\/wp\/v2\/media\/63979"}],"wp:attachment":[{"href":"https:\/\/shop.bantam.ch\/fr\/wp-json\/wp\/v2\/media?parent=63989"}],"wp:term":[{"taxonomy":"product_featured_cat","embeddable":true,"href":"https:\/\/shop.bantam.ch\/fr\/wp-json\/wp\/v2\/product_featured_cat?post=63989"},{"taxonomy":"product_brand","embeddable":true,"href":"https:\/\/shop.bantam.ch\/fr\/wp-json\/wp\/v2\/product_brand?post=63989"},{"taxonomy":"product_cat","embeddable":true,"href":"https:\/\/shop.bantam.ch\/fr\/wp-json\/wp\/v2\/product_cat?post=63989"},{"taxonomy":"product_tag","embeddable":true,"href":"https:\/\/shop.bantam.ch\/fr\/wp-json\/wp\/v2\/product_tag?post=63989"}],"curies":[{"name":"wp","href":"https:\/\/api.w.org\/{rel}","templated":true}]}}