{"id":63967,"date":"2023-02-27T18:54:42","date_gmt":"2023-02-27T17:54:42","guid":{"rendered":"http:\/\/shop.bantam.ch\/produit\/set-de-poeles-granitium-click-cook-3-pces-aluminium-noir\/"},"modified":"2026-04-17T21:09:28","modified_gmt":"2026-04-17T19:09:28","slug":"set-de-poeles-granitium-click-cook-3-pces-aluminium-noir","status":"publish","type":"product","link":"https:\/\/shop.bantam.ch\/fr\/produit\/set-de-poeles-granitium-click-cook-3-pces-aluminium-noir\/","title":{"rendered":"Lot po\u00eales alu Ballarini Click + Cook Granitium 3 pcs. noir"},"content":{"rendered":"<p>Poign\u00e9es pliantes, batterie de cuisine empilable. Po\u00eales en aluminium aspect pierre avec quadruple rev\u00eatement antiadh\u00e9sif avec particules min\u00e9rales. Adapt\u00e9es pour les ustensiles de cuisine m\u00e9talliques. Les poign\u00e9es peuvent \u00eatre pli\u00e9es et d\u00e9pli\u00e9es d&rsquo;un simple mouvement. Vous avez ainsi toujours de la place dans les placards de la cuisine, le r\u00e9frig\u00e9rateur ou le lave-vaisselle. Le dispositif de verrouillage brevet\u00e9 des poign\u00e9es permet une manipulation plus s\u00fbre pendant la cuisson. Convient aux cuisini\u00e8res \u00e0 gaz, c\u00e9ramiques, \u00e9lectriques et \u00e0 induction.\u00a0Garantie 5\u00a0ans.<\/p>\n<p>Set de 3 pi\u00e8ces comprenant :<\/p>\n<ul>\n<li>Po\u00eale, \u00d8 20 cm<\/li>\n<li>Po\u00eale, \u00d8 24\u00a0cm<\/li>\n<li>Po\u00eale, \u00d8 28 cm<\/li>\n<\/ul>\n","protected":false},"excerpt":{"rendered":"<p>Poign\u00e9es pliantes, batterie de cuisine empilable. Po\u00eales en aluminium aspect pierre avec quadruple rev\u00eatement antiadh\u00e9sif avec particules min\u00e9rales. Adapt\u00e9es pour les ustensiles de cuisine m\u00e9talliques. Les poign\u00e9es peuvent \u00eatre pli\u00e9es et d\u00e9pli\u00e9es d&rsquo;un simple mouvement. Vous avez ainsi toujours de la place dans les placards de la cuisine, le r\u00e9frig\u00e9rateur ou le lave-vaisselle. Le dispositif [&hellip;]<\/p>\n","protected":false},"featured_media":63965,"template":"","meta":{"_acf_changed":false},"product_featured_cat":[],"product_brand":[3278],"product_cat":[4265],"product_tag":[],"class_list":{"0":"post-63967","1":"product","2":"type-product","3":"status-publish","4":"has-post-thumbnail","6":"product_brand-ballarini","7":"product_cat-casseroles-poeles-et-sets","9":"first","10":"instock","11":"taxable","12":"shipping-taxable","13":"purchasable","14":"product-type-simple"},"acf":[],"yoast_head":"<!-- This site is optimized with the Yoast SEO plugin v27.4 - https:\/\/yoast.com\/product\/yoast-seo-wordpress\/ -->\n<title>Lot po\u00eales alu Ballarini Click + Cook Granitium 3 pcs. noir - Bantam Wankm\u00fcller SA<\/title>\n<meta name=\"robots\" content=\"index, follow, max-snippet:-1, max-image-preview:large, max-video-preview:-1\" \/>\n<link rel=\"canonical\" href=\"https:\/\/shop.bantam.ch\/fr\/produit\/set-de-poeles-granitium-click-cook-3-pces-aluminium-noir\/\" \/>\n<meta property=\"og:locale\" content=\"fr_FR\" \/>\n<meta property=\"og:type\" content=\"article\" \/>\n<meta property=\"og:title\" content=\"Lot po\u00eales alu Ballarini Click + Cook Granitium 3 pcs. noir - Bantam Wankm\u00fcller SA\" \/>\n<meta property=\"og:description\" content=\"Poign\u00e9es pliantes, batterie de cuisine empilable. Po\u00eales en aluminium aspect pierre avec quadruple rev\u00eatement antiadh\u00e9sif avec particules min\u00e9rales. Adapt\u00e9es pour les ustensiles de cuisine m\u00e9talliques. Les poign\u00e9es peuvent \u00eatre pli\u00e9es et d\u00e9pli\u00e9es d&rsquo;un simple mouvement. Vous avez ainsi toujours de la place dans les placards de la cuisine, le r\u00e9frig\u00e9rateur ou le lave-vaisselle. Le dispositif [&hellip;]\" \/>\n<meta property=\"og:url\" content=\"https:\/\/shop.bantam.ch\/fr\/produit\/set-de-poeles-granitium-click-cook-3-pces-aluminium-noir\/\" \/>\n<meta property=\"og:site_name\" content=\"Bantam Wankm\u00fcller SA\" \/>\n<meta property=\"article:modified_time\" content=\"2026-04-17T19:09:28+00:00\" \/>\n<meta property=\"og:image\" content=\"https:\/\/shop.bantam.ch\/wp-content\/uploads\/2023\/02\/9951281_100_1_3.jpg\" \/>\n\t<meta property=\"og:image:width\" content=\"1000\" \/>\n\t<meta property=\"og:image:height\" content=\"602\" \/>\n\t<meta property=\"og:image:type\" content=\"image\/jpeg\" \/>\n<meta name=\"twitter:card\" content=\"summary_large_image\" \/>\n<meta name=\"twitter:label1\" content=\"Dur\u00e9e de lecture estim\u00e9e\" \/>\n\t<meta name=\"twitter:data1\" content=\"1 minute\" \/>\n<script type=\"application\/ld+json\" class=\"yoast-schema-graph\">{\"@context\":\"https:\\\/\\\/schema.org\",\"@graph\":[{\"@type\":\"WebPage\",\"@id\":\"https:\\\/\\\/shop.bantam.ch\\\/fr\\\/produit\\\/set-de-poeles-granitium-click-cook-3-pces-aluminium-noir\\\/\",\"url\":\"https:\\\/\\\/shop.bantam.ch\\\/fr\\\/produit\\\/set-de-poeles-granitium-click-cook-3-pces-aluminium-noir\\\/\",\"name\":\"Lot po\u00eales alu Ballarini Click + Cook Granitium 3 pcs. noir - Bantam Wankm\u00fcller SA\",\"isPartOf\":{\"@id\":\"https:\\\/\\\/shop.bantam.ch\\\/fr\\\/#website\"},\"primaryImageOfPage\":{\"@id\":\"https:\\\/\\\/shop.bantam.ch\\\/fr\\\/produit\\\/set-de-poeles-granitium-click-cook-3-pces-aluminium-noir\\\/#primaryimage\"},\"image\":{\"@id\":\"https:\\\/\\\/shop.bantam.ch\\\/fr\\\/produit\\\/set-de-poeles-granitium-click-cook-3-pces-aluminium-noir\\\/#primaryimage\"},\"thumbnailUrl\":\"https:\\\/\\\/shop.bantam.ch\\\/wp-content\\\/uploads\\\/2023\\\/02\\\/9951281_100_1_3.jpg\",\"datePublished\":\"2023-02-27T17:54:42+00:00\",\"dateModified\":\"2026-04-17T19:09:28+00:00\",\"breadcrumb\":{\"@id\":\"https:\\\/\\\/shop.bantam.ch\\\/fr\\\/produit\\\/set-de-poeles-granitium-click-cook-3-pces-aluminium-noir\\\/#breadcrumb\"},\"inLanguage\":\"fr-FR\",\"potentialAction\":[{\"@type\":\"ReadAction\",\"target\":[\"https:\\\/\\\/shop.bantam.ch\\\/fr\\\/produit\\\/set-de-poeles-granitium-click-cook-3-pces-aluminium-noir\\\/\"]}]},{\"@type\":\"ImageObject\",\"inLanguage\":\"fr-FR\",\"@id\":\"https:\\\/\\\/shop.bantam.ch\\\/fr\\\/produit\\\/set-de-poeles-granitium-click-cook-3-pces-aluminium-noir\\\/#primaryimage\",\"url\":\"https:\\\/\\\/shop.bantam.ch\\\/wp-content\\\/uploads\\\/2023\\\/02\\\/9951281_100_1_3.jpg\",\"contentUrl\":\"https:\\\/\\\/shop.bantam.ch\\\/wp-content\\\/uploads\\\/2023\\\/02\\\/9951281_100_1_3.jpg\",\"width\":1000,\"height\":602},{\"@type\":\"BreadcrumbList\",\"@id\":\"https:\\\/\\\/shop.bantam.ch\\\/fr\\\/produit\\\/set-de-poeles-granitium-click-cook-3-pces-aluminium-noir\\\/#breadcrumb\",\"itemListElement\":[{\"@type\":\"ListItem\",\"position\":1,\"name\":\"Accueil\",\"item\":\"https:\\\/\\\/shop.bantam.ch\\\/fr\\\/\"},{\"@type\":\"ListItem\",\"position\":2,\"name\":\"Boutique\",\"item\":\"https:\\\/\\\/shop.bantam.ch\\\/fr\\\/boutique\\\/\"},{\"@type\":\"ListItem\",\"position\":3,\"name\":\"Lot po\u00eales alu Ballarini Click + Cook Granitium 3 pcs. noir\"}]},{\"@type\":\"WebSite\",\"@id\":\"https:\\\/\\\/shop.bantam.ch\\\/fr\\\/#website\",\"url\":\"https:\\\/\\\/shop.bantam.ch\\\/fr\\\/\",\"name\":\"Bantam Wankm\u00fcller SA\",\"description\":\"\",\"publisher\":{\"@id\":\"https:\\\/\\\/shop.bantam.ch\\\/fr\\\/#organization\"},\"inLanguage\":\"fr-FR\"},{\"@type\":\"Organization\",\"@id\":\"https:\\\/\\\/shop.bantam.ch\\\/fr\\\/#organization\",\"name\":\"Bantam Wankm\u00fcller SA\",\"url\":\"https:\\\/\\\/shop.bantam.ch\\\/fr\\\/\",\"logo\":{\"@type\":\"ImageObject\",\"inLanguage\":\"fr-FR\",\"@id\":\"https:\\\/\\\/shop.bantam.ch\\\/fr\\\/#\\\/schema\\\/logo\\\/image\\\/\",\"url\":\"https:\\\/\\\/shop.bantam.ch\\\/wp-content\\\/uploads\\\/2022\\\/12\\\/bantam-logo.png\",\"contentUrl\":\"https:\\\/\\\/shop.bantam.ch\\\/wp-content\\\/uploads\\\/2022\\\/12\\\/bantam-logo.png\",\"width\":320,\"height\":71,\"caption\":\"Bantam Wankm\u00fcller SA\"},\"image\":{\"@id\":\"https:\\\/\\\/shop.bantam.ch\\\/fr\\\/#\\\/schema\\\/logo\\\/image\\\/\"}}]}<\/script>\n<!-- \/ Yoast SEO plugin. -->","yoast_head_json":{"title":"Lot po\u00eales alu Ballarini Click + Cook Granitium 3 pcs. noir - Bantam Wankm\u00fcller SA","robots":{"index":"index","follow":"follow","max-snippet":"max-snippet:-1","max-image-preview":"max-image-preview:large","max-video-preview":"max-video-preview:-1"},"canonical":"https:\/\/shop.bantam.ch\/fr\/produit\/set-de-poeles-granitium-click-cook-3-pces-aluminium-noir\/","og_locale":"fr_FR","og_type":"article","og_title":"Lot po\u00eales alu Ballarini Click + Cook Granitium 3 pcs. noir - Bantam Wankm\u00fcller SA","og_description":"Poign\u00e9es pliantes, batterie de cuisine empilable. Po\u00eales en aluminium aspect pierre avec quadruple rev\u00eatement antiadh\u00e9sif avec particules min\u00e9rales. Adapt\u00e9es pour les ustensiles de cuisine m\u00e9talliques. Les poign\u00e9es peuvent \u00eatre pli\u00e9es et d\u00e9pli\u00e9es d&rsquo;un simple mouvement. Vous avez ainsi toujours de la place dans les placards de la cuisine, le r\u00e9frig\u00e9rateur ou le lave-vaisselle. Le dispositif [&hellip;]","og_url":"https:\/\/shop.bantam.ch\/fr\/produit\/set-de-poeles-granitium-click-cook-3-pces-aluminium-noir\/","og_site_name":"Bantam Wankm\u00fcller SA","article_modified_time":"2026-04-17T19:09:28+00:00","og_image":[{"width":1000,"height":602,"url":"https:\/\/shop.bantam.ch\/wp-content\/uploads\/2023\/02\/9951281_100_1_3.jpg","type":"image\/jpeg"}],"twitter_card":"summary_large_image","twitter_misc":{"Dur\u00e9e de lecture estim\u00e9e":"1 minute"},"schema":{"@context":"https:\/\/schema.org","@graph":[{"@type":"WebPage","@id":"https:\/\/shop.bantam.ch\/fr\/produit\/set-de-poeles-granitium-click-cook-3-pces-aluminium-noir\/","url":"https:\/\/shop.bantam.ch\/fr\/produit\/set-de-poeles-granitium-click-cook-3-pces-aluminium-noir\/","name":"Lot po\u00eales alu Ballarini Click + Cook Granitium 3 pcs. noir - Bantam Wankm\u00fcller SA","isPartOf":{"@id":"https:\/\/shop.bantam.ch\/fr\/#website"},"primaryImageOfPage":{"@id":"https:\/\/shop.bantam.ch\/fr\/produit\/set-de-poeles-granitium-click-cook-3-pces-aluminium-noir\/#primaryimage"},"image":{"@id":"https:\/\/shop.bantam.ch\/fr\/produit\/set-de-poeles-granitium-click-cook-3-pces-aluminium-noir\/#primaryimage"},"thumbnailUrl":"https:\/\/shop.bantam.ch\/wp-content\/uploads\/2023\/02\/9951281_100_1_3.jpg","datePublished":"2023-02-27T17:54:42+00:00","dateModified":"2026-04-17T19:09:28+00:00","breadcrumb":{"@id":"https:\/\/shop.bantam.ch\/fr\/produit\/set-de-poeles-granitium-click-cook-3-pces-aluminium-noir\/#breadcrumb"},"inLanguage":"fr-FR","potentialAction":[{"@type":"ReadAction","target":["https:\/\/shop.bantam.ch\/fr\/produit\/set-de-poeles-granitium-click-cook-3-pces-aluminium-noir\/"]}]},{"@type":"ImageObject","inLanguage":"fr-FR","@id":"https:\/\/shop.bantam.ch\/fr\/produit\/set-de-poeles-granitium-click-cook-3-pces-aluminium-noir\/#primaryimage","url":"https:\/\/shop.bantam.ch\/wp-content\/uploads\/2023\/02\/9951281_100_1_3.jpg","contentUrl":"https:\/\/shop.bantam.ch\/wp-content\/uploads\/2023\/02\/9951281_100_1_3.jpg","width":1000,"height":602},{"@type":"BreadcrumbList","@id":"https:\/\/shop.bantam.ch\/fr\/produit\/set-de-poeles-granitium-click-cook-3-pces-aluminium-noir\/#breadcrumb","itemListElement":[{"@type":"ListItem","position":1,"name":"Accueil","item":"https:\/\/shop.bantam.ch\/fr\/"},{"@type":"ListItem","position":2,"name":"Boutique","item":"https:\/\/shop.bantam.ch\/fr\/boutique\/"},{"@type":"ListItem","position":3,"name":"Lot po\u00eales alu Ballarini Click + Cook Granitium 3 pcs. noir"}]},{"@type":"WebSite","@id":"https:\/\/shop.bantam.ch\/fr\/#website","url":"https:\/\/shop.bantam.ch\/fr\/","name":"Bantam Wankm\u00fcller SA","description":"","publisher":{"@id":"https:\/\/shop.bantam.ch\/fr\/#organization"},"inLanguage":"fr-FR"},{"@type":"Organization","@id":"https:\/\/shop.bantam.ch\/fr\/#organization","name":"Bantam Wankm\u00fcller SA","url":"https:\/\/shop.bantam.ch\/fr\/","logo":{"@type":"ImageObject","inLanguage":"fr-FR","@id":"https:\/\/shop.bantam.ch\/fr\/#\/schema\/logo\/image\/","url":"https:\/\/shop.bantam.ch\/wp-content\/uploads\/2022\/12\/bantam-logo.png","contentUrl":"https:\/\/shop.bantam.ch\/wp-content\/uploads\/2022\/12\/bantam-logo.png","width":320,"height":71,"caption":"Bantam Wankm\u00fcller SA"},"image":{"@id":"https:\/\/shop.bantam.ch\/fr\/#\/schema\/logo\/image\/"}}]}},"_links":{"self":[{"href":"https:\/\/shop.bantam.ch\/fr\/wp-json\/wp\/v2\/product\/63967","targetHints":{"allow":["GET"]}}],"collection":[{"href":"https:\/\/shop.bantam.ch\/fr\/wp-json\/wp\/v2\/product"}],"about":[{"href":"https:\/\/shop.bantam.ch\/fr\/wp-json\/wp\/v2\/types\/product"}],"wp:featuredmedia":[{"embeddable":true,"href":"https:\/\/shop.bantam.ch\/fr\/wp-json\/wp\/v2\/media\/63965"}],"wp:attachment":[{"href":"https:\/\/shop.bantam.ch\/fr\/wp-json\/wp\/v2\/media?parent=63967"}],"wp:term":[{"taxonomy":"product_featured_cat","embeddable":true,"href":"https:\/\/shop.bantam.ch\/fr\/wp-json\/wp\/v2\/product_featured_cat?post=63967"},{"taxonomy":"product_brand","embeddable":true,"href":"https:\/\/shop.bantam.ch\/fr\/wp-json\/wp\/v2\/product_brand?post=63967"},{"taxonomy":"product_cat","embeddable":true,"href":"https:\/\/shop.bantam.ch\/fr\/wp-json\/wp\/v2\/product_cat?post=63967"},{"taxonomy":"product_tag","embeddable":true,"href":"https:\/\/shop.bantam.ch\/fr\/wp-json\/wp\/v2\/product_tag?post=63967"}],"curies":[{"name":"wp","href":"https:\/\/api.w.org\/{rel}","templated":true}]}}