{"id":63865,"date":"2023-02-27T18:52:29","date_gmt":"2023-02-27T17:52:29","guid":{"rendered":"http:\/\/shop.bantam.ch\/produit\/cassette-pour-toilette-c-262-cwe-sans-porte\/"},"modified":"2026-04-19T21:10:34","modified_gmt":"2026-04-19T19:10:34","slug":"cassette-pour-toilette-c-262-cwe-sans-porte","status":"publish","type":"product","link":"https:\/\/shop.bantam.ch\/fr\/produit\/cassette-pour-toilette-c-262-cwe-sans-porte\/","title":{"rendered":"Toilettes \u00e0 cassette Thetford C 262 CWE sans portes &amp;trappe remplissage eau fr. Blanc"},"content":{"rendered":"<p>Les toilettes \u00e0 cassette\u00a0C260 sont la nouvelle version des toilettes \u00e0 cassette\u00a0C250. L\u2019excellent design contemporain du mod\u00e8le\u00a0C250 n\u2019a pas \u00e9t\u00e9 remani\u00e9. Toutefois, le mod\u00e8le\u00a0C260 compte quelques nouvelles caract\u00e9ristiques \u00e9tonnantes, comme un si\u00e8ge et un couvercle plus stables, une cuvette particuli\u00e8rement facile \u00e0 nettoyer et un meilleur syst\u00e8me de chasse d\u2019eau. Ces toilettes sont aussi disponibles avec une cuvette enti\u00e8rement en c\u00e9ramique, pour le m\u00eame confort qu\u2019\u00e0 la maison.<\/p>\n<ul>\n<li>Design contemporain, comme \u00e0 la maison<\/li>\n<li>Utilisation optimale de l\u2019espace\u00a0: la cuvette pivote \u00e0 90\u00b0 dans les deux sens<\/li>\n<li>Confort d\u2019assise maximal<\/li>\n<li>Nouvelle cuvette particuli\u00e8rement facile \u00e0 nettoyer<\/li>\n<li>Plastique de haute qualit\u00e9 pour une plus longue dur\u00e9e de vie<\/li>\n<li>La version en c\u00e9ramique assure un confort d\u2019utilisation et un niveau d\u2019hygi\u00e8ne optimaux, comme \u00e0 la maison<\/li>\n<li>Syst\u00e8me de chasse d\u2019eau performant<\/li>\n<li>Syst\u00e8me de chasse d\u2019eau \u00e9lectrique<\/li>\n<li>Capacit\u00e9\u00a0: R\u00e9servoir \u00e0 mati\u00e8res\u00a0: 17,5\u00a0L<\/li>\n<li>Capacit\u00e9\u00a0: R\u00e9servoir d\u2019eau claire\u00a0: 8\u00a0L<\/li>\n<li>Hauteur d\u2019assise : 467\u00a0mm<\/li>\n<\/ul>\n<p>Contenu de la livraison :<br \/>Sans trappe de service, ni trappe de remplissage d\u2019eau<\/p>\n","protected":false},"excerpt":{"rendered":"<p>Les toilettes \u00e0 cassette\u00a0C260 sont la nouvelle version des toilettes \u00e0 cassette\u00a0C250. L\u2019excellent design contemporain du mod\u00e8le\u00a0C250 n\u2019a pas \u00e9t\u00e9 remani\u00e9. Toutefois, le mod\u00e8le\u00a0C260 compte quelques nouvelles caract\u00e9ristiques \u00e9tonnantes, comme un si\u00e8ge et un couvercle plus stables, une cuvette particuli\u00e8rement facile \u00e0 nettoyer et un meilleur syst\u00e8me de chasse d\u2019eau. Ces toilettes sont aussi disponibles [&hellip;]<\/p>\n","protected":false},"featured_media":63863,"template":"","meta":{"_acf_changed":false},"product_featured_cat":[],"product_brand":[3066],"product_cat":[4595],"product_tag":[],"class_list":{"0":"post-63865","1":"product","2":"type-product","3":"status-publish","4":"has-post-thumbnail","6":"product_brand-thetford","7":"product_cat-toilettes-encastrables","9":"first","10":"instock","11":"taxable","12":"shipping-taxable","13":"purchasable","14":"product-type-simple"},"acf":[],"yoast_head":"<!-- This site is optimized with the Yoast SEO plugin v27.4 - https:\/\/yoast.com\/product\/yoast-seo-wordpress\/ -->\n<title>Toilettes \u00e0 cassette Thetford C 262 CWE sans portes &amp;trappe remplissage eau fr. Blanc - Bantam Wankm\u00fcller SA<\/title>\n<meta name=\"robots\" content=\"index, follow, max-snippet:-1, max-image-preview:large, max-video-preview:-1\" \/>\n<link rel=\"canonical\" href=\"https:\/\/shop.bantam.ch\/fr\/produit\/cassette-pour-toilette-c-262-cwe-sans-porte\/\" \/>\n<meta property=\"og:locale\" content=\"fr_FR\" \/>\n<meta property=\"og:type\" content=\"article\" \/>\n<meta property=\"og:title\" content=\"Toilettes \u00e0 cassette Thetford C 262 CWE sans portes &amp;trappe remplissage eau fr. Blanc - Bantam Wankm\u00fcller SA\" \/>\n<meta property=\"og:description\" content=\"Les toilettes \u00e0 cassette\u00a0C260 sont la nouvelle version des toilettes \u00e0 cassette\u00a0C250. L\u2019excellent design contemporain du mod\u00e8le\u00a0C250 n\u2019a pas \u00e9t\u00e9 remani\u00e9. Toutefois, le mod\u00e8le\u00a0C260 compte quelques nouvelles caract\u00e9ristiques \u00e9tonnantes, comme un si\u00e8ge et un couvercle plus stables, une cuvette particuli\u00e8rement facile \u00e0 nettoyer et un meilleur syst\u00e8me de chasse d\u2019eau. Ces toilettes sont aussi disponibles [&hellip;]\" \/>\n<meta property=\"og:url\" content=\"https:\/\/shop.bantam.ch\/fr\/produit\/cassette-pour-toilette-c-262-cwe-sans-porte\/\" \/>\n<meta property=\"og:site_name\" content=\"Bantam Wankm\u00fcller SA\" \/>\n<meta property=\"article:modified_time\" content=\"2026-04-19T19:10:34+00:00\" \/>\n<meta property=\"og:image\" content=\"https:\/\/shop.bantam.ch\/wp-content\/uploads\/2023\/02\/9960120-100-1-3.jpg\" \/>\n\t<meta property=\"og:image:width\" content=\"667\" \/>\n\t<meta property=\"og:image:height\" content=\"1000\" \/>\n\t<meta property=\"og:image:type\" content=\"image\/jpeg\" \/>\n<meta name=\"twitter:card\" content=\"summary_large_image\" \/>\n<meta name=\"twitter:label1\" content=\"Dur\u00e9e de lecture estim\u00e9e\" \/>\n\t<meta name=\"twitter:data1\" content=\"1 minute\" \/>\n<script type=\"application\/ld+json\" class=\"yoast-schema-graph\">{\"@context\":\"https:\\\/\\\/schema.org\",\"@graph\":[{\"@type\":\"WebPage\",\"@id\":\"https:\\\/\\\/shop.bantam.ch\\\/fr\\\/produit\\\/cassette-pour-toilette-c-262-cwe-sans-porte\\\/\",\"url\":\"https:\\\/\\\/shop.bantam.ch\\\/fr\\\/produit\\\/cassette-pour-toilette-c-262-cwe-sans-porte\\\/\",\"name\":\"Toilettes \u00e0 cassette Thetford C 262 CWE sans portes &amp;trappe remplissage eau fr. Blanc - Bantam Wankm\u00fcller SA\",\"isPartOf\":{\"@id\":\"https:\\\/\\\/shop.bantam.ch\\\/fr\\\/#website\"},\"primaryImageOfPage\":{\"@id\":\"https:\\\/\\\/shop.bantam.ch\\\/fr\\\/produit\\\/cassette-pour-toilette-c-262-cwe-sans-porte\\\/#primaryimage\"},\"image\":{\"@id\":\"https:\\\/\\\/shop.bantam.ch\\\/fr\\\/produit\\\/cassette-pour-toilette-c-262-cwe-sans-porte\\\/#primaryimage\"},\"thumbnailUrl\":\"https:\\\/\\\/shop.bantam.ch\\\/wp-content\\\/uploads\\\/2023\\\/02\\\/9960120-100-1-3.jpg\",\"datePublished\":\"2023-02-27T17:52:29+00:00\",\"dateModified\":\"2026-04-19T19:10:34+00:00\",\"breadcrumb\":{\"@id\":\"https:\\\/\\\/shop.bantam.ch\\\/fr\\\/produit\\\/cassette-pour-toilette-c-262-cwe-sans-porte\\\/#breadcrumb\"},\"inLanguage\":\"fr-FR\",\"potentialAction\":[{\"@type\":\"ReadAction\",\"target\":[\"https:\\\/\\\/shop.bantam.ch\\\/fr\\\/produit\\\/cassette-pour-toilette-c-262-cwe-sans-porte\\\/\"]}]},{\"@type\":\"ImageObject\",\"inLanguage\":\"fr-FR\",\"@id\":\"https:\\\/\\\/shop.bantam.ch\\\/fr\\\/produit\\\/cassette-pour-toilette-c-262-cwe-sans-porte\\\/#primaryimage\",\"url\":\"https:\\\/\\\/shop.bantam.ch\\\/wp-content\\\/uploads\\\/2023\\\/02\\\/9960120-100-1-3.jpg\",\"contentUrl\":\"https:\\\/\\\/shop.bantam.ch\\\/wp-content\\\/uploads\\\/2023\\\/02\\\/9960120-100-1-3.jpg\",\"width\":667,\"height\":1000},{\"@type\":\"BreadcrumbList\",\"@id\":\"https:\\\/\\\/shop.bantam.ch\\\/fr\\\/produit\\\/cassette-pour-toilette-c-262-cwe-sans-porte\\\/#breadcrumb\",\"itemListElement\":[{\"@type\":\"ListItem\",\"position\":1,\"name\":\"Accueil\",\"item\":\"https:\\\/\\\/shop.bantam.ch\\\/fr\\\/\"},{\"@type\":\"ListItem\",\"position\":2,\"name\":\"Boutique\",\"item\":\"https:\\\/\\\/shop.bantam.ch\\\/fr\\\/boutique\\\/\"},{\"@type\":\"ListItem\",\"position\":3,\"name\":\"Toilettes \u00e0 cassette Thetford C 262 CWE sans portes &amp;trappe remplissage eau fr. Blanc\"}]},{\"@type\":\"WebSite\",\"@id\":\"https:\\\/\\\/shop.bantam.ch\\\/fr\\\/#website\",\"url\":\"https:\\\/\\\/shop.bantam.ch\\\/fr\\\/\",\"name\":\"Bantam Wankm\u00fcller SA\",\"description\":\"\",\"publisher\":{\"@id\":\"https:\\\/\\\/shop.bantam.ch\\\/fr\\\/#organization\"},\"inLanguage\":\"fr-FR\"},{\"@type\":\"Organization\",\"@id\":\"https:\\\/\\\/shop.bantam.ch\\\/fr\\\/#organization\",\"name\":\"Bantam Wankm\u00fcller SA\",\"url\":\"https:\\\/\\\/shop.bantam.ch\\\/fr\\\/\",\"logo\":{\"@type\":\"ImageObject\",\"inLanguage\":\"fr-FR\",\"@id\":\"https:\\\/\\\/shop.bantam.ch\\\/fr\\\/#\\\/schema\\\/logo\\\/image\\\/\",\"url\":\"https:\\\/\\\/shop.bantam.ch\\\/wp-content\\\/uploads\\\/2022\\\/12\\\/bantam-logo.png\",\"contentUrl\":\"https:\\\/\\\/shop.bantam.ch\\\/wp-content\\\/uploads\\\/2022\\\/12\\\/bantam-logo.png\",\"width\":320,\"height\":71,\"caption\":\"Bantam Wankm\u00fcller SA\"},\"image\":{\"@id\":\"https:\\\/\\\/shop.bantam.ch\\\/fr\\\/#\\\/schema\\\/logo\\\/image\\\/\"}}]}<\/script>\n<!-- \/ Yoast SEO plugin. -->","yoast_head_json":{"title":"Toilettes \u00e0 cassette Thetford C 262 CWE sans portes &amp;trappe remplissage eau fr. Blanc - Bantam Wankm\u00fcller SA","robots":{"index":"index","follow":"follow","max-snippet":"max-snippet:-1","max-image-preview":"max-image-preview:large","max-video-preview":"max-video-preview:-1"},"canonical":"https:\/\/shop.bantam.ch\/fr\/produit\/cassette-pour-toilette-c-262-cwe-sans-porte\/","og_locale":"fr_FR","og_type":"article","og_title":"Toilettes \u00e0 cassette Thetford C 262 CWE sans portes &amp;trappe remplissage eau fr. Blanc - Bantam Wankm\u00fcller SA","og_description":"Les toilettes \u00e0 cassette\u00a0C260 sont la nouvelle version des toilettes \u00e0 cassette\u00a0C250. L\u2019excellent design contemporain du mod\u00e8le\u00a0C250 n\u2019a pas \u00e9t\u00e9 remani\u00e9. Toutefois, le mod\u00e8le\u00a0C260 compte quelques nouvelles caract\u00e9ristiques \u00e9tonnantes, comme un si\u00e8ge et un couvercle plus stables, une cuvette particuli\u00e8rement facile \u00e0 nettoyer et un meilleur syst\u00e8me de chasse d\u2019eau. Ces toilettes sont aussi disponibles [&hellip;]","og_url":"https:\/\/shop.bantam.ch\/fr\/produit\/cassette-pour-toilette-c-262-cwe-sans-porte\/","og_site_name":"Bantam Wankm\u00fcller SA","article_modified_time":"2026-04-19T19:10:34+00:00","og_image":[{"width":667,"height":1000,"url":"https:\/\/shop.bantam.ch\/wp-content\/uploads\/2023\/02\/9960120-100-1-3.jpg","type":"image\/jpeg"}],"twitter_card":"summary_large_image","twitter_misc":{"Dur\u00e9e de lecture estim\u00e9e":"1 minute"},"schema":{"@context":"https:\/\/schema.org","@graph":[{"@type":"WebPage","@id":"https:\/\/shop.bantam.ch\/fr\/produit\/cassette-pour-toilette-c-262-cwe-sans-porte\/","url":"https:\/\/shop.bantam.ch\/fr\/produit\/cassette-pour-toilette-c-262-cwe-sans-porte\/","name":"Toilettes \u00e0 cassette Thetford C 262 CWE sans portes &amp;trappe remplissage eau fr. Blanc - Bantam Wankm\u00fcller SA","isPartOf":{"@id":"https:\/\/shop.bantam.ch\/fr\/#website"},"primaryImageOfPage":{"@id":"https:\/\/shop.bantam.ch\/fr\/produit\/cassette-pour-toilette-c-262-cwe-sans-porte\/#primaryimage"},"image":{"@id":"https:\/\/shop.bantam.ch\/fr\/produit\/cassette-pour-toilette-c-262-cwe-sans-porte\/#primaryimage"},"thumbnailUrl":"https:\/\/shop.bantam.ch\/wp-content\/uploads\/2023\/02\/9960120-100-1-3.jpg","datePublished":"2023-02-27T17:52:29+00:00","dateModified":"2026-04-19T19:10:34+00:00","breadcrumb":{"@id":"https:\/\/shop.bantam.ch\/fr\/produit\/cassette-pour-toilette-c-262-cwe-sans-porte\/#breadcrumb"},"inLanguage":"fr-FR","potentialAction":[{"@type":"ReadAction","target":["https:\/\/shop.bantam.ch\/fr\/produit\/cassette-pour-toilette-c-262-cwe-sans-porte\/"]}]},{"@type":"ImageObject","inLanguage":"fr-FR","@id":"https:\/\/shop.bantam.ch\/fr\/produit\/cassette-pour-toilette-c-262-cwe-sans-porte\/#primaryimage","url":"https:\/\/shop.bantam.ch\/wp-content\/uploads\/2023\/02\/9960120-100-1-3.jpg","contentUrl":"https:\/\/shop.bantam.ch\/wp-content\/uploads\/2023\/02\/9960120-100-1-3.jpg","width":667,"height":1000},{"@type":"BreadcrumbList","@id":"https:\/\/shop.bantam.ch\/fr\/produit\/cassette-pour-toilette-c-262-cwe-sans-porte\/#breadcrumb","itemListElement":[{"@type":"ListItem","position":1,"name":"Accueil","item":"https:\/\/shop.bantam.ch\/fr\/"},{"@type":"ListItem","position":2,"name":"Boutique","item":"https:\/\/shop.bantam.ch\/fr\/boutique\/"},{"@type":"ListItem","position":3,"name":"Toilettes \u00e0 cassette Thetford C 262 CWE sans portes &amp;trappe remplissage eau fr. Blanc"}]},{"@type":"WebSite","@id":"https:\/\/shop.bantam.ch\/fr\/#website","url":"https:\/\/shop.bantam.ch\/fr\/","name":"Bantam Wankm\u00fcller SA","description":"","publisher":{"@id":"https:\/\/shop.bantam.ch\/fr\/#organization"},"inLanguage":"fr-FR"},{"@type":"Organization","@id":"https:\/\/shop.bantam.ch\/fr\/#organization","name":"Bantam Wankm\u00fcller SA","url":"https:\/\/shop.bantam.ch\/fr\/","logo":{"@type":"ImageObject","inLanguage":"fr-FR","@id":"https:\/\/shop.bantam.ch\/fr\/#\/schema\/logo\/image\/","url":"https:\/\/shop.bantam.ch\/wp-content\/uploads\/2022\/12\/bantam-logo.png","contentUrl":"https:\/\/shop.bantam.ch\/wp-content\/uploads\/2022\/12\/bantam-logo.png","width":320,"height":71,"caption":"Bantam Wankm\u00fcller SA"},"image":{"@id":"https:\/\/shop.bantam.ch\/fr\/#\/schema\/logo\/image\/"}}]}},"_links":{"self":[{"href":"https:\/\/shop.bantam.ch\/fr\/wp-json\/wp\/v2\/product\/63865","targetHints":{"allow":["GET"]}}],"collection":[{"href":"https:\/\/shop.bantam.ch\/fr\/wp-json\/wp\/v2\/product"}],"about":[{"href":"https:\/\/shop.bantam.ch\/fr\/wp-json\/wp\/v2\/types\/product"}],"wp:featuredmedia":[{"embeddable":true,"href":"https:\/\/shop.bantam.ch\/fr\/wp-json\/wp\/v2\/media\/63863"}],"wp:attachment":[{"href":"https:\/\/shop.bantam.ch\/fr\/wp-json\/wp\/v2\/media?parent=63865"}],"wp:term":[{"taxonomy":"product_featured_cat","embeddable":true,"href":"https:\/\/shop.bantam.ch\/fr\/wp-json\/wp\/v2\/product_featured_cat?post=63865"},{"taxonomy":"product_brand","embeddable":true,"href":"https:\/\/shop.bantam.ch\/fr\/wp-json\/wp\/v2\/product_brand?post=63865"},{"taxonomy":"product_cat","embeddable":true,"href":"https:\/\/shop.bantam.ch\/fr\/wp-json\/wp\/v2\/product_cat?post=63865"},{"taxonomy":"product_tag","embeddable":true,"href":"https:\/\/shop.bantam.ch\/fr\/wp-json\/wp\/v2\/product_tag?post=63865"}],"curies":[{"name":"wp","href":"https:\/\/api.w.org\/{rel}","templated":true}]}}