{"id":63845,"date":"2023-02-27T18:52:01","date_gmt":"2023-02-27T17:52:01","guid":{"rendered":"http:\/\/shop.bantam.ch\/produit\/cassette-pour-toilette-c-223-s-sans-porte\/"},"modified":"2026-04-20T21:09:19","modified_gmt":"2026-04-20T19:09:19","slug":"cassette-pour-toilette-c-223-s-sans-porte","status":"publish","type":"product","link":"https:\/\/shop.bantam.ch\/fr\/produit\/cassette-pour-toilette-c-223-s-sans-porte\/","title":{"rendered":"Toilettes \u00e0 cassette Thetford C 223 S sans portes Blanc"},"content":{"rendered":"<p>Les toilettes \u00e0 cassette\u00a0C220 sont \u00e9quip\u00e9es d\u2019une cuvette que l\u2019on peut faire pivoter de 90\u00b0 dans les deux sens. En pressant le si\u00e8ge vers le bas, la cuvette se verrouille dans la position souhait\u00e9e. Les toilettes \u00e0 cassette\u00a0C220 peuvent \u00eatre mont\u00e9es librement sur toutes les parois ext\u00e9rieures du v\u00e9hicule. \u00c9tant donn\u00e9 que vous pouvez tourner la cuvette des toilettes avant utilisation, vous b\u00e9n\u00e9ficiez d\u2019un confort optimal et ne perdez pas de place pr\u00e9cieuse.<\/p>\n<ul>\n<li>Utilisation optimale de l\u2019espace<\/li>\n<li>Longue dur\u00e9e de vie, simple \u00e0 utiliser et \u00e0 entretenir<\/li>\n<li>Acc\u00e8s facile au r\u00e9servoir \u00e0 mati\u00e8res depuis l\u2019ext\u00e9rieur<\/li>\n<li>Syst\u00e8me de chasse d\u2019eau performant<\/li>\n<li>Chasse d\u2019eau silencieuse<\/li>\n<li>Gobelet doseur int\u00e9gr\u00e9 dans le manchon de vidange<\/li>\n<li>L\u2019indicateur de niveau de remplissage signale quand vider le r\u00e9servoir \u00e0 mati\u00e8res<\/li>\n<li>Bouton de purge d\u2019air pour une vidange sans \u00e9claboussures<\/li>\n<li>Vanne de ventilation automatique\u00a0: \u00e9vite la formation de gaz dangereux sous haute pression et permet d\u2019ouvrir le r\u00e9servoir \u00e0 mati\u00e8res sans \u00e9claboussures<\/li>\n<li>Alimentation en eau ind\u00e9pendante et possibilit\u00e9s de raccordement au r\u00e9servoir d\u2019eau central du v\u00e9hicule<\/li>\n<li>Syst\u00e8me de chasse d\u2019eau \u00e9lectrique<\/li>\n<li>Hauteur d\u2019assise\u00a0: 492\u00a0mm<\/li>\n<li>Capacit\u00e9 du r\u00e9servoir \u00e0 mati\u00e8res\u00a0: 18\u00a0L<\/li>\n<\/ul>\n<p>Contenu de la livraison :<br \/>Sans trappe de service, ni trappe de remplissage d\u2019eau<\/p>\n","protected":false},"excerpt":{"rendered":"<p>Les toilettes \u00e0 cassette\u00a0C220 sont \u00e9quip\u00e9es d\u2019une cuvette que l\u2019on peut faire pivoter de 90\u00b0 dans les deux sens. En pressant le si\u00e8ge vers le bas, la cuvette se verrouille dans la position souhait\u00e9e. Les toilettes \u00e0 cassette\u00a0C220 peuvent \u00eatre mont\u00e9es librement sur toutes les parois ext\u00e9rieures du v\u00e9hicule. \u00c9tant donn\u00e9 que vous pouvez tourner [&hellip;]<\/p>\n","protected":false},"featured_media":63843,"template":"","meta":{"_acf_changed":false},"product_featured_cat":[],"product_brand":[3066],"product_cat":[4595],"product_tag":[],"class_list":{"0":"post-63845","1":"product","2":"type-product","3":"status-publish","4":"has-post-thumbnail","6":"product_brand-thetford","7":"product_cat-toilettes-encastrables","9":"first","10":"instock","11":"taxable","12":"shipping-taxable","13":"purchasable","14":"product-type-simple"},"acf":[],"yoast_head":"<!-- This site is optimized with the Yoast SEO plugin v27.4 - https:\/\/yoast.com\/product\/yoast-seo-wordpress\/ -->\n<title>Toilettes \u00e0 cassette Thetford C 223 S sans portes Blanc - Bantam Wankm\u00fcller SA<\/title>\n<meta name=\"robots\" content=\"index, follow, max-snippet:-1, max-image-preview:large, max-video-preview:-1\" \/>\n<link rel=\"canonical\" href=\"https:\/\/shop.bantam.ch\/fr\/produit\/cassette-pour-toilette-c-223-s-sans-porte\/\" \/>\n<meta property=\"og:locale\" content=\"fr_FR\" \/>\n<meta property=\"og:type\" content=\"article\" \/>\n<meta property=\"og:title\" content=\"Toilettes \u00e0 cassette Thetford C 223 S sans portes Blanc - Bantam Wankm\u00fcller SA\" \/>\n<meta property=\"og:description\" content=\"Les toilettes \u00e0 cassette\u00a0C220 sont \u00e9quip\u00e9es d\u2019une cuvette que l\u2019on peut faire pivoter de 90\u00b0 dans les deux sens. En pressant le si\u00e8ge vers le bas, la cuvette se verrouille dans la position souhait\u00e9e. Les toilettes \u00e0 cassette\u00a0C220 peuvent \u00eatre mont\u00e9es librement sur toutes les parois ext\u00e9rieures du v\u00e9hicule. \u00c9tant donn\u00e9 que vous pouvez tourner [&hellip;]\" \/>\n<meta property=\"og:url\" content=\"https:\/\/shop.bantam.ch\/fr\/produit\/cassette-pour-toilette-c-223-s-sans-porte\/\" \/>\n<meta property=\"og:site_name\" content=\"Bantam Wankm\u00fcller SA\" \/>\n<meta property=\"article:modified_time\" content=\"2026-04-20T19:09:19+00:00\" \/>\n<meta property=\"og:image\" content=\"https:\/\/shop.bantam.ch\/wp-content\/uploads\/2023\/02\/9960105-100-1-3.jpg\" \/>\n\t<meta property=\"og:image:width\" content=\"750\" \/>\n\t<meta property=\"og:image:height\" content=\"1000\" \/>\n\t<meta property=\"og:image:type\" content=\"image\/jpeg\" \/>\n<meta name=\"twitter:card\" content=\"summary_large_image\" \/>\n<meta name=\"twitter:label1\" content=\"Dur\u00e9e de lecture estim\u00e9e\" \/>\n\t<meta name=\"twitter:data1\" content=\"1 minute\" \/>\n<script type=\"application\/ld+json\" class=\"yoast-schema-graph\">{\"@context\":\"https:\\\/\\\/schema.org\",\"@graph\":[{\"@type\":\"WebPage\",\"@id\":\"https:\\\/\\\/shop.bantam.ch\\\/fr\\\/produit\\\/cassette-pour-toilette-c-223-s-sans-porte\\\/\",\"url\":\"https:\\\/\\\/shop.bantam.ch\\\/fr\\\/produit\\\/cassette-pour-toilette-c-223-s-sans-porte\\\/\",\"name\":\"Toilettes \u00e0 cassette Thetford C 223 S sans portes Blanc - Bantam Wankm\u00fcller SA\",\"isPartOf\":{\"@id\":\"https:\\\/\\\/shop.bantam.ch\\\/fr\\\/#website\"},\"primaryImageOfPage\":{\"@id\":\"https:\\\/\\\/shop.bantam.ch\\\/fr\\\/produit\\\/cassette-pour-toilette-c-223-s-sans-porte\\\/#primaryimage\"},\"image\":{\"@id\":\"https:\\\/\\\/shop.bantam.ch\\\/fr\\\/produit\\\/cassette-pour-toilette-c-223-s-sans-porte\\\/#primaryimage\"},\"thumbnailUrl\":\"https:\\\/\\\/shop.bantam.ch\\\/wp-content\\\/uploads\\\/2023\\\/02\\\/9960105-100-1-3.jpg\",\"datePublished\":\"2023-02-27T17:52:01+00:00\",\"dateModified\":\"2026-04-20T19:09:19+00:00\",\"breadcrumb\":{\"@id\":\"https:\\\/\\\/shop.bantam.ch\\\/fr\\\/produit\\\/cassette-pour-toilette-c-223-s-sans-porte\\\/#breadcrumb\"},\"inLanguage\":\"fr-FR\",\"potentialAction\":[{\"@type\":\"ReadAction\",\"target\":[\"https:\\\/\\\/shop.bantam.ch\\\/fr\\\/produit\\\/cassette-pour-toilette-c-223-s-sans-porte\\\/\"]}]},{\"@type\":\"ImageObject\",\"inLanguage\":\"fr-FR\",\"@id\":\"https:\\\/\\\/shop.bantam.ch\\\/fr\\\/produit\\\/cassette-pour-toilette-c-223-s-sans-porte\\\/#primaryimage\",\"url\":\"https:\\\/\\\/shop.bantam.ch\\\/wp-content\\\/uploads\\\/2023\\\/02\\\/9960105-100-1-3.jpg\",\"contentUrl\":\"https:\\\/\\\/shop.bantam.ch\\\/wp-content\\\/uploads\\\/2023\\\/02\\\/9960105-100-1-3.jpg\",\"width\":750,\"height\":1000},{\"@type\":\"BreadcrumbList\",\"@id\":\"https:\\\/\\\/shop.bantam.ch\\\/fr\\\/produit\\\/cassette-pour-toilette-c-223-s-sans-porte\\\/#breadcrumb\",\"itemListElement\":[{\"@type\":\"ListItem\",\"position\":1,\"name\":\"Accueil\",\"item\":\"https:\\\/\\\/shop.bantam.ch\\\/fr\\\/\"},{\"@type\":\"ListItem\",\"position\":2,\"name\":\"Boutique\",\"item\":\"https:\\\/\\\/shop.bantam.ch\\\/fr\\\/boutique\\\/\"},{\"@type\":\"ListItem\",\"position\":3,\"name\":\"Toilettes \u00e0 cassette Thetford C 223 S sans portes Blanc\"}]},{\"@type\":\"WebSite\",\"@id\":\"https:\\\/\\\/shop.bantam.ch\\\/fr\\\/#website\",\"url\":\"https:\\\/\\\/shop.bantam.ch\\\/fr\\\/\",\"name\":\"Bantam Wankm\u00fcller SA\",\"description\":\"\",\"publisher\":{\"@id\":\"https:\\\/\\\/shop.bantam.ch\\\/fr\\\/#organization\"},\"inLanguage\":\"fr-FR\"},{\"@type\":\"Organization\",\"@id\":\"https:\\\/\\\/shop.bantam.ch\\\/fr\\\/#organization\",\"name\":\"Bantam Wankm\u00fcller SA\",\"url\":\"https:\\\/\\\/shop.bantam.ch\\\/fr\\\/\",\"logo\":{\"@type\":\"ImageObject\",\"inLanguage\":\"fr-FR\",\"@id\":\"https:\\\/\\\/shop.bantam.ch\\\/fr\\\/#\\\/schema\\\/logo\\\/image\\\/\",\"url\":\"https:\\\/\\\/shop.bantam.ch\\\/wp-content\\\/uploads\\\/2022\\\/12\\\/bantam-logo.png\",\"contentUrl\":\"https:\\\/\\\/shop.bantam.ch\\\/wp-content\\\/uploads\\\/2022\\\/12\\\/bantam-logo.png\",\"width\":320,\"height\":71,\"caption\":\"Bantam Wankm\u00fcller SA\"},\"image\":{\"@id\":\"https:\\\/\\\/shop.bantam.ch\\\/fr\\\/#\\\/schema\\\/logo\\\/image\\\/\"}}]}<\/script>\n<!-- \/ Yoast SEO plugin. -->","yoast_head_json":{"title":"Toilettes \u00e0 cassette Thetford C 223 S sans portes Blanc - Bantam Wankm\u00fcller SA","robots":{"index":"index","follow":"follow","max-snippet":"max-snippet:-1","max-image-preview":"max-image-preview:large","max-video-preview":"max-video-preview:-1"},"canonical":"https:\/\/shop.bantam.ch\/fr\/produit\/cassette-pour-toilette-c-223-s-sans-porte\/","og_locale":"fr_FR","og_type":"article","og_title":"Toilettes \u00e0 cassette Thetford C 223 S sans portes Blanc - Bantam Wankm\u00fcller SA","og_description":"Les toilettes \u00e0 cassette\u00a0C220 sont \u00e9quip\u00e9es d\u2019une cuvette que l\u2019on peut faire pivoter de 90\u00b0 dans les deux sens. En pressant le si\u00e8ge vers le bas, la cuvette se verrouille dans la position souhait\u00e9e. Les toilettes \u00e0 cassette\u00a0C220 peuvent \u00eatre mont\u00e9es librement sur toutes les parois ext\u00e9rieures du v\u00e9hicule. \u00c9tant donn\u00e9 que vous pouvez tourner [&hellip;]","og_url":"https:\/\/shop.bantam.ch\/fr\/produit\/cassette-pour-toilette-c-223-s-sans-porte\/","og_site_name":"Bantam Wankm\u00fcller SA","article_modified_time":"2026-04-20T19:09:19+00:00","og_image":[{"width":750,"height":1000,"url":"https:\/\/shop.bantam.ch\/wp-content\/uploads\/2023\/02\/9960105-100-1-3.jpg","type":"image\/jpeg"}],"twitter_card":"summary_large_image","twitter_misc":{"Dur\u00e9e de lecture estim\u00e9e":"1 minute"},"schema":{"@context":"https:\/\/schema.org","@graph":[{"@type":"WebPage","@id":"https:\/\/shop.bantam.ch\/fr\/produit\/cassette-pour-toilette-c-223-s-sans-porte\/","url":"https:\/\/shop.bantam.ch\/fr\/produit\/cassette-pour-toilette-c-223-s-sans-porte\/","name":"Toilettes \u00e0 cassette Thetford C 223 S sans portes Blanc - Bantam Wankm\u00fcller SA","isPartOf":{"@id":"https:\/\/shop.bantam.ch\/fr\/#website"},"primaryImageOfPage":{"@id":"https:\/\/shop.bantam.ch\/fr\/produit\/cassette-pour-toilette-c-223-s-sans-porte\/#primaryimage"},"image":{"@id":"https:\/\/shop.bantam.ch\/fr\/produit\/cassette-pour-toilette-c-223-s-sans-porte\/#primaryimage"},"thumbnailUrl":"https:\/\/shop.bantam.ch\/wp-content\/uploads\/2023\/02\/9960105-100-1-3.jpg","datePublished":"2023-02-27T17:52:01+00:00","dateModified":"2026-04-20T19:09:19+00:00","breadcrumb":{"@id":"https:\/\/shop.bantam.ch\/fr\/produit\/cassette-pour-toilette-c-223-s-sans-porte\/#breadcrumb"},"inLanguage":"fr-FR","potentialAction":[{"@type":"ReadAction","target":["https:\/\/shop.bantam.ch\/fr\/produit\/cassette-pour-toilette-c-223-s-sans-porte\/"]}]},{"@type":"ImageObject","inLanguage":"fr-FR","@id":"https:\/\/shop.bantam.ch\/fr\/produit\/cassette-pour-toilette-c-223-s-sans-porte\/#primaryimage","url":"https:\/\/shop.bantam.ch\/wp-content\/uploads\/2023\/02\/9960105-100-1-3.jpg","contentUrl":"https:\/\/shop.bantam.ch\/wp-content\/uploads\/2023\/02\/9960105-100-1-3.jpg","width":750,"height":1000},{"@type":"BreadcrumbList","@id":"https:\/\/shop.bantam.ch\/fr\/produit\/cassette-pour-toilette-c-223-s-sans-porte\/#breadcrumb","itemListElement":[{"@type":"ListItem","position":1,"name":"Accueil","item":"https:\/\/shop.bantam.ch\/fr\/"},{"@type":"ListItem","position":2,"name":"Boutique","item":"https:\/\/shop.bantam.ch\/fr\/boutique\/"},{"@type":"ListItem","position":3,"name":"Toilettes \u00e0 cassette Thetford C 223 S sans portes Blanc"}]},{"@type":"WebSite","@id":"https:\/\/shop.bantam.ch\/fr\/#website","url":"https:\/\/shop.bantam.ch\/fr\/","name":"Bantam Wankm\u00fcller SA","description":"","publisher":{"@id":"https:\/\/shop.bantam.ch\/fr\/#organization"},"inLanguage":"fr-FR"},{"@type":"Organization","@id":"https:\/\/shop.bantam.ch\/fr\/#organization","name":"Bantam Wankm\u00fcller SA","url":"https:\/\/shop.bantam.ch\/fr\/","logo":{"@type":"ImageObject","inLanguage":"fr-FR","@id":"https:\/\/shop.bantam.ch\/fr\/#\/schema\/logo\/image\/","url":"https:\/\/shop.bantam.ch\/wp-content\/uploads\/2022\/12\/bantam-logo.png","contentUrl":"https:\/\/shop.bantam.ch\/wp-content\/uploads\/2022\/12\/bantam-logo.png","width":320,"height":71,"caption":"Bantam Wankm\u00fcller SA"},"image":{"@id":"https:\/\/shop.bantam.ch\/fr\/#\/schema\/logo\/image\/"}}]}},"_links":{"self":[{"href":"https:\/\/shop.bantam.ch\/fr\/wp-json\/wp\/v2\/product\/63845","targetHints":{"allow":["GET"]}}],"collection":[{"href":"https:\/\/shop.bantam.ch\/fr\/wp-json\/wp\/v2\/product"}],"about":[{"href":"https:\/\/shop.bantam.ch\/fr\/wp-json\/wp\/v2\/types\/product"}],"wp:featuredmedia":[{"embeddable":true,"href":"https:\/\/shop.bantam.ch\/fr\/wp-json\/wp\/v2\/media\/63843"}],"wp:attachment":[{"href":"https:\/\/shop.bantam.ch\/fr\/wp-json\/wp\/v2\/media?parent=63845"}],"wp:term":[{"taxonomy":"product_featured_cat","embeddable":true,"href":"https:\/\/shop.bantam.ch\/fr\/wp-json\/wp\/v2\/product_featured_cat?post=63845"},{"taxonomy":"product_brand","embeddable":true,"href":"https:\/\/shop.bantam.ch\/fr\/wp-json\/wp\/v2\/product_brand?post=63845"},{"taxonomy":"product_cat","embeddable":true,"href":"https:\/\/shop.bantam.ch\/fr\/wp-json\/wp\/v2\/product_cat?post=63845"},{"taxonomy":"product_tag","embeddable":true,"href":"https:\/\/shop.bantam.ch\/fr\/wp-json\/wp\/v2\/product_tag?post=63845"}],"curies":[{"name":"wp","href":"https:\/\/api.w.org\/{rel}","templated":true}]}}