{"id":63707,"date":"2023-02-27T18:49:50","date_gmt":"2023-02-27T17:49:50","guid":{"rendered":"http:\/\/shop.bantam.ch\/produit\/porte-canoe-portage\/"},"modified":"2026-04-17T21:09:07","modified_gmt":"2026-04-17T19:09:07","slug":"porte-canoe-portage","status":"publish","type":"product","link":"https:\/\/shop.bantam.ch\/fr\/produit\/porte-canoe-portage\/","title":{"rendered":"Porte-cano\u00eb Thule Portage\u00a0819"},"content":{"rendered":"<p>Avec notre porte-cano\u00eb particuli\u00e8rement facile \u00e0 charger, vous pouvez transporter votre cano\u00eb ou votre kayak en toute s\u00e9curit\u00e9 et passer plus de temps sur l\u2018eau.<\/p>\n<ul>\n<li>Des supports robustes aux c\u00f4t\u00e9s arrondis facilitent le chargement et le d\u00e9chargement<\/li>\n<li>Un rembourrage r\u00e9sistant aux intemp\u00e9ries prot\u00e8ge le cano\u00eb \/ kayak en conduisant<\/li>\n<li>Des sangles robustes et r\u00e9sistantes avec boucle prot\u00e8gent le v\u00e9hicule et la planche des rayures<\/li>\n<li>Pour 1 cano\u00eb\/kayak<\/li>\n<\/ul>\n<p>Contenu\u00a0: <br \/>4 pi\u00e8ces<\/p>\n<p>Contenu de la livraison : <br \/>2 sangles de serrage<\/p>\n","protected":false},"excerpt":{"rendered":"<p>Avec notre porte-cano\u00eb particuli\u00e8rement facile \u00e0 charger, vous pouvez transporter votre cano\u00eb ou votre kayak en toute s\u00e9curit\u00e9 et passer plus de temps sur l\u2018eau. Des supports robustes aux c\u00f4t\u00e9s arrondis facilitent le chargement et le d\u00e9chargement Un rembourrage r\u00e9sistant aux intemp\u00e9ries prot\u00e8ge le cano\u00eb \/ kayak en conduisant Des sangles robustes et r\u00e9sistantes avec [&hellip;]<\/p>\n","protected":false},"featured_media":63701,"template":"","meta":{"_acf_changed":false},"product_featured_cat":[],"product_brand":[3046],"product_cat":[4797],"product_tag":[],"class_list":{"0":"post-63707","1":"product","2":"type-product","3":"status-publish","4":"has-post-thumbnail","6":"product_brand-thule","7":"product_cat-rampes-de-toit-et-supports","9":"first","10":"instock","11":"taxable","12":"shipping-taxable","13":"purchasable","14":"product-type-simple"},"acf":[],"yoast_head":"<!-- This site is optimized with the Yoast SEO plugin v27.4 - https:\/\/yoast.com\/product\/yoast-seo-wordpress\/ -->\n<title>Porte-cano\u00eb Thule Portage\u00a0819 - Bantam Wankm\u00fcller SA<\/title>\n<meta name=\"robots\" content=\"index, follow, max-snippet:-1, max-image-preview:large, max-video-preview:-1\" \/>\n<link rel=\"canonical\" href=\"https:\/\/shop.bantam.ch\/fr\/produit\/porte-canoe-portage\/\" \/>\n<meta property=\"og:locale\" content=\"fr_FR\" \/>\n<meta property=\"og:type\" content=\"article\" \/>\n<meta property=\"og:title\" content=\"Porte-cano\u00eb Thule Portage\u00a0819 - Bantam Wankm\u00fcller SA\" \/>\n<meta property=\"og:description\" content=\"Avec notre porte-cano\u00eb particuli\u00e8rement facile \u00e0 charger, vous pouvez transporter votre cano\u00eb ou votre kayak en toute s\u00e9curit\u00e9 et passer plus de temps sur l\u2018eau. Des supports robustes aux c\u00f4t\u00e9s arrondis facilitent le chargement et le d\u00e9chargement Un rembourrage r\u00e9sistant aux intemp\u00e9ries prot\u00e8ge le cano\u00eb \/ kayak en conduisant Des sangles robustes et r\u00e9sistantes avec [&hellip;]\" \/>\n<meta property=\"og:url\" content=\"https:\/\/shop.bantam.ch\/fr\/produit\/porte-canoe-portage\/\" \/>\n<meta property=\"og:site_name\" content=\"Bantam Wankm\u00fcller SA\" \/>\n<meta property=\"article:modified_time\" content=\"2026-04-17T19:09:07+00:00\" \/>\n<meta property=\"og:image\" content=\"https:\/\/shop.bantam.ch\/wp-content\/uploads\/2023\/02\/9940916-100-3-3.jpg\" \/>\n\t<meta property=\"og:image:width\" content=\"1000\" \/>\n\t<meta property=\"og:image:height\" content=\"431\" \/>\n\t<meta property=\"og:image:type\" content=\"image\/jpeg\" \/>\n<meta name=\"twitter:card\" content=\"summary_large_image\" \/>\n<script type=\"application\/ld+json\" class=\"yoast-schema-graph\">{\"@context\":\"https:\\\/\\\/schema.org\",\"@graph\":[{\"@type\":\"WebPage\",\"@id\":\"https:\\\/\\\/shop.bantam.ch\\\/fr\\\/produit\\\/porte-canoe-portage\\\/\",\"url\":\"https:\\\/\\\/shop.bantam.ch\\\/fr\\\/produit\\\/porte-canoe-portage\\\/\",\"name\":\"Porte-cano\u00eb Thule Portage\u00a0819 - Bantam Wankm\u00fcller SA\",\"isPartOf\":{\"@id\":\"https:\\\/\\\/shop.bantam.ch\\\/fr\\\/#website\"},\"primaryImageOfPage\":{\"@id\":\"https:\\\/\\\/shop.bantam.ch\\\/fr\\\/produit\\\/porte-canoe-portage\\\/#primaryimage\"},\"image\":{\"@id\":\"https:\\\/\\\/shop.bantam.ch\\\/fr\\\/produit\\\/porte-canoe-portage\\\/#primaryimage\"},\"thumbnailUrl\":\"https:\\\/\\\/shop.bantam.ch\\\/wp-content\\\/uploads\\\/2023\\\/02\\\/9940916-100-3-3.jpg\",\"datePublished\":\"2023-02-27T17:49:50+00:00\",\"dateModified\":\"2026-04-17T19:09:07+00:00\",\"breadcrumb\":{\"@id\":\"https:\\\/\\\/shop.bantam.ch\\\/fr\\\/produit\\\/porte-canoe-portage\\\/#breadcrumb\"},\"inLanguage\":\"fr-FR\",\"potentialAction\":[{\"@type\":\"ReadAction\",\"target\":[\"https:\\\/\\\/shop.bantam.ch\\\/fr\\\/produit\\\/porte-canoe-portage\\\/\"]}]},{\"@type\":\"ImageObject\",\"inLanguage\":\"fr-FR\",\"@id\":\"https:\\\/\\\/shop.bantam.ch\\\/fr\\\/produit\\\/porte-canoe-portage\\\/#primaryimage\",\"url\":\"https:\\\/\\\/shop.bantam.ch\\\/wp-content\\\/uploads\\\/2023\\\/02\\\/9940916-100-3-3.jpg\",\"contentUrl\":\"https:\\\/\\\/shop.bantam.ch\\\/wp-content\\\/uploads\\\/2023\\\/02\\\/9940916-100-3-3.jpg\",\"width\":1000,\"height\":431},{\"@type\":\"BreadcrumbList\",\"@id\":\"https:\\\/\\\/shop.bantam.ch\\\/fr\\\/produit\\\/porte-canoe-portage\\\/#breadcrumb\",\"itemListElement\":[{\"@type\":\"ListItem\",\"position\":1,\"name\":\"Accueil\",\"item\":\"https:\\\/\\\/shop.bantam.ch\\\/fr\\\/\"},{\"@type\":\"ListItem\",\"position\":2,\"name\":\"Boutique\",\"item\":\"https:\\\/\\\/shop.bantam.ch\\\/fr\\\/boutique\\\/\"},{\"@type\":\"ListItem\",\"position\":3,\"name\":\"Porte-cano\u00eb Thule Portage\u00a0819\"}]},{\"@type\":\"WebSite\",\"@id\":\"https:\\\/\\\/shop.bantam.ch\\\/fr\\\/#website\",\"url\":\"https:\\\/\\\/shop.bantam.ch\\\/fr\\\/\",\"name\":\"Bantam Wankm\u00fcller SA\",\"description\":\"\",\"publisher\":{\"@id\":\"https:\\\/\\\/shop.bantam.ch\\\/fr\\\/#organization\"},\"inLanguage\":\"fr-FR\"},{\"@type\":\"Organization\",\"@id\":\"https:\\\/\\\/shop.bantam.ch\\\/fr\\\/#organization\",\"name\":\"Bantam Wankm\u00fcller SA\",\"url\":\"https:\\\/\\\/shop.bantam.ch\\\/fr\\\/\",\"logo\":{\"@type\":\"ImageObject\",\"inLanguage\":\"fr-FR\",\"@id\":\"https:\\\/\\\/shop.bantam.ch\\\/fr\\\/#\\\/schema\\\/logo\\\/image\\\/\",\"url\":\"https:\\\/\\\/shop.bantam.ch\\\/wp-content\\\/uploads\\\/2022\\\/12\\\/bantam-logo.png\",\"contentUrl\":\"https:\\\/\\\/shop.bantam.ch\\\/wp-content\\\/uploads\\\/2022\\\/12\\\/bantam-logo.png\",\"width\":320,\"height\":71,\"caption\":\"Bantam Wankm\u00fcller SA\"},\"image\":{\"@id\":\"https:\\\/\\\/shop.bantam.ch\\\/fr\\\/#\\\/schema\\\/logo\\\/image\\\/\"}}]}<\/script>\n<!-- \/ Yoast SEO plugin. -->","yoast_head_json":{"title":"Porte-cano\u00eb Thule Portage\u00a0819 - Bantam Wankm\u00fcller SA","robots":{"index":"index","follow":"follow","max-snippet":"max-snippet:-1","max-image-preview":"max-image-preview:large","max-video-preview":"max-video-preview:-1"},"canonical":"https:\/\/shop.bantam.ch\/fr\/produit\/porte-canoe-portage\/","og_locale":"fr_FR","og_type":"article","og_title":"Porte-cano\u00eb Thule Portage\u00a0819 - Bantam Wankm\u00fcller SA","og_description":"Avec notre porte-cano\u00eb particuli\u00e8rement facile \u00e0 charger, vous pouvez transporter votre cano\u00eb ou votre kayak en toute s\u00e9curit\u00e9 et passer plus de temps sur l\u2018eau. Des supports robustes aux c\u00f4t\u00e9s arrondis facilitent le chargement et le d\u00e9chargement Un rembourrage r\u00e9sistant aux intemp\u00e9ries prot\u00e8ge le cano\u00eb \/ kayak en conduisant Des sangles robustes et r\u00e9sistantes avec [&hellip;]","og_url":"https:\/\/shop.bantam.ch\/fr\/produit\/porte-canoe-portage\/","og_site_name":"Bantam Wankm\u00fcller SA","article_modified_time":"2026-04-17T19:09:07+00:00","og_image":[{"width":1000,"height":431,"url":"https:\/\/shop.bantam.ch\/wp-content\/uploads\/2023\/02\/9940916-100-3-3.jpg","type":"image\/jpeg"}],"twitter_card":"summary_large_image","schema":{"@context":"https:\/\/schema.org","@graph":[{"@type":"WebPage","@id":"https:\/\/shop.bantam.ch\/fr\/produit\/porte-canoe-portage\/","url":"https:\/\/shop.bantam.ch\/fr\/produit\/porte-canoe-portage\/","name":"Porte-cano\u00eb Thule Portage\u00a0819 - Bantam Wankm\u00fcller SA","isPartOf":{"@id":"https:\/\/shop.bantam.ch\/fr\/#website"},"primaryImageOfPage":{"@id":"https:\/\/shop.bantam.ch\/fr\/produit\/porte-canoe-portage\/#primaryimage"},"image":{"@id":"https:\/\/shop.bantam.ch\/fr\/produit\/porte-canoe-portage\/#primaryimage"},"thumbnailUrl":"https:\/\/shop.bantam.ch\/wp-content\/uploads\/2023\/02\/9940916-100-3-3.jpg","datePublished":"2023-02-27T17:49:50+00:00","dateModified":"2026-04-17T19:09:07+00:00","breadcrumb":{"@id":"https:\/\/shop.bantam.ch\/fr\/produit\/porte-canoe-portage\/#breadcrumb"},"inLanguage":"fr-FR","potentialAction":[{"@type":"ReadAction","target":["https:\/\/shop.bantam.ch\/fr\/produit\/porte-canoe-portage\/"]}]},{"@type":"ImageObject","inLanguage":"fr-FR","@id":"https:\/\/shop.bantam.ch\/fr\/produit\/porte-canoe-portage\/#primaryimage","url":"https:\/\/shop.bantam.ch\/wp-content\/uploads\/2023\/02\/9940916-100-3-3.jpg","contentUrl":"https:\/\/shop.bantam.ch\/wp-content\/uploads\/2023\/02\/9940916-100-3-3.jpg","width":1000,"height":431},{"@type":"BreadcrumbList","@id":"https:\/\/shop.bantam.ch\/fr\/produit\/porte-canoe-portage\/#breadcrumb","itemListElement":[{"@type":"ListItem","position":1,"name":"Accueil","item":"https:\/\/shop.bantam.ch\/fr\/"},{"@type":"ListItem","position":2,"name":"Boutique","item":"https:\/\/shop.bantam.ch\/fr\/boutique\/"},{"@type":"ListItem","position":3,"name":"Porte-cano\u00eb Thule Portage\u00a0819"}]},{"@type":"WebSite","@id":"https:\/\/shop.bantam.ch\/fr\/#website","url":"https:\/\/shop.bantam.ch\/fr\/","name":"Bantam Wankm\u00fcller SA","description":"","publisher":{"@id":"https:\/\/shop.bantam.ch\/fr\/#organization"},"inLanguage":"fr-FR"},{"@type":"Organization","@id":"https:\/\/shop.bantam.ch\/fr\/#organization","name":"Bantam Wankm\u00fcller SA","url":"https:\/\/shop.bantam.ch\/fr\/","logo":{"@type":"ImageObject","inLanguage":"fr-FR","@id":"https:\/\/shop.bantam.ch\/fr\/#\/schema\/logo\/image\/","url":"https:\/\/shop.bantam.ch\/wp-content\/uploads\/2022\/12\/bantam-logo.png","contentUrl":"https:\/\/shop.bantam.ch\/wp-content\/uploads\/2022\/12\/bantam-logo.png","width":320,"height":71,"caption":"Bantam Wankm\u00fcller SA"},"image":{"@id":"https:\/\/shop.bantam.ch\/fr\/#\/schema\/logo\/image\/"}}]}},"_links":{"self":[{"href":"https:\/\/shop.bantam.ch\/fr\/wp-json\/wp\/v2\/product\/63707","targetHints":{"allow":["GET"]}}],"collection":[{"href":"https:\/\/shop.bantam.ch\/fr\/wp-json\/wp\/v2\/product"}],"about":[{"href":"https:\/\/shop.bantam.ch\/fr\/wp-json\/wp\/v2\/types\/product"}],"wp:featuredmedia":[{"embeddable":true,"href":"https:\/\/shop.bantam.ch\/fr\/wp-json\/wp\/v2\/media\/63701"}],"wp:attachment":[{"href":"https:\/\/shop.bantam.ch\/fr\/wp-json\/wp\/v2\/media?parent=63707"}],"wp:term":[{"taxonomy":"product_featured_cat","embeddable":true,"href":"https:\/\/shop.bantam.ch\/fr\/wp-json\/wp\/v2\/product_featured_cat?post=63707"},{"taxonomy":"product_brand","embeddable":true,"href":"https:\/\/shop.bantam.ch\/fr\/wp-json\/wp\/v2\/product_brand?post=63707"},{"taxonomy":"product_cat","embeddable":true,"href":"https:\/\/shop.bantam.ch\/fr\/wp-json\/wp\/v2\/product_cat?post=63707"},{"taxonomy":"product_tag","embeddable":true,"href":"https:\/\/shop.bantam.ch\/fr\/wp-json\/wp\/v2\/product_tag?post=63707"}],"curies":[{"name":"wp","href":"https:\/\/api.w.org\/{rel}","templated":true}]}}