{"id":63679,"date":"2023-02-27T18:49:27","date_gmt":"2023-02-27T17:49:27","guid":{"rendered":"http:\/\/shop.bantam.ch\/produit\/kit-de-fixation-magnetique\/"},"modified":"2026-04-17T21:09:00","modified_gmt":"2026-04-17T19:09:00","slug":"kit-de-fixation-magnetique","status":"publish","type":"product","link":"https:\/\/shop.bantam.ch\/fr\/produit\/kit-de-fixation-magnetique\/","title":{"rendered":"Kit fixation magn\u00e9tique Thule pour \u00e9chelle t\u00e9lescopique pour fourgons"},"content":{"rendered":"<p>Utilisez le kit de fixation magn\u00e9tique pour une fixation stable de l\u2019\u00e9chelle t\u00e9lescopique. Fixez le rail de l\u2019adaptateur magn\u00e9tique dans n\u2019importe quelle position et appuyez l\u2019\u00e9chelle t\u00e9lescopique contre. Les sangles \u00e0 cliquet permettent de fixer l\u2019\u00e9chelle au rail. Ceci prot\u00e8ge de mani\u00e8re optimale votre v\u00e9hicule et s\u00e9curise votre \u00e9chelle.<\/p>\n<ul>\n<li>Fixation facile sur toutes les surfaces magn\u00e9tiques<\/li>\n<li>Options de montage pour le Thule Windscreen et le Thule Organizer<\/li>\n<li>Stockage s\u00fbr dans un sac<\/li>\n<li>Poids\u00a0: 1,2 kg<\/li>\n<\/ul>\n<p>Contenu de la livraison : <br \/>Kit de fixation d\u2019\u00e9chelle Thule, quatre autocollants de protection pour la peinture, sac<\/p>\n","protected":false},"excerpt":{"rendered":"<p>Utilisez le kit de fixation magn\u00e9tique pour une fixation stable de l\u2019\u00e9chelle t\u00e9lescopique. Fixez le rail de l\u2019adaptateur magn\u00e9tique dans n\u2019importe quelle position et appuyez l\u2019\u00e9chelle t\u00e9lescopique contre. Les sangles \u00e0 cliquet permettent de fixer l\u2019\u00e9chelle au rail. Ceci prot\u00e8ge de mani\u00e8re optimale votre v\u00e9hicule et s\u00e9curise votre \u00e9chelle. Fixation facile sur toutes les surfaces [&hellip;]<\/p>\n","protected":false},"featured_media":63673,"template":"","meta":{"_acf_changed":false},"product_featured_cat":[],"product_brand":[3046],"product_cat":[4805],"product_tag":[],"class_list":{"0":"post-63679","1":"product","2":"type-product","3":"status-publish","4":"has-post-thumbnail","6":"product_brand-thule","7":"product_cat-echelles","9":"first","10":"instock","11":"taxable","12":"shipping-taxable","13":"purchasable","14":"product-type-simple"},"acf":[],"yoast_head":"<!-- This site is optimized with the Yoast SEO plugin v27.4 - https:\/\/yoast.com\/product\/yoast-seo-wordpress\/ -->\n<title>Kit fixation magn\u00e9tique Thule pour \u00e9chelle t\u00e9lescopique pour fourgons - Bantam Wankm\u00fcller SA<\/title>\n<meta name=\"robots\" content=\"index, follow, max-snippet:-1, max-image-preview:large, max-video-preview:-1\" \/>\n<link rel=\"canonical\" href=\"https:\/\/shop.bantam.ch\/fr\/produit\/kit-de-fixation-magnetique\/\" \/>\n<meta property=\"og:locale\" content=\"fr_FR\" \/>\n<meta property=\"og:type\" content=\"article\" \/>\n<meta property=\"og:title\" content=\"Kit fixation magn\u00e9tique Thule pour \u00e9chelle t\u00e9lescopique pour fourgons - Bantam Wankm\u00fcller SA\" \/>\n<meta property=\"og:description\" content=\"Utilisez le kit de fixation magn\u00e9tique pour une fixation stable de l\u2019\u00e9chelle t\u00e9lescopique. Fixez le rail de l\u2019adaptateur magn\u00e9tique dans n\u2019importe quelle position et appuyez l\u2019\u00e9chelle t\u00e9lescopique contre. Les sangles \u00e0 cliquet permettent de fixer l\u2019\u00e9chelle au rail. Ceci prot\u00e8ge de mani\u00e8re optimale votre v\u00e9hicule et s\u00e9curise votre \u00e9chelle. Fixation facile sur toutes les surfaces [&hellip;]\" \/>\n<meta property=\"og:url\" content=\"https:\/\/shop.bantam.ch\/fr\/produit\/kit-de-fixation-magnetique\/\" \/>\n<meta property=\"og:site_name\" content=\"Bantam Wankm\u00fcller SA\" \/>\n<meta property=\"article:modified_time\" content=\"2026-04-17T19:09:00+00:00\" \/>\n<meta property=\"og:image\" content=\"https:\/\/shop.bantam.ch\/wp-content\/uploads\/2023\/02\/9940913-100-1-3.jpg\" \/>\n\t<meta property=\"og:image:width\" content=\"1000\" \/>\n\t<meta property=\"og:image:height\" content=\"749\" \/>\n\t<meta property=\"og:image:type\" content=\"image\/jpeg\" \/>\n<meta name=\"twitter:card\" content=\"summary_large_image\" \/>\n<meta name=\"twitter:label1\" content=\"Dur\u00e9e de lecture estim\u00e9e\" \/>\n\t<meta name=\"twitter:data1\" content=\"1 minute\" \/>\n<script type=\"application\/ld+json\" class=\"yoast-schema-graph\">{\"@context\":\"https:\\\/\\\/schema.org\",\"@graph\":[{\"@type\":\"WebPage\",\"@id\":\"https:\\\/\\\/shop.bantam.ch\\\/fr\\\/produit\\\/kit-de-fixation-magnetique\\\/\",\"url\":\"https:\\\/\\\/shop.bantam.ch\\\/fr\\\/produit\\\/kit-de-fixation-magnetique\\\/\",\"name\":\"Kit fixation magn\u00e9tique Thule pour \u00e9chelle t\u00e9lescopique pour fourgons - Bantam Wankm\u00fcller SA\",\"isPartOf\":{\"@id\":\"https:\\\/\\\/shop.bantam.ch\\\/fr\\\/#website\"},\"primaryImageOfPage\":{\"@id\":\"https:\\\/\\\/shop.bantam.ch\\\/fr\\\/produit\\\/kit-de-fixation-magnetique\\\/#primaryimage\"},\"image\":{\"@id\":\"https:\\\/\\\/shop.bantam.ch\\\/fr\\\/produit\\\/kit-de-fixation-magnetique\\\/#primaryimage\"},\"thumbnailUrl\":\"https:\\\/\\\/shop.bantam.ch\\\/wp-content\\\/uploads\\\/2023\\\/02\\\/9940913-100-1-3.jpg\",\"datePublished\":\"2023-02-27T17:49:27+00:00\",\"dateModified\":\"2026-04-17T19:09:00+00:00\",\"breadcrumb\":{\"@id\":\"https:\\\/\\\/shop.bantam.ch\\\/fr\\\/produit\\\/kit-de-fixation-magnetique\\\/#breadcrumb\"},\"inLanguage\":\"fr-FR\",\"potentialAction\":[{\"@type\":\"ReadAction\",\"target\":[\"https:\\\/\\\/shop.bantam.ch\\\/fr\\\/produit\\\/kit-de-fixation-magnetique\\\/\"]}]},{\"@type\":\"ImageObject\",\"inLanguage\":\"fr-FR\",\"@id\":\"https:\\\/\\\/shop.bantam.ch\\\/fr\\\/produit\\\/kit-de-fixation-magnetique\\\/#primaryimage\",\"url\":\"https:\\\/\\\/shop.bantam.ch\\\/wp-content\\\/uploads\\\/2023\\\/02\\\/9940913-100-1-3.jpg\",\"contentUrl\":\"https:\\\/\\\/shop.bantam.ch\\\/wp-content\\\/uploads\\\/2023\\\/02\\\/9940913-100-1-3.jpg\",\"width\":1000,\"height\":749},{\"@type\":\"BreadcrumbList\",\"@id\":\"https:\\\/\\\/shop.bantam.ch\\\/fr\\\/produit\\\/kit-de-fixation-magnetique\\\/#breadcrumb\",\"itemListElement\":[{\"@type\":\"ListItem\",\"position\":1,\"name\":\"Accueil\",\"item\":\"https:\\\/\\\/shop.bantam.ch\\\/fr\\\/\"},{\"@type\":\"ListItem\",\"position\":2,\"name\":\"Boutique\",\"item\":\"https:\\\/\\\/shop.bantam.ch\\\/fr\\\/boutique\\\/\"},{\"@type\":\"ListItem\",\"position\":3,\"name\":\"Kit fixation magn\u00e9tique Thule pour \u00e9chelle t\u00e9lescopique pour fourgons\"}]},{\"@type\":\"WebSite\",\"@id\":\"https:\\\/\\\/shop.bantam.ch\\\/fr\\\/#website\",\"url\":\"https:\\\/\\\/shop.bantam.ch\\\/fr\\\/\",\"name\":\"Bantam Wankm\u00fcller SA\",\"description\":\"\",\"publisher\":{\"@id\":\"https:\\\/\\\/shop.bantam.ch\\\/fr\\\/#organization\"},\"inLanguage\":\"fr-FR\"},{\"@type\":\"Organization\",\"@id\":\"https:\\\/\\\/shop.bantam.ch\\\/fr\\\/#organization\",\"name\":\"Bantam Wankm\u00fcller SA\",\"url\":\"https:\\\/\\\/shop.bantam.ch\\\/fr\\\/\",\"logo\":{\"@type\":\"ImageObject\",\"inLanguage\":\"fr-FR\",\"@id\":\"https:\\\/\\\/shop.bantam.ch\\\/fr\\\/#\\\/schema\\\/logo\\\/image\\\/\",\"url\":\"https:\\\/\\\/shop.bantam.ch\\\/wp-content\\\/uploads\\\/2022\\\/12\\\/bantam-logo.png\",\"contentUrl\":\"https:\\\/\\\/shop.bantam.ch\\\/wp-content\\\/uploads\\\/2022\\\/12\\\/bantam-logo.png\",\"width\":320,\"height\":71,\"caption\":\"Bantam Wankm\u00fcller SA\"},\"image\":{\"@id\":\"https:\\\/\\\/shop.bantam.ch\\\/fr\\\/#\\\/schema\\\/logo\\\/image\\\/\"}}]}<\/script>\n<!-- \/ Yoast SEO plugin. -->","yoast_head_json":{"title":"Kit fixation magn\u00e9tique Thule pour \u00e9chelle t\u00e9lescopique pour fourgons - Bantam Wankm\u00fcller SA","robots":{"index":"index","follow":"follow","max-snippet":"max-snippet:-1","max-image-preview":"max-image-preview:large","max-video-preview":"max-video-preview:-1"},"canonical":"https:\/\/shop.bantam.ch\/fr\/produit\/kit-de-fixation-magnetique\/","og_locale":"fr_FR","og_type":"article","og_title":"Kit fixation magn\u00e9tique Thule pour \u00e9chelle t\u00e9lescopique pour fourgons - Bantam Wankm\u00fcller SA","og_description":"Utilisez le kit de fixation magn\u00e9tique pour une fixation stable de l\u2019\u00e9chelle t\u00e9lescopique. Fixez le rail de l\u2019adaptateur magn\u00e9tique dans n\u2019importe quelle position et appuyez l\u2019\u00e9chelle t\u00e9lescopique contre. Les sangles \u00e0 cliquet permettent de fixer l\u2019\u00e9chelle au rail. Ceci prot\u00e8ge de mani\u00e8re optimale votre v\u00e9hicule et s\u00e9curise votre \u00e9chelle. Fixation facile sur toutes les surfaces [&hellip;]","og_url":"https:\/\/shop.bantam.ch\/fr\/produit\/kit-de-fixation-magnetique\/","og_site_name":"Bantam Wankm\u00fcller SA","article_modified_time":"2026-04-17T19:09:00+00:00","og_image":[{"width":1000,"height":749,"url":"https:\/\/shop.bantam.ch\/wp-content\/uploads\/2023\/02\/9940913-100-1-3.jpg","type":"image\/jpeg"}],"twitter_card":"summary_large_image","twitter_misc":{"Dur\u00e9e de lecture estim\u00e9e":"1 minute"},"schema":{"@context":"https:\/\/schema.org","@graph":[{"@type":"WebPage","@id":"https:\/\/shop.bantam.ch\/fr\/produit\/kit-de-fixation-magnetique\/","url":"https:\/\/shop.bantam.ch\/fr\/produit\/kit-de-fixation-magnetique\/","name":"Kit fixation magn\u00e9tique Thule pour \u00e9chelle t\u00e9lescopique pour fourgons - Bantam Wankm\u00fcller SA","isPartOf":{"@id":"https:\/\/shop.bantam.ch\/fr\/#website"},"primaryImageOfPage":{"@id":"https:\/\/shop.bantam.ch\/fr\/produit\/kit-de-fixation-magnetique\/#primaryimage"},"image":{"@id":"https:\/\/shop.bantam.ch\/fr\/produit\/kit-de-fixation-magnetique\/#primaryimage"},"thumbnailUrl":"https:\/\/shop.bantam.ch\/wp-content\/uploads\/2023\/02\/9940913-100-1-3.jpg","datePublished":"2023-02-27T17:49:27+00:00","dateModified":"2026-04-17T19:09:00+00:00","breadcrumb":{"@id":"https:\/\/shop.bantam.ch\/fr\/produit\/kit-de-fixation-magnetique\/#breadcrumb"},"inLanguage":"fr-FR","potentialAction":[{"@type":"ReadAction","target":["https:\/\/shop.bantam.ch\/fr\/produit\/kit-de-fixation-magnetique\/"]}]},{"@type":"ImageObject","inLanguage":"fr-FR","@id":"https:\/\/shop.bantam.ch\/fr\/produit\/kit-de-fixation-magnetique\/#primaryimage","url":"https:\/\/shop.bantam.ch\/wp-content\/uploads\/2023\/02\/9940913-100-1-3.jpg","contentUrl":"https:\/\/shop.bantam.ch\/wp-content\/uploads\/2023\/02\/9940913-100-1-3.jpg","width":1000,"height":749},{"@type":"BreadcrumbList","@id":"https:\/\/shop.bantam.ch\/fr\/produit\/kit-de-fixation-magnetique\/#breadcrumb","itemListElement":[{"@type":"ListItem","position":1,"name":"Accueil","item":"https:\/\/shop.bantam.ch\/fr\/"},{"@type":"ListItem","position":2,"name":"Boutique","item":"https:\/\/shop.bantam.ch\/fr\/boutique\/"},{"@type":"ListItem","position":3,"name":"Kit fixation magn\u00e9tique Thule pour \u00e9chelle t\u00e9lescopique pour fourgons"}]},{"@type":"WebSite","@id":"https:\/\/shop.bantam.ch\/fr\/#website","url":"https:\/\/shop.bantam.ch\/fr\/","name":"Bantam Wankm\u00fcller SA","description":"","publisher":{"@id":"https:\/\/shop.bantam.ch\/fr\/#organization"},"inLanguage":"fr-FR"},{"@type":"Organization","@id":"https:\/\/shop.bantam.ch\/fr\/#organization","name":"Bantam Wankm\u00fcller SA","url":"https:\/\/shop.bantam.ch\/fr\/","logo":{"@type":"ImageObject","inLanguage":"fr-FR","@id":"https:\/\/shop.bantam.ch\/fr\/#\/schema\/logo\/image\/","url":"https:\/\/shop.bantam.ch\/wp-content\/uploads\/2022\/12\/bantam-logo.png","contentUrl":"https:\/\/shop.bantam.ch\/wp-content\/uploads\/2022\/12\/bantam-logo.png","width":320,"height":71,"caption":"Bantam Wankm\u00fcller SA"},"image":{"@id":"https:\/\/shop.bantam.ch\/fr\/#\/schema\/logo\/image\/"}}]}},"_links":{"self":[{"href":"https:\/\/shop.bantam.ch\/fr\/wp-json\/wp\/v2\/product\/63679","targetHints":{"allow":["GET"]}}],"collection":[{"href":"https:\/\/shop.bantam.ch\/fr\/wp-json\/wp\/v2\/product"}],"about":[{"href":"https:\/\/shop.bantam.ch\/fr\/wp-json\/wp\/v2\/types\/product"}],"wp:featuredmedia":[{"embeddable":true,"href":"https:\/\/shop.bantam.ch\/fr\/wp-json\/wp\/v2\/media\/63673"}],"wp:attachment":[{"href":"https:\/\/shop.bantam.ch\/fr\/wp-json\/wp\/v2\/media?parent=63679"}],"wp:term":[{"taxonomy":"product_featured_cat","embeddable":true,"href":"https:\/\/shop.bantam.ch\/fr\/wp-json\/wp\/v2\/product_featured_cat?post=63679"},{"taxonomy":"product_brand","embeddable":true,"href":"https:\/\/shop.bantam.ch\/fr\/wp-json\/wp\/v2\/product_brand?post=63679"},{"taxonomy":"product_cat","embeddable":true,"href":"https:\/\/shop.bantam.ch\/fr\/wp-json\/wp\/v2\/product_cat?post=63679"},{"taxonomy":"product_tag","embeddable":true,"href":"https:\/\/shop.bantam.ch\/fr\/wp-json\/wp\/v2\/product_tag?post=63679"}],"curies":[{"name":"wp","href":"https:\/\/api.w.org\/{rel}","templated":true}]}}