{"id":63671,"date":"2023-02-27T18:49:21","date_gmt":"2023-02-27T17:49:21","guid":{"rendered":"http:\/\/shop.bantam.ch\/produit\/echelle-telescopique-pour-fourgonnette-9-echelons\/"},"modified":"2026-04-17T21:09:00","modified_gmt":"2026-04-17T19:09:00","slug":"echelle-telescopique-pour-fourgonnette-9-echelons","status":"publish","type":"product","link":"https:\/\/shop.bantam.ch\/fr\/produit\/echelle-telescopique-pour-fourgonnette-9-echelons\/","title":{"rendered":"\u00c9chelle t\u00e9lescopique Thule pour fourgons 9\u00a0niveaux"},"content":{"rendered":"<p>L&rsquo;ensemble d&rsquo;\u00e9chelles t\u00e9lescopiques vous permet d\u2019acc\u00e9der facilement, de tous les c\u00f4t\u00e9s et en toute s\u00e9curit\u00e9 au toit de votre v\u00e9hicule et au syst\u00e8me de support de toit. L&rsquo;\u00e9chelle peut \u00eatre fix\u00e9e de fa\u00e7on s\u00fbre et stable \u00e0 la paroi lat\u00e9rale du v\u00e9hicule avec le kit de fixation magn\u00e9tique.<\/p>\n<ul>\n<li>Syst\u00e8me de pression d&rsquo;air an guise de protection anti-pincement pour ins\u00e9rer l\u2019\u00e9chelle en toute s\u00e9curit\u00e9.<\/li>\n<li>Taille compacte pour un transport facile<\/li>\n<\/ul>\n<p>Contenu de la livraison :<br \/>Echelle t\u00e9lescopique \u00e0 9 niveaux, kit de fixation magn\u00e9tique, housse<\/p>\n<p>\u00a0<\/p>\n","protected":false},"excerpt":{"rendered":"<p>L&rsquo;ensemble d&rsquo;\u00e9chelles t\u00e9lescopiques vous permet d\u2019acc\u00e9der facilement, de tous les c\u00f4t\u00e9s et en toute s\u00e9curit\u00e9 au toit de votre v\u00e9hicule et au syst\u00e8me de support de toit. L&rsquo;\u00e9chelle peut \u00eatre fix\u00e9e de fa\u00e7on s\u00fbre et stable \u00e0 la paroi lat\u00e9rale du v\u00e9hicule avec le kit de fixation magn\u00e9tique. Syst\u00e8me de pression d&rsquo;air an guise de [&hellip;]<\/p>\n","protected":false},"featured_media":63663,"template":"","meta":{"_acf_changed":false},"product_featured_cat":[],"product_brand":[3046],"product_cat":[4805],"product_tag":[],"class_list":{"0":"post-63671","1":"product","2":"type-product","3":"status-publish","4":"has-post-thumbnail","6":"product_brand-thule","7":"product_cat-echelles","9":"first","10":"instock","11":"taxable","12":"shipping-taxable","13":"purchasable","14":"product-type-simple"},"acf":[],"yoast_head":"<!-- This site is optimized with the Yoast SEO plugin v27.4 - https:\/\/yoast.com\/product\/yoast-seo-wordpress\/ -->\n<title>\u00c9chelle t\u00e9lescopique Thule pour fourgons 9\u00a0niveaux - Bantam Wankm\u00fcller SA<\/title>\n<meta name=\"robots\" content=\"index, follow, max-snippet:-1, max-image-preview:large, max-video-preview:-1\" \/>\n<link rel=\"canonical\" href=\"https:\/\/shop.bantam.ch\/fr\/produit\/echelle-telescopique-pour-fourgonnette-9-echelons\/\" \/>\n<meta property=\"og:locale\" content=\"fr_FR\" \/>\n<meta property=\"og:type\" content=\"article\" \/>\n<meta property=\"og:title\" content=\"\u00c9chelle t\u00e9lescopique Thule pour fourgons 9\u00a0niveaux - Bantam Wankm\u00fcller SA\" \/>\n<meta property=\"og:description\" content=\"L&rsquo;ensemble d&rsquo;\u00e9chelles t\u00e9lescopiques vous permet d\u2019acc\u00e9der facilement, de tous les c\u00f4t\u00e9s et en toute s\u00e9curit\u00e9 au toit de votre v\u00e9hicule et au syst\u00e8me de support de toit. L&rsquo;\u00e9chelle peut \u00eatre fix\u00e9e de fa\u00e7on s\u00fbre et stable \u00e0 la paroi lat\u00e9rale du v\u00e9hicule avec le kit de fixation magn\u00e9tique. Syst\u00e8me de pression d&rsquo;air an guise de [&hellip;]\" \/>\n<meta property=\"og:url\" content=\"https:\/\/shop.bantam.ch\/fr\/produit\/echelle-telescopique-pour-fourgonnette-9-echelons\/\" \/>\n<meta property=\"og:site_name\" content=\"Bantam Wankm\u00fcller SA\" \/>\n<meta property=\"article:modified_time\" content=\"2026-04-17T19:09:00+00:00\" \/>\n<meta property=\"og:image\" content=\"https:\/\/shop.bantam.ch\/wp-content\/uploads\/2023\/02\/9940912-100-2-3.jpg\" \/>\n\t<meta property=\"og:image:width\" content=\"375\" \/>\n\t<meta property=\"og:image:height\" content=\"500\" \/>\n\t<meta property=\"og:image:type\" content=\"image\/jpeg\" \/>\n<meta name=\"twitter:card\" content=\"summary_large_image\" \/>\n<meta name=\"twitter:label1\" content=\"Dur\u00e9e de lecture estim\u00e9e\" \/>\n\t<meta name=\"twitter:data1\" content=\"1 minute\" \/>\n<script type=\"application\/ld+json\" class=\"yoast-schema-graph\">{\"@context\":\"https:\\\/\\\/schema.org\",\"@graph\":[{\"@type\":\"WebPage\",\"@id\":\"https:\\\/\\\/shop.bantam.ch\\\/fr\\\/produit\\\/echelle-telescopique-pour-fourgonnette-9-echelons\\\/\",\"url\":\"https:\\\/\\\/shop.bantam.ch\\\/fr\\\/produit\\\/echelle-telescopique-pour-fourgonnette-9-echelons\\\/\",\"name\":\"\u00c9chelle t\u00e9lescopique Thule pour fourgons 9\u00a0niveaux - Bantam Wankm\u00fcller SA\",\"isPartOf\":{\"@id\":\"https:\\\/\\\/shop.bantam.ch\\\/fr\\\/#website\"},\"primaryImageOfPage\":{\"@id\":\"https:\\\/\\\/shop.bantam.ch\\\/fr\\\/produit\\\/echelle-telescopique-pour-fourgonnette-9-echelons\\\/#primaryimage\"},\"image\":{\"@id\":\"https:\\\/\\\/shop.bantam.ch\\\/fr\\\/produit\\\/echelle-telescopique-pour-fourgonnette-9-echelons\\\/#primaryimage\"},\"thumbnailUrl\":\"https:\\\/\\\/shop.bantam.ch\\\/wp-content\\\/uploads\\\/2023\\\/02\\\/9940912-100-2-3.jpg\",\"datePublished\":\"2023-02-27T17:49:21+00:00\",\"dateModified\":\"2026-04-17T19:09:00+00:00\",\"breadcrumb\":{\"@id\":\"https:\\\/\\\/shop.bantam.ch\\\/fr\\\/produit\\\/echelle-telescopique-pour-fourgonnette-9-echelons\\\/#breadcrumb\"},\"inLanguage\":\"fr-FR\",\"potentialAction\":[{\"@type\":\"ReadAction\",\"target\":[\"https:\\\/\\\/shop.bantam.ch\\\/fr\\\/produit\\\/echelle-telescopique-pour-fourgonnette-9-echelons\\\/\"]}]},{\"@type\":\"ImageObject\",\"inLanguage\":\"fr-FR\",\"@id\":\"https:\\\/\\\/shop.bantam.ch\\\/fr\\\/produit\\\/echelle-telescopique-pour-fourgonnette-9-echelons\\\/#primaryimage\",\"url\":\"https:\\\/\\\/shop.bantam.ch\\\/wp-content\\\/uploads\\\/2023\\\/02\\\/9940912-100-2-3.jpg\",\"contentUrl\":\"https:\\\/\\\/shop.bantam.ch\\\/wp-content\\\/uploads\\\/2023\\\/02\\\/9940912-100-2-3.jpg\",\"width\":375,\"height\":500},{\"@type\":\"BreadcrumbList\",\"@id\":\"https:\\\/\\\/shop.bantam.ch\\\/fr\\\/produit\\\/echelle-telescopique-pour-fourgonnette-9-echelons\\\/#breadcrumb\",\"itemListElement\":[{\"@type\":\"ListItem\",\"position\":1,\"name\":\"Accueil\",\"item\":\"https:\\\/\\\/shop.bantam.ch\\\/fr\\\/\"},{\"@type\":\"ListItem\",\"position\":2,\"name\":\"Boutique\",\"item\":\"https:\\\/\\\/shop.bantam.ch\\\/fr\\\/boutique\\\/\"},{\"@type\":\"ListItem\",\"position\":3,\"name\":\"\u00c9chelle t\u00e9lescopique Thule pour fourgons 9\u00a0niveaux\"}]},{\"@type\":\"WebSite\",\"@id\":\"https:\\\/\\\/shop.bantam.ch\\\/fr\\\/#website\",\"url\":\"https:\\\/\\\/shop.bantam.ch\\\/fr\\\/\",\"name\":\"Bantam Wankm\u00fcller SA\",\"description\":\"\",\"publisher\":{\"@id\":\"https:\\\/\\\/shop.bantam.ch\\\/fr\\\/#organization\"},\"inLanguage\":\"fr-FR\"},{\"@type\":\"Organization\",\"@id\":\"https:\\\/\\\/shop.bantam.ch\\\/fr\\\/#organization\",\"name\":\"Bantam Wankm\u00fcller SA\",\"url\":\"https:\\\/\\\/shop.bantam.ch\\\/fr\\\/\",\"logo\":{\"@type\":\"ImageObject\",\"inLanguage\":\"fr-FR\",\"@id\":\"https:\\\/\\\/shop.bantam.ch\\\/fr\\\/#\\\/schema\\\/logo\\\/image\\\/\",\"url\":\"https:\\\/\\\/shop.bantam.ch\\\/wp-content\\\/uploads\\\/2022\\\/12\\\/bantam-logo.png\",\"contentUrl\":\"https:\\\/\\\/shop.bantam.ch\\\/wp-content\\\/uploads\\\/2022\\\/12\\\/bantam-logo.png\",\"width\":320,\"height\":71,\"caption\":\"Bantam Wankm\u00fcller SA\"},\"image\":{\"@id\":\"https:\\\/\\\/shop.bantam.ch\\\/fr\\\/#\\\/schema\\\/logo\\\/image\\\/\"}}]}<\/script>\n<!-- \/ Yoast SEO plugin. -->","yoast_head_json":{"title":"\u00c9chelle t\u00e9lescopique Thule pour fourgons 9\u00a0niveaux - Bantam Wankm\u00fcller SA","robots":{"index":"index","follow":"follow","max-snippet":"max-snippet:-1","max-image-preview":"max-image-preview:large","max-video-preview":"max-video-preview:-1"},"canonical":"https:\/\/shop.bantam.ch\/fr\/produit\/echelle-telescopique-pour-fourgonnette-9-echelons\/","og_locale":"fr_FR","og_type":"article","og_title":"\u00c9chelle t\u00e9lescopique Thule pour fourgons 9\u00a0niveaux - Bantam Wankm\u00fcller SA","og_description":"L&rsquo;ensemble d&rsquo;\u00e9chelles t\u00e9lescopiques vous permet d\u2019acc\u00e9der facilement, de tous les c\u00f4t\u00e9s et en toute s\u00e9curit\u00e9 au toit de votre v\u00e9hicule et au syst\u00e8me de support de toit. L&rsquo;\u00e9chelle peut \u00eatre fix\u00e9e de fa\u00e7on s\u00fbre et stable \u00e0 la paroi lat\u00e9rale du v\u00e9hicule avec le kit de fixation magn\u00e9tique. Syst\u00e8me de pression d&rsquo;air an guise de [&hellip;]","og_url":"https:\/\/shop.bantam.ch\/fr\/produit\/echelle-telescopique-pour-fourgonnette-9-echelons\/","og_site_name":"Bantam Wankm\u00fcller SA","article_modified_time":"2026-04-17T19:09:00+00:00","og_image":[{"width":375,"height":500,"url":"https:\/\/shop.bantam.ch\/wp-content\/uploads\/2023\/02\/9940912-100-2-3.jpg","type":"image\/jpeg"}],"twitter_card":"summary_large_image","twitter_misc":{"Dur\u00e9e de lecture estim\u00e9e":"1 minute"},"schema":{"@context":"https:\/\/schema.org","@graph":[{"@type":"WebPage","@id":"https:\/\/shop.bantam.ch\/fr\/produit\/echelle-telescopique-pour-fourgonnette-9-echelons\/","url":"https:\/\/shop.bantam.ch\/fr\/produit\/echelle-telescopique-pour-fourgonnette-9-echelons\/","name":"\u00c9chelle t\u00e9lescopique Thule pour fourgons 9\u00a0niveaux - Bantam Wankm\u00fcller SA","isPartOf":{"@id":"https:\/\/shop.bantam.ch\/fr\/#website"},"primaryImageOfPage":{"@id":"https:\/\/shop.bantam.ch\/fr\/produit\/echelle-telescopique-pour-fourgonnette-9-echelons\/#primaryimage"},"image":{"@id":"https:\/\/shop.bantam.ch\/fr\/produit\/echelle-telescopique-pour-fourgonnette-9-echelons\/#primaryimage"},"thumbnailUrl":"https:\/\/shop.bantam.ch\/wp-content\/uploads\/2023\/02\/9940912-100-2-3.jpg","datePublished":"2023-02-27T17:49:21+00:00","dateModified":"2026-04-17T19:09:00+00:00","breadcrumb":{"@id":"https:\/\/shop.bantam.ch\/fr\/produit\/echelle-telescopique-pour-fourgonnette-9-echelons\/#breadcrumb"},"inLanguage":"fr-FR","potentialAction":[{"@type":"ReadAction","target":["https:\/\/shop.bantam.ch\/fr\/produit\/echelle-telescopique-pour-fourgonnette-9-echelons\/"]}]},{"@type":"ImageObject","inLanguage":"fr-FR","@id":"https:\/\/shop.bantam.ch\/fr\/produit\/echelle-telescopique-pour-fourgonnette-9-echelons\/#primaryimage","url":"https:\/\/shop.bantam.ch\/wp-content\/uploads\/2023\/02\/9940912-100-2-3.jpg","contentUrl":"https:\/\/shop.bantam.ch\/wp-content\/uploads\/2023\/02\/9940912-100-2-3.jpg","width":375,"height":500},{"@type":"BreadcrumbList","@id":"https:\/\/shop.bantam.ch\/fr\/produit\/echelle-telescopique-pour-fourgonnette-9-echelons\/#breadcrumb","itemListElement":[{"@type":"ListItem","position":1,"name":"Accueil","item":"https:\/\/shop.bantam.ch\/fr\/"},{"@type":"ListItem","position":2,"name":"Boutique","item":"https:\/\/shop.bantam.ch\/fr\/boutique\/"},{"@type":"ListItem","position":3,"name":"\u00c9chelle t\u00e9lescopique Thule pour fourgons 9\u00a0niveaux"}]},{"@type":"WebSite","@id":"https:\/\/shop.bantam.ch\/fr\/#website","url":"https:\/\/shop.bantam.ch\/fr\/","name":"Bantam Wankm\u00fcller SA","description":"","publisher":{"@id":"https:\/\/shop.bantam.ch\/fr\/#organization"},"inLanguage":"fr-FR"},{"@type":"Organization","@id":"https:\/\/shop.bantam.ch\/fr\/#organization","name":"Bantam Wankm\u00fcller SA","url":"https:\/\/shop.bantam.ch\/fr\/","logo":{"@type":"ImageObject","inLanguage":"fr-FR","@id":"https:\/\/shop.bantam.ch\/fr\/#\/schema\/logo\/image\/","url":"https:\/\/shop.bantam.ch\/wp-content\/uploads\/2022\/12\/bantam-logo.png","contentUrl":"https:\/\/shop.bantam.ch\/wp-content\/uploads\/2022\/12\/bantam-logo.png","width":320,"height":71,"caption":"Bantam Wankm\u00fcller SA"},"image":{"@id":"https:\/\/shop.bantam.ch\/fr\/#\/schema\/logo\/image\/"}}]}},"_links":{"self":[{"href":"https:\/\/shop.bantam.ch\/fr\/wp-json\/wp\/v2\/product\/63671","targetHints":{"allow":["GET"]}}],"collection":[{"href":"https:\/\/shop.bantam.ch\/fr\/wp-json\/wp\/v2\/product"}],"about":[{"href":"https:\/\/shop.bantam.ch\/fr\/wp-json\/wp\/v2\/types\/product"}],"wp:featuredmedia":[{"embeddable":true,"href":"https:\/\/shop.bantam.ch\/fr\/wp-json\/wp\/v2\/media\/63663"}],"wp:attachment":[{"href":"https:\/\/shop.bantam.ch\/fr\/wp-json\/wp\/v2\/media?parent=63671"}],"wp:term":[{"taxonomy":"product_featured_cat","embeddable":true,"href":"https:\/\/shop.bantam.ch\/fr\/wp-json\/wp\/v2\/product_featured_cat?post=63671"},{"taxonomy":"product_brand","embeddable":true,"href":"https:\/\/shop.bantam.ch\/fr\/wp-json\/wp\/v2\/product_brand?post=63671"},{"taxonomy":"product_cat","embeddable":true,"href":"https:\/\/shop.bantam.ch\/fr\/wp-json\/wp\/v2\/product_cat?post=63671"},{"taxonomy":"product_tag","embeddable":true,"href":"https:\/\/shop.bantam.ch\/fr\/wp-json\/wp\/v2\/product_tag?post=63671"}],"curies":[{"name":"wp","href":"https:\/\/api.w.org\/{rel}","templated":true}]}}