{"id":63389,"date":"2023-02-27T18:44:23","date_gmt":"2023-02-27T17:44:23","guid":{"rendered":"http:\/\/shop.bantam.ch\/produit\/jante-en-metal-leger-gsm-8\/"},"modified":"2026-05-09T21:51:20","modified_gmt":"2026-05-09T19:51:20","slug":"jante-en-metal-leger-gsm-8","status":"publish","type":"product","link":"https:\/\/shop.bantam.ch\/fr\/produit\/jante-en-metal-leger-gsm-8\/","title":{"rendered":"Jante en m\u00e9tal l\u00e9ger GSM 8"},"content":{"rendered":"<p>Avec les jantes en aluminium de haute qualit\u00e9 Goldschmitt, vous am\u00e9liorez non seulement la s\u00e9curit\u00e9 de votre v\u00e9hicule, mais aussi son aspect visuel et le transformez en un bijou avec un minimum d&rsquo;efforts. Ce n&rsquo;est pas seulement le raffinement visuel qui fait la diff\u00e9rence, mais surtout le perfectionnement technique, car les jantes pour camping-cars doivent avoir une capacit\u00e9 de charge beaucoup plus \u00e9lev\u00e9e que les roues en aluminium pour voitures particuli\u00e8res. Les jantes Goldschmitt ont toujours rempli ces exigences avec brio. Il n&rsquo;est donc pas surprenant que les jantes de haute qualit\u00e9 de l&rsquo;Odenwald soient tr\u00e8s appr\u00e9ci\u00e9es des propri\u00e9taires de camping-cars et des carrossiers depuis de nombreuses ann\u00e9es.<\/p>\n","protected":false},"excerpt":{"rendered":"<p>Avec les jantes en aluminium de haute qualit\u00e9 Goldschmitt, vous am\u00e9liorez non seulement la s\u00e9curit\u00e9 de votre v\u00e9hicule, mais aussi son aspect visuel et le transformez en un bijou avec un minimum d&rsquo;efforts. Ce n&rsquo;est pas seulement le raffinement visuel qui fait la diff\u00e9rence, mais surtout le perfectionnement technique, car les jantes pour camping-cars doivent [&hellip;]<\/p>\n","protected":false},"featured_media":63385,"template":"","meta":{"_acf_changed":false},"product_featured_cat":[],"product_brand":[3270],"product_cat":[4809],"product_tag":[],"class_list":{"0":"post-63389","1":"product","2":"type-product","3":"status-publish","4":"has-post-thumbnail","6":"product_brand-goldschmitt","7":"product_cat-roues-et-jantes","9":"first","10":"instock","11":"taxable","12":"shipping-taxable","13":"purchasable","14":"product-type-variable"},"acf":[],"yoast_head":"<!-- This site is optimized with the Yoast SEO plugin v27.5 - https:\/\/yoast.com\/product\/yoast-seo-wordpress\/ -->\n<title>Jante en m\u00e9tal l\u00e9ger GSM 8 - Bantam<\/title>\n<meta name=\"robots\" content=\"index, follow, max-snippet:-1, max-image-preview:large, max-video-preview:-1\" \/>\n<link rel=\"canonical\" href=\"https:\/\/shop.bantam.ch\/fr\/produit\/jante-en-metal-leger-gsm-8\/\" \/>\n<meta property=\"og:locale\" content=\"fr_FR\" \/>\n<meta property=\"og:type\" content=\"article\" \/>\n<meta property=\"og:title\" content=\"Jante en m\u00e9tal l\u00e9ger GSM 8 - Bantam\" \/>\n<meta property=\"og:description\" content=\"Avec les jantes en aluminium de haute qualit\u00e9 Goldschmitt, vous am\u00e9liorez non seulement la s\u00e9curit\u00e9 de votre v\u00e9hicule, mais aussi son aspect visuel et le transformez en un bijou avec un minimum d&rsquo;efforts. Ce n&rsquo;est pas seulement le raffinement visuel qui fait la diff\u00e9rence, mais surtout le perfectionnement technique, car les jantes pour camping-cars doivent [&hellip;]\" \/>\n<meta property=\"og:url\" content=\"https:\/\/shop.bantam.ch\/fr\/produit\/jante-en-metal-leger-gsm-8\/\" \/>\n<meta property=\"og:site_name\" content=\"Bantam\" \/>\n<meta property=\"article:modified_time\" content=\"2026-05-09T19:51:20+00:00\" \/>\n<meta property=\"og:image\" content=\"https:\/\/shop.bantam.ch\/wp-content\/uploads\/2023\/02\/994050911.jpg\" \/>\n\t<meta property=\"og:image:width\" content=\"1000\" \/>\n\t<meta property=\"og:image:height\" content=\"824\" \/>\n\t<meta property=\"og:image:type\" content=\"image\/jpeg\" \/>\n<meta name=\"twitter:card\" content=\"summary_large_image\" \/>\n<meta name=\"twitter:label1\" content=\"Dur\u00e9e de lecture estim\u00e9e\" \/>\n\t<meta name=\"twitter:data1\" content=\"1 minute\" \/>\n<script type=\"application\/ld+json\" class=\"yoast-schema-graph\">{\"@context\":\"https:\\\/\\\/schema.org\",\"@graph\":[{\"@type\":\"WebPage\",\"@id\":\"https:\\\/\\\/shop.bantam.ch\\\/fr\\\/produit\\\/jante-en-metal-leger-gsm-8\\\/\",\"url\":\"https:\\\/\\\/shop.bantam.ch\\\/fr\\\/produit\\\/jante-en-metal-leger-gsm-8\\\/\",\"name\":\"Jante en m\u00e9tal l\u00e9ger GSM 8 - Bantam\",\"isPartOf\":{\"@id\":\"https:\\\/\\\/shop.bantam.ch\\\/fr\\\/#website\"},\"primaryImageOfPage\":{\"@id\":\"https:\\\/\\\/shop.bantam.ch\\\/fr\\\/produit\\\/jante-en-metal-leger-gsm-8\\\/#primaryimage\"},\"image\":{\"@id\":\"https:\\\/\\\/shop.bantam.ch\\\/fr\\\/produit\\\/jante-en-metal-leger-gsm-8\\\/#primaryimage\"},\"thumbnailUrl\":\"https:\\\/\\\/shop.bantam.ch\\\/wp-content\\\/uploads\\\/2023\\\/02\\\/994050911.jpg\",\"datePublished\":\"2023-02-27T17:44:23+00:00\",\"dateModified\":\"2026-05-09T19:51:20+00:00\",\"breadcrumb\":{\"@id\":\"https:\\\/\\\/shop.bantam.ch\\\/fr\\\/produit\\\/jante-en-metal-leger-gsm-8\\\/#breadcrumb\"},\"inLanguage\":\"fr-FR\",\"potentialAction\":[{\"@type\":\"ReadAction\",\"target\":[\"https:\\\/\\\/shop.bantam.ch\\\/fr\\\/produit\\\/jante-en-metal-leger-gsm-8\\\/\"]}]},{\"@type\":\"ImageObject\",\"inLanguage\":\"fr-FR\",\"@id\":\"https:\\\/\\\/shop.bantam.ch\\\/fr\\\/produit\\\/jante-en-metal-leger-gsm-8\\\/#primaryimage\",\"url\":\"https:\\\/\\\/shop.bantam.ch\\\/wp-content\\\/uploads\\\/2023\\\/02\\\/994050911.jpg\",\"contentUrl\":\"https:\\\/\\\/shop.bantam.ch\\\/wp-content\\\/uploads\\\/2023\\\/02\\\/994050911.jpg\",\"width\":1000,\"height\":824},{\"@type\":\"BreadcrumbList\",\"@id\":\"https:\\\/\\\/shop.bantam.ch\\\/fr\\\/produit\\\/jante-en-metal-leger-gsm-8\\\/#breadcrumb\",\"itemListElement\":[{\"@type\":\"ListItem\",\"position\":1,\"name\":\"Accueil\",\"item\":\"https:\\\/\\\/shop.bantam.ch\\\/fr\\\/\"},{\"@type\":\"ListItem\",\"position\":2,\"name\":\"Boutique\",\"item\":\"https:\\\/\\\/shop.bantam.ch\\\/fr\\\/boutique\\\/\"},{\"@type\":\"ListItem\",\"position\":3,\"name\":\"Jante en m\u00e9tal l\u00e9ger GSM 8\"}]},{\"@type\":\"WebSite\",\"@id\":\"https:\\\/\\\/shop.bantam.ch\\\/fr\\\/#website\",\"url\":\"https:\\\/\\\/shop.bantam.ch\\\/fr\\\/\",\"name\":\"Bantam\",\"description\":\"\",\"publisher\":{\"@id\":\"https:\\\/\\\/shop.bantam.ch\\\/fr\\\/#organization\"},\"inLanguage\":\"fr-FR\"},{\"@type\":\"Organization\",\"@id\":\"https:\\\/\\\/shop.bantam.ch\\\/fr\\\/#organization\",\"name\":\"Bantam\",\"url\":\"https:\\\/\\\/shop.bantam.ch\\\/fr\\\/\",\"logo\":{\"@type\":\"ImageObject\",\"inLanguage\":\"fr-FR\",\"@id\":\"https:\\\/\\\/shop.bantam.ch\\\/fr\\\/#\\\/schema\\\/logo\\\/image\\\/\",\"url\":\"https:\\\/\\\/shop.bantam.ch\\\/wp-content\\\/uploads\\\/2022\\\/12\\\/bantam-logo.png\",\"contentUrl\":\"https:\\\/\\\/shop.bantam.ch\\\/wp-content\\\/uploads\\\/2022\\\/12\\\/bantam-logo.png\",\"width\":320,\"height\":71,\"caption\":\"Bantam\"},\"image\":{\"@id\":\"https:\\\/\\\/shop.bantam.ch\\\/fr\\\/#\\\/schema\\\/logo\\\/image\\\/\"}}]}<\/script>\n<!-- \/ Yoast SEO plugin. -->","yoast_head_json":{"title":"Jante en m\u00e9tal l\u00e9ger GSM 8 - Bantam","robots":{"index":"index","follow":"follow","max-snippet":"max-snippet:-1","max-image-preview":"max-image-preview:large","max-video-preview":"max-video-preview:-1"},"canonical":"https:\/\/shop.bantam.ch\/fr\/produit\/jante-en-metal-leger-gsm-8\/","og_locale":"fr_FR","og_type":"article","og_title":"Jante en m\u00e9tal l\u00e9ger GSM 8 - Bantam","og_description":"Avec les jantes en aluminium de haute qualit\u00e9 Goldschmitt, vous am\u00e9liorez non seulement la s\u00e9curit\u00e9 de votre v\u00e9hicule, mais aussi son aspect visuel et le transformez en un bijou avec un minimum d&rsquo;efforts. Ce n&rsquo;est pas seulement le raffinement visuel qui fait la diff\u00e9rence, mais surtout le perfectionnement technique, car les jantes pour camping-cars doivent [&hellip;]","og_url":"https:\/\/shop.bantam.ch\/fr\/produit\/jante-en-metal-leger-gsm-8\/","og_site_name":"Bantam","article_modified_time":"2026-05-09T19:51:20+00:00","og_image":[{"width":1000,"height":824,"url":"https:\/\/shop.bantam.ch\/wp-content\/uploads\/2023\/02\/994050911.jpg","type":"image\/jpeg"}],"twitter_card":"summary_large_image","twitter_misc":{"Dur\u00e9e de lecture estim\u00e9e":"1 minute"},"schema":{"@context":"https:\/\/schema.org","@graph":[{"@type":"WebPage","@id":"https:\/\/shop.bantam.ch\/fr\/produit\/jante-en-metal-leger-gsm-8\/","url":"https:\/\/shop.bantam.ch\/fr\/produit\/jante-en-metal-leger-gsm-8\/","name":"Jante en m\u00e9tal l\u00e9ger GSM 8 - Bantam","isPartOf":{"@id":"https:\/\/shop.bantam.ch\/fr\/#website"},"primaryImageOfPage":{"@id":"https:\/\/shop.bantam.ch\/fr\/produit\/jante-en-metal-leger-gsm-8\/#primaryimage"},"image":{"@id":"https:\/\/shop.bantam.ch\/fr\/produit\/jante-en-metal-leger-gsm-8\/#primaryimage"},"thumbnailUrl":"https:\/\/shop.bantam.ch\/wp-content\/uploads\/2023\/02\/994050911.jpg","datePublished":"2023-02-27T17:44:23+00:00","dateModified":"2026-05-09T19:51:20+00:00","breadcrumb":{"@id":"https:\/\/shop.bantam.ch\/fr\/produit\/jante-en-metal-leger-gsm-8\/#breadcrumb"},"inLanguage":"fr-FR","potentialAction":[{"@type":"ReadAction","target":["https:\/\/shop.bantam.ch\/fr\/produit\/jante-en-metal-leger-gsm-8\/"]}]},{"@type":"ImageObject","inLanguage":"fr-FR","@id":"https:\/\/shop.bantam.ch\/fr\/produit\/jante-en-metal-leger-gsm-8\/#primaryimage","url":"https:\/\/shop.bantam.ch\/wp-content\/uploads\/2023\/02\/994050911.jpg","contentUrl":"https:\/\/shop.bantam.ch\/wp-content\/uploads\/2023\/02\/994050911.jpg","width":1000,"height":824},{"@type":"BreadcrumbList","@id":"https:\/\/shop.bantam.ch\/fr\/produit\/jante-en-metal-leger-gsm-8\/#breadcrumb","itemListElement":[{"@type":"ListItem","position":1,"name":"Accueil","item":"https:\/\/shop.bantam.ch\/fr\/"},{"@type":"ListItem","position":2,"name":"Boutique","item":"https:\/\/shop.bantam.ch\/fr\/boutique\/"},{"@type":"ListItem","position":3,"name":"Jante en m\u00e9tal l\u00e9ger GSM 8"}]},{"@type":"WebSite","@id":"https:\/\/shop.bantam.ch\/fr\/#website","url":"https:\/\/shop.bantam.ch\/fr\/","name":"Bantam","description":"","publisher":{"@id":"https:\/\/shop.bantam.ch\/fr\/#organization"},"inLanguage":"fr-FR"},{"@type":"Organization","@id":"https:\/\/shop.bantam.ch\/fr\/#organization","name":"Bantam","url":"https:\/\/shop.bantam.ch\/fr\/","logo":{"@type":"ImageObject","inLanguage":"fr-FR","@id":"https:\/\/shop.bantam.ch\/fr\/#\/schema\/logo\/image\/","url":"https:\/\/shop.bantam.ch\/wp-content\/uploads\/2022\/12\/bantam-logo.png","contentUrl":"https:\/\/shop.bantam.ch\/wp-content\/uploads\/2022\/12\/bantam-logo.png","width":320,"height":71,"caption":"Bantam"},"image":{"@id":"https:\/\/shop.bantam.ch\/fr\/#\/schema\/logo\/image\/"}}]}},"_links":{"self":[{"href":"https:\/\/shop.bantam.ch\/fr\/wp-json\/wp\/v2\/product\/63389","targetHints":{"allow":["GET"]}}],"collection":[{"href":"https:\/\/shop.bantam.ch\/fr\/wp-json\/wp\/v2\/product"}],"about":[{"href":"https:\/\/shop.bantam.ch\/fr\/wp-json\/wp\/v2\/types\/product"}],"wp:featuredmedia":[{"embeddable":true,"href":"https:\/\/shop.bantam.ch\/fr\/wp-json\/wp\/v2\/media\/63385"}],"wp:attachment":[{"href":"https:\/\/shop.bantam.ch\/fr\/wp-json\/wp\/v2\/media?parent=63389"}],"wp:term":[{"taxonomy":"product_featured_cat","embeddable":true,"href":"https:\/\/shop.bantam.ch\/fr\/wp-json\/wp\/v2\/product_featured_cat?post=63389"},{"taxonomy":"product_brand","embeddable":true,"href":"https:\/\/shop.bantam.ch\/fr\/wp-json\/wp\/v2\/product_brand?post=63389"},{"taxonomy":"product_cat","embeddable":true,"href":"https:\/\/shop.bantam.ch\/fr\/wp-json\/wp\/v2\/product_cat?post=63389"},{"taxonomy":"product_tag","embeddable":true,"href":"https:\/\/shop.bantam.ch\/fr\/wp-json\/wp\/v2\/product_tag?post=63389"}],"curies":[{"name":"wp","href":"https:\/\/api.w.org\/{rel}","templated":true}]}}