{"id":63379,"date":"2023-02-27T18:44:13","date_gmt":"2023-02-27T17:44:13","guid":{"rendered":"http:\/\/shop.bantam.ch\/produit\/module-de-commande-externe-hds-50\/"},"modified":"2026-04-18T21:08:59","modified_gmt":"2026-04-18T19:08:59","slug":"module-de-commande-externe-hds-50","status":"publish","type":"product","link":"https:\/\/shop.bantam.ch\/fr\/produit\/module-de-commande-externe-hds-50\/","title":{"rendered":"Module commande ex. Kathrein HDS 50 pour antenne satellite CAP 650 \/ 750 \/ 950"},"content":{"rendered":"<p>Gr\u00e2ce \u00e0 l&rsquo;unit\u00e9 de commande externe HDS 50, vous pouvez commander l&rsquo;unit\u00e9 rotative facilement et confortablement sans avoir \u00e0 allumer le r\u00e9cepteur ou le t\u00e9l\u00e9viseur. La s\u00e9lection du satellite, le repli, et d\u2018autres fonctionnalit\u00e9s sont \u00e9galement disponibles dans le menu intuitif.  Un \u00e9cran \u00e0 cristaux liquides fournit la vue d&rsquo;ensemble n\u00e9cessaire des informations d&rsquo;\u00e9tat et les r\u00e9glages peuvent \u00eatre effectu\u00e9s rapidement \u00e0 l&rsquo;aide des boutons de commande annexes.<\/p>\n","protected":false},"excerpt":{"rendered":"<p>Gr\u00e2ce \u00e0 l&rsquo;unit\u00e9 de commande externe HDS 50, vous pouvez commander l&rsquo;unit\u00e9 rotative facilement et confortablement sans avoir \u00e0 allumer le r\u00e9cepteur ou le t\u00e9l\u00e9viseur. La s\u00e9lection du satellite, le repli, et d\u2018autres fonctionnalit\u00e9s sont \u00e9galement disponibles dans le menu intuitif. Un \u00e9cran \u00e0 cristaux liquides fournit la vue d&rsquo;ensemble n\u00e9cessaire des informations d&rsquo;\u00e9tat et [&hellip;]<\/p>\n","protected":false},"featured_media":63377,"template":"","meta":{"_acf_changed":false},"product_featured_cat":[],"product_brand":[3266],"product_cat":[5015],"product_tag":[],"class_list":{"0":"post-63379","1":"product","2":"type-product","3":"status-publish","4":"has-post-thumbnail","6":"product_brand-kathrein","7":"product_cat-autres-accessoires-pour-installations-satellites","9":"first","10":"instock","11":"taxable","12":"shipping-taxable","13":"purchasable","14":"product-type-simple"},"acf":[],"yoast_head":"<!-- This site is optimized with the Yoast SEO plugin v27.4 - https:\/\/yoast.com\/product\/yoast-seo-wordpress\/ -->\n<title>Module commande ex. Kathrein HDS 50 pour antenne satellite CAP 650 \/ 750 \/ 950 - Bantam Wankm\u00fcller SA<\/title>\n<meta name=\"robots\" content=\"index, follow, max-snippet:-1, max-image-preview:large, max-video-preview:-1\" \/>\n<link rel=\"canonical\" href=\"https:\/\/shop.bantam.ch\/fr\/produit\/module-de-commande-externe-hds-50\/\" \/>\n<meta property=\"og:locale\" content=\"fr_FR\" \/>\n<meta property=\"og:type\" content=\"article\" \/>\n<meta property=\"og:title\" content=\"Module commande ex. Kathrein HDS 50 pour antenne satellite CAP 650 \/ 750 \/ 950 - Bantam Wankm\u00fcller SA\" \/>\n<meta property=\"og:description\" content=\"Gr\u00e2ce \u00e0 l&rsquo;unit\u00e9 de commande externe HDS 50, vous pouvez commander l&rsquo;unit\u00e9 rotative facilement et confortablement sans avoir \u00e0 allumer le r\u00e9cepteur ou le t\u00e9l\u00e9viseur. La s\u00e9lection du satellite, le repli, et d\u2018autres fonctionnalit\u00e9s sont \u00e9galement disponibles dans le menu intuitif. Un \u00e9cran \u00e0 cristaux liquides fournit la vue d&rsquo;ensemble n\u00e9cessaire des informations d&rsquo;\u00e9tat et [&hellip;]\" \/>\n<meta property=\"og:url\" content=\"https:\/\/shop.bantam.ch\/fr\/produit\/module-de-commande-externe-hds-50\/\" \/>\n<meta property=\"og:site_name\" content=\"Bantam Wankm\u00fcller SA\" \/>\n<meta property=\"article:modified_time\" content=\"2026-04-18T19:08:59+00:00\" \/>\n<meta property=\"og:image\" content=\"https:\/\/shop.bantam.ch\/wp-content\/uploads\/2023\/02\/9951822-100-1-3.jpg\" \/>\n\t<meta property=\"og:image:width\" content=\"1000\" \/>\n\t<meta property=\"og:image:height\" content=\"764\" \/>\n\t<meta property=\"og:image:type\" content=\"image\/jpeg\" \/>\n<meta name=\"twitter:card\" content=\"summary_large_image\" \/>\n<script type=\"application\/ld+json\" class=\"yoast-schema-graph\">{\"@context\":\"https:\\\/\\\/schema.org\",\"@graph\":[{\"@type\":\"WebPage\",\"@id\":\"https:\\\/\\\/shop.bantam.ch\\\/fr\\\/produit\\\/module-de-commande-externe-hds-50\\\/\",\"url\":\"https:\\\/\\\/shop.bantam.ch\\\/fr\\\/produit\\\/module-de-commande-externe-hds-50\\\/\",\"name\":\"Module commande ex. Kathrein HDS 50 pour antenne satellite CAP 650 \\\/ 750 \\\/ 950 - Bantam Wankm\u00fcller SA\",\"isPartOf\":{\"@id\":\"https:\\\/\\\/shop.bantam.ch\\\/fr\\\/#website\"},\"primaryImageOfPage\":{\"@id\":\"https:\\\/\\\/shop.bantam.ch\\\/fr\\\/produit\\\/module-de-commande-externe-hds-50\\\/#primaryimage\"},\"image\":{\"@id\":\"https:\\\/\\\/shop.bantam.ch\\\/fr\\\/produit\\\/module-de-commande-externe-hds-50\\\/#primaryimage\"},\"thumbnailUrl\":\"https:\\\/\\\/shop.bantam.ch\\\/wp-content\\\/uploads\\\/2023\\\/02\\\/9951822-100-1-3.jpg\",\"datePublished\":\"2023-02-27T17:44:13+00:00\",\"dateModified\":\"2026-04-18T19:08:59+00:00\",\"breadcrumb\":{\"@id\":\"https:\\\/\\\/shop.bantam.ch\\\/fr\\\/produit\\\/module-de-commande-externe-hds-50\\\/#breadcrumb\"},\"inLanguage\":\"fr-FR\",\"potentialAction\":[{\"@type\":\"ReadAction\",\"target\":[\"https:\\\/\\\/shop.bantam.ch\\\/fr\\\/produit\\\/module-de-commande-externe-hds-50\\\/\"]}]},{\"@type\":\"ImageObject\",\"inLanguage\":\"fr-FR\",\"@id\":\"https:\\\/\\\/shop.bantam.ch\\\/fr\\\/produit\\\/module-de-commande-externe-hds-50\\\/#primaryimage\",\"url\":\"https:\\\/\\\/shop.bantam.ch\\\/wp-content\\\/uploads\\\/2023\\\/02\\\/9951822-100-1-3.jpg\",\"contentUrl\":\"https:\\\/\\\/shop.bantam.ch\\\/wp-content\\\/uploads\\\/2023\\\/02\\\/9951822-100-1-3.jpg\",\"width\":1000,\"height\":764},{\"@type\":\"BreadcrumbList\",\"@id\":\"https:\\\/\\\/shop.bantam.ch\\\/fr\\\/produit\\\/module-de-commande-externe-hds-50\\\/#breadcrumb\",\"itemListElement\":[{\"@type\":\"ListItem\",\"position\":1,\"name\":\"Accueil\",\"item\":\"https:\\\/\\\/shop.bantam.ch\\\/fr\\\/\"},{\"@type\":\"ListItem\",\"position\":2,\"name\":\"Boutique\",\"item\":\"https:\\\/\\\/shop.bantam.ch\\\/fr\\\/boutique\\\/\"},{\"@type\":\"ListItem\",\"position\":3,\"name\":\"Module commande ex. Kathrein HDS 50 pour antenne satellite CAP 650 \\\/ 750 \\\/ 950\"}]},{\"@type\":\"WebSite\",\"@id\":\"https:\\\/\\\/shop.bantam.ch\\\/fr\\\/#website\",\"url\":\"https:\\\/\\\/shop.bantam.ch\\\/fr\\\/\",\"name\":\"Bantam Wankm\u00fcller SA\",\"description\":\"\",\"publisher\":{\"@id\":\"https:\\\/\\\/shop.bantam.ch\\\/fr\\\/#organization\"},\"inLanguage\":\"fr-FR\"},{\"@type\":\"Organization\",\"@id\":\"https:\\\/\\\/shop.bantam.ch\\\/fr\\\/#organization\",\"name\":\"Bantam Wankm\u00fcller SA\",\"url\":\"https:\\\/\\\/shop.bantam.ch\\\/fr\\\/\",\"logo\":{\"@type\":\"ImageObject\",\"inLanguage\":\"fr-FR\",\"@id\":\"https:\\\/\\\/shop.bantam.ch\\\/fr\\\/#\\\/schema\\\/logo\\\/image\\\/\",\"url\":\"https:\\\/\\\/shop.bantam.ch\\\/wp-content\\\/uploads\\\/2022\\\/12\\\/bantam-logo.png\",\"contentUrl\":\"https:\\\/\\\/shop.bantam.ch\\\/wp-content\\\/uploads\\\/2022\\\/12\\\/bantam-logo.png\",\"width\":320,\"height\":71,\"caption\":\"Bantam Wankm\u00fcller SA\"},\"image\":{\"@id\":\"https:\\\/\\\/shop.bantam.ch\\\/fr\\\/#\\\/schema\\\/logo\\\/image\\\/\"}}]}<\/script>\n<!-- \/ Yoast SEO plugin. -->","yoast_head_json":{"title":"Module commande ex. Kathrein HDS 50 pour antenne satellite CAP 650 \/ 750 \/ 950 - Bantam Wankm\u00fcller SA","robots":{"index":"index","follow":"follow","max-snippet":"max-snippet:-1","max-image-preview":"max-image-preview:large","max-video-preview":"max-video-preview:-1"},"canonical":"https:\/\/shop.bantam.ch\/fr\/produit\/module-de-commande-externe-hds-50\/","og_locale":"fr_FR","og_type":"article","og_title":"Module commande ex. Kathrein HDS 50 pour antenne satellite CAP 650 \/ 750 \/ 950 - Bantam Wankm\u00fcller SA","og_description":"Gr\u00e2ce \u00e0 l&rsquo;unit\u00e9 de commande externe HDS 50, vous pouvez commander l&rsquo;unit\u00e9 rotative facilement et confortablement sans avoir \u00e0 allumer le r\u00e9cepteur ou le t\u00e9l\u00e9viseur. La s\u00e9lection du satellite, le repli, et d\u2018autres fonctionnalit\u00e9s sont \u00e9galement disponibles dans le menu intuitif. Un \u00e9cran \u00e0 cristaux liquides fournit la vue d&rsquo;ensemble n\u00e9cessaire des informations d&rsquo;\u00e9tat et [&hellip;]","og_url":"https:\/\/shop.bantam.ch\/fr\/produit\/module-de-commande-externe-hds-50\/","og_site_name":"Bantam Wankm\u00fcller SA","article_modified_time":"2026-04-18T19:08:59+00:00","og_image":[{"width":1000,"height":764,"url":"https:\/\/shop.bantam.ch\/wp-content\/uploads\/2023\/02\/9951822-100-1-3.jpg","type":"image\/jpeg"}],"twitter_card":"summary_large_image","schema":{"@context":"https:\/\/schema.org","@graph":[{"@type":"WebPage","@id":"https:\/\/shop.bantam.ch\/fr\/produit\/module-de-commande-externe-hds-50\/","url":"https:\/\/shop.bantam.ch\/fr\/produit\/module-de-commande-externe-hds-50\/","name":"Module commande ex. Kathrein HDS 50 pour antenne satellite CAP 650 \/ 750 \/ 950 - Bantam Wankm\u00fcller SA","isPartOf":{"@id":"https:\/\/shop.bantam.ch\/fr\/#website"},"primaryImageOfPage":{"@id":"https:\/\/shop.bantam.ch\/fr\/produit\/module-de-commande-externe-hds-50\/#primaryimage"},"image":{"@id":"https:\/\/shop.bantam.ch\/fr\/produit\/module-de-commande-externe-hds-50\/#primaryimage"},"thumbnailUrl":"https:\/\/shop.bantam.ch\/wp-content\/uploads\/2023\/02\/9951822-100-1-3.jpg","datePublished":"2023-02-27T17:44:13+00:00","dateModified":"2026-04-18T19:08:59+00:00","breadcrumb":{"@id":"https:\/\/shop.bantam.ch\/fr\/produit\/module-de-commande-externe-hds-50\/#breadcrumb"},"inLanguage":"fr-FR","potentialAction":[{"@type":"ReadAction","target":["https:\/\/shop.bantam.ch\/fr\/produit\/module-de-commande-externe-hds-50\/"]}]},{"@type":"ImageObject","inLanguage":"fr-FR","@id":"https:\/\/shop.bantam.ch\/fr\/produit\/module-de-commande-externe-hds-50\/#primaryimage","url":"https:\/\/shop.bantam.ch\/wp-content\/uploads\/2023\/02\/9951822-100-1-3.jpg","contentUrl":"https:\/\/shop.bantam.ch\/wp-content\/uploads\/2023\/02\/9951822-100-1-3.jpg","width":1000,"height":764},{"@type":"BreadcrumbList","@id":"https:\/\/shop.bantam.ch\/fr\/produit\/module-de-commande-externe-hds-50\/#breadcrumb","itemListElement":[{"@type":"ListItem","position":1,"name":"Accueil","item":"https:\/\/shop.bantam.ch\/fr\/"},{"@type":"ListItem","position":2,"name":"Boutique","item":"https:\/\/shop.bantam.ch\/fr\/boutique\/"},{"@type":"ListItem","position":3,"name":"Module commande ex. Kathrein HDS 50 pour antenne satellite CAP 650 \/ 750 \/ 950"}]},{"@type":"WebSite","@id":"https:\/\/shop.bantam.ch\/fr\/#website","url":"https:\/\/shop.bantam.ch\/fr\/","name":"Bantam Wankm\u00fcller SA","description":"","publisher":{"@id":"https:\/\/shop.bantam.ch\/fr\/#organization"},"inLanguage":"fr-FR"},{"@type":"Organization","@id":"https:\/\/shop.bantam.ch\/fr\/#organization","name":"Bantam Wankm\u00fcller SA","url":"https:\/\/shop.bantam.ch\/fr\/","logo":{"@type":"ImageObject","inLanguage":"fr-FR","@id":"https:\/\/shop.bantam.ch\/fr\/#\/schema\/logo\/image\/","url":"https:\/\/shop.bantam.ch\/wp-content\/uploads\/2022\/12\/bantam-logo.png","contentUrl":"https:\/\/shop.bantam.ch\/wp-content\/uploads\/2022\/12\/bantam-logo.png","width":320,"height":71,"caption":"Bantam Wankm\u00fcller SA"},"image":{"@id":"https:\/\/shop.bantam.ch\/fr\/#\/schema\/logo\/image\/"}}]}},"_links":{"self":[{"href":"https:\/\/shop.bantam.ch\/fr\/wp-json\/wp\/v2\/product\/63379","targetHints":{"allow":["GET"]}}],"collection":[{"href":"https:\/\/shop.bantam.ch\/fr\/wp-json\/wp\/v2\/product"}],"about":[{"href":"https:\/\/shop.bantam.ch\/fr\/wp-json\/wp\/v2\/types\/product"}],"wp:featuredmedia":[{"embeddable":true,"href":"https:\/\/shop.bantam.ch\/fr\/wp-json\/wp\/v2\/media\/63377"}],"wp:attachment":[{"href":"https:\/\/shop.bantam.ch\/fr\/wp-json\/wp\/v2\/media?parent=63379"}],"wp:term":[{"taxonomy":"product_featured_cat","embeddable":true,"href":"https:\/\/shop.bantam.ch\/fr\/wp-json\/wp\/v2\/product_featured_cat?post=63379"},{"taxonomy":"product_brand","embeddable":true,"href":"https:\/\/shop.bantam.ch\/fr\/wp-json\/wp\/v2\/product_brand?post=63379"},{"taxonomy":"product_cat","embeddable":true,"href":"https:\/\/shop.bantam.ch\/fr\/wp-json\/wp\/v2\/product_cat?post=63379"},{"taxonomy":"product_tag","embeddable":true,"href":"https:\/\/shop.bantam.ch\/fr\/wp-json\/wp\/v2\/product_tag?post=63379"}],"curies":[{"name":"wp","href":"https:\/\/api.w.org\/{rel}","templated":true}]}}