{"id":63341,"date":"2023-02-27T18:43:32","date_gmt":"2023-02-27T17:43:32","guid":{"rendered":"http:\/\/shop.bantam.ch\/produit\/antenne-de-toit-kombiflex-avec-cable-adaptateur\/"},"modified":"2026-05-10T21:09:17","modified_gmt":"2026-05-10T19:09:17","slug":"antenne-de-toit-kombiflex-avec-cable-adaptateur","status":"publish","type":"product","link":"https:\/\/shop.bantam.ch\/fr\/produit\/antenne-de-toit-kombiflex-avec-cable-adaptateur\/","title":{"rendered":"Antenne de toit Kombiflex avec c\u00e2ble adaptateur"},"content":{"rendered":"<p>Barre d&rsquo;antenne (23 cm), AM (+6 dB), FM (+14 dB), DAB+ (+10 dB\/B III), GPS, faible profondeur d&rsquo;installation (15 mm), alimentation 12 V, avec 3 c\u00e2bles de raccordement de 6,5 m (RG58), AM\/FM : FAKRA (f)B &gt; DIN (m), DAB: FAKRA (f)G &gt; SMB (f), GPS: FAKRA (f)C &gt; FAKRA (f)C.<\/p>\n<p>Pour les toits de v\u00e9hicules \u00e0 rev\u00eatement int\u00e9rieur en aluminium, une rallonge filet\u00e9e 9951674 et un \u00e9crou avec rondelle \u00e0 griffes 9951676 sont \u00e9galement disponibles.<\/p>\n","protected":false},"excerpt":{"rendered":"<p>Barre d&rsquo;antenne (23 cm), AM (+6 dB), FM (+14 dB), DAB+ (+10 dB\/B III), GPS, faible profondeur d&rsquo;installation (15 mm), alimentation 12 V, avec 3 c\u00e2bles de raccordement de 6,5 m (RG58), AM\/FM : FAKRA (f)B &gt; DIN (m), DAB: FAKRA (f)G &gt; SMB (f), GPS: FAKRA (f)C &gt; FAKRA (f)C. Pour les toits de [&hellip;]<\/p>\n","protected":false},"featured_media":63333,"template":"","meta":{"_acf_changed":false},"product_featured_cat":[],"product_brand":[3032],"product_cat":[5005],"product_tag":[],"class_list":{"0":"post-63341","1":"product","2":"type-product","3":"status-publish","4":"has-post-thumbnail","6":"product_brand-standard","7":"product_cat-auto-radios","9":"first","10":"instock","11":"taxable","12":"shipping-taxable","13":"purchasable","14":"product-type-simple"},"acf":[],"yoast_head":"<!-- This site is optimized with the Yoast SEO plugin v27.5 - https:\/\/yoast.com\/product\/yoast-seo-wordpress\/ -->\n<title>Antenne de toit Kombiflex avec c\u00e2ble adaptateur - Bantam<\/title>\n<meta name=\"robots\" content=\"index, follow, max-snippet:-1, max-image-preview:large, max-video-preview:-1\" \/>\n<link rel=\"canonical\" href=\"https:\/\/shop.bantam.ch\/fr\/produit\/antenne-de-toit-kombiflex-avec-cable-adaptateur\/\" \/>\n<meta property=\"og:locale\" content=\"fr_FR\" \/>\n<meta property=\"og:type\" content=\"article\" \/>\n<meta property=\"og:title\" content=\"Antenne de toit Kombiflex avec c\u00e2ble adaptateur - Bantam\" \/>\n<meta property=\"og:description\" content=\"Barre d&rsquo;antenne (23 cm), AM (+6 dB), FM (+14 dB), DAB+ (+10 dB\/B III), GPS, faible profondeur d&rsquo;installation (15 mm), alimentation 12 V, avec 3 c\u00e2bles de raccordement de 6,5 m (RG58), AM\/FM : FAKRA (f)B &gt; DIN (m), DAB: FAKRA (f)G &gt; SMB (f), GPS: FAKRA (f)C &gt; FAKRA (f)C. Pour les toits de [&hellip;]\" \/>\n<meta property=\"og:url\" content=\"https:\/\/shop.bantam.ch\/fr\/produit\/antenne-de-toit-kombiflex-avec-cable-adaptateur\/\" \/>\n<meta property=\"og:site_name\" content=\"Bantam\" \/>\n<meta property=\"article:modified_time\" content=\"2026-05-10T19:09:17+00:00\" \/>\n<meta property=\"og:image\" content=\"https:\/\/shop.bantam.ch\/wp-content\/uploads\/2023\/02\/9951562-100-1-3.jpg\" \/>\n\t<meta property=\"og:image:width\" content=\"667\" \/>\n\t<meta property=\"og:image:height\" content=\"1000\" \/>\n\t<meta property=\"og:image:type\" content=\"image\/jpeg\" \/>\n<meta name=\"twitter:card\" content=\"summary_large_image\" \/>\n<script type=\"application\/ld+json\" class=\"yoast-schema-graph\">{\"@context\":\"https:\\\/\\\/schema.org\",\"@graph\":[{\"@type\":\"WebPage\",\"@id\":\"https:\\\/\\\/shop.bantam.ch\\\/fr\\\/produit\\\/antenne-de-toit-kombiflex-avec-cable-adaptateur\\\/\",\"url\":\"https:\\\/\\\/shop.bantam.ch\\\/fr\\\/produit\\\/antenne-de-toit-kombiflex-avec-cable-adaptateur\\\/\",\"name\":\"Antenne de toit Kombiflex avec c\u00e2ble adaptateur - Bantam\",\"isPartOf\":{\"@id\":\"https:\\\/\\\/shop.bantam.ch\\\/fr\\\/#website\"},\"primaryImageOfPage\":{\"@id\":\"https:\\\/\\\/shop.bantam.ch\\\/fr\\\/produit\\\/antenne-de-toit-kombiflex-avec-cable-adaptateur\\\/#primaryimage\"},\"image\":{\"@id\":\"https:\\\/\\\/shop.bantam.ch\\\/fr\\\/produit\\\/antenne-de-toit-kombiflex-avec-cable-adaptateur\\\/#primaryimage\"},\"thumbnailUrl\":\"https:\\\/\\\/shop.bantam.ch\\\/wp-content\\\/uploads\\\/2023\\\/02\\\/9951562-100-1-3.jpg\",\"datePublished\":\"2023-02-27T17:43:32+00:00\",\"dateModified\":\"2026-05-10T19:09:17+00:00\",\"breadcrumb\":{\"@id\":\"https:\\\/\\\/shop.bantam.ch\\\/fr\\\/produit\\\/antenne-de-toit-kombiflex-avec-cable-adaptateur\\\/#breadcrumb\"},\"inLanguage\":\"fr-FR\",\"potentialAction\":[{\"@type\":\"ReadAction\",\"target\":[\"https:\\\/\\\/shop.bantam.ch\\\/fr\\\/produit\\\/antenne-de-toit-kombiflex-avec-cable-adaptateur\\\/\"]}]},{\"@type\":\"ImageObject\",\"inLanguage\":\"fr-FR\",\"@id\":\"https:\\\/\\\/shop.bantam.ch\\\/fr\\\/produit\\\/antenne-de-toit-kombiflex-avec-cable-adaptateur\\\/#primaryimage\",\"url\":\"https:\\\/\\\/shop.bantam.ch\\\/wp-content\\\/uploads\\\/2023\\\/02\\\/9951562-100-1-3.jpg\",\"contentUrl\":\"https:\\\/\\\/shop.bantam.ch\\\/wp-content\\\/uploads\\\/2023\\\/02\\\/9951562-100-1-3.jpg\",\"width\":667,\"height\":1000},{\"@type\":\"BreadcrumbList\",\"@id\":\"https:\\\/\\\/shop.bantam.ch\\\/fr\\\/produit\\\/antenne-de-toit-kombiflex-avec-cable-adaptateur\\\/#breadcrumb\",\"itemListElement\":[{\"@type\":\"ListItem\",\"position\":1,\"name\":\"Accueil\",\"item\":\"https:\\\/\\\/shop.bantam.ch\\\/fr\\\/\"},{\"@type\":\"ListItem\",\"position\":2,\"name\":\"Boutique\",\"item\":\"https:\\\/\\\/shop.bantam.ch\\\/fr\\\/boutique\\\/\"},{\"@type\":\"ListItem\",\"position\":3,\"name\":\"Antenne de toit Kombiflex avec c\u00e2ble adaptateur\"}]},{\"@type\":\"WebSite\",\"@id\":\"https:\\\/\\\/shop.bantam.ch\\\/fr\\\/#website\",\"url\":\"https:\\\/\\\/shop.bantam.ch\\\/fr\\\/\",\"name\":\"Bantam\",\"description\":\"\",\"publisher\":{\"@id\":\"https:\\\/\\\/shop.bantam.ch\\\/fr\\\/#organization\"},\"inLanguage\":\"fr-FR\"},{\"@type\":\"Organization\",\"@id\":\"https:\\\/\\\/shop.bantam.ch\\\/fr\\\/#organization\",\"name\":\"Bantam\",\"url\":\"https:\\\/\\\/shop.bantam.ch\\\/fr\\\/\",\"logo\":{\"@type\":\"ImageObject\",\"inLanguage\":\"fr-FR\",\"@id\":\"https:\\\/\\\/shop.bantam.ch\\\/fr\\\/#\\\/schema\\\/logo\\\/image\\\/\",\"url\":\"https:\\\/\\\/shop.bantam.ch\\\/wp-content\\\/uploads\\\/2022\\\/12\\\/bantam-logo.png\",\"contentUrl\":\"https:\\\/\\\/shop.bantam.ch\\\/wp-content\\\/uploads\\\/2022\\\/12\\\/bantam-logo.png\",\"width\":320,\"height\":71,\"caption\":\"Bantam\"},\"image\":{\"@id\":\"https:\\\/\\\/shop.bantam.ch\\\/fr\\\/#\\\/schema\\\/logo\\\/image\\\/\"}}]}<\/script>\n<!-- \/ Yoast SEO plugin. -->","yoast_head_json":{"title":"Antenne de toit Kombiflex avec c\u00e2ble adaptateur - Bantam","robots":{"index":"index","follow":"follow","max-snippet":"max-snippet:-1","max-image-preview":"max-image-preview:large","max-video-preview":"max-video-preview:-1"},"canonical":"https:\/\/shop.bantam.ch\/fr\/produit\/antenne-de-toit-kombiflex-avec-cable-adaptateur\/","og_locale":"fr_FR","og_type":"article","og_title":"Antenne de toit Kombiflex avec c\u00e2ble adaptateur - Bantam","og_description":"Barre d&rsquo;antenne (23 cm), AM (+6 dB), FM (+14 dB), DAB+ (+10 dB\/B III), GPS, faible profondeur d&rsquo;installation (15 mm), alimentation 12 V, avec 3 c\u00e2bles de raccordement de 6,5 m (RG58), AM\/FM : FAKRA (f)B &gt; DIN (m), DAB: FAKRA (f)G &gt; SMB (f), GPS: FAKRA (f)C &gt; FAKRA (f)C. Pour les toits de [&hellip;]","og_url":"https:\/\/shop.bantam.ch\/fr\/produit\/antenne-de-toit-kombiflex-avec-cable-adaptateur\/","og_site_name":"Bantam","article_modified_time":"2026-05-10T19:09:17+00:00","og_image":[{"width":667,"height":1000,"url":"https:\/\/shop.bantam.ch\/wp-content\/uploads\/2023\/02\/9951562-100-1-3.jpg","type":"image\/jpeg"}],"twitter_card":"summary_large_image","schema":{"@context":"https:\/\/schema.org","@graph":[{"@type":"WebPage","@id":"https:\/\/shop.bantam.ch\/fr\/produit\/antenne-de-toit-kombiflex-avec-cable-adaptateur\/","url":"https:\/\/shop.bantam.ch\/fr\/produit\/antenne-de-toit-kombiflex-avec-cable-adaptateur\/","name":"Antenne de toit Kombiflex avec c\u00e2ble adaptateur - Bantam","isPartOf":{"@id":"https:\/\/shop.bantam.ch\/fr\/#website"},"primaryImageOfPage":{"@id":"https:\/\/shop.bantam.ch\/fr\/produit\/antenne-de-toit-kombiflex-avec-cable-adaptateur\/#primaryimage"},"image":{"@id":"https:\/\/shop.bantam.ch\/fr\/produit\/antenne-de-toit-kombiflex-avec-cable-adaptateur\/#primaryimage"},"thumbnailUrl":"https:\/\/shop.bantam.ch\/wp-content\/uploads\/2023\/02\/9951562-100-1-3.jpg","datePublished":"2023-02-27T17:43:32+00:00","dateModified":"2026-05-10T19:09:17+00:00","breadcrumb":{"@id":"https:\/\/shop.bantam.ch\/fr\/produit\/antenne-de-toit-kombiflex-avec-cable-adaptateur\/#breadcrumb"},"inLanguage":"fr-FR","potentialAction":[{"@type":"ReadAction","target":["https:\/\/shop.bantam.ch\/fr\/produit\/antenne-de-toit-kombiflex-avec-cable-adaptateur\/"]}]},{"@type":"ImageObject","inLanguage":"fr-FR","@id":"https:\/\/shop.bantam.ch\/fr\/produit\/antenne-de-toit-kombiflex-avec-cable-adaptateur\/#primaryimage","url":"https:\/\/shop.bantam.ch\/wp-content\/uploads\/2023\/02\/9951562-100-1-3.jpg","contentUrl":"https:\/\/shop.bantam.ch\/wp-content\/uploads\/2023\/02\/9951562-100-1-3.jpg","width":667,"height":1000},{"@type":"BreadcrumbList","@id":"https:\/\/shop.bantam.ch\/fr\/produit\/antenne-de-toit-kombiflex-avec-cable-adaptateur\/#breadcrumb","itemListElement":[{"@type":"ListItem","position":1,"name":"Accueil","item":"https:\/\/shop.bantam.ch\/fr\/"},{"@type":"ListItem","position":2,"name":"Boutique","item":"https:\/\/shop.bantam.ch\/fr\/boutique\/"},{"@type":"ListItem","position":3,"name":"Antenne de toit Kombiflex avec c\u00e2ble adaptateur"}]},{"@type":"WebSite","@id":"https:\/\/shop.bantam.ch\/fr\/#website","url":"https:\/\/shop.bantam.ch\/fr\/","name":"Bantam","description":"","publisher":{"@id":"https:\/\/shop.bantam.ch\/fr\/#organization"},"inLanguage":"fr-FR"},{"@type":"Organization","@id":"https:\/\/shop.bantam.ch\/fr\/#organization","name":"Bantam","url":"https:\/\/shop.bantam.ch\/fr\/","logo":{"@type":"ImageObject","inLanguage":"fr-FR","@id":"https:\/\/shop.bantam.ch\/fr\/#\/schema\/logo\/image\/","url":"https:\/\/shop.bantam.ch\/wp-content\/uploads\/2022\/12\/bantam-logo.png","contentUrl":"https:\/\/shop.bantam.ch\/wp-content\/uploads\/2022\/12\/bantam-logo.png","width":320,"height":71,"caption":"Bantam"},"image":{"@id":"https:\/\/shop.bantam.ch\/fr\/#\/schema\/logo\/image\/"}}]}},"_links":{"self":[{"href":"https:\/\/shop.bantam.ch\/fr\/wp-json\/wp\/v2\/product\/63341","targetHints":{"allow":["GET"]}}],"collection":[{"href":"https:\/\/shop.bantam.ch\/fr\/wp-json\/wp\/v2\/product"}],"about":[{"href":"https:\/\/shop.bantam.ch\/fr\/wp-json\/wp\/v2\/types\/product"}],"wp:featuredmedia":[{"embeddable":true,"href":"https:\/\/shop.bantam.ch\/fr\/wp-json\/wp\/v2\/media\/63333"}],"wp:attachment":[{"href":"https:\/\/shop.bantam.ch\/fr\/wp-json\/wp\/v2\/media?parent=63341"}],"wp:term":[{"taxonomy":"product_featured_cat","embeddable":true,"href":"https:\/\/shop.bantam.ch\/fr\/wp-json\/wp\/v2\/product_featured_cat?post=63341"},{"taxonomy":"product_brand","embeddable":true,"href":"https:\/\/shop.bantam.ch\/fr\/wp-json\/wp\/v2\/product_brand?post=63341"},{"taxonomy":"product_cat","embeddable":true,"href":"https:\/\/shop.bantam.ch\/fr\/wp-json\/wp\/v2\/product_cat?post=63341"},{"taxonomy":"product_tag","embeddable":true,"href":"https:\/\/shop.bantam.ch\/fr\/wp-json\/wp\/v2\/product_tag?post=63341"}],"curies":[{"name":"wp","href":"https:\/\/api.w.org\/{rel}","templated":true}]}}