{"id":63285,"date":"2023-02-27T18:42:32","date_gmt":"2023-02-27T17:42:32","guid":{"rendered":"http:\/\/shop.bantam.ch\/produit\/auvent-residence-g3-complet-omnistor-5102-pour-fourgon-vw-et-california\/"},"modified":"2026-04-19T21:09:47","modified_gmt":"2026-04-19T19:09:47","slug":"auvent-residence-g3-complet-omnistor-5102-pour-fourgon-vw-et-california","status":"publish","type":"product","link":"https:\/\/shop.bantam.ch\/fr\/produit\/auvent-residence-g3-complet-omnistor-5102-pour-fourgon-vw-et-california\/","title":{"rendered":"Auvent complet Thule Residence G3 pour Omnistor\u00a05102 pour VW Transporter et California"},"content":{"rendered":"<p>Auvent sp\u00e9cial pour Volkswagen T5\/T6 Multivan avec store mural Thule Omnistor 5102<\/p>\n<ul>\n<li>Le parfait \u00e9tanchement de toit, gr\u00e2ce aux profil\u00e9s de serrage pour la pose des parois lat\u00e9rales et leur liaison avec la toile du store\u00a0<\/li>\n<li>Parois avant et lat\u00e9rales dot\u00e9es de profil\u00e9s doubles noir pour une fermeture optimale\u00a0<\/li>\n<li>Paroi avant avec ouverture de porte \u00e0 droite, avec solution d\u2019enroulement vers le haut pratique\u00a0<\/li>\n<li>Bande de mousse pour une jointure \u00e9tanche au vent sur la paroi du v\u00e9hicule\u00a0<\/li>\n<li>Des fen\u00eatres de grande surface laissent rentrer beaucoup de lumi\u00e8re pour procurer une sensation d\u2019ext\u00e9rieur\u00a0<\/li>\n<li>Il est possible de monter davantage d\u2019accessoires sur la barre de jonc de la paroi avant de l\u2019auvent\u00a0<\/li>\n<li>Un tablier de sol pour l\u2019\u00e9tanchement de l\u2019espace en dessous de votre v\u00e9hicule est compris dans la fourniture<\/li>\n<\/ul>\n<p>Mat\u00e9riau\u00a0<\/p>\n<ul>\n<li>Toile PVC<\/li>\n<\/ul>\n","protected":false},"excerpt":{"rendered":"<p>Auvent sp\u00e9cial pour Volkswagen T5\/T6 Multivan avec store mural Thule Omnistor 5102 Le parfait \u00e9tanchement de toit, gr\u00e2ce aux profil\u00e9s de serrage pour la pose des parois lat\u00e9rales et leur liaison avec la toile du store\u00a0 Parois avant et lat\u00e9rales dot\u00e9es de profil\u00e9s doubles noir pour une fermeture optimale\u00a0 Paroi avant avec ouverture de porte [&hellip;]<\/p>\n","protected":false},"featured_media":63283,"template":"","meta":{"_acf_changed":false},"product_featured_cat":[],"product_brand":[3046],"product_cat":[4247],"product_tag":[],"class_list":{"0":"post-63285","1":"product","2":"type-product","3":"status-publish","4":"has-post-thumbnail","6":"product_brand-thule","7":"product_cat-auvents","9":"first","10":"instock","11":"taxable","12":"shipping-taxable","13":"purchasable","14":"product-type-simple"},"acf":[],"yoast_head":"<!-- This site is optimized with the Yoast SEO plugin v27.4 - https:\/\/yoast.com\/product\/yoast-seo-wordpress\/ -->\n<title>Auvent complet Thule Residence G3 pour Omnistor\u00a05102 pour VW Transporter et California - Bantam Wankm\u00fcller SA<\/title>\n<meta name=\"robots\" content=\"index, follow, max-snippet:-1, max-image-preview:large, max-video-preview:-1\" \/>\n<link rel=\"canonical\" href=\"https:\/\/shop.bantam.ch\/fr\/produit\/auvent-residence-g3-complet-omnistor-5102-pour-fourgon-vw-et-california\/\" \/>\n<meta property=\"og:locale\" content=\"fr_FR\" \/>\n<meta property=\"og:type\" content=\"article\" \/>\n<meta property=\"og:title\" content=\"Auvent complet Thule Residence G3 pour Omnistor\u00a05102 pour VW Transporter et California - Bantam Wankm\u00fcller SA\" \/>\n<meta property=\"og:description\" content=\"Auvent sp\u00e9cial pour Volkswagen T5\/T6 Multivan avec store mural Thule Omnistor 5102 Le parfait \u00e9tanchement de toit, gr\u00e2ce aux profil\u00e9s de serrage pour la pose des parois lat\u00e9rales et leur liaison avec la toile du store\u00a0 Parois avant et lat\u00e9rales dot\u00e9es de profil\u00e9s doubles noir pour une fermeture optimale\u00a0 Paroi avant avec ouverture de porte [&hellip;]\" \/>\n<meta property=\"og:url\" content=\"https:\/\/shop.bantam.ch\/fr\/produit\/auvent-residence-g3-complet-omnistor-5102-pour-fourgon-vw-et-california\/\" \/>\n<meta property=\"og:site_name\" content=\"Bantam Wankm\u00fcller SA\" \/>\n<meta property=\"article:modified_time\" content=\"2026-04-19T19:09:47+00:00\" \/>\n<meta property=\"og:image\" content=\"https:\/\/shop.bantam.ch\/wp-content\/uploads\/2023\/02\/9951699-100-1-3-40.jpg\" \/>\n\t<meta property=\"og:image:width\" content=\"1000\" \/>\n\t<meta property=\"og:image:height\" content=\"749\" \/>\n\t<meta property=\"og:image:type\" content=\"image\/jpeg\" \/>\n<meta name=\"twitter:card\" content=\"summary_large_image\" \/>\n<meta name=\"twitter:label1\" content=\"Dur\u00e9e de lecture estim\u00e9e\" \/>\n\t<meta name=\"twitter:data1\" content=\"1 minute\" \/>\n<script type=\"application\/ld+json\" class=\"yoast-schema-graph\">{\"@context\":\"https:\\\/\\\/schema.org\",\"@graph\":[{\"@type\":\"WebPage\",\"@id\":\"https:\\\/\\\/shop.bantam.ch\\\/fr\\\/produit\\\/auvent-residence-g3-complet-omnistor-5102-pour-fourgon-vw-et-california\\\/\",\"url\":\"https:\\\/\\\/shop.bantam.ch\\\/fr\\\/produit\\\/auvent-residence-g3-complet-omnistor-5102-pour-fourgon-vw-et-california\\\/\",\"name\":\"Auvent complet Thule Residence G3 pour Omnistor\u00a05102 pour VW Transporter et California - Bantam Wankm\u00fcller SA\",\"isPartOf\":{\"@id\":\"https:\\\/\\\/shop.bantam.ch\\\/fr\\\/#website\"},\"primaryImageOfPage\":{\"@id\":\"https:\\\/\\\/shop.bantam.ch\\\/fr\\\/produit\\\/auvent-residence-g3-complet-omnistor-5102-pour-fourgon-vw-et-california\\\/#primaryimage\"},\"image\":{\"@id\":\"https:\\\/\\\/shop.bantam.ch\\\/fr\\\/produit\\\/auvent-residence-g3-complet-omnistor-5102-pour-fourgon-vw-et-california\\\/#primaryimage\"},\"thumbnailUrl\":\"https:\\\/\\\/shop.bantam.ch\\\/wp-content\\\/uploads\\\/2023\\\/02\\\/9951699-100-1-3-40.jpg\",\"datePublished\":\"2023-02-27T17:42:32+00:00\",\"dateModified\":\"2026-04-19T19:09:47+00:00\",\"breadcrumb\":{\"@id\":\"https:\\\/\\\/shop.bantam.ch\\\/fr\\\/produit\\\/auvent-residence-g3-complet-omnistor-5102-pour-fourgon-vw-et-california\\\/#breadcrumb\"},\"inLanguage\":\"fr-FR\",\"potentialAction\":[{\"@type\":\"ReadAction\",\"target\":[\"https:\\\/\\\/shop.bantam.ch\\\/fr\\\/produit\\\/auvent-residence-g3-complet-omnistor-5102-pour-fourgon-vw-et-california\\\/\"]}]},{\"@type\":\"ImageObject\",\"inLanguage\":\"fr-FR\",\"@id\":\"https:\\\/\\\/shop.bantam.ch\\\/fr\\\/produit\\\/auvent-residence-g3-complet-omnistor-5102-pour-fourgon-vw-et-california\\\/#primaryimage\",\"url\":\"https:\\\/\\\/shop.bantam.ch\\\/wp-content\\\/uploads\\\/2023\\\/02\\\/9951699-100-1-3-40.jpg\",\"contentUrl\":\"https:\\\/\\\/shop.bantam.ch\\\/wp-content\\\/uploads\\\/2023\\\/02\\\/9951699-100-1-3-40.jpg\",\"width\":1000,\"height\":749},{\"@type\":\"BreadcrumbList\",\"@id\":\"https:\\\/\\\/shop.bantam.ch\\\/fr\\\/produit\\\/auvent-residence-g3-complet-omnistor-5102-pour-fourgon-vw-et-california\\\/#breadcrumb\",\"itemListElement\":[{\"@type\":\"ListItem\",\"position\":1,\"name\":\"Accueil\",\"item\":\"https:\\\/\\\/shop.bantam.ch\\\/fr\\\/\"},{\"@type\":\"ListItem\",\"position\":2,\"name\":\"Boutique\",\"item\":\"https:\\\/\\\/shop.bantam.ch\\\/fr\\\/boutique\\\/\"},{\"@type\":\"ListItem\",\"position\":3,\"name\":\"Auvent complet Thule Residence G3 pour Omnistor\u00a05102 pour VW Transporter et California\"}]},{\"@type\":\"WebSite\",\"@id\":\"https:\\\/\\\/shop.bantam.ch\\\/fr\\\/#website\",\"url\":\"https:\\\/\\\/shop.bantam.ch\\\/fr\\\/\",\"name\":\"Bantam Wankm\u00fcller SA\",\"description\":\"\",\"publisher\":{\"@id\":\"https:\\\/\\\/shop.bantam.ch\\\/fr\\\/#organization\"},\"inLanguage\":\"fr-FR\"},{\"@type\":\"Organization\",\"@id\":\"https:\\\/\\\/shop.bantam.ch\\\/fr\\\/#organization\",\"name\":\"Bantam Wankm\u00fcller SA\",\"url\":\"https:\\\/\\\/shop.bantam.ch\\\/fr\\\/\",\"logo\":{\"@type\":\"ImageObject\",\"inLanguage\":\"fr-FR\",\"@id\":\"https:\\\/\\\/shop.bantam.ch\\\/fr\\\/#\\\/schema\\\/logo\\\/image\\\/\",\"url\":\"https:\\\/\\\/shop.bantam.ch\\\/wp-content\\\/uploads\\\/2022\\\/12\\\/bantam-logo.png\",\"contentUrl\":\"https:\\\/\\\/shop.bantam.ch\\\/wp-content\\\/uploads\\\/2022\\\/12\\\/bantam-logo.png\",\"width\":320,\"height\":71,\"caption\":\"Bantam Wankm\u00fcller SA\"},\"image\":{\"@id\":\"https:\\\/\\\/shop.bantam.ch\\\/fr\\\/#\\\/schema\\\/logo\\\/image\\\/\"}}]}<\/script>\n<!-- \/ Yoast SEO plugin. -->","yoast_head_json":{"title":"Auvent complet Thule Residence G3 pour Omnistor\u00a05102 pour VW Transporter et California - Bantam Wankm\u00fcller SA","robots":{"index":"index","follow":"follow","max-snippet":"max-snippet:-1","max-image-preview":"max-image-preview:large","max-video-preview":"max-video-preview:-1"},"canonical":"https:\/\/shop.bantam.ch\/fr\/produit\/auvent-residence-g3-complet-omnistor-5102-pour-fourgon-vw-et-california\/","og_locale":"fr_FR","og_type":"article","og_title":"Auvent complet Thule Residence G3 pour Omnistor\u00a05102 pour VW Transporter et California - Bantam Wankm\u00fcller SA","og_description":"Auvent sp\u00e9cial pour Volkswagen T5\/T6 Multivan avec store mural Thule Omnistor 5102 Le parfait \u00e9tanchement de toit, gr\u00e2ce aux profil\u00e9s de serrage pour la pose des parois lat\u00e9rales et leur liaison avec la toile du store\u00a0 Parois avant et lat\u00e9rales dot\u00e9es de profil\u00e9s doubles noir pour une fermeture optimale\u00a0 Paroi avant avec ouverture de porte [&hellip;]","og_url":"https:\/\/shop.bantam.ch\/fr\/produit\/auvent-residence-g3-complet-omnistor-5102-pour-fourgon-vw-et-california\/","og_site_name":"Bantam Wankm\u00fcller SA","article_modified_time":"2026-04-19T19:09:47+00:00","og_image":[{"width":1000,"height":749,"url":"https:\/\/shop.bantam.ch\/wp-content\/uploads\/2023\/02\/9951699-100-1-3-40.jpg","type":"image\/jpeg"}],"twitter_card":"summary_large_image","twitter_misc":{"Dur\u00e9e de lecture estim\u00e9e":"1 minute"},"schema":{"@context":"https:\/\/schema.org","@graph":[{"@type":"WebPage","@id":"https:\/\/shop.bantam.ch\/fr\/produit\/auvent-residence-g3-complet-omnistor-5102-pour-fourgon-vw-et-california\/","url":"https:\/\/shop.bantam.ch\/fr\/produit\/auvent-residence-g3-complet-omnistor-5102-pour-fourgon-vw-et-california\/","name":"Auvent complet Thule Residence G3 pour Omnistor\u00a05102 pour VW Transporter et California - Bantam Wankm\u00fcller SA","isPartOf":{"@id":"https:\/\/shop.bantam.ch\/fr\/#website"},"primaryImageOfPage":{"@id":"https:\/\/shop.bantam.ch\/fr\/produit\/auvent-residence-g3-complet-omnistor-5102-pour-fourgon-vw-et-california\/#primaryimage"},"image":{"@id":"https:\/\/shop.bantam.ch\/fr\/produit\/auvent-residence-g3-complet-omnistor-5102-pour-fourgon-vw-et-california\/#primaryimage"},"thumbnailUrl":"https:\/\/shop.bantam.ch\/wp-content\/uploads\/2023\/02\/9951699-100-1-3-40.jpg","datePublished":"2023-02-27T17:42:32+00:00","dateModified":"2026-04-19T19:09:47+00:00","breadcrumb":{"@id":"https:\/\/shop.bantam.ch\/fr\/produit\/auvent-residence-g3-complet-omnistor-5102-pour-fourgon-vw-et-california\/#breadcrumb"},"inLanguage":"fr-FR","potentialAction":[{"@type":"ReadAction","target":["https:\/\/shop.bantam.ch\/fr\/produit\/auvent-residence-g3-complet-omnistor-5102-pour-fourgon-vw-et-california\/"]}]},{"@type":"ImageObject","inLanguage":"fr-FR","@id":"https:\/\/shop.bantam.ch\/fr\/produit\/auvent-residence-g3-complet-omnistor-5102-pour-fourgon-vw-et-california\/#primaryimage","url":"https:\/\/shop.bantam.ch\/wp-content\/uploads\/2023\/02\/9951699-100-1-3-40.jpg","contentUrl":"https:\/\/shop.bantam.ch\/wp-content\/uploads\/2023\/02\/9951699-100-1-3-40.jpg","width":1000,"height":749},{"@type":"BreadcrumbList","@id":"https:\/\/shop.bantam.ch\/fr\/produit\/auvent-residence-g3-complet-omnistor-5102-pour-fourgon-vw-et-california\/#breadcrumb","itemListElement":[{"@type":"ListItem","position":1,"name":"Accueil","item":"https:\/\/shop.bantam.ch\/fr\/"},{"@type":"ListItem","position":2,"name":"Boutique","item":"https:\/\/shop.bantam.ch\/fr\/boutique\/"},{"@type":"ListItem","position":3,"name":"Auvent complet Thule Residence G3 pour Omnistor\u00a05102 pour VW Transporter et California"}]},{"@type":"WebSite","@id":"https:\/\/shop.bantam.ch\/fr\/#website","url":"https:\/\/shop.bantam.ch\/fr\/","name":"Bantam Wankm\u00fcller SA","description":"","publisher":{"@id":"https:\/\/shop.bantam.ch\/fr\/#organization"},"inLanguage":"fr-FR"},{"@type":"Organization","@id":"https:\/\/shop.bantam.ch\/fr\/#organization","name":"Bantam Wankm\u00fcller SA","url":"https:\/\/shop.bantam.ch\/fr\/","logo":{"@type":"ImageObject","inLanguage":"fr-FR","@id":"https:\/\/shop.bantam.ch\/fr\/#\/schema\/logo\/image\/","url":"https:\/\/shop.bantam.ch\/wp-content\/uploads\/2022\/12\/bantam-logo.png","contentUrl":"https:\/\/shop.bantam.ch\/wp-content\/uploads\/2022\/12\/bantam-logo.png","width":320,"height":71,"caption":"Bantam Wankm\u00fcller SA"},"image":{"@id":"https:\/\/shop.bantam.ch\/fr\/#\/schema\/logo\/image\/"}}]}},"_links":{"self":[{"href":"https:\/\/shop.bantam.ch\/fr\/wp-json\/wp\/v2\/product\/63285","targetHints":{"allow":["GET"]}}],"collection":[{"href":"https:\/\/shop.bantam.ch\/fr\/wp-json\/wp\/v2\/product"}],"about":[{"href":"https:\/\/shop.bantam.ch\/fr\/wp-json\/wp\/v2\/types\/product"}],"wp:featuredmedia":[{"embeddable":true,"href":"https:\/\/shop.bantam.ch\/fr\/wp-json\/wp\/v2\/media\/63283"}],"wp:attachment":[{"href":"https:\/\/shop.bantam.ch\/fr\/wp-json\/wp\/v2\/media?parent=63285"}],"wp:term":[{"taxonomy":"product_featured_cat","embeddable":true,"href":"https:\/\/shop.bantam.ch\/fr\/wp-json\/wp\/v2\/product_featured_cat?post=63285"},{"taxonomy":"product_brand","embeddable":true,"href":"https:\/\/shop.bantam.ch\/fr\/wp-json\/wp\/v2\/product_brand?post=63285"},{"taxonomy":"product_cat","embeddable":true,"href":"https:\/\/shop.bantam.ch\/fr\/wp-json\/wp\/v2\/product_cat?post=63285"},{"taxonomy":"product_tag","embeddable":true,"href":"https:\/\/shop.bantam.ch\/fr\/wp-json\/wp\/v2\/product_tag?post=63285"}],"curies":[{"name":"wp","href":"https:\/\/api.w.org\/{rel}","templated":true}]}}