{"id":63281,"date":"2023-02-27T18:42:26","date_gmt":"2023-02-27T17:42:26","guid":{"rendered":"http:\/\/shop.bantam.ch\/produit\/paroi-laterale-speciale-residence-g3-8000-plate\/"},"modified":"2026-04-17T21:08:30","modified_gmt":"2026-04-17T19:08:30","slug":"paroi-laterale-speciale-residence-g3-8000-plate","status":"publish","type":"product","link":"https:\/\/shop.bantam.ch\/fr\/produit\/paroi-laterale-speciale-residence-g3-8000-plate\/","title":{"rendered":"Paroi lat\u00e9rale Thule Residence G3\u00a08000, rallonge 275\u00a0cm Haut. de montage 245 &#8211; 259\u00a0cm Angle d&rsquo;installation \u00e0 plat 45\u00a0cm"},"content":{"rendered":"<ul>\n<li>Parois lat\u00e9rales sp\u00e9ciales en combinaison avec parois frontales XXL et 3XL pour faible pente. Id\u00e9ale pour les stores mont\u00e9s \u00e0 proximit\u00e9 imm\u00e9diate des portes.<\/li>\n<li>\u00a0Pratique et modulable<\/li>\n<li>Nouveau design intemporel<\/li>\n<li>De grandes fen\u00eatres pour un maximum de lumi\u00e8re<\/li>\n<li>Pour tous les types de v\u00e9hicule<\/li>\n<li>Compatible avec 5200, 8000, 4900, 5102, 9200, 6300, 5003, 6200, 6900, 6002, 5002, 5500\u00a0<\/li>\n<\/ul>\n<p><strong>Installation<\/strong><\/p>\n<p>Un profil de serrage assure le montage et le raccord de la paroi lat\u00e9rale avec la toile du store pour une couverture parfaite.  Les parois lat\u00e9rales glissent dans le profil de serrage et la paroi avant de l\u2019auvent est gliss\u00e9e dans la barre de charge. Veuillez v\u00e9rifier le jeu de la garniture de porte avec l&rsquo;angle de pente correspondant.<\/p>\n<p><strong>\u00c9tanch\u00e9it\u00e9 optimale<\/strong><\/p>\n<p>Un profil avec des l\u00e8vres doubles en caoutchouc assurent une parfaite \u00e9tanch\u00e9it\u00e9 entre la paroi du v\u00e9hicule et le auvent.  Gr\u00e2ce \u00e0 la connexion noire profils, les parois avant et lat\u00e9rales peut \u00eatre jointes et former un auvent clos.<\/p>\n<p><strong>Protection<\/strong><\/p>\n<p>Les fen\u00eatres lat\u00e9rales de haute qualit\u00e9 sont \u00e9quip\u00e9es de l&rsquo;ext\u00e9rieur d&rsquo;un film de haute qualit\u00e9 qui s&rsquo;ouvre facilement \u00e0 l&rsquo;aide d&rsquo;une fermeture \u00e0 glissi\u00e8re. Un \u00e9cran moustiquaire est install\u00e9 sur les deux parois lat\u00e9rales en s\u00e9rie.<\/p>\n<p><strong>Design parois frontales<\/strong><\/p>\n<p>Selon la longueur du store, le design de la paroi frontale sera diff\u00e9rent.  De grandes fen\u00eatres laissent passer beaucoup de lumi\u00e8re et donnent ainsi une sensation de grand espace.<\/p>\n<p><strong>Design<\/strong><\/p>\n<p>Le nouveau design est compatible avec toutes les couleurs de toiles gr\u00e2ce \u00e0 sa combinaison de couleurs noir, gris et blanc intemporel<\/p>\n<p><strong>Polyvalence &#8211; Modularit\u00e9<\/strong><\/p>\n<p>Les fen\u00eatres modulables peuvent \u00eatres enroul\u00e9es.  Les parois avant \u00e0 partir de 3,5 m de longueur ont une ouverture de porte sur le c\u00f4t\u00e9 gauche et droit.  La porte peut \u00e9galement \u00eatre enroul\u00e9e s\u00e9par\u00e9ment. Les accessoires peuvent \u00eatre fix\u00e9s dans un double rail (9991447) en option sur la paroi avant.<\/p>\n<p>\u00a0<\/p>\n<p>Mat\u00e9riau<\/p>\n<ul>\n<li>Toile PVC<\/li>\n<\/ul>\n<ul>\n<li>Pente : 45 cm<\/li>\n<\/ul>\n","protected":false},"excerpt":{"rendered":"<p>Parois lat\u00e9rales sp\u00e9ciales en combinaison avec parois frontales XXL et 3XL pour faible pente. Id\u00e9ale pour les stores mont\u00e9s \u00e0 proximit\u00e9 imm\u00e9diate des portes. \u00a0Pratique et modulable Nouveau design intemporel De grandes fen\u00eatres pour un maximum de lumi\u00e8re Pour tous les types de v\u00e9hicule Compatible avec 5200, 8000, 4900, 5102, 9200, 6300, 5003, 6200, 6900, [&hellip;]<\/p>\n","protected":false},"featured_media":63279,"template":"","meta":{"_acf_changed":false},"product_featured_cat":[],"product_brand":[3046],"product_cat":[4223],"product_tag":[],"class_list":{"0":"post-63281","1":"product","2":"type-product","3":"status-publish","4":"has-post-thumbnail","6":"product_brand-thule","7":"product_cat-stores-et-auvents","9":"first","10":"instock","11":"taxable","12":"shipping-taxable","13":"purchasable","14":"product-type-simple"},"acf":[],"yoast_head":"<!-- This site is optimized with the Yoast SEO plugin v27.4 - https:\/\/yoast.com\/product\/yoast-seo-wordpress\/ -->\n<title>Paroi lat\u00e9rale Thule Residence G3\u00a08000, rallonge 275\u00a0cm Haut. de montage 245 - 259\u00a0cm Angle d&#039;installation \u00e0 plat 45\u00a0cm - Bantam Wankm\u00fcller SA<\/title>\n<meta name=\"robots\" content=\"index, follow, max-snippet:-1, max-image-preview:large, max-video-preview:-1\" \/>\n<link rel=\"canonical\" href=\"https:\/\/shop.bantam.ch\/fr\/produit\/paroi-laterale-speciale-residence-g3-8000-plate\/\" \/>\n<meta property=\"og:locale\" content=\"fr_FR\" \/>\n<meta property=\"og:type\" content=\"article\" \/>\n<meta property=\"og:title\" content=\"Paroi lat\u00e9rale Thule Residence G3\u00a08000, rallonge 275\u00a0cm Haut. de montage 245 - 259\u00a0cm Angle d&#039;installation \u00e0 plat 45\u00a0cm - Bantam Wankm\u00fcller SA\" \/>\n<meta property=\"og:description\" content=\"Parois lat\u00e9rales sp\u00e9ciales en combinaison avec parois frontales XXL et 3XL pour faible pente. Id\u00e9ale pour les stores mont\u00e9s \u00e0 proximit\u00e9 imm\u00e9diate des portes. \u00a0Pratique et modulable Nouveau design intemporel De grandes fen\u00eatres pour un maximum de lumi\u00e8re Pour tous les types de v\u00e9hicule Compatible avec 5200, 8000, 4900, 5102, 9200, 6300, 5003, 6200, 6900, [&hellip;]\" \/>\n<meta property=\"og:url\" content=\"https:\/\/shop.bantam.ch\/fr\/produit\/paroi-laterale-speciale-residence-g3-8000-plate\/\" \/>\n<meta property=\"og:site_name\" content=\"Bantam Wankm\u00fcller SA\" \/>\n<meta property=\"article:modified_time\" content=\"2026-04-17T19:08:30+00:00\" \/>\n<meta property=\"og:image\" content=\"https:\/\/shop.bantam.ch\/wp-content\/uploads\/2023\/02\/9951719-100-1-3-48.jpg\" \/>\n\t<meta property=\"og:image:width\" content=\"1000\" \/>\n\t<meta property=\"og:image:height\" content=\"749\" \/>\n\t<meta property=\"og:image:type\" content=\"image\/jpeg\" \/>\n<meta name=\"twitter:card\" content=\"summary_large_image\" \/>\n<meta name=\"twitter:label1\" content=\"Dur\u00e9e de lecture estim\u00e9e\" \/>\n\t<meta name=\"twitter:data1\" content=\"2 minutes\" \/>\n<script type=\"application\/ld+json\" class=\"yoast-schema-graph\">{\"@context\":\"https:\\\/\\\/schema.org\",\"@graph\":[{\"@type\":\"WebPage\",\"@id\":\"https:\\\/\\\/shop.bantam.ch\\\/fr\\\/produit\\\/paroi-laterale-speciale-residence-g3-8000-plate\\\/\",\"url\":\"https:\\\/\\\/shop.bantam.ch\\\/fr\\\/produit\\\/paroi-laterale-speciale-residence-g3-8000-plate\\\/\",\"name\":\"Paroi lat\u00e9rale Thule Residence G3\u00a08000, rallonge 275\u00a0cm Haut. de montage 245 - 259\u00a0cm Angle d'installation \u00e0 plat 45\u00a0cm - Bantam Wankm\u00fcller SA\",\"isPartOf\":{\"@id\":\"https:\\\/\\\/shop.bantam.ch\\\/fr\\\/#website\"},\"primaryImageOfPage\":{\"@id\":\"https:\\\/\\\/shop.bantam.ch\\\/fr\\\/produit\\\/paroi-laterale-speciale-residence-g3-8000-plate\\\/#primaryimage\"},\"image\":{\"@id\":\"https:\\\/\\\/shop.bantam.ch\\\/fr\\\/produit\\\/paroi-laterale-speciale-residence-g3-8000-plate\\\/#primaryimage\"},\"thumbnailUrl\":\"https:\\\/\\\/shop.bantam.ch\\\/wp-content\\\/uploads\\\/2023\\\/02\\\/9951719-100-1-3-48.jpg\",\"datePublished\":\"2023-02-27T17:42:26+00:00\",\"dateModified\":\"2026-04-17T19:08:30+00:00\",\"breadcrumb\":{\"@id\":\"https:\\\/\\\/shop.bantam.ch\\\/fr\\\/produit\\\/paroi-laterale-speciale-residence-g3-8000-plate\\\/#breadcrumb\"},\"inLanguage\":\"fr-FR\",\"potentialAction\":[{\"@type\":\"ReadAction\",\"target\":[\"https:\\\/\\\/shop.bantam.ch\\\/fr\\\/produit\\\/paroi-laterale-speciale-residence-g3-8000-plate\\\/\"]}]},{\"@type\":\"ImageObject\",\"inLanguage\":\"fr-FR\",\"@id\":\"https:\\\/\\\/shop.bantam.ch\\\/fr\\\/produit\\\/paroi-laterale-speciale-residence-g3-8000-plate\\\/#primaryimage\",\"url\":\"https:\\\/\\\/shop.bantam.ch\\\/wp-content\\\/uploads\\\/2023\\\/02\\\/9951719-100-1-3-48.jpg\",\"contentUrl\":\"https:\\\/\\\/shop.bantam.ch\\\/wp-content\\\/uploads\\\/2023\\\/02\\\/9951719-100-1-3-48.jpg\",\"width\":1000,\"height\":749},{\"@type\":\"BreadcrumbList\",\"@id\":\"https:\\\/\\\/shop.bantam.ch\\\/fr\\\/produit\\\/paroi-laterale-speciale-residence-g3-8000-plate\\\/#breadcrumb\",\"itemListElement\":[{\"@type\":\"ListItem\",\"position\":1,\"name\":\"Accueil\",\"item\":\"https:\\\/\\\/shop.bantam.ch\\\/fr\\\/\"},{\"@type\":\"ListItem\",\"position\":2,\"name\":\"Boutique\",\"item\":\"https:\\\/\\\/shop.bantam.ch\\\/fr\\\/boutique\\\/\"},{\"@type\":\"ListItem\",\"position\":3,\"name\":\"Paroi lat\u00e9rale Thule Residence G3\u00a08000, rallonge 275\u00a0cm Haut. de montage 245 &#8211; 259\u00a0cm Angle d&#8217;installation \u00e0 plat 45\u00a0cm\"}]},{\"@type\":\"WebSite\",\"@id\":\"https:\\\/\\\/shop.bantam.ch\\\/fr\\\/#website\",\"url\":\"https:\\\/\\\/shop.bantam.ch\\\/fr\\\/\",\"name\":\"Bantam Wankm\u00fcller SA\",\"description\":\"\",\"publisher\":{\"@id\":\"https:\\\/\\\/shop.bantam.ch\\\/fr\\\/#organization\"},\"inLanguage\":\"fr-FR\"},{\"@type\":\"Organization\",\"@id\":\"https:\\\/\\\/shop.bantam.ch\\\/fr\\\/#organization\",\"name\":\"Bantam Wankm\u00fcller SA\",\"url\":\"https:\\\/\\\/shop.bantam.ch\\\/fr\\\/\",\"logo\":{\"@type\":\"ImageObject\",\"inLanguage\":\"fr-FR\",\"@id\":\"https:\\\/\\\/shop.bantam.ch\\\/fr\\\/#\\\/schema\\\/logo\\\/image\\\/\",\"url\":\"https:\\\/\\\/shop.bantam.ch\\\/wp-content\\\/uploads\\\/2022\\\/12\\\/bantam-logo.png\",\"contentUrl\":\"https:\\\/\\\/shop.bantam.ch\\\/wp-content\\\/uploads\\\/2022\\\/12\\\/bantam-logo.png\",\"width\":320,\"height\":71,\"caption\":\"Bantam Wankm\u00fcller SA\"},\"image\":{\"@id\":\"https:\\\/\\\/shop.bantam.ch\\\/fr\\\/#\\\/schema\\\/logo\\\/image\\\/\"}}]}<\/script>\n<!-- \/ Yoast SEO plugin. -->","yoast_head_json":{"title":"Paroi lat\u00e9rale Thule Residence G3\u00a08000, rallonge 275\u00a0cm Haut. de montage 245 - 259\u00a0cm Angle d'installation \u00e0 plat 45\u00a0cm - Bantam Wankm\u00fcller SA","robots":{"index":"index","follow":"follow","max-snippet":"max-snippet:-1","max-image-preview":"max-image-preview:large","max-video-preview":"max-video-preview:-1"},"canonical":"https:\/\/shop.bantam.ch\/fr\/produit\/paroi-laterale-speciale-residence-g3-8000-plate\/","og_locale":"fr_FR","og_type":"article","og_title":"Paroi lat\u00e9rale Thule Residence G3\u00a08000, rallonge 275\u00a0cm Haut. de montage 245 - 259\u00a0cm Angle d'installation \u00e0 plat 45\u00a0cm - Bantam Wankm\u00fcller SA","og_description":"Parois lat\u00e9rales sp\u00e9ciales en combinaison avec parois frontales XXL et 3XL pour faible pente. Id\u00e9ale pour les stores mont\u00e9s \u00e0 proximit\u00e9 imm\u00e9diate des portes. \u00a0Pratique et modulable Nouveau design intemporel De grandes fen\u00eatres pour un maximum de lumi\u00e8re Pour tous les types de v\u00e9hicule Compatible avec 5200, 8000, 4900, 5102, 9200, 6300, 5003, 6200, 6900, [&hellip;]","og_url":"https:\/\/shop.bantam.ch\/fr\/produit\/paroi-laterale-speciale-residence-g3-8000-plate\/","og_site_name":"Bantam Wankm\u00fcller SA","article_modified_time":"2026-04-17T19:08:30+00:00","og_image":[{"width":1000,"height":749,"url":"https:\/\/shop.bantam.ch\/wp-content\/uploads\/2023\/02\/9951719-100-1-3-48.jpg","type":"image\/jpeg"}],"twitter_card":"summary_large_image","twitter_misc":{"Dur\u00e9e de lecture estim\u00e9e":"2 minutes"},"schema":{"@context":"https:\/\/schema.org","@graph":[{"@type":"WebPage","@id":"https:\/\/shop.bantam.ch\/fr\/produit\/paroi-laterale-speciale-residence-g3-8000-plate\/","url":"https:\/\/shop.bantam.ch\/fr\/produit\/paroi-laterale-speciale-residence-g3-8000-plate\/","name":"Paroi lat\u00e9rale Thule Residence G3\u00a08000, rallonge 275\u00a0cm Haut. de montage 245 - 259\u00a0cm Angle d'installation \u00e0 plat 45\u00a0cm - Bantam Wankm\u00fcller SA","isPartOf":{"@id":"https:\/\/shop.bantam.ch\/fr\/#website"},"primaryImageOfPage":{"@id":"https:\/\/shop.bantam.ch\/fr\/produit\/paroi-laterale-speciale-residence-g3-8000-plate\/#primaryimage"},"image":{"@id":"https:\/\/shop.bantam.ch\/fr\/produit\/paroi-laterale-speciale-residence-g3-8000-plate\/#primaryimage"},"thumbnailUrl":"https:\/\/shop.bantam.ch\/wp-content\/uploads\/2023\/02\/9951719-100-1-3-48.jpg","datePublished":"2023-02-27T17:42:26+00:00","dateModified":"2026-04-17T19:08:30+00:00","breadcrumb":{"@id":"https:\/\/shop.bantam.ch\/fr\/produit\/paroi-laterale-speciale-residence-g3-8000-plate\/#breadcrumb"},"inLanguage":"fr-FR","potentialAction":[{"@type":"ReadAction","target":["https:\/\/shop.bantam.ch\/fr\/produit\/paroi-laterale-speciale-residence-g3-8000-plate\/"]}]},{"@type":"ImageObject","inLanguage":"fr-FR","@id":"https:\/\/shop.bantam.ch\/fr\/produit\/paroi-laterale-speciale-residence-g3-8000-plate\/#primaryimage","url":"https:\/\/shop.bantam.ch\/wp-content\/uploads\/2023\/02\/9951719-100-1-3-48.jpg","contentUrl":"https:\/\/shop.bantam.ch\/wp-content\/uploads\/2023\/02\/9951719-100-1-3-48.jpg","width":1000,"height":749},{"@type":"BreadcrumbList","@id":"https:\/\/shop.bantam.ch\/fr\/produit\/paroi-laterale-speciale-residence-g3-8000-plate\/#breadcrumb","itemListElement":[{"@type":"ListItem","position":1,"name":"Accueil","item":"https:\/\/shop.bantam.ch\/fr\/"},{"@type":"ListItem","position":2,"name":"Boutique","item":"https:\/\/shop.bantam.ch\/fr\/boutique\/"},{"@type":"ListItem","position":3,"name":"Paroi lat\u00e9rale Thule Residence G3\u00a08000, rallonge 275\u00a0cm Haut. de montage 245 &#8211; 259\u00a0cm Angle d&#8217;installation \u00e0 plat 45\u00a0cm"}]},{"@type":"WebSite","@id":"https:\/\/shop.bantam.ch\/fr\/#website","url":"https:\/\/shop.bantam.ch\/fr\/","name":"Bantam Wankm\u00fcller SA","description":"","publisher":{"@id":"https:\/\/shop.bantam.ch\/fr\/#organization"},"inLanguage":"fr-FR"},{"@type":"Organization","@id":"https:\/\/shop.bantam.ch\/fr\/#organization","name":"Bantam Wankm\u00fcller SA","url":"https:\/\/shop.bantam.ch\/fr\/","logo":{"@type":"ImageObject","inLanguage":"fr-FR","@id":"https:\/\/shop.bantam.ch\/fr\/#\/schema\/logo\/image\/","url":"https:\/\/shop.bantam.ch\/wp-content\/uploads\/2022\/12\/bantam-logo.png","contentUrl":"https:\/\/shop.bantam.ch\/wp-content\/uploads\/2022\/12\/bantam-logo.png","width":320,"height":71,"caption":"Bantam Wankm\u00fcller SA"},"image":{"@id":"https:\/\/shop.bantam.ch\/fr\/#\/schema\/logo\/image\/"}}]}},"_links":{"self":[{"href":"https:\/\/shop.bantam.ch\/fr\/wp-json\/wp\/v2\/product\/63281","targetHints":{"allow":["GET"]}}],"collection":[{"href":"https:\/\/shop.bantam.ch\/fr\/wp-json\/wp\/v2\/product"}],"about":[{"href":"https:\/\/shop.bantam.ch\/fr\/wp-json\/wp\/v2\/types\/product"}],"wp:featuredmedia":[{"embeddable":true,"href":"https:\/\/shop.bantam.ch\/fr\/wp-json\/wp\/v2\/media\/63279"}],"wp:attachment":[{"href":"https:\/\/shop.bantam.ch\/fr\/wp-json\/wp\/v2\/media?parent=63281"}],"wp:term":[{"taxonomy":"product_featured_cat","embeddable":true,"href":"https:\/\/shop.bantam.ch\/fr\/wp-json\/wp\/v2\/product_featured_cat?post=63281"},{"taxonomy":"product_brand","embeddable":true,"href":"https:\/\/shop.bantam.ch\/fr\/wp-json\/wp\/v2\/product_brand?post=63281"},{"taxonomy":"product_cat","embeddable":true,"href":"https:\/\/shop.bantam.ch\/fr\/wp-json\/wp\/v2\/product_cat?post=63281"},{"taxonomy":"product_tag","embeddable":true,"href":"https:\/\/shop.bantam.ch\/fr\/wp-json\/wp\/v2\/product_tag?post=63281"}],"curies":[{"name":"wp","href":"https:\/\/api.w.org\/{rel}","templated":true}]}}