{"id":63277,"date":"2023-02-27T18:42:20","date_gmt":"2023-02-27T17:42:20","guid":{"rendered":"http:\/\/shop.bantam.ch\/produit\/profils-de-jonction-residence-g3-6-x-1-m\/"},"modified":"2026-04-17T21:08:29","modified_gmt":"2026-04-17T19:08:29","slug":"profils-de-jonction-residence-g3-6-x-1-m","status":"publish","type":"product","link":"https:\/\/shop.bantam.ch\/fr\/produit\/profils-de-jonction-residence-g3-6-x-1-m\/","title":{"rendered":"Profil\u00e9s de fixation Thule Residence G3 6 x 1\u00a0m"},"content":{"rendered":"<p>Doubles profils de jonction pour montage sur le jonc int\u00e9gr\u00e9 sur la face avant de l\u2019habillage de store Thule Residence G3.<\/p>\n<ul>\n<li>Un Thule Sun Blocker G2 Front peut s\u2019ins\u00e9rer facilement dans le profil\u00e9 pour procurer davantage d\u2019ombre\u00a0<\/li>\n<li>Adapt\u00e9 pour les habillages de store Thule Residence G3<\/li>\n<\/ul>\n<p>Contenu de la livraison<\/p>\n<ul>\n<li>6 x 1 m<\/li>\n<\/ul>\n<p>\u00a0<\/p>\n","protected":false},"excerpt":{"rendered":"<p>Doubles profils de jonction pour montage sur le jonc int\u00e9gr\u00e9 sur la face avant de l\u2019habillage de store Thule Residence G3. Un Thule Sun Blocker G2 Front peut s\u2019ins\u00e9rer facilement dans le profil\u00e9 pour procurer davantage d\u2019ombre\u00a0 Adapt\u00e9 pour les habillages de store Thule Residence G3 Contenu de la livraison 6 x 1 m \u00a0<\/p>\n","protected":false},"featured_media":63275,"template":"","meta":{"_acf_changed":false},"product_featured_cat":[],"product_brand":[3046],"product_cat":[4225],"product_tag":[],"class_list":{"0":"post-63277","1":"product","2":"type-product","3":"status-publish","4":"has-post-thumbnail","6":"product_brand-thule","7":"product_cat-adaptateurs-de-stores","9":"first","10":"instock","11":"taxable","12":"shipping-taxable","13":"purchasable","14":"product-type-simple"},"acf":[],"yoast_head":"<!-- This site is optimized with the Yoast SEO plugin v27.4 - https:\/\/yoast.com\/product\/yoast-seo-wordpress\/ -->\n<title>Profil\u00e9s de fixation Thule Residence G3 6 x 1\u00a0m - Bantam Wankm\u00fcller SA<\/title>\n<meta name=\"robots\" content=\"index, follow, max-snippet:-1, max-image-preview:large, max-video-preview:-1\" \/>\n<link rel=\"canonical\" href=\"https:\/\/shop.bantam.ch\/fr\/produit\/profils-de-jonction-residence-g3-6-x-1-m\/\" \/>\n<meta property=\"og:locale\" content=\"fr_FR\" \/>\n<meta property=\"og:type\" content=\"article\" \/>\n<meta property=\"og:title\" content=\"Profil\u00e9s de fixation Thule Residence G3 6 x 1\u00a0m - Bantam Wankm\u00fcller SA\" \/>\n<meta property=\"og:description\" content=\"Doubles profils de jonction pour montage sur le jonc int\u00e9gr\u00e9 sur la face avant de l\u2019habillage de store Thule Residence G3. Un Thule Sun Blocker G2 Front peut s\u2019ins\u00e9rer facilement dans le profil\u00e9 pour procurer davantage d\u2019ombre\u00a0 Adapt\u00e9 pour les habillages de store Thule Residence G3 Contenu de la livraison 6 x 1 m \u00a0\" \/>\n<meta property=\"og:url\" content=\"https:\/\/shop.bantam.ch\/fr\/produit\/profils-de-jonction-residence-g3-6-x-1-m\/\" \/>\n<meta property=\"og:site_name\" content=\"Bantam Wankm\u00fcller SA\" \/>\n<meta property=\"article:modified_time\" content=\"2026-04-17T19:08:29+00:00\" \/>\n<meta property=\"og:image\" content=\"https:\/\/shop.bantam.ch\/wp-content\/uploads\/2023\/02\/9951793-100-1-3-scaled.jpg\" \/>\n\t<meta property=\"og:image:width\" content=\"4809\" \/>\n\t<meta property=\"og:image:height\" content=\"3604\" \/>\n\t<meta property=\"og:image:type\" content=\"image\/jpeg\" \/>\n<meta name=\"twitter:card\" content=\"summary_large_image\" \/>\n<script type=\"application\/ld+json\" class=\"yoast-schema-graph\">{\"@context\":\"https:\\\/\\\/schema.org\",\"@graph\":[{\"@type\":\"WebPage\",\"@id\":\"https:\\\/\\\/shop.bantam.ch\\\/fr\\\/produit\\\/profils-de-jonction-residence-g3-6-x-1-m\\\/\",\"url\":\"https:\\\/\\\/shop.bantam.ch\\\/fr\\\/produit\\\/profils-de-jonction-residence-g3-6-x-1-m\\\/\",\"name\":\"Profil\u00e9s de fixation Thule Residence G3 6 x 1\u00a0m - Bantam Wankm\u00fcller SA\",\"isPartOf\":{\"@id\":\"https:\\\/\\\/shop.bantam.ch\\\/fr\\\/#website\"},\"primaryImageOfPage\":{\"@id\":\"https:\\\/\\\/shop.bantam.ch\\\/fr\\\/produit\\\/profils-de-jonction-residence-g3-6-x-1-m\\\/#primaryimage\"},\"image\":{\"@id\":\"https:\\\/\\\/shop.bantam.ch\\\/fr\\\/produit\\\/profils-de-jonction-residence-g3-6-x-1-m\\\/#primaryimage\"},\"thumbnailUrl\":\"https:\\\/\\\/shop.bantam.ch\\\/wp-content\\\/uploads\\\/2023\\\/02\\\/9951793-100-1-3-scaled.jpg\",\"datePublished\":\"2023-02-27T17:42:20+00:00\",\"dateModified\":\"2026-04-17T19:08:29+00:00\",\"breadcrumb\":{\"@id\":\"https:\\\/\\\/shop.bantam.ch\\\/fr\\\/produit\\\/profils-de-jonction-residence-g3-6-x-1-m\\\/#breadcrumb\"},\"inLanguage\":\"fr-FR\",\"potentialAction\":[{\"@type\":\"ReadAction\",\"target\":[\"https:\\\/\\\/shop.bantam.ch\\\/fr\\\/produit\\\/profils-de-jonction-residence-g3-6-x-1-m\\\/\"]}]},{\"@type\":\"ImageObject\",\"inLanguage\":\"fr-FR\",\"@id\":\"https:\\\/\\\/shop.bantam.ch\\\/fr\\\/produit\\\/profils-de-jonction-residence-g3-6-x-1-m\\\/#primaryimage\",\"url\":\"https:\\\/\\\/shop.bantam.ch\\\/wp-content\\\/uploads\\\/2023\\\/02\\\/9951793-100-1-3-scaled.jpg\",\"contentUrl\":\"https:\\\/\\\/shop.bantam.ch\\\/wp-content\\\/uploads\\\/2023\\\/02\\\/9951793-100-1-3-scaled.jpg\",\"width\":2048,\"height\":1535},{\"@type\":\"BreadcrumbList\",\"@id\":\"https:\\\/\\\/shop.bantam.ch\\\/fr\\\/produit\\\/profils-de-jonction-residence-g3-6-x-1-m\\\/#breadcrumb\",\"itemListElement\":[{\"@type\":\"ListItem\",\"position\":1,\"name\":\"Accueil\",\"item\":\"https:\\\/\\\/shop.bantam.ch\\\/fr\\\/\"},{\"@type\":\"ListItem\",\"position\":2,\"name\":\"Boutique\",\"item\":\"https:\\\/\\\/shop.bantam.ch\\\/fr\\\/boutique\\\/\"},{\"@type\":\"ListItem\",\"position\":3,\"name\":\"Profil\u00e9s de fixation Thule Residence G3 6 x 1\u00a0m\"}]},{\"@type\":\"WebSite\",\"@id\":\"https:\\\/\\\/shop.bantam.ch\\\/fr\\\/#website\",\"url\":\"https:\\\/\\\/shop.bantam.ch\\\/fr\\\/\",\"name\":\"Bantam Wankm\u00fcller SA\",\"description\":\"\",\"publisher\":{\"@id\":\"https:\\\/\\\/shop.bantam.ch\\\/fr\\\/#organization\"},\"inLanguage\":\"fr-FR\"},{\"@type\":\"Organization\",\"@id\":\"https:\\\/\\\/shop.bantam.ch\\\/fr\\\/#organization\",\"name\":\"Bantam Wankm\u00fcller SA\",\"url\":\"https:\\\/\\\/shop.bantam.ch\\\/fr\\\/\",\"logo\":{\"@type\":\"ImageObject\",\"inLanguage\":\"fr-FR\",\"@id\":\"https:\\\/\\\/shop.bantam.ch\\\/fr\\\/#\\\/schema\\\/logo\\\/image\\\/\",\"url\":\"https:\\\/\\\/shop.bantam.ch\\\/wp-content\\\/uploads\\\/2022\\\/12\\\/bantam-logo.png\",\"contentUrl\":\"https:\\\/\\\/shop.bantam.ch\\\/wp-content\\\/uploads\\\/2022\\\/12\\\/bantam-logo.png\",\"width\":320,\"height\":71,\"caption\":\"Bantam Wankm\u00fcller SA\"},\"image\":{\"@id\":\"https:\\\/\\\/shop.bantam.ch\\\/fr\\\/#\\\/schema\\\/logo\\\/image\\\/\"}}]}<\/script>\n<!-- \/ Yoast SEO plugin. -->","yoast_head_json":{"title":"Profil\u00e9s de fixation Thule Residence G3 6 x 1\u00a0m - Bantam Wankm\u00fcller SA","robots":{"index":"index","follow":"follow","max-snippet":"max-snippet:-1","max-image-preview":"max-image-preview:large","max-video-preview":"max-video-preview:-1"},"canonical":"https:\/\/shop.bantam.ch\/fr\/produit\/profils-de-jonction-residence-g3-6-x-1-m\/","og_locale":"fr_FR","og_type":"article","og_title":"Profil\u00e9s de fixation Thule Residence G3 6 x 1\u00a0m - Bantam Wankm\u00fcller SA","og_description":"Doubles profils de jonction pour montage sur le jonc int\u00e9gr\u00e9 sur la face avant de l\u2019habillage de store Thule Residence G3. Un Thule Sun Blocker G2 Front peut s\u2019ins\u00e9rer facilement dans le profil\u00e9 pour procurer davantage d\u2019ombre\u00a0 Adapt\u00e9 pour les habillages de store Thule Residence G3 Contenu de la livraison 6 x 1 m \u00a0","og_url":"https:\/\/shop.bantam.ch\/fr\/produit\/profils-de-jonction-residence-g3-6-x-1-m\/","og_site_name":"Bantam Wankm\u00fcller SA","article_modified_time":"2026-04-17T19:08:29+00:00","og_image":[{"width":4809,"height":3604,"url":"https:\/\/shop.bantam.ch\/wp-content\/uploads\/2023\/02\/9951793-100-1-3-scaled.jpg","type":"image\/jpeg"}],"twitter_card":"summary_large_image","schema":{"@context":"https:\/\/schema.org","@graph":[{"@type":"WebPage","@id":"https:\/\/shop.bantam.ch\/fr\/produit\/profils-de-jonction-residence-g3-6-x-1-m\/","url":"https:\/\/shop.bantam.ch\/fr\/produit\/profils-de-jonction-residence-g3-6-x-1-m\/","name":"Profil\u00e9s de fixation Thule Residence G3 6 x 1\u00a0m - Bantam Wankm\u00fcller SA","isPartOf":{"@id":"https:\/\/shop.bantam.ch\/fr\/#website"},"primaryImageOfPage":{"@id":"https:\/\/shop.bantam.ch\/fr\/produit\/profils-de-jonction-residence-g3-6-x-1-m\/#primaryimage"},"image":{"@id":"https:\/\/shop.bantam.ch\/fr\/produit\/profils-de-jonction-residence-g3-6-x-1-m\/#primaryimage"},"thumbnailUrl":"https:\/\/shop.bantam.ch\/wp-content\/uploads\/2023\/02\/9951793-100-1-3-scaled.jpg","datePublished":"2023-02-27T17:42:20+00:00","dateModified":"2026-04-17T19:08:29+00:00","breadcrumb":{"@id":"https:\/\/shop.bantam.ch\/fr\/produit\/profils-de-jonction-residence-g3-6-x-1-m\/#breadcrumb"},"inLanguage":"fr-FR","potentialAction":[{"@type":"ReadAction","target":["https:\/\/shop.bantam.ch\/fr\/produit\/profils-de-jonction-residence-g3-6-x-1-m\/"]}]},{"@type":"ImageObject","inLanguage":"fr-FR","@id":"https:\/\/shop.bantam.ch\/fr\/produit\/profils-de-jonction-residence-g3-6-x-1-m\/#primaryimage","url":"https:\/\/shop.bantam.ch\/wp-content\/uploads\/2023\/02\/9951793-100-1-3-scaled.jpg","contentUrl":"https:\/\/shop.bantam.ch\/wp-content\/uploads\/2023\/02\/9951793-100-1-3-scaled.jpg","width":2048,"height":1535},{"@type":"BreadcrumbList","@id":"https:\/\/shop.bantam.ch\/fr\/produit\/profils-de-jonction-residence-g3-6-x-1-m\/#breadcrumb","itemListElement":[{"@type":"ListItem","position":1,"name":"Accueil","item":"https:\/\/shop.bantam.ch\/fr\/"},{"@type":"ListItem","position":2,"name":"Boutique","item":"https:\/\/shop.bantam.ch\/fr\/boutique\/"},{"@type":"ListItem","position":3,"name":"Profil\u00e9s de fixation Thule Residence G3 6 x 1\u00a0m"}]},{"@type":"WebSite","@id":"https:\/\/shop.bantam.ch\/fr\/#website","url":"https:\/\/shop.bantam.ch\/fr\/","name":"Bantam Wankm\u00fcller SA","description":"","publisher":{"@id":"https:\/\/shop.bantam.ch\/fr\/#organization"},"inLanguage":"fr-FR"},{"@type":"Organization","@id":"https:\/\/shop.bantam.ch\/fr\/#organization","name":"Bantam Wankm\u00fcller SA","url":"https:\/\/shop.bantam.ch\/fr\/","logo":{"@type":"ImageObject","inLanguage":"fr-FR","@id":"https:\/\/shop.bantam.ch\/fr\/#\/schema\/logo\/image\/","url":"https:\/\/shop.bantam.ch\/wp-content\/uploads\/2022\/12\/bantam-logo.png","contentUrl":"https:\/\/shop.bantam.ch\/wp-content\/uploads\/2022\/12\/bantam-logo.png","width":320,"height":71,"caption":"Bantam Wankm\u00fcller SA"},"image":{"@id":"https:\/\/shop.bantam.ch\/fr\/#\/schema\/logo\/image\/"}}]}},"_links":{"self":[{"href":"https:\/\/shop.bantam.ch\/fr\/wp-json\/wp\/v2\/product\/63277","targetHints":{"allow":["GET"]}}],"collection":[{"href":"https:\/\/shop.bantam.ch\/fr\/wp-json\/wp\/v2\/product"}],"about":[{"href":"https:\/\/shop.bantam.ch\/fr\/wp-json\/wp\/v2\/types\/product"}],"wp:featuredmedia":[{"embeddable":true,"href":"https:\/\/shop.bantam.ch\/fr\/wp-json\/wp\/v2\/media\/63275"}],"wp:attachment":[{"href":"https:\/\/shop.bantam.ch\/fr\/wp-json\/wp\/v2\/media?parent=63277"}],"wp:term":[{"taxonomy":"product_featured_cat","embeddable":true,"href":"https:\/\/shop.bantam.ch\/fr\/wp-json\/wp\/v2\/product_featured_cat?post=63277"},{"taxonomy":"product_brand","embeddable":true,"href":"https:\/\/shop.bantam.ch\/fr\/wp-json\/wp\/v2\/product_brand?post=63277"},{"taxonomy":"product_cat","embeddable":true,"href":"https:\/\/shop.bantam.ch\/fr\/wp-json\/wp\/v2\/product_cat?post=63277"},{"taxonomy":"product_tag","embeddable":true,"href":"https:\/\/shop.bantam.ch\/fr\/wp-json\/wp\/v2\/product_tag?post=63277"}],"curies":[{"name":"wp","href":"https:\/\/api.w.org\/{rel}","templated":true}]}}