{"id":63157,"date":"2023-02-27T18:40:06","date_gmt":"2023-02-27T17:40:06","guid":{"rendered":"http:\/\/shop.bantam.ch\/produit\/alimentation-prise-usb-plate-12-24-v\/"},"modified":"2026-04-19T21:09:41","modified_gmt":"2026-04-19T19:09:41","slug":"alimentation-prise-usb-plate-12-24-v","status":"publish","type":"product","link":"https:\/\/shop.bantam.ch\/fr\/produit\/alimentation-prise-usb-plate-12-24-v\/","title":{"rendered":"Alimentation prise USB Pro Car plat, 12 &#8211; 24 V"},"content":{"rendered":"<p>Avec convertisseur de fr\u00e9quence int\u00e9gr\u00e9 pour charger et faire fonctionner les smartphones, appareils de navigation, appareils photos num\u00e9riques, t\u00e9l\u00e9phones portables, lecteurs MP3, appareils photo, tablettes et autres appareils \u00e9lectroniques qui peuvent \u00eatre charg\u00e9s via USB et qui n\u00e9cessitent un courant de charge \u00e9lev\u00e9. Fixation avec 2 vis (fournies). Sortie 5 V\/3 A, consommation propre &lt; 5mA, c\u00e2ble 1 m avec cosses de c\u00e2ble.<\/p>\n<ul>\n<li>Poids : 0,055 kg<\/li>\n<\/ul>\n","protected":false},"excerpt":{"rendered":"<p>Avec convertisseur de fr\u00e9quence int\u00e9gr\u00e9 pour charger et faire fonctionner les smartphones, appareils de navigation, appareils photos num\u00e9riques, t\u00e9l\u00e9phones portables, lecteurs MP3, appareils photo, tablettes et autres appareils \u00e9lectroniques qui peuvent \u00eatre charg\u00e9s via USB et qui n\u00e9cessitent un courant de charge \u00e9lev\u00e9. Fixation avec 2 vis (fournies). Sortie 5 V\/3 A, consommation propre &lt; [&hellip;]<\/p>\n","protected":false},"featured_media":63155,"template":"","meta":{"_acf_changed":false},"product_featured_cat":[],"product_brand":[3104],"product_cat":[4193],"product_tag":[],"class_list":{"0":"post-63157","1":"product","2":"type-product","3":"status-publish","4":"has-post-thumbnail","6":"product_brand-pro-car","7":"product_cat-fiche-12-24-v","9":"first","10":"instock","11":"taxable","12":"shipping-taxable","13":"purchasable","14":"product-type-simple"},"acf":[],"yoast_head":"<!-- This site is optimized with the Yoast SEO plugin v27.4 - https:\/\/yoast.com\/product\/yoast-seo-wordpress\/ -->\n<title>Alimentation prise USB Pro Car plat, 12 - 24 V - Bantam Wankm\u00fcller SA<\/title>\n<meta name=\"robots\" content=\"index, follow, max-snippet:-1, max-image-preview:large, max-video-preview:-1\" \/>\n<link rel=\"canonical\" href=\"https:\/\/shop.bantam.ch\/fr\/produit\/alimentation-prise-usb-plate-12-24-v\/\" \/>\n<meta property=\"og:locale\" content=\"fr_FR\" \/>\n<meta property=\"og:type\" content=\"article\" \/>\n<meta property=\"og:title\" content=\"Alimentation prise USB Pro Car plat, 12 - 24 V - Bantam Wankm\u00fcller SA\" \/>\n<meta property=\"og:description\" content=\"Avec convertisseur de fr\u00e9quence int\u00e9gr\u00e9 pour charger et faire fonctionner les smartphones, appareils de navigation, appareils photos num\u00e9riques, t\u00e9l\u00e9phones portables, lecteurs MP3, appareils photo, tablettes et autres appareils \u00e9lectroniques qui peuvent \u00eatre charg\u00e9s via USB et qui n\u00e9cessitent un courant de charge \u00e9lev\u00e9. Fixation avec 2 vis (fournies). Sortie 5 V\/3 A, consommation propre &lt; [&hellip;]\" \/>\n<meta property=\"og:url\" content=\"https:\/\/shop.bantam.ch\/fr\/produit\/alimentation-prise-usb-plate-12-24-v\/\" \/>\n<meta property=\"og:site_name\" content=\"Bantam Wankm\u00fcller SA\" \/>\n<meta property=\"article:modified_time\" content=\"2026-04-19T19:09:41+00:00\" \/>\n<meta property=\"og:image\" content=\"https:\/\/shop.bantam.ch\/wp-content\/uploads\/2023\/02\/9930671-100-1-3.jpg\" \/>\n\t<meta property=\"og:image:width\" content=\"1000\" \/>\n\t<meta property=\"og:image:height\" content=\"375\" \/>\n\t<meta property=\"og:image:type\" content=\"image\/jpeg\" \/>\n<meta name=\"twitter:card\" content=\"summary_large_image\" \/>\n<script type=\"application\/ld+json\" class=\"yoast-schema-graph\">{\"@context\":\"https:\\\/\\\/schema.org\",\"@graph\":[{\"@type\":\"WebPage\",\"@id\":\"https:\\\/\\\/shop.bantam.ch\\\/fr\\\/produit\\\/alimentation-prise-usb-plate-12-24-v\\\/\",\"url\":\"https:\\\/\\\/shop.bantam.ch\\\/fr\\\/produit\\\/alimentation-prise-usb-plate-12-24-v\\\/\",\"name\":\"Alimentation prise USB Pro Car plat, 12 - 24 V - Bantam Wankm\u00fcller SA\",\"isPartOf\":{\"@id\":\"https:\\\/\\\/shop.bantam.ch\\\/fr\\\/#website\"},\"primaryImageOfPage\":{\"@id\":\"https:\\\/\\\/shop.bantam.ch\\\/fr\\\/produit\\\/alimentation-prise-usb-plate-12-24-v\\\/#primaryimage\"},\"image\":{\"@id\":\"https:\\\/\\\/shop.bantam.ch\\\/fr\\\/produit\\\/alimentation-prise-usb-plate-12-24-v\\\/#primaryimage\"},\"thumbnailUrl\":\"https:\\\/\\\/shop.bantam.ch\\\/wp-content\\\/uploads\\\/2023\\\/02\\\/9930671-100-1-3.jpg\",\"datePublished\":\"2023-02-27T17:40:06+00:00\",\"dateModified\":\"2026-04-19T19:09:41+00:00\",\"breadcrumb\":{\"@id\":\"https:\\\/\\\/shop.bantam.ch\\\/fr\\\/produit\\\/alimentation-prise-usb-plate-12-24-v\\\/#breadcrumb\"},\"inLanguage\":\"fr-FR\",\"potentialAction\":[{\"@type\":\"ReadAction\",\"target\":[\"https:\\\/\\\/shop.bantam.ch\\\/fr\\\/produit\\\/alimentation-prise-usb-plate-12-24-v\\\/\"]}]},{\"@type\":\"ImageObject\",\"inLanguage\":\"fr-FR\",\"@id\":\"https:\\\/\\\/shop.bantam.ch\\\/fr\\\/produit\\\/alimentation-prise-usb-plate-12-24-v\\\/#primaryimage\",\"url\":\"https:\\\/\\\/shop.bantam.ch\\\/wp-content\\\/uploads\\\/2023\\\/02\\\/9930671-100-1-3.jpg\",\"contentUrl\":\"https:\\\/\\\/shop.bantam.ch\\\/wp-content\\\/uploads\\\/2023\\\/02\\\/9930671-100-1-3.jpg\",\"width\":1000,\"height\":375},{\"@type\":\"BreadcrumbList\",\"@id\":\"https:\\\/\\\/shop.bantam.ch\\\/fr\\\/produit\\\/alimentation-prise-usb-plate-12-24-v\\\/#breadcrumb\",\"itemListElement\":[{\"@type\":\"ListItem\",\"position\":1,\"name\":\"Accueil\",\"item\":\"https:\\\/\\\/shop.bantam.ch\\\/fr\\\/\"},{\"@type\":\"ListItem\",\"position\":2,\"name\":\"Boutique\",\"item\":\"https:\\\/\\\/shop.bantam.ch\\\/fr\\\/boutique\\\/\"},{\"@type\":\"ListItem\",\"position\":3,\"name\":\"Alimentation prise USB Pro Car plat, 12 &#8211; 24 V\"}]},{\"@type\":\"WebSite\",\"@id\":\"https:\\\/\\\/shop.bantam.ch\\\/fr\\\/#website\",\"url\":\"https:\\\/\\\/shop.bantam.ch\\\/fr\\\/\",\"name\":\"Bantam Wankm\u00fcller SA\",\"description\":\"\",\"publisher\":{\"@id\":\"https:\\\/\\\/shop.bantam.ch\\\/fr\\\/#organization\"},\"inLanguage\":\"fr-FR\"},{\"@type\":\"Organization\",\"@id\":\"https:\\\/\\\/shop.bantam.ch\\\/fr\\\/#organization\",\"name\":\"Bantam Wankm\u00fcller SA\",\"url\":\"https:\\\/\\\/shop.bantam.ch\\\/fr\\\/\",\"logo\":{\"@type\":\"ImageObject\",\"inLanguage\":\"fr-FR\",\"@id\":\"https:\\\/\\\/shop.bantam.ch\\\/fr\\\/#\\\/schema\\\/logo\\\/image\\\/\",\"url\":\"https:\\\/\\\/shop.bantam.ch\\\/wp-content\\\/uploads\\\/2022\\\/12\\\/bantam-logo.png\",\"contentUrl\":\"https:\\\/\\\/shop.bantam.ch\\\/wp-content\\\/uploads\\\/2022\\\/12\\\/bantam-logo.png\",\"width\":320,\"height\":71,\"caption\":\"Bantam Wankm\u00fcller SA\"},\"image\":{\"@id\":\"https:\\\/\\\/shop.bantam.ch\\\/fr\\\/#\\\/schema\\\/logo\\\/image\\\/\"}}]}<\/script>\n<!-- \/ Yoast SEO plugin. -->","yoast_head_json":{"title":"Alimentation prise USB Pro Car plat, 12 - 24 V - Bantam Wankm\u00fcller SA","robots":{"index":"index","follow":"follow","max-snippet":"max-snippet:-1","max-image-preview":"max-image-preview:large","max-video-preview":"max-video-preview:-1"},"canonical":"https:\/\/shop.bantam.ch\/fr\/produit\/alimentation-prise-usb-plate-12-24-v\/","og_locale":"fr_FR","og_type":"article","og_title":"Alimentation prise USB Pro Car plat, 12 - 24 V - Bantam Wankm\u00fcller SA","og_description":"Avec convertisseur de fr\u00e9quence int\u00e9gr\u00e9 pour charger et faire fonctionner les smartphones, appareils de navigation, appareils photos num\u00e9riques, t\u00e9l\u00e9phones portables, lecteurs MP3, appareils photo, tablettes et autres appareils \u00e9lectroniques qui peuvent \u00eatre charg\u00e9s via USB et qui n\u00e9cessitent un courant de charge \u00e9lev\u00e9. Fixation avec 2 vis (fournies). Sortie 5 V\/3 A, consommation propre &lt; [&hellip;]","og_url":"https:\/\/shop.bantam.ch\/fr\/produit\/alimentation-prise-usb-plate-12-24-v\/","og_site_name":"Bantam Wankm\u00fcller SA","article_modified_time":"2026-04-19T19:09:41+00:00","og_image":[{"width":1000,"height":375,"url":"https:\/\/shop.bantam.ch\/wp-content\/uploads\/2023\/02\/9930671-100-1-3.jpg","type":"image\/jpeg"}],"twitter_card":"summary_large_image","schema":{"@context":"https:\/\/schema.org","@graph":[{"@type":"WebPage","@id":"https:\/\/shop.bantam.ch\/fr\/produit\/alimentation-prise-usb-plate-12-24-v\/","url":"https:\/\/shop.bantam.ch\/fr\/produit\/alimentation-prise-usb-plate-12-24-v\/","name":"Alimentation prise USB Pro Car plat, 12 - 24 V - Bantam Wankm\u00fcller SA","isPartOf":{"@id":"https:\/\/shop.bantam.ch\/fr\/#website"},"primaryImageOfPage":{"@id":"https:\/\/shop.bantam.ch\/fr\/produit\/alimentation-prise-usb-plate-12-24-v\/#primaryimage"},"image":{"@id":"https:\/\/shop.bantam.ch\/fr\/produit\/alimentation-prise-usb-plate-12-24-v\/#primaryimage"},"thumbnailUrl":"https:\/\/shop.bantam.ch\/wp-content\/uploads\/2023\/02\/9930671-100-1-3.jpg","datePublished":"2023-02-27T17:40:06+00:00","dateModified":"2026-04-19T19:09:41+00:00","breadcrumb":{"@id":"https:\/\/shop.bantam.ch\/fr\/produit\/alimentation-prise-usb-plate-12-24-v\/#breadcrumb"},"inLanguage":"fr-FR","potentialAction":[{"@type":"ReadAction","target":["https:\/\/shop.bantam.ch\/fr\/produit\/alimentation-prise-usb-plate-12-24-v\/"]}]},{"@type":"ImageObject","inLanguage":"fr-FR","@id":"https:\/\/shop.bantam.ch\/fr\/produit\/alimentation-prise-usb-plate-12-24-v\/#primaryimage","url":"https:\/\/shop.bantam.ch\/wp-content\/uploads\/2023\/02\/9930671-100-1-3.jpg","contentUrl":"https:\/\/shop.bantam.ch\/wp-content\/uploads\/2023\/02\/9930671-100-1-3.jpg","width":1000,"height":375},{"@type":"BreadcrumbList","@id":"https:\/\/shop.bantam.ch\/fr\/produit\/alimentation-prise-usb-plate-12-24-v\/#breadcrumb","itemListElement":[{"@type":"ListItem","position":1,"name":"Accueil","item":"https:\/\/shop.bantam.ch\/fr\/"},{"@type":"ListItem","position":2,"name":"Boutique","item":"https:\/\/shop.bantam.ch\/fr\/boutique\/"},{"@type":"ListItem","position":3,"name":"Alimentation prise USB Pro Car plat, 12 &#8211; 24 V"}]},{"@type":"WebSite","@id":"https:\/\/shop.bantam.ch\/fr\/#website","url":"https:\/\/shop.bantam.ch\/fr\/","name":"Bantam Wankm\u00fcller SA","description":"","publisher":{"@id":"https:\/\/shop.bantam.ch\/fr\/#organization"},"inLanguage":"fr-FR"},{"@type":"Organization","@id":"https:\/\/shop.bantam.ch\/fr\/#organization","name":"Bantam Wankm\u00fcller SA","url":"https:\/\/shop.bantam.ch\/fr\/","logo":{"@type":"ImageObject","inLanguage":"fr-FR","@id":"https:\/\/shop.bantam.ch\/fr\/#\/schema\/logo\/image\/","url":"https:\/\/shop.bantam.ch\/wp-content\/uploads\/2022\/12\/bantam-logo.png","contentUrl":"https:\/\/shop.bantam.ch\/wp-content\/uploads\/2022\/12\/bantam-logo.png","width":320,"height":71,"caption":"Bantam Wankm\u00fcller SA"},"image":{"@id":"https:\/\/shop.bantam.ch\/fr\/#\/schema\/logo\/image\/"}}]}},"_links":{"self":[{"href":"https:\/\/shop.bantam.ch\/fr\/wp-json\/wp\/v2\/product\/63157","targetHints":{"allow":["GET"]}}],"collection":[{"href":"https:\/\/shop.bantam.ch\/fr\/wp-json\/wp\/v2\/product"}],"about":[{"href":"https:\/\/shop.bantam.ch\/fr\/wp-json\/wp\/v2\/types\/product"}],"wp:featuredmedia":[{"embeddable":true,"href":"https:\/\/shop.bantam.ch\/fr\/wp-json\/wp\/v2\/media\/63155"}],"wp:attachment":[{"href":"https:\/\/shop.bantam.ch\/fr\/wp-json\/wp\/v2\/media?parent=63157"}],"wp:term":[{"taxonomy":"product_featured_cat","embeddable":true,"href":"https:\/\/shop.bantam.ch\/fr\/wp-json\/wp\/v2\/product_featured_cat?post=63157"},{"taxonomy":"product_brand","embeddable":true,"href":"https:\/\/shop.bantam.ch\/fr\/wp-json\/wp\/v2\/product_brand?post=63157"},{"taxonomy":"product_cat","embeddable":true,"href":"https:\/\/shop.bantam.ch\/fr\/wp-json\/wp\/v2\/product_cat?post=63157"},{"taxonomy":"product_tag","embeddable":true,"href":"https:\/\/shop.bantam.ch\/fr\/wp-json\/wp\/v2\/product_tag?post=63157"}],"curies":[{"name":"wp","href":"https:\/\/api.w.org\/{rel}","templated":true}]}}