{"id":62867,"date":"2023-02-27T18:35:47","date_gmt":"2023-02-27T17:35:47","guid":{"rendered":"http:\/\/shop.bantam.ch\/produit\/systeme-de-recul-video-tv-510\/"},"modified":"2026-04-17T21:08:22","modified_gmt":"2026-04-17T19:08:22","slug":"systeme-de-recul-video-tv-510","status":"publish","type":"product","link":"https:\/\/shop.bantam.ch\/fr\/produit\/systeme-de-recul-video-tv-510\/","title":{"rendered":"Video de recul Camos TV-510, noir"},"content":{"rendered":"<p>Moniteur CM-510 : <br \/>Ce moniteur partage les m\u00eames dimensions que le CM-430, cependant, il a non seulement tous ses points forts, mais aussi un plus grand \u00e9cran de 5&Prime;. Compact, et avec une excellente qualit\u00e9 d&rsquo;image, il offre une haute r\u00e9solution et un design attrayant. <br \/>Cam\u00e9ra CM-49 : <br \/>La nouvelle cam\u00e9ra CM-49 \u00e0 double vue avec ses 2 lentilles dans un seul bo\u00eetier et son c\u00e2ble unique offre une vue optimale derri\u00e8re le v\u00e9hicule. Pendant le trajet, la lentille sup\u00e9rieure avec un champ de vision de 60\u00b0 peut \u00eatre utilis\u00e9e comme r\u00e9troviseur. Une fois la marche arri\u00e8re enclench\u00e9e, la cam\u00e9ra active la lentille inf\u00e9rieure avec un angle de 160\u00b0 de fa\u00e7on \u00e0 voir l\u2019arri\u00e8re du v\u00e9hicule pendant la man\u0153uvre.<\/p>\n<ul>\n<li>Dimensions de l\u2019\u00e9cran : 14 x 8,3 x 2 cm (l x h x p)<\/li>\n<li>Dimensions de la cam\u00e9ra : 7,8 x 5 x 4,3\u00a0cm (l\u2009x\u2009h\u2009x\u2009p)<\/li>\n<\/ul>\n","protected":false},"excerpt":{"rendered":"<p>Moniteur CM-510 : Ce moniteur partage les m\u00eames dimensions que le CM-430, cependant, il a non seulement tous ses points forts, mais aussi un plus grand \u00e9cran de 5&Prime;. Compact, et avec une excellente qualit\u00e9 d&rsquo;image, il offre une haute r\u00e9solution et un design attrayant. Cam\u00e9ra CM-49 : La nouvelle cam\u00e9ra CM-49 \u00e0 double vue [&hellip;]<\/p>\n","protected":false},"featured_media":62863,"template":"","meta":{"_acf_changed":false},"product_featured_cat":[],"product_brand":[3206],"product_cat":[5153],"product_tag":[],"class_list":{"0":"post-62867","1":"product","2":"type-product","3":"status-publish","4":"has-post-thumbnail","6":"product_brand-camos","7":"product_cat-ensembles-de-systemes-videos-inversees","9":"first","10":"instock","11":"taxable","12":"shipping-taxable","13":"purchasable","14":"product-type-simple"},"acf":[],"yoast_head":"<!-- This site is optimized with the Yoast SEO plugin v27.4 - https:\/\/yoast.com\/product\/yoast-seo-wordpress\/ -->\n<title>Video de recul Camos TV-510, noir - Bantam Wankm\u00fcller SA<\/title>\n<meta name=\"robots\" content=\"index, follow, max-snippet:-1, max-image-preview:large, max-video-preview:-1\" \/>\n<link rel=\"canonical\" href=\"https:\/\/shop.bantam.ch\/fr\/produit\/systeme-de-recul-video-tv-510\/\" \/>\n<meta property=\"og:locale\" content=\"fr_FR\" \/>\n<meta property=\"og:type\" content=\"article\" \/>\n<meta property=\"og:title\" content=\"Video de recul Camos TV-510, noir - Bantam Wankm\u00fcller SA\" \/>\n<meta property=\"og:description\" content=\"Moniteur CM-510 : Ce moniteur partage les m\u00eames dimensions que le CM-430, cependant, il a non seulement tous ses points forts, mais aussi un plus grand \u00e9cran de 5&Prime;. Compact, et avec une excellente qualit\u00e9 d&rsquo;image, il offre une haute r\u00e9solution et un design attrayant. Cam\u00e9ra CM-49 : La nouvelle cam\u00e9ra CM-49 \u00e0 double vue [&hellip;]\" \/>\n<meta property=\"og:url\" content=\"https:\/\/shop.bantam.ch\/fr\/produit\/systeme-de-recul-video-tv-510\/\" \/>\n<meta property=\"og:site_name\" content=\"Bantam Wankm\u00fcller SA\" \/>\n<meta property=\"article:modified_time\" content=\"2026-04-17T19:08:22+00:00\" \/>\n<meta property=\"og:image\" content=\"https:\/\/shop.bantam.ch\/wp-content\/uploads\/2023\/02\/995167111-scaled.jpg\" \/>\n\t<meta property=\"og:image:width\" content=\"2290\" \/>\n\t<meta property=\"og:image:height\" content=\"1630\" \/>\n\t<meta property=\"og:image:type\" content=\"image\/jpeg\" \/>\n<meta name=\"twitter:card\" content=\"summary_large_image\" \/>\n<meta name=\"twitter:label1\" content=\"Dur\u00e9e de lecture estim\u00e9e\" \/>\n\t<meta name=\"twitter:data1\" content=\"1 minute\" \/>\n<script type=\"application\/ld+json\" class=\"yoast-schema-graph\">{\"@context\":\"https:\\\/\\\/schema.org\",\"@graph\":[{\"@type\":\"WebPage\",\"@id\":\"https:\\\/\\\/shop.bantam.ch\\\/fr\\\/produit\\\/systeme-de-recul-video-tv-510\\\/\",\"url\":\"https:\\\/\\\/shop.bantam.ch\\\/fr\\\/produit\\\/systeme-de-recul-video-tv-510\\\/\",\"name\":\"Video de recul Camos TV-510, noir - Bantam Wankm\u00fcller SA\",\"isPartOf\":{\"@id\":\"https:\\\/\\\/shop.bantam.ch\\\/fr\\\/#website\"},\"primaryImageOfPage\":{\"@id\":\"https:\\\/\\\/shop.bantam.ch\\\/fr\\\/produit\\\/systeme-de-recul-video-tv-510\\\/#primaryimage\"},\"image\":{\"@id\":\"https:\\\/\\\/shop.bantam.ch\\\/fr\\\/produit\\\/systeme-de-recul-video-tv-510\\\/#primaryimage\"},\"thumbnailUrl\":\"https:\\\/\\\/shop.bantam.ch\\\/wp-content\\\/uploads\\\/2023\\\/02\\\/995167111-scaled.jpg\",\"datePublished\":\"2023-02-27T17:35:47+00:00\",\"dateModified\":\"2026-04-17T19:08:22+00:00\",\"breadcrumb\":{\"@id\":\"https:\\\/\\\/shop.bantam.ch\\\/fr\\\/produit\\\/systeme-de-recul-video-tv-510\\\/#breadcrumb\"},\"inLanguage\":\"fr-FR\",\"potentialAction\":[{\"@type\":\"ReadAction\",\"target\":[\"https:\\\/\\\/shop.bantam.ch\\\/fr\\\/produit\\\/systeme-de-recul-video-tv-510\\\/\"]}]},{\"@type\":\"ImageObject\",\"inLanguage\":\"fr-FR\",\"@id\":\"https:\\\/\\\/shop.bantam.ch\\\/fr\\\/produit\\\/systeme-de-recul-video-tv-510\\\/#primaryimage\",\"url\":\"https:\\\/\\\/shop.bantam.ch\\\/wp-content\\\/uploads\\\/2023\\\/02\\\/995167111-scaled.jpg\",\"contentUrl\":\"https:\\\/\\\/shop.bantam.ch\\\/wp-content\\\/uploads\\\/2023\\\/02\\\/995167111-scaled.jpg\",\"width\":2048,\"height\":1458},{\"@type\":\"BreadcrumbList\",\"@id\":\"https:\\\/\\\/shop.bantam.ch\\\/fr\\\/produit\\\/systeme-de-recul-video-tv-510\\\/#breadcrumb\",\"itemListElement\":[{\"@type\":\"ListItem\",\"position\":1,\"name\":\"Accueil\",\"item\":\"https:\\\/\\\/shop.bantam.ch\\\/fr\\\/\"},{\"@type\":\"ListItem\",\"position\":2,\"name\":\"Boutique\",\"item\":\"https:\\\/\\\/shop.bantam.ch\\\/fr\\\/boutique\\\/\"},{\"@type\":\"ListItem\",\"position\":3,\"name\":\"Video de recul Camos TV-510, noir\"}]},{\"@type\":\"WebSite\",\"@id\":\"https:\\\/\\\/shop.bantam.ch\\\/fr\\\/#website\",\"url\":\"https:\\\/\\\/shop.bantam.ch\\\/fr\\\/\",\"name\":\"Bantam Wankm\u00fcller SA\",\"description\":\"\",\"publisher\":{\"@id\":\"https:\\\/\\\/shop.bantam.ch\\\/fr\\\/#organization\"},\"inLanguage\":\"fr-FR\"},{\"@type\":\"Organization\",\"@id\":\"https:\\\/\\\/shop.bantam.ch\\\/fr\\\/#organization\",\"name\":\"Bantam Wankm\u00fcller SA\",\"url\":\"https:\\\/\\\/shop.bantam.ch\\\/fr\\\/\",\"logo\":{\"@type\":\"ImageObject\",\"inLanguage\":\"fr-FR\",\"@id\":\"https:\\\/\\\/shop.bantam.ch\\\/fr\\\/#\\\/schema\\\/logo\\\/image\\\/\",\"url\":\"https:\\\/\\\/shop.bantam.ch\\\/wp-content\\\/uploads\\\/2022\\\/12\\\/bantam-logo.png\",\"contentUrl\":\"https:\\\/\\\/shop.bantam.ch\\\/wp-content\\\/uploads\\\/2022\\\/12\\\/bantam-logo.png\",\"width\":320,\"height\":71,\"caption\":\"Bantam Wankm\u00fcller SA\"},\"image\":{\"@id\":\"https:\\\/\\\/shop.bantam.ch\\\/fr\\\/#\\\/schema\\\/logo\\\/image\\\/\"}}]}<\/script>\n<!-- \/ Yoast SEO plugin. -->","yoast_head_json":{"title":"Video de recul Camos TV-510, noir - Bantam Wankm\u00fcller SA","robots":{"index":"index","follow":"follow","max-snippet":"max-snippet:-1","max-image-preview":"max-image-preview:large","max-video-preview":"max-video-preview:-1"},"canonical":"https:\/\/shop.bantam.ch\/fr\/produit\/systeme-de-recul-video-tv-510\/","og_locale":"fr_FR","og_type":"article","og_title":"Video de recul Camos TV-510, noir - Bantam Wankm\u00fcller SA","og_description":"Moniteur CM-510 : Ce moniteur partage les m\u00eames dimensions que le CM-430, cependant, il a non seulement tous ses points forts, mais aussi un plus grand \u00e9cran de 5&Prime;. Compact, et avec une excellente qualit\u00e9 d&rsquo;image, il offre une haute r\u00e9solution et un design attrayant. Cam\u00e9ra CM-49 : La nouvelle cam\u00e9ra CM-49 \u00e0 double vue [&hellip;]","og_url":"https:\/\/shop.bantam.ch\/fr\/produit\/systeme-de-recul-video-tv-510\/","og_site_name":"Bantam Wankm\u00fcller SA","article_modified_time":"2026-04-17T19:08:22+00:00","og_image":[{"width":2290,"height":1630,"url":"https:\/\/shop.bantam.ch\/wp-content\/uploads\/2023\/02\/995167111-scaled.jpg","type":"image\/jpeg"}],"twitter_card":"summary_large_image","twitter_misc":{"Dur\u00e9e de lecture estim\u00e9e":"1 minute"},"schema":{"@context":"https:\/\/schema.org","@graph":[{"@type":"WebPage","@id":"https:\/\/shop.bantam.ch\/fr\/produit\/systeme-de-recul-video-tv-510\/","url":"https:\/\/shop.bantam.ch\/fr\/produit\/systeme-de-recul-video-tv-510\/","name":"Video de recul Camos TV-510, noir - Bantam Wankm\u00fcller SA","isPartOf":{"@id":"https:\/\/shop.bantam.ch\/fr\/#website"},"primaryImageOfPage":{"@id":"https:\/\/shop.bantam.ch\/fr\/produit\/systeme-de-recul-video-tv-510\/#primaryimage"},"image":{"@id":"https:\/\/shop.bantam.ch\/fr\/produit\/systeme-de-recul-video-tv-510\/#primaryimage"},"thumbnailUrl":"https:\/\/shop.bantam.ch\/wp-content\/uploads\/2023\/02\/995167111-scaled.jpg","datePublished":"2023-02-27T17:35:47+00:00","dateModified":"2026-04-17T19:08:22+00:00","breadcrumb":{"@id":"https:\/\/shop.bantam.ch\/fr\/produit\/systeme-de-recul-video-tv-510\/#breadcrumb"},"inLanguage":"fr-FR","potentialAction":[{"@type":"ReadAction","target":["https:\/\/shop.bantam.ch\/fr\/produit\/systeme-de-recul-video-tv-510\/"]}]},{"@type":"ImageObject","inLanguage":"fr-FR","@id":"https:\/\/shop.bantam.ch\/fr\/produit\/systeme-de-recul-video-tv-510\/#primaryimage","url":"https:\/\/shop.bantam.ch\/wp-content\/uploads\/2023\/02\/995167111-scaled.jpg","contentUrl":"https:\/\/shop.bantam.ch\/wp-content\/uploads\/2023\/02\/995167111-scaled.jpg","width":2048,"height":1458},{"@type":"BreadcrumbList","@id":"https:\/\/shop.bantam.ch\/fr\/produit\/systeme-de-recul-video-tv-510\/#breadcrumb","itemListElement":[{"@type":"ListItem","position":1,"name":"Accueil","item":"https:\/\/shop.bantam.ch\/fr\/"},{"@type":"ListItem","position":2,"name":"Boutique","item":"https:\/\/shop.bantam.ch\/fr\/boutique\/"},{"@type":"ListItem","position":3,"name":"Video de recul Camos TV-510, noir"}]},{"@type":"WebSite","@id":"https:\/\/shop.bantam.ch\/fr\/#website","url":"https:\/\/shop.bantam.ch\/fr\/","name":"Bantam Wankm\u00fcller SA","description":"","publisher":{"@id":"https:\/\/shop.bantam.ch\/fr\/#organization"},"inLanguage":"fr-FR"},{"@type":"Organization","@id":"https:\/\/shop.bantam.ch\/fr\/#organization","name":"Bantam Wankm\u00fcller SA","url":"https:\/\/shop.bantam.ch\/fr\/","logo":{"@type":"ImageObject","inLanguage":"fr-FR","@id":"https:\/\/shop.bantam.ch\/fr\/#\/schema\/logo\/image\/","url":"https:\/\/shop.bantam.ch\/wp-content\/uploads\/2022\/12\/bantam-logo.png","contentUrl":"https:\/\/shop.bantam.ch\/wp-content\/uploads\/2022\/12\/bantam-logo.png","width":320,"height":71,"caption":"Bantam Wankm\u00fcller SA"},"image":{"@id":"https:\/\/shop.bantam.ch\/fr\/#\/schema\/logo\/image\/"}}]}},"_links":{"self":[{"href":"https:\/\/shop.bantam.ch\/fr\/wp-json\/wp\/v2\/product\/62867","targetHints":{"allow":["GET"]}}],"collection":[{"href":"https:\/\/shop.bantam.ch\/fr\/wp-json\/wp\/v2\/product"}],"about":[{"href":"https:\/\/shop.bantam.ch\/fr\/wp-json\/wp\/v2\/types\/product"}],"wp:featuredmedia":[{"embeddable":true,"href":"https:\/\/shop.bantam.ch\/fr\/wp-json\/wp\/v2\/media\/62863"}],"wp:attachment":[{"href":"https:\/\/shop.bantam.ch\/fr\/wp-json\/wp\/v2\/media?parent=62867"}],"wp:term":[{"taxonomy":"product_featured_cat","embeddable":true,"href":"https:\/\/shop.bantam.ch\/fr\/wp-json\/wp\/v2\/product_featured_cat?post=62867"},{"taxonomy":"product_brand","embeddable":true,"href":"https:\/\/shop.bantam.ch\/fr\/wp-json\/wp\/v2\/product_brand?post=62867"},{"taxonomy":"product_cat","embeddable":true,"href":"https:\/\/shop.bantam.ch\/fr\/wp-json\/wp\/v2\/product_cat?post=62867"},{"taxonomy":"product_tag","embeddable":true,"href":"https:\/\/shop.bantam.ch\/fr\/wp-json\/wp\/v2\/product_tag?post=62867"}],"curies":[{"name":"wp","href":"https:\/\/api.w.org\/{rel}","templated":true}]}}