{"id":62517,"date":"2023-02-27T18:29:06","date_gmt":"2023-02-27T17:29:06","guid":{"rendered":"http:\/\/shop.bantam.ch\/produit\/antenne-parabole-offset-kea650\/"},"modified":"2026-05-10T21:49:22","modified_gmt":"2026-05-10T19:49:22","slug":"antenne-parabole-offset-kea650","status":"publish","type":"product","link":"https:\/\/shop.bantam.ch\/fr\/produit\/antenne-parabole-offset-kea650\/","title":{"rendered":"Antenne parabole Offset KEA650"},"content":{"rendered":"<p>Antenne parabole Offset de 65 cm de diam\u00e8tre. Bras de support LNB rabattable en aluminium  R\u00e9flecteur en aluminium (rev\u00eatement par poudrage). Partie arri\u00e8re en t\u00f4le d\u2019acier galvanis\u00e9. Colliers de m\u00e2t et de serrage en t\u00f4le d\u2019acier galvanis\u00e9 (compl\u00e8tement pr\u00e9mont\u00e9s). Vis et \u00e9crous en inox.<\/p>\n","protected":false},"excerpt":{"rendered":"<p>Antenne parabole Offset de 65 cm de diam\u00e8tre. Bras de support LNB rabattable en aluminium R\u00e9flecteur en aluminium (rev\u00eatement par poudrage). Partie arri\u00e8re en t\u00f4le d\u2019acier galvanis\u00e9. Colliers de m\u00e2t et de serrage en t\u00f4le d\u2019acier galvanis\u00e9 (compl\u00e8tement pr\u00e9mont\u00e9s). Vis et \u00e9crous en inox.<\/p>\n","protected":false},"featured_media":62513,"template":"","meta":{"_acf_changed":false},"product_featured_cat":[],"product_brand":[3266],"product_cat":[4523],"product_tag":[],"class_list":{"0":"post-62517","1":"product","2":"type-product","3":"status-publish","4":"has-post-thumbnail","6":"product_brand-kathrein","7":"product_cat-systemes-satellitaires","9":"first","10":"instock","11":"taxable","12":"shipping-taxable","13":"purchasable","14":"product-type-variable"},"acf":[],"yoast_head":"<!-- This site is optimized with the Yoast SEO plugin v27.5 - https:\/\/yoast.com\/product\/yoast-seo-wordpress\/ -->\n<title>Antenne parabole Offset KEA650 - Bantam<\/title>\n<meta name=\"robots\" content=\"index, follow, max-snippet:-1, max-image-preview:large, max-video-preview:-1\" \/>\n<link rel=\"canonical\" href=\"https:\/\/shop.bantam.ch\/fr\/produit\/antenne-parabole-offset-kea650\/\" \/>\n<meta property=\"og:locale\" content=\"fr_FR\" \/>\n<meta property=\"og:type\" content=\"article\" \/>\n<meta property=\"og:title\" content=\"Antenne parabole Offset KEA650 - Bantam\" \/>\n<meta property=\"og:description\" content=\"Antenne parabole Offset de 65 cm de diam\u00e8tre. Bras de support LNB rabattable en aluminium R\u00e9flecteur en aluminium (rev\u00eatement par poudrage). Partie arri\u00e8re en t\u00f4le d\u2019acier galvanis\u00e9. Colliers de m\u00e2t et de serrage en t\u00f4le d\u2019acier galvanis\u00e9 (compl\u00e8tement pr\u00e9mont\u00e9s). Vis et \u00e9crous en inox.\" \/>\n<meta property=\"og:url\" content=\"https:\/\/shop.bantam.ch\/fr\/produit\/antenne-parabole-offset-kea650\/\" \/>\n<meta property=\"og:site_name\" content=\"Bantam\" \/>\n<meta property=\"article:modified_time\" content=\"2026-05-10T19:49:22+00:00\" \/>\n<meta property=\"og:image\" content=\"https:\/\/shop.bantam.ch\/wp-content\/uploads\/2023\/02\/9951648-100-1-3.jpg\" \/>\n\t<meta property=\"og:image:width\" content=\"1000\" \/>\n\t<meta property=\"og:image:height\" content=\"1000\" \/>\n\t<meta property=\"og:image:type\" content=\"image\/jpeg\" \/>\n<meta name=\"twitter:card\" content=\"summary_large_image\" \/>\n<script type=\"application\/ld+json\" class=\"yoast-schema-graph\">{\"@context\":\"https:\\\/\\\/schema.org\",\"@graph\":[{\"@type\":\"WebPage\",\"@id\":\"https:\\\/\\\/shop.bantam.ch\\\/fr\\\/produit\\\/antenne-parabole-offset-kea650\\\/\",\"url\":\"https:\\\/\\\/shop.bantam.ch\\\/fr\\\/produit\\\/antenne-parabole-offset-kea650\\\/\",\"name\":\"Antenne parabole Offset KEA650 - Bantam\",\"isPartOf\":{\"@id\":\"https:\\\/\\\/shop.bantam.ch\\\/fr\\\/#website\"},\"primaryImageOfPage\":{\"@id\":\"https:\\\/\\\/shop.bantam.ch\\\/fr\\\/produit\\\/antenne-parabole-offset-kea650\\\/#primaryimage\"},\"image\":{\"@id\":\"https:\\\/\\\/shop.bantam.ch\\\/fr\\\/produit\\\/antenne-parabole-offset-kea650\\\/#primaryimage\"},\"thumbnailUrl\":\"https:\\\/\\\/shop.bantam.ch\\\/wp-content\\\/uploads\\\/2023\\\/02\\\/9951648-100-1-3.jpg\",\"datePublished\":\"2023-02-27T17:29:06+00:00\",\"dateModified\":\"2026-05-10T19:49:22+00:00\",\"breadcrumb\":{\"@id\":\"https:\\\/\\\/shop.bantam.ch\\\/fr\\\/produit\\\/antenne-parabole-offset-kea650\\\/#breadcrumb\"},\"inLanguage\":\"fr-FR\",\"potentialAction\":[{\"@type\":\"ReadAction\",\"target\":[\"https:\\\/\\\/shop.bantam.ch\\\/fr\\\/produit\\\/antenne-parabole-offset-kea650\\\/\"]}]},{\"@type\":\"ImageObject\",\"inLanguage\":\"fr-FR\",\"@id\":\"https:\\\/\\\/shop.bantam.ch\\\/fr\\\/produit\\\/antenne-parabole-offset-kea650\\\/#primaryimage\",\"url\":\"https:\\\/\\\/shop.bantam.ch\\\/wp-content\\\/uploads\\\/2023\\\/02\\\/9951648-100-1-3.jpg\",\"contentUrl\":\"https:\\\/\\\/shop.bantam.ch\\\/wp-content\\\/uploads\\\/2023\\\/02\\\/9951648-100-1-3.jpg\",\"width\":1000,\"height\":1000},{\"@type\":\"BreadcrumbList\",\"@id\":\"https:\\\/\\\/shop.bantam.ch\\\/fr\\\/produit\\\/antenne-parabole-offset-kea650\\\/#breadcrumb\",\"itemListElement\":[{\"@type\":\"ListItem\",\"position\":1,\"name\":\"Accueil\",\"item\":\"https:\\\/\\\/shop.bantam.ch\\\/fr\\\/\"},{\"@type\":\"ListItem\",\"position\":2,\"name\":\"Boutique\",\"item\":\"https:\\\/\\\/shop.bantam.ch\\\/fr\\\/boutique\\\/\"},{\"@type\":\"ListItem\",\"position\":3,\"name\":\"Antenne parabole Offset KEA650\"}]},{\"@type\":\"WebSite\",\"@id\":\"https:\\\/\\\/shop.bantam.ch\\\/fr\\\/#website\",\"url\":\"https:\\\/\\\/shop.bantam.ch\\\/fr\\\/\",\"name\":\"Bantam\",\"description\":\"\",\"publisher\":{\"@id\":\"https:\\\/\\\/shop.bantam.ch\\\/fr\\\/#organization\"},\"inLanguage\":\"fr-FR\"},{\"@type\":\"Organization\",\"@id\":\"https:\\\/\\\/shop.bantam.ch\\\/fr\\\/#organization\",\"name\":\"Bantam\",\"url\":\"https:\\\/\\\/shop.bantam.ch\\\/fr\\\/\",\"logo\":{\"@type\":\"ImageObject\",\"inLanguage\":\"fr-FR\",\"@id\":\"https:\\\/\\\/shop.bantam.ch\\\/fr\\\/#\\\/schema\\\/logo\\\/image\\\/\",\"url\":\"https:\\\/\\\/shop.bantam.ch\\\/wp-content\\\/uploads\\\/2022\\\/12\\\/bantam-logo.png\",\"contentUrl\":\"https:\\\/\\\/shop.bantam.ch\\\/wp-content\\\/uploads\\\/2022\\\/12\\\/bantam-logo.png\",\"width\":320,\"height\":71,\"caption\":\"Bantam\"},\"image\":{\"@id\":\"https:\\\/\\\/shop.bantam.ch\\\/fr\\\/#\\\/schema\\\/logo\\\/image\\\/\"}}]}<\/script>\n<!-- \/ Yoast SEO plugin. -->","yoast_head_json":{"title":"Antenne parabole Offset KEA650 - Bantam","robots":{"index":"index","follow":"follow","max-snippet":"max-snippet:-1","max-image-preview":"max-image-preview:large","max-video-preview":"max-video-preview:-1"},"canonical":"https:\/\/shop.bantam.ch\/fr\/produit\/antenne-parabole-offset-kea650\/","og_locale":"fr_FR","og_type":"article","og_title":"Antenne parabole Offset KEA650 - Bantam","og_description":"Antenne parabole Offset de 65 cm de diam\u00e8tre. Bras de support LNB rabattable en aluminium R\u00e9flecteur en aluminium (rev\u00eatement par poudrage). Partie arri\u00e8re en t\u00f4le d\u2019acier galvanis\u00e9. Colliers de m\u00e2t et de serrage en t\u00f4le d\u2019acier galvanis\u00e9 (compl\u00e8tement pr\u00e9mont\u00e9s). Vis et \u00e9crous en inox.","og_url":"https:\/\/shop.bantam.ch\/fr\/produit\/antenne-parabole-offset-kea650\/","og_site_name":"Bantam","article_modified_time":"2026-05-10T19:49:22+00:00","og_image":[{"width":1000,"height":1000,"url":"https:\/\/shop.bantam.ch\/wp-content\/uploads\/2023\/02\/9951648-100-1-3.jpg","type":"image\/jpeg"}],"twitter_card":"summary_large_image","schema":{"@context":"https:\/\/schema.org","@graph":[{"@type":"WebPage","@id":"https:\/\/shop.bantam.ch\/fr\/produit\/antenne-parabole-offset-kea650\/","url":"https:\/\/shop.bantam.ch\/fr\/produit\/antenne-parabole-offset-kea650\/","name":"Antenne parabole Offset KEA650 - Bantam","isPartOf":{"@id":"https:\/\/shop.bantam.ch\/fr\/#website"},"primaryImageOfPage":{"@id":"https:\/\/shop.bantam.ch\/fr\/produit\/antenne-parabole-offset-kea650\/#primaryimage"},"image":{"@id":"https:\/\/shop.bantam.ch\/fr\/produit\/antenne-parabole-offset-kea650\/#primaryimage"},"thumbnailUrl":"https:\/\/shop.bantam.ch\/wp-content\/uploads\/2023\/02\/9951648-100-1-3.jpg","datePublished":"2023-02-27T17:29:06+00:00","dateModified":"2026-05-10T19:49:22+00:00","breadcrumb":{"@id":"https:\/\/shop.bantam.ch\/fr\/produit\/antenne-parabole-offset-kea650\/#breadcrumb"},"inLanguage":"fr-FR","potentialAction":[{"@type":"ReadAction","target":["https:\/\/shop.bantam.ch\/fr\/produit\/antenne-parabole-offset-kea650\/"]}]},{"@type":"ImageObject","inLanguage":"fr-FR","@id":"https:\/\/shop.bantam.ch\/fr\/produit\/antenne-parabole-offset-kea650\/#primaryimage","url":"https:\/\/shop.bantam.ch\/wp-content\/uploads\/2023\/02\/9951648-100-1-3.jpg","contentUrl":"https:\/\/shop.bantam.ch\/wp-content\/uploads\/2023\/02\/9951648-100-1-3.jpg","width":1000,"height":1000},{"@type":"BreadcrumbList","@id":"https:\/\/shop.bantam.ch\/fr\/produit\/antenne-parabole-offset-kea650\/#breadcrumb","itemListElement":[{"@type":"ListItem","position":1,"name":"Accueil","item":"https:\/\/shop.bantam.ch\/fr\/"},{"@type":"ListItem","position":2,"name":"Boutique","item":"https:\/\/shop.bantam.ch\/fr\/boutique\/"},{"@type":"ListItem","position":3,"name":"Antenne parabole Offset KEA650"}]},{"@type":"WebSite","@id":"https:\/\/shop.bantam.ch\/fr\/#website","url":"https:\/\/shop.bantam.ch\/fr\/","name":"Bantam","description":"","publisher":{"@id":"https:\/\/shop.bantam.ch\/fr\/#organization"},"inLanguage":"fr-FR"},{"@type":"Organization","@id":"https:\/\/shop.bantam.ch\/fr\/#organization","name":"Bantam","url":"https:\/\/shop.bantam.ch\/fr\/","logo":{"@type":"ImageObject","inLanguage":"fr-FR","@id":"https:\/\/shop.bantam.ch\/fr\/#\/schema\/logo\/image\/","url":"https:\/\/shop.bantam.ch\/wp-content\/uploads\/2022\/12\/bantam-logo.png","contentUrl":"https:\/\/shop.bantam.ch\/wp-content\/uploads\/2022\/12\/bantam-logo.png","width":320,"height":71,"caption":"Bantam"},"image":{"@id":"https:\/\/shop.bantam.ch\/fr\/#\/schema\/logo\/image\/"}}]}},"_links":{"self":[{"href":"https:\/\/shop.bantam.ch\/fr\/wp-json\/wp\/v2\/product\/62517","targetHints":{"allow":["GET"]}}],"collection":[{"href":"https:\/\/shop.bantam.ch\/fr\/wp-json\/wp\/v2\/product"}],"about":[{"href":"https:\/\/shop.bantam.ch\/fr\/wp-json\/wp\/v2\/types\/product"}],"wp:featuredmedia":[{"embeddable":true,"href":"https:\/\/shop.bantam.ch\/fr\/wp-json\/wp\/v2\/media\/62513"}],"wp:attachment":[{"href":"https:\/\/shop.bantam.ch\/fr\/wp-json\/wp\/v2\/media?parent=62517"}],"wp:term":[{"taxonomy":"product_featured_cat","embeddable":true,"href":"https:\/\/shop.bantam.ch\/fr\/wp-json\/wp\/v2\/product_featured_cat?post=62517"},{"taxonomy":"product_brand","embeddable":true,"href":"https:\/\/shop.bantam.ch\/fr\/wp-json\/wp\/v2\/product_brand?post=62517"},{"taxonomy":"product_cat","embeddable":true,"href":"https:\/\/shop.bantam.ch\/fr\/wp-json\/wp\/v2\/product_cat?post=62517"},{"taxonomy":"product_tag","embeddable":true,"href":"https:\/\/shop.bantam.ch\/fr\/wp-json\/wp\/v2\/product_tag?post=62517"}],"curies":[{"name":"wp","href":"https:\/\/api.w.org\/{rel}","templated":true}]}}