{"id":62503,"date":"2023-02-27T18:28:49","date_gmt":"2023-02-27T17:28:49","guid":{"rendered":"http:\/\/shop.bantam.ch\/produit\/porte-velos-carry-bike-pro-c-slb\/"},"modified":"2026-04-19T21:09:10","modified_gmt":"2026-04-19T19:09:10","slug":"porte-velos-carry-bike-pro-c-slb","status":"publish","type":"product","link":"https:\/\/shop.bantam.ch\/fr\/produit\/porte-velos-carry-bike-pro-c-slb\/","title":{"rendered":"Porte-v\u00e9los Fiamma Carry Bike Pro C SLB 2 v\u00e9los, charge admise 60 kg Coul. aluminium"},"content":{"rendered":"<p>Le porte-v\u00e9lo compact et classique pour tous les murs. La version courte de la s\u00e9rie Pro est mont\u00e9e sous la fen\u00eatre et permet d\u2019ouvrir la fen\u00eatre.<\/p>\n<ul>\n<li>Nouveau design<\/li>\n<li>Mat\u00e9riel de qualit\u00e9<\/li>\n<li>S\u00e9curit\u00e9, facilit\u00e9 d&rsquo;utilisation et fiabilit\u00e9 maximale<\/li>\n<li>Certification T\u00dcV<\/li>\n<li>Convient pour tous les camping-cars<\/li>\n<li>Pour deux v\u00e9los<\/li>\n<li>Extensible jusqu\u2019\u00e0 4 v\u00e9los<\/li>\n<li>Montage en 4 points<\/li>\n<\/ul>\n<p>Contenu de la livraison :<br \/>2 rails Rail Quick<br \/>Bike Block Pro 1 et 3<br \/>Sans rail de fixation inf\u00e9rieur<\/p>\n","protected":false},"excerpt":{"rendered":"<p>Le porte-v\u00e9lo compact et classique pour tous les murs. La version courte de la s\u00e9rie Pro est mont\u00e9e sous la fen\u00eatre et permet d\u2019ouvrir la fen\u00eatre. Nouveau design Mat\u00e9riel de qualit\u00e9 S\u00e9curit\u00e9, facilit\u00e9 d&rsquo;utilisation et fiabilit\u00e9 maximale Certification T\u00dcV Convient pour tous les camping-cars Pour deux v\u00e9los Extensible jusqu\u2019\u00e0 4 v\u00e9los Montage en 4 points [&hellip;]<\/p>\n","protected":false},"featured_media":62501,"template":"","meta":{"_acf_changed":false},"product_featured_cat":[],"product_brand":[3034],"product_cat":[5137],"product_tag":[],"class_list":{"0":"post-62503","1":"product","2":"type-product","3":"status-publish","4":"has-post-thumbnail","6":"product_brand-fiamma","7":"product_cat-porte-velos-arriere","9":"first","10":"instock","11":"taxable","12":"shipping-taxable","13":"purchasable","14":"product-type-simple"},"acf":[],"yoast_head":"<!-- This site is optimized with the Yoast SEO plugin v27.4 - https:\/\/yoast.com\/product\/yoast-seo-wordpress\/ -->\n<title>Porte-v\u00e9los Fiamma Carry Bike Pro C SLB 2 v\u00e9los, charge admise 60 kg Coul. aluminium - Bantam Wankm\u00fcller SA<\/title>\n<meta name=\"robots\" content=\"index, follow, max-snippet:-1, max-image-preview:large, max-video-preview:-1\" \/>\n<link rel=\"canonical\" href=\"https:\/\/shop.bantam.ch\/fr\/produit\/porte-velos-carry-bike-pro-c-slb\/\" \/>\n<meta property=\"og:locale\" content=\"fr_FR\" \/>\n<meta property=\"og:type\" content=\"article\" \/>\n<meta property=\"og:title\" content=\"Porte-v\u00e9los Fiamma Carry Bike Pro C SLB 2 v\u00e9los, charge admise 60 kg Coul. aluminium - Bantam Wankm\u00fcller SA\" \/>\n<meta property=\"og:description\" content=\"Le porte-v\u00e9lo compact et classique pour tous les murs. La version courte de la s\u00e9rie Pro est mont\u00e9e sous la fen\u00eatre et permet d\u2019ouvrir la fen\u00eatre. Nouveau design Mat\u00e9riel de qualit\u00e9 S\u00e9curit\u00e9, facilit\u00e9 d&rsquo;utilisation et fiabilit\u00e9 maximale Certification T\u00dcV Convient pour tous les camping-cars Pour deux v\u00e9los Extensible jusqu\u2019\u00e0 4 v\u00e9los Montage en 4 points [&hellip;]\" \/>\n<meta property=\"og:url\" content=\"https:\/\/shop.bantam.ch\/fr\/produit\/porte-velos-carry-bike-pro-c-slb\/\" \/>\n<meta property=\"og:site_name\" content=\"Bantam Wankm\u00fcller SA\" \/>\n<meta property=\"article:modified_time\" content=\"2026-04-19T19:09:10+00:00\" \/>\n<meta property=\"og:image\" content=\"https:\/\/shop.bantam.ch\/wp-content\/uploads\/2023\/02\/9940856.jpg\" \/>\n\t<meta property=\"og:image:width\" content=\"500\" \/>\n\t<meta property=\"og:image:height\" content=\"403\" \/>\n\t<meta property=\"og:image:type\" content=\"image\/jpeg\" \/>\n<meta name=\"twitter:card\" content=\"summary_large_image\" \/>\n<script type=\"application\/ld+json\" class=\"yoast-schema-graph\">{\"@context\":\"https:\\\/\\\/schema.org\",\"@graph\":[{\"@type\":\"WebPage\",\"@id\":\"https:\\\/\\\/shop.bantam.ch\\\/fr\\\/produit\\\/porte-velos-carry-bike-pro-c-slb\\\/\",\"url\":\"https:\\\/\\\/shop.bantam.ch\\\/fr\\\/produit\\\/porte-velos-carry-bike-pro-c-slb\\\/\",\"name\":\"Porte-v\u00e9los Fiamma Carry Bike Pro C SLB 2 v\u00e9los, charge admise 60 kg Coul. aluminium - Bantam Wankm\u00fcller SA\",\"isPartOf\":{\"@id\":\"https:\\\/\\\/shop.bantam.ch\\\/fr\\\/#website\"},\"primaryImageOfPage\":{\"@id\":\"https:\\\/\\\/shop.bantam.ch\\\/fr\\\/produit\\\/porte-velos-carry-bike-pro-c-slb\\\/#primaryimage\"},\"image\":{\"@id\":\"https:\\\/\\\/shop.bantam.ch\\\/fr\\\/produit\\\/porte-velos-carry-bike-pro-c-slb\\\/#primaryimage\"},\"thumbnailUrl\":\"https:\\\/\\\/shop.bantam.ch\\\/wp-content\\\/uploads\\\/2023\\\/02\\\/9940856.jpg\",\"datePublished\":\"2023-02-27T17:28:49+00:00\",\"dateModified\":\"2026-04-19T19:09:10+00:00\",\"breadcrumb\":{\"@id\":\"https:\\\/\\\/shop.bantam.ch\\\/fr\\\/produit\\\/porte-velos-carry-bike-pro-c-slb\\\/#breadcrumb\"},\"inLanguage\":\"fr-FR\",\"potentialAction\":[{\"@type\":\"ReadAction\",\"target\":[\"https:\\\/\\\/shop.bantam.ch\\\/fr\\\/produit\\\/porte-velos-carry-bike-pro-c-slb\\\/\"]}]},{\"@type\":\"ImageObject\",\"inLanguage\":\"fr-FR\",\"@id\":\"https:\\\/\\\/shop.bantam.ch\\\/fr\\\/produit\\\/porte-velos-carry-bike-pro-c-slb\\\/#primaryimage\",\"url\":\"https:\\\/\\\/shop.bantam.ch\\\/wp-content\\\/uploads\\\/2023\\\/02\\\/9940856.jpg\",\"contentUrl\":\"https:\\\/\\\/shop.bantam.ch\\\/wp-content\\\/uploads\\\/2023\\\/02\\\/9940856.jpg\",\"width\":500,\"height\":403},{\"@type\":\"BreadcrumbList\",\"@id\":\"https:\\\/\\\/shop.bantam.ch\\\/fr\\\/produit\\\/porte-velos-carry-bike-pro-c-slb\\\/#breadcrumb\",\"itemListElement\":[{\"@type\":\"ListItem\",\"position\":1,\"name\":\"Accueil\",\"item\":\"https:\\\/\\\/shop.bantam.ch\\\/fr\\\/\"},{\"@type\":\"ListItem\",\"position\":2,\"name\":\"Boutique\",\"item\":\"https:\\\/\\\/shop.bantam.ch\\\/fr\\\/boutique\\\/\"},{\"@type\":\"ListItem\",\"position\":3,\"name\":\"Porte-v\u00e9los Fiamma Carry Bike Pro C SLB 2 v\u00e9los, charge admise 60 kg Coul. aluminium\"}]},{\"@type\":\"WebSite\",\"@id\":\"https:\\\/\\\/shop.bantam.ch\\\/fr\\\/#website\",\"url\":\"https:\\\/\\\/shop.bantam.ch\\\/fr\\\/\",\"name\":\"Bantam Wankm\u00fcller SA\",\"description\":\"\",\"publisher\":{\"@id\":\"https:\\\/\\\/shop.bantam.ch\\\/fr\\\/#organization\"},\"inLanguage\":\"fr-FR\"},{\"@type\":\"Organization\",\"@id\":\"https:\\\/\\\/shop.bantam.ch\\\/fr\\\/#organization\",\"name\":\"Bantam Wankm\u00fcller SA\",\"url\":\"https:\\\/\\\/shop.bantam.ch\\\/fr\\\/\",\"logo\":{\"@type\":\"ImageObject\",\"inLanguage\":\"fr-FR\",\"@id\":\"https:\\\/\\\/shop.bantam.ch\\\/fr\\\/#\\\/schema\\\/logo\\\/image\\\/\",\"url\":\"https:\\\/\\\/shop.bantam.ch\\\/wp-content\\\/uploads\\\/2022\\\/12\\\/bantam-logo.png\",\"contentUrl\":\"https:\\\/\\\/shop.bantam.ch\\\/wp-content\\\/uploads\\\/2022\\\/12\\\/bantam-logo.png\",\"width\":320,\"height\":71,\"caption\":\"Bantam Wankm\u00fcller SA\"},\"image\":{\"@id\":\"https:\\\/\\\/shop.bantam.ch\\\/fr\\\/#\\\/schema\\\/logo\\\/image\\\/\"}}]}<\/script>\n<!-- \/ Yoast SEO plugin. -->","yoast_head_json":{"title":"Porte-v\u00e9los Fiamma Carry Bike Pro C SLB 2 v\u00e9los, charge admise 60 kg Coul. aluminium - Bantam Wankm\u00fcller SA","robots":{"index":"index","follow":"follow","max-snippet":"max-snippet:-1","max-image-preview":"max-image-preview:large","max-video-preview":"max-video-preview:-1"},"canonical":"https:\/\/shop.bantam.ch\/fr\/produit\/porte-velos-carry-bike-pro-c-slb\/","og_locale":"fr_FR","og_type":"article","og_title":"Porte-v\u00e9los Fiamma Carry Bike Pro C SLB 2 v\u00e9los, charge admise 60 kg Coul. aluminium - Bantam Wankm\u00fcller SA","og_description":"Le porte-v\u00e9lo compact et classique pour tous les murs. La version courte de la s\u00e9rie Pro est mont\u00e9e sous la fen\u00eatre et permet d\u2019ouvrir la fen\u00eatre. Nouveau design Mat\u00e9riel de qualit\u00e9 S\u00e9curit\u00e9, facilit\u00e9 d&rsquo;utilisation et fiabilit\u00e9 maximale Certification T\u00dcV Convient pour tous les camping-cars Pour deux v\u00e9los Extensible jusqu\u2019\u00e0 4 v\u00e9los Montage en 4 points [&hellip;]","og_url":"https:\/\/shop.bantam.ch\/fr\/produit\/porte-velos-carry-bike-pro-c-slb\/","og_site_name":"Bantam Wankm\u00fcller SA","article_modified_time":"2026-04-19T19:09:10+00:00","og_image":[{"width":500,"height":403,"url":"https:\/\/shop.bantam.ch\/wp-content\/uploads\/2023\/02\/9940856.jpg","type":"image\/jpeg"}],"twitter_card":"summary_large_image","schema":{"@context":"https:\/\/schema.org","@graph":[{"@type":"WebPage","@id":"https:\/\/shop.bantam.ch\/fr\/produit\/porte-velos-carry-bike-pro-c-slb\/","url":"https:\/\/shop.bantam.ch\/fr\/produit\/porte-velos-carry-bike-pro-c-slb\/","name":"Porte-v\u00e9los Fiamma Carry Bike Pro C SLB 2 v\u00e9los, charge admise 60 kg Coul. aluminium - Bantam Wankm\u00fcller SA","isPartOf":{"@id":"https:\/\/shop.bantam.ch\/fr\/#website"},"primaryImageOfPage":{"@id":"https:\/\/shop.bantam.ch\/fr\/produit\/porte-velos-carry-bike-pro-c-slb\/#primaryimage"},"image":{"@id":"https:\/\/shop.bantam.ch\/fr\/produit\/porte-velos-carry-bike-pro-c-slb\/#primaryimage"},"thumbnailUrl":"https:\/\/shop.bantam.ch\/wp-content\/uploads\/2023\/02\/9940856.jpg","datePublished":"2023-02-27T17:28:49+00:00","dateModified":"2026-04-19T19:09:10+00:00","breadcrumb":{"@id":"https:\/\/shop.bantam.ch\/fr\/produit\/porte-velos-carry-bike-pro-c-slb\/#breadcrumb"},"inLanguage":"fr-FR","potentialAction":[{"@type":"ReadAction","target":["https:\/\/shop.bantam.ch\/fr\/produit\/porte-velos-carry-bike-pro-c-slb\/"]}]},{"@type":"ImageObject","inLanguage":"fr-FR","@id":"https:\/\/shop.bantam.ch\/fr\/produit\/porte-velos-carry-bike-pro-c-slb\/#primaryimage","url":"https:\/\/shop.bantam.ch\/wp-content\/uploads\/2023\/02\/9940856.jpg","contentUrl":"https:\/\/shop.bantam.ch\/wp-content\/uploads\/2023\/02\/9940856.jpg","width":500,"height":403},{"@type":"BreadcrumbList","@id":"https:\/\/shop.bantam.ch\/fr\/produit\/porte-velos-carry-bike-pro-c-slb\/#breadcrumb","itemListElement":[{"@type":"ListItem","position":1,"name":"Accueil","item":"https:\/\/shop.bantam.ch\/fr\/"},{"@type":"ListItem","position":2,"name":"Boutique","item":"https:\/\/shop.bantam.ch\/fr\/boutique\/"},{"@type":"ListItem","position":3,"name":"Porte-v\u00e9los Fiamma Carry Bike Pro C SLB 2 v\u00e9los, charge admise 60 kg Coul. aluminium"}]},{"@type":"WebSite","@id":"https:\/\/shop.bantam.ch\/fr\/#website","url":"https:\/\/shop.bantam.ch\/fr\/","name":"Bantam Wankm\u00fcller SA","description":"","publisher":{"@id":"https:\/\/shop.bantam.ch\/fr\/#organization"},"inLanguage":"fr-FR"},{"@type":"Organization","@id":"https:\/\/shop.bantam.ch\/fr\/#organization","name":"Bantam Wankm\u00fcller SA","url":"https:\/\/shop.bantam.ch\/fr\/","logo":{"@type":"ImageObject","inLanguage":"fr-FR","@id":"https:\/\/shop.bantam.ch\/fr\/#\/schema\/logo\/image\/","url":"https:\/\/shop.bantam.ch\/wp-content\/uploads\/2022\/12\/bantam-logo.png","contentUrl":"https:\/\/shop.bantam.ch\/wp-content\/uploads\/2022\/12\/bantam-logo.png","width":320,"height":71,"caption":"Bantam Wankm\u00fcller SA"},"image":{"@id":"https:\/\/shop.bantam.ch\/fr\/#\/schema\/logo\/image\/"}}]}},"_links":{"self":[{"href":"https:\/\/shop.bantam.ch\/fr\/wp-json\/wp\/v2\/product\/62503","targetHints":{"allow":["GET"]}}],"collection":[{"href":"https:\/\/shop.bantam.ch\/fr\/wp-json\/wp\/v2\/product"}],"about":[{"href":"https:\/\/shop.bantam.ch\/fr\/wp-json\/wp\/v2\/types\/product"}],"wp:featuredmedia":[{"embeddable":true,"href":"https:\/\/shop.bantam.ch\/fr\/wp-json\/wp\/v2\/media\/62501"}],"wp:attachment":[{"href":"https:\/\/shop.bantam.ch\/fr\/wp-json\/wp\/v2\/media?parent=62503"}],"wp:term":[{"taxonomy":"product_featured_cat","embeddable":true,"href":"https:\/\/shop.bantam.ch\/fr\/wp-json\/wp\/v2\/product_featured_cat?post=62503"},{"taxonomy":"product_brand","embeddable":true,"href":"https:\/\/shop.bantam.ch\/fr\/wp-json\/wp\/v2\/product_brand?post=62503"},{"taxonomy":"product_cat","embeddable":true,"href":"https:\/\/shop.bantam.ch\/fr\/wp-json\/wp\/v2\/product_cat?post=62503"},{"taxonomy":"product_tag","embeddable":true,"href":"https:\/\/shop.bantam.ch\/fr\/wp-json\/wp\/v2\/product_tag?post=62503"}],"curies":[{"name":"wp","href":"https:\/\/api.w.org\/{rel}","templated":true}]}}