{"id":62411,"date":"2023-02-27T18:27:16","date_gmt":"2023-02-27T17:27:16","guid":{"rendered":"http:\/\/shop.bantam.ch\/produit\/set-de-rehausses-mercedes-sprinter-crafter-5-cm\/"},"modified":"2026-05-09T21:07:45","modified_gmt":"2026-05-09T19:07:45","slug":"set-de-rehausses-mercedes-sprinter-crafter-5-cm","status":"publish","type":"product","link":"https:\/\/shop.bantam.ch\/fr\/produit\/set-de-rehausses-mercedes-sprinter-crafter-5-cm\/","title":{"rendered":"Jeu de rehausses Goldschmitt pour essieu arri\u00e8re Mercedes Sprinter, VW Crafter \u00c9paisseur 5 cm"},"content":{"rendered":"<p>En cas de chargement unilat\u00e9ral, par exemple en raison d&rsquo;\u00e9quipements de construction tels que r\u00e9servoirs, groupes \u00e9lectrog\u00e8nes ou autres \u00e9quipements lourds, il peut arriver que le v\u00e9hicule soit plus ou moins pench\u00e9 d&rsquo;un c\u00f4t\u00e9. Des plaques m\u00e9talliques sp\u00e9ciales sont dispos\u00e9es entre le bloc-ressort et le corps d&rsquo;essieu du c\u00f4t\u00e9 concern\u00e9 du v\u00e9hicule, permettant ainsi d&rsquo;\u00e9quilibrer en permanence le v\u00e9hicule et de l&rsquo;amener en position horizontale. Si l&rsquo;arri\u00e8re du v\u00e9hicule doit \u00eatre compl\u00e8tement relev\u00e9, une pi\u00e8ce de compensation est mont\u00e9e de chaque c\u00f4t\u00e9 de la roue. L&rsquo;utilisation de diff\u00e9rentes \u00e9paisseurs est \u00e9galement possible de fa\u00e7on \u00e0 pouvoir relever la structure d\u2019habitation du camping-car et \u00e0 l\u2019\u00e9quilibrer en m\u00eame temps.<\/p>\n<p>Contenu de la livraison :<br \/>Brides de ressort rallong\u00e9es comprises dans la livraison<\/p>\n<ul>\n<li>Rehausse fixe de la garde au sol<\/li>\n<li>Pas de modification des propri\u00e9t\u00e9s du ressort<\/li>\n<li>Possibilit\u00e9 peu co\u00fbteuse de soulever l&rsquo;arri\u00e8re du v\u00e9hicule<\/li>\n<li>Technologie sans usure<\/li>\n<\/ul>\n<p>\u00a0\u00a0 <\/p>\n","protected":false},"excerpt":{"rendered":"<p>En cas de chargement unilat\u00e9ral, par exemple en raison d&rsquo;\u00e9quipements de construction tels que r\u00e9servoirs, groupes \u00e9lectrog\u00e8nes ou autres \u00e9quipements lourds, il peut arriver que le v\u00e9hicule soit plus ou moins pench\u00e9 d&rsquo;un c\u00f4t\u00e9. Des plaques m\u00e9talliques sp\u00e9ciales sont dispos\u00e9es entre le bloc-ressort et le corps d&rsquo;essieu du c\u00f4t\u00e9 concern\u00e9 du v\u00e9hicule, permettant ainsi d&rsquo;\u00e9quilibrer [&hellip;]<\/p>\n","protected":false},"featured_media":62409,"template":"","meta":{"_acf_changed":false},"product_featured_cat":[],"product_brand":[3270],"product_cat":[4807],"product_tag":[],"class_list":{"0":"post-62411","1":"product","2":"type-product","3":"status-publish","4":"has-post-thumbnail","6":"product_brand-goldschmitt","7":"product_cat-suspensions-pneumatiques","9":"first","10":"instock","11":"taxable","12":"shipping-taxable","13":"purchasable","14":"product-type-simple"},"acf":[],"yoast_head":"<!-- This site is optimized with the Yoast SEO plugin v27.5 - https:\/\/yoast.com\/product\/yoast-seo-wordpress\/ -->\n<title>Jeu de rehausses Goldschmitt pour essieu arri\u00e8re Mercedes Sprinter, VW Crafter \u00c9paisseur 5 cm - Bantam<\/title>\n<meta name=\"robots\" content=\"index, follow, max-snippet:-1, max-image-preview:large, max-video-preview:-1\" \/>\n<link rel=\"canonical\" href=\"https:\/\/shop.bantam.ch\/fr\/produit\/set-de-rehausses-mercedes-sprinter-crafter-5-cm\/\" \/>\n<meta property=\"og:locale\" content=\"fr_FR\" \/>\n<meta property=\"og:type\" content=\"article\" \/>\n<meta property=\"og:title\" content=\"Jeu de rehausses Goldschmitt pour essieu arri\u00e8re Mercedes Sprinter, VW Crafter \u00c9paisseur 5 cm - Bantam\" \/>\n<meta property=\"og:description\" content=\"En cas de chargement unilat\u00e9ral, par exemple en raison d&rsquo;\u00e9quipements de construction tels que r\u00e9servoirs, groupes \u00e9lectrog\u00e8nes ou autres \u00e9quipements lourds, il peut arriver que le v\u00e9hicule soit plus ou moins pench\u00e9 d&rsquo;un c\u00f4t\u00e9. Des plaques m\u00e9talliques sp\u00e9ciales sont dispos\u00e9es entre le bloc-ressort et le corps d&rsquo;essieu du c\u00f4t\u00e9 concern\u00e9 du v\u00e9hicule, permettant ainsi d&rsquo;\u00e9quilibrer [&hellip;]\" \/>\n<meta property=\"og:url\" content=\"https:\/\/shop.bantam.ch\/fr\/produit\/set-de-rehausses-mercedes-sprinter-crafter-5-cm\/\" \/>\n<meta property=\"og:site_name\" content=\"Bantam\" \/>\n<meta property=\"article:modified_time\" content=\"2026-05-09T19:07:45+00:00\" \/>\n<meta property=\"og:image\" content=\"https:\/\/shop.bantam.ch\/wp-content\/uploads\/2023\/02\/9930327-Hoeherlegungssatz_Hinterachse_Mercedes_Sprinter_VW_Crafter_50_mm-Standard-0157e50beb7f1c9.jpg\" \/>\n\t<meta property=\"og:image:width\" content=\"1000\" \/>\n\t<meta property=\"og:image:height\" content=\"648\" \/>\n\t<meta property=\"og:image:type\" content=\"image\/jpeg\" \/>\n<meta name=\"twitter:card\" content=\"summary_large_image\" \/>\n<meta name=\"twitter:label1\" content=\"Dur\u00e9e de lecture estim\u00e9e\" \/>\n\t<meta name=\"twitter:data1\" content=\"1 minute\" \/>\n<script type=\"application\/ld+json\" class=\"yoast-schema-graph\">{\"@context\":\"https:\\\/\\\/schema.org\",\"@graph\":[{\"@type\":\"WebPage\",\"@id\":\"https:\\\/\\\/shop.bantam.ch\\\/fr\\\/produit\\\/set-de-rehausses-mercedes-sprinter-crafter-5-cm\\\/\",\"url\":\"https:\\\/\\\/shop.bantam.ch\\\/fr\\\/produit\\\/set-de-rehausses-mercedes-sprinter-crafter-5-cm\\\/\",\"name\":\"Jeu de rehausses Goldschmitt pour essieu arri\u00e8re Mercedes Sprinter, VW Crafter \u00c9paisseur 5 cm - Bantam\",\"isPartOf\":{\"@id\":\"https:\\\/\\\/shop.bantam.ch\\\/fr\\\/#website\"},\"primaryImageOfPage\":{\"@id\":\"https:\\\/\\\/shop.bantam.ch\\\/fr\\\/produit\\\/set-de-rehausses-mercedes-sprinter-crafter-5-cm\\\/#primaryimage\"},\"image\":{\"@id\":\"https:\\\/\\\/shop.bantam.ch\\\/fr\\\/produit\\\/set-de-rehausses-mercedes-sprinter-crafter-5-cm\\\/#primaryimage\"},\"thumbnailUrl\":\"https:\\\/\\\/shop.bantam.ch\\\/wp-content\\\/uploads\\\/2023\\\/02\\\/9930327-Hoeherlegungssatz_Hinterachse_Mercedes_Sprinter_VW_Crafter_50_mm-Standard-0157e50beb7f1c9.jpg\",\"datePublished\":\"2023-02-27T17:27:16+00:00\",\"dateModified\":\"2026-05-09T19:07:45+00:00\",\"breadcrumb\":{\"@id\":\"https:\\\/\\\/shop.bantam.ch\\\/fr\\\/produit\\\/set-de-rehausses-mercedes-sprinter-crafter-5-cm\\\/#breadcrumb\"},\"inLanguage\":\"fr-FR\",\"potentialAction\":[{\"@type\":\"ReadAction\",\"target\":[\"https:\\\/\\\/shop.bantam.ch\\\/fr\\\/produit\\\/set-de-rehausses-mercedes-sprinter-crafter-5-cm\\\/\"]}]},{\"@type\":\"ImageObject\",\"inLanguage\":\"fr-FR\",\"@id\":\"https:\\\/\\\/shop.bantam.ch\\\/fr\\\/produit\\\/set-de-rehausses-mercedes-sprinter-crafter-5-cm\\\/#primaryimage\",\"url\":\"https:\\\/\\\/shop.bantam.ch\\\/wp-content\\\/uploads\\\/2023\\\/02\\\/9930327-Hoeherlegungssatz_Hinterachse_Mercedes_Sprinter_VW_Crafter_50_mm-Standard-0157e50beb7f1c9.jpg\",\"contentUrl\":\"https:\\\/\\\/shop.bantam.ch\\\/wp-content\\\/uploads\\\/2023\\\/02\\\/9930327-Hoeherlegungssatz_Hinterachse_Mercedes_Sprinter_VW_Crafter_50_mm-Standard-0157e50beb7f1c9.jpg\",\"width\":1000,\"height\":648},{\"@type\":\"BreadcrumbList\",\"@id\":\"https:\\\/\\\/shop.bantam.ch\\\/fr\\\/produit\\\/set-de-rehausses-mercedes-sprinter-crafter-5-cm\\\/#breadcrumb\",\"itemListElement\":[{\"@type\":\"ListItem\",\"position\":1,\"name\":\"Accueil\",\"item\":\"https:\\\/\\\/shop.bantam.ch\\\/fr\\\/\"},{\"@type\":\"ListItem\",\"position\":2,\"name\":\"Boutique\",\"item\":\"https:\\\/\\\/shop.bantam.ch\\\/fr\\\/boutique\\\/\"},{\"@type\":\"ListItem\",\"position\":3,\"name\":\"Jeu de rehausses Goldschmitt pour essieu arri\u00e8re Mercedes Sprinter, VW Crafter \u00c9paisseur 5 cm\"}]},{\"@type\":\"WebSite\",\"@id\":\"https:\\\/\\\/shop.bantam.ch\\\/fr\\\/#website\",\"url\":\"https:\\\/\\\/shop.bantam.ch\\\/fr\\\/\",\"name\":\"Bantam\",\"description\":\"\",\"publisher\":{\"@id\":\"https:\\\/\\\/shop.bantam.ch\\\/fr\\\/#organization\"},\"inLanguage\":\"fr-FR\"},{\"@type\":\"Organization\",\"@id\":\"https:\\\/\\\/shop.bantam.ch\\\/fr\\\/#organization\",\"name\":\"Bantam\",\"url\":\"https:\\\/\\\/shop.bantam.ch\\\/fr\\\/\",\"logo\":{\"@type\":\"ImageObject\",\"inLanguage\":\"fr-FR\",\"@id\":\"https:\\\/\\\/shop.bantam.ch\\\/fr\\\/#\\\/schema\\\/logo\\\/image\\\/\",\"url\":\"https:\\\/\\\/shop.bantam.ch\\\/wp-content\\\/uploads\\\/2022\\\/12\\\/bantam-logo.png\",\"contentUrl\":\"https:\\\/\\\/shop.bantam.ch\\\/wp-content\\\/uploads\\\/2022\\\/12\\\/bantam-logo.png\",\"width\":320,\"height\":71,\"caption\":\"Bantam\"},\"image\":{\"@id\":\"https:\\\/\\\/shop.bantam.ch\\\/fr\\\/#\\\/schema\\\/logo\\\/image\\\/\"}}]}<\/script>\n<!-- \/ Yoast SEO plugin. -->","yoast_head_json":{"title":"Jeu de rehausses Goldschmitt pour essieu arri\u00e8re Mercedes Sprinter, VW Crafter \u00c9paisseur 5 cm - Bantam","robots":{"index":"index","follow":"follow","max-snippet":"max-snippet:-1","max-image-preview":"max-image-preview:large","max-video-preview":"max-video-preview:-1"},"canonical":"https:\/\/shop.bantam.ch\/fr\/produit\/set-de-rehausses-mercedes-sprinter-crafter-5-cm\/","og_locale":"fr_FR","og_type":"article","og_title":"Jeu de rehausses Goldschmitt pour essieu arri\u00e8re Mercedes Sprinter, VW Crafter \u00c9paisseur 5 cm - Bantam","og_description":"En cas de chargement unilat\u00e9ral, par exemple en raison d&rsquo;\u00e9quipements de construction tels que r\u00e9servoirs, groupes \u00e9lectrog\u00e8nes ou autres \u00e9quipements lourds, il peut arriver que le v\u00e9hicule soit plus ou moins pench\u00e9 d&rsquo;un c\u00f4t\u00e9. Des plaques m\u00e9talliques sp\u00e9ciales sont dispos\u00e9es entre le bloc-ressort et le corps d&rsquo;essieu du c\u00f4t\u00e9 concern\u00e9 du v\u00e9hicule, permettant ainsi d&rsquo;\u00e9quilibrer [&hellip;]","og_url":"https:\/\/shop.bantam.ch\/fr\/produit\/set-de-rehausses-mercedes-sprinter-crafter-5-cm\/","og_site_name":"Bantam","article_modified_time":"2026-05-09T19:07:45+00:00","og_image":[{"width":1000,"height":648,"url":"https:\/\/shop.bantam.ch\/wp-content\/uploads\/2023\/02\/9930327-Hoeherlegungssatz_Hinterachse_Mercedes_Sprinter_VW_Crafter_50_mm-Standard-0157e50beb7f1c9.jpg","type":"image\/jpeg"}],"twitter_card":"summary_large_image","twitter_misc":{"Dur\u00e9e de lecture estim\u00e9e":"1 minute"},"schema":{"@context":"https:\/\/schema.org","@graph":[{"@type":"WebPage","@id":"https:\/\/shop.bantam.ch\/fr\/produit\/set-de-rehausses-mercedes-sprinter-crafter-5-cm\/","url":"https:\/\/shop.bantam.ch\/fr\/produit\/set-de-rehausses-mercedes-sprinter-crafter-5-cm\/","name":"Jeu de rehausses Goldschmitt pour essieu arri\u00e8re Mercedes Sprinter, VW Crafter \u00c9paisseur 5 cm - Bantam","isPartOf":{"@id":"https:\/\/shop.bantam.ch\/fr\/#website"},"primaryImageOfPage":{"@id":"https:\/\/shop.bantam.ch\/fr\/produit\/set-de-rehausses-mercedes-sprinter-crafter-5-cm\/#primaryimage"},"image":{"@id":"https:\/\/shop.bantam.ch\/fr\/produit\/set-de-rehausses-mercedes-sprinter-crafter-5-cm\/#primaryimage"},"thumbnailUrl":"https:\/\/shop.bantam.ch\/wp-content\/uploads\/2023\/02\/9930327-Hoeherlegungssatz_Hinterachse_Mercedes_Sprinter_VW_Crafter_50_mm-Standard-0157e50beb7f1c9.jpg","datePublished":"2023-02-27T17:27:16+00:00","dateModified":"2026-05-09T19:07:45+00:00","breadcrumb":{"@id":"https:\/\/shop.bantam.ch\/fr\/produit\/set-de-rehausses-mercedes-sprinter-crafter-5-cm\/#breadcrumb"},"inLanguage":"fr-FR","potentialAction":[{"@type":"ReadAction","target":["https:\/\/shop.bantam.ch\/fr\/produit\/set-de-rehausses-mercedes-sprinter-crafter-5-cm\/"]}]},{"@type":"ImageObject","inLanguage":"fr-FR","@id":"https:\/\/shop.bantam.ch\/fr\/produit\/set-de-rehausses-mercedes-sprinter-crafter-5-cm\/#primaryimage","url":"https:\/\/shop.bantam.ch\/wp-content\/uploads\/2023\/02\/9930327-Hoeherlegungssatz_Hinterachse_Mercedes_Sprinter_VW_Crafter_50_mm-Standard-0157e50beb7f1c9.jpg","contentUrl":"https:\/\/shop.bantam.ch\/wp-content\/uploads\/2023\/02\/9930327-Hoeherlegungssatz_Hinterachse_Mercedes_Sprinter_VW_Crafter_50_mm-Standard-0157e50beb7f1c9.jpg","width":1000,"height":648},{"@type":"BreadcrumbList","@id":"https:\/\/shop.bantam.ch\/fr\/produit\/set-de-rehausses-mercedes-sprinter-crafter-5-cm\/#breadcrumb","itemListElement":[{"@type":"ListItem","position":1,"name":"Accueil","item":"https:\/\/shop.bantam.ch\/fr\/"},{"@type":"ListItem","position":2,"name":"Boutique","item":"https:\/\/shop.bantam.ch\/fr\/boutique\/"},{"@type":"ListItem","position":3,"name":"Jeu de rehausses Goldschmitt pour essieu arri\u00e8re Mercedes Sprinter, VW Crafter \u00c9paisseur 5 cm"}]},{"@type":"WebSite","@id":"https:\/\/shop.bantam.ch\/fr\/#website","url":"https:\/\/shop.bantam.ch\/fr\/","name":"Bantam","description":"","publisher":{"@id":"https:\/\/shop.bantam.ch\/fr\/#organization"},"inLanguage":"fr-FR"},{"@type":"Organization","@id":"https:\/\/shop.bantam.ch\/fr\/#organization","name":"Bantam","url":"https:\/\/shop.bantam.ch\/fr\/","logo":{"@type":"ImageObject","inLanguage":"fr-FR","@id":"https:\/\/shop.bantam.ch\/fr\/#\/schema\/logo\/image\/","url":"https:\/\/shop.bantam.ch\/wp-content\/uploads\/2022\/12\/bantam-logo.png","contentUrl":"https:\/\/shop.bantam.ch\/wp-content\/uploads\/2022\/12\/bantam-logo.png","width":320,"height":71,"caption":"Bantam"},"image":{"@id":"https:\/\/shop.bantam.ch\/fr\/#\/schema\/logo\/image\/"}}]}},"_links":{"self":[{"href":"https:\/\/shop.bantam.ch\/fr\/wp-json\/wp\/v2\/product\/62411","targetHints":{"allow":["GET"]}}],"collection":[{"href":"https:\/\/shop.bantam.ch\/fr\/wp-json\/wp\/v2\/product"}],"about":[{"href":"https:\/\/shop.bantam.ch\/fr\/wp-json\/wp\/v2\/types\/product"}],"wp:featuredmedia":[{"embeddable":true,"href":"https:\/\/shop.bantam.ch\/fr\/wp-json\/wp\/v2\/media\/62409"}],"wp:attachment":[{"href":"https:\/\/shop.bantam.ch\/fr\/wp-json\/wp\/v2\/media?parent=62411"}],"wp:term":[{"taxonomy":"product_featured_cat","embeddable":true,"href":"https:\/\/shop.bantam.ch\/fr\/wp-json\/wp\/v2\/product_featured_cat?post=62411"},{"taxonomy":"product_brand","embeddable":true,"href":"https:\/\/shop.bantam.ch\/fr\/wp-json\/wp\/v2\/product_brand?post=62411"},{"taxonomy":"product_cat","embeddable":true,"href":"https:\/\/shop.bantam.ch\/fr\/wp-json\/wp\/v2\/product_cat?post=62411"},{"taxonomy":"product_tag","embeddable":true,"href":"https:\/\/shop.bantam.ch\/fr\/wp-json\/wp\/v2\/product_tag?post=62411"}],"curies":[{"name":"wp","href":"https:\/\/api.w.org\/{rel}","templated":true}]}}