{"id":62181,"date":"2023-02-27T18:22:46","date_gmt":"2023-02-27T17:22:46","guid":{"rendered":"http:\/\/shop.bantam.ch\/produit\/camera-perfectview-cam-45-nav\/"},"modified":"2026-04-18T21:47:54","modified_gmt":"2026-04-18T19:47:54","slug":"camera-perfectview-cam-45-nav","status":"publish","type":"product","link":"https:\/\/shop.bantam.ch\/fr\/produit\/camera-perfectview-cam-45-nav\/","title":{"rendered":"Cam\u00e9ra PerfectView CAM 45 NAV"},"content":{"rendered":"<p>Cam\u00e9ra de recul Dometic PerfectView CAM 45NAV Heavy-Duty, con\u00e7ue pour r\u00e9sister aux charges les plus \u00e9lev\u00e9es, \u00e0 la poussi\u00e8re et \u00e0 l&rsquo;eau jusqu&rsquo;\u00e0 IP 69K, ultra compacte et facile \u00e0 monter<\/p>\n<p>La CAM45 est une cam\u00e9ra couleur CMOS PAL avec un FOV de 85 \u00b0 H, 63 \u00b0 V et 108 \u00b0 D qui r\u00e9pond \u00e0 toutes les exigences m\u00e9caniques et environnementales d&rsquo;une cam\u00e9ra. La cam\u00e9ra est \u00e9quip\u00e9e de diodes infrarouges s\u00e9par\u00e9es pour une vision nocturne encore meilleure. Cela supprime les r\u00e9flexions. Le CAM55 convient pour une plage de tension d&rsquo;entr\u00e9e de 10 V \u00e0 32 V. Il peut donc \u00eatre connect\u00e9 directement \u00e0 une alimentation 24V sans transformateur de tension.<br \/>La cam\u00e9ra est \u00e9quip\u00e9e d&rsquo;un connecteur WAECO \u00e9tanche. Une conception sp\u00e9ciale du support permet une \u00e9tanch\u00e9it\u00e9 de l&rsquo;al\u00e9sage du c\u00e2ble sans produit d&rsquo;\u00e9tanch\u00e9it\u00e9 suppl\u00e9mentaire.<\/p>\n<ul>\n<li>Bo\u00eetier tr\u00e8s compact en aluminium avec support en acier inoxydable<\/li>\n<li>Classe de protection : IP 69K<\/li>\n<li>Plage de tension d&rsquo;entr\u00e9e : 10 &#8211; 32\u00a0V<\/li>\n<li>CAM 45NAV, y compris adaptateur pour la connexion aux syst\u00e8mes multim\u00e9dias d&rsquo;origine ou aux appareils de navigation<\/li>\n<li>Temp\u00e9rature de service de -30 \u00b0C \u00e0 +70 \u00b0C<\/li>\n<li>Tension de fonctionnement\u00a0: 10 V \/ 32 V<\/li>\n<li>Consommation d&rsquo;\u00e9nergie: max. 4,1 W<\/li>\n<li>LED \u00e0 infrarouge : oui<\/li>\n<li>Microphone : oui <\/li>\n<li>Poids\u00a0: 0,20 kg<\/li>\n<\/ul>\n<p>Contenu de la livraison :<br \/>Mode d&#8217;emploi, 20 m de c\u00e2ble, cam\u00e9ra, support de cam\u00e9ra, mat\u00e9riel de fixation.<\/p>\n","protected":false},"excerpt":{"rendered":"<p>Cam\u00e9ra de recul Dometic PerfectView CAM 45NAV Heavy-Duty, con\u00e7ue pour r\u00e9sister aux charges les plus \u00e9lev\u00e9es, \u00e0 la poussi\u00e8re et \u00e0 l&rsquo;eau jusqu&rsquo;\u00e0 IP 69K, ultra compacte et facile \u00e0 monter La CAM45 est une cam\u00e9ra couleur CMOS PAL avec un FOV de 85 \u00b0 H, 63 \u00b0 V et 108 \u00b0 D qui r\u00e9pond [&hellip;]<\/p>\n","protected":false},"featured_media":62177,"template":"","meta":{"_acf_changed":false},"product_featured_cat":[],"product_brand":[3028],"product_cat":[5001],"product_tag":[],"class_list":{"0":"post-62181","1":"product","2":"type-product","3":"status-publish","4":"has-post-thumbnail","6":"product_brand-dometic","7":"product_cat-cameras","9":"first","10":"instock","11":"taxable","12":"shipping-taxable","13":"purchasable","14":"product-type-variable"},"acf":[],"yoast_head":"<!-- This site is optimized with the Yoast SEO plugin v27.4 - https:\/\/yoast.com\/product\/yoast-seo-wordpress\/ -->\n<title>Cam\u00e9ra PerfectView CAM 45 NAV - Bantam Wankm\u00fcller SA<\/title>\n<meta name=\"robots\" content=\"index, follow, max-snippet:-1, max-image-preview:large, max-video-preview:-1\" \/>\n<link rel=\"canonical\" href=\"https:\/\/shop.bantam.ch\/fr\/produit\/camera-perfectview-cam-45-nav\/\" \/>\n<meta property=\"og:locale\" content=\"fr_FR\" \/>\n<meta property=\"og:type\" content=\"article\" \/>\n<meta property=\"og:title\" content=\"Cam\u00e9ra PerfectView CAM 45 NAV - Bantam Wankm\u00fcller SA\" \/>\n<meta property=\"og:description\" content=\"Cam\u00e9ra de recul Dometic PerfectView CAM 45NAV Heavy-Duty, con\u00e7ue pour r\u00e9sister aux charges les plus \u00e9lev\u00e9es, \u00e0 la poussi\u00e8re et \u00e0 l&rsquo;eau jusqu&rsquo;\u00e0 IP 69K, ultra compacte et facile \u00e0 monter La CAM45 est une cam\u00e9ra couleur CMOS PAL avec un FOV de 85 \u00b0 H, 63 \u00b0 V et 108 \u00b0 D qui r\u00e9pond [&hellip;]\" \/>\n<meta property=\"og:url\" content=\"https:\/\/shop.bantam.ch\/fr\/produit\/camera-perfectview-cam-45-nav\/\" \/>\n<meta property=\"og:site_name\" content=\"Bantam Wankm\u00fcller SA\" \/>\n<meta property=\"article:modified_time\" content=\"2026-04-18T19:47:54+00:00\" \/>\n<meta property=\"og:image\" content=\"https:\/\/shop.bantam.ch\/wp-content\/uploads\/2023\/02\/9940677-100-1-3.jpg\" \/>\n\t<meta property=\"og:image:width\" content=\"1000\" \/>\n\t<meta property=\"og:image:height\" content=\"1000\" \/>\n\t<meta property=\"og:image:type\" content=\"image\/jpeg\" \/>\n<meta name=\"twitter:card\" content=\"summary_large_image\" \/>\n<meta name=\"twitter:label1\" content=\"Dur\u00e9e de lecture estim\u00e9e\" \/>\n\t<meta name=\"twitter:data1\" content=\"1 minute\" \/>\n<script type=\"application\/ld+json\" class=\"yoast-schema-graph\">{\"@context\":\"https:\\\/\\\/schema.org\",\"@graph\":[{\"@type\":\"WebPage\",\"@id\":\"https:\\\/\\\/shop.bantam.ch\\\/fr\\\/produit\\\/camera-perfectview-cam-45-nav\\\/\",\"url\":\"https:\\\/\\\/shop.bantam.ch\\\/fr\\\/produit\\\/camera-perfectview-cam-45-nav\\\/\",\"name\":\"Cam\u00e9ra PerfectView CAM 45 NAV - Bantam Wankm\u00fcller SA\",\"isPartOf\":{\"@id\":\"https:\\\/\\\/shop.bantam.ch\\\/fr\\\/#website\"},\"primaryImageOfPage\":{\"@id\":\"https:\\\/\\\/shop.bantam.ch\\\/fr\\\/produit\\\/camera-perfectview-cam-45-nav\\\/#primaryimage\"},\"image\":{\"@id\":\"https:\\\/\\\/shop.bantam.ch\\\/fr\\\/produit\\\/camera-perfectview-cam-45-nav\\\/#primaryimage\"},\"thumbnailUrl\":\"https:\\\/\\\/shop.bantam.ch\\\/wp-content\\\/uploads\\\/2023\\\/02\\\/9940677-100-1-3.jpg\",\"datePublished\":\"2023-02-27T17:22:46+00:00\",\"dateModified\":\"2026-04-18T19:47:54+00:00\",\"breadcrumb\":{\"@id\":\"https:\\\/\\\/shop.bantam.ch\\\/fr\\\/produit\\\/camera-perfectview-cam-45-nav\\\/#breadcrumb\"},\"inLanguage\":\"fr-FR\",\"potentialAction\":[{\"@type\":\"ReadAction\",\"target\":[\"https:\\\/\\\/shop.bantam.ch\\\/fr\\\/produit\\\/camera-perfectview-cam-45-nav\\\/\"]}]},{\"@type\":\"ImageObject\",\"inLanguage\":\"fr-FR\",\"@id\":\"https:\\\/\\\/shop.bantam.ch\\\/fr\\\/produit\\\/camera-perfectview-cam-45-nav\\\/#primaryimage\",\"url\":\"https:\\\/\\\/shop.bantam.ch\\\/wp-content\\\/uploads\\\/2023\\\/02\\\/9940677-100-1-3.jpg\",\"contentUrl\":\"https:\\\/\\\/shop.bantam.ch\\\/wp-content\\\/uploads\\\/2023\\\/02\\\/9940677-100-1-3.jpg\",\"width\":1000,\"height\":1000},{\"@type\":\"BreadcrumbList\",\"@id\":\"https:\\\/\\\/shop.bantam.ch\\\/fr\\\/produit\\\/camera-perfectview-cam-45-nav\\\/#breadcrumb\",\"itemListElement\":[{\"@type\":\"ListItem\",\"position\":1,\"name\":\"Accueil\",\"item\":\"https:\\\/\\\/shop.bantam.ch\\\/fr\\\/\"},{\"@type\":\"ListItem\",\"position\":2,\"name\":\"Boutique\",\"item\":\"https:\\\/\\\/shop.bantam.ch\\\/fr\\\/boutique\\\/\"},{\"@type\":\"ListItem\",\"position\":3,\"name\":\"Cam\u00e9ra PerfectView CAM 45 NAV\"}]},{\"@type\":\"WebSite\",\"@id\":\"https:\\\/\\\/shop.bantam.ch\\\/fr\\\/#website\",\"url\":\"https:\\\/\\\/shop.bantam.ch\\\/fr\\\/\",\"name\":\"Bantam Wankm\u00fcller SA\",\"description\":\"\",\"publisher\":{\"@id\":\"https:\\\/\\\/shop.bantam.ch\\\/fr\\\/#organization\"},\"inLanguage\":\"fr-FR\"},{\"@type\":\"Organization\",\"@id\":\"https:\\\/\\\/shop.bantam.ch\\\/fr\\\/#organization\",\"name\":\"Bantam Wankm\u00fcller SA\",\"url\":\"https:\\\/\\\/shop.bantam.ch\\\/fr\\\/\",\"logo\":{\"@type\":\"ImageObject\",\"inLanguage\":\"fr-FR\",\"@id\":\"https:\\\/\\\/shop.bantam.ch\\\/fr\\\/#\\\/schema\\\/logo\\\/image\\\/\",\"url\":\"https:\\\/\\\/shop.bantam.ch\\\/wp-content\\\/uploads\\\/2022\\\/12\\\/bantam-logo.png\",\"contentUrl\":\"https:\\\/\\\/shop.bantam.ch\\\/wp-content\\\/uploads\\\/2022\\\/12\\\/bantam-logo.png\",\"width\":320,\"height\":71,\"caption\":\"Bantam Wankm\u00fcller SA\"},\"image\":{\"@id\":\"https:\\\/\\\/shop.bantam.ch\\\/fr\\\/#\\\/schema\\\/logo\\\/image\\\/\"}}]}<\/script>\n<!-- \/ Yoast SEO plugin. -->","yoast_head_json":{"title":"Cam\u00e9ra PerfectView CAM 45 NAV - Bantam Wankm\u00fcller SA","robots":{"index":"index","follow":"follow","max-snippet":"max-snippet:-1","max-image-preview":"max-image-preview:large","max-video-preview":"max-video-preview:-1"},"canonical":"https:\/\/shop.bantam.ch\/fr\/produit\/camera-perfectview-cam-45-nav\/","og_locale":"fr_FR","og_type":"article","og_title":"Cam\u00e9ra PerfectView CAM 45 NAV - Bantam Wankm\u00fcller SA","og_description":"Cam\u00e9ra de recul Dometic PerfectView CAM 45NAV Heavy-Duty, con\u00e7ue pour r\u00e9sister aux charges les plus \u00e9lev\u00e9es, \u00e0 la poussi\u00e8re et \u00e0 l&rsquo;eau jusqu&rsquo;\u00e0 IP 69K, ultra compacte et facile \u00e0 monter La CAM45 est une cam\u00e9ra couleur CMOS PAL avec un FOV de 85 \u00b0 H, 63 \u00b0 V et 108 \u00b0 D qui r\u00e9pond [&hellip;]","og_url":"https:\/\/shop.bantam.ch\/fr\/produit\/camera-perfectview-cam-45-nav\/","og_site_name":"Bantam Wankm\u00fcller SA","article_modified_time":"2026-04-18T19:47:54+00:00","og_image":[{"width":1000,"height":1000,"url":"https:\/\/shop.bantam.ch\/wp-content\/uploads\/2023\/02\/9940677-100-1-3.jpg","type":"image\/jpeg"}],"twitter_card":"summary_large_image","twitter_misc":{"Dur\u00e9e de lecture estim\u00e9e":"1 minute"},"schema":{"@context":"https:\/\/schema.org","@graph":[{"@type":"WebPage","@id":"https:\/\/shop.bantam.ch\/fr\/produit\/camera-perfectview-cam-45-nav\/","url":"https:\/\/shop.bantam.ch\/fr\/produit\/camera-perfectview-cam-45-nav\/","name":"Cam\u00e9ra PerfectView CAM 45 NAV - Bantam Wankm\u00fcller SA","isPartOf":{"@id":"https:\/\/shop.bantam.ch\/fr\/#website"},"primaryImageOfPage":{"@id":"https:\/\/shop.bantam.ch\/fr\/produit\/camera-perfectview-cam-45-nav\/#primaryimage"},"image":{"@id":"https:\/\/shop.bantam.ch\/fr\/produit\/camera-perfectview-cam-45-nav\/#primaryimage"},"thumbnailUrl":"https:\/\/shop.bantam.ch\/wp-content\/uploads\/2023\/02\/9940677-100-1-3.jpg","datePublished":"2023-02-27T17:22:46+00:00","dateModified":"2026-04-18T19:47:54+00:00","breadcrumb":{"@id":"https:\/\/shop.bantam.ch\/fr\/produit\/camera-perfectview-cam-45-nav\/#breadcrumb"},"inLanguage":"fr-FR","potentialAction":[{"@type":"ReadAction","target":["https:\/\/shop.bantam.ch\/fr\/produit\/camera-perfectview-cam-45-nav\/"]}]},{"@type":"ImageObject","inLanguage":"fr-FR","@id":"https:\/\/shop.bantam.ch\/fr\/produit\/camera-perfectview-cam-45-nav\/#primaryimage","url":"https:\/\/shop.bantam.ch\/wp-content\/uploads\/2023\/02\/9940677-100-1-3.jpg","contentUrl":"https:\/\/shop.bantam.ch\/wp-content\/uploads\/2023\/02\/9940677-100-1-3.jpg","width":1000,"height":1000},{"@type":"BreadcrumbList","@id":"https:\/\/shop.bantam.ch\/fr\/produit\/camera-perfectview-cam-45-nav\/#breadcrumb","itemListElement":[{"@type":"ListItem","position":1,"name":"Accueil","item":"https:\/\/shop.bantam.ch\/fr\/"},{"@type":"ListItem","position":2,"name":"Boutique","item":"https:\/\/shop.bantam.ch\/fr\/boutique\/"},{"@type":"ListItem","position":3,"name":"Cam\u00e9ra PerfectView CAM 45 NAV"}]},{"@type":"WebSite","@id":"https:\/\/shop.bantam.ch\/fr\/#website","url":"https:\/\/shop.bantam.ch\/fr\/","name":"Bantam Wankm\u00fcller SA","description":"","publisher":{"@id":"https:\/\/shop.bantam.ch\/fr\/#organization"},"inLanguage":"fr-FR"},{"@type":"Organization","@id":"https:\/\/shop.bantam.ch\/fr\/#organization","name":"Bantam Wankm\u00fcller SA","url":"https:\/\/shop.bantam.ch\/fr\/","logo":{"@type":"ImageObject","inLanguage":"fr-FR","@id":"https:\/\/shop.bantam.ch\/fr\/#\/schema\/logo\/image\/","url":"https:\/\/shop.bantam.ch\/wp-content\/uploads\/2022\/12\/bantam-logo.png","contentUrl":"https:\/\/shop.bantam.ch\/wp-content\/uploads\/2022\/12\/bantam-logo.png","width":320,"height":71,"caption":"Bantam Wankm\u00fcller SA"},"image":{"@id":"https:\/\/shop.bantam.ch\/fr\/#\/schema\/logo\/image\/"}}]}},"_links":{"self":[{"href":"https:\/\/shop.bantam.ch\/fr\/wp-json\/wp\/v2\/product\/62181","targetHints":{"allow":["GET"]}}],"collection":[{"href":"https:\/\/shop.bantam.ch\/fr\/wp-json\/wp\/v2\/product"}],"about":[{"href":"https:\/\/shop.bantam.ch\/fr\/wp-json\/wp\/v2\/types\/product"}],"wp:featuredmedia":[{"embeddable":true,"href":"https:\/\/shop.bantam.ch\/fr\/wp-json\/wp\/v2\/media\/62177"}],"wp:attachment":[{"href":"https:\/\/shop.bantam.ch\/fr\/wp-json\/wp\/v2\/media?parent=62181"}],"wp:term":[{"taxonomy":"product_featured_cat","embeddable":true,"href":"https:\/\/shop.bantam.ch\/fr\/wp-json\/wp\/v2\/product_featured_cat?post=62181"},{"taxonomy":"product_brand","embeddable":true,"href":"https:\/\/shop.bantam.ch\/fr\/wp-json\/wp\/v2\/product_brand?post=62181"},{"taxonomy":"product_cat","embeddable":true,"href":"https:\/\/shop.bantam.ch\/fr\/wp-json\/wp\/v2\/product_cat?post=62181"},{"taxonomy":"product_tag","embeddable":true,"href":"https:\/\/shop.bantam.ch\/fr\/wp-json\/wp\/v2\/product_tag?post=62181"}],"curies":[{"name":"wp","href":"https:\/\/api.w.org\/{rel}","templated":true}]}}