{"id":61855,"date":"2023-02-27T18:16:16","date_gmt":"2023-02-27T17:16:16","guid":{"rendered":"http:\/\/shop.bantam.ch\/produit\/systeme-daide-a-la-manoeuvre-mover-xt-4-pour-caravanes-a-double-essieu-4-moteurs\/"},"modified":"2026-04-17T21:07:07","modified_gmt":"2026-04-17T19:07:07","slug":"systeme-daide-a-la-manoeuvre-mover-xt-4-pour-caravanes-a-double-essieu-4-moteurs","status":"publish","type":"product","link":"https:\/\/shop.bantam.ch\/fr\/produit\/systeme-daide-a-la-manoeuvre-mover-xt-4-pour-caravanes-a-double-essieu-4-moteurs\/","title":{"rendered":"Mover XT4, REMB 5"},"content":{"rendered":"<p>Man\u0153uvre sans \u00e0-coups et en s\u00e9curit\u00e9 dans les coins<\/p>\n<p>Sup\u00e9riorit\u00e9 extr\u00eame : Gr\u00e2ce au Mover XT4, les caravanes peuvent \u00eatre man\u0153uvr\u00e9es avec confiance, s\u00e9curit\u00e9 et pr\u00e9cision, y compris dans les recoins et les virages. Le stationnement se fait sans effort, m\u00eame sur les emplacements tr\u00e8s \u00e9troits.<\/p>\n<ul>\n<li>Pour caravanes \u00e0 double essieu, 4 moteurs<\/li>\n<li>Avec 60 kg, incontestablement le syst\u00e8me de man\u0153uvre le plus l\u00e9ger de sa cat\u00e9gorie<\/li>\n<li>Capacit\u00e9 ascensionnelle de 10\u00a0% jusqu\u2019\u00e0 3100\u00a0kg<\/li>\n<li>Nombre max. \u00e9lectrique max. : 140 A<\/li>\n<li>Consommation \u00e9lectrique max.\u00a0: 150 A, (terrain plat) \u00e0\u00b8 37 A (3100 kg)<\/li>\n<li>Pr\u00e9cision extr\u00eame et stabilit\u00e9 directionnelle \u00e0 100 % : m\u00eame sur des surfaces irr\u00e9guli\u00e8res et en pr\u00e9sence d\u2019obstacles<\/li>\n<li>Fiabilit\u00e9 et s\u00e9curit\u00e9 maximales gr\u00e2ce \u00e0 la qualit\u00e9 \u00ab Made in Germany \u00bb<\/li>\n<\/ul>\n","protected":false},"excerpt":{"rendered":"<p>Man\u0153uvre sans \u00e0-coups et en s\u00e9curit\u00e9 dans les coins Sup\u00e9riorit\u00e9 extr\u00eame : Gr\u00e2ce au Mover XT4, les caravanes peuvent \u00eatre man\u0153uvr\u00e9es avec confiance, s\u00e9curit\u00e9 et pr\u00e9cision, y compris dans les recoins et les virages. Le stationnement se fait sans effort, m\u00eame sur les emplacements tr\u00e8s \u00e9troits. Pour caravanes \u00e0 double essieu, 4 moteurs Avec 60 [&hellip;]<\/p>\n","protected":false},"featured_media":61849,"template":"","meta":{"_acf_changed":false},"product_featured_cat":[],"product_brand":[3026],"product_cat":[4821],"product_tag":[],"class_list":{"0":"post-61855","1":"product","2":"type-product","3":"status-publish","4":"has-post-thumbnail","6":"product_brand-truma","7":"product_cat-aide-a-la-manoeuvre","9":"first","10":"instock","11":"taxable","12":"shipping-taxable","13":"purchasable","14":"product-type-simple"},"acf":[],"yoast_head":"<!-- This site is optimized with the Yoast SEO plugin v27.4 - https:\/\/yoast.com\/product\/yoast-seo-wordpress\/ -->\n<title>Mover XT4, REMB 5 - Bantam Wankm\u00fcller SA<\/title>\n<meta name=\"robots\" content=\"index, follow, max-snippet:-1, max-image-preview:large, max-video-preview:-1\" \/>\n<link rel=\"canonical\" href=\"https:\/\/shop.bantam.ch\/fr\/produit\/systeme-daide-a-la-manoeuvre-mover-xt-4-pour-caravanes-a-double-essieu-4-moteurs\/\" \/>\n<meta property=\"og:locale\" content=\"fr_FR\" \/>\n<meta property=\"og:type\" content=\"article\" \/>\n<meta property=\"og:title\" content=\"Mover XT4, REMB 5 - Bantam Wankm\u00fcller SA\" \/>\n<meta property=\"og:description\" content=\"Man\u0153uvre sans \u00e0-coups et en s\u00e9curit\u00e9 dans les coins Sup\u00e9riorit\u00e9 extr\u00eame : Gr\u00e2ce au Mover XT4, les caravanes peuvent \u00eatre man\u0153uvr\u00e9es avec confiance, s\u00e9curit\u00e9 et pr\u00e9cision, y compris dans les recoins et les virages. Le stationnement se fait sans effort, m\u00eame sur les emplacements tr\u00e8s \u00e9troits. Pour caravanes \u00e0 double essieu, 4 moteurs Avec 60 [&hellip;]\" \/>\n<meta property=\"og:url\" content=\"https:\/\/shop.bantam.ch\/fr\/produit\/systeme-daide-a-la-manoeuvre-mover-xt-4-pour-caravanes-a-double-essieu-4-moteurs\/\" \/>\n<meta property=\"og:site_name\" content=\"Bantam Wankm\u00fcller SA\" \/>\n<meta property=\"article:modified_time\" content=\"2026-04-17T19:07:07+00:00\" \/>\n<meta property=\"og:image\" content=\"https:\/\/shop.bantam.ch\/wp-content\/uploads\/2023\/02\/9985236-Truma_Mover_XT4_Achtung_2_Teilig_-Standard-01.jpg\" \/>\n\t<meta property=\"og:image:width\" content=\"1000\" \/>\n\t<meta property=\"og:image:height\" content=\"999\" \/>\n\t<meta property=\"og:image:type\" content=\"image\/jpeg\" \/>\n<meta name=\"twitter:card\" content=\"summary_large_image\" \/>\n<meta name=\"twitter:label1\" content=\"Dur\u00e9e de lecture estim\u00e9e\" \/>\n\t<meta name=\"twitter:data1\" content=\"1 minute\" \/>\n<script type=\"application\/ld+json\" class=\"yoast-schema-graph\">{\"@context\":\"https:\\\/\\\/schema.org\",\"@graph\":[{\"@type\":\"WebPage\",\"@id\":\"https:\\\/\\\/shop.bantam.ch\\\/fr\\\/produit\\\/systeme-daide-a-la-manoeuvre-mover-xt-4-pour-caravanes-a-double-essieu-4-moteurs\\\/\",\"url\":\"https:\\\/\\\/shop.bantam.ch\\\/fr\\\/produit\\\/systeme-daide-a-la-manoeuvre-mover-xt-4-pour-caravanes-a-double-essieu-4-moteurs\\\/\",\"name\":\"Mover XT4, REMB 5 - Bantam Wankm\u00fcller SA\",\"isPartOf\":{\"@id\":\"https:\\\/\\\/shop.bantam.ch\\\/fr\\\/#website\"},\"primaryImageOfPage\":{\"@id\":\"https:\\\/\\\/shop.bantam.ch\\\/fr\\\/produit\\\/systeme-daide-a-la-manoeuvre-mover-xt-4-pour-caravanes-a-double-essieu-4-moteurs\\\/#primaryimage\"},\"image\":{\"@id\":\"https:\\\/\\\/shop.bantam.ch\\\/fr\\\/produit\\\/systeme-daide-a-la-manoeuvre-mover-xt-4-pour-caravanes-a-double-essieu-4-moteurs\\\/#primaryimage\"},\"thumbnailUrl\":\"https:\\\/\\\/shop.bantam.ch\\\/wp-content\\\/uploads\\\/2023\\\/02\\\/9985236-Truma_Mover_XT4_Achtung_2_Teilig_-Standard-01.jpg\",\"datePublished\":\"2023-02-27T17:16:16+00:00\",\"dateModified\":\"2026-04-17T19:07:07+00:00\",\"breadcrumb\":{\"@id\":\"https:\\\/\\\/shop.bantam.ch\\\/fr\\\/produit\\\/systeme-daide-a-la-manoeuvre-mover-xt-4-pour-caravanes-a-double-essieu-4-moteurs\\\/#breadcrumb\"},\"inLanguage\":\"fr-FR\",\"potentialAction\":[{\"@type\":\"ReadAction\",\"target\":[\"https:\\\/\\\/shop.bantam.ch\\\/fr\\\/produit\\\/systeme-daide-a-la-manoeuvre-mover-xt-4-pour-caravanes-a-double-essieu-4-moteurs\\\/\"]}]},{\"@type\":\"ImageObject\",\"inLanguage\":\"fr-FR\",\"@id\":\"https:\\\/\\\/shop.bantam.ch\\\/fr\\\/produit\\\/systeme-daide-a-la-manoeuvre-mover-xt-4-pour-caravanes-a-double-essieu-4-moteurs\\\/#primaryimage\",\"url\":\"https:\\\/\\\/shop.bantam.ch\\\/wp-content\\\/uploads\\\/2023\\\/02\\\/9985236-Truma_Mover_XT4_Achtung_2_Teilig_-Standard-01.jpg\",\"contentUrl\":\"https:\\\/\\\/shop.bantam.ch\\\/wp-content\\\/uploads\\\/2023\\\/02\\\/9985236-Truma_Mover_XT4_Achtung_2_Teilig_-Standard-01.jpg\",\"width\":1000,\"height\":999},{\"@type\":\"BreadcrumbList\",\"@id\":\"https:\\\/\\\/shop.bantam.ch\\\/fr\\\/produit\\\/systeme-daide-a-la-manoeuvre-mover-xt-4-pour-caravanes-a-double-essieu-4-moteurs\\\/#breadcrumb\",\"itemListElement\":[{\"@type\":\"ListItem\",\"position\":1,\"name\":\"Accueil\",\"item\":\"https:\\\/\\\/shop.bantam.ch\\\/fr\\\/\"},{\"@type\":\"ListItem\",\"position\":2,\"name\":\"Boutique\",\"item\":\"https:\\\/\\\/shop.bantam.ch\\\/fr\\\/boutique\\\/\"},{\"@type\":\"ListItem\",\"position\":3,\"name\":\"Mover XT4, REMB 5\"}]},{\"@type\":\"WebSite\",\"@id\":\"https:\\\/\\\/shop.bantam.ch\\\/fr\\\/#website\",\"url\":\"https:\\\/\\\/shop.bantam.ch\\\/fr\\\/\",\"name\":\"Bantam Wankm\u00fcller SA\",\"description\":\"\",\"publisher\":{\"@id\":\"https:\\\/\\\/shop.bantam.ch\\\/fr\\\/#organization\"},\"inLanguage\":\"fr-FR\"},{\"@type\":\"Organization\",\"@id\":\"https:\\\/\\\/shop.bantam.ch\\\/fr\\\/#organization\",\"name\":\"Bantam Wankm\u00fcller SA\",\"url\":\"https:\\\/\\\/shop.bantam.ch\\\/fr\\\/\",\"logo\":{\"@type\":\"ImageObject\",\"inLanguage\":\"fr-FR\",\"@id\":\"https:\\\/\\\/shop.bantam.ch\\\/fr\\\/#\\\/schema\\\/logo\\\/image\\\/\",\"url\":\"https:\\\/\\\/shop.bantam.ch\\\/wp-content\\\/uploads\\\/2022\\\/12\\\/bantam-logo.png\",\"contentUrl\":\"https:\\\/\\\/shop.bantam.ch\\\/wp-content\\\/uploads\\\/2022\\\/12\\\/bantam-logo.png\",\"width\":320,\"height\":71,\"caption\":\"Bantam Wankm\u00fcller SA\"},\"image\":{\"@id\":\"https:\\\/\\\/shop.bantam.ch\\\/fr\\\/#\\\/schema\\\/logo\\\/image\\\/\"}}]}<\/script>\n<!-- \/ Yoast SEO plugin. -->","yoast_head_json":{"title":"Mover XT4, REMB 5 - Bantam Wankm\u00fcller SA","robots":{"index":"index","follow":"follow","max-snippet":"max-snippet:-1","max-image-preview":"max-image-preview:large","max-video-preview":"max-video-preview:-1"},"canonical":"https:\/\/shop.bantam.ch\/fr\/produit\/systeme-daide-a-la-manoeuvre-mover-xt-4-pour-caravanes-a-double-essieu-4-moteurs\/","og_locale":"fr_FR","og_type":"article","og_title":"Mover XT4, REMB 5 - Bantam Wankm\u00fcller SA","og_description":"Man\u0153uvre sans \u00e0-coups et en s\u00e9curit\u00e9 dans les coins Sup\u00e9riorit\u00e9 extr\u00eame : Gr\u00e2ce au Mover XT4, les caravanes peuvent \u00eatre man\u0153uvr\u00e9es avec confiance, s\u00e9curit\u00e9 et pr\u00e9cision, y compris dans les recoins et les virages. Le stationnement se fait sans effort, m\u00eame sur les emplacements tr\u00e8s \u00e9troits. Pour caravanes \u00e0 double essieu, 4 moteurs Avec 60 [&hellip;]","og_url":"https:\/\/shop.bantam.ch\/fr\/produit\/systeme-daide-a-la-manoeuvre-mover-xt-4-pour-caravanes-a-double-essieu-4-moteurs\/","og_site_name":"Bantam Wankm\u00fcller SA","article_modified_time":"2026-04-17T19:07:07+00:00","og_image":[{"width":1000,"height":999,"url":"https:\/\/shop.bantam.ch\/wp-content\/uploads\/2023\/02\/9985236-Truma_Mover_XT4_Achtung_2_Teilig_-Standard-01.jpg","type":"image\/jpeg"}],"twitter_card":"summary_large_image","twitter_misc":{"Dur\u00e9e de lecture estim\u00e9e":"1 minute"},"schema":{"@context":"https:\/\/schema.org","@graph":[{"@type":"WebPage","@id":"https:\/\/shop.bantam.ch\/fr\/produit\/systeme-daide-a-la-manoeuvre-mover-xt-4-pour-caravanes-a-double-essieu-4-moteurs\/","url":"https:\/\/shop.bantam.ch\/fr\/produit\/systeme-daide-a-la-manoeuvre-mover-xt-4-pour-caravanes-a-double-essieu-4-moteurs\/","name":"Mover XT4, REMB 5 - Bantam Wankm\u00fcller SA","isPartOf":{"@id":"https:\/\/shop.bantam.ch\/fr\/#website"},"primaryImageOfPage":{"@id":"https:\/\/shop.bantam.ch\/fr\/produit\/systeme-daide-a-la-manoeuvre-mover-xt-4-pour-caravanes-a-double-essieu-4-moteurs\/#primaryimage"},"image":{"@id":"https:\/\/shop.bantam.ch\/fr\/produit\/systeme-daide-a-la-manoeuvre-mover-xt-4-pour-caravanes-a-double-essieu-4-moteurs\/#primaryimage"},"thumbnailUrl":"https:\/\/shop.bantam.ch\/wp-content\/uploads\/2023\/02\/9985236-Truma_Mover_XT4_Achtung_2_Teilig_-Standard-01.jpg","datePublished":"2023-02-27T17:16:16+00:00","dateModified":"2026-04-17T19:07:07+00:00","breadcrumb":{"@id":"https:\/\/shop.bantam.ch\/fr\/produit\/systeme-daide-a-la-manoeuvre-mover-xt-4-pour-caravanes-a-double-essieu-4-moteurs\/#breadcrumb"},"inLanguage":"fr-FR","potentialAction":[{"@type":"ReadAction","target":["https:\/\/shop.bantam.ch\/fr\/produit\/systeme-daide-a-la-manoeuvre-mover-xt-4-pour-caravanes-a-double-essieu-4-moteurs\/"]}]},{"@type":"ImageObject","inLanguage":"fr-FR","@id":"https:\/\/shop.bantam.ch\/fr\/produit\/systeme-daide-a-la-manoeuvre-mover-xt-4-pour-caravanes-a-double-essieu-4-moteurs\/#primaryimage","url":"https:\/\/shop.bantam.ch\/wp-content\/uploads\/2023\/02\/9985236-Truma_Mover_XT4_Achtung_2_Teilig_-Standard-01.jpg","contentUrl":"https:\/\/shop.bantam.ch\/wp-content\/uploads\/2023\/02\/9985236-Truma_Mover_XT4_Achtung_2_Teilig_-Standard-01.jpg","width":1000,"height":999},{"@type":"BreadcrumbList","@id":"https:\/\/shop.bantam.ch\/fr\/produit\/systeme-daide-a-la-manoeuvre-mover-xt-4-pour-caravanes-a-double-essieu-4-moteurs\/#breadcrumb","itemListElement":[{"@type":"ListItem","position":1,"name":"Accueil","item":"https:\/\/shop.bantam.ch\/fr\/"},{"@type":"ListItem","position":2,"name":"Boutique","item":"https:\/\/shop.bantam.ch\/fr\/boutique\/"},{"@type":"ListItem","position":3,"name":"Mover XT4, REMB 5"}]},{"@type":"WebSite","@id":"https:\/\/shop.bantam.ch\/fr\/#website","url":"https:\/\/shop.bantam.ch\/fr\/","name":"Bantam Wankm\u00fcller SA","description":"","publisher":{"@id":"https:\/\/shop.bantam.ch\/fr\/#organization"},"inLanguage":"fr-FR"},{"@type":"Organization","@id":"https:\/\/shop.bantam.ch\/fr\/#organization","name":"Bantam Wankm\u00fcller SA","url":"https:\/\/shop.bantam.ch\/fr\/","logo":{"@type":"ImageObject","inLanguage":"fr-FR","@id":"https:\/\/shop.bantam.ch\/fr\/#\/schema\/logo\/image\/","url":"https:\/\/shop.bantam.ch\/wp-content\/uploads\/2022\/12\/bantam-logo.png","contentUrl":"https:\/\/shop.bantam.ch\/wp-content\/uploads\/2022\/12\/bantam-logo.png","width":320,"height":71,"caption":"Bantam Wankm\u00fcller SA"},"image":{"@id":"https:\/\/shop.bantam.ch\/fr\/#\/schema\/logo\/image\/"}}]}},"_links":{"self":[{"href":"https:\/\/shop.bantam.ch\/fr\/wp-json\/wp\/v2\/product\/61855","targetHints":{"allow":["GET"]}}],"collection":[{"href":"https:\/\/shop.bantam.ch\/fr\/wp-json\/wp\/v2\/product"}],"about":[{"href":"https:\/\/shop.bantam.ch\/fr\/wp-json\/wp\/v2\/types\/product"}],"wp:featuredmedia":[{"embeddable":true,"href":"https:\/\/shop.bantam.ch\/fr\/wp-json\/wp\/v2\/media\/61849"}],"wp:attachment":[{"href":"https:\/\/shop.bantam.ch\/fr\/wp-json\/wp\/v2\/media?parent=61855"}],"wp:term":[{"taxonomy":"product_featured_cat","embeddable":true,"href":"https:\/\/shop.bantam.ch\/fr\/wp-json\/wp\/v2\/product_featured_cat?post=61855"},{"taxonomy":"product_brand","embeddable":true,"href":"https:\/\/shop.bantam.ch\/fr\/wp-json\/wp\/v2\/product_brand?post=61855"},{"taxonomy":"product_cat","embeddable":true,"href":"https:\/\/shop.bantam.ch\/fr\/wp-json\/wp\/v2\/product_cat?post=61855"},{"taxonomy":"product_tag","embeddable":true,"href":"https:\/\/shop.bantam.ch\/fr\/wp-json\/wp\/v2\/product_tag?post=61855"}],"curies":[{"name":"wp","href":"https:\/\/api.w.org\/{rel}","templated":true}]}}