{"id":61745,"date":"2023-02-27T18:13:56","date_gmt":"2023-02-27T17:13:56","guid":{"rendered":"http:\/\/shop.bantam.ch\/produit\/poele-a-frire-keravis-click-cook-aluminium\/"},"modified":"2026-04-17T21:45:52","modified_gmt":"2026-04-17T19:45:52","slug":"poele-a-frire-keravis-click-cook-aluminium","status":"publish","type":"product","link":"https:\/\/shop.bantam.ch\/fr\/produit\/poele-a-frire-keravis-click-cook-aluminium\/","title":{"rendered":"Po\u00eale \u00e0 frire Keravis Click &amp; Cook, Aluminium"},"content":{"rendered":"<p>Une solution r\u00e9volutionnaire qui permet de gagner de l&rsquo;espace dans la cuisine. Poign\u00e9es pliantes, batterie de cuisine empilable. La gamme de produits Click &amp; Cook de Ballarini est multiusage et peu encombrante. Les poign\u00e9es peuvent \u00eatre pli\u00e9es et d\u00e9pli\u00e9es d&rsquo;un simple mouvement. Vous avez ainsi toujours de la place dans les placards de la cuisine, le r\u00e9frig\u00e9rateur ou le lave-vaisselle. Convient aux cuisini\u00e8res \u00e0 gaz, c\u00e9ramiques, \u00e9lectriques et \u00e0 induction.<\/p>\n","protected":false},"excerpt":{"rendered":"<p>Une solution r\u00e9volutionnaire qui permet de gagner de l&rsquo;espace dans la cuisine. Poign\u00e9es pliantes, batterie de cuisine empilable. La gamme de produits Click &amp; Cook de Ballarini est multiusage et peu encombrante. Les poign\u00e9es peuvent \u00eatre pli\u00e9es et d\u00e9pli\u00e9es d&rsquo;un simple mouvement. Vous avez ainsi toujours de la place dans les placards de la cuisine, [&hellip;]<\/p>\n","protected":false},"featured_media":61739,"template":"","meta":{"_acf_changed":false},"product_featured_cat":[],"product_brand":[3278],"product_cat":[4265],"product_tag":[],"class_list":{"0":"post-61745","1":"product","2":"type-product","3":"status-publish","4":"has-post-thumbnail","6":"product_brand-ballarini","7":"product_cat-casseroles-poeles-et-sets","9":"first","10":"instock","11":"taxable","12":"shipping-taxable","13":"purchasable","14":"product-type-variable"},"acf":[],"yoast_head":"<!-- This site is optimized with the Yoast SEO plugin v27.4 - https:\/\/yoast.com\/product\/yoast-seo-wordpress\/ -->\n<title>Po\u00eale \u00e0 frire Keravis Click &amp; Cook, Aluminium - Bantam Wankm\u00fcller SA<\/title>\n<meta name=\"robots\" content=\"index, follow, max-snippet:-1, max-image-preview:large, max-video-preview:-1\" \/>\n<link rel=\"canonical\" href=\"https:\/\/shop.bantam.ch\/fr\/produit\/poele-a-frire-keravis-click-cook-aluminium\/\" \/>\n<meta property=\"og:locale\" content=\"fr_FR\" \/>\n<meta property=\"og:type\" content=\"article\" \/>\n<meta property=\"og:title\" content=\"Po\u00eale \u00e0 frire Keravis Click &amp; Cook, Aluminium - Bantam Wankm\u00fcller SA\" \/>\n<meta property=\"og:description\" content=\"Une solution r\u00e9volutionnaire qui permet de gagner de l&rsquo;espace dans la cuisine. Poign\u00e9es pliantes, batterie de cuisine empilable. La gamme de produits Click &amp; Cook de Ballarini est multiusage et peu encombrante. Les poign\u00e9es peuvent \u00eatre pli\u00e9es et d\u00e9pli\u00e9es d&rsquo;un simple mouvement. Vous avez ainsi toujours de la place dans les placards de la cuisine, [&hellip;]\" \/>\n<meta property=\"og:url\" content=\"https:\/\/shop.bantam.ch\/fr\/produit\/poele-a-frire-keravis-click-cook-aluminium\/\" \/>\n<meta property=\"og:site_name\" content=\"Bantam Wankm\u00fcller SA\" \/>\n<meta property=\"article:modified_time\" content=\"2026-04-17T19:45:52+00:00\" \/>\n<meta property=\"og:image\" content=\"https:\/\/shop.bantam.ch\/wp-content\/uploads\/2023\/02\/9931412-100-1-3.jpg\" \/>\n\t<meta property=\"og:image:width\" content=\"893\" \/>\n\t<meta property=\"og:image:height\" content=\"440\" \/>\n\t<meta property=\"og:image:type\" content=\"image\/jpeg\" \/>\n<meta name=\"twitter:card\" content=\"summary_large_image\" \/>\n<script type=\"application\/ld+json\" class=\"yoast-schema-graph\">{\"@context\":\"https:\\\/\\\/schema.org\",\"@graph\":[{\"@type\":\"WebPage\",\"@id\":\"https:\\\/\\\/shop.bantam.ch\\\/fr\\\/produit\\\/poele-a-frire-keravis-click-cook-aluminium\\\/\",\"url\":\"https:\\\/\\\/shop.bantam.ch\\\/fr\\\/produit\\\/poele-a-frire-keravis-click-cook-aluminium\\\/\",\"name\":\"Po\u00eale \u00e0 frire Keravis Click &amp; Cook, Aluminium - Bantam Wankm\u00fcller SA\",\"isPartOf\":{\"@id\":\"https:\\\/\\\/shop.bantam.ch\\\/fr\\\/#website\"},\"primaryImageOfPage\":{\"@id\":\"https:\\\/\\\/shop.bantam.ch\\\/fr\\\/produit\\\/poele-a-frire-keravis-click-cook-aluminium\\\/#primaryimage\"},\"image\":{\"@id\":\"https:\\\/\\\/shop.bantam.ch\\\/fr\\\/produit\\\/poele-a-frire-keravis-click-cook-aluminium\\\/#primaryimage\"},\"thumbnailUrl\":\"https:\\\/\\\/shop.bantam.ch\\\/wp-content\\\/uploads\\\/2023\\\/02\\\/9931412-100-1-3.jpg\",\"datePublished\":\"2023-02-27T17:13:56+00:00\",\"dateModified\":\"2026-04-17T19:45:52+00:00\",\"breadcrumb\":{\"@id\":\"https:\\\/\\\/shop.bantam.ch\\\/fr\\\/produit\\\/poele-a-frire-keravis-click-cook-aluminium\\\/#breadcrumb\"},\"inLanguage\":\"fr-FR\",\"potentialAction\":[{\"@type\":\"ReadAction\",\"target\":[\"https:\\\/\\\/shop.bantam.ch\\\/fr\\\/produit\\\/poele-a-frire-keravis-click-cook-aluminium\\\/\"]}]},{\"@type\":\"ImageObject\",\"inLanguage\":\"fr-FR\",\"@id\":\"https:\\\/\\\/shop.bantam.ch\\\/fr\\\/produit\\\/poele-a-frire-keravis-click-cook-aluminium\\\/#primaryimage\",\"url\":\"https:\\\/\\\/shop.bantam.ch\\\/wp-content\\\/uploads\\\/2023\\\/02\\\/9931412-100-1-3.jpg\",\"contentUrl\":\"https:\\\/\\\/shop.bantam.ch\\\/wp-content\\\/uploads\\\/2023\\\/02\\\/9931412-100-1-3.jpg\",\"width\":893,\"height\":440},{\"@type\":\"BreadcrumbList\",\"@id\":\"https:\\\/\\\/shop.bantam.ch\\\/fr\\\/produit\\\/poele-a-frire-keravis-click-cook-aluminium\\\/#breadcrumb\",\"itemListElement\":[{\"@type\":\"ListItem\",\"position\":1,\"name\":\"Accueil\",\"item\":\"https:\\\/\\\/shop.bantam.ch\\\/fr\\\/\"},{\"@type\":\"ListItem\",\"position\":2,\"name\":\"Boutique\",\"item\":\"https:\\\/\\\/shop.bantam.ch\\\/fr\\\/boutique\\\/\"},{\"@type\":\"ListItem\",\"position\":3,\"name\":\"Po\u00eale \u00e0 frire Keravis Click &amp; Cook, Aluminium\"}]},{\"@type\":\"WebSite\",\"@id\":\"https:\\\/\\\/shop.bantam.ch\\\/fr\\\/#website\",\"url\":\"https:\\\/\\\/shop.bantam.ch\\\/fr\\\/\",\"name\":\"Bantam Wankm\u00fcller SA\",\"description\":\"\",\"publisher\":{\"@id\":\"https:\\\/\\\/shop.bantam.ch\\\/fr\\\/#organization\"},\"inLanguage\":\"fr-FR\"},{\"@type\":\"Organization\",\"@id\":\"https:\\\/\\\/shop.bantam.ch\\\/fr\\\/#organization\",\"name\":\"Bantam Wankm\u00fcller SA\",\"url\":\"https:\\\/\\\/shop.bantam.ch\\\/fr\\\/\",\"logo\":{\"@type\":\"ImageObject\",\"inLanguage\":\"fr-FR\",\"@id\":\"https:\\\/\\\/shop.bantam.ch\\\/fr\\\/#\\\/schema\\\/logo\\\/image\\\/\",\"url\":\"https:\\\/\\\/shop.bantam.ch\\\/wp-content\\\/uploads\\\/2022\\\/12\\\/bantam-logo.png\",\"contentUrl\":\"https:\\\/\\\/shop.bantam.ch\\\/wp-content\\\/uploads\\\/2022\\\/12\\\/bantam-logo.png\",\"width\":320,\"height\":71,\"caption\":\"Bantam Wankm\u00fcller SA\"},\"image\":{\"@id\":\"https:\\\/\\\/shop.bantam.ch\\\/fr\\\/#\\\/schema\\\/logo\\\/image\\\/\"}}]}<\/script>\n<!-- \/ Yoast SEO plugin. -->","yoast_head_json":{"title":"Po\u00eale \u00e0 frire Keravis Click &amp; Cook, Aluminium - Bantam Wankm\u00fcller SA","robots":{"index":"index","follow":"follow","max-snippet":"max-snippet:-1","max-image-preview":"max-image-preview:large","max-video-preview":"max-video-preview:-1"},"canonical":"https:\/\/shop.bantam.ch\/fr\/produit\/poele-a-frire-keravis-click-cook-aluminium\/","og_locale":"fr_FR","og_type":"article","og_title":"Po\u00eale \u00e0 frire Keravis Click &amp; Cook, Aluminium - Bantam Wankm\u00fcller SA","og_description":"Une solution r\u00e9volutionnaire qui permet de gagner de l&rsquo;espace dans la cuisine. Poign\u00e9es pliantes, batterie de cuisine empilable. La gamme de produits Click &amp; Cook de Ballarini est multiusage et peu encombrante. Les poign\u00e9es peuvent \u00eatre pli\u00e9es et d\u00e9pli\u00e9es d&rsquo;un simple mouvement. Vous avez ainsi toujours de la place dans les placards de la cuisine, [&hellip;]","og_url":"https:\/\/shop.bantam.ch\/fr\/produit\/poele-a-frire-keravis-click-cook-aluminium\/","og_site_name":"Bantam Wankm\u00fcller SA","article_modified_time":"2026-04-17T19:45:52+00:00","og_image":[{"width":893,"height":440,"url":"https:\/\/shop.bantam.ch\/wp-content\/uploads\/2023\/02\/9931412-100-1-3.jpg","type":"image\/jpeg"}],"twitter_card":"summary_large_image","schema":{"@context":"https:\/\/schema.org","@graph":[{"@type":"WebPage","@id":"https:\/\/shop.bantam.ch\/fr\/produit\/poele-a-frire-keravis-click-cook-aluminium\/","url":"https:\/\/shop.bantam.ch\/fr\/produit\/poele-a-frire-keravis-click-cook-aluminium\/","name":"Po\u00eale \u00e0 frire Keravis Click &amp; Cook, Aluminium - Bantam Wankm\u00fcller SA","isPartOf":{"@id":"https:\/\/shop.bantam.ch\/fr\/#website"},"primaryImageOfPage":{"@id":"https:\/\/shop.bantam.ch\/fr\/produit\/poele-a-frire-keravis-click-cook-aluminium\/#primaryimage"},"image":{"@id":"https:\/\/shop.bantam.ch\/fr\/produit\/poele-a-frire-keravis-click-cook-aluminium\/#primaryimage"},"thumbnailUrl":"https:\/\/shop.bantam.ch\/wp-content\/uploads\/2023\/02\/9931412-100-1-3.jpg","datePublished":"2023-02-27T17:13:56+00:00","dateModified":"2026-04-17T19:45:52+00:00","breadcrumb":{"@id":"https:\/\/shop.bantam.ch\/fr\/produit\/poele-a-frire-keravis-click-cook-aluminium\/#breadcrumb"},"inLanguage":"fr-FR","potentialAction":[{"@type":"ReadAction","target":["https:\/\/shop.bantam.ch\/fr\/produit\/poele-a-frire-keravis-click-cook-aluminium\/"]}]},{"@type":"ImageObject","inLanguage":"fr-FR","@id":"https:\/\/shop.bantam.ch\/fr\/produit\/poele-a-frire-keravis-click-cook-aluminium\/#primaryimage","url":"https:\/\/shop.bantam.ch\/wp-content\/uploads\/2023\/02\/9931412-100-1-3.jpg","contentUrl":"https:\/\/shop.bantam.ch\/wp-content\/uploads\/2023\/02\/9931412-100-1-3.jpg","width":893,"height":440},{"@type":"BreadcrumbList","@id":"https:\/\/shop.bantam.ch\/fr\/produit\/poele-a-frire-keravis-click-cook-aluminium\/#breadcrumb","itemListElement":[{"@type":"ListItem","position":1,"name":"Accueil","item":"https:\/\/shop.bantam.ch\/fr\/"},{"@type":"ListItem","position":2,"name":"Boutique","item":"https:\/\/shop.bantam.ch\/fr\/boutique\/"},{"@type":"ListItem","position":3,"name":"Po\u00eale \u00e0 frire Keravis Click &amp; Cook, Aluminium"}]},{"@type":"WebSite","@id":"https:\/\/shop.bantam.ch\/fr\/#website","url":"https:\/\/shop.bantam.ch\/fr\/","name":"Bantam Wankm\u00fcller SA","description":"","publisher":{"@id":"https:\/\/shop.bantam.ch\/fr\/#organization"},"inLanguage":"fr-FR"},{"@type":"Organization","@id":"https:\/\/shop.bantam.ch\/fr\/#organization","name":"Bantam Wankm\u00fcller SA","url":"https:\/\/shop.bantam.ch\/fr\/","logo":{"@type":"ImageObject","inLanguage":"fr-FR","@id":"https:\/\/shop.bantam.ch\/fr\/#\/schema\/logo\/image\/","url":"https:\/\/shop.bantam.ch\/wp-content\/uploads\/2022\/12\/bantam-logo.png","contentUrl":"https:\/\/shop.bantam.ch\/wp-content\/uploads\/2022\/12\/bantam-logo.png","width":320,"height":71,"caption":"Bantam Wankm\u00fcller SA"},"image":{"@id":"https:\/\/shop.bantam.ch\/fr\/#\/schema\/logo\/image\/"}}]}},"_links":{"self":[{"href":"https:\/\/shop.bantam.ch\/fr\/wp-json\/wp\/v2\/product\/61745","targetHints":{"allow":["GET"]}}],"collection":[{"href":"https:\/\/shop.bantam.ch\/fr\/wp-json\/wp\/v2\/product"}],"about":[{"href":"https:\/\/shop.bantam.ch\/fr\/wp-json\/wp\/v2\/types\/product"}],"wp:featuredmedia":[{"embeddable":true,"href":"https:\/\/shop.bantam.ch\/fr\/wp-json\/wp\/v2\/media\/61739"}],"wp:attachment":[{"href":"https:\/\/shop.bantam.ch\/fr\/wp-json\/wp\/v2\/media?parent=61745"}],"wp:term":[{"taxonomy":"product_featured_cat","embeddable":true,"href":"https:\/\/shop.bantam.ch\/fr\/wp-json\/wp\/v2\/product_featured_cat?post=61745"},{"taxonomy":"product_brand","embeddable":true,"href":"https:\/\/shop.bantam.ch\/fr\/wp-json\/wp\/v2\/product_brand?post=61745"},{"taxonomy":"product_cat","embeddable":true,"href":"https:\/\/shop.bantam.ch\/fr\/wp-json\/wp\/v2\/product_cat?post=61745"},{"taxonomy":"product_tag","embeddable":true,"href":"https:\/\/shop.bantam.ch\/fr\/wp-json\/wp\/v2\/product_tag?post=61745"}],"curies":[{"name":"wp","href":"https:\/\/api.w.org\/{rel}","templated":true}]}}