{"id":61077,"date":"2023-02-27T18:01:50","date_gmt":"2023-02-27T17:01:50","guid":{"rendered":"http:\/\/shop.bantam.ch\/produit\/toilettes-bi-pot\/"},"modified":"2026-04-17T21:43:13","modified_gmt":"2026-04-17T19:43:13","slug":"toilettes-bi-pot","status":"publish","type":"product","link":"https:\/\/shop.bantam.ch\/fr\/produit\/toilettes-bi-pot\/","title":{"rendered":"Toilettes Bi Pot"},"content":{"rendered":"<p>Les toilettes robustes Bi-Pot sont enti\u00e8rement autonomes et offrent une ind\u00e9pendance compl\u00e8te pour une hygi\u00e8ne sans odeur. Tr\u00e8s faciles \u00e0 nettoyer. Dimensions compactes, toutes les pi\u00e8ces sont d\u00e9montables, m\u00eame la vanne, pour un nettoyage complet et int\u00e9gral. Poign\u00e9e solide pour un transport pratique. Grande ouverture d\u2019\u00e9vacuation, aucun tuyau saillant, vidange facile et hygi\u00e9nique. Ne se bouchent pas. L&rsquo;\u00e9tanch\u00e9it\u00e9 de chaque r\u00e9servoir a \u00e9t\u00e9 v\u00e9rifi\u00e9e \u00e9lectroniquement. Crochets lat\u00e9raux pratiques avec lesquels les parties sup\u00e9rieure et inf\u00e9rieure sont maintenues ensemble.<\/p>\n","protected":false},"excerpt":{"rendered":"<p>Les toilettes robustes Bi-Pot sont enti\u00e8rement autonomes et offrent une ind\u00e9pendance compl\u00e8te pour une hygi\u00e8ne sans odeur. Tr\u00e8s faciles \u00e0 nettoyer. Dimensions compactes, toutes les pi\u00e8ces sont d\u00e9montables, m\u00eame la vanne, pour un nettoyage complet et int\u00e9gral. Poign\u00e9e solide pour un transport pratique. Grande ouverture d\u2019\u00e9vacuation, aucun tuyau saillant, vidange facile et hygi\u00e9nique. Ne se [&hellip;]<\/p>\n","protected":false},"featured_media":61071,"template":"","meta":{"_acf_changed":false},"product_featured_cat":[],"product_brand":[3034],"product_cat":[4591],"product_tag":[],"class_list":{"0":"post-61077","1":"product","2":"type-product","3":"status-publish","4":"has-post-thumbnail","6":"product_brand-fiamma","7":"product_cat-toilettes-chimiques","9":"first","10":"instock","11":"taxable","12":"shipping-taxable","13":"purchasable","14":"product-type-variable"},"acf":[],"yoast_head":"<!-- This site is optimized with the Yoast SEO plugin v27.4 - https:\/\/yoast.com\/product\/yoast-seo-wordpress\/ -->\n<title>Toilettes Bi Pot - Bantam Wankm\u00fcller SA<\/title>\n<meta name=\"robots\" content=\"index, follow, max-snippet:-1, max-image-preview:large, max-video-preview:-1\" \/>\n<link rel=\"canonical\" href=\"https:\/\/shop.bantam.ch\/fr\/produit\/toilettes-bi-pot\/\" \/>\n<meta property=\"og:locale\" content=\"fr_FR\" \/>\n<meta property=\"og:type\" content=\"article\" \/>\n<meta property=\"og:title\" content=\"Toilettes Bi Pot - Bantam Wankm\u00fcller SA\" \/>\n<meta property=\"og:description\" content=\"Les toilettes robustes Bi-Pot sont enti\u00e8rement autonomes et offrent une ind\u00e9pendance compl\u00e8te pour une hygi\u00e8ne sans odeur. Tr\u00e8s faciles \u00e0 nettoyer. Dimensions compactes, toutes les pi\u00e8ces sont d\u00e9montables, m\u00eame la vanne, pour un nettoyage complet et int\u00e9gral. Poign\u00e9e solide pour un transport pratique. Grande ouverture d\u2019\u00e9vacuation, aucun tuyau saillant, vidange facile et hygi\u00e9nique. Ne se [&hellip;]\" \/>\n<meta property=\"og:url\" content=\"https:\/\/shop.bantam.ch\/fr\/produit\/toilettes-bi-pot\/\" \/>\n<meta property=\"og:site_name\" content=\"Bantam Wankm\u00fcller SA\" \/>\n<meta property=\"article:modified_time\" content=\"2026-04-17T19:43:13+00:00\" \/>\n<meta property=\"og:image\" content=\"https:\/\/shop.bantam.ch\/wp-content\/uploads\/2023\/02\/9993685-Bi_Pot_30-Standard-01.jpg\" \/>\n\t<meta property=\"og:image:width\" content=\"632\" \/>\n\t<meta property=\"og:image:height\" content=\"1000\" \/>\n\t<meta property=\"og:image:type\" content=\"image\/jpeg\" \/>\n<meta name=\"twitter:card\" content=\"summary_large_image\" \/>\n<script type=\"application\/ld+json\" class=\"yoast-schema-graph\">{\"@context\":\"https:\\\/\\\/schema.org\",\"@graph\":[{\"@type\":\"WebPage\",\"@id\":\"https:\\\/\\\/shop.bantam.ch\\\/fr\\\/produit\\\/toilettes-bi-pot\\\/\",\"url\":\"https:\\\/\\\/shop.bantam.ch\\\/fr\\\/produit\\\/toilettes-bi-pot\\\/\",\"name\":\"Toilettes Bi Pot - Bantam Wankm\u00fcller SA\",\"isPartOf\":{\"@id\":\"https:\\\/\\\/shop.bantam.ch\\\/fr\\\/#website\"},\"primaryImageOfPage\":{\"@id\":\"https:\\\/\\\/shop.bantam.ch\\\/fr\\\/produit\\\/toilettes-bi-pot\\\/#primaryimage\"},\"image\":{\"@id\":\"https:\\\/\\\/shop.bantam.ch\\\/fr\\\/produit\\\/toilettes-bi-pot\\\/#primaryimage\"},\"thumbnailUrl\":\"https:\\\/\\\/shop.bantam.ch\\\/wp-content\\\/uploads\\\/2023\\\/02\\\/9993685-Bi_Pot_30-Standard-01.jpg\",\"datePublished\":\"2023-02-27T17:01:50+00:00\",\"dateModified\":\"2026-04-17T19:43:13+00:00\",\"breadcrumb\":{\"@id\":\"https:\\\/\\\/shop.bantam.ch\\\/fr\\\/produit\\\/toilettes-bi-pot\\\/#breadcrumb\"},\"inLanguage\":\"fr-FR\",\"potentialAction\":[{\"@type\":\"ReadAction\",\"target\":[\"https:\\\/\\\/shop.bantam.ch\\\/fr\\\/produit\\\/toilettes-bi-pot\\\/\"]}]},{\"@type\":\"ImageObject\",\"inLanguage\":\"fr-FR\",\"@id\":\"https:\\\/\\\/shop.bantam.ch\\\/fr\\\/produit\\\/toilettes-bi-pot\\\/#primaryimage\",\"url\":\"https:\\\/\\\/shop.bantam.ch\\\/wp-content\\\/uploads\\\/2023\\\/02\\\/9993685-Bi_Pot_30-Standard-01.jpg\",\"contentUrl\":\"https:\\\/\\\/shop.bantam.ch\\\/wp-content\\\/uploads\\\/2023\\\/02\\\/9993685-Bi_Pot_30-Standard-01.jpg\",\"width\":632,\"height\":1000},{\"@type\":\"BreadcrumbList\",\"@id\":\"https:\\\/\\\/shop.bantam.ch\\\/fr\\\/produit\\\/toilettes-bi-pot\\\/#breadcrumb\",\"itemListElement\":[{\"@type\":\"ListItem\",\"position\":1,\"name\":\"Accueil\",\"item\":\"https:\\\/\\\/shop.bantam.ch\\\/fr\\\/\"},{\"@type\":\"ListItem\",\"position\":2,\"name\":\"Boutique\",\"item\":\"https:\\\/\\\/shop.bantam.ch\\\/fr\\\/boutique\\\/\"},{\"@type\":\"ListItem\",\"position\":3,\"name\":\"Toilettes Bi Pot\"}]},{\"@type\":\"WebSite\",\"@id\":\"https:\\\/\\\/shop.bantam.ch\\\/fr\\\/#website\",\"url\":\"https:\\\/\\\/shop.bantam.ch\\\/fr\\\/\",\"name\":\"Bantam Wankm\u00fcller SA\",\"description\":\"\",\"publisher\":{\"@id\":\"https:\\\/\\\/shop.bantam.ch\\\/fr\\\/#organization\"},\"inLanguage\":\"fr-FR\"},{\"@type\":\"Organization\",\"@id\":\"https:\\\/\\\/shop.bantam.ch\\\/fr\\\/#organization\",\"name\":\"Bantam Wankm\u00fcller SA\",\"url\":\"https:\\\/\\\/shop.bantam.ch\\\/fr\\\/\",\"logo\":{\"@type\":\"ImageObject\",\"inLanguage\":\"fr-FR\",\"@id\":\"https:\\\/\\\/shop.bantam.ch\\\/fr\\\/#\\\/schema\\\/logo\\\/image\\\/\",\"url\":\"https:\\\/\\\/shop.bantam.ch\\\/wp-content\\\/uploads\\\/2022\\\/12\\\/bantam-logo.png\",\"contentUrl\":\"https:\\\/\\\/shop.bantam.ch\\\/wp-content\\\/uploads\\\/2022\\\/12\\\/bantam-logo.png\",\"width\":320,\"height\":71,\"caption\":\"Bantam Wankm\u00fcller SA\"},\"image\":{\"@id\":\"https:\\\/\\\/shop.bantam.ch\\\/fr\\\/#\\\/schema\\\/logo\\\/image\\\/\"}}]}<\/script>\n<!-- \/ Yoast SEO plugin. -->","yoast_head_json":{"title":"Toilettes Bi Pot - Bantam Wankm\u00fcller SA","robots":{"index":"index","follow":"follow","max-snippet":"max-snippet:-1","max-image-preview":"max-image-preview:large","max-video-preview":"max-video-preview:-1"},"canonical":"https:\/\/shop.bantam.ch\/fr\/produit\/toilettes-bi-pot\/","og_locale":"fr_FR","og_type":"article","og_title":"Toilettes Bi Pot - Bantam Wankm\u00fcller SA","og_description":"Les toilettes robustes Bi-Pot sont enti\u00e8rement autonomes et offrent une ind\u00e9pendance compl\u00e8te pour une hygi\u00e8ne sans odeur. Tr\u00e8s faciles \u00e0 nettoyer. Dimensions compactes, toutes les pi\u00e8ces sont d\u00e9montables, m\u00eame la vanne, pour un nettoyage complet et int\u00e9gral. Poign\u00e9e solide pour un transport pratique. Grande ouverture d\u2019\u00e9vacuation, aucun tuyau saillant, vidange facile et hygi\u00e9nique. Ne se [&hellip;]","og_url":"https:\/\/shop.bantam.ch\/fr\/produit\/toilettes-bi-pot\/","og_site_name":"Bantam Wankm\u00fcller SA","article_modified_time":"2026-04-17T19:43:13+00:00","og_image":[{"width":632,"height":1000,"url":"https:\/\/shop.bantam.ch\/wp-content\/uploads\/2023\/02\/9993685-Bi_Pot_30-Standard-01.jpg","type":"image\/jpeg"}],"twitter_card":"summary_large_image","schema":{"@context":"https:\/\/schema.org","@graph":[{"@type":"WebPage","@id":"https:\/\/shop.bantam.ch\/fr\/produit\/toilettes-bi-pot\/","url":"https:\/\/shop.bantam.ch\/fr\/produit\/toilettes-bi-pot\/","name":"Toilettes Bi Pot - Bantam Wankm\u00fcller SA","isPartOf":{"@id":"https:\/\/shop.bantam.ch\/fr\/#website"},"primaryImageOfPage":{"@id":"https:\/\/shop.bantam.ch\/fr\/produit\/toilettes-bi-pot\/#primaryimage"},"image":{"@id":"https:\/\/shop.bantam.ch\/fr\/produit\/toilettes-bi-pot\/#primaryimage"},"thumbnailUrl":"https:\/\/shop.bantam.ch\/wp-content\/uploads\/2023\/02\/9993685-Bi_Pot_30-Standard-01.jpg","datePublished":"2023-02-27T17:01:50+00:00","dateModified":"2026-04-17T19:43:13+00:00","breadcrumb":{"@id":"https:\/\/shop.bantam.ch\/fr\/produit\/toilettes-bi-pot\/#breadcrumb"},"inLanguage":"fr-FR","potentialAction":[{"@type":"ReadAction","target":["https:\/\/shop.bantam.ch\/fr\/produit\/toilettes-bi-pot\/"]}]},{"@type":"ImageObject","inLanguage":"fr-FR","@id":"https:\/\/shop.bantam.ch\/fr\/produit\/toilettes-bi-pot\/#primaryimage","url":"https:\/\/shop.bantam.ch\/wp-content\/uploads\/2023\/02\/9993685-Bi_Pot_30-Standard-01.jpg","contentUrl":"https:\/\/shop.bantam.ch\/wp-content\/uploads\/2023\/02\/9993685-Bi_Pot_30-Standard-01.jpg","width":632,"height":1000},{"@type":"BreadcrumbList","@id":"https:\/\/shop.bantam.ch\/fr\/produit\/toilettes-bi-pot\/#breadcrumb","itemListElement":[{"@type":"ListItem","position":1,"name":"Accueil","item":"https:\/\/shop.bantam.ch\/fr\/"},{"@type":"ListItem","position":2,"name":"Boutique","item":"https:\/\/shop.bantam.ch\/fr\/boutique\/"},{"@type":"ListItem","position":3,"name":"Toilettes Bi Pot"}]},{"@type":"WebSite","@id":"https:\/\/shop.bantam.ch\/fr\/#website","url":"https:\/\/shop.bantam.ch\/fr\/","name":"Bantam Wankm\u00fcller SA","description":"","publisher":{"@id":"https:\/\/shop.bantam.ch\/fr\/#organization"},"inLanguage":"fr-FR"},{"@type":"Organization","@id":"https:\/\/shop.bantam.ch\/fr\/#organization","name":"Bantam Wankm\u00fcller SA","url":"https:\/\/shop.bantam.ch\/fr\/","logo":{"@type":"ImageObject","inLanguage":"fr-FR","@id":"https:\/\/shop.bantam.ch\/fr\/#\/schema\/logo\/image\/","url":"https:\/\/shop.bantam.ch\/wp-content\/uploads\/2022\/12\/bantam-logo.png","contentUrl":"https:\/\/shop.bantam.ch\/wp-content\/uploads\/2022\/12\/bantam-logo.png","width":320,"height":71,"caption":"Bantam Wankm\u00fcller SA"},"image":{"@id":"https:\/\/shop.bantam.ch\/fr\/#\/schema\/logo\/image\/"}}]}},"_links":{"self":[{"href":"https:\/\/shop.bantam.ch\/fr\/wp-json\/wp\/v2\/product\/61077","targetHints":{"allow":["GET"]}}],"collection":[{"href":"https:\/\/shop.bantam.ch\/fr\/wp-json\/wp\/v2\/product"}],"about":[{"href":"https:\/\/shop.bantam.ch\/fr\/wp-json\/wp\/v2\/types\/product"}],"wp:featuredmedia":[{"embeddable":true,"href":"https:\/\/shop.bantam.ch\/fr\/wp-json\/wp\/v2\/media\/61071"}],"wp:attachment":[{"href":"https:\/\/shop.bantam.ch\/fr\/wp-json\/wp\/v2\/media?parent=61077"}],"wp:term":[{"taxonomy":"product_featured_cat","embeddable":true,"href":"https:\/\/shop.bantam.ch\/fr\/wp-json\/wp\/v2\/product_featured_cat?post=61077"},{"taxonomy":"product_brand","embeddable":true,"href":"https:\/\/shop.bantam.ch\/fr\/wp-json\/wp\/v2\/product_brand?post=61077"},{"taxonomy":"product_cat","embeddable":true,"href":"https:\/\/shop.bantam.ch\/fr\/wp-json\/wp\/v2\/product_cat?post=61077"},{"taxonomy":"product_tag","embeddable":true,"href":"https:\/\/shop.bantam.ch\/fr\/wp-json\/wp\/v2\/product_tag?post=61077"}],"curies":[{"name":"wp","href":"https:\/\/api.w.org\/{rel}","templated":true}]}}