{"id":60999,"date":"2023-02-27T18:00:11","date_gmt":"2023-02-27T17:00:11","guid":{"rendered":"http:\/\/shop.bantam.ch\/produit\/reservoir-deau-claire-et-deaux-usees-sur-roulettes-25-l\/"},"modified":"2026-04-19T21:45:24","modified_gmt":"2026-04-19T19:45:24","slug":"reservoir-deau-claire-et-deaux-usees-sur-roulettes-25-l","status":"publish","type":"product","link":"https:\/\/shop.bantam.ch\/fr\/produit\/reservoir-deau-claire-et-deaux-usees-sur-roulettes-25-l\/","title":{"rendered":"R\u00e9servoir d\u2019eau claire et d\u2019eaux us\u00e9es sur roulettes, 25\u00a0L"},"content":{"rendered":"<p>R\u00e9servoir d\u2019eau claire sur roulettes.<br \/>Peut \u00eatre rang\u00e9 dans tous les coffres.<br \/>Facile \u00e0 transporter gr\u00e2ce \u00e0 sa poign\u00e9e de transport t\u00e9lescopique (peut \u00eatre allong\u00e9e jusqu&rsquo;\u00e0 810\u00a0mm).<br \/>Facile \u00e0 soulever gr\u00e2ce \u00e0 sa poign\u00e9e de rangement repliable.<br \/>Facile \u00e0 remplir gr\u00e2ce \u00e0 un orifice de remplissage avec filetage externe \u00be\u00a0\u00bb.<br \/>Facile \u00e0 vider gr\u00e2ce \u00e0 sa grande ouverture DIN\u00a096.<br \/>Facile \u00e0 mettre en route gr\u00e2ce \u00e0 sa pompe immerg\u00e9e.<\/p>\n","protected":false},"excerpt":{"rendered":"<p>R\u00e9servoir d\u2019eau claire sur roulettes.Peut \u00eatre rang\u00e9 dans tous les coffres.Facile \u00e0 transporter gr\u00e2ce \u00e0 sa poign\u00e9e de transport t\u00e9lescopique (peut \u00eatre allong\u00e9e jusqu&rsquo;\u00e0 810\u00a0mm).Facile \u00e0 soulever gr\u00e2ce \u00e0 sa poign\u00e9e de rangement repliable.Facile \u00e0 remplir gr\u00e2ce \u00e0 un orifice de remplissage avec filetage externe \u00be\u00a0\u00bb.Facile \u00e0 vider gr\u00e2ce \u00e0 sa grande ouverture DIN\u00a096.Facile \u00e0 [&hellip;]<\/p>\n","protected":false},"featured_media":60993,"template":"","meta":{"_acf_changed":false},"product_featured_cat":[],"product_brand":[3110],"product_cat":[4115],"product_tag":[],"class_list":{"0":"post-60999","1":"product","2":"type-product","3":"status-publish","4":"has-post-thumbnail","6":"product_brand-comet","7":"product_cat-installation-deau-douce","9":"first","10":"instock","11":"taxable","12":"shipping-taxable","13":"purchasable","14":"product-type-variable"},"acf":[],"yoast_head":"<!-- This site is optimized with the Yoast SEO plugin v27.4 - https:\/\/yoast.com\/product\/yoast-seo-wordpress\/ -->\n<title>R\u00e9servoir d\u2019eau claire et d\u2019eaux us\u00e9es sur roulettes, 25\u00a0L - Bantam Wankm\u00fcller SA<\/title>\n<meta name=\"robots\" content=\"index, follow, max-snippet:-1, max-image-preview:large, max-video-preview:-1\" \/>\n<link rel=\"canonical\" href=\"https:\/\/shop.bantam.ch\/fr\/produit\/reservoir-deau-claire-et-deaux-usees-sur-roulettes-25-l\/\" \/>\n<meta property=\"og:locale\" content=\"fr_FR\" \/>\n<meta property=\"og:type\" content=\"article\" \/>\n<meta property=\"og:title\" content=\"R\u00e9servoir d\u2019eau claire et d\u2019eaux us\u00e9es sur roulettes, 25\u00a0L - Bantam Wankm\u00fcller SA\" \/>\n<meta property=\"og:description\" content=\"R\u00e9servoir d\u2019eau claire sur roulettes.Peut \u00eatre rang\u00e9 dans tous les coffres.Facile \u00e0 transporter gr\u00e2ce \u00e0 sa poign\u00e9e de transport t\u00e9lescopique (peut \u00eatre allong\u00e9e jusqu&rsquo;\u00e0 810\u00a0mm).Facile \u00e0 soulever gr\u00e2ce \u00e0 sa poign\u00e9e de rangement repliable.Facile \u00e0 remplir gr\u00e2ce \u00e0 un orifice de remplissage avec filetage externe \u00be\u00a0\u00bb.Facile \u00e0 vider gr\u00e2ce \u00e0 sa grande ouverture DIN\u00a096.Facile \u00e0 [&hellip;]\" \/>\n<meta property=\"og:url\" content=\"https:\/\/shop.bantam.ch\/fr\/produit\/reservoir-deau-claire-et-deaux-usees-sur-roulettes-25-l\/\" \/>\n<meta property=\"og:site_name\" content=\"Bantam Wankm\u00fcller SA\" \/>\n<meta property=\"article:modified_time\" content=\"2026-04-19T19:45:24+00:00\" \/>\n<meta property=\"og:image\" content=\"https:\/\/shop.bantam.ch\/wp-content\/uploads\/2023\/02\/9977514-Wassertaxi_Farbe_gruen-Standard-01.jpg\" \/>\n\t<meta property=\"og:image:width\" content=\"477\" \/>\n\t<meta property=\"og:image:height\" content=\"1000\" \/>\n\t<meta property=\"og:image:type\" content=\"image\/jpeg\" \/>\n<meta name=\"twitter:card\" content=\"summary_large_image\" \/>\n<script type=\"application\/ld+json\" class=\"yoast-schema-graph\">{\"@context\":\"https:\\\/\\\/schema.org\",\"@graph\":[{\"@type\":\"WebPage\",\"@id\":\"https:\\\/\\\/shop.bantam.ch\\\/fr\\\/produit\\\/reservoir-deau-claire-et-deaux-usees-sur-roulettes-25-l\\\/\",\"url\":\"https:\\\/\\\/shop.bantam.ch\\\/fr\\\/produit\\\/reservoir-deau-claire-et-deaux-usees-sur-roulettes-25-l\\\/\",\"name\":\"R\u00e9servoir d\u2019eau claire et d\u2019eaux us\u00e9es sur roulettes, 25\u00a0L - Bantam Wankm\u00fcller SA\",\"isPartOf\":{\"@id\":\"https:\\\/\\\/shop.bantam.ch\\\/fr\\\/#website\"},\"primaryImageOfPage\":{\"@id\":\"https:\\\/\\\/shop.bantam.ch\\\/fr\\\/produit\\\/reservoir-deau-claire-et-deaux-usees-sur-roulettes-25-l\\\/#primaryimage\"},\"image\":{\"@id\":\"https:\\\/\\\/shop.bantam.ch\\\/fr\\\/produit\\\/reservoir-deau-claire-et-deaux-usees-sur-roulettes-25-l\\\/#primaryimage\"},\"thumbnailUrl\":\"https:\\\/\\\/shop.bantam.ch\\\/wp-content\\\/uploads\\\/2023\\\/02\\\/9977514-Wassertaxi_Farbe_gruen-Standard-01.jpg\",\"datePublished\":\"2023-02-27T17:00:11+00:00\",\"dateModified\":\"2026-04-19T19:45:24+00:00\",\"breadcrumb\":{\"@id\":\"https:\\\/\\\/shop.bantam.ch\\\/fr\\\/produit\\\/reservoir-deau-claire-et-deaux-usees-sur-roulettes-25-l\\\/#breadcrumb\"},\"inLanguage\":\"fr-FR\",\"potentialAction\":[{\"@type\":\"ReadAction\",\"target\":[\"https:\\\/\\\/shop.bantam.ch\\\/fr\\\/produit\\\/reservoir-deau-claire-et-deaux-usees-sur-roulettes-25-l\\\/\"]}]},{\"@type\":\"ImageObject\",\"inLanguage\":\"fr-FR\",\"@id\":\"https:\\\/\\\/shop.bantam.ch\\\/fr\\\/produit\\\/reservoir-deau-claire-et-deaux-usees-sur-roulettes-25-l\\\/#primaryimage\",\"url\":\"https:\\\/\\\/shop.bantam.ch\\\/wp-content\\\/uploads\\\/2023\\\/02\\\/9977514-Wassertaxi_Farbe_gruen-Standard-01.jpg\",\"contentUrl\":\"https:\\\/\\\/shop.bantam.ch\\\/wp-content\\\/uploads\\\/2023\\\/02\\\/9977514-Wassertaxi_Farbe_gruen-Standard-01.jpg\",\"width\":477,\"height\":1000},{\"@type\":\"BreadcrumbList\",\"@id\":\"https:\\\/\\\/shop.bantam.ch\\\/fr\\\/produit\\\/reservoir-deau-claire-et-deaux-usees-sur-roulettes-25-l\\\/#breadcrumb\",\"itemListElement\":[{\"@type\":\"ListItem\",\"position\":1,\"name\":\"Accueil\",\"item\":\"https:\\\/\\\/shop.bantam.ch\\\/fr\\\/\"},{\"@type\":\"ListItem\",\"position\":2,\"name\":\"Boutique\",\"item\":\"https:\\\/\\\/shop.bantam.ch\\\/fr\\\/boutique\\\/\"},{\"@type\":\"ListItem\",\"position\":3,\"name\":\"R\u00e9servoir d\u2019eau claire et d\u2019eaux us\u00e9es sur roulettes, 25\u00a0L\"}]},{\"@type\":\"WebSite\",\"@id\":\"https:\\\/\\\/shop.bantam.ch\\\/fr\\\/#website\",\"url\":\"https:\\\/\\\/shop.bantam.ch\\\/fr\\\/\",\"name\":\"Bantam Wankm\u00fcller SA\",\"description\":\"\",\"publisher\":{\"@id\":\"https:\\\/\\\/shop.bantam.ch\\\/fr\\\/#organization\"},\"inLanguage\":\"fr-FR\"},{\"@type\":\"Organization\",\"@id\":\"https:\\\/\\\/shop.bantam.ch\\\/fr\\\/#organization\",\"name\":\"Bantam Wankm\u00fcller SA\",\"url\":\"https:\\\/\\\/shop.bantam.ch\\\/fr\\\/\",\"logo\":{\"@type\":\"ImageObject\",\"inLanguage\":\"fr-FR\",\"@id\":\"https:\\\/\\\/shop.bantam.ch\\\/fr\\\/#\\\/schema\\\/logo\\\/image\\\/\",\"url\":\"https:\\\/\\\/shop.bantam.ch\\\/wp-content\\\/uploads\\\/2022\\\/12\\\/bantam-logo.png\",\"contentUrl\":\"https:\\\/\\\/shop.bantam.ch\\\/wp-content\\\/uploads\\\/2022\\\/12\\\/bantam-logo.png\",\"width\":320,\"height\":71,\"caption\":\"Bantam Wankm\u00fcller SA\"},\"image\":{\"@id\":\"https:\\\/\\\/shop.bantam.ch\\\/fr\\\/#\\\/schema\\\/logo\\\/image\\\/\"}}]}<\/script>\n<!-- \/ Yoast SEO plugin. -->","yoast_head_json":{"title":"R\u00e9servoir d\u2019eau claire et d\u2019eaux us\u00e9es sur roulettes, 25\u00a0L - Bantam Wankm\u00fcller SA","robots":{"index":"index","follow":"follow","max-snippet":"max-snippet:-1","max-image-preview":"max-image-preview:large","max-video-preview":"max-video-preview:-1"},"canonical":"https:\/\/shop.bantam.ch\/fr\/produit\/reservoir-deau-claire-et-deaux-usees-sur-roulettes-25-l\/","og_locale":"fr_FR","og_type":"article","og_title":"R\u00e9servoir d\u2019eau claire et d\u2019eaux us\u00e9es sur roulettes, 25\u00a0L - Bantam Wankm\u00fcller SA","og_description":"R\u00e9servoir d\u2019eau claire sur roulettes.Peut \u00eatre rang\u00e9 dans tous les coffres.Facile \u00e0 transporter gr\u00e2ce \u00e0 sa poign\u00e9e de transport t\u00e9lescopique (peut \u00eatre allong\u00e9e jusqu&rsquo;\u00e0 810\u00a0mm).Facile \u00e0 soulever gr\u00e2ce \u00e0 sa poign\u00e9e de rangement repliable.Facile \u00e0 remplir gr\u00e2ce \u00e0 un orifice de remplissage avec filetage externe \u00be\u00a0\u00bb.Facile \u00e0 vider gr\u00e2ce \u00e0 sa grande ouverture DIN\u00a096.Facile \u00e0 [&hellip;]","og_url":"https:\/\/shop.bantam.ch\/fr\/produit\/reservoir-deau-claire-et-deaux-usees-sur-roulettes-25-l\/","og_site_name":"Bantam Wankm\u00fcller SA","article_modified_time":"2026-04-19T19:45:24+00:00","og_image":[{"width":477,"height":1000,"url":"https:\/\/shop.bantam.ch\/wp-content\/uploads\/2023\/02\/9977514-Wassertaxi_Farbe_gruen-Standard-01.jpg","type":"image\/jpeg"}],"twitter_card":"summary_large_image","schema":{"@context":"https:\/\/schema.org","@graph":[{"@type":"WebPage","@id":"https:\/\/shop.bantam.ch\/fr\/produit\/reservoir-deau-claire-et-deaux-usees-sur-roulettes-25-l\/","url":"https:\/\/shop.bantam.ch\/fr\/produit\/reservoir-deau-claire-et-deaux-usees-sur-roulettes-25-l\/","name":"R\u00e9servoir d\u2019eau claire et d\u2019eaux us\u00e9es sur roulettes, 25\u00a0L - Bantam Wankm\u00fcller SA","isPartOf":{"@id":"https:\/\/shop.bantam.ch\/fr\/#website"},"primaryImageOfPage":{"@id":"https:\/\/shop.bantam.ch\/fr\/produit\/reservoir-deau-claire-et-deaux-usees-sur-roulettes-25-l\/#primaryimage"},"image":{"@id":"https:\/\/shop.bantam.ch\/fr\/produit\/reservoir-deau-claire-et-deaux-usees-sur-roulettes-25-l\/#primaryimage"},"thumbnailUrl":"https:\/\/shop.bantam.ch\/wp-content\/uploads\/2023\/02\/9977514-Wassertaxi_Farbe_gruen-Standard-01.jpg","datePublished":"2023-02-27T17:00:11+00:00","dateModified":"2026-04-19T19:45:24+00:00","breadcrumb":{"@id":"https:\/\/shop.bantam.ch\/fr\/produit\/reservoir-deau-claire-et-deaux-usees-sur-roulettes-25-l\/#breadcrumb"},"inLanguage":"fr-FR","potentialAction":[{"@type":"ReadAction","target":["https:\/\/shop.bantam.ch\/fr\/produit\/reservoir-deau-claire-et-deaux-usees-sur-roulettes-25-l\/"]}]},{"@type":"ImageObject","inLanguage":"fr-FR","@id":"https:\/\/shop.bantam.ch\/fr\/produit\/reservoir-deau-claire-et-deaux-usees-sur-roulettes-25-l\/#primaryimage","url":"https:\/\/shop.bantam.ch\/wp-content\/uploads\/2023\/02\/9977514-Wassertaxi_Farbe_gruen-Standard-01.jpg","contentUrl":"https:\/\/shop.bantam.ch\/wp-content\/uploads\/2023\/02\/9977514-Wassertaxi_Farbe_gruen-Standard-01.jpg","width":477,"height":1000},{"@type":"BreadcrumbList","@id":"https:\/\/shop.bantam.ch\/fr\/produit\/reservoir-deau-claire-et-deaux-usees-sur-roulettes-25-l\/#breadcrumb","itemListElement":[{"@type":"ListItem","position":1,"name":"Accueil","item":"https:\/\/shop.bantam.ch\/fr\/"},{"@type":"ListItem","position":2,"name":"Boutique","item":"https:\/\/shop.bantam.ch\/fr\/boutique\/"},{"@type":"ListItem","position":3,"name":"R\u00e9servoir d\u2019eau claire et d\u2019eaux us\u00e9es sur roulettes, 25\u00a0L"}]},{"@type":"WebSite","@id":"https:\/\/shop.bantam.ch\/fr\/#website","url":"https:\/\/shop.bantam.ch\/fr\/","name":"Bantam Wankm\u00fcller SA","description":"","publisher":{"@id":"https:\/\/shop.bantam.ch\/fr\/#organization"},"inLanguage":"fr-FR"},{"@type":"Organization","@id":"https:\/\/shop.bantam.ch\/fr\/#organization","name":"Bantam Wankm\u00fcller SA","url":"https:\/\/shop.bantam.ch\/fr\/","logo":{"@type":"ImageObject","inLanguage":"fr-FR","@id":"https:\/\/shop.bantam.ch\/fr\/#\/schema\/logo\/image\/","url":"https:\/\/shop.bantam.ch\/wp-content\/uploads\/2022\/12\/bantam-logo.png","contentUrl":"https:\/\/shop.bantam.ch\/wp-content\/uploads\/2022\/12\/bantam-logo.png","width":320,"height":71,"caption":"Bantam Wankm\u00fcller SA"},"image":{"@id":"https:\/\/shop.bantam.ch\/fr\/#\/schema\/logo\/image\/"}}]}},"_links":{"self":[{"href":"https:\/\/shop.bantam.ch\/fr\/wp-json\/wp\/v2\/product\/60999","targetHints":{"allow":["GET"]}}],"collection":[{"href":"https:\/\/shop.bantam.ch\/fr\/wp-json\/wp\/v2\/product"}],"about":[{"href":"https:\/\/shop.bantam.ch\/fr\/wp-json\/wp\/v2\/types\/product"}],"wp:featuredmedia":[{"embeddable":true,"href":"https:\/\/shop.bantam.ch\/fr\/wp-json\/wp\/v2\/media\/60993"}],"wp:attachment":[{"href":"https:\/\/shop.bantam.ch\/fr\/wp-json\/wp\/v2\/media?parent=60999"}],"wp:term":[{"taxonomy":"product_featured_cat","embeddable":true,"href":"https:\/\/shop.bantam.ch\/fr\/wp-json\/wp\/v2\/product_featured_cat?post=60999"},{"taxonomy":"product_brand","embeddable":true,"href":"https:\/\/shop.bantam.ch\/fr\/wp-json\/wp\/v2\/product_brand?post=60999"},{"taxonomy":"product_cat","embeddable":true,"href":"https:\/\/shop.bantam.ch\/fr\/wp-json\/wp\/v2\/product_cat?post=60999"},{"taxonomy":"product_tag","embeddable":true,"href":"https:\/\/shop.bantam.ch\/fr\/wp-json\/wp\/v2\/product_tag?post=60999"}],"curies":[{"name":"wp","href":"https:\/\/api.w.org\/{rel}","templated":true}]}}