{"id":60885,"date":"2023-02-27T17:58:05","date_gmt":"2023-02-27T16:58:05","guid":{"rendered":"http:\/\/shop.bantam.ch\/produit\/pompe-immergee-a-haute-performance-avec-joint-longue-duree\/"},"modified":"2026-04-16T21:10:51","modified_gmt":"2026-04-16T19:10:51","slug":"pompe-immergee-a-haute-performance-avec-joint-longue-duree","status":"publish","type":"product","link":"https:\/\/shop.bantam.ch\/fr\/produit\/pompe-immergee-a-haute-performance-avec-joint-longue-duree\/","title":{"rendered":"Pompe immerg\u00e9e hte performance Reich 18 l \/ min. 0,9 bar 2,5 &#8211; 3,0\u00a0A"},"content":{"rendered":"<p>Pompe immerg\u00e9e \u00e0 haute performance avec joint longue dur\u00e9e. L\u2019a\u00e9ration automatique garantit un pompage imm\u00e9diat de l\u2019eau.<\/p>\n<ul>\n<li>Intensit\u00e9\u00a0: 2,5 &#8211; 3,0\u00a0A<\/li>\n<li>Hauteur de refoulement\u00a0: 9\u00a0m<\/li>\n<\/ul>\n<p>\u00a0<\/p>\n","protected":false},"excerpt":{"rendered":"<p>Pompe immerg\u00e9e \u00e0 haute performance avec joint longue dur\u00e9e. L\u2019a\u00e9ration automatique garantit un pompage imm\u00e9diat de l\u2019eau. Intensit\u00e9\u00a0: 2,5 &#8211; 3,0\u00a0A Hauteur de refoulement\u00a0: 9\u00a0m \u00a0<\/p>\n","protected":false},"featured_media":60883,"template":"","meta":{"_acf_changed":false},"product_featured_cat":[],"product_brand":[3112],"product_cat":[4631],"product_tag":[],"class_list":{"0":"post-60885","1":"product","2":"type-product","3":"status-publish","4":"has-post-thumbnail","6":"product_brand-reich","7":"product_cat-pompes-submersibles","9":"first","10":"instock","11":"taxable","12":"shipping-taxable","13":"purchasable","14":"product-type-simple"},"acf":[],"yoast_head":"<!-- This site is optimized with the Yoast SEO plugin v27.4 - https:\/\/yoast.com\/product\/yoast-seo-wordpress\/ -->\n<title>Pompe immerg\u00e9e hte performance Reich 18 l \/ min. 0,9 bar 2,5 - 3,0\u00a0A - Bantam Wankm\u00fcller SA<\/title>\n<meta name=\"robots\" content=\"index, follow, max-snippet:-1, max-image-preview:large, max-video-preview:-1\" \/>\n<link rel=\"canonical\" href=\"https:\/\/shop.bantam.ch\/fr\/produit\/pompe-immergee-a-haute-performance-avec-joint-longue-duree\/\" \/>\n<meta property=\"og:locale\" content=\"fr_FR\" \/>\n<meta property=\"og:type\" content=\"article\" \/>\n<meta property=\"og:title\" content=\"Pompe immerg\u00e9e hte performance Reich 18 l \/ min. 0,9 bar 2,5 - 3,0\u00a0A - Bantam Wankm\u00fcller SA\" \/>\n<meta property=\"og:description\" content=\"Pompe immerg\u00e9e \u00e0 haute performance avec joint longue dur\u00e9e. L\u2019a\u00e9ration automatique garantit un pompage imm\u00e9diat de l\u2019eau. Intensit\u00e9\u00a0: 2,5 &#8211; 3,0\u00a0A Hauteur de refoulement\u00a0: 9\u00a0m \u00a0\" \/>\n<meta property=\"og:url\" content=\"https:\/\/shop.bantam.ch\/fr\/produit\/pompe-immergee-a-haute-performance-avec-joint-longue-duree\/\" \/>\n<meta property=\"og:site_name\" content=\"Bantam Wankm\u00fcller SA\" \/>\n<meta property=\"article:modified_time\" content=\"2026-04-16T19:10:51+00:00\" \/>\n<meta property=\"og:image\" content=\"https:\/\/shop.bantam.ch\/wp-content\/uploads\/2023\/02\/9971815-Tauchpumpe_18_l_0_9_bar_1_Stueck_SB_KTWC_u_DVGW_W270-Standard-01.jpg\" \/>\n\t<meta property=\"og:image:width\" content=\"344\" \/>\n\t<meta property=\"og:image:height\" content=\"1000\" \/>\n\t<meta property=\"og:image:type\" content=\"image\/jpeg\" \/>\n<meta name=\"twitter:card\" content=\"summary_large_image\" \/>\n<script type=\"application\/ld+json\" class=\"yoast-schema-graph\">{\"@context\":\"https:\\\/\\\/schema.org\",\"@graph\":[{\"@type\":\"WebPage\",\"@id\":\"https:\\\/\\\/shop.bantam.ch\\\/fr\\\/produit\\\/pompe-immergee-a-haute-performance-avec-joint-longue-duree\\\/\",\"url\":\"https:\\\/\\\/shop.bantam.ch\\\/fr\\\/produit\\\/pompe-immergee-a-haute-performance-avec-joint-longue-duree\\\/\",\"name\":\"Pompe immerg\u00e9e hte performance Reich 18 l \\\/ min. 0,9 bar 2,5 - 3,0\u00a0A - Bantam Wankm\u00fcller SA\",\"isPartOf\":{\"@id\":\"https:\\\/\\\/shop.bantam.ch\\\/fr\\\/#website\"},\"primaryImageOfPage\":{\"@id\":\"https:\\\/\\\/shop.bantam.ch\\\/fr\\\/produit\\\/pompe-immergee-a-haute-performance-avec-joint-longue-duree\\\/#primaryimage\"},\"image\":{\"@id\":\"https:\\\/\\\/shop.bantam.ch\\\/fr\\\/produit\\\/pompe-immergee-a-haute-performance-avec-joint-longue-duree\\\/#primaryimage\"},\"thumbnailUrl\":\"https:\\\/\\\/shop.bantam.ch\\\/wp-content\\\/uploads\\\/2023\\\/02\\\/9971815-Tauchpumpe_18_l_0_9_bar_1_Stueck_SB_KTWC_u_DVGW_W270-Standard-01.jpg\",\"datePublished\":\"2023-02-27T16:58:05+00:00\",\"dateModified\":\"2026-04-16T19:10:51+00:00\",\"breadcrumb\":{\"@id\":\"https:\\\/\\\/shop.bantam.ch\\\/fr\\\/produit\\\/pompe-immergee-a-haute-performance-avec-joint-longue-duree\\\/#breadcrumb\"},\"inLanguage\":\"fr-FR\",\"potentialAction\":[{\"@type\":\"ReadAction\",\"target\":[\"https:\\\/\\\/shop.bantam.ch\\\/fr\\\/produit\\\/pompe-immergee-a-haute-performance-avec-joint-longue-duree\\\/\"]}]},{\"@type\":\"ImageObject\",\"inLanguage\":\"fr-FR\",\"@id\":\"https:\\\/\\\/shop.bantam.ch\\\/fr\\\/produit\\\/pompe-immergee-a-haute-performance-avec-joint-longue-duree\\\/#primaryimage\",\"url\":\"https:\\\/\\\/shop.bantam.ch\\\/wp-content\\\/uploads\\\/2023\\\/02\\\/9971815-Tauchpumpe_18_l_0_9_bar_1_Stueck_SB_KTWC_u_DVGW_W270-Standard-01.jpg\",\"contentUrl\":\"https:\\\/\\\/shop.bantam.ch\\\/wp-content\\\/uploads\\\/2023\\\/02\\\/9971815-Tauchpumpe_18_l_0_9_bar_1_Stueck_SB_KTWC_u_DVGW_W270-Standard-01.jpg\",\"width\":344,\"height\":1000},{\"@type\":\"BreadcrumbList\",\"@id\":\"https:\\\/\\\/shop.bantam.ch\\\/fr\\\/produit\\\/pompe-immergee-a-haute-performance-avec-joint-longue-duree\\\/#breadcrumb\",\"itemListElement\":[{\"@type\":\"ListItem\",\"position\":1,\"name\":\"Accueil\",\"item\":\"https:\\\/\\\/shop.bantam.ch\\\/fr\\\/\"},{\"@type\":\"ListItem\",\"position\":2,\"name\":\"Boutique\",\"item\":\"https:\\\/\\\/shop.bantam.ch\\\/fr\\\/boutique\\\/\"},{\"@type\":\"ListItem\",\"position\":3,\"name\":\"Pompe immerg\u00e9e hte performance Reich 18 l \\\/ min. 0,9 bar 2,5 &#8211; 3,0\u00a0A\"}]},{\"@type\":\"WebSite\",\"@id\":\"https:\\\/\\\/shop.bantam.ch\\\/fr\\\/#website\",\"url\":\"https:\\\/\\\/shop.bantam.ch\\\/fr\\\/\",\"name\":\"Bantam Wankm\u00fcller SA\",\"description\":\"\",\"publisher\":{\"@id\":\"https:\\\/\\\/shop.bantam.ch\\\/fr\\\/#organization\"},\"inLanguage\":\"fr-FR\"},{\"@type\":\"Organization\",\"@id\":\"https:\\\/\\\/shop.bantam.ch\\\/fr\\\/#organization\",\"name\":\"Bantam Wankm\u00fcller SA\",\"url\":\"https:\\\/\\\/shop.bantam.ch\\\/fr\\\/\",\"logo\":{\"@type\":\"ImageObject\",\"inLanguage\":\"fr-FR\",\"@id\":\"https:\\\/\\\/shop.bantam.ch\\\/fr\\\/#\\\/schema\\\/logo\\\/image\\\/\",\"url\":\"https:\\\/\\\/shop.bantam.ch\\\/wp-content\\\/uploads\\\/2022\\\/12\\\/bantam-logo.png\",\"contentUrl\":\"https:\\\/\\\/shop.bantam.ch\\\/wp-content\\\/uploads\\\/2022\\\/12\\\/bantam-logo.png\",\"width\":320,\"height\":71,\"caption\":\"Bantam Wankm\u00fcller SA\"},\"image\":{\"@id\":\"https:\\\/\\\/shop.bantam.ch\\\/fr\\\/#\\\/schema\\\/logo\\\/image\\\/\"}}]}<\/script>\n<!-- \/ Yoast SEO plugin. -->","yoast_head_json":{"title":"Pompe immerg\u00e9e hte performance Reich 18 l \/ min. 0,9 bar 2,5 - 3,0\u00a0A - Bantam Wankm\u00fcller SA","robots":{"index":"index","follow":"follow","max-snippet":"max-snippet:-1","max-image-preview":"max-image-preview:large","max-video-preview":"max-video-preview:-1"},"canonical":"https:\/\/shop.bantam.ch\/fr\/produit\/pompe-immergee-a-haute-performance-avec-joint-longue-duree\/","og_locale":"fr_FR","og_type":"article","og_title":"Pompe immerg\u00e9e hte performance Reich 18 l \/ min. 0,9 bar 2,5 - 3,0\u00a0A - Bantam Wankm\u00fcller SA","og_description":"Pompe immerg\u00e9e \u00e0 haute performance avec joint longue dur\u00e9e. L\u2019a\u00e9ration automatique garantit un pompage imm\u00e9diat de l\u2019eau. Intensit\u00e9\u00a0: 2,5 &#8211; 3,0\u00a0A Hauteur de refoulement\u00a0: 9\u00a0m \u00a0","og_url":"https:\/\/shop.bantam.ch\/fr\/produit\/pompe-immergee-a-haute-performance-avec-joint-longue-duree\/","og_site_name":"Bantam Wankm\u00fcller SA","article_modified_time":"2026-04-16T19:10:51+00:00","og_image":[{"width":344,"height":1000,"url":"https:\/\/shop.bantam.ch\/wp-content\/uploads\/2023\/02\/9971815-Tauchpumpe_18_l_0_9_bar_1_Stueck_SB_KTWC_u_DVGW_W270-Standard-01.jpg","type":"image\/jpeg"}],"twitter_card":"summary_large_image","schema":{"@context":"https:\/\/schema.org","@graph":[{"@type":"WebPage","@id":"https:\/\/shop.bantam.ch\/fr\/produit\/pompe-immergee-a-haute-performance-avec-joint-longue-duree\/","url":"https:\/\/shop.bantam.ch\/fr\/produit\/pompe-immergee-a-haute-performance-avec-joint-longue-duree\/","name":"Pompe immerg\u00e9e hte performance Reich 18 l \/ min. 0,9 bar 2,5 - 3,0\u00a0A - Bantam Wankm\u00fcller SA","isPartOf":{"@id":"https:\/\/shop.bantam.ch\/fr\/#website"},"primaryImageOfPage":{"@id":"https:\/\/shop.bantam.ch\/fr\/produit\/pompe-immergee-a-haute-performance-avec-joint-longue-duree\/#primaryimage"},"image":{"@id":"https:\/\/shop.bantam.ch\/fr\/produit\/pompe-immergee-a-haute-performance-avec-joint-longue-duree\/#primaryimage"},"thumbnailUrl":"https:\/\/shop.bantam.ch\/wp-content\/uploads\/2023\/02\/9971815-Tauchpumpe_18_l_0_9_bar_1_Stueck_SB_KTWC_u_DVGW_W270-Standard-01.jpg","datePublished":"2023-02-27T16:58:05+00:00","dateModified":"2026-04-16T19:10:51+00:00","breadcrumb":{"@id":"https:\/\/shop.bantam.ch\/fr\/produit\/pompe-immergee-a-haute-performance-avec-joint-longue-duree\/#breadcrumb"},"inLanguage":"fr-FR","potentialAction":[{"@type":"ReadAction","target":["https:\/\/shop.bantam.ch\/fr\/produit\/pompe-immergee-a-haute-performance-avec-joint-longue-duree\/"]}]},{"@type":"ImageObject","inLanguage":"fr-FR","@id":"https:\/\/shop.bantam.ch\/fr\/produit\/pompe-immergee-a-haute-performance-avec-joint-longue-duree\/#primaryimage","url":"https:\/\/shop.bantam.ch\/wp-content\/uploads\/2023\/02\/9971815-Tauchpumpe_18_l_0_9_bar_1_Stueck_SB_KTWC_u_DVGW_W270-Standard-01.jpg","contentUrl":"https:\/\/shop.bantam.ch\/wp-content\/uploads\/2023\/02\/9971815-Tauchpumpe_18_l_0_9_bar_1_Stueck_SB_KTWC_u_DVGW_W270-Standard-01.jpg","width":344,"height":1000},{"@type":"BreadcrumbList","@id":"https:\/\/shop.bantam.ch\/fr\/produit\/pompe-immergee-a-haute-performance-avec-joint-longue-duree\/#breadcrumb","itemListElement":[{"@type":"ListItem","position":1,"name":"Accueil","item":"https:\/\/shop.bantam.ch\/fr\/"},{"@type":"ListItem","position":2,"name":"Boutique","item":"https:\/\/shop.bantam.ch\/fr\/boutique\/"},{"@type":"ListItem","position":3,"name":"Pompe immerg\u00e9e hte performance Reich 18 l \/ min. 0,9 bar 2,5 &#8211; 3,0\u00a0A"}]},{"@type":"WebSite","@id":"https:\/\/shop.bantam.ch\/fr\/#website","url":"https:\/\/shop.bantam.ch\/fr\/","name":"Bantam Wankm\u00fcller SA","description":"","publisher":{"@id":"https:\/\/shop.bantam.ch\/fr\/#organization"},"inLanguage":"fr-FR"},{"@type":"Organization","@id":"https:\/\/shop.bantam.ch\/fr\/#organization","name":"Bantam Wankm\u00fcller SA","url":"https:\/\/shop.bantam.ch\/fr\/","logo":{"@type":"ImageObject","inLanguage":"fr-FR","@id":"https:\/\/shop.bantam.ch\/fr\/#\/schema\/logo\/image\/","url":"https:\/\/shop.bantam.ch\/wp-content\/uploads\/2022\/12\/bantam-logo.png","contentUrl":"https:\/\/shop.bantam.ch\/wp-content\/uploads\/2022\/12\/bantam-logo.png","width":320,"height":71,"caption":"Bantam Wankm\u00fcller SA"},"image":{"@id":"https:\/\/shop.bantam.ch\/fr\/#\/schema\/logo\/image\/"}}]}},"_links":{"self":[{"href":"https:\/\/shop.bantam.ch\/fr\/wp-json\/wp\/v2\/product\/60885","targetHints":{"allow":["GET"]}}],"collection":[{"href":"https:\/\/shop.bantam.ch\/fr\/wp-json\/wp\/v2\/product"}],"about":[{"href":"https:\/\/shop.bantam.ch\/fr\/wp-json\/wp\/v2\/types\/product"}],"wp:featuredmedia":[{"embeddable":true,"href":"https:\/\/shop.bantam.ch\/fr\/wp-json\/wp\/v2\/media\/60883"}],"wp:attachment":[{"href":"https:\/\/shop.bantam.ch\/fr\/wp-json\/wp\/v2\/media?parent=60885"}],"wp:term":[{"taxonomy":"product_featured_cat","embeddable":true,"href":"https:\/\/shop.bantam.ch\/fr\/wp-json\/wp\/v2\/product_featured_cat?post=60885"},{"taxonomy":"product_brand","embeddable":true,"href":"https:\/\/shop.bantam.ch\/fr\/wp-json\/wp\/v2\/product_brand?post=60885"},{"taxonomy":"product_cat","embeddable":true,"href":"https:\/\/shop.bantam.ch\/fr\/wp-json\/wp\/v2\/product_cat?post=60885"},{"taxonomy":"product_tag","embeddable":true,"href":"https:\/\/shop.bantam.ch\/fr\/wp-json\/wp\/v2\/product_tag?post=60885"}],"curies":[{"name":"wp","href":"https:\/\/api.w.org\/{rel}","templated":true}]}}