{"id":60527,"date":"2023-02-27T17:51:02","date_gmt":"2023-02-27T16:51:02","guid":{"rendered":"http:\/\/shop.bantam.ch\/produit\/equipement-batterie-gel-es\/"},"modified":"2026-04-17T21:41:03","modified_gmt":"2026-04-17T19:41:03","slug":"equipement-batterie-gel-es","status":"publish","type":"product","link":"https:\/\/shop.bantam.ch\/fr\/produit\/equipement-batterie-gel-es\/","title":{"rendered":"\u00c9quipement batterie Gel ES"},"content":{"rendered":"<p>Des batteries con\u00e7ues pour fournir de l\u2019\u00e9nergie aux camping-cars et aux caravanes modernes. Leur conception assure une grande flexibilit\u00e9 d\u2019installation (dans l\u2019habitacle ou sur le c\u00f4t\u00e9 avec un gain de place d\u2019env. 30\u00a0%), pr\u00e9sente des avantages en termes de maintenance (ne n\u00e9cessite aucun entretien, convient aux longues p\u00e9riodes d\u2019immobilisation) et offre une excellente robustesse (r\u00e9sistance \u00e9lev\u00e9e aux vibrations et aux inclinaisons, herm\u00e9tique et \u00e9tanche). La technologie employ\u00e9e (\u00e9lectrolyte g\u00e9lifi\u00e9) associ\u00e9e \u00e0 un alliage Ca\/Ca et une a\u00e9ration VRLA (r\u00e9gul\u00e9e par une valve) couvre une plage de puissances de 650 \u00e0 2\u00a0400\u00a0Wh et offre ainsi de vastes possibilit\u00e9s pour les v\u00e9hicules de loisirs les plus modernes et les plus exigeants.<\/p>\n","protected":false},"excerpt":{"rendered":"<p>Des batteries con\u00e7ues pour fournir de l\u2019\u00e9nergie aux camping-cars et aux caravanes modernes. Leur conception assure une grande flexibilit\u00e9 d\u2019installation (dans l\u2019habitacle ou sur le c\u00f4t\u00e9 avec un gain de place d\u2019env. 30\u00a0%), pr\u00e9sente des avantages en termes de maintenance (ne n\u00e9cessite aucun entretien, convient aux longues p\u00e9riodes d\u2019immobilisation) et offre une excellente robustesse (r\u00e9sistance [&hellip;]<\/p>\n","protected":false},"featured_media":60511,"template":"","meta":{"_acf_changed":false},"product_featured_cat":[],"product_brand":[3366],"product_cat":[5111],"product_tag":[],"class_list":{"0":"post-60527","1":"product","2":"type-product","3":"status-publish","4":"has-post-thumbnail","6":"product_brand-exide","7":"product_cat-piles-au-gel","9":"first","10":"instock","11":"taxable","12":"shipping-taxable","13":"purchasable","14":"product-type-variable"},"acf":[],"yoast_head":"<!-- This site is optimized with the Yoast SEO plugin v27.4 - https:\/\/yoast.com\/product\/yoast-seo-wordpress\/ -->\n<title>\u00c9quipement batterie Gel ES - Bantam Wankm\u00fcller SA<\/title>\n<meta name=\"robots\" content=\"index, follow, max-snippet:-1, max-image-preview:large, max-video-preview:-1\" \/>\n<link rel=\"canonical\" href=\"https:\/\/shop.bantam.ch\/fr\/produit\/equipement-batterie-gel-es\/\" \/>\n<meta property=\"og:locale\" content=\"fr_FR\" \/>\n<meta property=\"og:type\" content=\"article\" \/>\n<meta property=\"og:title\" content=\"\u00c9quipement batterie Gel ES - Bantam Wankm\u00fcller SA\" \/>\n<meta property=\"og:description\" content=\"Des batteries con\u00e7ues pour fournir de l\u2019\u00e9nergie aux camping-cars et aux caravanes modernes. Leur conception assure une grande flexibilit\u00e9 d\u2019installation (dans l\u2019habitacle ou sur le c\u00f4t\u00e9 avec un gain de place d\u2019env. 30\u00a0%), pr\u00e9sente des avantages en termes de maintenance (ne n\u00e9cessite aucun entretien, convient aux longues p\u00e9riodes d\u2019immobilisation) et offre une excellente robustesse (r\u00e9sistance [&hellip;]\" \/>\n<meta property=\"og:url\" content=\"https:\/\/shop.bantam.ch\/fr\/produit\/equipement-batterie-gel-es\/\" \/>\n<meta property=\"og:site_name\" content=\"Bantam Wankm\u00fcller SA\" \/>\n<meta property=\"article:modified_time\" content=\"2026-04-17T19:41:03+00:00\" \/>\n<meta property=\"og:image\" content=\"https:\/\/shop.bantam.ch\/wp-content\/uploads\/2023\/02\/9957561-Equipment_Gel_ES_650-Standard-01.jpg\" \/>\n\t<meta property=\"og:image:width\" content=\"1000\" \/>\n\t<meta property=\"og:image:height\" content=\"745\" \/>\n\t<meta property=\"og:image:type\" content=\"image\/jpeg\" \/>\n<meta name=\"twitter:card\" content=\"summary_large_image\" \/>\n<meta name=\"twitter:label1\" content=\"Dur\u00e9e de lecture estim\u00e9e\" \/>\n\t<meta name=\"twitter:data1\" content=\"1 minute\" \/>\n<script type=\"application\/ld+json\" class=\"yoast-schema-graph\">{\"@context\":\"https:\\\/\\\/schema.org\",\"@graph\":[{\"@type\":\"WebPage\",\"@id\":\"https:\\\/\\\/shop.bantam.ch\\\/fr\\\/produit\\\/equipement-batterie-gel-es\\\/\",\"url\":\"https:\\\/\\\/shop.bantam.ch\\\/fr\\\/produit\\\/equipement-batterie-gel-es\\\/\",\"name\":\"\u00c9quipement batterie Gel ES - Bantam Wankm\u00fcller SA\",\"isPartOf\":{\"@id\":\"https:\\\/\\\/shop.bantam.ch\\\/fr\\\/#website\"},\"primaryImageOfPage\":{\"@id\":\"https:\\\/\\\/shop.bantam.ch\\\/fr\\\/produit\\\/equipement-batterie-gel-es\\\/#primaryimage\"},\"image\":{\"@id\":\"https:\\\/\\\/shop.bantam.ch\\\/fr\\\/produit\\\/equipement-batterie-gel-es\\\/#primaryimage\"},\"thumbnailUrl\":\"https:\\\/\\\/shop.bantam.ch\\\/wp-content\\\/uploads\\\/2023\\\/02\\\/9957561-Equipment_Gel_ES_650-Standard-01.jpg\",\"datePublished\":\"2023-02-27T16:51:02+00:00\",\"dateModified\":\"2026-04-17T19:41:03+00:00\",\"breadcrumb\":{\"@id\":\"https:\\\/\\\/shop.bantam.ch\\\/fr\\\/produit\\\/equipement-batterie-gel-es\\\/#breadcrumb\"},\"inLanguage\":\"fr-FR\",\"potentialAction\":[{\"@type\":\"ReadAction\",\"target\":[\"https:\\\/\\\/shop.bantam.ch\\\/fr\\\/produit\\\/equipement-batterie-gel-es\\\/\"]}]},{\"@type\":\"ImageObject\",\"inLanguage\":\"fr-FR\",\"@id\":\"https:\\\/\\\/shop.bantam.ch\\\/fr\\\/produit\\\/equipement-batterie-gel-es\\\/#primaryimage\",\"url\":\"https:\\\/\\\/shop.bantam.ch\\\/wp-content\\\/uploads\\\/2023\\\/02\\\/9957561-Equipment_Gel_ES_650-Standard-01.jpg\",\"contentUrl\":\"https:\\\/\\\/shop.bantam.ch\\\/wp-content\\\/uploads\\\/2023\\\/02\\\/9957561-Equipment_Gel_ES_650-Standard-01.jpg\",\"width\":1000,\"height\":745},{\"@type\":\"BreadcrumbList\",\"@id\":\"https:\\\/\\\/shop.bantam.ch\\\/fr\\\/produit\\\/equipement-batterie-gel-es\\\/#breadcrumb\",\"itemListElement\":[{\"@type\":\"ListItem\",\"position\":1,\"name\":\"Accueil\",\"item\":\"https:\\\/\\\/shop.bantam.ch\\\/fr\\\/\"},{\"@type\":\"ListItem\",\"position\":2,\"name\":\"Boutique\",\"item\":\"https:\\\/\\\/shop.bantam.ch\\\/fr\\\/boutique\\\/\"},{\"@type\":\"ListItem\",\"position\":3,\"name\":\"\u00c9quipement batterie Gel ES\"}]},{\"@type\":\"WebSite\",\"@id\":\"https:\\\/\\\/shop.bantam.ch\\\/fr\\\/#website\",\"url\":\"https:\\\/\\\/shop.bantam.ch\\\/fr\\\/\",\"name\":\"Bantam Wankm\u00fcller SA\",\"description\":\"\",\"publisher\":{\"@id\":\"https:\\\/\\\/shop.bantam.ch\\\/fr\\\/#organization\"},\"inLanguage\":\"fr-FR\"},{\"@type\":\"Organization\",\"@id\":\"https:\\\/\\\/shop.bantam.ch\\\/fr\\\/#organization\",\"name\":\"Bantam Wankm\u00fcller SA\",\"url\":\"https:\\\/\\\/shop.bantam.ch\\\/fr\\\/\",\"logo\":{\"@type\":\"ImageObject\",\"inLanguage\":\"fr-FR\",\"@id\":\"https:\\\/\\\/shop.bantam.ch\\\/fr\\\/#\\\/schema\\\/logo\\\/image\\\/\",\"url\":\"https:\\\/\\\/shop.bantam.ch\\\/wp-content\\\/uploads\\\/2022\\\/12\\\/bantam-logo.png\",\"contentUrl\":\"https:\\\/\\\/shop.bantam.ch\\\/wp-content\\\/uploads\\\/2022\\\/12\\\/bantam-logo.png\",\"width\":320,\"height\":71,\"caption\":\"Bantam Wankm\u00fcller SA\"},\"image\":{\"@id\":\"https:\\\/\\\/shop.bantam.ch\\\/fr\\\/#\\\/schema\\\/logo\\\/image\\\/\"}}]}<\/script>\n<!-- \/ Yoast SEO plugin. -->","yoast_head_json":{"title":"\u00c9quipement batterie Gel ES - Bantam Wankm\u00fcller SA","robots":{"index":"index","follow":"follow","max-snippet":"max-snippet:-1","max-image-preview":"max-image-preview:large","max-video-preview":"max-video-preview:-1"},"canonical":"https:\/\/shop.bantam.ch\/fr\/produit\/equipement-batterie-gel-es\/","og_locale":"fr_FR","og_type":"article","og_title":"\u00c9quipement batterie Gel ES - Bantam Wankm\u00fcller SA","og_description":"Des batteries con\u00e7ues pour fournir de l\u2019\u00e9nergie aux camping-cars et aux caravanes modernes. Leur conception assure une grande flexibilit\u00e9 d\u2019installation (dans l\u2019habitacle ou sur le c\u00f4t\u00e9 avec un gain de place d\u2019env. 30\u00a0%), pr\u00e9sente des avantages en termes de maintenance (ne n\u00e9cessite aucun entretien, convient aux longues p\u00e9riodes d\u2019immobilisation) et offre une excellente robustesse (r\u00e9sistance [&hellip;]","og_url":"https:\/\/shop.bantam.ch\/fr\/produit\/equipement-batterie-gel-es\/","og_site_name":"Bantam Wankm\u00fcller SA","article_modified_time":"2026-04-17T19:41:03+00:00","og_image":[{"width":1000,"height":745,"url":"https:\/\/shop.bantam.ch\/wp-content\/uploads\/2023\/02\/9957561-Equipment_Gel_ES_650-Standard-01.jpg","type":"image\/jpeg"}],"twitter_card":"summary_large_image","twitter_misc":{"Dur\u00e9e de lecture estim\u00e9e":"1 minute"},"schema":{"@context":"https:\/\/schema.org","@graph":[{"@type":"WebPage","@id":"https:\/\/shop.bantam.ch\/fr\/produit\/equipement-batterie-gel-es\/","url":"https:\/\/shop.bantam.ch\/fr\/produit\/equipement-batterie-gel-es\/","name":"\u00c9quipement batterie Gel ES - Bantam Wankm\u00fcller SA","isPartOf":{"@id":"https:\/\/shop.bantam.ch\/fr\/#website"},"primaryImageOfPage":{"@id":"https:\/\/shop.bantam.ch\/fr\/produit\/equipement-batterie-gel-es\/#primaryimage"},"image":{"@id":"https:\/\/shop.bantam.ch\/fr\/produit\/equipement-batterie-gel-es\/#primaryimage"},"thumbnailUrl":"https:\/\/shop.bantam.ch\/wp-content\/uploads\/2023\/02\/9957561-Equipment_Gel_ES_650-Standard-01.jpg","datePublished":"2023-02-27T16:51:02+00:00","dateModified":"2026-04-17T19:41:03+00:00","breadcrumb":{"@id":"https:\/\/shop.bantam.ch\/fr\/produit\/equipement-batterie-gel-es\/#breadcrumb"},"inLanguage":"fr-FR","potentialAction":[{"@type":"ReadAction","target":["https:\/\/shop.bantam.ch\/fr\/produit\/equipement-batterie-gel-es\/"]}]},{"@type":"ImageObject","inLanguage":"fr-FR","@id":"https:\/\/shop.bantam.ch\/fr\/produit\/equipement-batterie-gel-es\/#primaryimage","url":"https:\/\/shop.bantam.ch\/wp-content\/uploads\/2023\/02\/9957561-Equipment_Gel_ES_650-Standard-01.jpg","contentUrl":"https:\/\/shop.bantam.ch\/wp-content\/uploads\/2023\/02\/9957561-Equipment_Gel_ES_650-Standard-01.jpg","width":1000,"height":745},{"@type":"BreadcrumbList","@id":"https:\/\/shop.bantam.ch\/fr\/produit\/equipement-batterie-gel-es\/#breadcrumb","itemListElement":[{"@type":"ListItem","position":1,"name":"Accueil","item":"https:\/\/shop.bantam.ch\/fr\/"},{"@type":"ListItem","position":2,"name":"Boutique","item":"https:\/\/shop.bantam.ch\/fr\/boutique\/"},{"@type":"ListItem","position":3,"name":"\u00c9quipement batterie Gel ES"}]},{"@type":"WebSite","@id":"https:\/\/shop.bantam.ch\/fr\/#website","url":"https:\/\/shop.bantam.ch\/fr\/","name":"Bantam Wankm\u00fcller SA","description":"","publisher":{"@id":"https:\/\/shop.bantam.ch\/fr\/#organization"},"inLanguage":"fr-FR"},{"@type":"Organization","@id":"https:\/\/shop.bantam.ch\/fr\/#organization","name":"Bantam Wankm\u00fcller SA","url":"https:\/\/shop.bantam.ch\/fr\/","logo":{"@type":"ImageObject","inLanguage":"fr-FR","@id":"https:\/\/shop.bantam.ch\/fr\/#\/schema\/logo\/image\/","url":"https:\/\/shop.bantam.ch\/wp-content\/uploads\/2022\/12\/bantam-logo.png","contentUrl":"https:\/\/shop.bantam.ch\/wp-content\/uploads\/2022\/12\/bantam-logo.png","width":320,"height":71,"caption":"Bantam Wankm\u00fcller SA"},"image":{"@id":"https:\/\/shop.bantam.ch\/fr\/#\/schema\/logo\/image\/"}}]}},"_links":{"self":[{"href":"https:\/\/shop.bantam.ch\/fr\/wp-json\/wp\/v2\/product\/60527","targetHints":{"allow":["GET"]}}],"collection":[{"href":"https:\/\/shop.bantam.ch\/fr\/wp-json\/wp\/v2\/product"}],"about":[{"href":"https:\/\/shop.bantam.ch\/fr\/wp-json\/wp\/v2\/types\/product"}],"wp:featuredmedia":[{"embeddable":true,"href":"https:\/\/shop.bantam.ch\/fr\/wp-json\/wp\/v2\/media\/60511"}],"wp:attachment":[{"href":"https:\/\/shop.bantam.ch\/fr\/wp-json\/wp\/v2\/media?parent=60527"}],"wp:term":[{"taxonomy":"product_featured_cat","embeddable":true,"href":"https:\/\/shop.bantam.ch\/fr\/wp-json\/wp\/v2\/product_featured_cat?post=60527"},{"taxonomy":"product_brand","embeddable":true,"href":"https:\/\/shop.bantam.ch\/fr\/wp-json\/wp\/v2\/product_brand?post=60527"},{"taxonomy":"product_cat","embeddable":true,"href":"https:\/\/shop.bantam.ch\/fr\/wp-json\/wp\/v2\/product_cat?post=60527"},{"taxonomy":"product_tag","embeddable":true,"href":"https:\/\/shop.bantam.ch\/fr\/wp-json\/wp\/v2\/product_tag?post=60527"}],"curies":[{"name":"wp","href":"https:\/\/api.w.org\/{rel}","templated":true}]}}