{"id":59137,"date":"2023-02-27T17:33:56","date_gmt":"2023-02-27T16:33:56","guid":{"rendered":"http:\/\/shop.bantam.ch\/produit\/systeme-satellite-automatique-oyster-vision\/"},"modified":"2026-04-18T21:39:08","modified_gmt":"2026-04-18T19:39:08","slug":"systeme-satellite-automatique-oyster-vision","status":"publish","type":"product","link":"https:\/\/shop.bantam.ch\/fr\/produit\/systeme-satellite-automatique-oyster-vision\/","title":{"rendered":"Syst\u00e8me satellite automatique Oyster Vision"},"content":{"rendered":"<p>Antennes 65 cm ou 85 cm pour une r\u00e9ception optimale.<br \/>R\u00e9glage compl\u00e8tement automatique et localisation du satellite normalement entre30 et 60 secondes.<br \/>Technique LEM : R\u00e9duction du temps de recherche (l&rsquo;antenne cherche le dernier angle d&rsquo;inclinaison configur\u00e9).<br \/>Mise en marche autonome au d\u00e9marrage du v\u00e9hicule.<br \/>Changement de satellite automatique.<br \/>Traitement de qualit\u00e9 pour un \u00e9quipement solide.<br \/>Fabricant certifi\u00e9 QM selon ISO 9001<br \/>3 ans de garantie fabricant et service client \u00e0 l&rsquo;\u00e9coute.<\/p>\n<p>Technologie intelligente de rotation de la t\u00eate : seule la t\u00eate tourne, le corps de l\u2018antenne reste fixe.<br \/>Avantages<br \/>Consommation \u00e9lectrique r\u00e9duite.<br \/>Faible encombrement.<br \/>Faible contrainte m\u00e9canique.<\/p>\n<p>Fonction SKEW :<br \/>Positionnement automatique du LNB pour optimiser la port\u00e9e de r\u00e9ception dans les r\u00e9gions touristiques du sud-ouest et du sud-est de l&rsquo;Europe.<\/p>\n<p>Variante de base, sp\u00e9cialement con\u00e7ue pour ceux qui ont uniquement besoin d&rsquo;une <br \/>installation satellite et qui poss\u00e8dent d\u00e9j\u00e0 leur propre r\u00e9cepteur ou un t\u00e9l\u00e9viseur avec <br \/>r\u00e9cepteur int\u00e9gr\u00e9.<\/p>\n<p>\u00a0<\/p>\n<ul>\n<li>Condition APPLI<\/li>\n<li>Mises \u00e0 jour automatiques via APPLI<\/li>\n<li>Antenne 65 ou 85 cm pour une port\u00e9e incroyable<\/li>\n<li>Montage peu encombrant sur pratiquement tous les toits de v\u00e9hicules<\/li>\n<li>Hauteur de montage tr\u00e8s faible<\/li>\n<li>Orientation et recherche des satellites enti\u00e8rement automatiques<\/li>\n<li>Mise en marche autonome au d\u00e9marrage du v\u00e9hicule<\/li>\n<li>Changement de satellite automatique.<\/li>\n<li>Traitement de qualit\u00e9 pour un \u00e9quipement solide.<\/li>\n<li>Fabricant certifi\u00e9 QM selon ISO 9001<\/li>\n<li>3 ans de garantie fabricant et service client \u00e0 l&rsquo;\u00e9coute.<\/li>\n<li>Tension de raccordement (tension \u00e0 bord) 12 \/ 24 volts<\/li>\n<li>Marque de r\u00e9ception par type<\/li>\n<\/ul>\n<p>\u00a0<\/p>\n<p>Commande via APPLI incluse<br \/>Il est d\u00e9sormais possible de commander Oyster confortablement via l\u2019application ten haaft. Cette derni\u00e8re permet \u00e9galement de t\u00e9l\u00e9charger en toute simplicit\u00e9 des mises \u00e0 jour afin que votre installation soit toujours actuelle du point de vue logiciel.<br \/>Compatible Android et iOS.<\/p>\n<ul>\n<li>Pas pour la version HDTV<\/li>\n<\/ul>\n<p>\u00a0<\/p>\n","protected":false},"excerpt":{"rendered":"<p>Antennes 65 cm ou 85 cm pour une r\u00e9ception optimale.R\u00e9glage compl\u00e8tement automatique et localisation du satellite normalement entre30 et 60 secondes.Technique LEM : R\u00e9duction du temps de recherche (l&rsquo;antenne cherche le dernier angle d&rsquo;inclinaison configur\u00e9).Mise en marche autonome au d\u00e9marrage du v\u00e9hicule.Changement de satellite automatique.Traitement de qualit\u00e9 pour un \u00e9quipement solide.Fabricant certifi\u00e9 QM selon ISO [&hellip;]<\/p>\n","protected":false},"featured_media":59065,"template":"","meta":{"_acf_changed":false},"product_featured_cat":[],"product_brand":[3126],"product_cat":[4523],"product_tag":[],"class_list":{"0":"post-59137","1":"product","2":"type-product","3":"status-publish","4":"has-post-thumbnail","6":"product_brand-oyster","7":"product_cat-systemes-satellitaires","9":"first","10":"instock","11":"taxable","12":"shipping-taxable","13":"purchasable","14":"product-type-variable"},"acf":[],"yoast_head":"<!-- This site is optimized with the Yoast SEO plugin v27.4 - https:\/\/yoast.com\/product\/yoast-seo-wordpress\/ -->\n<title>Syst\u00e8me satellite automatique Oyster Vision - Bantam Wankm\u00fcller SA<\/title>\n<meta name=\"robots\" content=\"index, follow, max-snippet:-1, max-image-preview:large, max-video-preview:-1\" \/>\n<link rel=\"canonical\" href=\"https:\/\/shop.bantam.ch\/fr\/produit\/systeme-satellite-automatique-oyster-vision\/\" \/>\n<meta property=\"og:locale\" content=\"fr_FR\" \/>\n<meta property=\"og:type\" content=\"article\" \/>\n<meta property=\"og:title\" content=\"Syst\u00e8me satellite automatique Oyster Vision - Bantam Wankm\u00fcller SA\" \/>\n<meta property=\"og:description\" content=\"Antennes 65 cm ou 85 cm pour une r\u00e9ception optimale.R\u00e9glage compl\u00e8tement automatique et localisation du satellite normalement entre30 et 60 secondes.Technique LEM : R\u00e9duction du temps de recherche (l&rsquo;antenne cherche le dernier angle d&rsquo;inclinaison configur\u00e9).Mise en marche autonome au d\u00e9marrage du v\u00e9hicule.Changement de satellite automatique.Traitement de qualit\u00e9 pour un \u00e9quipement solide.Fabricant certifi\u00e9 QM selon ISO [&hellip;]\" \/>\n<meta property=\"og:url\" content=\"https:\/\/shop.bantam.ch\/fr\/produit\/systeme-satellite-automatique-oyster-vision\/\" \/>\n<meta property=\"og:site_name\" content=\"Bantam Wankm\u00fcller SA\" \/>\n<meta property=\"article:modified_time\" content=\"2026-04-18T19:39:08+00:00\" \/>\n<meta property=\"og:image\" content=\"https:\/\/shop.bantam.ch\/wp-content\/uploads\/2023\/02\/9941820-100-1-3.jpg\" \/>\n\t<meta property=\"og:image:width\" content=\"1000\" \/>\n\t<meta property=\"og:image:height\" content=\"900\" \/>\n\t<meta property=\"og:image:type\" content=\"image\/jpeg\" \/>\n<meta name=\"twitter:card\" content=\"summary_large_image\" \/>\n<meta name=\"twitter:label1\" content=\"Dur\u00e9e de lecture estim\u00e9e\" \/>\n\t<meta name=\"twitter:data1\" content=\"2 minutes\" \/>\n<script type=\"application\/ld+json\" class=\"yoast-schema-graph\">{\"@context\":\"https:\\\/\\\/schema.org\",\"@graph\":[{\"@type\":\"WebPage\",\"@id\":\"https:\\\/\\\/shop.bantam.ch\\\/fr\\\/produit\\\/systeme-satellite-automatique-oyster-vision\\\/\",\"url\":\"https:\\\/\\\/shop.bantam.ch\\\/fr\\\/produit\\\/systeme-satellite-automatique-oyster-vision\\\/\",\"name\":\"Syst\u00e8me satellite automatique Oyster Vision - Bantam Wankm\u00fcller SA\",\"isPartOf\":{\"@id\":\"https:\\\/\\\/shop.bantam.ch\\\/fr\\\/#website\"},\"primaryImageOfPage\":{\"@id\":\"https:\\\/\\\/shop.bantam.ch\\\/fr\\\/produit\\\/systeme-satellite-automatique-oyster-vision\\\/#primaryimage\"},\"image\":{\"@id\":\"https:\\\/\\\/shop.bantam.ch\\\/fr\\\/produit\\\/systeme-satellite-automatique-oyster-vision\\\/#primaryimage\"},\"thumbnailUrl\":\"https:\\\/\\\/shop.bantam.ch\\\/wp-content\\\/uploads\\\/2023\\\/02\\\/9941820-100-1-3.jpg\",\"datePublished\":\"2023-02-27T16:33:56+00:00\",\"dateModified\":\"2026-04-18T19:39:08+00:00\",\"breadcrumb\":{\"@id\":\"https:\\\/\\\/shop.bantam.ch\\\/fr\\\/produit\\\/systeme-satellite-automatique-oyster-vision\\\/#breadcrumb\"},\"inLanguage\":\"fr-FR\",\"potentialAction\":[{\"@type\":\"ReadAction\",\"target\":[\"https:\\\/\\\/shop.bantam.ch\\\/fr\\\/produit\\\/systeme-satellite-automatique-oyster-vision\\\/\"]}]},{\"@type\":\"ImageObject\",\"inLanguage\":\"fr-FR\",\"@id\":\"https:\\\/\\\/shop.bantam.ch\\\/fr\\\/produit\\\/systeme-satellite-automatique-oyster-vision\\\/#primaryimage\",\"url\":\"https:\\\/\\\/shop.bantam.ch\\\/wp-content\\\/uploads\\\/2023\\\/02\\\/9941820-100-1-3.jpg\",\"contentUrl\":\"https:\\\/\\\/shop.bantam.ch\\\/wp-content\\\/uploads\\\/2023\\\/02\\\/9941820-100-1-3.jpg\",\"width\":1000,\"height\":900},{\"@type\":\"BreadcrumbList\",\"@id\":\"https:\\\/\\\/shop.bantam.ch\\\/fr\\\/produit\\\/systeme-satellite-automatique-oyster-vision\\\/#breadcrumb\",\"itemListElement\":[{\"@type\":\"ListItem\",\"position\":1,\"name\":\"Accueil\",\"item\":\"https:\\\/\\\/shop.bantam.ch\\\/fr\\\/\"},{\"@type\":\"ListItem\",\"position\":2,\"name\":\"Boutique\",\"item\":\"https:\\\/\\\/shop.bantam.ch\\\/fr\\\/boutique\\\/\"},{\"@type\":\"ListItem\",\"position\":3,\"name\":\"Syst\u00e8me satellite automatique Oyster Vision\"}]},{\"@type\":\"WebSite\",\"@id\":\"https:\\\/\\\/shop.bantam.ch\\\/fr\\\/#website\",\"url\":\"https:\\\/\\\/shop.bantam.ch\\\/fr\\\/\",\"name\":\"Bantam Wankm\u00fcller SA\",\"description\":\"\",\"publisher\":{\"@id\":\"https:\\\/\\\/shop.bantam.ch\\\/fr\\\/#organization\"},\"inLanguage\":\"fr-FR\"},{\"@type\":\"Organization\",\"@id\":\"https:\\\/\\\/shop.bantam.ch\\\/fr\\\/#organization\",\"name\":\"Bantam Wankm\u00fcller SA\",\"url\":\"https:\\\/\\\/shop.bantam.ch\\\/fr\\\/\",\"logo\":{\"@type\":\"ImageObject\",\"inLanguage\":\"fr-FR\",\"@id\":\"https:\\\/\\\/shop.bantam.ch\\\/fr\\\/#\\\/schema\\\/logo\\\/image\\\/\",\"url\":\"https:\\\/\\\/shop.bantam.ch\\\/wp-content\\\/uploads\\\/2022\\\/12\\\/bantam-logo.png\",\"contentUrl\":\"https:\\\/\\\/shop.bantam.ch\\\/wp-content\\\/uploads\\\/2022\\\/12\\\/bantam-logo.png\",\"width\":320,\"height\":71,\"caption\":\"Bantam Wankm\u00fcller SA\"},\"image\":{\"@id\":\"https:\\\/\\\/shop.bantam.ch\\\/fr\\\/#\\\/schema\\\/logo\\\/image\\\/\"}}]}<\/script>\n<!-- \/ Yoast SEO plugin. -->","yoast_head_json":{"title":"Syst\u00e8me satellite automatique Oyster Vision - Bantam Wankm\u00fcller SA","robots":{"index":"index","follow":"follow","max-snippet":"max-snippet:-1","max-image-preview":"max-image-preview:large","max-video-preview":"max-video-preview:-1"},"canonical":"https:\/\/shop.bantam.ch\/fr\/produit\/systeme-satellite-automatique-oyster-vision\/","og_locale":"fr_FR","og_type":"article","og_title":"Syst\u00e8me satellite automatique Oyster Vision - Bantam Wankm\u00fcller SA","og_description":"Antennes 65 cm ou 85 cm pour une r\u00e9ception optimale.R\u00e9glage compl\u00e8tement automatique et localisation du satellite normalement entre30 et 60 secondes.Technique LEM : R\u00e9duction du temps de recherche (l&rsquo;antenne cherche le dernier angle d&rsquo;inclinaison configur\u00e9).Mise en marche autonome au d\u00e9marrage du v\u00e9hicule.Changement de satellite automatique.Traitement de qualit\u00e9 pour un \u00e9quipement solide.Fabricant certifi\u00e9 QM selon ISO [&hellip;]","og_url":"https:\/\/shop.bantam.ch\/fr\/produit\/systeme-satellite-automatique-oyster-vision\/","og_site_name":"Bantam Wankm\u00fcller SA","article_modified_time":"2026-04-18T19:39:08+00:00","og_image":[{"width":1000,"height":900,"url":"https:\/\/shop.bantam.ch\/wp-content\/uploads\/2023\/02\/9941820-100-1-3.jpg","type":"image\/jpeg"}],"twitter_card":"summary_large_image","twitter_misc":{"Dur\u00e9e de lecture estim\u00e9e":"2 minutes"},"schema":{"@context":"https:\/\/schema.org","@graph":[{"@type":"WebPage","@id":"https:\/\/shop.bantam.ch\/fr\/produit\/systeme-satellite-automatique-oyster-vision\/","url":"https:\/\/shop.bantam.ch\/fr\/produit\/systeme-satellite-automatique-oyster-vision\/","name":"Syst\u00e8me satellite automatique Oyster Vision - Bantam Wankm\u00fcller SA","isPartOf":{"@id":"https:\/\/shop.bantam.ch\/fr\/#website"},"primaryImageOfPage":{"@id":"https:\/\/shop.bantam.ch\/fr\/produit\/systeme-satellite-automatique-oyster-vision\/#primaryimage"},"image":{"@id":"https:\/\/shop.bantam.ch\/fr\/produit\/systeme-satellite-automatique-oyster-vision\/#primaryimage"},"thumbnailUrl":"https:\/\/shop.bantam.ch\/wp-content\/uploads\/2023\/02\/9941820-100-1-3.jpg","datePublished":"2023-02-27T16:33:56+00:00","dateModified":"2026-04-18T19:39:08+00:00","breadcrumb":{"@id":"https:\/\/shop.bantam.ch\/fr\/produit\/systeme-satellite-automatique-oyster-vision\/#breadcrumb"},"inLanguage":"fr-FR","potentialAction":[{"@type":"ReadAction","target":["https:\/\/shop.bantam.ch\/fr\/produit\/systeme-satellite-automatique-oyster-vision\/"]}]},{"@type":"ImageObject","inLanguage":"fr-FR","@id":"https:\/\/shop.bantam.ch\/fr\/produit\/systeme-satellite-automatique-oyster-vision\/#primaryimage","url":"https:\/\/shop.bantam.ch\/wp-content\/uploads\/2023\/02\/9941820-100-1-3.jpg","contentUrl":"https:\/\/shop.bantam.ch\/wp-content\/uploads\/2023\/02\/9941820-100-1-3.jpg","width":1000,"height":900},{"@type":"BreadcrumbList","@id":"https:\/\/shop.bantam.ch\/fr\/produit\/systeme-satellite-automatique-oyster-vision\/#breadcrumb","itemListElement":[{"@type":"ListItem","position":1,"name":"Accueil","item":"https:\/\/shop.bantam.ch\/fr\/"},{"@type":"ListItem","position":2,"name":"Boutique","item":"https:\/\/shop.bantam.ch\/fr\/boutique\/"},{"@type":"ListItem","position":3,"name":"Syst\u00e8me satellite automatique Oyster Vision"}]},{"@type":"WebSite","@id":"https:\/\/shop.bantam.ch\/fr\/#website","url":"https:\/\/shop.bantam.ch\/fr\/","name":"Bantam Wankm\u00fcller SA","description":"","publisher":{"@id":"https:\/\/shop.bantam.ch\/fr\/#organization"},"inLanguage":"fr-FR"},{"@type":"Organization","@id":"https:\/\/shop.bantam.ch\/fr\/#organization","name":"Bantam Wankm\u00fcller SA","url":"https:\/\/shop.bantam.ch\/fr\/","logo":{"@type":"ImageObject","inLanguage":"fr-FR","@id":"https:\/\/shop.bantam.ch\/fr\/#\/schema\/logo\/image\/","url":"https:\/\/shop.bantam.ch\/wp-content\/uploads\/2022\/12\/bantam-logo.png","contentUrl":"https:\/\/shop.bantam.ch\/wp-content\/uploads\/2022\/12\/bantam-logo.png","width":320,"height":71,"caption":"Bantam Wankm\u00fcller SA"},"image":{"@id":"https:\/\/shop.bantam.ch\/fr\/#\/schema\/logo\/image\/"}}]}},"_links":{"self":[{"href":"https:\/\/shop.bantam.ch\/fr\/wp-json\/wp\/v2\/product\/59137","targetHints":{"allow":["GET"]}}],"collection":[{"href":"https:\/\/shop.bantam.ch\/fr\/wp-json\/wp\/v2\/product"}],"about":[{"href":"https:\/\/shop.bantam.ch\/fr\/wp-json\/wp\/v2\/types\/product"}],"wp:featuredmedia":[{"embeddable":true,"href":"https:\/\/shop.bantam.ch\/fr\/wp-json\/wp\/v2\/media\/59065"}],"wp:attachment":[{"href":"https:\/\/shop.bantam.ch\/fr\/wp-json\/wp\/v2\/media?parent=59137"}],"wp:term":[{"taxonomy":"product_featured_cat","embeddable":true,"href":"https:\/\/shop.bantam.ch\/fr\/wp-json\/wp\/v2\/product_featured_cat?post=59137"},{"taxonomy":"product_brand","embeddable":true,"href":"https:\/\/shop.bantam.ch\/fr\/wp-json\/wp\/v2\/product_brand?post=59137"},{"taxonomy":"product_cat","embeddable":true,"href":"https:\/\/shop.bantam.ch\/fr\/wp-json\/wp\/v2\/product_cat?post=59137"},{"taxonomy":"product_tag","embeddable":true,"href":"https:\/\/shop.bantam.ch\/fr\/wp-json\/wp\/v2\/product_tag?post=59137"}],"curies":[{"name":"wp","href":"https:\/\/api.w.org\/{rel}","templated":true}]}}