{"id":57769,"date":"2023-02-27T17:14:35","date_gmt":"2023-02-27T16:14:35","guid":{"rendered":"http:\/\/shop.bantam.ch\/produit\/raccord-coude-a-visser-noir\/"},"modified":"2026-04-18T21:11:02","modified_gmt":"2026-04-18T19:11:02","slug":"raccord-coude-a-visser-noir","status":"publish","type":"product","link":"https:\/\/shop.bantam.ch\/fr\/produit\/raccord-coude-a-visser-noir\/","title":{"rendered":"Raccord coud\u00e9 \u00e0 visser, noir"},"content":{"rendered":"<p>Raccord \u00e0 visser en polypropyl\u00e8ne, pour eau potable. R\u00e9sistant \u00e0 une pression jusqu\u2019\u00e0 8\u00a0bars, \u00e0 des temp\u00e9ratures jusqu\u2019\u00e0 90\u00a0\u00b0C, voire 130\u00a0\u00b0C sur de courtes p\u00e9riodes. Adapt\u00e9 aux tuyaux de diam\u00e8tre 10 et 12\u00a0mm.<\/p>\n<p>Contenu de la livraison :<br \/>Contre-\u00e9crou et joint inclus<\/p>\n","protected":false},"excerpt":{"rendered":"<p>Raccord \u00e0 visser en polypropyl\u00e8ne, pour eau potable. R\u00e9sistant \u00e0 une pression jusqu\u2019\u00e0 8\u00a0bars, \u00e0 des temp\u00e9ratures jusqu\u2019\u00e0 90\u00a0\u00b0C, voire 130\u00a0\u00b0C sur de courtes p\u00e9riodes. Adapt\u00e9 aux tuyaux de diam\u00e8tre 10 et 12\u00a0mm. Contenu de la livraison :Contre-\u00e9crou et joint inclus<\/p>\n","protected":false},"featured_media":57761,"template":"","meta":{"_acf_changed":false},"product_featured_cat":[],"product_brand":[3188],"product_cat":[4621],"product_tag":[],"class_list":{"0":"post-57769","1":"product","2":"type-product","3":"status-publish","4":"has-post-thumbnail","6":"product_brand-carysan","7":"product_cat-connecteurs-de-tuyau","9":"first","10":"instock","11":"taxable","12":"shipping-taxable","13":"purchasable","14":"product-type-variable"},"acf":[],"yoast_head":"<!-- This site is optimized with the Yoast SEO plugin v27.4 - https:\/\/yoast.com\/product\/yoast-seo-wordpress\/ -->\n<title>Raccord coud\u00e9 \u00e0 visser, noir - Bantam Wankm\u00fcller SA<\/title>\n<meta name=\"robots\" content=\"index, follow, max-snippet:-1, max-image-preview:large, max-video-preview:-1\" \/>\n<link rel=\"canonical\" href=\"https:\/\/shop.bantam.ch\/fr\/produit\/raccord-coude-a-visser-noir\/\" \/>\n<meta property=\"og:locale\" content=\"fr_FR\" \/>\n<meta property=\"og:type\" content=\"article\" \/>\n<meta property=\"og:title\" content=\"Raccord coud\u00e9 \u00e0 visser, noir - Bantam Wankm\u00fcller SA\" \/>\n<meta property=\"og:description\" content=\"Raccord \u00e0 visser en polypropyl\u00e8ne, pour eau potable. R\u00e9sistant \u00e0 une pression jusqu\u2019\u00e0 8\u00a0bars, \u00e0 des temp\u00e9ratures jusqu\u2019\u00e0 90\u00a0\u00b0C, voire 130\u00a0\u00b0C sur de courtes p\u00e9riodes. Adapt\u00e9 aux tuyaux de diam\u00e8tre 10 et 12\u00a0mm. Contenu de la livraison :Contre-\u00e9crou et joint inclus\" \/>\n<meta property=\"og:url\" content=\"https:\/\/shop.bantam.ch\/fr\/produit\/raccord-coude-a-visser-noir\/\" \/>\n<meta property=\"og:site_name\" content=\"Bantam Wankm\u00fcller SA\" \/>\n<meta property=\"article:modified_time\" content=\"2026-04-18T19:11:02+00:00\" \/>\n<meta property=\"og:image\" content=\"https:\/\/shop.bantam.ch\/wp-content\/uploads\/2023\/02\/9971360-Einschraubtuelle_Winkel_1_2_Zoll_x_10_12-Standard-01-4.jpg\" \/>\n\t<meta property=\"og:image:width\" content=\"869\" \/>\n\t<meta property=\"og:image:height\" content=\"1000\" \/>\n\t<meta property=\"og:image:type\" content=\"image\/jpeg\" \/>\n<meta name=\"twitter:card\" content=\"summary_large_image\" \/>\n<script type=\"application\/ld+json\" class=\"yoast-schema-graph\">{\"@context\":\"https:\\\/\\\/schema.org\",\"@graph\":[{\"@type\":\"WebPage\",\"@id\":\"https:\\\/\\\/shop.bantam.ch\\\/fr\\\/produit\\\/raccord-coude-a-visser-noir\\\/\",\"url\":\"https:\\\/\\\/shop.bantam.ch\\\/fr\\\/produit\\\/raccord-coude-a-visser-noir\\\/\",\"name\":\"Raccord coud\u00e9 \u00e0 visser, noir - Bantam Wankm\u00fcller SA\",\"isPartOf\":{\"@id\":\"https:\\\/\\\/shop.bantam.ch\\\/fr\\\/#website\"},\"primaryImageOfPage\":{\"@id\":\"https:\\\/\\\/shop.bantam.ch\\\/fr\\\/produit\\\/raccord-coude-a-visser-noir\\\/#primaryimage\"},\"image\":{\"@id\":\"https:\\\/\\\/shop.bantam.ch\\\/fr\\\/produit\\\/raccord-coude-a-visser-noir\\\/#primaryimage\"},\"thumbnailUrl\":\"https:\\\/\\\/shop.bantam.ch\\\/wp-content\\\/uploads\\\/2023\\\/02\\\/9971360-Einschraubtuelle_Winkel_1_2_Zoll_x_10_12-Standard-01-4.jpg\",\"datePublished\":\"2023-02-27T16:14:35+00:00\",\"dateModified\":\"2026-04-18T19:11:02+00:00\",\"breadcrumb\":{\"@id\":\"https:\\\/\\\/shop.bantam.ch\\\/fr\\\/produit\\\/raccord-coude-a-visser-noir\\\/#breadcrumb\"},\"inLanguage\":\"fr-FR\",\"potentialAction\":[{\"@type\":\"ReadAction\",\"target\":[\"https:\\\/\\\/shop.bantam.ch\\\/fr\\\/produit\\\/raccord-coude-a-visser-noir\\\/\"]}]},{\"@type\":\"ImageObject\",\"inLanguage\":\"fr-FR\",\"@id\":\"https:\\\/\\\/shop.bantam.ch\\\/fr\\\/produit\\\/raccord-coude-a-visser-noir\\\/#primaryimage\",\"url\":\"https:\\\/\\\/shop.bantam.ch\\\/wp-content\\\/uploads\\\/2023\\\/02\\\/9971360-Einschraubtuelle_Winkel_1_2_Zoll_x_10_12-Standard-01-4.jpg\",\"contentUrl\":\"https:\\\/\\\/shop.bantam.ch\\\/wp-content\\\/uploads\\\/2023\\\/02\\\/9971360-Einschraubtuelle_Winkel_1_2_Zoll_x_10_12-Standard-01-4.jpg\",\"width\":869,\"height\":1000},{\"@type\":\"BreadcrumbList\",\"@id\":\"https:\\\/\\\/shop.bantam.ch\\\/fr\\\/produit\\\/raccord-coude-a-visser-noir\\\/#breadcrumb\",\"itemListElement\":[{\"@type\":\"ListItem\",\"position\":1,\"name\":\"Accueil\",\"item\":\"https:\\\/\\\/shop.bantam.ch\\\/fr\\\/\"},{\"@type\":\"ListItem\",\"position\":2,\"name\":\"Boutique\",\"item\":\"https:\\\/\\\/shop.bantam.ch\\\/fr\\\/boutique\\\/\"},{\"@type\":\"ListItem\",\"position\":3,\"name\":\"Raccord coud\u00e9 \u00e0 visser, noir\"}]},{\"@type\":\"WebSite\",\"@id\":\"https:\\\/\\\/shop.bantam.ch\\\/fr\\\/#website\",\"url\":\"https:\\\/\\\/shop.bantam.ch\\\/fr\\\/\",\"name\":\"Bantam Wankm\u00fcller SA\",\"description\":\"\",\"publisher\":{\"@id\":\"https:\\\/\\\/shop.bantam.ch\\\/fr\\\/#organization\"},\"inLanguage\":\"fr-FR\"},{\"@type\":\"Organization\",\"@id\":\"https:\\\/\\\/shop.bantam.ch\\\/fr\\\/#organization\",\"name\":\"Bantam Wankm\u00fcller SA\",\"url\":\"https:\\\/\\\/shop.bantam.ch\\\/fr\\\/\",\"logo\":{\"@type\":\"ImageObject\",\"inLanguage\":\"fr-FR\",\"@id\":\"https:\\\/\\\/shop.bantam.ch\\\/fr\\\/#\\\/schema\\\/logo\\\/image\\\/\",\"url\":\"https:\\\/\\\/shop.bantam.ch\\\/wp-content\\\/uploads\\\/2022\\\/12\\\/bantam-logo.png\",\"contentUrl\":\"https:\\\/\\\/shop.bantam.ch\\\/wp-content\\\/uploads\\\/2022\\\/12\\\/bantam-logo.png\",\"width\":320,\"height\":71,\"caption\":\"Bantam Wankm\u00fcller SA\"},\"image\":{\"@id\":\"https:\\\/\\\/shop.bantam.ch\\\/fr\\\/#\\\/schema\\\/logo\\\/image\\\/\"}}]}<\/script>\n<!-- \/ Yoast SEO plugin. -->","yoast_head_json":{"title":"Raccord coud\u00e9 \u00e0 visser, noir - Bantam Wankm\u00fcller SA","robots":{"index":"index","follow":"follow","max-snippet":"max-snippet:-1","max-image-preview":"max-image-preview:large","max-video-preview":"max-video-preview:-1"},"canonical":"https:\/\/shop.bantam.ch\/fr\/produit\/raccord-coude-a-visser-noir\/","og_locale":"fr_FR","og_type":"article","og_title":"Raccord coud\u00e9 \u00e0 visser, noir - Bantam Wankm\u00fcller SA","og_description":"Raccord \u00e0 visser en polypropyl\u00e8ne, pour eau potable. R\u00e9sistant \u00e0 une pression jusqu\u2019\u00e0 8\u00a0bars, \u00e0 des temp\u00e9ratures jusqu\u2019\u00e0 90\u00a0\u00b0C, voire 130\u00a0\u00b0C sur de courtes p\u00e9riodes. Adapt\u00e9 aux tuyaux de diam\u00e8tre 10 et 12\u00a0mm. Contenu de la livraison :Contre-\u00e9crou et joint inclus","og_url":"https:\/\/shop.bantam.ch\/fr\/produit\/raccord-coude-a-visser-noir\/","og_site_name":"Bantam Wankm\u00fcller SA","article_modified_time":"2026-04-18T19:11:02+00:00","og_image":[{"width":869,"height":1000,"url":"https:\/\/shop.bantam.ch\/wp-content\/uploads\/2023\/02\/9971360-Einschraubtuelle_Winkel_1_2_Zoll_x_10_12-Standard-01-4.jpg","type":"image\/jpeg"}],"twitter_card":"summary_large_image","schema":{"@context":"https:\/\/schema.org","@graph":[{"@type":"WebPage","@id":"https:\/\/shop.bantam.ch\/fr\/produit\/raccord-coude-a-visser-noir\/","url":"https:\/\/shop.bantam.ch\/fr\/produit\/raccord-coude-a-visser-noir\/","name":"Raccord coud\u00e9 \u00e0 visser, noir - Bantam Wankm\u00fcller SA","isPartOf":{"@id":"https:\/\/shop.bantam.ch\/fr\/#website"},"primaryImageOfPage":{"@id":"https:\/\/shop.bantam.ch\/fr\/produit\/raccord-coude-a-visser-noir\/#primaryimage"},"image":{"@id":"https:\/\/shop.bantam.ch\/fr\/produit\/raccord-coude-a-visser-noir\/#primaryimage"},"thumbnailUrl":"https:\/\/shop.bantam.ch\/wp-content\/uploads\/2023\/02\/9971360-Einschraubtuelle_Winkel_1_2_Zoll_x_10_12-Standard-01-4.jpg","datePublished":"2023-02-27T16:14:35+00:00","dateModified":"2026-04-18T19:11:02+00:00","breadcrumb":{"@id":"https:\/\/shop.bantam.ch\/fr\/produit\/raccord-coude-a-visser-noir\/#breadcrumb"},"inLanguage":"fr-FR","potentialAction":[{"@type":"ReadAction","target":["https:\/\/shop.bantam.ch\/fr\/produit\/raccord-coude-a-visser-noir\/"]}]},{"@type":"ImageObject","inLanguage":"fr-FR","@id":"https:\/\/shop.bantam.ch\/fr\/produit\/raccord-coude-a-visser-noir\/#primaryimage","url":"https:\/\/shop.bantam.ch\/wp-content\/uploads\/2023\/02\/9971360-Einschraubtuelle_Winkel_1_2_Zoll_x_10_12-Standard-01-4.jpg","contentUrl":"https:\/\/shop.bantam.ch\/wp-content\/uploads\/2023\/02\/9971360-Einschraubtuelle_Winkel_1_2_Zoll_x_10_12-Standard-01-4.jpg","width":869,"height":1000},{"@type":"BreadcrumbList","@id":"https:\/\/shop.bantam.ch\/fr\/produit\/raccord-coude-a-visser-noir\/#breadcrumb","itemListElement":[{"@type":"ListItem","position":1,"name":"Accueil","item":"https:\/\/shop.bantam.ch\/fr\/"},{"@type":"ListItem","position":2,"name":"Boutique","item":"https:\/\/shop.bantam.ch\/fr\/boutique\/"},{"@type":"ListItem","position":3,"name":"Raccord coud\u00e9 \u00e0 visser, noir"}]},{"@type":"WebSite","@id":"https:\/\/shop.bantam.ch\/fr\/#website","url":"https:\/\/shop.bantam.ch\/fr\/","name":"Bantam Wankm\u00fcller SA","description":"","publisher":{"@id":"https:\/\/shop.bantam.ch\/fr\/#organization"},"inLanguage":"fr-FR"},{"@type":"Organization","@id":"https:\/\/shop.bantam.ch\/fr\/#organization","name":"Bantam Wankm\u00fcller SA","url":"https:\/\/shop.bantam.ch\/fr\/","logo":{"@type":"ImageObject","inLanguage":"fr-FR","@id":"https:\/\/shop.bantam.ch\/fr\/#\/schema\/logo\/image\/","url":"https:\/\/shop.bantam.ch\/wp-content\/uploads\/2022\/12\/bantam-logo.png","contentUrl":"https:\/\/shop.bantam.ch\/wp-content\/uploads\/2022\/12\/bantam-logo.png","width":320,"height":71,"caption":"Bantam Wankm\u00fcller SA"},"image":{"@id":"https:\/\/shop.bantam.ch\/fr\/#\/schema\/logo\/image\/"}}]}},"_links":{"self":[{"href":"https:\/\/shop.bantam.ch\/fr\/wp-json\/wp\/v2\/product\/57769","targetHints":{"allow":["GET"]}}],"collection":[{"href":"https:\/\/shop.bantam.ch\/fr\/wp-json\/wp\/v2\/product"}],"about":[{"href":"https:\/\/shop.bantam.ch\/fr\/wp-json\/wp\/v2\/types\/product"}],"wp:featuredmedia":[{"embeddable":true,"href":"https:\/\/shop.bantam.ch\/fr\/wp-json\/wp\/v2\/media\/57761"}],"wp:attachment":[{"href":"https:\/\/shop.bantam.ch\/fr\/wp-json\/wp\/v2\/media?parent=57769"}],"wp:term":[{"taxonomy":"product_featured_cat","embeddable":true,"href":"https:\/\/shop.bantam.ch\/fr\/wp-json\/wp\/v2\/product_featured_cat?post=57769"},{"taxonomy":"product_brand","embeddable":true,"href":"https:\/\/shop.bantam.ch\/fr\/wp-json\/wp\/v2\/product_brand?post=57769"},{"taxonomy":"product_cat","embeddable":true,"href":"https:\/\/shop.bantam.ch\/fr\/wp-json\/wp\/v2\/product_cat?post=57769"},{"taxonomy":"product_tag","embeddable":true,"href":"https:\/\/shop.bantam.ch\/fr\/wp-json\/wp\/v2\/product_tag?post=57769"}],"curies":[{"name":"wp","href":"https:\/\/api.w.org\/{rel}","templated":true}]}}