{"id":57703,"date":"2023-02-27T17:13:30","date_gmt":"2023-02-27T16:13:30","guid":{"rendered":"http:\/\/shop.bantam.ch\/produit\/batterie-dual-agm-ep\/"},"modified":"2026-04-20T21:00:51","modified_gmt":"2026-04-20T19:00:51","slug":"batterie-dual-agm-ep","status":"publish","type":"product","link":"https:\/\/shop.bantam.ch\/fr\/produit\/batterie-dual-agm-ep\/","title":{"rendered":"Batterie Dual AGM EP"},"content":{"rendered":"<p>Une batterie con\u00e7ue pour alimenter les camping-cars et les caravanes les plus courants et offrir au moteur une bonne puissance de d\u00e9marrage.  Leur construction offre une grande souplesse d\u2018installation (dans l\u2018habitacle ou sur le c\u00f4t\u00e9), une \u00e9conomie de maintenance (absolument sans maintenance, convient pour longues p\u00e9riodes d\u2018immobilit\u00e9, \u00e9conomie du temps de charge jusqu\u2018\u00e0 50%) et robustesse (haute r\u00e9sistance aux vibrations et aux inclinaisons, herm\u00e9tique et \u00e9tanche). La technologie employ\u00e9e (s\u00e9parateur fibre de verre\/grille) associ\u00e9e \u00e0 un alliage Ca\/Ca et une a\u00e9ration VRLA (r\u00e9gul\u00e9e par une valve) couvre une plage de puissances de 450 \u00e0 2\u00a0100\u00a0Wh et offre ainsi de vastes possibilit\u00e9s pour les v\u00e9hicules de loisirs les plus modernes et les plus exigeants.<\/p>\n","protected":false},"excerpt":{"rendered":"<p>Une batterie con\u00e7ue pour alimenter les camping-cars et les caravanes les plus courants et offrir au moteur une bonne puissance de d\u00e9marrage. Leur construction offre une grande souplesse d\u2018installation (dans l\u2018habitacle ou sur le c\u00f4t\u00e9), une \u00e9conomie de maintenance (absolument sans maintenance, convient pour longues p\u00e9riodes d\u2018immobilit\u00e9, \u00e9conomie du temps de charge jusqu\u2018\u00e0 50%) et [&hellip;]<\/p>\n","protected":false},"featured_media":57691,"template":"","meta":{"_acf_changed":false},"product_featured_cat":[],"product_brand":[3366],"product_cat":[5107],"product_tag":[],"class_list":{"0":"post-57703","1":"product","2":"type-product","3":"status-publish","4":"has-post-thumbnail","6":"product_brand-exide","7":"product_cat-batteries-agm","9":"first","10":"instock","11":"taxable","12":"shipping-taxable","13":"purchasable","14":"product-type-variable"},"acf":[],"yoast_head":"<!-- This site is optimized with the Yoast SEO plugin v27.4 - https:\/\/yoast.com\/product\/yoast-seo-wordpress\/ -->\n<title>Batterie Dual AGM EP - Bantam Wankm\u00fcller SA<\/title>\n<meta name=\"robots\" content=\"index, follow, max-snippet:-1, max-image-preview:large, max-video-preview:-1\" \/>\n<link rel=\"canonical\" href=\"https:\/\/shop.bantam.ch\/fr\/produit\/batterie-dual-agm-ep\/\" \/>\n<meta property=\"og:locale\" content=\"fr_FR\" \/>\n<meta property=\"og:type\" content=\"article\" \/>\n<meta property=\"og:title\" content=\"Batterie Dual AGM EP - Bantam Wankm\u00fcller SA\" \/>\n<meta property=\"og:description\" content=\"Une batterie con\u00e7ue pour alimenter les camping-cars et les caravanes les plus courants et offrir au moteur une bonne puissance de d\u00e9marrage. Leur construction offre une grande souplesse d\u2018installation (dans l\u2018habitacle ou sur le c\u00f4t\u00e9), une \u00e9conomie de maintenance (absolument sans maintenance, convient pour longues p\u00e9riodes d\u2018immobilit\u00e9, \u00e9conomie du temps de charge jusqu\u2018\u00e0 50%) et [&hellip;]\" \/>\n<meta property=\"og:url\" content=\"https:\/\/shop.bantam.ch\/fr\/produit\/batterie-dual-agm-ep\/\" \/>\n<meta property=\"og:site_name\" content=\"Bantam Wankm\u00fcller SA\" \/>\n<meta property=\"article:modified_time\" content=\"2026-04-20T19:00:51+00:00\" \/>\n<meta property=\"og:image\" content=\"https:\/\/shop.bantam.ch\/wp-content\/uploads\/2023\/02\/9952645-Batterie_AGM_EK_800-Standard-01-4.jpg\" \/>\n\t<meta property=\"og:image:width\" content=\"1000\" \/>\n\t<meta property=\"og:image:height\" content=\"742\" \/>\n\t<meta property=\"og:image:type\" content=\"image\/jpeg\" \/>\n<meta name=\"twitter:card\" content=\"summary_large_image\" \/>\n<meta name=\"twitter:label1\" content=\"Dur\u00e9e de lecture estim\u00e9e\" \/>\n\t<meta name=\"twitter:data1\" content=\"1 minute\" \/>\n<script type=\"application\/ld+json\" class=\"yoast-schema-graph\">{\"@context\":\"https:\\\/\\\/schema.org\",\"@graph\":[{\"@type\":\"WebPage\",\"@id\":\"https:\\\/\\\/shop.bantam.ch\\\/fr\\\/produit\\\/batterie-dual-agm-ep\\\/\",\"url\":\"https:\\\/\\\/shop.bantam.ch\\\/fr\\\/produit\\\/batterie-dual-agm-ep\\\/\",\"name\":\"Batterie Dual AGM EP - Bantam Wankm\u00fcller SA\",\"isPartOf\":{\"@id\":\"https:\\\/\\\/shop.bantam.ch\\\/fr\\\/#website\"},\"primaryImageOfPage\":{\"@id\":\"https:\\\/\\\/shop.bantam.ch\\\/fr\\\/produit\\\/batterie-dual-agm-ep\\\/#primaryimage\"},\"image\":{\"@id\":\"https:\\\/\\\/shop.bantam.ch\\\/fr\\\/produit\\\/batterie-dual-agm-ep\\\/#primaryimage\"},\"thumbnailUrl\":\"https:\\\/\\\/shop.bantam.ch\\\/wp-content\\\/uploads\\\/2023\\\/02\\\/9952645-Batterie_AGM_EK_800-Standard-01-4.jpg\",\"datePublished\":\"2023-02-27T16:13:30+00:00\",\"dateModified\":\"2026-04-20T19:00:51+00:00\",\"breadcrumb\":{\"@id\":\"https:\\\/\\\/shop.bantam.ch\\\/fr\\\/produit\\\/batterie-dual-agm-ep\\\/#breadcrumb\"},\"inLanguage\":\"fr-FR\",\"potentialAction\":[{\"@type\":\"ReadAction\",\"target\":[\"https:\\\/\\\/shop.bantam.ch\\\/fr\\\/produit\\\/batterie-dual-agm-ep\\\/\"]}]},{\"@type\":\"ImageObject\",\"inLanguage\":\"fr-FR\",\"@id\":\"https:\\\/\\\/shop.bantam.ch\\\/fr\\\/produit\\\/batterie-dual-agm-ep\\\/#primaryimage\",\"url\":\"https:\\\/\\\/shop.bantam.ch\\\/wp-content\\\/uploads\\\/2023\\\/02\\\/9952645-Batterie_AGM_EK_800-Standard-01-4.jpg\",\"contentUrl\":\"https:\\\/\\\/shop.bantam.ch\\\/wp-content\\\/uploads\\\/2023\\\/02\\\/9952645-Batterie_AGM_EK_800-Standard-01-4.jpg\",\"width\":1000,\"height\":742},{\"@type\":\"BreadcrumbList\",\"@id\":\"https:\\\/\\\/shop.bantam.ch\\\/fr\\\/produit\\\/batterie-dual-agm-ep\\\/#breadcrumb\",\"itemListElement\":[{\"@type\":\"ListItem\",\"position\":1,\"name\":\"Accueil\",\"item\":\"https:\\\/\\\/shop.bantam.ch\\\/fr\\\/\"},{\"@type\":\"ListItem\",\"position\":2,\"name\":\"Boutique\",\"item\":\"https:\\\/\\\/shop.bantam.ch\\\/fr\\\/boutique\\\/\"},{\"@type\":\"ListItem\",\"position\":3,\"name\":\"Batterie Dual AGM EP\"}]},{\"@type\":\"WebSite\",\"@id\":\"https:\\\/\\\/shop.bantam.ch\\\/fr\\\/#website\",\"url\":\"https:\\\/\\\/shop.bantam.ch\\\/fr\\\/\",\"name\":\"Bantam Wankm\u00fcller SA\",\"description\":\"\",\"publisher\":{\"@id\":\"https:\\\/\\\/shop.bantam.ch\\\/fr\\\/#organization\"},\"inLanguage\":\"fr-FR\"},{\"@type\":\"Organization\",\"@id\":\"https:\\\/\\\/shop.bantam.ch\\\/fr\\\/#organization\",\"name\":\"Bantam Wankm\u00fcller SA\",\"url\":\"https:\\\/\\\/shop.bantam.ch\\\/fr\\\/\",\"logo\":{\"@type\":\"ImageObject\",\"inLanguage\":\"fr-FR\",\"@id\":\"https:\\\/\\\/shop.bantam.ch\\\/fr\\\/#\\\/schema\\\/logo\\\/image\\\/\",\"url\":\"https:\\\/\\\/shop.bantam.ch\\\/wp-content\\\/uploads\\\/2022\\\/12\\\/bantam-logo.png\",\"contentUrl\":\"https:\\\/\\\/shop.bantam.ch\\\/wp-content\\\/uploads\\\/2022\\\/12\\\/bantam-logo.png\",\"width\":320,\"height\":71,\"caption\":\"Bantam Wankm\u00fcller SA\"},\"image\":{\"@id\":\"https:\\\/\\\/shop.bantam.ch\\\/fr\\\/#\\\/schema\\\/logo\\\/image\\\/\"}}]}<\/script>\n<!-- \/ Yoast SEO plugin. -->","yoast_head_json":{"title":"Batterie Dual AGM EP - Bantam Wankm\u00fcller SA","robots":{"index":"index","follow":"follow","max-snippet":"max-snippet:-1","max-image-preview":"max-image-preview:large","max-video-preview":"max-video-preview:-1"},"canonical":"https:\/\/shop.bantam.ch\/fr\/produit\/batterie-dual-agm-ep\/","og_locale":"fr_FR","og_type":"article","og_title":"Batterie Dual AGM EP - Bantam Wankm\u00fcller SA","og_description":"Une batterie con\u00e7ue pour alimenter les camping-cars et les caravanes les plus courants et offrir au moteur une bonne puissance de d\u00e9marrage. Leur construction offre une grande souplesse d\u2018installation (dans l\u2018habitacle ou sur le c\u00f4t\u00e9), une \u00e9conomie de maintenance (absolument sans maintenance, convient pour longues p\u00e9riodes d\u2018immobilit\u00e9, \u00e9conomie du temps de charge jusqu\u2018\u00e0 50%) et [&hellip;]","og_url":"https:\/\/shop.bantam.ch\/fr\/produit\/batterie-dual-agm-ep\/","og_site_name":"Bantam Wankm\u00fcller SA","article_modified_time":"2026-04-20T19:00:51+00:00","og_image":[{"width":1000,"height":742,"url":"https:\/\/shop.bantam.ch\/wp-content\/uploads\/2023\/02\/9952645-Batterie_AGM_EK_800-Standard-01-4.jpg","type":"image\/jpeg"}],"twitter_card":"summary_large_image","twitter_misc":{"Dur\u00e9e de lecture estim\u00e9e":"1 minute"},"schema":{"@context":"https:\/\/schema.org","@graph":[{"@type":"WebPage","@id":"https:\/\/shop.bantam.ch\/fr\/produit\/batterie-dual-agm-ep\/","url":"https:\/\/shop.bantam.ch\/fr\/produit\/batterie-dual-agm-ep\/","name":"Batterie Dual AGM EP - Bantam Wankm\u00fcller SA","isPartOf":{"@id":"https:\/\/shop.bantam.ch\/fr\/#website"},"primaryImageOfPage":{"@id":"https:\/\/shop.bantam.ch\/fr\/produit\/batterie-dual-agm-ep\/#primaryimage"},"image":{"@id":"https:\/\/shop.bantam.ch\/fr\/produit\/batterie-dual-agm-ep\/#primaryimage"},"thumbnailUrl":"https:\/\/shop.bantam.ch\/wp-content\/uploads\/2023\/02\/9952645-Batterie_AGM_EK_800-Standard-01-4.jpg","datePublished":"2023-02-27T16:13:30+00:00","dateModified":"2026-04-20T19:00:51+00:00","breadcrumb":{"@id":"https:\/\/shop.bantam.ch\/fr\/produit\/batterie-dual-agm-ep\/#breadcrumb"},"inLanguage":"fr-FR","potentialAction":[{"@type":"ReadAction","target":["https:\/\/shop.bantam.ch\/fr\/produit\/batterie-dual-agm-ep\/"]}]},{"@type":"ImageObject","inLanguage":"fr-FR","@id":"https:\/\/shop.bantam.ch\/fr\/produit\/batterie-dual-agm-ep\/#primaryimage","url":"https:\/\/shop.bantam.ch\/wp-content\/uploads\/2023\/02\/9952645-Batterie_AGM_EK_800-Standard-01-4.jpg","contentUrl":"https:\/\/shop.bantam.ch\/wp-content\/uploads\/2023\/02\/9952645-Batterie_AGM_EK_800-Standard-01-4.jpg","width":1000,"height":742},{"@type":"BreadcrumbList","@id":"https:\/\/shop.bantam.ch\/fr\/produit\/batterie-dual-agm-ep\/#breadcrumb","itemListElement":[{"@type":"ListItem","position":1,"name":"Accueil","item":"https:\/\/shop.bantam.ch\/fr\/"},{"@type":"ListItem","position":2,"name":"Boutique","item":"https:\/\/shop.bantam.ch\/fr\/boutique\/"},{"@type":"ListItem","position":3,"name":"Batterie Dual AGM EP"}]},{"@type":"WebSite","@id":"https:\/\/shop.bantam.ch\/fr\/#website","url":"https:\/\/shop.bantam.ch\/fr\/","name":"Bantam Wankm\u00fcller SA","description":"","publisher":{"@id":"https:\/\/shop.bantam.ch\/fr\/#organization"},"inLanguage":"fr-FR"},{"@type":"Organization","@id":"https:\/\/shop.bantam.ch\/fr\/#organization","name":"Bantam Wankm\u00fcller SA","url":"https:\/\/shop.bantam.ch\/fr\/","logo":{"@type":"ImageObject","inLanguage":"fr-FR","@id":"https:\/\/shop.bantam.ch\/fr\/#\/schema\/logo\/image\/","url":"https:\/\/shop.bantam.ch\/wp-content\/uploads\/2022\/12\/bantam-logo.png","contentUrl":"https:\/\/shop.bantam.ch\/wp-content\/uploads\/2022\/12\/bantam-logo.png","width":320,"height":71,"caption":"Bantam Wankm\u00fcller SA"},"image":{"@id":"https:\/\/shop.bantam.ch\/fr\/#\/schema\/logo\/image\/"}}]}},"_links":{"self":[{"href":"https:\/\/shop.bantam.ch\/fr\/wp-json\/wp\/v2\/product\/57703","targetHints":{"allow":["GET"]}}],"collection":[{"href":"https:\/\/shop.bantam.ch\/fr\/wp-json\/wp\/v2\/product"}],"about":[{"href":"https:\/\/shop.bantam.ch\/fr\/wp-json\/wp\/v2\/types\/product"}],"wp:featuredmedia":[{"embeddable":true,"href":"https:\/\/shop.bantam.ch\/fr\/wp-json\/wp\/v2\/media\/57691"}],"wp:attachment":[{"href":"https:\/\/shop.bantam.ch\/fr\/wp-json\/wp\/v2\/media?parent=57703"}],"wp:term":[{"taxonomy":"product_featured_cat","embeddable":true,"href":"https:\/\/shop.bantam.ch\/fr\/wp-json\/wp\/v2\/product_featured_cat?post=57703"},{"taxonomy":"product_brand","embeddable":true,"href":"https:\/\/shop.bantam.ch\/fr\/wp-json\/wp\/v2\/product_brand?post=57703"},{"taxonomy":"product_cat","embeddable":true,"href":"https:\/\/shop.bantam.ch\/fr\/wp-json\/wp\/v2\/product_cat?post=57703"},{"taxonomy":"product_tag","embeddable":true,"href":"https:\/\/shop.bantam.ch\/fr\/wp-json\/wp\/v2\/product_tag?post=57703"}],"curies":[{"name":"wp","href":"https:\/\/api.w.org\/{rel}","templated":true}]}}