{"id":56103,"date":"2023-02-24T12:57:32","date_gmt":"2023-02-24T11:57:32","guid":{"rendered":"http:\/\/preprod-dev.sh1.hidora.com\/webshop\/produit\/batterie-professional-agm-la\/"},"modified":"2026-04-19T21:31:45","modified_gmt":"2026-04-19T19:31:45","slug":"batterie-professional-agm-la","status":"publish","type":"product","link":"https:\/\/shop.bantam.ch\/fr\/produit\/batterie-professional-agm-la\/","title":{"rendered":"Batterie Professional AGM LA"},"content":{"rendered":"<p>Batterie plomb-acide haut de gamme avec une constance cyclique 3 \u00e0 4 fois sup\u00e9rieure \u00e0 celle des batteries usuelles. Fournisseur d\u2018\u00e9nergie fiable pour votre camping-car ou votre caravane. Convient aussi pour Dual Power pour le d\u00e9marrage et l\u2018alimentation (par ex. montage de la tour et de la fl\u00e8che pour votre caravane et \u00e9clairage). Forte d\u00e9pense d\u2018\u00e9nergie du fait de la possibilit\u00e9 d\u2018une recharge rapide.  Des valves de s\u00e9curit\u00e9 et une absence d\u2018entretien permettent de manipuler le produit en toute s\u00e9curit\u00e9.<\/p>\n","protected":false},"excerpt":{"rendered":"<p>Batterie plomb-acide haut de gamme avec une constance cyclique 3 \u00e0 4 fois sup\u00e9rieure \u00e0 celle des batteries usuelles. Fournisseur d\u2018\u00e9nergie fiable pour votre camping-car ou votre caravane. Convient aussi pour Dual Power pour le d\u00e9marrage et l\u2018alimentation (par ex. montage de la tour et de la fl\u00e8che pour votre caravane et \u00e9clairage). Forte d\u00e9pense [&hellip;]<\/p>\n","protected":false},"featured_media":56093,"template":"","meta":{"_acf_changed":false},"product_featured_cat":[],"product_brand":[3382],"product_cat":[5107],"product_tag":[],"class_list":{"0":"post-56103","1":"product","2":"type-product","3":"status-publish","4":"has-post-thumbnail","6":"product_brand-varta","7":"product_cat-batteries-agm","9":"first","10":"instock","11":"taxable","12":"shipping-taxable","13":"purchasable","14":"product-type-variable"},"acf":[],"yoast_head":"<!-- This site is optimized with the Yoast SEO plugin v27.4 - https:\/\/yoast.com\/product\/yoast-seo-wordpress\/ -->\n<title>Batterie Professional AGM LA - Bantam Wankm\u00fcller SA<\/title>\n<meta name=\"robots\" content=\"index, follow, max-snippet:-1, max-image-preview:large, max-video-preview:-1\" \/>\n<link rel=\"canonical\" href=\"https:\/\/shop.bantam.ch\/fr\/produit\/batterie-professional-agm-la\/\" \/>\n<meta property=\"og:locale\" content=\"fr_FR\" \/>\n<meta property=\"og:type\" content=\"article\" \/>\n<meta property=\"og:title\" content=\"Batterie Professional AGM LA - Bantam Wankm\u00fcller SA\" \/>\n<meta property=\"og:description\" content=\"Batterie plomb-acide haut de gamme avec une constance cyclique 3 \u00e0 4 fois sup\u00e9rieure \u00e0 celle des batteries usuelles. Fournisseur d\u2018\u00e9nergie fiable pour votre camping-car ou votre caravane. Convient aussi pour Dual Power pour le d\u00e9marrage et l\u2018alimentation (par ex. montage de la tour et de la fl\u00e8che pour votre caravane et \u00e9clairage). Forte d\u00e9pense [&hellip;]\" \/>\n<meta property=\"og:url\" content=\"https:\/\/shop.bantam.ch\/fr\/produit\/batterie-professional-agm-la\/\" \/>\n<meta property=\"og:site_name\" content=\"Bantam Wankm\u00fcller SA\" \/>\n<meta property=\"article:modified_time\" content=\"2026-04-19T19:31:45+00:00\" \/>\n<meta property=\"og:image\" content=\"https:\/\/shop.bantam.ch\/wp-content\/uploads\/2023\/02\/9985917-VARTA_Batterie_Professional_AGM_LA_105_AH-Standard-01.jpg\" \/>\n\t<meta property=\"og:image:width\" content=\"1000\" \/>\n\t<meta property=\"og:image:height\" content=\"890\" \/>\n\t<meta property=\"og:image:type\" content=\"image\/jpeg\" \/>\n<meta name=\"twitter:card\" content=\"summary_large_image\" \/>\n<script type=\"application\/ld+json\" class=\"yoast-schema-graph\">{\"@context\":\"https:\\\/\\\/schema.org\",\"@graph\":[{\"@type\":\"WebPage\",\"@id\":\"https:\\\/\\\/shop.bantam.ch\\\/fr\\\/produit\\\/batterie-professional-agm-la\\\/\",\"url\":\"https:\\\/\\\/shop.bantam.ch\\\/fr\\\/produit\\\/batterie-professional-agm-la\\\/\",\"name\":\"Batterie Professional AGM LA - Bantam Wankm\u00fcller SA\",\"isPartOf\":{\"@id\":\"https:\\\/\\\/shop.bantam.ch\\\/fr\\\/#website\"},\"primaryImageOfPage\":{\"@id\":\"https:\\\/\\\/shop.bantam.ch\\\/fr\\\/produit\\\/batterie-professional-agm-la\\\/#primaryimage\"},\"image\":{\"@id\":\"https:\\\/\\\/shop.bantam.ch\\\/fr\\\/produit\\\/batterie-professional-agm-la\\\/#primaryimage\"},\"thumbnailUrl\":\"https:\\\/\\\/shop.bantam.ch\\\/wp-content\\\/uploads\\\/2023\\\/02\\\/9985917-VARTA_Batterie_Professional_AGM_LA_105_AH-Standard-01.jpg\",\"datePublished\":\"2023-02-24T11:57:32+00:00\",\"dateModified\":\"2026-04-19T19:31:45+00:00\",\"breadcrumb\":{\"@id\":\"https:\\\/\\\/shop.bantam.ch\\\/fr\\\/produit\\\/batterie-professional-agm-la\\\/#breadcrumb\"},\"inLanguage\":\"fr-FR\",\"potentialAction\":[{\"@type\":\"ReadAction\",\"target\":[\"https:\\\/\\\/shop.bantam.ch\\\/fr\\\/produit\\\/batterie-professional-agm-la\\\/\"]}]},{\"@type\":\"ImageObject\",\"inLanguage\":\"fr-FR\",\"@id\":\"https:\\\/\\\/shop.bantam.ch\\\/fr\\\/produit\\\/batterie-professional-agm-la\\\/#primaryimage\",\"url\":\"https:\\\/\\\/shop.bantam.ch\\\/wp-content\\\/uploads\\\/2023\\\/02\\\/9985917-VARTA_Batterie_Professional_AGM_LA_105_AH-Standard-01.jpg\",\"contentUrl\":\"https:\\\/\\\/shop.bantam.ch\\\/wp-content\\\/uploads\\\/2023\\\/02\\\/9985917-VARTA_Batterie_Professional_AGM_LA_105_AH-Standard-01.jpg\",\"width\":1000,\"height\":890},{\"@type\":\"BreadcrumbList\",\"@id\":\"https:\\\/\\\/shop.bantam.ch\\\/fr\\\/produit\\\/batterie-professional-agm-la\\\/#breadcrumb\",\"itemListElement\":[{\"@type\":\"ListItem\",\"position\":1,\"name\":\"Accueil\",\"item\":\"https:\\\/\\\/shop.bantam.ch\\\/fr\\\/\"},{\"@type\":\"ListItem\",\"position\":2,\"name\":\"Boutique\",\"item\":\"https:\\\/\\\/shop.bantam.ch\\\/fr\\\/boutique\\\/\"},{\"@type\":\"ListItem\",\"position\":3,\"name\":\"Batterie Professional AGM LA\"}]},{\"@type\":\"WebSite\",\"@id\":\"https:\\\/\\\/shop.bantam.ch\\\/fr\\\/#website\",\"url\":\"https:\\\/\\\/shop.bantam.ch\\\/fr\\\/\",\"name\":\"Bantam Wankm\u00fcller SA\",\"description\":\"\",\"publisher\":{\"@id\":\"https:\\\/\\\/shop.bantam.ch\\\/fr\\\/#organization\"},\"inLanguage\":\"fr-FR\"},{\"@type\":\"Organization\",\"@id\":\"https:\\\/\\\/shop.bantam.ch\\\/fr\\\/#organization\",\"name\":\"Bantam Wankm\u00fcller SA\",\"url\":\"https:\\\/\\\/shop.bantam.ch\\\/fr\\\/\",\"logo\":{\"@type\":\"ImageObject\",\"inLanguage\":\"fr-FR\",\"@id\":\"https:\\\/\\\/shop.bantam.ch\\\/fr\\\/#\\\/schema\\\/logo\\\/image\\\/\",\"url\":\"https:\\\/\\\/shop.bantam.ch\\\/wp-content\\\/uploads\\\/2022\\\/12\\\/bantam-logo.png\",\"contentUrl\":\"https:\\\/\\\/shop.bantam.ch\\\/wp-content\\\/uploads\\\/2022\\\/12\\\/bantam-logo.png\",\"width\":320,\"height\":71,\"caption\":\"Bantam Wankm\u00fcller SA\"},\"image\":{\"@id\":\"https:\\\/\\\/shop.bantam.ch\\\/fr\\\/#\\\/schema\\\/logo\\\/image\\\/\"}}]}<\/script>\n<!-- \/ Yoast SEO plugin. -->","yoast_head_json":{"title":"Batterie Professional AGM LA - Bantam Wankm\u00fcller SA","robots":{"index":"index","follow":"follow","max-snippet":"max-snippet:-1","max-image-preview":"max-image-preview:large","max-video-preview":"max-video-preview:-1"},"canonical":"https:\/\/shop.bantam.ch\/fr\/produit\/batterie-professional-agm-la\/","og_locale":"fr_FR","og_type":"article","og_title":"Batterie Professional AGM LA - Bantam Wankm\u00fcller SA","og_description":"Batterie plomb-acide haut de gamme avec une constance cyclique 3 \u00e0 4 fois sup\u00e9rieure \u00e0 celle des batteries usuelles. Fournisseur d\u2018\u00e9nergie fiable pour votre camping-car ou votre caravane. Convient aussi pour Dual Power pour le d\u00e9marrage et l\u2018alimentation (par ex. montage de la tour et de la fl\u00e8che pour votre caravane et \u00e9clairage). Forte d\u00e9pense [&hellip;]","og_url":"https:\/\/shop.bantam.ch\/fr\/produit\/batterie-professional-agm-la\/","og_site_name":"Bantam Wankm\u00fcller SA","article_modified_time":"2026-04-19T19:31:45+00:00","og_image":[{"width":1000,"height":890,"url":"https:\/\/shop.bantam.ch\/wp-content\/uploads\/2023\/02\/9985917-VARTA_Batterie_Professional_AGM_LA_105_AH-Standard-01.jpg","type":"image\/jpeg"}],"twitter_card":"summary_large_image","schema":{"@context":"https:\/\/schema.org","@graph":[{"@type":"WebPage","@id":"https:\/\/shop.bantam.ch\/fr\/produit\/batterie-professional-agm-la\/","url":"https:\/\/shop.bantam.ch\/fr\/produit\/batterie-professional-agm-la\/","name":"Batterie Professional AGM LA - Bantam Wankm\u00fcller SA","isPartOf":{"@id":"https:\/\/shop.bantam.ch\/fr\/#website"},"primaryImageOfPage":{"@id":"https:\/\/shop.bantam.ch\/fr\/produit\/batterie-professional-agm-la\/#primaryimage"},"image":{"@id":"https:\/\/shop.bantam.ch\/fr\/produit\/batterie-professional-agm-la\/#primaryimage"},"thumbnailUrl":"https:\/\/shop.bantam.ch\/wp-content\/uploads\/2023\/02\/9985917-VARTA_Batterie_Professional_AGM_LA_105_AH-Standard-01.jpg","datePublished":"2023-02-24T11:57:32+00:00","dateModified":"2026-04-19T19:31:45+00:00","breadcrumb":{"@id":"https:\/\/shop.bantam.ch\/fr\/produit\/batterie-professional-agm-la\/#breadcrumb"},"inLanguage":"fr-FR","potentialAction":[{"@type":"ReadAction","target":["https:\/\/shop.bantam.ch\/fr\/produit\/batterie-professional-agm-la\/"]}]},{"@type":"ImageObject","inLanguage":"fr-FR","@id":"https:\/\/shop.bantam.ch\/fr\/produit\/batterie-professional-agm-la\/#primaryimage","url":"https:\/\/shop.bantam.ch\/wp-content\/uploads\/2023\/02\/9985917-VARTA_Batterie_Professional_AGM_LA_105_AH-Standard-01.jpg","contentUrl":"https:\/\/shop.bantam.ch\/wp-content\/uploads\/2023\/02\/9985917-VARTA_Batterie_Professional_AGM_LA_105_AH-Standard-01.jpg","width":1000,"height":890},{"@type":"BreadcrumbList","@id":"https:\/\/shop.bantam.ch\/fr\/produit\/batterie-professional-agm-la\/#breadcrumb","itemListElement":[{"@type":"ListItem","position":1,"name":"Accueil","item":"https:\/\/shop.bantam.ch\/fr\/"},{"@type":"ListItem","position":2,"name":"Boutique","item":"https:\/\/shop.bantam.ch\/fr\/boutique\/"},{"@type":"ListItem","position":3,"name":"Batterie Professional AGM LA"}]},{"@type":"WebSite","@id":"https:\/\/shop.bantam.ch\/fr\/#website","url":"https:\/\/shop.bantam.ch\/fr\/","name":"Bantam Wankm\u00fcller SA","description":"","publisher":{"@id":"https:\/\/shop.bantam.ch\/fr\/#organization"},"inLanguage":"fr-FR"},{"@type":"Organization","@id":"https:\/\/shop.bantam.ch\/fr\/#organization","name":"Bantam Wankm\u00fcller SA","url":"https:\/\/shop.bantam.ch\/fr\/","logo":{"@type":"ImageObject","inLanguage":"fr-FR","@id":"https:\/\/shop.bantam.ch\/fr\/#\/schema\/logo\/image\/","url":"https:\/\/shop.bantam.ch\/wp-content\/uploads\/2022\/12\/bantam-logo.png","contentUrl":"https:\/\/shop.bantam.ch\/wp-content\/uploads\/2022\/12\/bantam-logo.png","width":320,"height":71,"caption":"Bantam Wankm\u00fcller SA"},"image":{"@id":"https:\/\/shop.bantam.ch\/fr\/#\/schema\/logo\/image\/"}}]}},"_links":{"self":[{"href":"https:\/\/shop.bantam.ch\/fr\/wp-json\/wp\/v2\/product\/56103","targetHints":{"allow":["GET"]}}],"collection":[{"href":"https:\/\/shop.bantam.ch\/fr\/wp-json\/wp\/v2\/product"}],"about":[{"href":"https:\/\/shop.bantam.ch\/fr\/wp-json\/wp\/v2\/types\/product"}],"wp:featuredmedia":[{"embeddable":true,"href":"https:\/\/shop.bantam.ch\/fr\/wp-json\/wp\/v2\/media\/56093"}],"wp:attachment":[{"href":"https:\/\/shop.bantam.ch\/fr\/wp-json\/wp\/v2\/media?parent=56103"}],"wp:term":[{"taxonomy":"product_featured_cat","embeddable":true,"href":"https:\/\/shop.bantam.ch\/fr\/wp-json\/wp\/v2\/product_featured_cat?post=56103"},{"taxonomy":"product_brand","embeddable":true,"href":"https:\/\/shop.bantam.ch\/fr\/wp-json\/wp\/v2\/product_brand?post=56103"},{"taxonomy":"product_cat","embeddable":true,"href":"https:\/\/shop.bantam.ch\/fr\/wp-json\/wp\/v2\/product_cat?post=56103"},{"taxonomy":"product_tag","embeddable":true,"href":"https:\/\/shop.bantam.ch\/fr\/wp-json\/wp\/v2\/product_tag?post=56103"}],"curies":[{"name":"wp","href":"https:\/\/api.w.org\/{rel}","templated":true}]}}