{"id":55073,"date":"2023-02-24T12:48:44","date_gmt":"2023-02-24T11:48:44","guid":{"rendered":"http:\/\/preprod-dev.sh1.hidora.com\/webshop\/produit\/cric-leveller-pour-roues-13-16-pouces\/"},"modified":"2026-04-18T21:02:19","modified_gmt":"2026-04-18T19:02:19","slug":"cric-leveller-pour-roues-13-16-pouces","status":"publish","type":"product","link":"https:\/\/shop.bantam.ch\/fr\/produit\/cric-leveller-pour-roues-13-16-pouces\/","title":{"rendered":"Cric Milenco Leveller aluminium Roues 13 \u00e0 16 pouces"},"content":{"rendered":"<p>La manipulation simple et rapide et le r\u00e9glage pr\u00e9cis et continu de la hauteur du v\u00e9hicule sont garantis gr\u00e2ce au cliquet fourni.<\/p>\n<p>Le Leveller se glisse facilement sous les roues. Le cliquet permet de soulever ou d\u2019abaisser rapidement et en toute simplicit\u00e9 le v\u00e9hicule qui reste ainsi en \u00e9quilibre de mani\u00e8re optimale. Pour roues de 13 \u00e0 16\u00a0pouces.<\/p>\n<p>Contenu de la livraison :<br \/>sac de transport et cliquet inclus<\/p>\n","protected":false},"excerpt":{"rendered":"<p>La manipulation simple et rapide et le r\u00e9glage pr\u00e9cis et continu de la hauteur du v\u00e9hicule sont garantis gr\u00e2ce au cliquet fourni. Le Leveller se glisse facilement sous les roues. Le cliquet permet de soulever ou d\u2019abaisser rapidement et en toute simplicit\u00e9 le v\u00e9hicule qui reste ainsi en \u00e9quilibre de mani\u00e8re optimale. Pour roues de [&hellip;]<\/p>\n","protected":false},"featured_media":55069,"template":"","meta":{"_acf_changed":false},"product_featured_cat":[],"product_brand":[3142],"product_cat":[5101],"product_tag":[],"class_list":{"0":"post-55073","1":"product","2":"type-product","3":"status-publish","4":"has-post-thumbnail","6":"product_brand-milenco","7":"product_cat-autres-accessoires-pour-roues-et-pneus","9":"first","10":"instock","11":"taxable","12":"shipping-taxable","13":"purchasable","14":"product-type-simple"},"acf":[],"yoast_head":"<!-- This site is optimized with the Yoast SEO plugin v27.4 - https:\/\/yoast.com\/product\/yoast-seo-wordpress\/ -->\n<title>Cric Milenco Leveller aluminium Roues 13 \u00e0 16 pouces - Bantam Wankm\u00fcller SA<\/title>\n<meta name=\"robots\" content=\"index, follow, max-snippet:-1, max-image-preview:large, max-video-preview:-1\" \/>\n<link rel=\"canonical\" href=\"https:\/\/shop.bantam.ch\/fr\/produit\/cric-leveller-pour-roues-13-16-pouces\/\" \/>\n<meta property=\"og:locale\" content=\"fr_FR\" \/>\n<meta property=\"og:type\" content=\"article\" \/>\n<meta property=\"og:title\" content=\"Cric Milenco Leveller aluminium Roues 13 \u00e0 16 pouces - Bantam Wankm\u00fcller SA\" \/>\n<meta property=\"og:description\" content=\"La manipulation simple et rapide et le r\u00e9glage pr\u00e9cis et continu de la hauteur du v\u00e9hicule sont garantis gr\u00e2ce au cliquet fourni. Le Leveller se glisse facilement sous les roues. Le cliquet permet de soulever ou d\u2019abaisser rapidement et en toute simplicit\u00e9 le v\u00e9hicule qui reste ainsi en \u00e9quilibre de mani\u00e8re optimale. Pour roues de [&hellip;]\" \/>\n<meta property=\"og:url\" content=\"https:\/\/shop.bantam.ch\/fr\/produit\/cric-leveller-pour-roues-13-16-pouces\/\" \/>\n<meta property=\"og:site_name\" content=\"Bantam Wankm\u00fcller SA\" \/>\n<meta property=\"article:modified_time\" content=\"2026-04-18T19:02:19+00:00\" \/>\n<meta property=\"og:image\" content=\"https:\/\/shop.bantam.ch\/wp-content\/uploads\/2023\/02\/9906840-Alu_Levellers_passend_fuer_Raeder_13_bis_16_-Standard-01-1.jpg\" \/>\n\t<meta property=\"og:image:width\" content=\"1000\" \/>\n\t<meta property=\"og:image:height\" content=\"677\" \/>\n\t<meta property=\"og:image:type\" content=\"image\/jpeg\" \/>\n<meta name=\"twitter:card\" content=\"summary_large_image\" \/>\n<script type=\"application\/ld+json\" class=\"yoast-schema-graph\">{\"@context\":\"https:\\\/\\\/schema.org\",\"@graph\":[{\"@type\":\"WebPage\",\"@id\":\"https:\\\/\\\/shop.bantam.ch\\\/fr\\\/produit\\\/cric-leveller-pour-roues-13-16-pouces\\\/\",\"url\":\"https:\\\/\\\/shop.bantam.ch\\\/fr\\\/produit\\\/cric-leveller-pour-roues-13-16-pouces\\\/\",\"name\":\"Cric Milenco Leveller aluminium Roues 13 \u00e0 16 pouces - Bantam Wankm\u00fcller SA\",\"isPartOf\":{\"@id\":\"https:\\\/\\\/shop.bantam.ch\\\/fr\\\/#website\"},\"primaryImageOfPage\":{\"@id\":\"https:\\\/\\\/shop.bantam.ch\\\/fr\\\/produit\\\/cric-leveller-pour-roues-13-16-pouces\\\/#primaryimage\"},\"image\":{\"@id\":\"https:\\\/\\\/shop.bantam.ch\\\/fr\\\/produit\\\/cric-leveller-pour-roues-13-16-pouces\\\/#primaryimage\"},\"thumbnailUrl\":\"https:\\\/\\\/shop.bantam.ch\\\/wp-content\\\/uploads\\\/2023\\\/02\\\/9906840-Alu_Levellers_passend_fuer_Raeder_13_bis_16_-Standard-01-1.jpg\",\"datePublished\":\"2023-02-24T11:48:44+00:00\",\"dateModified\":\"2026-04-18T19:02:19+00:00\",\"breadcrumb\":{\"@id\":\"https:\\\/\\\/shop.bantam.ch\\\/fr\\\/produit\\\/cric-leveller-pour-roues-13-16-pouces\\\/#breadcrumb\"},\"inLanguage\":\"fr-FR\",\"potentialAction\":[{\"@type\":\"ReadAction\",\"target\":[\"https:\\\/\\\/shop.bantam.ch\\\/fr\\\/produit\\\/cric-leveller-pour-roues-13-16-pouces\\\/\"]}]},{\"@type\":\"ImageObject\",\"inLanguage\":\"fr-FR\",\"@id\":\"https:\\\/\\\/shop.bantam.ch\\\/fr\\\/produit\\\/cric-leveller-pour-roues-13-16-pouces\\\/#primaryimage\",\"url\":\"https:\\\/\\\/shop.bantam.ch\\\/wp-content\\\/uploads\\\/2023\\\/02\\\/9906840-Alu_Levellers_passend_fuer_Raeder_13_bis_16_-Standard-01-1.jpg\",\"contentUrl\":\"https:\\\/\\\/shop.bantam.ch\\\/wp-content\\\/uploads\\\/2023\\\/02\\\/9906840-Alu_Levellers_passend_fuer_Raeder_13_bis_16_-Standard-01-1.jpg\",\"width\":1000,\"height\":677},{\"@type\":\"BreadcrumbList\",\"@id\":\"https:\\\/\\\/shop.bantam.ch\\\/fr\\\/produit\\\/cric-leveller-pour-roues-13-16-pouces\\\/#breadcrumb\",\"itemListElement\":[{\"@type\":\"ListItem\",\"position\":1,\"name\":\"Accueil\",\"item\":\"https:\\\/\\\/shop.bantam.ch\\\/fr\\\/\"},{\"@type\":\"ListItem\",\"position\":2,\"name\":\"Boutique\",\"item\":\"https:\\\/\\\/shop.bantam.ch\\\/fr\\\/boutique\\\/\"},{\"@type\":\"ListItem\",\"position\":3,\"name\":\"Cric Milenco Leveller aluminium Roues 13 \u00e0 16 pouces\"}]},{\"@type\":\"WebSite\",\"@id\":\"https:\\\/\\\/shop.bantam.ch\\\/fr\\\/#website\",\"url\":\"https:\\\/\\\/shop.bantam.ch\\\/fr\\\/\",\"name\":\"Bantam Wankm\u00fcller SA\",\"description\":\"\",\"publisher\":{\"@id\":\"https:\\\/\\\/shop.bantam.ch\\\/fr\\\/#organization\"},\"inLanguage\":\"fr-FR\"},{\"@type\":\"Organization\",\"@id\":\"https:\\\/\\\/shop.bantam.ch\\\/fr\\\/#organization\",\"name\":\"Bantam Wankm\u00fcller SA\",\"url\":\"https:\\\/\\\/shop.bantam.ch\\\/fr\\\/\",\"logo\":{\"@type\":\"ImageObject\",\"inLanguage\":\"fr-FR\",\"@id\":\"https:\\\/\\\/shop.bantam.ch\\\/fr\\\/#\\\/schema\\\/logo\\\/image\\\/\",\"url\":\"https:\\\/\\\/shop.bantam.ch\\\/wp-content\\\/uploads\\\/2022\\\/12\\\/bantam-logo.png\",\"contentUrl\":\"https:\\\/\\\/shop.bantam.ch\\\/wp-content\\\/uploads\\\/2022\\\/12\\\/bantam-logo.png\",\"width\":320,\"height\":71,\"caption\":\"Bantam Wankm\u00fcller SA\"},\"image\":{\"@id\":\"https:\\\/\\\/shop.bantam.ch\\\/fr\\\/#\\\/schema\\\/logo\\\/image\\\/\"}}]}<\/script>\n<!-- \/ Yoast SEO plugin. -->","yoast_head_json":{"title":"Cric Milenco Leveller aluminium Roues 13 \u00e0 16 pouces - Bantam Wankm\u00fcller SA","robots":{"index":"index","follow":"follow","max-snippet":"max-snippet:-1","max-image-preview":"max-image-preview:large","max-video-preview":"max-video-preview:-1"},"canonical":"https:\/\/shop.bantam.ch\/fr\/produit\/cric-leveller-pour-roues-13-16-pouces\/","og_locale":"fr_FR","og_type":"article","og_title":"Cric Milenco Leveller aluminium Roues 13 \u00e0 16 pouces - Bantam Wankm\u00fcller SA","og_description":"La manipulation simple et rapide et le r\u00e9glage pr\u00e9cis et continu de la hauteur du v\u00e9hicule sont garantis gr\u00e2ce au cliquet fourni. Le Leveller se glisse facilement sous les roues. Le cliquet permet de soulever ou d\u2019abaisser rapidement et en toute simplicit\u00e9 le v\u00e9hicule qui reste ainsi en \u00e9quilibre de mani\u00e8re optimale. Pour roues de [&hellip;]","og_url":"https:\/\/shop.bantam.ch\/fr\/produit\/cric-leveller-pour-roues-13-16-pouces\/","og_site_name":"Bantam Wankm\u00fcller SA","article_modified_time":"2026-04-18T19:02:19+00:00","og_image":[{"width":1000,"height":677,"url":"https:\/\/shop.bantam.ch\/wp-content\/uploads\/2023\/02\/9906840-Alu_Levellers_passend_fuer_Raeder_13_bis_16_-Standard-01-1.jpg","type":"image\/jpeg"}],"twitter_card":"summary_large_image","schema":{"@context":"https:\/\/schema.org","@graph":[{"@type":"WebPage","@id":"https:\/\/shop.bantam.ch\/fr\/produit\/cric-leveller-pour-roues-13-16-pouces\/","url":"https:\/\/shop.bantam.ch\/fr\/produit\/cric-leveller-pour-roues-13-16-pouces\/","name":"Cric Milenco Leveller aluminium Roues 13 \u00e0 16 pouces - Bantam Wankm\u00fcller SA","isPartOf":{"@id":"https:\/\/shop.bantam.ch\/fr\/#website"},"primaryImageOfPage":{"@id":"https:\/\/shop.bantam.ch\/fr\/produit\/cric-leveller-pour-roues-13-16-pouces\/#primaryimage"},"image":{"@id":"https:\/\/shop.bantam.ch\/fr\/produit\/cric-leveller-pour-roues-13-16-pouces\/#primaryimage"},"thumbnailUrl":"https:\/\/shop.bantam.ch\/wp-content\/uploads\/2023\/02\/9906840-Alu_Levellers_passend_fuer_Raeder_13_bis_16_-Standard-01-1.jpg","datePublished":"2023-02-24T11:48:44+00:00","dateModified":"2026-04-18T19:02:19+00:00","breadcrumb":{"@id":"https:\/\/shop.bantam.ch\/fr\/produit\/cric-leveller-pour-roues-13-16-pouces\/#breadcrumb"},"inLanguage":"fr-FR","potentialAction":[{"@type":"ReadAction","target":["https:\/\/shop.bantam.ch\/fr\/produit\/cric-leveller-pour-roues-13-16-pouces\/"]}]},{"@type":"ImageObject","inLanguage":"fr-FR","@id":"https:\/\/shop.bantam.ch\/fr\/produit\/cric-leveller-pour-roues-13-16-pouces\/#primaryimage","url":"https:\/\/shop.bantam.ch\/wp-content\/uploads\/2023\/02\/9906840-Alu_Levellers_passend_fuer_Raeder_13_bis_16_-Standard-01-1.jpg","contentUrl":"https:\/\/shop.bantam.ch\/wp-content\/uploads\/2023\/02\/9906840-Alu_Levellers_passend_fuer_Raeder_13_bis_16_-Standard-01-1.jpg","width":1000,"height":677},{"@type":"BreadcrumbList","@id":"https:\/\/shop.bantam.ch\/fr\/produit\/cric-leveller-pour-roues-13-16-pouces\/#breadcrumb","itemListElement":[{"@type":"ListItem","position":1,"name":"Accueil","item":"https:\/\/shop.bantam.ch\/fr\/"},{"@type":"ListItem","position":2,"name":"Boutique","item":"https:\/\/shop.bantam.ch\/fr\/boutique\/"},{"@type":"ListItem","position":3,"name":"Cric Milenco Leveller aluminium Roues 13 \u00e0 16 pouces"}]},{"@type":"WebSite","@id":"https:\/\/shop.bantam.ch\/fr\/#website","url":"https:\/\/shop.bantam.ch\/fr\/","name":"Bantam Wankm\u00fcller SA","description":"","publisher":{"@id":"https:\/\/shop.bantam.ch\/fr\/#organization"},"inLanguage":"fr-FR"},{"@type":"Organization","@id":"https:\/\/shop.bantam.ch\/fr\/#organization","name":"Bantam Wankm\u00fcller SA","url":"https:\/\/shop.bantam.ch\/fr\/","logo":{"@type":"ImageObject","inLanguage":"fr-FR","@id":"https:\/\/shop.bantam.ch\/fr\/#\/schema\/logo\/image\/","url":"https:\/\/shop.bantam.ch\/wp-content\/uploads\/2022\/12\/bantam-logo.png","contentUrl":"https:\/\/shop.bantam.ch\/wp-content\/uploads\/2022\/12\/bantam-logo.png","width":320,"height":71,"caption":"Bantam Wankm\u00fcller SA"},"image":{"@id":"https:\/\/shop.bantam.ch\/fr\/#\/schema\/logo\/image\/"}}]}},"_links":{"self":[{"href":"https:\/\/shop.bantam.ch\/fr\/wp-json\/wp\/v2\/product\/55073","targetHints":{"allow":["GET"]}}],"collection":[{"href":"https:\/\/shop.bantam.ch\/fr\/wp-json\/wp\/v2\/product"}],"about":[{"href":"https:\/\/shop.bantam.ch\/fr\/wp-json\/wp\/v2\/types\/product"}],"wp:featuredmedia":[{"embeddable":true,"href":"https:\/\/shop.bantam.ch\/fr\/wp-json\/wp\/v2\/media\/55069"}],"wp:attachment":[{"href":"https:\/\/shop.bantam.ch\/fr\/wp-json\/wp\/v2\/media?parent=55073"}],"wp:term":[{"taxonomy":"product_featured_cat","embeddable":true,"href":"https:\/\/shop.bantam.ch\/fr\/wp-json\/wp\/v2\/product_featured_cat?post=55073"},{"taxonomy":"product_brand","embeddable":true,"href":"https:\/\/shop.bantam.ch\/fr\/wp-json\/wp\/v2\/product_brand?post=55073"},{"taxonomy":"product_cat","embeddable":true,"href":"https:\/\/shop.bantam.ch\/fr\/wp-json\/wp\/v2\/product_cat?post=55073"},{"taxonomy":"product_tag","embeddable":true,"href":"https:\/\/shop.bantam.ch\/fr\/wp-json\/wp\/v2\/product_tag?post=55073"}],"curies":[{"name":"wp","href":"https:\/\/api.w.org\/{rel}","templated":true}]}}